{"id":38470,"date":"2021-08-19T17:02:33","date_gmt":"2021-08-19T17:02:33","guid":{"rendered":"https:\/\/www.sisinternational.com\/?page_id=38470"},"modified":"2025-09-15T01:36:57","modified_gmt":"2025-09-15T05:36:57","slug":"%e5%b7%b4%e6%8b%89%e5%9c%ad%e5%b8%82%e5%a0%b4%e7%a0%94%e7%a9%b6","status":"publish","type":"page","link":"https:\/\/www.sisinternational.com\/zh_hk\/%e8%a6%86%e8%93%8b%e7%af%84%e5%9c%8d\/latin-america\/%e6%8b%89%e4%b8%81%e7%be%8e%e6%b4%b2%e5%b8%82%e5%a0%b4%e7%a0%94%e7%a9%b6\/%e5%b7%b4%e6%8b%89%e5%9c%ad%e5%b8%82%e5%a0%b4%e7%a0%94%e7%a9%b6\/","title":{"rendered":"\u5df4\u62c9\u572d\u5e02\u5834\u7814\u7a76"},"content":{"rendered":"<h1 class=\"wp-block-heading\">\u5df4\u62c9\u572d\u5e02\u5834\u7814\u7a76<\/h1>\n\n\n\n<figure class=\"gb-block-image gb-block-image-7902f428\"><img loading=\"lazy\" decoding=\"async\" width=\"1456\" height=\"816\" class=\"gb-image gb-image-7902f428\" src=\"https:\/\/www.sisinternational.com\/wp-content\/uploads\/2025\/09\/Paraguay-3.jpg\" alt=\"SIS \u570b\u969b\u5e02\u5834\u7814\u7a76\u8207\u7b56\u7565\" title=\"Paraguay (3)\" srcset=\"https:\/\/www.sisinternational.com\/wp-content\/uploads\/2025\/09\/Paraguay-3.jpg 1456w, https:\/\/www.sisinternational.com\/wp-content\/uploads\/2025\/09\/Paraguay-3-300x168.jpg 300w, https:\/\/www.sisinternational.com\/wp-content\/uploads\/2025\/09\/Paraguay-3-1024x574.jpg 1024w, https:\/\/www.sisinternational.com\/wp-content\/uploads\/2025\/09\/Paraguay-3-768x430.jpg 768w, https:\/\/www.sisinternational.com\/wp-content\/uploads\/2025\/09\/Paraguay-3-18x10.jpg 18w\" sizes=\"auto, (max-width: 1456px) 100vw, 1456px\"><\/figure>\n\n\n\n<p><\/p>\n\n\n\n<h2 class=\"wp-block-heading\">\u91cd\u9ede\u7522\u696d<\/h2>\n\n\n\n<p>\u8fb2\u696d\u662f\u5df4\u62c9\u572d\u7684\u95dc\u9375\u3002\u8a72\u90e8\u9580\u4f54\u8a72\u570b\u570b\u5167\u751f\u7522\u7e3d\u503c\u7684\u4e94\u5206\u4e4b\u4e00\uff0c\u50f1\u7528\u4e86\u8fd1\u4e00\u534a\u7684\u52de\u52d5\u529b\u3002\u8a72\u570b\u7a2e\u690d\u7684\u4e3b\u8981\u8fb2\u4f5c\u7269\u662f\u5c0f\u9ea5\u3001\u7389\u7c73\u548c\u6728\u85af\u3002\u5b83\u9084\u751f\u7522\u5496\u5561\u3001\u67d1\u6a58\u985e\u6c34\u679c\u3001\u82b1\u751f\u3001\u5927\u7c73\u3001\u7518\u8517\u3001\u9ad8\u7cb1\u3001\u8c46\u985e\u3001\u7d05\u85af\u548c\u4e73\u88fd\u54c1\u3002\u725b\u8089\u662f\u53e6\u4e00\u500b\u4e3b\u8981\u51fa\u53e3\u7522\u54c1\uff0c\u6728\u6750\u4e5f\u662f\u3002\u5df4\u62c9\u572d\u5927\u898f\u6a21\u52a0\u5de5\u6728\u6750\u548c\u71c3\u6599\u6728\u6750\u3002<\/p>\n\n\n\n<h2 class=\"wp-block-heading\">\u793e\u7fa4<\/h2>\n\n\n\n<p>Asunci\u00f3n is the capital and also the largest city in Paraguay. In addition, it has the largest population. Asunci\u00f3n is also home to many famous buildings. For example, one can find the National Pantheon of Heroes and the Hotel Guaran\u00ed here. The cathedral and the Presidential Palace are also in La Asunci\u00f3n. All four of these buildings date back to the 19th century. Asunci\u00f3n also has its own airport.<\/p>\n\n\n\n<h2 class=\"wp-block-heading\">\u8da8\u52e2<\/h2>\n\n\n\n<p>\u7531\u65bc\u5176\u7a69\u5065\u7684\u91d1\u878d\u9ad4\u7cfb\uff0c\u5df4\u62c9\u572d\u5728\u904e\u53bb\u5e7e\u5e74\u4e2d\u53d6\u5f97\u4e86\u9577\u8db3\u7684\u6210\u9577\u3002\u6210\u9577\u7684\u53e6\u4e00\u500b\u9a45\u52d5\u529b\u662f\u6e1b\u8ca7\u548c\u5176\u4ed6\u653f\u7b56\u3002\u9019\u4e9b\u653f\u7b56\u70ba\u793e\u6703\u6539\u9769\u92ea\u5e73\u4e86\u9053\u8def\u3002\u5df4\u62c9\u572d\u6b63\u8655\u65bc\u4e0a\u5347\u8da8\u52e2\u4e4b\u969b\uff0c\u65b0\u51a0\u80ba\u708e (COVID-19) \u5927\u6d41\u884c\u8972\u64ca\u4e86\u8a72\u570b\u3002 2019\u5e74\u505c\u6eef\u5f8c\uff0c\u6210\u9577\u5373\u5c07\u8d77\u98db\u3002<\/p>\n\n\n\n<p>\u5df4\u62c9\u572d\u653f\u5e9c\u5ba3\u5e03\u4e86\u4e00\u9805\u5927\u81bd\u7684\u5fa9\u7526\u8a08\u756b\u3002\u8a72\u8a08\u5283\u5c0b\u6c42\u516c\u5171\u6295\u8cc7\u3002\u5b83\u9084\u5c07\u70ba\u5c0f\u578b\u548c\u975e\u6b63\u898f\u4f01\u696d\u5c0b\u6c42\u8cb8\u6b3e\u64d4\u4fdd\u3002\u5411\u8ca7\u56f0\u5bb6\u5ead\u63d0\u4f9b\u793e\u6703\u8f49\u79fb\u662f\u8a72\u8a08\u5283\u7684\u53e6\u4e00\u500b\u65b9\u9762\u3002\u5b83\u9084\u5efa\u8b70\u5c0d\u8ca1\u653f\u6cd5\u9032\u884c\u5be9\u67e5\u3002\u8a72\u8a08\u5283\u5c07\u843d\u5be6\u516c\u52d9\u54e1\u5236\u5ea6\u548c\u570b\u5bb6\u6539\u9769\u3002\u5b83\u9084\u5c07\u5c0b\u6c42\u958b\u767c\u66f4\u597d\u7684\u516c\u5171\u63a1\u8cfc\u7cfb\u7d71\u3002 COVID-19 \u5371\u6a5f\u53ef\u80fd\u662f\u4e00\u6bb5\u6df1\u523b\u6539\u9769\u6642\u671f\u7684\u958b\u59cb\uff0c\u9019\u5c07\u4f7f\u5df4\u62c9\u572d\u8d70\u4e0a\u5149\u660e\u7684\u672a\u4f86\u4e4b\u8def\u3002<\/p>\n\n\n\n<h2 class=\"wp-block-heading\">\u5e02\u5834\u512a\u52e2\u8207\u512a\u52e2<\/h2>\n\n\n\n<p>\u5df4\u62c9\u572d\u4f9d\u8cf4\u8fb2\u696d\u3002\u7531\u65bc\u5927\u8c46\u548c\u725b\u8089\u51fa\u53e3\u589e\u52a0\uff0c\u8a72\u5dde\u8a72\u884c\u696d\u51fa\u73fe\u6210\u9577\u3002<\/p>\n\n\n\n<p>\u5df4\u62c9\u572d\u9084\u64c1\u6709\u7d04 17,705 \u516c\u9803\u7684\u6709\u6a5f\u571f\u5730\uff0c\u5176\u4e2d\u6709\u6578\u5343\u500b\u6709\u6a5f\u8fb2\u5834\u6b63\u5728\u904b\u4f5c\u3002<\/p>\n\n\n\n<p>\u5df4\u62c9\u572d\u7684\u4e3b\u8981\u8cbf\u6613\u5925\u4f34\u662f\u5df4\u897f\u3001\u963f\u6839\u5ef7\u3001\u667a\u5229\u3001\u4fc4\u7f85\u65af\u806f\u90a6\u548c\u571f\u8033\u5176\u3002<\/p>\n\n\n\n<h2 class=\"wp-block-heading\">\u6d88\u8cbb\u8005\u57fa\u790e<\/h2>\n\n\n\n<p>Paraguay is one of the poorest countries because of the unequal division of income. Much of the state lives in poverty. People cannot buy certain goods and <a href=\"https:\/\/www.sisinternational.com\/zh_hk\/%e8%a7%a3%e6%b1%ba%e6%96%b9%e6%a1%88\/%e7%84%a6%e9%bb%9e%e5%b0%8f%e7%b5%84\/professional-focus-group-services\/\" title=\"Professional Focus Group Services\"  data-wpil-monitor-id=\"7677\">services since their main focus<\/a> is basic needs for their families.<\/p>\n\n\n\n<h2 class=\"wp-block-heading\">\u5728\u5e02\u5834\u4e0a\u767c\u5c55\u696d\u52d9\u7684\u539f\u56e0<\/h2>\n\n\n\n<p>Although Paraguay is poor, it is now in a state of healing. There are reasons why one should consider starting and <a href=\"https:\/\/www.sisinternational.com\/zh_hk\/%e5%87%ba%e7%89%88%e5%93%81\/japans-mid-market-exporting\/\" title=\"\u5728\u65e5\u672c\u767c\u5c55\u60a8\u7684\u696d\u52d9\"  data-wpil-monitor-id=\"7673\">growing their business<\/a>.<\/p>\n\n\n\n<p>In Paraguay, there are green <a href=\"https:\/\/www.sisinternational.com\/zh_hk\/%e5%b0%88%e6%a5%ad%e7%9f%a5%e8%ad%98\/%e7%94%a2%e6%a5%ad\/energy-power-strategy-consulting-market-research\/\" title=\"\u80fd\u6e90\u8207\u96fb\u529b\u7b56\u7565\u8aee\u8a62\u5e02\u5834\u7814\u7a76\"  data-wpil-monitor-id=\"7681\">\u6d3b\u529b<\/a> benefits because the country receives all its power from Itaipu Dam. For this reason, Paraguay has an adequate power supply, and it can even export. Furthermore, companies have an edge when starting up. Power is cheap and safe, and green <a href=\"https:\/\/www.sisinternational.com\/zh_hk\/%e5%b0%88%e6%a5%ad%e7%9f%a5%e8%ad%98\/%e7%b6%93%e9%a9%97%e5%b1%a5%e6%ad%b7\/%e5%8c%96%e5%ad%b8%e5%92%8c%e8%83%bd%e6%ba%90%e7%94%a2%e6%a5%ad%e7%b6%93%e9%a9%97%e5%b1%a5%e6%ad%b7\/\" title=\"\u5316\u5b78\u548c\u80fd\u6e90\u5e02\u5834\u7814\u7a76\u516c\u53f8\"  data-wpil-monitor-id=\"7675\">energy reduces the carbon footprint of companies<\/a>. It also fulfills their social duty. Also, starting a business in this country is very easy. Paraguay supports investment by foreign investors and business persons.<\/p>\n\n\n\n<h2 class=\"wp-block-heading\">\u95dc\u65bc\u5df4\u62c9\u572d\u7684\u5e02\u5834\u7814\u7a76<\/h2>\n\n\n\n<p>Are you having thoughts about starting your business in Paraguay? We offer Quantitative, Qualitative, and <a href=\"https:\/\/www.sisinternational.com\/zh_hk\/%e8%a7%a3%e6%b1%ba%e6%96%b9%e6%a1%88\/%e6%97%85%e9%81%8a-%e6%97%85%e9%81%8a%e6%8e%a5%e5%be%85-%e8%ab%ae%e8%a9%a2\/%e9%a3%af%e5%ba%97%e7%ae%a1%e7%90%86%e5%85%ac%e5%8f%b8%e5%b8%82%e5%a0%b4%e7%a0%94%e7%a9%b6%e7%ad%96%e7%95%a5%e8%ab%ae%e8%a9%a2\/\" title=\"\u98ef\u5e97\u7ba1\u7406\u516c\u53f8\u5e02\u5834\u7814\u7a76\u8207\u7b56\u7565\u8aee\u8a62\"  data-wpil-monitor-id=\"7672\">Strategy Research for startups and other companies<\/a>. Our methods include Interviews, Surveys, and Focus Groups. Contact us now to see how we can help you <a href=\"https:\/\/www.sisinternational.com\/zh_hk\/setting-up-a-business-in-turkey\/\" title=\"\u5728\u571f\u8033\u5176\u958b\u5c55\u696d\u52d9\"  data-wpil-monitor-id=\"7679\">set up your business<\/a> in Paraguay.<\/p>\n\n\n\n<h2 class=\"wp-block-heading\">&nbsp;<\/h2>","protected":false},"excerpt":{"rendered":"<p>\u4e86\u89e3\u5982\u4f55\u900f\u904e\u5df4\u62c9\u572d\u7684\u5e02\u5834\u7814\u7a76\u4f86\u767c\u5c55\u60a8\u7684\u7d44\u7e54\u3002<\/p>","protected":false},"author":1,"featured_media":66335,"parent":14351,"menu_order":14,"comment_status":"closed","ping_status":"closed","template":"","meta":{"footnotes":""},"class_list":["post-38470","page","type-page","status-publish","has-post-thumbnail"],"_links":{"self":[{"href":"https:\/\/www.sisinternational.com\/zh_hk\/wp-json\/wp\/v2\/pages\/38470","targetHints":{"allow":["GET"]}}],"collection":[{"href":"https:\/\/www.sisinternational.com\/zh_hk\/wp-json\/wp\/v2\/pages"}],"about":[{"href":"https:\/\/www.sisinternational.com\/zh_hk\/wp-json\/wp\/v2\/types\/page"}],"author":[{"embeddable":true,"href":"https:\/\/www.sisinternational.com\/zh_hk\/wp-json\/wp\/v2\/users\/1"}],"replies":[{"embeddable":true,"href":"https:\/\/www.sisinternational.com\/zh_hk\/wp-json\/wp\/v2\/comments?post=38470"}],"version-history":[{"count":4,"href":"https:\/\/www.sisinternational.com\/zh_hk\/wp-json\/wp\/v2\/pages\/38470\/revisions"}],"predecessor-version":[{"id":81295,"href":"https:\/\/www.sisinternational.com\/zh_hk\/wp-json\/wp\/v2\/pages\/38470\/revisions\/81295"}],"up":[{"embeddable":true,"href":"https:\/\/www.sisinternational.com\/zh_hk\/wp-json\/wp\/v2\/pages\/14351"}],"wp:featuredmedia":[{"embeddable":true,"href":"https:\/\/www.sisinternational.com\/zh_hk\/wp-json\/wp\/v2\/media\/66335"}],"wp:attachment":[{"href":"https:\/\/www.sisinternational.com\/zh_hk\/wp-json\/wp\/v2\/media?parent=38470"}],"curies":[{"name":"wp","href":"https:\/\/api.w.org\/{rel}","templated":true}]}}