{"id":37590,"date":"2021-05-08T20:51:28","date_gmt":"2021-05-08T20:51:28","guid":{"rendered":"https:\/\/www.sisinternational.com\/?page_id=37590"},"modified":"2025-09-14T00:55:55","modified_gmt":"2025-09-14T04:55:55","slug":"%e8%b2%9d%e5%8d%97%e7%9a%84%e5%b8%82%e5%a0%b4%e8%aa%bf%e6%9f%a5","status":"publish","type":"page","link":"https:\/\/www.sisinternational.com\/zh_hk\/%e8%a6%86%e8%93%8b%e7%af%84%e5%9c%8d\/%e9%9d%9e%e6%b4%b2%e5%b8%82%e5%a0%b4%e7%a0%94%e7%a9%b6\/%e8%b2%9d%e5%8d%97%e7%9a%84%e5%b8%82%e5%a0%b4%e8%aa%bf%e6%9f%a5\/","title":{"rendered":"\u8c9d\u5357\u5e02\u5834\u7814\u7a76"},"content":{"rendered":"<h1 class=\"wp-block-heading p1\"><span class=\"s1\">\u8c9d\u5357\u5e02\u5834\u7814\u7a76<\/span><\/h1>\n\n\n\n<figure class=\"gb-block-image gb-block-image-3b7abe27\"><img loading=\"lazy\" decoding=\"async\" width=\"1456\" height=\"816\" class=\"gb-image gb-image-3b7abe27\" src=\"https:\/\/www.sisinternational.com\/wp-content\/uploads\/2025\/08\/Benin-1.jpg\" alt=\"SIS \u570b\u969b\u5e02\u5834\u7814\u7a76\u8207\u7b56\u7565\" title=\"Benin (1)\" srcset=\"https:\/\/www.sisinternational.com\/wp-content\/uploads\/2025\/08\/Benin-1.jpg 1456w, https:\/\/www.sisinternational.com\/wp-content\/uploads\/2025\/08\/Benin-1-300x168.jpg 300w, https:\/\/www.sisinternational.com\/wp-content\/uploads\/2025\/08\/Benin-1-1024x574.jpg 1024w, https:\/\/www.sisinternational.com\/wp-content\/uploads\/2025\/08\/Benin-1-768x430.jpg 768w, https:\/\/www.sisinternational.com\/wp-content\/uploads\/2025\/08\/Benin-1-18x10.jpg 18w\" sizes=\"auto, (max-width: 1456px) 100vw, 1456px\"><\/figure>\n\n\n\n<p><\/p>\n\n\n\n<h2 class=\"wp-block-heading p1\">\u8c9d\u5357\u662f\u4f4d\u65bc\u897f\u975e\u7684\u4e00\u500b\u5c0f\u5171\u548c\u570b\u3002<\/h2>\n\n\n\n<p class=\"p1\">\u5b83\u7684\u5927\u9678\u8fd1\u9130\u662f\u591a\u54e5\u3001\u5948\u53ca\u5229\u4e9e\u3001\u5e03\u5409\u7d0d\u6cd5\u7d22\u548c\u5c3c\u65e5\u3002\u8a72\u570b\u7684\u5b98\u65b9\u8a9e\u8a00\u662f\u6cd5\u8a9e\uff0c\u4f46\u5171\u6709\u7d0438\u7a2e\u6c11\u65cf\u8a9e\u8a00\u3002\u5176\u4e2d\u5305\u62ec\u82f1\u8a9e\u3001\u963f\u62c9\u4f2f\u8a9e\u548c\u7d04\u9b6f\u5df4\u8a9e\u7b49\u6d41\u884c\u8a9e\u8a00\u3002<\/p>\n\n\n\n<h2 class=\"wp-block-heading p3\">\u91cd\u9ede\u7522\u696d<\/h2>\n\n\n\n<p class=\"p1\">\u8c9d\u5357\u7684\u652f\u67f1\u7522\u696d\u662f\u8fb2\u696d\u3002\u8c9d\u5357\u4eba\u5f9e\u4e8b\u81ea\u7d66\u8fb2\u696d\u3002\u8fb2\u6c11\u9996\u5148\u6eff\u8db3\u5bb6\u5ead\u548c\u7576\u5730\u7684\u9700\u6c42\u3002\u7136\u5f8c\u4ed6\u5011\u70ba\u5340\u57df\u6216\u570b\u969b\u5e02\u5834\u63d0\u4f9b\u7522\u54c1\u3002\u9019\u4e9b\u8fb2\u6c11\u7a2e\u690d\u7d93\u6fdf\u4f5c\u7269\u4e26\u7a2e\u690d\u6c34\u679c\u548c\u5805\u679c\u3002\u4ed6\u5011\u51fa\u53e3\u76ae\u68c9\u548c\u68c9\u7c7d\u3002\u5176\u4ed6\u51fa\u53e3\u7522\u54c1\u5305\u62ec\u8170\u679c\u3001\u4e73\u6728\u679c\u6cb9\u3001\u98df\u7528\u6cb9\u548c\u6728\u6750\u3002<\/p>\n\n\n\n<h2 class=\"wp-block-heading p1\">\u793e\u7fa4<\/h2>\n\n\n\n<p class=\"p2\">\u6ce2\u591a\u8afe\u4f0f\uff0c\u4e5f\u7a31\u70ba Hogbonu \u6216 \u00c0j\u00e1sh\u00e9 Il\u00e9\uff0c\u662f\u8c9d\u5357\u7684\u9996\u90fd\u3002\u6ce2\u591a\u8afe\u4f0f\u53ef\u4ee5\u544a\u8a34\u6211\u5011\u5f88\u591a\u95dc\u65bc\u8c9d\u5357\u7684\u6587\u5316\u548c\u6b77\u53f2\u3002\u5728\u6ce2\u591a\u8afe\u4f0f\uff0c\u60a8\u6703\u767c\u73fe\u6c11\u65cf\u8a8c\u535a\u7269\u9928\uff0c\u88e1\u9762\u85cf\u6709\u4ee4\u4eba\u5370\u8c61\u6df1\u523b\u7684\u7d04\u9b6f\u5df4\u9762\u5177\u7cbe\u9078\u3002\u535a\u7269\u9928\u9084\u85cf\u6709\u8a31\u591a\u6587\u7269\u3002<\/p>\n\n\n\n<p class=\"p2\">\u8a17\u6cd5\u570b\u738b\u5bae\u6bbf\u63cf\u7e6a\u4e86\u975e\u6d32\u7687\u5ba4\u7684\u751f\u6d3b\u65b9\u5f0f\u3002\u5728\u8b93\u2027\u5df4\u7d04\u723e\u82b1\u5712 (Jardin Place Jean Bayol)\uff0c\u60a8\u6703\u767c\u73fe\u6ce2\u591a\u8afe\u4f0f\u7b2c\u4e00\u4f4d\u570b\u738b\u7684\u96d5\u50cf\u3002\u9054\u5e2d\u723e\u74e6\u535a\u7269\u9928\u548c\u4f0a\u585e\u5df4\u8036\u57fa\u91d1\u6703\u5c55\u793a\u4e86\u8c9d\u5357\u7684\u6b77\u53f2\u3002\u5b83\u4e5f\u5c55\u793a\u4e86\u8a72\u570b\u7684\u672c\u571f\u5b97\u6559\u2014\u2014\u5deb\u6bd2\u6559\u3002<\/p>\n\n\n\n<p class=\"p2\">\u79d1\u6258\u52aa\u662f\u8c9d\u5357\u6700\u5927\u7684\u57ce\u5e02\u3002\u5b83\u4e0d\u662f\u9996\u90fd\u3002\u7136\u800c\uff0c\u60a8\u6703\u5728\u79d1\u6258\u52aa\u627e\u5230\u653f\u5e9c\u6240\u5728\u5730\u3002\u4e00\u4e9b\u653f\u5e9c\u5efa\u7bc9\u548c\u670d\u52d9\u4e5f\u662f\u5982\u6b64\u3002\u8a31\u591a\u4eba\u8a8d\u70ba\u9019\u5ea7\u57ce\u5e02\u662f\u8c9d\u5357\u7684\u300c\u7d93\u6fdf\u9996\u90fd\u300d\u3002<\/p>\n\n\n\n<h2 class=\"wp-block-heading p1\">\u8da8\u52e2<\/h2>\n\n\n\n<p class=\"p2\">\u85dd\u8853\u5728\u8c9d\u5357\u6587\u5316\u4e2d\u767c\u63ee\u8457\u81f3\u95dc\u91cd\u8981\u7684\u4f5c\u7528\u3002\u5728\u4efb\u4f55\u6751\u838a\uff0c\u60a8\u90fd\u6703\u767c\u73fe\u96d5\u5851\u3001\u9676\u5668\u3001\u6728\u96d5\u3001\u9762\u5177\u548c\u639b\u6bef\u3002\u8c9d\u5357\u4eba\u6c11\u900f\u904e\u85dd\u8853\u4fdd\u5b58\u4ed6\u5011\u7684\u524d\u6b96\u6c11\u6587\u5316\u3002\u9019\u4e5f\u662f\u4ed6\u5011\u878d\u5165\u6cd5\u570b\u6587\u5316\u7684\u65b9\u5f0f\u3002<\/p>\n\n\n\n<h2 class=\"wp-block-heading p1\">\u5e02\u5834\u6a5f\u6703<\/h2>\n\n\n\n<p class=\"p2\">The Autonomous Port of Cotonou is the greatest strength of Benin&#8217;s Economy. It facilitates trade with Europe and the American continent and provides a gateway to Asia and other <a href=\"https:\/\/www.sisinternational.com\/zh_hk\/%e8%a6%86%e8%93%8b%e7%af%84%e5%9c%8d\/%e9%9d%9e%e6%b4%b2%e5%b8%82%e5%a0%b4%e7%a0%94%e7%a9%b6\/%e6%91%a9%e6%b4%9b%e5%93%a5-%e5%8c%97%e9%9d%9e-%e5%b8%82%e5%a0%b4%e7%a0%94%e7%a9%b6\/\" title=\"\u897f\u5317\u975e\u5927\u9678\u6469\u6d1b\u54e5\u5e02\u5834\u7814\u7a76\"  data-wpil-monitor-id=\"7707\">African<\/a> countries. This port is the fourth most important on the entire continent of Africa. It facilitates about 90% of Benin&#8217;s international trade.<\/p>\n\n\n\n<h2 class=\"wp-block-heading p1\">\u6d88\u8cbb\u8005\u57fa\u790e<\/h2>\n\n\n\n<p class=\"p2\">The people of Benin buy most of their meat and perishable items from <a href=\"https:\/\/www.sisinternational.com\/zh_hk\/%e5%b0%88%e6%a5%ad%e7%9f%a5%e8%ad%98\/%e7%94%a2%e6%a5%ad\/%e4%b8%ad%e5%b0%8f%e4%bc%81%e6%a5%ad%e5%b8%82%e5%a0%b4%e7%a0%94%e7%a9%b6\/\" title=\"\u4e2d\u5c0f\u4f01\u696d\u5e02\u5834\u7814\u7a76\"  data-wpil-monitor-id=\"7705\">small wet markets<\/a>, which you will find in many of the villages. The shops and big markets or dry <a href=\"https:\/\/www.sisinternational.com\/zh_hk\/%e5%87%ba%e7%89%88%e5%93%81\/buyer-behavior-after-coronavirus-new-consumer\/\" title=\"\u51a0\u72c0\u75c5\u6bd2\u5f8c\u7684\u8cb7\u5bb6\u884c\u70ba \u2013 \u6d88\u8cbb\u8005\u5e02\u5834\u7814\u7a76\"  data-wpil-monitor-id=\"7699\">markets provide consumers<\/a> with nonperishable items. Benin imports most of these nonperishable items. Because Benin is dependent on subsistence farming, these small <a href=\"https:\/\/www.sisinternational.com\/zh_hk\/%e5%b0%88%e6%a5%ad%e7%9f%a5%e8%ad%98\/%e7%94%a2%e6%a5%ad\/airline-food-in-flight-catering-market-research\/\" title=\"\u822a\u7a7a\u98df\u54c1\u548c\u6a5f\u4e0a\u9910\u98f2\u5e02\u5834\u7814\u7a76\"  data-wpil-monitor-id=\"7701\">markets are enough to cater<\/a> to the needs of the people.<\/p>\n\n\n\n<h2 class=\"wp-block-heading p1\">\u5728\u8c9d\u5357\u767c\u5c55\u696d\u52d9\u7684\u7406\u7531<\/h2>\n\n\n\n<p class=\"p2\">\u8c9d\u5357\u662f\u4e00\u500b\u65b0\u570b\u5bb6\uff0c\u4e8b\u5be6\u4e0a\uff0c\u4e5f\u662f\u4e16\u754c\u821e\u53f0\u4e0a\u6700\u8fd1\u51fa\u73fe\u7684\u570b\u5bb6\u4e4b\u4e00\u3002 1960 \u5e74\u5f9e\u6cd5\u570b\u7372\u5f97\u7368\u7acb\u3002\u5b83\u7684\u7d93\u6fdf\u4e5f\u662f\u5982\u6b64\u3002<\/p>\n\n\n\n<p class=\"p2\">\u8c9d\u5357\u9084\u6709\u5f88\u5927\u7684\u767c\u5c55\u7a7a\u9593\u3002\u60a8\u53ef\u4ee5\u70ba\u8c9d\u5357\u4eba\u6c11\u63d0\u4f9b\u8a31\u591a\u5546\u54c1\u548c\u670d\u52d9\u3002\u60a8\u5c07\u7372\u5f97\u696d\u52d9\uff0c\u7279\u5225\u662f\u5982\u679c\u60a8\u662f\u8a72\u670d\u52d9\u6216\u5546\u54c1\u7684\u552f\u4e00\u63d0\u4f9b\u8005\u3002\u5373\u4f7f\u96a8\u8457\u570b\u5bb6\u7684\u767c\u5c55\uff0c\u60a8\u4e5f\u5df2\u7d93\u5efa\u7acb\u4e86\u5fe0\u5be6\u7684\u5ba2\u6236\u7fa4\uff0c\u6210\u70ba\u540c\u985e\u4f01\u696d\u4e2d\u6700\u65e9\u7684\u4f01\u696d\u4e4b\u4e00\u3002\u65e9\u8d77\u7684\u9ce5\u5152\u5c07\u4f7f\u60a8\u7684\u4f01\u696d\u9577\u4e45\u767c\u5c55\u3002\u96a8\u8457\u8c9d\u5357\u7d93\u6fdf\u548c\u4eba\u53e3\u7684\u6210\u9577\uff0c\u60a8\u7684\u696d\u52d9\u5c07\u6703\u84ec\u52c3\u767c\u5c55\u3002<\/p>\n\n\n\n<h2 class=\"wp-block-heading\">\u95dc\u65bc\u8c9d\u5357\u7684\u5e02\u5834\u7814\u7a76<\/h2>\n\n\n\n<p>If you&#8217;re a business owner or executive interested in doing business in Benin, we\u2019ve got you. We organize <a href=\"https:\/\/www.sisinternational.com\/zh_hk\/%e8%a7%a3%e6%b1%ba%e6%96%b9%e6%a1%88\/focus-group-market-research\/\" title=\"\u7126\u9ede\u5c0f\u7d44\u5e02\u5834\u7814\u7a76\"  data-wpil-monitor-id=\"7694\">Focus Groups in the different African markets<\/a>. We can also undertake Quantitative, Qualitative, and <a href=\"https:\/\/www.sisinternational.com\/zh_hk\/%e8%a7%a3%e6%b1%ba%e6%96%b9%e6%a1%88\/%e6%97%85%e9%81%8a-%e6%97%85%e9%81%8a%e6%8e%a5%e5%be%85-%e8%ab%ae%e8%a9%a2\/%e9%a3%af%e5%ba%97%e7%ae%a1%e7%90%86%e5%85%ac%e5%8f%b8%e5%b8%82%e5%a0%b4%e7%a0%94%e7%a9%b6%e7%ad%96%e7%95%a5%e8%ab%ae%e8%a9%a2\/\" title=\"\u98ef\u5e97\u7ba1\u7406\u516c\u53f8\u5e02\u5834\u7814\u7a76\u8207\u7b56\u7565\u8aee\u8a62\"  data-wpil-monitor-id=\"7697\">Strategy Research for your company<\/a>. This information is pertinent for goal-making. It&#8217;s the first step to the <a href=\"https:\/\/www.sisinternational.com\/zh_hk\/predictive-analytics\/\" title=\"Predictive Analytics: Your Crystal Ball for Business Success\"  data-wpil-monitor-id=\"7703\">success of your business<\/a> in Benin. We dig through survey findings, articles, statistics, and more, then we compile essential information for you and your business. We hope this article gives you the answers you&#8217;re looking for in your investment in Benin.<\/p>\n\n\n\n<p><\/p>","protected":false},"excerpt":{"rendered":"<p>\u900f\u904e\u8c9d\u5357\u7684\u5e02\u5834\u7814\u7a76\u62d3\u5c55\u60a8\u5728\u975e\u6d32\u7684\u696d\u52d9\u3002<\/p>","protected":false},"author":1,"featured_media":65247,"parent":14281,"menu_order":2,"comment_status":"closed","ping_status":"closed","template":"","meta":{"footnotes":""},"class_list":["post-37590","page","type-page","status-publish","has-post-thumbnail"],"_links":{"self":[{"href":"https:\/\/www.sisinternational.com\/zh_hk\/wp-json\/wp\/v2\/pages\/37590","targetHints":{"allow":["GET"]}}],"collection":[{"href":"https:\/\/www.sisinternational.com\/zh_hk\/wp-json\/wp\/v2\/pages"}],"about":[{"href":"https:\/\/www.sisinternational.com\/zh_hk\/wp-json\/wp\/v2\/types\/page"}],"author":[{"embeddable":true,"href":"https:\/\/www.sisinternational.com\/zh_hk\/wp-json\/wp\/v2\/users\/1"}],"replies":[{"embeddable":true,"href":"https:\/\/www.sisinternational.com\/zh_hk\/wp-json\/wp\/v2\/comments?post=37590"}],"version-history":[{"count":5,"href":"https:\/\/www.sisinternational.com\/zh_hk\/wp-json\/wp\/v2\/pages\/37590\/revisions"}],"predecessor-version":[{"id":81297,"href":"https:\/\/www.sisinternational.com\/zh_hk\/wp-json\/wp\/v2\/pages\/37590\/revisions\/81297"}],"up":[{"embeddable":true,"href":"https:\/\/www.sisinternational.com\/zh_hk\/wp-json\/wp\/v2\/pages\/14281"}],"wp:featuredmedia":[{"embeddable":true,"href":"https:\/\/www.sisinternational.com\/zh_hk\/wp-json\/wp\/v2\/media\/65247"}],"wp:attachment":[{"href":"https:\/\/www.sisinternational.com\/zh_hk\/wp-json\/wp\/v2\/media?parent=37590"}],"curies":[{"name":"wp","href":"https:\/\/api.w.org\/{rel}","templated":true}]}}