{"id":37590,"date":"2021-05-08T20:51:28","date_gmt":"2021-05-08T20:51:28","guid":{"rendered":"https:\/\/www.sisinternational.com\/?page_id=37590"},"modified":"2025-09-14T00:55:55","modified_gmt":"2025-09-14T04:55:55","slug":"%e8%b4%9d%e5%ae%81%e5%b8%82%e5%9c%ba%e7%a0%94%e7%a9%b6","status":"publish","type":"page","link":"https:\/\/www.sisinternational.com\/zh\/%e8%a6%86%e7%9b%96%e8%8c%83%e5%9b%b4\/%e9%9d%9e%e6%b4%b2%e5%b8%82%e5%9c%ba%e7%a0%94%e7%a9%b6\/%e8%b4%9d%e5%ae%81%e5%b8%82%e5%9c%ba%e7%a0%94%e7%a9%b6\/","title":{"rendered":"\u8d1d\u5b81\u5e02\u573a\u7814\u7a76"},"content":{"rendered":"<h1 class=\"wp-block-heading p1\"><span class=\"s1\">\u8d1d\u5b81\u5e02\u573a\u7814\u7a76<\/span><\/h1>\n\n\n\n<figure class=\"gb-block-image gb-block-image-3b7abe27\"><img loading=\"lazy\" decoding=\"async\" width=\"1456\" height=\"816\" class=\"gb-image gb-image-3b7abe27\" src=\"https:\/\/www.sisinternational.com\/wp-content\/uploads\/2025\/08\/Benin-1.jpg\" alt=\"SIS \u56fd\u9645\u5e02\u573a\u7814\u7a76\u4e0e\u6218\u7565\" title=\"Benin (1)\" srcset=\"https:\/\/www.sisinternational.com\/wp-content\/uploads\/2025\/08\/Benin-1.jpg 1456w, https:\/\/www.sisinternational.com\/wp-content\/uploads\/2025\/08\/Benin-1-300x168.jpg 300w, https:\/\/www.sisinternational.com\/wp-content\/uploads\/2025\/08\/Benin-1-1024x574.jpg 1024w, https:\/\/www.sisinternational.com\/wp-content\/uploads\/2025\/08\/Benin-1-768x430.jpg 768w, https:\/\/www.sisinternational.com\/wp-content\/uploads\/2025\/08\/Benin-1-18x10.jpg 18w\" sizes=\"auto, (max-width: 1456px) 100vw, 1456px\"><\/figure>\n\n\n\n<p><\/p>\n\n\n\n<h2 class=\"wp-block-heading p1\">\u8d1d\u5b81\u662f\u4f4d\u4e8e\u897f\u975e\u7684\u4e00\u4e2a\u5c0f\u5171\u548c\u56fd\u3002<\/h2>\n\n\n\n<p class=\"p1\">\u5176\u5927\u9646\u90bb\u56fd\u662f\u591a\u54e5\u3001\u5c3c\u65e5\u5229\u4e9a\u3001\u5e03\u57fa\u7eb3\u6cd5\u7d22\u548c\u5c3c\u65e5\u5c14\u3002\u8be5\u56fd\u7684\u5b98\u65b9\u8bed\u8a00\u662f\u6cd5\u8bed\uff0c\u4f46\u603b\u5171\u6709\u5927\u7ea6 38 \u79cd\u56fd\u5bb6\u8bed\u8a00\u3002\u5176\u4e2d\u5305\u62ec\u82f1\u8bed\u3001\u963f\u62c9\u4f2f\u8bed\u548c\u7ea6\u9c81\u5df4\u8bed\u7b49\u6d41\u884c\u8bed\u8a00\u3002<\/p>\n\n\n\n<h2 class=\"wp-block-heading p3\">\u91cd\u70b9\u884c\u4e1a<\/h2>\n\n\n\n<p class=\"p1\">\u8d1d\u5b81\u7684\u4e3b\u8981\u4ea7\u4e1a\u662f\u519c\u4e1a\u3002\u8d1d\u5b81\u4eba\u4ece\u4e8b\u81ea\u7ed9\u6027\u519c\u4e1a\u3002\u519c\u6c11\u9996\u5148\u6ee1\u8db3\u5bb6\u5ead\u548c\u5f53\u5730\u9700\u6c42\u3002\u7136\u540e\u4ed6\u4eec\u4e3a\u5730\u533a\u6216\u56fd\u9645\u5e02\u573a\u63d0\u4f9b\u4ea7\u54c1\u3002\u8fd9\u4e9b\u519c\u6c11\u79cd\u690d\u7ecf\u6d4e\u4f5c\u7269\u5e76\u57f9\u80b2\u6c34\u679c\u548c\u575a\u679c\u3002\u4ed6\u4eec\u51fa\u53e3\u8f67\u68c9\u548c\u68c9\u7c7d\u3002\u5176\u4ed6\u51fa\u53e3\u4ea7\u54c1\u5305\u62ec\u8170\u679c\u3001\u4e73\u6728\u679c\u6cb9\u3001\u98df\u7528\u6cb9\u548c\u6728\u6750\u3002<\/p>\n\n\n\n<h2 class=\"wp-block-heading p1\">\u793e\u533a<\/h2>\n\n\n\n<p class=\"p2\">\u6ce2\u591a\u8bfa\u4f0f\uff0c\u4e5f\u88ab\u79f0\u4e3a Hogbonu \u6216 \u00c0j\u00e1sh\u00e9 Il\u00e9\uff0c\u662f\u8d1d\u5b81\u7684\u9996\u90fd\u3002\u6ce2\u591a\u8bfa\u4f0f\u53ef\u4ee5\u544a\u8bc9\u6211\u4eec\u5f88\u591a\u5173\u4e8e\u8d1d\u5b81\u7684\u6587\u5316\u548c\u5386\u53f2\u3002\u5728\u6ce2\u591a\u8bfa\u4f0f\uff0c\u4f60\u4f1a\u53d1\u73b0\u6c11\u65cf\u5fd7\u535a\u7269\u9986\uff0c\u91cc\u9762\u6536\u85cf\u7740\u4ee4\u4eba\u5370\u8c61\u6df1\u523b\u7684\u7ea6\u9c81\u5df4\u9762\u5177\u3002\u535a\u7269\u9986\u91cc\u8fd8\u6709\u5f88\u591a\u6587\u7269\u3002<\/p>\n\n\n\n<p class=\"p2\">\u6258\u6cd5\u56fd\u738b\u5bab\u6bbf\u5c55\u73b0\u4e86\u975e\u6d32\u7687\u5ba4\u7684\u751f\u6d3b\u3002\u5728\u8ba9\u00b7\u5df4\u7ea6\u5c14\u82b1\u56ed\u5e7f\u573a\uff0c\u60a8\u4f1a\u770b\u5230\u6ce2\u591a\u8bfa\u4f0f\u7b2c\u4e00\u4f4d\u56fd\u738b\u7684\u96d5\u50cf\u3002\u8fbe\u5e2d\u5c14\u74e6\u535a\u7269\u9986\u548c\u4f0a\u585e\u5df4\u8036\u57fa\u91d1\u4f1a\u5c55\u793a\u4e86\u8d1d\u5b81\u7684\u5386\u53f2\u3002\u8fd9\u91cc\u8fd8\u5c55\u793a\u4e86\u8be5\u56fd\u7684\u672c\u571f\u5b97\u6559\u2014\u2014\u4f0f\u90fd\u6559\u3002<\/p>\n\n\n\n<p class=\"p2\">\u79d1\u6258\u52aa\u662f\u8d1d\u5b81\u6700\u5927\u7684\u57ce\u5e02\u3002\u5b83\u4e0d\u662f\u9996\u90fd\u3002\u4f46\u662f\uff0c\u653f\u5e9c\u6240\u5728\u5730\u4f4d\u4e8e\u79d1\u6258\u52aa\u3002\u8fd8\u6709\u51e0\u5ea7\u653f\u5e9c\u5927\u697c\u548c\u670d\u52a1\u8bbe\u65bd\u3002\u8bb8\u591a\u4eba\u8ba4\u4e3a\u8fd9\u5ea7\u57ce\u5e02\u662f\u8d1d\u5b81\u7684\u201c\u7ecf\u6d4e\u4e4b\u90fd\u201d\u3002<\/p>\n\n\n\n<h2 class=\"wp-block-heading p1\">\u8d8b\u52bf<\/h2>\n\n\n\n<p class=\"p2\">\u827a\u672f\u5728\u8d1d\u5b81\u6587\u5316\u4e2d\u626e\u6f14\u7740\u81f3\u5173\u91cd\u8981\u7684\u89d2\u8272\u3002\u5728\u4efb\u4f55\u6751\u5e84\u91cc\uff0c\u4f60\u90fd\u4f1a\u53d1\u73b0\u96d5\u5851\u3001\u9676\u5668\u3001\u6728\u96d5\u3001\u9762\u5177\u548c\u6302\u6bef\u3002\u8d1d\u5b81\u4eba\u6c11\u901a\u8fc7\u827a\u672f\u4fdd\u5b58\u4ed6\u4eec\u7684\u524d\u6b96\u6c11\u6587\u5316\u3002\u8fd9\u4e5f\u662f\u4ed6\u4eec\u878d\u5165\u6cd5\u56fd\u6587\u5316\u7684\u65b9\u5f0f\u3002<\/p>\n\n\n\n<h2 class=\"wp-block-heading p1\">\u5e02\u573a\u673a\u4f1a<\/h2>\n\n\n\n<p class=\"p2\">The Autonomous Port of Cotonou is the greatest strength of Benin&#8217;s Economy. It facilitates trade with Europe and the American continent and provides a gateway to Asia and other <a href=\"https:\/\/www.sisinternational.com\/zh\/%e8%a6%86%e7%9b%96%e8%8c%83%e5%9b%b4\/%e9%9d%9e%e6%b4%b2%e5%b8%82%e5%9c%ba%e7%a0%94%e7%a9%b6\/%e6%91%a9%e6%b4%9b%e5%93%a5%e5%8c%97%e9%9d%9e%e5%b8%82%e5%9c%ba%e7%a0%94%e7%a9%b6\/\" title=\"\u6469\u6d1b\u54e5\u3001\u897f\u5317\u975e\u5927\u9646\u7684\u5e02\u573a\u7814\u7a76\"  data-wpil-monitor-id=\"7707\">African<\/a> countries. This port is the fourth most important on the entire continent of Africa. It facilitates about 90% of Benin&#8217;s international trade.<\/p>\n\n\n\n<h2 class=\"wp-block-heading p1\">\u6d88\u8d39\u8005\u7fa4\u4f53<\/h2>\n\n\n\n<p class=\"p2\">The people of Benin buy most of their meat and perishable items from <a href=\"https:\/\/www.sisinternational.com\/zh\/%e4%b8%93%e4%b8%9a%e7%9f%a5%e8%af%86\/%e8%a1%8c%e4%b8%9a\/%e4%b8%ad%e5%b0%8f%e4%bc%81%e4%b8%9a%e5%b8%82%e5%9c%ba%e7%a0%94%e7%a9%b6\/\" title=\"\u4e2d\u5c0f\u4f01\u4e1a\u5e02\u573a\u7814\u7a76\"  data-wpil-monitor-id=\"7705\">small wet markets<\/a>, which you will find in many of the villages. The shops and big markets or dry <a href=\"https:\/\/www.sisinternational.com\/zh\/%e5%87%ba%e7%89%88%e7%89%a9\/%e5%86%a0%e7%8a%b6%e7%97%85%e6%af%92%e6%96%b0%e6%b6%88%e8%b4%b9%e8%80%85%e5%90%8e%e7%9a%84%e8%b4%ad%e4%b9%b0%e8%80%85%e8%a1%8c%e4%b8%ba\/\" title=\"\u65b0\u51a0\u75c5\u6bd2\u75ab\u60c5\u540e\u7684\u4e70\u5bb6\u884c\u4e3a \u2013 \u6d88\u8d39\u8005\u5e02\u573a\u7814\u7a76\"  data-wpil-monitor-id=\"7699\">markets provide consumers<\/a> with nonperishable items. Benin imports most of these nonperishable items. Because Benin is dependent on subsistence farming, these small <a href=\"https:\/\/www.sisinternational.com\/zh\/%e4%b8%93%e4%b8%9a%e7%9f%a5%e8%af%86\/%e8%a1%8c%e4%b8%9a\/%e8%88%aa%e7%a9%ba%e9%a3%9f%e5%93%81%e5%9c%a8%e8%88%aa%e7%a9%ba%e9%a4%90%e9%a5%ae%e5%b8%82%e5%9c%ba%e8%b0%83%e6%9f%a5%e4%b8%ad\/\" title=\"\u822a\u7a7a\u98df\u54c1\u548c\u673a\u4e0a\u9910\u996e\u5e02\u573a\u7814\u7a76\"  data-wpil-monitor-id=\"7701\">markets are enough to cater<\/a> to the needs of the people.<\/p>\n\n\n\n<h2 class=\"wp-block-heading p1\">\u5728\u8d1d\u5b81\u62d3\u5c55\u4e1a\u52a1\u7684\u7406\u7531<\/h2>\n\n\n\n<p class=\"p2\">\u8d1d\u5b81\u662f\u4e00\u4e2a\u65b0\u56fd\u5bb6\uff0c\u4e8b\u5b9e\u4e0a\uff0c\u5b83\u662f\u4e16\u754c\u821e\u53f0\u4e0a\u6700\u65b0\u7684\u56fd\u5bb6\u4e4b\u4e00\u3002\u5b83\u4e8e 1960 \u5e74\u4ece\u6cd5\u56fd\u72ec\u7acb\u3002\u8d1d\u5b81\u7684\u4eba\u53e3\u5728\u589e\u957f\u3002\u5176\u7ecf\u6d4e\u4e5f\u5728\u589e\u957f\u3002<\/p>\n\n\n\n<p class=\"p2\">\u8d1d\u5b81\u6709\u5f88\u5927\u7684\u53d1\u5c55\u7a7a\u95f4\u3002\u60a8\u53ef\u4ee5\u4e3a\u8d1d\u5b81\u4eba\u6c11\u63d0\u4f9b\u8bb8\u591a\u5546\u54c1\u548c\u670d\u52a1\u3002\u60a8\u5c06\u83b7\u5f97\u4e1a\u52a1\uff0c\u7279\u522b\u662f\u5982\u679c\u60a8\u662f\u8fd9\u9879\u670d\u52a1\u6216\u5546\u54c1\u7684\u552f\u4e00\u63d0\u4f9b\u5546\u3002\u5373\u4f7f\u56fd\u5bb6\u53d1\u5c55\uff0c\u60a8\u4e5f\u5df2\u7ecf\u5efa\u7acb\u4e86\u5fe0\u5b9e\u7684\u5ba2\u6237\u7fa4\uff0c\u6210\u4e3a\u540c\u7c7b\u4f01\u4e1a\u4e2d\u7684\u7b2c\u4e00\u6279\u3002\u65e9\u8d77\u7684\u9e1f\u513f\u5c06\u4f7f\u60a8\u7684\u4e1a\u52a1\u957f\u4e45\u3002\u968f\u7740\u8d1d\u5b81\u7ecf\u6d4e\u548c\u4eba\u53e3\u7684\u589e\u957f\uff0c\u60a8\u7684\u4e1a\u52a1\u5c06\u84ec\u52c3\u53d1\u5c55\u3002<\/p>\n\n\n\n<h2 class=\"wp-block-heading\">\u5173\u4e8e\u8d1d\u5b81\u7684\u5e02\u573a\u7814\u7a76<\/h2>\n\n\n\n<p>If you&#8217;re a business owner or executive interested in doing business in Benin, we\u2019ve got you. We organize <a href=\"https:\/\/www.sisinternational.com\/zh\/%e8%a7%a3%e5%86%b3%e6%96%b9%e6%a1%88\/%e7%84%a6%e7%82%b9%e5%b0%8f%e7%bb%84%e5%b8%82%e5%9c%ba%e7%a0%94%e7%a9%b6\/\" title=\"\u7126\u70b9\u5c0f\u7ec4\u5e02\u573a\u8c03\u7814\"  data-wpil-monitor-id=\"7694\">Focus Groups in the different African markets<\/a>. We can also undertake Quantitative, Qualitative, and <a href=\"https:\/\/www.sisinternational.com\/zh\/%e8%a7%a3%e5%86%b3%e6%96%b9%e6%a1%88\/%e6%97%85%e8%a1%8c-%e6%97%85%e6%b8%b8-%e9%85%92%e5%ba%97-%e5%92%a8%e8%af%a2\/%e9%85%92%e5%ba%97%e7%ae%a1%e7%90%86%e5%85%ac%e5%8f%b8%e5%b8%82%e5%9c%ba%e7%a0%94%e7%a9%b6%e6%88%98%e7%95%a5%e5%92%a8%e8%af%a2\/\" title=\"\u9152\u5e97\u7ba1\u7406\u516c\u53f8\u5e02\u573a\u7814\u7a76\u53ca\u6218\u7565\u54a8\u8be2\"  data-wpil-monitor-id=\"7697\">Strategy Research for your company<\/a>. This information is pertinent for goal-making. It&#8217;s the first step to the <a href=\"https:\/\/www.sisinternational.com\/zh\/predictive-analytics\/\" title=\"Predictive Analytics: Your Crystal Ball for Business Success\"  data-wpil-monitor-id=\"7703\">success of your business<\/a> in Benin. We dig through survey findings, articles, statistics, and more, then we compile essential information for you and your business. We hope this article gives you the answers you&#8217;re looking for in your investment in Benin.<\/p>\n\n\n\n<p><\/p>","protected":false},"excerpt":{"rendered":"<p>\u5229\u7528\u8d1d\u5b81\u5e02\u573a\u7814\u7a76\u62d3\u5c55\u60a8\u5728\u975e\u6d32\u7684\u4e1a\u52a1\u3002<\/p>","protected":false},"author":1,"featured_media":65247,"parent":14281,"menu_order":2,"comment_status":"closed","ping_status":"closed","template":"","meta":{"footnotes":""},"class_list":["post-37590","page","type-page","status-publish","has-post-thumbnail"],"_links":{"self":[{"href":"https:\/\/www.sisinternational.com\/zh\/wp-json\/wp\/v2\/pages\/37590","targetHints":{"allow":["GET"]}}],"collection":[{"href":"https:\/\/www.sisinternational.com\/zh\/wp-json\/wp\/v2\/pages"}],"about":[{"href":"https:\/\/www.sisinternational.com\/zh\/wp-json\/wp\/v2\/types\/page"}],"author":[{"embeddable":true,"href":"https:\/\/www.sisinternational.com\/zh\/wp-json\/wp\/v2\/users\/1"}],"replies":[{"embeddable":true,"href":"https:\/\/www.sisinternational.com\/zh\/wp-json\/wp\/v2\/comments?post=37590"}],"version-history":[{"count":5,"href":"https:\/\/www.sisinternational.com\/zh\/wp-json\/wp\/v2\/pages\/37590\/revisions"}],"predecessor-version":[{"id":81297,"href":"https:\/\/www.sisinternational.com\/zh\/wp-json\/wp\/v2\/pages\/37590\/revisions\/81297"}],"up":[{"embeddable":true,"href":"https:\/\/www.sisinternational.com\/zh\/wp-json\/wp\/v2\/pages\/14281"}],"wp:featuredmedia":[{"embeddable":true,"href":"https:\/\/www.sisinternational.com\/zh\/wp-json\/wp\/v2\/media\/65247"}],"wp:attachment":[{"href":"https:\/\/www.sisinternational.com\/zh\/wp-json\/wp\/v2\/media?parent=37590"}],"curies":[{"name":"wp","href":"https:\/\/api.w.org\/{rel}","templated":true}]}}