{"id":59635,"date":"2025-06-16T06:40:36","date_gmt":"2025-06-16T10:40:36","guid":{"rendered":"https:\/\/www.sisinternational.com\/?page_id=59635"},"modified":"2025-06-16T06:50:51","modified_gmt":"2025-06-16T10:50:51","slug":"alerta-de-fraude","status":"publish","type":"page","link":"https:\/\/www.sisinternational.com\/pt\/declaracao-de-privacidade\/alerta-de-fraude\/","title":{"rendered":"Scam Alerts"},"content":{"rendered":"<h2 class=\"wp-block-heading\">ALERTA DE FRAUDE \u2013 CUIDADO COM PLATAFORMA FALSA<\/h2>\n\n\n\n<p>A SIS International Research <strong>N\u00c3O tem nenhuma liga\u00e7\u00e3o<\/strong> com o site <strong>www.sispesquisas.com<\/strong>Esta plataforma \u00e9 uma fraude que usa nosso nome para aplicar golpes financeiros, cobrando taxas ileg\u00edtimas e enganando pessoas.<\/p>\n\n\n\n<p>Aten\u00e7\u00e3o: <strong>N\u00f3s N\u00c3O cobramos<\/strong> nenhuma taxa para que pessoas participem das nossas pesquisas de mercado. Qualquer cobran\u00e7a \u00e9 falsa e tentativa de golpe.<\/p>\n\n\n\n<p><strong>N\u00c3O forne\u00e7a <\/strong>seus dados pessoais, CPF, WhatsApp ou qualquer pagamento a essa plataforma.<\/p>\n\n\n\n<p>Se voc\u00ea recebeu contato ou links dessa p\u00e1gina falsa, por favor, ignore e denuncie imediatamente \u00e0s autoridades competentes.<\/p>\n\n\n\n<p>Para mais informa\u00e7\u00f5es ou para reportar tentativas de fraude, entre em contato conosco pelo e-mail oficial: research@sisinternational.com<\/p>\n\n\n\n<p>Proteja-se. N\u00e3o\u00a0caia\u00a0em\u00a0golpes.<\/p>\n\n\n\n<p><\/p>","protected":false},"excerpt":{"rendered":"<p>SCAM ALERT \u2013 BEWARE OF FAKE PLATFORMS SIS International Research has NO connection with the website www.sispesquisas.com. This platform is a fraud that uses our name to commit financial scams, charging illegitimate fees and deceiving people. Attention: We do NOT charge any fees for people to participate in our market research. Any charges are false &#8230; <a title=\"Scam Alerts\" class=\"read-more\" href=\"https:\/\/www.sisinternational.com\/pt\/declaracao-de-privacidade\/alerta-de-fraude\/\" aria-label=\"Read more about Scam Alerts\">Leia mais<\/a><\/p>","protected":false},"author":1,"featured_media":0,"parent":11750,"menu_order":0,"comment_status":"closed","ping_status":"closed","template":"","meta":{"footnotes":""},"class_list":["post-59635","page","type-page","status-publish"],"_links":{"self":[{"href":"https:\/\/www.sisinternational.com\/pt\/wp-json\/wp\/v2\/pages\/59635","targetHints":{"allow":["GET"]}}],"collection":[{"href":"https:\/\/www.sisinternational.com\/pt\/wp-json\/wp\/v2\/pages"}],"about":[{"href":"https:\/\/www.sisinternational.com\/pt\/wp-json\/wp\/v2\/types\/page"}],"author":[{"embeddable":true,"href":"https:\/\/www.sisinternational.com\/pt\/wp-json\/wp\/v2\/users\/1"}],"replies":[{"embeddable":true,"href":"https:\/\/www.sisinternational.com\/pt\/wp-json\/wp\/v2\/comments?post=59635"}],"version-history":[{"count":3,"href":"https:\/\/www.sisinternational.com\/pt\/wp-json\/wp\/v2\/pages\/59635\/revisions"}],"predecessor-version":[{"id":59641,"href":"https:\/\/www.sisinternational.com\/pt\/wp-json\/wp\/v2\/pages\/59635\/revisions\/59641"}],"up":[{"embeddable":true,"href":"https:\/\/www.sisinternational.com\/pt\/wp-json\/wp\/v2\/pages\/11750"}],"wp:attachment":[{"href":"https:\/\/www.sisinternational.com\/pt\/wp-json\/wp\/v2\/media?parent=59635"}],"curies":[{"name":"wp","href":"https:\/\/api.w.org\/{rel}","templated":true}]}}