{"id":54508,"date":"2024-12-04T05:24:02","date_gmt":"2024-12-04T10:24:02","guid":{"rendered":"https:\/\/www.sisinternational.com\/?page_id=54508"},"modified":"2026-01-24T20:52:37","modified_gmt":"2026-01-25T01:52:37","slug":"mock-jury-market-research-3","status":"publish","type":"page","link":"https:\/\/www.sisinternational.com\/pt\/solucoes\/legal-market-research\/mock-jury-market-research-3\/","title":{"rendered":"Melhor empresa de pesquisa de mercado de j\u00fari simulado"},"content":{"rendered":"<h1 class=\"wp-block-heading\">Melhor empresa de pesquisa de mercado de j\u00fari simulado<\/h1>\n\n\n\n<figure class=\"gb-block-image gb-block-image-b36c2504\"><img loading=\"lazy\" decoding=\"async\" width=\"1456\" height=\"816\" class=\"gb-image gb-image-b36c2504\" src=\"https:\/\/www.sisinternational.com\/wp-content\/uploads\/2025\/08\/Mock-Jury-4.jpg\" alt=\"Pesquisa e Estrat\u00e9gia de Mercado Internacional da SIS\" title=\"Mock Jury (4)\" srcset=\"https:\/\/www.sisinternational.com\/wp-content\/uploads\/2025\/08\/Mock-Jury-4.jpg 1456w, https:\/\/www.sisinternational.com\/wp-content\/uploads\/2025\/08\/Mock-Jury-4-300x168.jpg 300w, https:\/\/www.sisinternational.com\/wp-content\/uploads\/2025\/08\/Mock-Jury-4-1024x574.jpg 1024w, https:\/\/www.sisinternational.com\/wp-content\/uploads\/2025\/08\/Mock-Jury-4-768x430.jpg 768w, https:\/\/www.sisinternational.com\/wp-content\/uploads\/2025\/08\/Mock-Jury-4-18x10.jpg 18w\" sizes=\"auto, (max-width: 1456px) 100vw, 1456px\"><\/figure>\n\n\n\n<hr class=\"wp-block-separator has-alpha-channel-opacity is-style-dots\"\/>\n\n\n\n<p><\/p>\n\n\n\n<h3 class=\"gb-headline gb-headline-bfa84fa8 gb-headline-text\">\u2026 Esta pesquisa faz contribui\u00e7\u00f5es significativas ao permitir que advogados simulem seus poss\u00edveis argumentos antes do tribunal com base em dados demogr\u00e1ficos de jurados anteriores.&nbsp;<\/h3>\n\n\n\n<p>O que faz ou desfaz um caso? \u00c0s vezes, \u00e9 como os jurados veem as evid\u00eancias, os argumentos e a apresenta\u00e7\u00e3o. A SIS International \u00e9 uma fornecedora l\u00edder de servi\u00e7os de pesquisa de j\u00fari simulado que permitem que equipes jur\u00eddicas desenvolvam e testem suas estrat\u00e9gias de forma abrangente e eficaz. Temos feito parcerias com escrit\u00f3rios de advocacia e corpora\u00e7\u00f5es h\u00e1 anos para revelar insights acion\u00e1veis que os preparam at\u00e9 mesmo para os julgamentos de maior risco.<\/p>\n\n\n\n<p>We are a <a href=\"https:\/\/www.sisinternational.com\/pt\/empresa-de-estrategia-de-marketing-de-ponta\/\" title=\"Melhor empresa de estrat\u00e9gia de marketing\"  data-wpil-monitor-id=\"988\">top mock jury market research company<\/a> \u2013 and by simulating realistic jury deliberation processes, we offer insights into how you can win hearts and minds with a jury.<\/p>\n\n\n\n<h2 class=\"wp-block-heading\">O que \u00e9 pesquisa de mercado de j\u00fari simulado?<\/h2>\n\n\n\n<figure class=\"gb-block-image gb-block-image-226f9f3f\"><img loading=\"lazy\" decoding=\"async\" width=\"1456\" height=\"816\" class=\"gb-image gb-image-226f9f3f\" src=\"https:\/\/www.sisinternational.com\/wp-content\/uploads\/2025\/08\/Mock-Jury-6.jpg\" alt=\"Pesquisa e Estrat\u00e9gia de Mercado Internacional da SIS\" title=\"Mock Jury (6)\" srcset=\"https:\/\/www.sisinternational.com\/wp-content\/uploads\/2025\/08\/Mock-Jury-6.jpg 1456w, https:\/\/www.sisinternational.com\/wp-content\/uploads\/2025\/08\/Mock-Jury-6-300x168.jpg 300w, https:\/\/www.sisinternational.com\/wp-content\/uploads\/2025\/08\/Mock-Jury-6-1024x574.jpg 1024w, https:\/\/www.sisinternational.com\/wp-content\/uploads\/2025\/08\/Mock-Jury-6-768x430.jpg 768w, https:\/\/www.sisinternational.com\/wp-content\/uploads\/2025\/08\/Mock-Jury-6-18x10.jpg 18w\" sizes=\"auto, (max-width: 1456px) 100vw, 1456px\"><\/figure>\n\n\n\n<p><\/p>\n\n\n\n<p>Mock jury <a href=\"https:\/\/www.sisinternational.com\/pt\/solucoes\/legal-market-research\/\" title=\"Legal Market Research\"  data-wpil-monitor-id=\"2957\">market research provides legal<\/a> teams and businesses with a roadmap for success by allowing them to course-correct before they ever stand before a real jury.&nbsp;<\/p>\n\n\n\n<p>Recrutamos um grupo de indiv\u00edduos \u2014 selecionados de forma representativa do j\u00fari real \u2014 para observa\u00e7\u00f5es e delibera\u00e7\u00f5es de evid\u00eancias, argumentos e apresenta\u00e7\u00f5es.&nbsp;<\/p>\n\n\n\n<p>Envolve apresentar declara\u00e7\u00f5es de abertura, algumas pe\u00e7as-chave de evid\u00eancia, depoimentos de testemunhas e argumentos de encerramento. Os participantes s\u00e3o ent\u00e3o incitados a deliberar como fariam em um julgamento real e fornecer feedback sobre o que informou suas decis\u00f5es.&nbsp;<\/p>\n\n\n\n<p>Na SIS, temos uma s\u00e9rie de ferramentas de ponta \u2014 incluindo an\u00e1lises em tempo real e entrevistas p\u00f3s-delibera\u00e7\u00e3o \u2014 que nos permitem capturar cada nuance das rea\u00e7\u00f5es dos jurados. Com esses insights, nossos clientes podem otimizar suas mensagens, agu\u00e7ar seus argumentos e abordar vulnerabilidades.<\/p>\n\n\n\n<h2 class=\"wp-block-heading\">A import\u00e2ncia fundamental do recrutamento na pesquisa de j\u00fari simulado hoje<\/h2>\n\n\n\n<figure class=\"gb-block-image gb-block-image-2d94f51d\"><img loading=\"lazy\" decoding=\"async\" width=\"1456\" height=\"816\" class=\"gb-image gb-image-2d94f51d\" src=\"https:\/\/www.sisinternational.com\/wp-content\/uploads\/2025\/08\/Mock-Jury-2.jpg\" alt=\"Pesquisa e Estrat\u00e9gia de Mercado Internacional da SIS\" title=\"Mock Jury (2)\" srcset=\"https:\/\/www.sisinternational.com\/wp-content\/uploads\/2025\/08\/Mock-Jury-2.jpg 1456w, https:\/\/www.sisinternational.com\/wp-content\/uploads\/2025\/08\/Mock-Jury-2-300x168.jpg 300w, https:\/\/www.sisinternational.com\/wp-content\/uploads\/2025\/08\/Mock-Jury-2-1024x574.jpg 1024w, https:\/\/www.sisinternational.com\/wp-content\/uploads\/2025\/08\/Mock-Jury-2-768x430.jpg 768w, https:\/\/www.sisinternational.com\/wp-content\/uploads\/2025\/08\/Mock-Jury-2-18x10.jpg 18w\" sizes=\"auto, (max-width: 1456px) 100vw, 1456px\"><\/figure>\n\n\n\n<p><\/p>\n\n\n\n<p>Tendo passado d\u00e9cadas conduzindo pesquisas na SIS International Research, posso dizer que a precis\u00e3o e a confiabilidade dos insights derivados de um j\u00fari simulado dependem inteiramente dos participantes certos. Conseguir jurados que sejam um reflexo genu\u00edno dos atributos demogr\u00e1ficos, psicogr\u00e1ficos e geogr\u00e1ficos do p\u00fablico-alvo ainda \u00e9 o ponto principal que faz ou desfaz o estudo.<\/p>\n\n\n\n<p>Um bom recrutamento deve permitir que o j\u00fari simulado esteja o mais pr\u00f3ximo poss\u00edvel do j\u00fari real. Se um caso for a julgamento em um condado espec\u00edfico, por exemplo, \u00e9 crucial obter painelistas daquele local que representem a se\u00e7\u00e3o transversal cultural, social e econ\u00f4mica da comunidade em geral. Essa representa\u00e7\u00e3o \u00e9 importante porque exp\u00f5e preconceitos, perspectivas individuais e tend\u00eancias de tomada de decis\u00e3o que podem se manifestar durante o julgamento.<\/p>\n\n\n\n<p>Outro ingrediente-chave \u00e9 a diversidade \u2014 n\u00e3o apenas em etnia e g\u00eanero, mas tamb\u00e9m em perspectivas, profiss\u00f5es e experi\u00eancias de vida. J\u00faris reais consistem em pessoas de diferentes estilos de vida, e aprender como essas diferen\u00e7as se manifestam na sala de delibera\u00e7\u00e3o acrescenta algo essencial.&nbsp;<\/p>\n\n\n\n<h2 class=\"wp-block-heading\">Comece com a Pesquisa Internacional do SIS<\/h2>\n\n\n\n<p>N\u00f3s fazemos com que fazer um j\u00fari simulado seja r\u00e1pido, f\u00e1cil e colaborativo entre voc\u00ea e sua equipe jur\u00eddica. Veja como garantimos que cada projeto seja intencionalmente projetado e executado para atender \u00e0s suas metas espec\u00edficas:<\/p>\n\n\n\n<p><strong>Consulta Inicial<\/strong><\/p>\n\n\n\n<p>Durante a primeira etapa, nos envolvemos com sua equipe jur\u00eddica para aprender sobre seu caso em detalhes, como onde ser\u00e1 o julgamento, os argumentos legais e qual resultado voc\u00ea gostaria. Essas informa\u00e7\u00f5es nos ajudam a projetar um estudo de j\u00fari simulado adaptado \u00e0s suas necessidades espec\u00edficas.<\/p>\n\n\n\n<p><strong>Projetando o estudo de pesquisa<\/strong><\/p>\n\n\n\n<p>Criamos um plano de pesquisa detalhado, incluindo a sele\u00e7\u00e3o do j\u00fari simulado, como o caso ser\u00e1 apresentado, m\u00e9todos de coleta de dados, etc. Garantimos que o estudo represente as nuances do seu pr\u00f3prio caso e, ao mesmo tempo, se assemelhe o m\u00e1ximo poss\u00edvel a um j\u00fari do mundo real.<\/p>\n\n\n\n<p><strong>Recrutamento de Participantes<\/strong><\/p>\n\n\n\n<p>Usando nossa vasta rede de recrutamento e experi\u00eancia, recrutamos e selecionamos indiv\u00edduos que mais se aproximam dos perfis demogr\u00e1ficos e geogr\u00e1ficos do grupo de jurados real. Isso garante a confiabilidade dos insights coletados e sua representa\u00e7\u00e3o.<\/p>\n\n\n\n<p><strong>Executando o estudo do j\u00fari simulado<\/strong><\/p>\n\n\n\n<p>Realizamos sess\u00f5es de j\u00fari simulado em nossas instala\u00e7\u00f5es de ponta com nossos moderadores especialistas para recriar o m\u00e1ximo poss\u00edvel do ambiente do julgamento para avaliar como os jurados respondem a v\u00e1rios elementos dos argumentos, evid\u00eancias e apresenta\u00e7\u00f5es. Obtemos dados por meio de ferramentas de feedback em tempo real e delibera\u00e7\u00f5es gravadas<\/p>\n\n\n\n<h2 class=\"wp-block-heading\">O que torna a SIS International uma das principais empresas de pesquisa de mercado de j\u00fari simulado?<\/h2>\n\n\n\n<figure class=\"gb-block-image gb-block-image-0e7c0ded\"><img decoding=\"async\" class=\"gb-image gb-image-0e7c0ded\" src=\"https:\/\/www.sisinternational.com\/wp-content\/uploads\/2019\/07\/Mock-Jury-Market-Research-Lawyer.jpg\" alt=\"Pesquisa simulada do j\u00fari\" title=\"Advogado de pesquisa de mercado do j\u00fari simulado\"\/><\/figure>\n\n\n\n<p><\/p>\n\n\n\n<p>With decades of experience and dedication to excellence, SIS is recognized as one of the industry&#8217;s <a href=\"https:\/\/www.sisinternational.com\/pt\/empresa-lider-global-em-pesquisa-qualitativa\/\" title=\"Empresa l\u00edder global em pesquisa qualitativa\"  data-wpil-monitor-id=\"1033\">top mock jury market research<\/a> companies\u2026 But what sets us apart? It\u2019s our unique ability to integrate expertise, innovation, and personalized service to create results that exceed expectations.<\/p>\n\n\n<p>\n\n\n<\/p>\n<p style=\"padding-left: 40px;\"><strong>Experi\u00eancia inigual\u00e1vel<\/strong><\/p>\n<p style=\"padding-left: 40px;\">\n\n\n\n<\/p>\n<p style=\"padding-left: 40px;\">Ap\u00f3s mais de 40 anos na <a href=\"https:\/\/www.linkedin.com\/pulse\/how-market-research-enables-growth-ruth-stanat-phekf\/\" target=\"_blank\" rel=\"noopener\">pesquisa de mercado<\/a> marketplaces, conduzindo in\u00fameros j\u00faris simulados para clientes de todos os tamanhos e formatos, de empresas da Fortune 500 a escrit\u00f3rios de advocacia boutique, vimos a quest\u00e3o como sistem\u00e1tica. Temos expertise \u00fanica em psicologia de j\u00fari, e nossas habilidades s\u00e3o tanto jur\u00eddicas quanto comerciais, ent\u00e3o apresentamos aos nossos clientes informa\u00e7\u00f5es nas quais eles podem confiar.<\/p>\n<p style=\"padding-left: 40px;\">\n\n\n\n<\/p>\n<p style=\"padding-left: 40px;\"><strong>Mestre em Globaliza\u00e7\u00e3o e Localiza\u00e7\u00e3o<\/strong><\/p>\n<p style=\"padding-left: 40px;\">\n\n\n\n<\/p>\n<p style=\"padding-left: 40px;\">Com presen\u00e7a em mais de 135 pa\u00edses, podemos auxiliar casos internacionais que precisam de insights transfronteiri\u00e7os. No entanto, para estudos de j\u00fari simulado, recrutamos em um n\u00edvel de precis\u00e3o local inigual\u00e1vel por qualquer outra empresa de painel; recrutamos participantes que refletem a composi\u00e7\u00e3o demogr\u00e1fica e geogr\u00e1fica precisa do seu pool de j\u00fari desejado.<\/p>\n<p style=\"padding-left: 40px;\">\n\n\n\n<\/p>\n<p style=\"padding-left: 40px;\"><strong>Ferramentas e Tecnologia Avan\u00e7adas<\/strong><\/p>\n<p style=\"padding-left: 40px;\">\n\n\n\n<\/p>\n<p style=\"padding-left: 40px;\">Nossos consultores de julgamento usam ferramentas de \u00faltima gera\u00e7\u00e3o, incluindo streaming de v\u00eddeo ao vivo, an\u00e1lise em tempo real e software de mapeamento de calor, para capturar as respostas dos jurados. Isso nos permite fornecer uma an\u00e1lise objetiva e apoiada em dados de como sua l\u00f3gica e evid\u00eancias s\u00e3o recebidas.<\/p>\n<p style=\"padding-left: 40px;\">\n\n\n\n<\/p>\n<p style=\"padding-left: 40px;\"><strong>Suporte ao cliente excepcional<\/strong><\/p>\n<p style=\"padding-left: 40px;\">\n\n\n\n<\/p>\n<p style=\"padding-left: 40px;\"><a href=\"https:\/\/twitter.com\/SISIntlResearch\" target=\"_blank\" rel=\"noopener\">Nosso time<\/a> trabalha com voc\u00ea desde a primeira consulta at\u00e9 a entrega de insights e relat\u00f3rios, garantindo que os pitches estejam alinhados com sua estrat\u00e9gia. Muitos de nossos clientes retornam a n\u00f3s para v\u00e1rios projetos; a confiabilidade, a expertise e o esp\u00edrito colaborativo de nossa equipe provaram ser inigual\u00e1veis.<\/p>\n<p>\n\n\n<\/p>\n<p>\n\n\n<\/p>\n<h2 class=\"wp-block-heading\">Perguntas frequentes<\/h2>\n<p>\n\n\n\n<\/p>\n<h3 class=\"wp-block-heading\" style=\"padding-left: 40px;\">P: O que \u00e9 teste de usabilidade e qual \u00e9 sua import\u00e2ncia?<\/h3>\n<p style=\"padding-left: 40px;\">\n\n\n\n<\/p>\n<p style=\"padding-left: 40px;\">Seu objetivo \u00e9 detectar quaisquer problemas de usabilidade, compreender o comportamento do usu\u00e1rio e obter insights sobre a facilidade ou dificuldade com que o p\u00fablico-alvo pode interagir com um produto.<\/p>\n<p style=\"padding-left: 40px;\">\n\n\n\n<\/p>\n<h3 class=\"wp-block-heading\" style=\"padding-left: 40px;\">P: Como os testes de usabilidade podem aumentar a satisfa\u00e7\u00e3o do cliente?<\/h3>\n<p style=\"padding-left: 40px;\">\n\n\n\n<\/p>\n<p style=\"padding-left: 40px;\">Os testes de usabilidade oferecem feedback direto dos usu\u00e1rios finais sobre sua experi\u00eancia com um produto, ajudando as empresas a localizar pontos problem\u00e1ticos, frustra\u00e7\u00f5es e confus\u00e3o.\u00a0<\/p>\n<p style=\"padding-left: 40px;\">\n\n\n\n<\/p>\n<h3 class=\"wp-block-heading\" style=\"padding-left: 40px;\">P: Em quais produtos os testes de usabilidade podem ser usados?<\/h3>\n<p style=\"padding-left: 40px;\">\n\n\n\n<\/p>\n<p style=\"padding-left: 40px;\">O teste de usabilidade \u00e9 um m\u00e9todo vers\u00e1til que pode ser usado para v\u00e1rios tipos de produtos e servi\u00e7os em diferentes ind\u00fastrias. O teste de usabilidade \u00e9 uma etapa essencial em quase todos os setores, de sites e aplicativos m\u00f3veis a bens f\u00edsicos e interfaces de software, para garantir que um produto seja amig\u00e1vel ao usu\u00e1rio e operacional.<\/p>\n<p style=\"padding-left: 40px;\">\n\n\n\n<\/p>\n<h3 class=\"wp-block-heading\" style=\"padding-left: 40px;\">P: Como obtemos os resultados corretos do teste de usabilidade?<\/h3>\n<p style=\"padding-left: 40px;\">\n\n\n\n<\/p>\n<p style=\"padding-left: 40px;\">Teste em uma plataforma onde voc\u00ea provavelmente obter\u00e1 resultados precisos e confi\u00e1veis. A SIS International utiliza um longo processo de verifica\u00e7\u00e3o para garantir a precis\u00e3o em todos os est\u00e1gios do teste, desde o recrutamento de indiv\u00edduos para passar pelo teste at\u00e9 a an\u00e1lise dos dados em si.<\/p>\n<p style=\"padding-left: 40px;\">\n\n\n\n<\/p>\n<p style=\"padding-left: 40px;\">Os participantes s\u00e3o selecionados para que reflitam o grupo-alvo do produto o mais pr\u00f3ximo poss\u00edvel. Depois disso, criamos cen\u00e1rios e tarefas realistas representativas de usu\u00e1rios reais usando o produto em um ambiente do mundo real. Pegamos os dados do teste e fazemos algumas an\u00e1lises qualitativas e quantitativas, buscando padr\u00f5es e insights que podem levar a melhorias significativas no produto.<\/p>\n<p style=\"padding-left: 40px;\">\n\n\n\n<\/p>\n<p style=\"padding-left: 40px;\">Nossa equipe de especialistas garante que cada sess\u00e3o de teste de usabilidade seja conduzida com o m\u00ednimo de vi\u00e9s poss\u00edvel para que seja precisa e acion\u00e1vel.<\/p>\n<p style=\"padding-left: 40px;\">\n\n\n\n<\/p>\n<h3 class=\"wp-block-heading\" style=\"padding-left: 40px;\">P: Qual \u00e9 o impacto dos testes de usabilidade no ROI do meu produto?<\/h3>\n<p style=\"padding-left: 40px;\">\n\n\n\n<\/p>\n<p style=\"padding-left: 40px;\">Testes de usabilidade podem afetar imediatamente o ROI do seu produto, permitindo intera\u00e7\u00e3o efetiva do usu\u00e1rio. Produtos f\u00e1ceis de usar e relevantes levam a maior engajamento, menores taxas de rotatividade e a maior fidelidade do cliente.<\/p>\n<p style=\"padding-left: 40px;\">\n\n\n\n<\/p>\n<h3 class=\"wp-block-heading\" style=\"padding-left: 40px;\">P: Como voc\u00ea processa os dados dos testes de usabilidade?<\/h3>\n<p style=\"padding-left: 40px;\">\n\n\n\n<\/p>\n<p style=\"padding-left: 40px;\">Avaliar dados de teste de usabilidade \u00e9 t\u00e3o crucial quanto o teste em si. A SIS International adota uma abordagem qualitativa-quantitativa para an\u00e1lise. Reconhecendo padr\u00f5es, rastreando como os usu\u00e1rios interagem com seu produto e comparando dados com outras sess\u00f5es.<\/p>\n<p style=\"padding-left: 40px;\">\n\n\n\n<\/p>\n<p style=\"padding-left: 40px;\">Em seguida, criamos relat\u00f3rios aprofundados mostrando descobertas importantes, identificando problemas de usabilidade e fornecendo sugest\u00f5es pr\u00e1ticas. Nossa expertise est\u00e1 em traduzir dados brutos em insights acion\u00e1veis para elevar como nossos clientes podem aprimorar seus produtos com base na abordagem de design empregada.<\/p>\n<h2>Localiza\u00e7\u00e3o de nossas instala\u00e7\u00f5es em Nova York<\/h2>\n<p>\n\n\n\n<iframe loading=\"lazy\" src=\"https:\/\/www.google.com\/maps\/embed?pb=!1m18!1m12!1m3!1d3022.976188376966!2d-73.99130312499956!3d40.740549471389315!2m3!1f0!2f0!3f0!3m2!1i1024!2i768!4f13.1!3m3!1m2!1s0x89c259a15798c731%3A0xd695d09bdd495f25!2s11%20E%2022nd%20St%20FL%202%2C%20New%20York%2C%20NY%2010010%2C%20USA!5e0!3m2!1sen!2spe!4v1726171763526!5m2!1sen!2spe\" width=\"600\" height=\"450\" allowfullscreen=\"allowfullscreen\" data-mce-fragment=\"1\"><\/iframe>\n\n\n\n<\/p>\n<h3 class=\"wp-block-heading\">11 E 22nd Street, andar 2, Nova York, NY 10010 T: +1(212) 505-6805<\/h3>\n<hr \/>\n<h2><span style=\"font-weight: 400;\">Sobre SIS Internacional<\/span><\/h2>\n<p><a href=\"https:\/\/www.sisinternational.com\/pt\/\"><span style=\"font-weight: 400;\">SIS Internacional<\/span><\/a><span style=\"font-weight: 400;\"> oferece pesquisa quantitativa, qualitativa e estrat\u00e9gica. Fornecemos dados, ferramentas, estrat\u00e9gias, relat\u00f3rios e insights para a tomada de decis\u00f5es. Tamb\u00e9m realizamos entrevistas, pesquisas, grupos focais e outros m\u00e9todos e abordagens de Pesquisa de Mercado.<\/span><a href=\"https:\/\/www.sisinternational.com\/pt\/sobre-a-sis-international-research\/contact-sis-international-market-research\/\"><span style=\"font-weight: 400;\"> Entre em contato conosco<\/span><\/a><span style=\"font-weight: 400;\"> para o seu pr\u00f3ximo projeto de pesquisa de mercado.<\/span><\/p>\n<p>\n\n\n\n<h2 class=\"wp-block-heading\"><\/h2>","protected":false},"excerpt":{"rendered":"<p>A melhor empresa de pesquisa de mercado de j\u00fari simulado \u2026 Esta pesquisa faz contribui\u00e7\u00f5es significativas ao permitir que os advogados simulem seus argumentos prospectivos antes do tribunal com base em dados demogr\u00e1ficos de jurados anteriores. O que faz ou desfaz um caso? \u00c0s vezes, \u00e9 como os jurados veem as evid\u00eancias, os argumentos e a apresenta\u00e7\u00e3o. A SIS International \u00e9 uma fornecedora l\u00edder de simula\u00e7\u00f5es \u2026 <a title=\"Melhor empresa de pesquisa de mercado de j\u00fari simulado\" class=\"read-more\" href=\"https:\/\/www.sisinternational.com\/pt\/solucoes\/legal-market-research\/mock-jury-market-research-3\/\" aria-label=\"Read more about Top Mock Jury Market Research Company\">Leia mais<\/a><\/p>","protected":false},"author":1,"featured_media":64886,"parent":54987,"menu_order":2,"comment_status":"closed","ping_status":"closed","template":"","meta":{"footnotes":""},"class_list":["post-54508","page","type-page","status-publish","has-post-thumbnail"],"_links":{"self":[{"href":"https:\/\/www.sisinternational.com\/pt\/wp-json\/wp\/v2\/pages\/54508","targetHints":{"allow":["GET"]}}],"collection":[{"href":"https:\/\/www.sisinternational.com\/pt\/wp-json\/wp\/v2\/pages"}],"about":[{"href":"https:\/\/www.sisinternational.com\/pt\/wp-json\/wp\/v2\/types\/page"}],"author":[{"embeddable":true,"href":"https:\/\/www.sisinternational.com\/pt\/wp-json\/wp\/v2\/users\/1"}],"replies":[{"embeddable":true,"href":"https:\/\/www.sisinternational.com\/pt\/wp-json\/wp\/v2\/comments?post=54508"}],"version-history":[{"count":11,"href":"https:\/\/www.sisinternational.com\/pt\/wp-json\/wp\/v2\/pages\/54508\/revisions"}],"predecessor-version":[{"id":77283,"href":"https:\/\/www.sisinternational.com\/pt\/wp-json\/wp\/v2\/pages\/54508\/revisions\/77283"}],"up":[{"embeddable":true,"href":"https:\/\/www.sisinternational.com\/pt\/wp-json\/wp\/v2\/pages\/54987"}],"wp:featuredmedia":[{"embeddable":true,"href":"https:\/\/www.sisinternational.com\/pt\/wp-json\/wp\/v2\/media\/64886"}],"wp:attachment":[{"href":"https:\/\/www.sisinternational.com\/pt\/wp-json\/wp\/v2\/media?parent=54508"}],"curies":[{"name":"wp","href":"https:\/\/api.w.org\/{rel}","templated":true}]}}