{"id":54504,"date":"2024-12-05T05:18:46","date_gmt":"2024-12-05T10:18:46","guid":{"rendered":"https:\/\/www.sisinternational.com\/?page_id=54504"},"modified":"2026-03-13T01:22:14","modified_gmt":"2026-03-13T05:22:14","slug":"empresa-de-testes-de-localizacao-central-de-topo","status":"publish","type":"page","link":"https:\/\/www.sisinternational.com\/pt\/central-location-tests-clt-page\/empresa-de-testes-de-localizacao-central-de-topo\/","title":{"rendered":"Melhor empresa de testes de localiza\u00e7\u00e3o central"},"content":{"rendered":"<h1 class=\"wp-block-heading\">Melhor empresa de testes de localiza\u00e7\u00e3o central<\/h1>\n\n\n\n<figure class=\"gb-block-image gb-block-image-c1b014a4\"><img loading=\"lazy\" decoding=\"async\" width=\"1456\" height=\"816\" class=\"gb-image gb-image-c1b014a4\" src=\"https:\/\/www.sisinternational.com\/wp-content\/uploads\/2018\/05\/Product-testing-1.jpg\" alt=\"Pesquisa e Estrat\u00e9gia de Mercado Internacional da SIS\" title=\"Product testing (1)\" srcset=\"https:\/\/www.sisinternational.com\/wp-content\/uploads\/2018\/05\/Product-testing-1.jpg 1456w, https:\/\/www.sisinternational.com\/wp-content\/uploads\/2018\/05\/Product-testing-1-300x168.jpg 300w, https:\/\/www.sisinternational.com\/wp-content\/uploads\/2018\/05\/Product-testing-1-1024x574.jpg 1024w, https:\/\/www.sisinternational.com\/wp-content\/uploads\/2018\/05\/Product-testing-1-768x430.jpg 768w, https:\/\/www.sisinternational.com\/wp-content\/uploads\/2018\/05\/Product-testing-1-18x10.jpg 18w\" sizes=\"auto, (max-width: 1456px) 100vw, 1456px\"><\/figure>\n\n\n\n<hr class=\"wp-block-separator has-alpha-channel-opacity is-style-dots\"\/>\n\n\n\n<p>O teste de localiza\u00e7\u00e3o central (CLT) \u00e9 uma das maneiras mais poderosas de as empresas aprenderem sobre os pensamentos, sentimentos e desejos dos consumidores. Na SIS International Research, refinamos essa metodologia ao longo dos \u00faltimos 40 anos, colaborando com clientes como IBM, Toyota e Samsung para fornecer dados revolucion\u00e1rios que informam decis\u00f5es.<\/p>\n\n\n\n<h2 class=\"wp-block-heading\">O que \u00e9 o teste de localiza\u00e7\u00e3o central \u2013 e por que ele \u00e9 importante?<\/h2>\n\n\n\n<p>O teste de localiza\u00e7\u00e3o central convida os participantes a um ambiente controlado para testar o produto, visualizar an\u00fancios ou dar feedback sobre outros servi\u00e7os. Na SIS, aperfei\u00e7oamos essa abordagem, orientando clientes como PepsiCo, Samsung e Toyota a escolhas mais bem informadas que levam ao sucesso.<\/p>\n\n\n\n<p>\u2026 But, why does CLT matter? It gives you an in-depth look at the target audience\u2019s perception of your brand, product, or service and the insights that surveys or an online study cannot provide. Being a <a href=\"https:\/\/www.sisinternational.com\/pt\/melhor-empresa-de-analise-da-industria-em-ny\/\" title=\"Melhor empresa de an\u00e1lise da ind\u00fastria em NY\"  data-wpil-monitor-id=\"1121\">top central location testing market research company<\/a> in New York, we focus on providing a comfortable, distraction-free setting for your participants to give you honest, meaningful feedback.<\/p>\n\n\n\n<h2 class=\"wp-block-heading\">Por que fazemos testes em Nova York?<\/h2>\n\n\n\n<figure class=\"gb-block-image gb-block-image-2c2e4cb8\"><img loading=\"lazy\" decoding=\"async\" width=\"1456\" height=\"816\" class=\"gb-image gb-image-2c2e4cb8\" src=\"https:\/\/www.sisinternational.com\/wp-content\/uploads\/2025\/08\/Focus-group-meeting-11.jpg\" alt=\"Pesquisa e Estrat\u00e9gia de Mercado Internacional da SIS\" title=\"Focus group &amp; meeting (11)\" srcset=\"https:\/\/www.sisinternational.com\/wp-content\/uploads\/2025\/08\/Focus-group-meeting-11.jpg 1456w, https:\/\/www.sisinternational.com\/wp-content\/uploads\/2025\/08\/Focus-group-meeting-11-300x168.jpg 300w, https:\/\/www.sisinternational.com\/wp-content\/uploads\/2025\/08\/Focus-group-meeting-11-1024x574.jpg 1024w, https:\/\/www.sisinternational.com\/wp-content\/uploads\/2025\/08\/Focus-group-meeting-11-768x430.jpg 768w, https:\/\/www.sisinternational.com\/wp-content\/uploads\/2025\/08\/Focus-group-meeting-11-18x10.jpg 18w\" sizes=\"auto, (max-width: 1456px) 100vw, 1456px\"><\/figure>\n\n\n\n<p><\/p>\n\n\n\n<p>Quando fundei a SIS International Research, senti fortemente que a cidade de Nova York seria uma parte fundamental da nossa hist\u00f3ria. Nova York tem uma diversidade demogr\u00e1fica, permitindo que cada empresa aqui alcance um microsubconjunto de mercados globais. Vi como essa diversidade ajudou as marcas a aprimorar seus produtos e estrat\u00e9gias para atingir uma ampla gama de consumidores.<\/p>\n\n\n\n<p>Temos uma instala\u00e7\u00e3o interna dispon\u00edvel no cora\u00e7\u00e3o da cidade para os participantes, moderadores e clientes. N\u00e3o consigo dizer com que frequ\u00eancia os clientes dizem que s\u00e3o gratos por poderem fazer pesquisas t\u00e3o facilmente aqui. O excelente sistema de transporte p\u00fablico da cidade traz os participantes at\u00e9 n\u00f3s, e a energia da cidade inspira criatividade e inova\u00e7\u00e3o em cada projeto.<\/p>\n\n\n\n<h2 class=\"wp-block-heading\">O que separa uma empresa de testes de localiza\u00e7\u00e3o central das demais?<\/h2>\n\n\n\n<p>Posso garantir que, ao comparar um provedor CLT premium com um provedor comum, tudo se resume a alguns fatores importantes... N\u00e3o se trata apenas de executar o teste; \u00e9 a qualidade dos insights, os m\u00e9todos de recrutamento de um participante e o conhecimento de como adaptar a pesquisa \u00e0s necessidades do cliente.&nbsp;<\/p>\n\n\n\n<h3 class=\"wp-block-heading\">Interpreta\u00e7\u00e3o de Dados e Modelagem Avan\u00e7ada<\/h3>\n\n\n\n<p>While many companies can collect data, the best stand out from the rest by interpreting it in a suitable manner. Some of the most important insights come from beneath the surface: At a <a href=\"https:\/\/www.sisinternational.com\/pt\/empresa-de-benchmarking-de-maior-concorrente\/\" title=\"Empresa de Benchmarking de Melhor Concorrente\"  data-wpil-monitor-id=\"1194\">top CLT company<\/a>, researchers identify patterns, underlying trends, and then offer actionable insights that enable businesses to act accordingly.&nbsp;<\/p>\n\n\n\n<h3 class=\"wp-block-heading\">Design de pesquisa personalizado<\/h3>\n\n\n\n<p>A <a href=\"https:\/\/www.sisinternational.com\/pt\/empresa-lider-global-em-pesquisa-qualitativa\/\" title=\"Empresa l\u00edder global em pesquisa qualitativa\"  data-wpil-monitor-id=\"1023\">empresa de testes de localiza\u00e7\u00e3o central de topo<\/a> offers customized research methods to suit the specific business objectives of each client, as they understand how every client is different. From testing a new product concept to collecting feedback on a marketing campaign or measuring customer preferences, a high-quality CLT company customizes the study design to guarantee the research performed will yield the most relevant and useful data.&nbsp;<\/p>\n\n\n\n<h3 class=\"wp-block-heading\">Recrutamento abrangente e informa\u00e7\u00f5es demogr\u00e1ficas<\/h3>\n\n\n\n<p>A <a href=\"https:\/\/www.sisinternational.com\/pt\/empresa-lider-global-em-grupos-focais\/\" title=\"Empresa l\u00edder global em grupos focais\"  data-wpil-monitor-id=\"1022\">empresa de testes de localiza\u00e7\u00e3o central de topo<\/a> finds the appropriate consumer groups to identify and ensure a representative sample of the general market demographics you want to test. This provides companies with accurate feedback from various cultural, socio-economic, and age groups, making the data more reflective of the market.<\/p>\n\n\n\n<h3 class=\"wp-block-heading\">Foco na jornada do consumidor<\/h3>\n\n\n\n<p>A <a href=\"https:\/\/www.sisinternational.com\/pt\/empresa-lider-em-inteligencia-competitiva\/\" title=\"Melhor empresa de intelig\u00eancia competitiva\"  data-wpil-monitor-id=\"1270\">empresa de testes de localiza\u00e7\u00e3o central de topo<\/a> knows consumer buying behavior is shaped by more than one thing, it\u2019s a combination of emotional ties and practical demands. Only the leading agencies drill down deeper into the \u201cwhy\u201d behind consumer decision-making, exploring how each touchpoint \u2014 from advertising to product packaging \u2014 relate to the overall experience.&nbsp;<\/p>\n\n\n\n<h3 class=\"wp-block-heading\">Recomenda\u00e7\u00f5es estrat\u00e9gicas que geram resultados acion\u00e1veis<\/h3>\n\n\n\n<p>At the end of the day, a top <a href=\"https:\/\/www.sisinternational.com\/pt\/solucoes\/solucoes-de-pesquisa-quantitativa-qualitativa\/testes-de-localizacao-central-vs-grupos-focais\/\" title=\"Testes de localiza\u00e7\u00e3o central vs grupos focais\"  data-wpil-monitor-id=\"1578\">central location testing<\/a> company does more than serve up data \u2014 they serve up results. It offers clients intelligence and strategic advice \u2014 a concrete way to move forward. It\u2019s about figuring out what information will help adjust a marketing campaign, refine a product, or enter an additional market.&nbsp;<\/p>\n\n\n\n<figure class=\"gb-block-image gb-block-image-14f8a9c6\"><img loading=\"lazy\" decoding=\"async\" width=\"1456\" height=\"816\" class=\"gb-image gb-image-14f8a9c6\" src=\"https:\/\/www.sisinternational.com\/wp-content\/uploads\/2025\/08\/Strategy-consulting-28.jpg\" alt=\"Pesquisa e Estrat\u00e9gia de Mercado Internacional da SIS\" title=\"Strategy consulting (28)\" srcset=\"https:\/\/www.sisinternational.com\/wp-content\/uploads\/2025\/08\/Strategy-consulting-28.jpg 1456w, https:\/\/www.sisinternational.com\/wp-content\/uploads\/2025\/08\/Strategy-consulting-28-300x168.jpg 300w, https:\/\/www.sisinternational.com\/wp-content\/uploads\/2025\/08\/Strategy-consulting-28-1024x574.jpg 1024w, https:\/\/www.sisinternational.com\/wp-content\/uploads\/2025\/08\/Strategy-consulting-28-768x430.jpg 768w, https:\/\/www.sisinternational.com\/wp-content\/uploads\/2025\/08\/Strategy-consulting-28-18x10.jpg 18w\" sizes=\"auto, (max-width: 1456px) 100vw, 1456px\"><\/figure>\n\n\n\n<p><\/p>\n\n\n\n<h2 class=\"gb-headline gb-headline-f4fb4cf1 gb-headline-text\"><strong>Perguntas frequentes sobre testes de localiza\u00e7\u00e3o central em Nova York<\/strong><\/h2>\n\n\n<p>\n\n\n<\/p>\n<h3 class=\"wp-block-heading\" style=\"padding-left: 40px;\">O que \u00e9 teste de localiza\u00e7\u00e3o central?<\/h3>\n<p style=\"padding-left: 40px;\">\n\n\n\n<\/p>\n<p style=\"padding-left: 40px;\">Testes localizados centralmente s\u00e3o uma forma de pesquisa de mercado na qual indiv\u00edduos selecionados avaliam produtos, servi\u00e7os ou ideias sob condi\u00e7\u00f5es controladas em um local predeterminado. \u00c9 aplicado para medir as rea\u00e7\u00f5es do consumidor a novos produtos, marketing ou conceitos de marca, antes de coloc\u00e1-los no mercado.<\/p>\n<p style=\"padding-left: 40px;\">\n\n\n\n<\/p>\n<h3 class=\"wp-block-heading\" style=\"padding-left: 40px;\">Qual \u00e9 a import\u00e2ncia dos testes de localiza\u00e7\u00e3o central em Nova York?<\/h3>\n<p style=\"padding-left: 40px;\">\n\n\n\n<\/p>\n<p style=\"padding-left: 40px;\">As empresas recorrem aos testes de localiza\u00e7\u00e3o central para prever o comportamento do consumidor em diversos grupos socioecon\u00f4micos, culturais e demogr\u00e1ficos para obter uma imagem completa das prefer\u00eancias do consumidor em todos os segmentos de mercado.\u00a0<\/p>\n<p style=\"padding-left: 40px;\">\n\n\n\n<\/p>\n<h3 class=\"wp-block-heading\" style=\"padding-left: 40px;\">O que \u00e9 o Teste de Localiza\u00e7\u00e3o Central ou como ele \u00e9 diferente de outros tipos de pesquisa de mercado?<\/h3>\n<p style=\"padding-left: 40px;\">\n\n\n\n<\/p>\n<p style=\"padding-left: 40px;\">O Teste de Localiza\u00e7\u00e3o Central oferece aos pesquisadores a oportunidade de testar produtos ou conceitos em condi\u00e7\u00f5es do mundo real, o que pode gerar insights mais precisos sobre como os consumidores responder\u00e3o em um ambiente real.\u00a0<\/p>\n<p style=\"padding-left: 40px;\">\n\n\n\n<\/p>\n<h3 class=\"wp-block-heading\" style=\"padding-left: 40px;\">Que tipos de produtos ou servi\u00e7os o CLT usa para testar?<\/h3>\n<p style=\"padding-left: 40px;\">\n\n\n\n<\/p>\n<p style=\"padding-left: 40px;\">Ele pode ser usado para testar uma variedade de produtos e servi\u00e7os diferentes, incluindo bens de consumo, novos tipos de produtos aliment\u00edcios ou de bebidas, campanhas publicit\u00e1rias, designs de embalagens, aplicativos digitais (incluindo sites) e conceitos de varejo. Ele ajuda as empresas a testar conceitos de produtos antes de constru\u00edrem linhas de produ\u00e7\u00e3o em larga escala para que lancem ofertas que atendam \u00e0s expectativas do consumidor.<\/p>\n<p style=\"padding-left: 40px;\">\n\n\n\n<\/p>\n<h3 class=\"wp-block-heading\" style=\"padding-left: 40px;\">Quais s\u00e3o os principais benef\u00edcios de usar CLT em Nova York?<\/h3>\n<p style=\"padding-left: 40px;\">\n\n\n\n<\/p>\n<p style=\"padding-left: 40px;\">Using <a href=\"https:\/\/www.sisinternational.com\/pt\/solucoes\/solucoes-de-pesquisa-quantitativa-qualitativa\/testes-de-locais-centrais-na-cidade-de-nova-york\/\" title=\"Testes de locais centrais na cidade de Nova York: benef\u00edcios para testes de produtos\"  data-wpil-monitor-id=\"1590\">Central Location Testing in New York<\/a> has several advantages: the first is that businesses receive access to the city\u2019s unique consumer population, allowing for more comprehensive and representative data. Due to the high foot traffic in commercial areas, it is easy to find study participants quickly. In addition, businesses obtain data on consumer behavior and preferences in a real-world, urban setting, which is vital for products made for large markets in cosmopolitan cities.<\/p>\n<p style=\"padding-left: 40px;\">\n\n\n\n<\/p>\n<h3 class=\"wp-block-heading\" style=\"padding-left: 40px;\">Como s\u00e3o escolhidos os participantes do CLT em Nova York?<\/h3>\n<p style=\"padding-left: 40px;\">\n\n\n\n<\/p>\n<p style=\"padding-left: 40px;\">Os participantes geralmente s\u00e3o escolhidos com base em caracter\u00edsticas demogr\u00e1ficas e psicogr\u00e1ficas que correspondem ao p\u00fablico-alvo do produto ou servi\u00e7o. Eles podem ser alcan\u00e7ados em \u00e1reas comerciais movimentadas, pain\u00e9is on-line ou bancos de dados onde empresas de pesquisa podem encontrar respondentes qualificados rapidamente.<\/p>\n<p>\n\n<\/p>\n<h2 class=\"wp-block-heading\">O que torna a SIS International Research a principal empresa de testes de localiza\u00e7\u00e3o central em Nova York?<\/h2>\n<p>\u00a0<\/p>\n<p><img loading=\"lazy\" decoding=\"async\" class=\"alignnone size-full wp-image-54528\" src=\"https:\/\/www.sisinternational.com\/wp-content\/uploads\/2024\/12\/Central-location-testing-2.jpeg\" alt=\"Melhor empresa de testes de localiza\u00e7\u00e3o central\" width=\"1312\" height=\"736\" \/><\/p>\n<p>\n\n \n\n<\/p>\n<p>\u00a0<\/p>\n<p>As a <a href=\"https:\/\/www.sisinternational.com\/pt\/melhor-empresa-de-otimizacao-de-vendas-b2b\/\" title=\"Melhor empresa de otimiza\u00e7\u00e3o de vendas B2B\"  data-wpil-monitor-id=\"1677\">empresa de testes de localiza\u00e7\u00e3o central de topo<\/a> in New York, we own our spaces, which allows us to keep costs down but also lets us manage each part of the research process. An example I can think of is a project we worked on with a global consumer goods company that had a team attending with them. They were delighted with how seamless everything was because we didn&#8217;t need to use external facilities or coordinators.<\/p>\n<p>\n\n \n\n<\/p>\n<h3 class=\"wp-block-heading\" style=\"padding-left: 40px;\">Um vasto conjunto de talentos<\/h3>\n<p style=\"padding-left: 40px;\">\n\n \n\n<\/p>\n<p style=\"padding-left: 40px;\">Sempre pensei que uma \u00f3tima pesquisa come\u00e7a com \u00f3timas pessoas. Temos especialistas da ind\u00fastria com anos de experi\u00eancia e conhecimento de dom\u00ednio em pesquisa de mercado.\u00a0<\/p>\n<p style=\"padding-left: 40px;\">\n\n \n\n<\/p>\n<h3 class=\"wp-block-heading\" style=\"padding-left: 40px;\">Experi\u00eancia e hist\u00f3rico<\/h3>\n<p style=\"padding-left: 40px;\">\n\n \n\n<\/p>\n<p style=\"padding-left: 40px;\">Trabalhamos com algumas das marcas mais respeitadas do mundo, incluindo IBM, Nestl\u00e9 e Samsung. Todas elas pedem informa\u00e7\u00f5es em v\u00e1rios pontos de contato. Os anos de experi\u00eancia que trazemos para cada projeto d\u00e3o a voc\u00ea a confian\u00e7a de que nossos especialistas entendem seu setor.<\/p>\n<p style=\"padding-left: 40px;\">\n\n \n\n<\/p>\n<h3 class=\"wp-block-heading\" style=\"padding-left: 40px;\">Instala\u00e7\u00f5es de ponta<\/h3>\n<p style=\"padding-left: 40px;\">\n\n \n\n<\/p>\n<p style=\"padding-left: 40px;\"><a href=\"https:\/\/www.linkedin.com\/company\/sisinternationalresearch\/\" target=\"_blank\" rel=\"noopener\">Nossas instala\u00e7\u00f5es em Nova York<\/a> \u00e9 equipado com ferramentas e tecnologia de ponta, incluindo sistemas de rastreamento ocular e an\u00e1lise de dados em tempo real.<\/p>\n<p style=\"padding-left: 40px;\">\n\n \n\n<\/p>\n<h3 class=\"wp-block-heading\" style=\"padding-left: 40px;\">Recrutamento de Participantes<\/h3>\n<p style=\"padding-left: 40px;\">\n\n \n\n<\/p>\n<p style=\"padding-left: 40px;\">A mistura demogr\u00e1fica mista de Nova York \u00e9 uma mina de ouro para pesquisa de mercado; no entanto, nem todos os profissionais de marketing sabem como realizar seu potencial. Nosso eficiente processo de recrutamento na SIS garante uma amostra representativa que est\u00e1 intimamente alinhada com seu p\u00fablico-alvo.<\/p>\n<p style=\"padding-left: 40px;\">\n\n \n\n<\/p>\n<h3 class=\"wp-block-heading\" style=\"padding-left: 40px;\">Personaliza\u00e7\u00e3o e Flexibilidade<\/h3>\n<p style=\"padding-left: 40px;\">\n\n \n\n<\/p>\n<p style=\"padding-left: 40px;\">Suas necessidades de pesquisa s\u00e3o \u00fanicas, e seu parceiro de teste deve ser capaz de se adaptar de acordo. Seja qual for sua meta de teste \u2014 um novo produto, campanha publicit\u00e1ria ou conceito \u2014 <a href=\"https:\/\/twitter.com\/SISIntlResearch\" target=\"_blank\" rel=\"noopener\">SIS<\/a> tem solu\u00e7\u00f5es personalizadas para dar suporte aos seus objetivos.<\/p>\n<p style=\"padding-left: 40px;\">\n\n \n\n<\/p>\n<h3 class=\"wp-block-heading\" style=\"padding-left: 40px;\">Transpar\u00eancia e comunica\u00e7\u00e3o\u00a0<\/h3>\n<p style=\"padding-left: 40px;\">\n\n \n\n<\/p>\n<p style=\"padding-left: 40px;\">No <a href=\"https:\/\/medium.com\/@sisinternational\/sis-international-c17160da8fac\" target=\"_blank\" rel=\"noopener\">SIS<\/a>, acreditamos que todo relacionamento com o cliente deve ser uma parceria. Trabalhamos juntos com os clientes, do planejamento do projeto at\u00e9 a entrega final, para que eles possam ter confian\u00e7a nos resultados.<\/p>\n<h2>Localiza\u00e7\u00e3o de nossas instala\u00e7\u00f5es em Nova York<\/h2>\n<p>\n\n \n\n<iframe loading=\"lazy\" src=\"https:\/\/www.google.com\/maps\/embed?pb=!1m18!1m12!1m3!1d3022.976188376966!2d-73.99130312499956!3d40.740549471389315!2m3!1f0!2f0!3f0!3m2!1i1024!2i768!4f13.1!3m3!1m2!1s0x89c259a15798c731%3A0xd695d09bdd495f25!2s11%20E%2022nd%20St%20FL%202%2C%20New%20York%2C%20NY%2010010%2C%20USA!5e0!3m2!1sen!2spe!4v1726171763526!5m2!1sen!2spe\" width=\"600\" height=\"450\" allowfullscreen=\"allowfullscreen\" data-mce-fragment=\"1\"><\/iframe>\n\n \n\n<\/p>\n<h3 class=\"wp-block-heading\">11 E 22nd Street, andar 2, Nova York, NY 10010 T: +1(212) 505-6805<\/h3>\n<hr \/>\n<h2><span style=\"font-weight: 400;\">Sobre SIS Internacional<\/span><\/h2>\n<p><a href=\"https:\/\/www.sisinternational.com\/pt\/\"><span style=\"font-weight: 400;\">SIS Internacional<\/span><\/a><span style=\"font-weight: 400;\"> oferece pesquisa quantitativa, qualitativa e estrat\u00e9gica. Fornecemos dados, ferramentas, estrat\u00e9gias, relat\u00f3rios e insights para a tomada de decis\u00f5es. Tamb\u00e9m realizamos entrevistas, pesquisas, grupos focais e outros m\u00e9todos e abordagens de Pesquisa de Mercado.<\/span><a href=\"https:\/\/www.sisinternational.com\/pt\/sobre-a-sis-international-research\/contact-sis-international-market-research\/\"><span style=\"font-weight: 400;\"> Entre em contato conosco<\/span><\/a><span style=\"font-weight: 400;\"> para o seu pr\u00f3ximo projeto de pesquisa de mercado.<\/span><\/p>\n<hr \/>\n<p>\u00a0<\/p>\n<p>\n\n<\/p>\n<p>\n\n\n<\/p>\n\n\n<h2 class=\"wp-block-heading\"><\/h2>","protected":false},"excerpt":{"rendered":"<p>Melhor empresa de testes de localiza\u00e7\u00e3o central O teste de localiza\u00e7\u00e3o central (CLT) \u00e9 uma das maneiras mais poderosas de as empresas aprenderem sobre os pensamentos, sentimentos e desejos dos consumidores. Na SIS International Research, refinamos essa metodologia nos \u00faltimos 40 anos, colaborando com clientes como IBM, Toyota e Samsung para fornecer dados revolucion\u00e1rios que informam decis\u00f5es. O que \u00e9 \u2026 <a title=\"Melhor empresa de testes de localiza\u00e7\u00e3o central\" class=\"read-more\" href=\"https:\/\/www.sisinternational.com\/pt\/central-location-tests-clt-page\/empresa-de-testes-de-localizacao-central-de-topo\/\" aria-label=\"Read more about Top Central Location Testing Company\">Leia mais<\/a><\/p>","protected":false},"author":1,"featured_media":69345,"parent":84538,"menu_order":33,"comment_status":"closed","ping_status":"closed","template":"","meta":{"footnotes":""},"class_list":["post-54504","page","type-page","status-publish","has-post-thumbnail"],"_links":{"self":[{"href":"https:\/\/www.sisinternational.com\/pt\/wp-json\/wp\/v2\/pages\/54504","targetHints":{"allow":["GET"]}}],"collection":[{"href":"https:\/\/www.sisinternational.com\/pt\/wp-json\/wp\/v2\/pages"}],"about":[{"href":"https:\/\/www.sisinternational.com\/pt\/wp-json\/wp\/v2\/types\/page"}],"author":[{"embeddable":true,"href":"https:\/\/www.sisinternational.com\/pt\/wp-json\/wp\/v2\/users\/1"}],"replies":[{"embeddable":true,"href":"https:\/\/www.sisinternational.com\/pt\/wp-json\/wp\/v2\/comments?post=54504"}],"version-history":[{"count":11,"href":"https:\/\/www.sisinternational.com\/pt\/wp-json\/wp\/v2\/pages\/54504\/revisions"}],"predecessor-version":[{"id":76044,"href":"https:\/\/www.sisinternational.com\/pt\/wp-json\/wp\/v2\/pages\/54504\/revisions\/76044"}],"up":[{"embeddable":true,"href":"https:\/\/www.sisinternational.com\/pt\/wp-json\/wp\/v2\/pages\/84538"}],"wp:featuredmedia":[{"embeddable":true,"href":"https:\/\/www.sisinternational.com\/pt\/wp-json\/wp\/v2\/media\/69345"}],"wp:attachment":[{"href":"https:\/\/www.sisinternational.com\/pt\/wp-json\/wp\/v2\/media?parent=54504"}],"curies":[{"name":"wp","href":"https:\/\/api.w.org\/{rel}","templated":true}]}}