{"id":54501,"date":"2024-12-06T05:12:56","date_gmt":"2024-12-06T10:12:56","guid":{"rendered":"https:\/\/www.sisinternational.com\/?page_id=54501"},"modified":"2026-01-27T16:45:52","modified_gmt":"2026-01-27T21:45:52","slug":"top-automotive-market-research-company","status":"publish","type":"page","link":"https:\/\/www.sisinternational.com\/pt\/pericia\/pesquisa-de-mercado-automotivo\/top-automotive-market-research-company\/","title":{"rendered":"Melhor empresa de pesquisa de mercado automotivo"},"content":{"rendered":"<h1 class=\"gb-headline gb-headline-814e869a gb-headline-text\">Melhor empresa de pesquisa de mercado automotivo<\/h1>\n\n\n\n<figure class=\"gb-block-image gb-block-image-05220a99\"><img loading=\"lazy\" decoding=\"async\" width=\"1456\" height=\"816\" class=\"gb-image gb-image-05220a99\" src=\"https:\/\/www.sisinternational.com\/wp-content\/uploads\/2025\/08\/Automotive-6.jpg\" alt=\"Pesquisa e Estrat\u00e9gia de Mercado Internacional da SIS\" title=\"Automotive (6)\" srcset=\"https:\/\/www.sisinternational.com\/wp-content\/uploads\/2025\/08\/Automotive-6.jpg 1456w, https:\/\/www.sisinternational.com\/wp-content\/uploads\/2025\/08\/Automotive-6-300x168.jpg 300w, https:\/\/www.sisinternational.com\/wp-content\/uploads\/2025\/08\/Automotive-6-1024x574.jpg 1024w, https:\/\/www.sisinternational.com\/wp-content\/uploads\/2025\/08\/Automotive-6-768x430.jpg 768w, https:\/\/www.sisinternational.com\/wp-content\/uploads\/2025\/08\/Automotive-6-18x10.jpg 18w\" sizes=\"auto, (max-width: 1456px) 100vw, 1456px\"><\/figure>\n\n\n\n<hr class=\"wp-block-separator has-alpha-channel-opacity is-style-dots\"\/>\n\n\n\n<h3 class=\"wp-block-heading\">O mercado automotivo atual n\u00e3o se trata mais apenas de fabricar carros; trata-se de entender as necessidades profundas e em constante mudan\u00e7a dos consumidores, prever mudan\u00e7as de mercado e adotar tecnologias emergentes.<\/h3>\n\n\n\n<p>Como uma das principais empresas de pesquisa de mercado automotivo, tivemos a sorte de fazer parcerias com algumas das marcas automotivas mais conhecidas globalmente, incluindo Ford, Toyota, BMW e Volkswagen. Permitimos que essas pot\u00eancias fiquem um passo \u00e0 frente em um espa\u00e7o em constante evolu\u00e7\u00e3o e, agora, com o surgimento de EVs, tecnologia de dire\u00e7\u00e3o aut\u00f4noma e ve\u00edculos conectados, ajudamos a entender como a atitude do mercado est\u00e1 mudando mais do que nunca.<\/p>\n\n\n\n<h2 class=\"wp-block-heading\">Pesquisa de mercado automotivo \u2014 O que \u00e9 e por que \u00e9 importante?<\/h2>\n\n\n\n<p>Automotivo <a href=\"https:\/\/www.linkedin.com\/pulse\/how-market-research-enables-growth-ruth-stanat-phekf\/\" target=\"_blank\" rel=\"noopener\">pesquisa de mercado<\/a> envolve entender por que os consumidores compram carros, as influ\u00eancias em suas escolhas e o que ditar\u00e1 suas escolhas no futuro. Ela permite que as empresas obtenham insights cr\u00edticos e permane\u00e7am competitivas em um ambiente de constante mudan\u00e7a.<\/p>\n\n\n\n<p>Esse <a href=\"https:\/\/www.sisinternational.com\/pt\/solucoes\/legal-market-research\/mock-jury-market-research-3\/\" title=\"Melhor empresa de pesquisa de mercado de j\u00fari simulado\" data-wpil-monitor-id=\"916\">market research captures the data enabling companies<\/a> to adapt to changing consumer behavior. For example, consumers are becoming more environmentally aware and gravitating toward EVs and more fuel-efficient vehicles.<\/p>\n\n\n\n<h2 class=\"wp-block-heading\">Quais s\u00e3o as melhores t\u00e9cnicas de pesquisa de mercado automotivo<\/h2>\n\n\n\n<figure class=\"gb-block-image gb-block-image-26fc4209\"><img loading=\"lazy\" decoding=\"async\" width=\"1456\" height=\"816\" class=\"gb-image gb-image-26fc4209\" src=\"https:\/\/www.sisinternational.com\/wp-content\/uploads\/2025\/09\/Automotive-Market-Research-in-Europe-1.jpg\" alt=\"Pesquisa e Estrat\u00e9gia de Mercado Internacional da SIS\" title=\"Automotive Market Research in Europe (1)\" srcset=\"https:\/\/www.sisinternational.com\/wp-content\/uploads\/2025\/09\/Automotive-Market-Research-in-Europe-1.jpg 1456w, https:\/\/www.sisinternational.com\/wp-content\/uploads\/2025\/09\/Automotive-Market-Research-in-Europe-1-300x168.jpg 300w, https:\/\/www.sisinternational.com\/wp-content\/uploads\/2025\/09\/Automotive-Market-Research-in-Europe-1-1024x574.jpg 1024w, https:\/\/www.sisinternational.com\/wp-content\/uploads\/2025\/09\/Automotive-Market-Research-in-Europe-1-768x430.jpg 768w, https:\/\/www.sisinternational.com\/wp-content\/uploads\/2025\/09\/Automotive-Market-Research-in-Europe-1-18x10.jpg 18w\" sizes=\"auto, (max-width: 1456px) 100vw, 1456px\"><\/figure>\n\n\n\n<p><\/p>\n\n\n\n<p>To help you understand how we provide deep, actionable insights, let me give you some <a href=\"https:\/\/www.sisinternational.com\/pt\/empresa-lider-global-em-pesquisa-qualitativa\/\" title=\"Empresa l\u00edder global em pesquisa qualitativa\" data-wpil-monitor-id=\"1037\">top automotive market research<\/a> methods we use:<\/p>\n\n\n<p>\n\n\n<\/p>\n<h4 class=\"wp-block-heading\">Pesquisas de consumidores e grupos focais\u00a0<\/h4>\n<p>Esses m\u00e9todos nos permitem acessar insights em primeira m\u00e3o de compradores de carros sobre suas prefer\u00eancias, opini\u00f5es e comportamentos. Como os procedimentos podem ser usados para abordar quest\u00f5es-chave (por exemplo, por meio de pesquisas estruturadas e discuss\u00f5es de grupos focais guiadas):<\/p>\n<p>\n\n\n\n<\/p>\n<ul class=\"wp-block-list\">\n\n<li>O que os consumidores priorizam quando se trata de ve\u00edculos?<\/li>\n\n \n\n<li>\u00a0Como a preocupa\u00e7\u00e3o com o meio ambiente afeta suas decis\u00f5es de compra?<\/li>\n\n \n\n<li>O que desencadeia a fidelidade \u00e0 marca automotiva?<\/li>\n\n<\/ul>\n<p>\n\n\n\n<\/p>\n<p>Quando trabalhamos com a Toyota, por exemplo, para entender melhor o interesse do consumidor em ve\u00edculos h\u00edbridos, conduzimos pesquisas e grupos de foco em muitas regi\u00f5es. Esses dados permitiram que a Toyota ajustasse suas ofertas de produtos e estrat\u00e9gias de marketing, levando a um alinhamento mais pr\u00f3ximo entre os fabricantes e os clientes.<\/p>\n<p>\n\n\n\n<\/p>\n<h4 class=\"wp-block-heading\">Analise competitiva<\/h4>\n<p>\n\n\n\n<\/p>\n<p>Conduzimos uma an\u00e1lise competitiva detalhada para determinar os pontos fortes, fracos, oportunidades e amea\u00e7as dos principais participantes do setor. Por exemplo, quando a Volkswagen lan\u00e7ou um novo modelo de ve\u00edculo el\u00e9trico, n\u00f3s os ajudamos a entender como seus concorrentes estavam posicionando seus EVs, o que os consumidores queriam e onde havia lacunas no mercado.<\/p>\n<p>\n\n\n\n<\/p>\n<p>Ajudou a Volkswagen a personalizar suas campanhas de marketing e garantir que seu produto atenderia \u00e0s necessidades espec\u00edficas dos consumidores.<\/p>\n<p>\n\n\n\n<\/p>\n<h4 class=\"wp-block-heading\">Previs\u00e3o de tend\u00eancias, dados e an\u00e1lises<\/h4>\n<p>\n\n\n\n<\/p>\n<p>Podemos prever novas tend\u00eancias no comportamento do consumidor, avan\u00e7os tecnol\u00f3gicos e mudan\u00e7as de mercado. Isso permite que nossos clientes antecipem mudan\u00e7as e atuem como pioneiros em seu setor.<\/p>\n<p>\n\n\n\n<\/p>\n<p>Por exemplo, trabalhamos com a BMW para estudar o sentimento do consumidor em dire\u00e7\u00e3o aut\u00f4noma. Ao alavancar an\u00e1lises avan\u00e7adas de dados, fomos capazes de medir o pulso do consumidor e identificar v\u00e1rios pontos de dor amplos do consumidor \u2014 como seguran\u00e7a, acessibilidade e ambiente regulat\u00f3rio \u2014 que informaram a estrat\u00e9gia de marketing e desenvolvimento de produtos da BMW.\u00a0<\/p>\n<p>\n\n\n<\/p>\n\n\n<h2 class=\"wp-block-heading\">Por que voc\u00ea precisa de uma empresa de ponta em pesquisa de mercado automotivo?<\/h2>\n\n\n\n<p>In fact, from what I\u2019ve seen, there\u2019s a stark contrast between just collecting data and actually <a href=\"https:\/\/www.sisinternational.com\/pt\/pericia\/industrias\/pesquisa-de-mercado-sobre-utilidades\/\" title=\"Pesquisa de mercado em servi\u00e7os p\u00fablicos\" data-wpil-monitor-id=\"4040\">utilizing market research<\/a> to achieve legitimate business success. SIS helps automotive companies advance their insights, providing solutions that revolutionize decision-making, drive growth, and allow our clients to navigate the intricacies of the automotive industry with certainty.<\/p>\n\n\n\n<h4 class=\"wp-block-heading\">Tomada de decis\u00e3o baseada em dados<\/h4>\n\n\n\n<p>Uma das melhores partes do meu trabalho \u00e9 testemunhar em primeira m\u00e3o como analisar e interpretar dados corretamente pode mudar o curso de um neg\u00f3cio. Tenho visto empresas passarem da confus\u00e3o para a clareza, onde as decis\u00f5es s\u00e3o baseadas em evid\u00eancias concretas em vez de intui\u00e7\u00e3o ou palpites.<\/p>\n\n\n\n<h4 class=\"wp-block-heading\">Compreens\u00e3o profunda do comportamento do consumidor<\/h4>\n\n\n\n<p>H\u00e1 muito tempo afirmo que o &quot;porqu\u00ea&quot; por tr\u00e1s do comportamento do consumidor \u00e9 t\u00e3o cr\u00edtico quanto o &quot;o qu\u00ea&quot;. Nossa pesquisa revela as motiva\u00e7\u00f5es, atitudes e prefer\u00eancias subjacentes dos consumidores.<\/p>\n\n\n\n<p>Dados mais profundos tornam mais f\u00e1cil para nossos clientes se conectarem melhor com seu p\u00fablico em um n\u00edvel emocional e pr\u00e1tico. Para mim, \u00e9 sobre saber o que os dados nos dizem e como a hist\u00f3ria por tr\u00e1s deles pode levar a decis\u00f5es de neg\u00f3cios mais inteligentes.<\/p>\n\n\n\n<h4 class=\"wp-block-heading\">Destaque-se na competi\u00e7\u00e3o<\/h4>\n\n\n\n<p>O setor automotivo \u00e9 altamente competitivo, e eu sei disso por experi\u00eancia pr\u00f3pria; tornar-se um l\u00edder de mercado em um mercado t\u00e3o saturado pode ser um grande desafio. \u00c9 por isso que conduzimos an\u00e1lises competitivas extensivas para descobrir oportunidades para ajudar nossos clientes a se destacarem.&nbsp;<\/p>\n\n\n\n<h4 class=\"wp-block-heading\">Reconhecer mudan\u00e7as e tend\u00eancias de mercado<\/h4>\n\n\n\n<p>I\u2019ve been in this business long enough to see how quickly the automotive landscape changes. Trends are always changing, from the jump of electric <a href=\"https:\/\/www.sisinternational.com\/pt\/pericia\/industrias\/pesquisa-de-mercado-automotivo\/quais-sao-as-preocupacoes-dos-consumidores-sobre-carros-autonomos\/\" title=\"What Are Consumers&#8217; Concerns About Self-Driving Cars?\" data-wpil-monitor-id=\"1573\">cars to the growing significance of self-driving<\/a> cars.<\/p>\n\n\n\n<h2 class=\"wp-block-heading\">Os pr\u00f3s e contras das cl\u00ednicas automotivas<\/h2>\n\n\n\n<p><\/p>\n\n\n\n<figure class=\"gb-block-image gb-block-image-f3f55f29\"><img loading=\"lazy\" decoding=\"async\" width=\"1456\" height=\"816\" class=\"gb-image gb-image-f3f55f29\" src=\"https:\/\/www.sisinternational.com\/wp-content\/uploads\/2025\/09\/Automotive-Market-Research-in-Europe-4.jpg\" alt=\"Pesquisa e Estrat\u00e9gia de Mercado Internacional da SIS\" title=\"Automotive Market Research in Europe (4)\" srcset=\"https:\/\/www.sisinternational.com\/wp-content\/uploads\/2025\/09\/Automotive-Market-Research-in-Europe-4.jpg 1456w, https:\/\/www.sisinternational.com\/wp-content\/uploads\/2025\/09\/Automotive-Market-Research-in-Europe-4-300x168.jpg 300w, https:\/\/www.sisinternational.com\/wp-content\/uploads\/2025\/09\/Automotive-Market-Research-in-Europe-4-1024x574.jpg 1024w, https:\/\/www.sisinternational.com\/wp-content\/uploads\/2025\/09\/Automotive-Market-Research-in-Europe-4-768x430.jpg 768w, https:\/\/www.sisinternational.com\/wp-content\/uploads\/2025\/09\/Automotive-Market-Research-in-Europe-4-18x10.jpg 18w\" sizes=\"auto, (max-width: 1456px) 100vw, 1456px\"><\/figure>\n\n\n\n<p><\/p>\n\n\n\n<p>Car clinics represent a specialized form of consumer <a href=\"https:\/\/www.sisinternational.com\/pt\/pericia\/industrias\/pesquisa-de-mercado-automotivo\/pesquisa-de-consumo-automotivo-para-veiculos-eletricos\/\" title=\"Por que a pesquisa do consumidor automotivo \u00e9 t\u00e3o vital hoje com o futuro dos ve\u00edculos el\u00e9tricos\" data-wpil-monitor-id=\"2130\">pesquisar<\/a> that provides in-depth insight into vehicle design, features, and overall consumer sentiment. Having worked closely with various automotive brands to conduct car clinics, I\u2019ve seen this method&#8217;s significant benefits and potential drawbacks.&nbsp;<\/p>\n\n\n\n<h3 class=\"wp-block-heading\">As vantagens das cl\u00ednicas automotivas<\/h3>\n\n\n\n<p><strong>1. Rea\u00e7\u00f5es do consumidor em tempo real<\/strong><\/p>\n\n\n\n<p>Diferentemente de pesquisas tradicionais ou grupos focais, as cl\u00ednicas de carros geralmente envolvem prot\u00f3tipos f\u00edsicos ou virtuais, o que permite que os participantes interajam diretamente com o ve\u00edculo. Essa experi\u00eancia pr\u00e1tica fornece insights inestim\u00e1veis sobre os sentimentos dos consumidores sobre certos recursos, designs ou tecnologias antes que eles cheguem ao mercado.<\/p>\n\n\n\n<p><strong>2. Testes mais precisos de conceitos de produtos<\/strong><\/p>\n\n\n\n<p>Cl\u00ednicas automotivas oferecem a oportunidade de testar conceitos de produtos reais ou quase finais de uma forma que m\u00e9todos de pesquisa mais abstratos n\u00e3o conseguem.&nbsp;<\/p>\n\n\n\n<p>O benef\u00edcio aqui \u00e9 claro: os conceitos de produtos podem ser refinados antes do in\u00edcio da produ\u00e7\u00e3o em massa, reduzindo a probabilidade de erros ou trope\u00e7os dispendiosos. Pela minha experi\u00eancia, esse feedback detalhado \u00e9 inestim\u00e1vel para refinar produtos no in\u00edcio do processo de desenvolvimento.<\/p>\n\n\n\n<p><strong>3. Helps Identify <a href=\"https:\/\/www.sisinternational.com\/pt\/publicidade-de-choque-e-marketing-de-choque\/\" title=\"Publicidade de choque e marketing de choque\" data-wpil-monitor-id=\"7569\">Brand Perceptions and Market<\/a> Posicionamento<\/strong><\/p>\n\n\n\n<p>Al\u00e9m de testar caracter\u00edsticas ou conceitos espec\u00edficos do ve\u00edculo, as cl\u00ednicas automotivas tamb\u00e9m ajudam as empresas a avaliar sua percep\u00e7\u00e3o de marca no mercado. Os participantes das cl\u00ednicas automotivas geralmente s\u00e3o questionados sobre imagem da marca, pre\u00e7os e concorrentes, oferecendo insights sobre onde uma empresa se posiciona aos olhos dos consumidores. Isso \u00e9 especialmente \u00fatil ao lan\u00e7ar um novo modelo ou reformular um modelo existente.<\/p>\n\n\n\n<h3 class=\"wp-block-heading\">As desvantagens das cl\u00ednicas automotivas<\/h3>\n\n\n\n<p><strong>Altos custos e recursos<\/strong><\/p>\n\n\n\n<p>H\u00e1 despesas para recrutar participantes, alugar um espa\u00e7o e conduzir o evento. Falando da perspectiva de um CEO, vi como esses custos podem se acumular rapidamente, ent\u00e3o \u00e9 vital que as empresas considerem cuidadosamente se os insights que est\u00e3o buscando justificam a despesa.<\/p>\n\n\n\n<p>Suponha que uma marca esteja com or\u00e7amento curto. Nesse caso, pode ser mais vi\u00e1vel usar m\u00e9todos de pesquisa mais baratos, como pesquisas ou grupos focais, e adiar a cl\u00ednica do carro at\u00e9 que pesquisas iniciais suficientes justifiquem o processo de cl\u00ednica do carro mais envolvido.<\/p>\n\n\n\n<p><strong>Pools de participantes limitados<\/strong><\/p>\n\n\n\n<p>As cl\u00ednicas de carros tendem a ter menos participantes do que a maioria das t\u00e9cnicas de pesquisa de mercado. Embora esses grupos menores e discretos possam oferecer insights t\u00e1ticos e diferenciados, eles nem sempre refletem a gama de perspectivas dentro do mercado-alvo maior.&nbsp;<\/p>\n\n\n\n<p><strong>Vi\u00e9s de pesquisa<\/strong><\/p>\n\n\n\n<p>Os moderadores podem inadvertidamente enquadrar as respostas dos participantes, guiando-os para certas cren\u00e7as ou rea\u00e7\u00f5es e, din\u00e2micas de grupo \u00e0 parte, os participantes podem sentir press\u00e3o social para dar respostas aceit\u00e1veis. Enquanto n\u00f3s da SIS International tomamos todas as precau\u00e7\u00f5es para mitigar esse vi\u00e9s com moderadores experientes, \u00e9 algo a ser lembrado em qualquer cl\u00ednica automotiva.<\/p>\n\n\n\n<h2 class=\"wp-block-heading\">Perguntas frequentes sobre pesquisa de mercado automotivo<\/h2>\n\n\n<p>\n\n\n<\/p>\n<h3 class=\"wp-block-heading\" style=\"padding-left: 40px;\">1. O que \u00e9 pesquisa de mercado automotivo e por que ela \u00e9 importante?<\/h3>\n<p style=\"padding-left: 40px;\">\n\n\n\n<\/p>\n<p style=\"padding-left: 40px;\"><a href=\"https:\/\/www.sisinternational.com\/pt\/pericia\/industrias\/pesquisa-de-mercado-automotivo\/clinicas-de-carros-estaticos-vs-dinamicos\/\" title=\"Market Research Methods for Automotive Research &#8211; Static vs Dynamic Car Clinics\" data-wpil-monitor-id=\"1547\">Automotive market research<\/a> allows businesses to better understand their customers and make more informed decisions as technological advancements evolve and consumer needs change.<\/p>\n<p style=\"padding-left: 40px;\">\n\n\n\n<\/p>\n<h3 class=\"wp-block-heading\" style=\"padding-left: 40px;\">2. Como a pesquisa de mercado automotivo ajuda as empresas a superar umas \u00e0s outras em um mercado competitivo?<\/h3>\n<p style=\"padding-left: 40px;\">\n\n\n\n<\/p>\n<p style=\"padding-left: 40px;\"><a href=\"https:\/\/www.sisinternational.com\/pt\/mercado-global-de-sensores-automotivos\/\" title=\"Pesquisa de mercado de sensores automotivos\" data-wpil-monitor-id=\"1776\">Automotive market research<\/a> empowers organizations to anticipate shifts in consumer desires, competitor movements, and market dynamics \u2014 all of which inspire innovation. It helps the business to recognize new possibilities, prevent risks, and produce goods that satisfy consumer needs, allowing them to gain an advantage in the market.<\/p>\n<p style=\"padding-left: 40px;\">\n\n\n\n<\/p>\n<h3 class=\"wp-block-heading\" style=\"padding-left: 40px;\">3. Como o comportamento do consumidor faz parte da pesquisa de mercado automotivo?<\/h3>\n<p style=\"padding-left: 40px;\">\n\n\n\n<\/p>\n<p style=\"padding-left: 40px;\"><a href=\"https:\/\/www.sisinternational.com\/pt\/principais-fatores-de-sucesso-na-pesquisa-de-mercado-automotivo\/\" title=\"Principais fatores de sucesso na pesquisa de mercado automotivo\" data-wpil-monitor-id=\"2507\">Automotive market research<\/a> heavily relies on consumer behavior, which is essential for the success of every business. For example, growing concern about environmental sustainability is boosting demand for electric and hybrid vehicles.<\/p>\n<p style=\"padding-left: 40px;\">\n\n\n\n<\/p>\n<h3 class=\"wp-block-heading\" style=\"padding-left: 40px;\">4. Por que a sustentabilidade \u00e9 importante na pesquisa de mercado automotivo?<\/h3>\n<p style=\"padding-left: 40px;\">\n\n\n\n<\/p>\n<p style=\"padding-left: 40px;\">More and more consumers are looking for environmentally friendly options, which has resulted in a surge of electric and hybrid vehicles. Automotive <a href=\"https:\/\/www.sisinternational.com\/pt\/empresa-lider-global-em-pesquisa-quantitativa-de-mercado\/\" title=\"Empresa l\u00edder global em pesquisa quantitativa de mercado\" data-wpil-monitor-id=\"1048\">market research companies<\/a> use sustainability to understand how it impacts the decision-making process and obtain relevant features according to what consumers value, such as fuel efficiency, low emissions, or recyclable materials.<\/p>\n<p style=\"padding-left: 40px;\">\n\n\n\n<\/p>\n<h3 class=\"wp-block-heading\" style=\"padding-left: 40px;\">5. Como a pesquisa de mercado afeta as estrat\u00e9gias de marketing e publicidade?<\/h3>\n<p style=\"padding-left: 40px;\">\n\n\n\n<\/p>\n<p style=\"padding-left: 40px;\">Entender o que influencia as decis\u00f5es de compra \u2013 do pre\u00e7o \u00e0 seguran\u00e7a ou desempenho \u2013 permite que as corpora\u00e7\u00f5es personalizem suas campanhas para se conectar com o p\u00fablico desejado. Tamb\u00e9m impulsiona a otimiza\u00e7\u00e3o de canais de publicidade e mensagens para aumentar o engajamento.<\/p>\n<p>\n\n\n<\/p>\n\n\n<h2 class=\"wp-block-heading\">Por que a SIS International \u00e9 uma das principais empresas de pesquisa de mercado automotivo?<\/h2>\n\n\n\n<p>Por mais de 40 anos, <a href=\"https:\/\/www.linkedin.com\/company\/sisinternationalresearch\/\" target=\"_blank\" rel=\"noopener\">SIS Internacional<\/a> tem ajudado marcas automotivas a navegarem em complexidades globais. Trabalhei ao lado de um grupo muito talentoso de especialistas que est\u00e3o todos unidos em um objetivo: tornar nossos clientes bem-sucedidos, dando a eles insights acion\u00e1veis e de alta fidelidade.<\/p>\n\n\n<h3 class=\"wp-block-heading\" style=\"padding-left: 40px;\">D\u00e9cadas de experi\u00eancia equivalem a especializa\u00e7\u00e3o<\/h3>\n\n<p style=\"padding-left: 40px;\">Temos trabalhado com marcas l\u00edderes, utilizando nossa ampla experi\u00eancia na ind\u00fastria automotiva para fornecer solu\u00e7\u00f5es de pesquisa personalizadas. Ao longo da minha carreira, testemunhei o setor automotivo passar por mudan\u00e7as s\u00edsmicas \u2014 novas tecnologias, evolu\u00e7\u00e3o das necessidades do consumidor e tend\u00eancias globais emergentes... Mas uma coisa n\u00e3o mudou: nossa dedica\u00e7\u00e3o em produzir pesquisas que gerem resultados \u2014 impacto real nos neg\u00f3cios.<\/p>\n\n<h3 class=\"wp-block-heading\" style=\"padding-left: 40px;\">Alcance global, experi\u00eancia local<\/h3>\n\n<p style=\"padding-left: 40px;\">The automotive market is worldwide, but each market has its characteristics, preferences, and challenges. We have a range of specialists globally with in-depth knowledge of their respective <a href=\"https:\/\/www.sisinternational.com\/pt\/opiniao-sobre-o-produto-insights-culturais-da-asia-para-a-europa-entrada-no-mercado\/\" title=\"Pesquisa de entrada no mercado automotivo | Estudo de caso\" data-wpil-monitor-id=\"6665\">markets and strong automotive<\/a> experience. Our grounding in local expertise and global footprint provide regionally relevant and globally informed insights.<\/p>\n\n<h3 class=\"wp-block-heading\" style=\"padding-left: 40px;\">Metodologias de Pesquisa de Pr\u00f3xima Gera\u00e7\u00e3o<\/h3>\n\n<p style=\"padding-left: 40px;\">Implementamos ferramentas e t\u00e9cnicas modernas para coletar os melhores dados que podemos. N\u00f3s nos esfor\u00e7amos para fornecer aos nossos clientes os insights mais precisos e acion\u00e1veis por meio de diversas metodologias. Essa mistura de metodologias nos permite navegar no setor automotivo de forma eficaz e gerar insights que informam designs de produtos, mensagens de marca e estrat\u00e9gias de marketing.<\/p>\n\n<h3 class=\"wp-block-heading\" style=\"padding-left: 40px;\">Insights personalizados e acion\u00e1veis<\/h3>\n\n<p style=\"padding-left: 40px;\">Tenho muito orgulho de como sempre fornecemos insights personalizados e acion\u00e1veis. Entendemos que os clientes variam e t\u00eam seu pr\u00f3prio conjunto de objetivos, desafios e necessidades. \u00c9 por isso que cada projeto que conclu\u00edmos \u00e9 personalizado.<\/p>\n<h2>\u00a0<\/h2>\n\n<h2>Localiza\u00e7\u00e3o de nossas instala\u00e7\u00f5es em Nova York<\/h2>\n<p><!-- \/wp:post-content --> <!-- wp:html --> <iframe loading=\"lazy\" src=\"https:\/\/www.google.com\/maps\/embed?pb=!1m18!1m12!1m3!1d3022.976188376966!2d-73.99130312499956!3d40.740549471389315!2m3!1f0!2f0!3f0!3m2!1i1024!2i768!4f13.1!3m3!1m2!1s0x89c259a15798c731%3A0xd695d09bdd495f25!2s11%20E%2022nd%20St%20FL%202%2C%20New%20York%2C%20NY%2010010%2C%20USA!5e0!3m2!1sen!2spe!4v1726171763526!5m2!1sen!2spe\" width=\"600\" height=\"450\" allowfullscreen=\"allowfullscreen\" data-mce-fragment=\"1\"><\/iframe> <!-- \/wp:html --> <!-- wp:paragraph --><\/p>\n<h3 class=\"wp-block-heading\">11 E 22nd Street, andar 2, Nova York, NY 10010 T: +1(212) 505-6805<\/h3>\n<hr \/>\n<h2><span style=\"font-weight: 400;\">Sobre SIS Internacional<\/span><\/h2>\n<p><a href=\"https:\/\/www.sisinternational.com\/pt\/\"><span style=\"font-weight: 400;\">SIS Internacional<\/span><\/a><span style=\"font-weight: 400;\"> oferece pesquisa quantitativa, qualitativa e estrat\u00e9gica. Fornecemos dados, ferramentas, estrat\u00e9gias, relat\u00f3rios e insights para a tomada de decis\u00f5es. Tamb\u00e9m realizamos entrevistas, pesquisas, grupos focais e outros m\u00e9todos e abordagens de Pesquisa de Mercado.<\/span><a href=\"https:\/\/www.sisinternational.com\/pt\/sobre-a-sis-international-research\/contact-sis-international-market-research\/\"><span style=\"font-weight: 400;\"> Entre em contato conosco<\/span><\/a><span style=\"font-weight: 400;\"> para o seu pr\u00f3ximo projeto de pesquisa de mercado.<\/span><\/p>\n<hr \/>","protected":false},"excerpt":{"rendered":"<p>A principal empresa de pesquisa de mercado automotivo O mercado automotivo de hoje n\u00e3o se trata mais apenas de construir carros; trata-se de entender as necessidades profundas e em constante mudan\u00e7a dos consumidores, prever mudan\u00e7as de mercado e adotar tecnologias emergentes. Como uma das principais empresas de pesquisa de mercado automotivo, tivemos a sorte de fazer parcerias com algumas das marcas automotivas mais conhecidas globalmente, incluindo Ford, Toyota, BMW e \u2026 <a title=\"Melhor empresa de pesquisa de mercado automotivo\" class=\"read-more\" href=\"https:\/\/www.sisinternational.com\/pt\/pericia\/pesquisa-de-mercado-automotivo\/top-automotive-market-research-company\/\" aria-label=\"Read more about Top Automotive Market Research Company\">Leia mais<\/a><\/p>","protected":false},"author":1,"featured_media":62611,"parent":11155,"menu_order":4,"comment_status":"closed","ping_status":"closed","template":"","meta":{"footnotes":""},"class_list":["post-54501","page","type-page","status-publish","has-post-thumbnail"],"_links":{"self":[{"href":"https:\/\/www.sisinternational.com\/pt\/wp-json\/wp\/v2\/pages\/54501","targetHints":{"allow":["GET"]}}],"collection":[{"href":"https:\/\/www.sisinternational.com\/pt\/wp-json\/wp\/v2\/pages"}],"about":[{"href":"https:\/\/www.sisinternational.com\/pt\/wp-json\/wp\/v2\/types\/page"}],"author":[{"embeddable":true,"href":"https:\/\/www.sisinternational.com\/pt\/wp-json\/wp\/v2\/users\/1"}],"replies":[{"embeddable":true,"href":"https:\/\/www.sisinternational.com\/pt\/wp-json\/wp\/v2\/comments?post=54501"}],"version-history":[{"count":19,"href":"https:\/\/www.sisinternational.com\/pt\/wp-json\/wp\/v2\/pages\/54501\/revisions"}],"predecessor-version":[{"id":81192,"href":"https:\/\/www.sisinternational.com\/pt\/wp-json\/wp\/v2\/pages\/54501\/revisions\/81192"}],"up":[{"embeddable":true,"href":"https:\/\/www.sisinternational.com\/pt\/wp-json\/wp\/v2\/pages\/11155"}],"wp:featuredmedia":[{"embeddable":true,"href":"https:\/\/www.sisinternational.com\/pt\/wp-json\/wp\/v2\/media\/62611"}],"wp:attachment":[{"href":"https:\/\/www.sisinternational.com\/pt\/wp-json\/wp\/v2\/media?parent=54501"}],"curies":[{"name":"wp","href":"https:\/\/api.w.org\/{rel}","templated":true}]}}