{"id":54475,"date":"2024-12-08T21:11:02","date_gmt":"2024-12-09T02:11:02","guid":{"rendered":"https:\/\/www.sisinternational.com\/?page_id=54475"},"modified":"2026-01-27T16:45:54","modified_gmt":"2026-01-27T21:45:54","slug":"pesquisa-de-mercado-na-alemanha-2","status":"publish","type":"page","link":"https:\/\/www.sisinternational.com\/pt\/cobertura\/europa\/pesquisa-de-mercado-na-alemanha-2\/","title":{"rendered":"Pesquisa de mercado na Alemanha"},"content":{"rendered":"<h1 class=\"wp-block-heading\">Pesquisa de mercado na Alemanha<\/h1>\n\n\n\n<figure class=\"gb-block-image gb-block-image-8c635337\"><img loading=\"lazy\" decoding=\"async\" width=\"1456\" height=\"816\" class=\"gb-image gb-image-8c635337\" src=\"https:\/\/www.sisinternational.com\/wp-content\/uploads\/2025\/09\/Germany-4.jpg\" alt=\"Pesquisa e Estrat\u00e9gia de Mercado Internacional da SIS\" title=\"Germany (4)\" srcset=\"https:\/\/www.sisinternational.com\/wp-content\/uploads\/2025\/09\/Germany-4.jpg 1456w, https:\/\/www.sisinternational.com\/wp-content\/uploads\/2025\/09\/Germany-4-300x168.jpg 300w, https:\/\/www.sisinternational.com\/wp-content\/uploads\/2025\/09\/Germany-4-1024x574.jpg 1024w, https:\/\/www.sisinternational.com\/wp-content\/uploads\/2025\/09\/Germany-4-768x430.jpg 768w, https:\/\/www.sisinternational.com\/wp-content\/uploads\/2025\/09\/Germany-4-18x10.jpg 18w\" sizes=\"auto, (max-width: 1456px) 100vw, 1456px\"><\/figure>\n\n\n\n<hr class=\"wp-block-separator has-alpha-channel-opacity is-style-dots\"\/>\n\n\n\n<h3 class=\"wp-block-heading\">A pesquisa de mercado na Alemanha \u00e9 crucial para qualquer empresa que queira se estabelecer em um dos mercados mais competitivos e sofisticados da Europa.<\/h3>\n\n\n\n<p>Voc\u00ea conhece o mercado alem\u00e3o t\u00e3o bem quanto pensa? Como CEO da SIS International, observei que muitas empresas ignoram as realidades de entrar ou crescer na Alemanha. \u00c9 realmente sobre as sutilezas do comportamento do consumidor, expectativas culturais e ambientes regulat\u00f3rios. \u00c9 por isso que nosso alcance global e percep\u00e7\u00e3o especializada ajudam as empresas a navegar pelos dados e convert\u00ea-los em estrat\u00e9gias acion\u00e1veis.<\/p>\n\n\n\n<h2 class=\"wp-block-heading\">Por que \u00e9 essencial realizar uma pesquisa de mercado na Alemanha?<\/h2>\n\n\n\n<p>At SIS International, we\u2019ve been in the market <a href=\"https:\/\/www.sisinternational.com\/pt\/solucoes\/solucoes-de-pesquisa-quantitativa-qualitativa\/quantitative-research-in-germany\/\" title=\"Quantitative Research in Germany\"  data-wpil-monitor-id=\"862\">research business in Germany<\/a> for decades, and one thing is perfectly clear: Germany is a dynamic market with its unique demands and challenges.&nbsp;<\/p>\n\n\n\n<p><strong>Os gostos dos consumidores alem\u00e3es s\u00e3o uma mistura de conveni\u00eancia da velha escola e novidade da nova escola<\/strong>. Com sua estabilidade econ\u00f4mica, alto poder de compra e excelente base industrial, a Alemanha \u00e9 um mercado atraente para expans\u00e3o internacional\u2026 Mas n\u00e3o \u00e9 um cen\u00e1rio de \u201ctamanho \u00fanico\u201d. Na Alemanha, o comportamento do consumidor pode diferir substancialmente devido \u00e0 regi\u00e3o, idade e contexto socioecon\u00f4mico.<\/p>\n\n\n\n<p><strong>A Alemanha tamb\u00e9m tem um dos ambientes regulat\u00f3rios mais rigorosos da Europa<\/strong>. Se sua empresa est\u00e1 lan\u00e7ando um produto ou entrando em um mercado, voc\u00ea deve conhecer as leis, padr\u00f5es e protetores do consumidor locais.<\/p>\n\n\n\n<h2 class=\"wp-block-heading\">O objetivo \u00e9 otimizar a oferta de produtos e servi\u00e7os<\/h2>\n\n\n\n<figure class=\"gb-block-image gb-block-image-b8adb562\"><img loading=\"lazy\" decoding=\"async\" width=\"1456\" height=\"816\" class=\"gb-image gb-image-b8adb562\" src=\"https:\/\/www.sisinternational.com\/wp-content\/uploads\/2025\/09\/Germany-1.jpg\" alt=\"Pesquisa e Estrat\u00e9gia de Mercado Internacional da SIS\" title=\"Germany (1)\" srcset=\"https:\/\/www.sisinternational.com\/wp-content\/uploads\/2025\/09\/Germany-1.jpg 1456w, https:\/\/www.sisinternational.com\/wp-content\/uploads\/2025\/09\/Germany-1-300x168.jpg 300w, https:\/\/www.sisinternational.com\/wp-content\/uploads\/2025\/09\/Germany-1-1024x574.jpg 1024w, https:\/\/www.sisinternational.com\/wp-content\/uploads\/2025\/09\/Germany-1-768x430.jpg 768w, https:\/\/www.sisinternational.com\/wp-content\/uploads\/2025\/09\/Germany-1-18x10.jpg 18w\" sizes=\"auto, (max-width: 1456px) 100vw, 1456px\"><\/figure>\n\n\n\n<p><\/p>\n\n\n\n<p>A Alemanha \u00e9 um mercado \u00fanico onde inova\u00e7\u00e3o, precis\u00e3o e fidelidade do cliente impulsionam o sucesso. As empresas devem entender o que motiva os consumidores alem\u00e3es e o que eles querem e esperam. Muitas empresas esquecem de localizar seus produtos ao lan\u00e7\u00e1-los na Alemanha. Por meio de uma extensa pesquisa de mercado, orientamos as empresas sobre precisamente quais recursos, estruturas de pre\u00e7os e servi\u00e7os ir\u00e3o impactar a clientela local.<\/p>\n\n\n\n<p>Como ilustra\u00e7\u00e3o, nossa equipe trabalhou com um cliente automotivo que queria saber mais sobre as prefer\u00eancias dos compradores de carros alem\u00e3es. Pesquisas qualitativas e quantitativas forneceram insights valiosos sobre os elementos que impulsionam as decis\u00f5es de compra, desde efici\u00eancia de combust\u00edvel at\u00e9 recursos de seguran\u00e7a e fidelidade \u00e0 marca.<\/p>\n\n\n\n<h2 class=\"wp-block-heading\">Oportunidades no mercado alem\u00e3o<\/h2>\n\n\n\n<p>A Alemanha representa uma excelente oportunidade para empresas que est\u00e3o se expandindo e diversificando na Europa. O mercado alem\u00e3o oferece uma gama \u00fanica de oportunidades de crescimento... Mas para acessar essas oportunidades, \u00e9 preciso estar por dentro e saber das din\u00e2micas do mercado local, do comportamento do consumidor e das tend\u00eancias emergentes.<\/p>\n\n\n\n<figure class=\"gb-block-image gb-block-image-5f95954b\"><img loading=\"lazy\" decoding=\"async\" width=\"1024\" height=\"844\" class=\"gb-image gb-image-5f95954b\" src=\"https:\/\/www.sisinternational.com\/wp-content\/uploads\/2024\/12\/Market-research-in-germany-1024x844.png\" srcset=\"https:\/\/www.sisinternational.com\/wp-content\/uploads\/2024\/12\/Market-research-in-germany-1024x844.png 1024w, https:\/\/www.sisinternational.com\/wp-content\/uploads\/2024\/12\/Market-research-in-germany-300x247.png 300w, https:\/\/www.sisinternational.com\/wp-content\/uploads\/2024\/12\/Market-research-in-germany-768x633.png 768w, https:\/\/www.sisinternational.com\/wp-content\/uploads\/2024\/12\/Market-research-in-germany-1536x1266.png 1536w, https:\/\/www.sisinternational.com\/wp-content\/uploads\/2024\/12\/Market-research-in-germany-15x12.png 15w, https:\/\/www.sisinternational.com\/wp-content\/uploads\/2024\/12\/Market-research-in-germany.png 1638w\" sizes=\"auto, (max-width: 1024px) 100vw, 1024px\" alt=\"Pesquisa e Estrat\u00e9gia de Mercado Internacional da SIS\"><\/figure>\n\n\n\n<p><\/p>\n\n\n\n<h3 class=\"wp-block-heading\">Tecnologia e Inova\u00e7\u00e3o<\/h3>\n\n\n\n<p>A Alemanha est\u00e1 na vanguarda da inova\u00e7\u00e3o. Com foco na Ind\u00fastria 4.0, transforma\u00e7\u00e3o digital e transi\u00e7\u00e3o para tecnologias mais verdes, empresas do setor de tecnologia t\u00eam um tremendo potencial de crescimento no pa\u00eds. De start-ups a multinacionais, nosso trabalho permite que nossos clientes adotem tecnologias antes que elas se tornem populares na Alemanha.<\/p>\n\n\n\n<h3 class=\"wp-block-heading\">Inova\u00e7\u00e3o Verde e Sustentabilidade<\/h3>\n\n\n\n<p>A Alemanha \u00e9 frequentemente celebrada como l\u00edder em sustentabilidade. O pa\u00eds lidera o caminho em in\u00fameras \u00e1reas, desde energia renov\u00e1vel at\u00e9 produtos ecologicamente corretos e processos de fabrica\u00e7\u00e3o verdes. Esse compromisso com a sustentabilidade abre grandes oportunidades para empresas que fornecem produtos ou servi\u00e7os verdes.<\/p>\n\n\n\n<h3 class=\"wp-block-heading\">E-commerce e Varejo Digital<\/h3>\n\n\n\n<p>A Europa tem um dos maiores mercados de e-commerce do mundo, e a Alemanha \u00e9 um dos pa\u00edses l\u00edderes com o mercado de varejo digital de crescimento mais r\u00e1pido. Com um n\u00famero maior de consumidores comprando online, mais do que nunca, empresas de moda, eletr\u00f4nicos e bens de consumo agora t\u00eam uma oportunidade exponencial de alavancar a mudan\u00e7a digital.<\/p>\n\n\n\n<h3 class=\"wp-block-heading\">Cuidados de sa\u00fade e envelhecimento da popula\u00e7\u00e3o<\/h3>\n\n\n\n<p>O envelhecimento demogr\u00e1fico da Alemanha oferece perspectivas particulares dentro do dom\u00ednio de dispositivos m\u00e9dicos, e a Alemanha tem um mercado crescente para servi\u00e7os, produtos e tecnologias focados em dar suporte a uma popula\u00e7\u00e3o mais velha. A mudan\u00e7a gera novas ideias em campos como assist\u00eancia a idosos, tecnologia da sa\u00fade, produtos farmac\u00eauticos e dispositivos m\u00e9dicos.<\/p>\n\n\n\n<h2 class=\"wp-block-heading\">Desafios para a realiza\u00e7\u00e3o de pesquisas de mercado na Alemanha<\/h2>\n\n\n\n<h3 class=\"wp-block-heading\">Navegando pela diversidade regional<\/h3>\n\n\n\n<p>Understanding the regional diversity is one of the <a href=\"https:\/\/www.sisinternational.com\/pt\/cobertura\/as-americas\/cobertura-dos-eua\/pesquisa-de-mercado-no-maine\/\" title=\"Pesquisa de mercado no Maine\"  data-wpil-monitor-id=\"5436\">main difficulties in the market research<\/a> in Germany. Because Germany is a large country with 16 federal states, there will be considerable differences in cultural attitudes, economic conditions, and consumer behavior. What works in Berlin isn\u2019t necessarily going to work in Munich or Hamburg. Indeed, regions in the south and east of Germany can have quite different product type preferences as well as pricing or even advertising styles.<\/p>\n\n\n\n<p>Ao longo dos anos, a SIS desenvolveu habilidades de alto n\u00edvel na segmenta\u00e7\u00e3o do mercado alem\u00e3o em n\u00edvel regional e ajudando o neg\u00f3cio a atender \u00e0s necessidades espec\u00edficas de v\u00e1rios grupos de consumidores. Trata-se de ir al\u00e9m dos grandes clich\u00eas e aprender as reais motiva\u00e7\u00f5es e pontos problem\u00e1ticos dos consumidores em cada regi\u00e3o.<\/p>\n\n\n\n<h3 class=\"wp-block-heading\">Navegando em regulamenta\u00e7\u00f5es r\u00edgidas<\/h3>\n\n\n\n<p>Conduzindo <a href=\"https:\/\/www.sisinternational.com\/pt\/solucoes\/legal-market-research\/\" title=\"Legal Market Research\"  data-wpil-monitor-id=\"2959\">pesquisa de mercado<\/a> can be a big hurdle for companies in Germany due to its legal and regulatory landscape. Much of the country has strict privacy laws and regulations \u2014 most famously the General Data Protection Regulation (GDPR) \u2014 which curtails how companies collect, store, and use consumer data. For businesses engaged in market research, GDPR compliance is essential, with violations resulting in serious fines and reputation damage.<\/p>\n\n\n\n<h3 class=\"wp-block-heading\">Consci\u00eancia Ambiental e Tradi\u00e7\u00f5es Locais<\/h3>\n\n\n\n<p>Mercado <a href=\"https:\/\/www.sisinternational.com\/pt\/pericia\/industrias\/pesquisa-de-personalidade-extrema\/\" title=\"Pesquisa de personalidade extrema\"  data-wpil-monitor-id=\"3364\">research in Germany must be extremely<\/a> sensitive to local values, attitudes, and preferences. A marketing campaign or product that suits another European market may fall flat in Germany even if it fits local tastes.<\/p>\n\n\n\n<p>Humor e apelos emocionais na publicidade podem funcionar em pa\u00edses como o Reino Unido ou a Fran\u00e7a, mas n\u00e3o na Alemanha, onde os consumidores tendem a apreciar abordagens simples e factuais.<\/p>\n\n\n\n<h3 class=\"wp-block-heading\">Mercado altamente competitivo<\/h3>\n\n\n\n<p>O maior desafio na Alemanha \u2013 \u00e9 o n\u00edvel de competi\u00e7\u00e3o em muitas ind\u00fastrias. As ind\u00fastrias est\u00e3o lotadas de players locais estabelecidos, e exigir\u00e3o uma compreens\u00e3o do comportamento do consumidor e competitivo para romper e ganhar participa\u00e7\u00e3o de mercado. Neste cen\u00e1rio competitivo, uma pesquisa de mercado eficaz envolve m\u00e9todos sofisticados e um olhar atento para oportunidades de mercado e tend\u00eancias nascentes.<\/p>\n\n\n\n<h2 class=\"wp-block-heading\">Por que escolher a SIS International como sua parceira confi\u00e1vel de pesquisa de mercado na Alemanha?<\/h2>\n\n\n\n<figure class=\"gb-block-image gb-block-image-c4753d37\"><img loading=\"lazy\" decoding=\"async\" width=\"1456\" height=\"816\" class=\"gb-image gb-image-c4753d37\" src=\"https:\/\/www.sisinternational.com\/wp-content\/uploads\/2025\/09\/Germany-3.jpg\" alt=\"Pesquisa e Estrat\u00e9gia de Mercado Internacional da SIS\" title=\"Germany (3)\" srcset=\"https:\/\/www.sisinternational.com\/wp-content\/uploads\/2025\/09\/Germany-3.jpg 1456w, https:\/\/www.sisinternational.com\/wp-content\/uploads\/2025\/09\/Germany-3-300x168.jpg 300w, https:\/\/www.sisinternational.com\/wp-content\/uploads\/2025\/09\/Germany-3-1024x574.jpg 1024w, https:\/\/www.sisinternational.com\/wp-content\/uploads\/2025\/09\/Germany-3-768x430.jpg 768w, https:\/\/www.sisinternational.com\/wp-content\/uploads\/2025\/09\/Germany-3-18x10.jpg 18w\" sizes=\"auto, (max-width: 1456px) 100vw, 1456px\"><\/figure>\n\n\n\n<p><\/p>\n\n\n\n<p>A SIS International \u00e9 mais do que apenas uma provedora de pesquisa de mercado; somos uma parceira que ajuda empresas a crescer e ter sucesso em ambientes de mercado complexos como a Alemanha. Com mais de 40 anos de experi\u00eancia, presen\u00e7a em mais de 135 mercados globalmente e uma equipe especializada em sintonia com os mercados locais, sabemos o que \u00e9 preciso para prosperar em um dos ambientes mais competitivos e diversos da Europa.<\/p>\n\n\n\n<h3 class=\"wp-block-heading\">Sucesso com gigantes da ind\u00fastria<\/h3>\n\n\n\n<p>Another reason SIS International is one of the best companies for market <a href=\"https:\/\/www.sisinternational.com\/pt\/monitor-de-marca-de-pneus-nos-alemanha-brasil\/\" title=\"Pesquisa de Marcas de Pneus nos EUA, Alemanha e Brasil\"  data-wpil-monitor-id=\"6603\">research in Germany<\/a> is our track record. We have delivered insights to some of the most influential brands in the world, such as Fortune 500 companies, startups, and government agencies, assisting them in making data-informed decisions in Germany\u2019s fast progressing market.&nbsp;<\/p>\n\n\n\n<h3 class=\"wp-block-heading\">Alto n\u00edvel de especializa\u00e7\u00e3o no mercado alem\u00e3o<\/h3>\n\n\n\n<p>N\u00f3s nos destacamos em \u201cdecifrar\u201d o comportamento do consumidor local, desenvolvimentos regionais e osmose no campo na Alemanha, o que nos diferencia de qualquer empresa m\u00e9dia de pesquisa de mercado. Nossa abordagem n\u00e3o \u00e9 apenas arranhar a superf\u00edcie; conduzimos pesquisas qualitativas e quantitativas para garantir que quaisquer recomenda\u00e7\u00f5es que fazemos sejam baseadas em terreno s\u00f3lido, ao mesmo tempo em que s\u00e3o o mais acion\u00e1veis poss\u00edvel.<\/p>\n\n\n\n<h3 class=\"wp-block-heading\">Solu\u00e7\u00f5es locais com alcance global<\/h3>\n\n\n\n<p>Com nosso amplo conhecimento do ambiente e da comunidade local, nossa metodologia utiliza os avan\u00e7os mais recentes em t\u00e9cnicas de pesquisa para uma abordagem personalizada para garantir que nosso trabalho atenda aos requisitos dos clientes.&nbsp;<\/p>\n\n\n\n<h3 class=\"wp-block-heading\">Ferramentas e Metodologias Tradicionais para Pesquisa Avan\u00e7ada<\/h3>\n\n\n\n<p>Aplicamos uma variedade de m\u00e9todos de ponta e ferramentas de pesquisa. Coletamos desde estudos de consumidores at\u00e9 pesquisas extensivas e dados de grupos focais, dados profundos. Isso nos permite fornecer uma compreens\u00e3o completa do mercado para nossos clientes, permitindo que eles tomem as melhores decis\u00f5es com base em dados consolidados.<\/p>\n\n\n\n<h3 class=\"wp-block-heading\">Solu\u00e7\u00f5es personalizadas para crescimento sustent\u00e1vel<\/h3>\n\n\n\n<p>No <a href=\"https:\/\/twitter.com\/SISIntlResearch\" target=\"_blank\" rel=\"noopener\">SIS<\/a> sabemos que essencialmente, <a href=\"https:\/\/www.linkedin.com\/pulse\/how-market-research-enables-growth-ruth-stanat-phekf\/\" target=\"_blank\" rel=\"noopener\">pesquisa de mercado<\/a> n\u00e3o significa nada sem a capacidade de aplic\u00e1-lo para facilitar o crescimento sustent\u00e1vel de longo prazo. Da an\u00e1lise \u00e0 estrat\u00e9gia, fornecemos insights que ajudam as empresas a navegar pelos desafios e oportunidades que est\u00e3o por vir.&nbsp;<\/p>\n\n\n\n<h2 class=\"wp-block-heading\">FAQ: Pesquisa de mercado na Alemanha<\/h2>\n\n\n\n<h3 class=\"wp-block-heading\">1. Por que a pesquisa de mercado na Alemanha \u00e9 essencial para qualquer neg\u00f3cio?<\/h3>\n\n\n\n<p>A Alemanha \u00e9 a maior economia da Europa e um centro para setores como automotivo, tecnologia, manufatura e finan\u00e7as. Insights sobre o comportamento do consumidor local, disparidades regionais e o cen\u00e1rio regulat\u00f3rio podem ajudar as empresas a formar estrat\u00e9gias personalizadas, identificar tend\u00eancias emergentes e mitigar riscos.<\/p>\n\n\n\n<h3 class=\"wp-block-heading\">2. Quais s\u00e3o as dificuldades que as empresas enfrentam ao realizar an\u00e1lises de mercado na Alemanha?<\/h3>\n\n\n\n<p>A Alemanha tem uma diversidade regional, um cen\u00e1rio regulat\u00f3rio complexo e diferen\u00e7as culturais que representam alguns desafios para empresas que realizam pesquisas de mercado. Os comportamentos dos consumidores alem\u00e3es s\u00e3o diferentes entre as regi\u00f5es, o que torna importante conduzir pesquisas regionais.&nbsp;<\/p>\n\n\n\n<h3 class=\"wp-block-heading\">3. Em quais setores a SIS International realiza pesquisas de mercado na Alemanha?<\/h3>\n\n\n\n<p><a href=\"https:\/\/www.linkedin.com\/company\/sisinternationalresearch\/\" target=\"_blank\" rel=\"noopener\">SIS Internacional<\/a>&#8216;s market research services cover a diverse range of industries in Germany, including automotive, technology, consumer goods, healthcare, finance, energy, and manufacturing. We&#8217;ve been working for global <a href=\"https:\/\/www.sisinternational.com\/pt\/publicidade-de-choque-e-marketing-de-choque\/\" title=\"Publicidade de choque e marketing de choque\" data-wpil-monitor-id=\"7570\">brands<\/a> to help them develop a sense of local market behavior and gain consumer insights to come up with the most relevant approach to entering the German Market.&nbsp;<\/p>\n\n\n\n<h3 class=\"wp-block-heading\">4. Como a pesquisa de mercado na Alemanha mant\u00e9m meu neg\u00f3cio competitivo?<\/h3>\n\n\n\n<p>Entender o comportamento do consumidor, novas tend\u00eancias de mercado e estrat\u00e9gias dos concorrentes \u00e9 crucial para permanecer competitivo em pesquisa de mercado na Alemanha. Isso permite descobrir lacunas no mercado, estrat\u00e9gias de pre\u00e7os eficazes e qual marketing funciona melhor para seu produto. Ajudamos as empresas a capitalizar de forma inovadora essas oportunidades, fornecendo insights de pesquisa valiosos que est\u00e3o atualizados, permitindo que monitorem as tend\u00eancias de mercado e reajam de forma eficaz e oportuna.<\/p>\n\n\n\n<h2 class=\"wp-block-heading\">Localiza\u00e7\u00e3o de nossas instala\u00e7\u00f5es em Nova York<\/h2>\n\n\n\n<p>\n\n\n\n<iframe loading=\"lazy\" src=\"https:\/\/www.google.com\/maps\/embed?pb=!1m18!1m12!1m3!1d3022.976188376966!2d-73.99130312499956!3d40.740549471389315!2m3!1f0!2f0!3f0!3m2!1i1024!2i768!4f13.1!3m3!1m2!1s0x89c259a15798c731%3A0xd695d09bdd495f25!2s11%20E%2022nd%20St%20FL%202%2C%20New%20York%2C%20NY%2010010%2C%20USA!5e0!3m2!1sen!2spe!4v1726171763526!5m2!1sen!2spe\" width=\"600\" height=\"450\" allowfullscreen=\"allowfullscreen\" data-mce-fragment=\"1\"><\/iframe>\n\n\n\n<\/p>\n\n\n\n<h3 class=\"wp-block-heading\">11 E 22nd Street, 2\u00ba andar, Nova York, NY 10010 T: +1(212) 505-6805<\/h3>\n\n\n\n<hr class=\"wp-block-separator has-alpha-channel-opacity\"\/>\n\n\n\n<h2 class=\"wp-block-heading\"><span style=\"font-weight: 400;\">Sobre SIS Internacional<\/span><\/h2>\n\n\n\n<p><a href=\"https:\/\/www.sisinternational.com\/pt\/\"><span style=\"font-weight: 400;\">SIS Internacional<\/span><\/a><span style=\"font-weight: 400;\"> oferece pesquisa quantitativa, qualitativa e estrat\u00e9gica. Fornecemos dados, ferramentas, estrat\u00e9gias, relat\u00f3rios e insights para a tomada de decis\u00f5es. Tamb\u00e9m realizamos entrevistas, pesquisas, grupos focais e outros m\u00e9todos e abordagens de Pesquisa de Mercado.<\/span><a href=\"https:\/\/www.sisinternational.com\/pt\/sobre-a-sis-international-research\/contact-sis-international-market-research\/\"><span style=\"font-weight: 400;\"> Entre em contato conosco<\/span><\/a><span style=\"font-weight: 400;\"> para o seu pr\u00f3ximo projeto de pesquisa de mercado.<\/span><\/p>\n\n\n\n<hr class=\"wp-block-separator has-alpha-channel-opacity\"\/>","protected":false},"excerpt":{"rendered":"<p>Pesquisa de mercado na Alemanha A pesquisa de mercado na Alemanha \u00e9 crucial para qualquer empresa que queira se estabelecer em um dos mercados mais competitivos e sofisticados da Europa. Voc\u00ea conhece o mercado alem\u00e3o t\u00e3o bem quanto pensa? Como CEO da SIS International, observei que muitas empresas ignoram as realidades de entrar \u2026 <a title=\"Pesquisa de mercado na Alemanha\" class=\"read-more\" href=\"https:\/\/www.sisinternational.com\/pt\/cobertura\/europa\/pesquisa-de-mercado-na-alemanha-2\/\" aria-label=\"Read more about Market Research in Germany\">Leia mais<\/a><\/p>","protected":false},"author":1,"featured_media":65834,"parent":14510,"menu_order":76,"comment_status":"closed","ping_status":"closed","template":"","meta":{"footnotes":""},"class_list":["post-54475","page","type-page","status-publish","has-post-thumbnail"],"_links":{"self":[{"href":"https:\/\/www.sisinternational.com\/pt\/wp-json\/wp\/v2\/pages\/54475","targetHints":{"allow":["GET"]}}],"collection":[{"href":"https:\/\/www.sisinternational.com\/pt\/wp-json\/wp\/v2\/pages"}],"about":[{"href":"https:\/\/www.sisinternational.com\/pt\/wp-json\/wp\/v2\/types\/page"}],"author":[{"embeddable":true,"href":"https:\/\/www.sisinternational.com\/pt\/wp-json\/wp\/v2\/users\/1"}],"replies":[{"embeddable":true,"href":"https:\/\/www.sisinternational.com\/pt\/wp-json\/wp\/v2\/comments?post=54475"}],"version-history":[{"count":15,"href":"https:\/\/www.sisinternational.com\/pt\/wp-json\/wp\/v2\/pages\/54475\/revisions"}],"predecessor-version":[{"id":81193,"href":"https:\/\/www.sisinternational.com\/pt\/wp-json\/wp\/v2\/pages\/54475\/revisions\/81193"}],"up":[{"embeddable":true,"href":"https:\/\/www.sisinternational.com\/pt\/wp-json\/wp\/v2\/pages\/14510"}],"wp:featuredmedia":[{"embeddable":true,"href":"https:\/\/www.sisinternational.com\/pt\/wp-json\/wp\/v2\/media\/65834"}],"wp:attachment":[{"href":"https:\/\/www.sisinternational.com\/pt\/wp-json\/wp\/v2\/media?parent=54475"}],"curies":[{"name":"wp","href":"https:\/\/api.w.org\/{rel}","templated":true}]}}