{"id":54228,"date":"2024-11-24T05:15:17","date_gmt":"2024-11-24T10:15:17","guid":{"rendered":"https:\/\/www.sisinternational.com\/?page_id=54228"},"modified":"2026-03-05T23:07:47","modified_gmt":"2026-03-06T04:07:47","slug":"metodos-alternativos-de-pesquisa-e-visitas-domiciliares","status":"publish","type":"page","link":"https:\/\/www.sisinternational.com\/pt\/solucoes\/solucoes-de-pesquisa-quantitativa-qualitativa\/metodos-alternativos-de-pesquisa-e-visitas-domiciliares\/","title":{"rendered":"M\u00e9todos alternativos de pesquisa e visitas domiciliares\u00a0"},"content":{"rendered":"<h1 class=\"wp-block-heading\">M\u00e9todos alternativos de pesquisa e visitas domiciliares&nbsp;<\/h1>\n\n\n\n<p><\/p>\n\n\n\n<figure class=\"gb-block-image gb-block-image-41ea9a7a\"><img loading=\"lazy\" decoding=\"async\" width=\"1456\" height=\"816\" class=\"gb-image gb-image-41ea9a7a\" src=\"https:\/\/www.sisinternational.com\/wp-content\/uploads\/2025\/08\/Real-estate-architect-house-2.jpg\" alt=\"Pesquisa e Estrat\u00e9gia de Mercado Internacional da SIS\" title=\"Real estate architect house (2)\" srcset=\"https:\/\/www.sisinternational.com\/wp-content\/uploads\/2025\/08\/Real-estate-architect-house-2.jpg 1456w, https:\/\/www.sisinternational.com\/wp-content\/uploads\/2025\/08\/Real-estate-architect-house-2-300x168.jpg 300w, https:\/\/www.sisinternational.com\/wp-content\/uploads\/2025\/08\/Real-estate-architect-house-2-1024x574.jpg 1024w, https:\/\/www.sisinternational.com\/wp-content\/uploads\/2025\/08\/Real-estate-architect-house-2-768x430.jpg 768w, https:\/\/www.sisinternational.com\/wp-content\/uploads\/2025\/08\/Real-estate-architect-house-2-18x10.jpg 18w\" sizes=\"auto, (max-width: 1456px) 100vw, 1456px\"><\/figure>\n\n\n\n<hr class=\"wp-block-separator has-alpha-channel-opacity is-style-dots\"\/>\n\n\n\n<h3 class=\"wp-block-heading\">Visitas domiciliares s\u00e3o frequentemente consideradas o padr\u00e3o ouro para pesquisa de consumidor, mas elas t\u00eam um pre\u00e7o alto. M\u00e9todos alternativos de pesquisa \u2013 como entrevistas em v\u00eddeo e visitas domiciliares virtuais \u2013 agora oferecem uma maneira econ\u00f4mica e eficiente de reunir insights compar\u00e1veis.<\/h3>\n\n\n\n<p>As visitas domiciliares valem o alto pre\u00e7o quando existem op\u00e7\u00f5es alternativas? O debate sobre m\u00e9todos alternativos de pesquisa e visitas domiciliares tem se tornado cada vez mais relevante \u00e0 medida que as empresas buscam maneiras econ\u00f4micas de reunir insights valiosos.&nbsp;<\/p>\n\n\n\n<h2 class=\"wp-block-heading\">O que s\u00e3o visitas domiciliares e m\u00e9todos alternativos de pesquisa?<\/h2>\n\n\n\n<p>Para entender a compara\u00e7\u00e3o de m\u00e9todos de pesquisa alternativos vs visitas domiciliares, \u00e9 essencial definir ambas as abordagens e seu papel na pesquisa do consumidor. Cada uma oferece insights \u00fanicos sobre o comportamento do consumidor, mas sua execu\u00e7\u00e3o e custo-efetividade diferem significativamente.<\/p>\n\n\n\n<h4 class=\"wp-block-heading\"><strong>Visitas Domiciliares<\/strong><\/h4>\n\n\n\n<p>Visitas domiciliares envolvem pesquisadores visitando fisicamente a resid\u00eancia de um participante para observar seu ambiente, comportamentos e intera\u00e7\u00f5es. Este m\u00e9todo fornece uma vis\u00e3o \u00edntima de como os consumidores vivem, usam produtos e tomam decis\u00f5es em seus ambientes naturais. Embora as visitas domiciliares possam fornecer insights profundos e ricos em contexto, elas geralmente s\u00e3o acompanhadas por desafios e despesas log\u00edsticas significativas.&nbsp;<\/p>\n\n\n\n<h4 class=\"wp-block-heading\"><strong>M\u00e9todos de Pesquisa Alternativos<\/strong><\/h4>\n\n\n\n<p>M\u00e9todos alternativos de pesquisa alavancam tecnologia e abordagens criativas para reunir insights sem a necessidade de presen\u00e7a f\u00edsica. Esses m\u00e9todos incluem visitas domiciliares virtuais, entrevistas em v\u00eddeo, etnografia online e estudos observacionais por meio de plataformas digitais como o Zoom.&nbsp;<\/p>\n\n\n\n<p>Ao comparar m\u00e9todos de pesquisa alternativos e visitas domiciliares, a escolha geralmente se resume a equilibrar custo, alcance e a profundidade dos insights necess\u00e1rios. Com os avan\u00e7os nas ferramentas de videoconfer\u00eancia, as visitas domiciliares virtuais agora podem capturar muitos dos mesmos detalhes que as visitas domiciliares tradicionais \u2014 por uma fra\u00e7\u00e3o do custo.&nbsp;<\/p>\n\n\n\n<h2 class=\"wp-block-heading\">Os contras das visitas domiciliares<\/h2>\n\n\n\n<p>As desvantagens das visitas domiciliares muitas vezes ofuscam seus benef\u00edcios, particularmente quando se considera os desafios de custo e log\u00edstica. Embora forne\u00e7am insights detalhados, essas limita\u00e7\u00f5es podem tornar as visitas domiciliares impratic\u00e1veis para muitas empresas.<\/p>\n\n\n<div class=\"wp-block-image\">\n<figure class=\"aligncenter size-full is-resized\"><img loading=\"lazy\" decoding=\"async\" width=\"1600\" height=\"898\" src=\"https:\/\/www.sisinternational.com\/wp-content\/uploads\/2024\/11\/Alternative-Research-Methods-and-Home-Visits.png\" alt=\"Pesquisa e Estrat\u00e9gia de Mercado Internacional da SIS\" class=\"wp-image-54229\" style=\"width:815px;height:auto\" srcset=\"https:\/\/www.sisinternational.com\/wp-content\/uploads\/2024\/11\/Alternative-Research-Methods-and-Home-Visits.png 1600w, https:\/\/www.sisinternational.com\/wp-content\/uploads\/2024\/11\/Alternative-Research-Methods-and-Home-Visits-300x168.png 300w, https:\/\/www.sisinternational.com\/wp-content\/uploads\/2024\/11\/Alternative-Research-Methods-and-Home-Visits-1024x575.png 1024w, https:\/\/www.sisinternational.com\/wp-content\/uploads\/2024\/11\/Alternative-Research-Methods-and-Home-Visits-768x431.png 768w, https:\/\/www.sisinternational.com\/wp-content\/uploads\/2024\/11\/Alternative-Research-Methods-and-Home-Visits-1536x862.png 1536w, https:\/\/www.sisinternational.com\/wp-content\/uploads\/2024\/11\/Alternative-Research-Methods-and-Home-Visits-18x10.png 18w\" sizes=\"auto, (max-width: 1600px) 100vw, 1600px\" \/><\/figure>\n<\/div>\n\n\n<p><\/p>\n\n\n\n<h4 class=\"wp-block-heading\"><strong>1. Custos elevados<\/strong><\/h4>\n\n\n\n<p><a href=\"https:\/\/www.sisinternational.com\/pt\/pericia\/industrias\/pesquisa-de-mercado-de-eletrodomesticos\/\" title=\"Pesquisa de mercado de eletrodom\u00e9sticos\"  data-wpil-monitor-id=\"6601\">Visitas domiciliares<\/a> are among the most expensive research methods available. Travel expenses, lodging, researcher fees, and the cost of materials quickly add up. For projects requiring multiple participants across different regions, these costs can skyrocket, making home visits an unsustainable option for businesses with limited budgets.<\/p>\n\n\n\n<h4 class=\"wp-block-heading\"><strong>2. Complexidades log\u00edsticas<\/strong><\/h4>\n\n\n\n<p>Visitas domiciliares geralmente exigem planejamento detalhado, incluindo arranjos de viagem, permiss\u00f5es e garantia de que os participantes estejam dispon\u00edveis em hor\u00e1rios espec\u00edficos. Essas demandas log\u00edsticas consomem tempo e recursos valiosos, retardando o processo de pesquisa.<\/p>\n\n\n\n<h4 class=\"wp-block-heading\"><strong>3. Escalabilidade limitada<\/strong><\/h4>\n\n\n\n<p>Realizar visitas domiciliares para um tamanho de amostra grande \u00e9 custoso e demorado. A necessidade de visitar fisicamente os participantes dificulta a escala da pesquisa sem aumentar exponencialmente o or\u00e7amento e o esfor\u00e7o necess\u00e1rios. M\u00e9todos alternativos de pesquisa, por compara\u00e7\u00e3o, permitem um alcance mais amplo com custos adicionais m\u00ednimos.<\/p>\n\n\n\n<h4 class=\"wp-block-heading\"><strong>4. Desconforto do participante<\/strong><\/h4>\n\n\n\n<p>A presen\u00e7a de pesquisadores na casa de um participante pode levar a desconforto ou comportamento alterado. Os participantes podem se sentir constrangidos, resultando em insights menos aut\u00eanticos. Alternativas virtuais atenuam esse problema permitindo que os participantes interajam do conforto de seu pr\u00f3prio espa\u00e7o sem a press\u00e3o adicional de um observador presencial.<\/p>\n\n\n\n<h4 class=\"wp-block-heading\"><strong>5. Impacto Ambiental<\/strong><\/h4>\n\n\n\n<p>A pegada de carbono das visitas domiciliares \u00e9 frequentemente negligenciada. As emiss\u00f5es relacionadas a viagens de pesquisadores que visitam v\u00e1rios locais contribuem para danos ambientais, tornando esse m\u00e9todo menos sustent\u00e1vel do que as alternativas digitais.<\/p>\n\n\n\n<h2 class=\"wp-block-heading\">As vantagens dos m\u00e9todos alternativos de pesquisa<\/h2>\n\n\n\n<p><\/p>\n\n\n\n<figure class=\"gb-block-image gb-block-image-6ecb4cbb\"><img loading=\"lazy\" decoding=\"async\" width=\"1456\" height=\"816\" class=\"gb-image gb-image-6ecb4cbb\" src=\"https:\/\/www.sisinternational.com\/wp-content\/uploads\/2025\/09\/In-Home-Use-Tests-IHUTs-3.jpg\" alt=\"Pesquisa e Estrat\u00e9gia de Mercado Internacional da SIS\" title=\"In-Home Use Tests (IHUTs) (3)\" srcset=\"https:\/\/www.sisinternational.com\/wp-content\/uploads\/2025\/09\/In-Home-Use-Tests-IHUTs-3.jpg 1456w, https:\/\/www.sisinternational.com\/wp-content\/uploads\/2025\/09\/In-Home-Use-Tests-IHUTs-3-300x168.jpg 300w, https:\/\/www.sisinternational.com\/wp-content\/uploads\/2025\/09\/In-Home-Use-Tests-IHUTs-3-1024x574.jpg 1024w, https:\/\/www.sisinternational.com\/wp-content\/uploads\/2025\/09\/In-Home-Use-Tests-IHUTs-3-768x430.jpg 768w, https:\/\/www.sisinternational.com\/wp-content\/uploads\/2025\/09\/In-Home-Use-Tests-IHUTs-3-18x10.jpg 18w\" sizes=\"auto, (max-width: 1456px) 100vw, 1456px\"><\/figure>\n\n\n\n<p><\/p>\n\n\n\n<p>Quando comparados \u00e0s visitas domiciliares, os m\u00e9todos alternativos de pesquisa ganharam for\u00e7a significativa devido \u00e0 sua efici\u00eancia, escalabilidade e custo-efetividade. Aproveitando a tecnologia e metodologias criativas, os m\u00e9todos alternativos de pesquisa oferecem \u00e0s empresas uma maneira pr\u00e1tica de reunir insights profundos sem os encargos log\u00edsticos das visitas domiciliares tradicionais.<\/p>\n\n\n\n<h4 class=\"wp-block-heading\"><strong>1. Efici\u00eancia de custos<\/strong><\/h4>\n\n\n\n<p>Visitas domiciliares virtuais conduzidas por meio de plataformas como o Zoom eliminam a necessidade de viagens, custos de local e log\u00edstica presencial. As empresas podem economizar at\u00e9 dois ter\u00e7os dos custos de visitas domiciliares tradicionais enquanto capturam insights valiosos.&nbsp;<\/p>\n\n\n\n<h4 class=\"wp-block-heading\"><strong>2. Alcance mais amplo<\/strong><\/h4>\n\n\n\n<p>Ao contr\u00e1rio das visitas domiciliares, que s\u00e3o limitadas pela geografia, as abordagens virtuais permitem que os pesquisadores interajam com uma gama diversificada de participantes em diferentes regi\u00f5es e fusos hor\u00e1rios.&nbsp;<\/p>\n\n\n\n<h4 class=\"wp-block-heading\"><strong>3. Flexibilidade para os participantes<\/strong><\/h4>\n\n\n\n<p>M\u00e9todos alternativos, como entrevistas virtuais, permitem que os participantes se juntem do conforto de suas casas sem precisar da presen\u00e7a f\u00edsica de um pesquisador. Isso reduz a probabilidade de cancelamentos e melhora as taxas gerais de participa\u00e7\u00e3o.<\/p>\n\n\n\n<h4 class=\"wp-block-heading\"><strong>4. Observa\u00e7\u00e3o em tempo real<\/strong><\/h4>\n\n\n\n<p>Usando ferramentas como compartilhamento de tela ou configura\u00e7\u00f5es de m\u00faltiplas c\u00e2meras, os pesquisadores podem capturar observa\u00e7\u00f5es detalhadas semelhantes \u00e0s obtidas durante visitas domiciliares tradicionais. Este m\u00e9todo mant\u00e9m a autenticidade dos insights enquanto reduz drasticamente os custos.<\/p>\n\n\n\n<h4 class=\"wp-block-heading\"><strong>5. Tempos de resposta mais r\u00e1pidos<\/strong><\/h4>\n\n\n\n<p>With alternative research methods, businesses can conduct and analyze studies much faster than traditional home visits. Scheduling and conducting virtual <a href=\"https:\/\/www.sisinternational.com\/pt\/entrevistas-presenciais-e-online-os-pros-e-os-contras\/\" title=\"Entrevistas F2F e Online: Os pr\u00f3s e os contras\"  data-wpil-monitor-id=\"976\">interviews or online<\/a> ethnographies require less lead time, allowing companies to access insights quickly and make informed decisions faster.<\/p>\n\n\n\n<h4 class=\"wp-block-heading\"><strong>6. Escalabilidade<\/strong><\/h4>\n\n\n\n<p>Virtual interviews and online surveys can accommodate larger sample sizes without increasing costs and effort associated with physical visits. This scalability particularly benefits businesses conducting <a href=\"https:\/\/www.sisinternational.com\/pt\/cobertura\/as-americas\/cobertura-dos-eua\/pesquisa-de-mercado-em-iowa\/\" title=\"Pesquisa de mercado em Iowa\"  data-wpil-monitor-id=\"5570\">research across multiple markets<\/a> or demographics.<\/p>\n\n\n\n<h4 class=\"wp-block-heading\"><strong>7. Melhoria no conforto do participante<\/strong><\/h4>\n\n\n\n<p>M\u00e9todos alternativos de pesquisa criam um ambiente mais relaxado e aut\u00eantico para os participantes, removendo a necessidade de observa\u00e7\u00e3o presencial. M\u00e9todos virtuais reduzem a press\u00e3o de hospedar um pesquisador em sua casa, levando a comportamento e respostas mais genu\u00ednos.<\/p>\n\n\n\n<h2 class=\"wp-block-heading\">Por que a SIS International recomenda m\u00e9todos alternativos de pesquisa<\/h2>\n\n\n\n<p>Como l\u00edder em pesquisa de mercado inovadora, a SIS defende m\u00e9todos de pesquisa alternativos em vez de visitas domiciliares tradicionais. As vantagens dos m\u00e9todos alternativos, particularmente visitas domiciliares virtuais, superam em muito os desafios log\u00edsticos e financeiros impostos por abordagens presenciais \u2013 e aqui est\u00e1 o motivo pelo qual a SIS International defende essa abordagem moderna para insights do consumidor:<\/p>\n\n\n\n<h4 class=\"wp-block-heading\"><strong>1. Efici\u00eancia de custos<\/strong><\/h4>\n\n\n\n<p>Visitas domiciliares s\u00e3o caras, muitas vezes consumindo por\u00e7\u00f5es significativas dos or\u00e7amentos de pesquisa. Ao adotar visitas domiciliares virtuais por meio de plataformas como o Zoom, a SIS International ajuda os clientes a economizar at\u00e9 dois ter\u00e7os do custo em compara\u00e7\u00e3o aos m\u00e9todos tradicionais.&nbsp;<\/p>\n\n\n\n<h4 class=\"wp-block-heading\"><strong>2. Insights de alta qualidade em escala<\/strong><\/h4>\n\n\n\n<p>Com m\u00e9todos alternativos, a SIS International fornece solu\u00e7\u00f5es escal\u00e1veis que alcan\u00e7am uma gama mais ampla de participantes em todas as regi\u00f5es e demografias. Visitas domiciliares virtuais capturam o mesmo n\u00edvel de insights comportamentais e ambientais que as visitas domiciliares tradicionais, mas sem as limita\u00e7\u00f5es de geografia ou custos de viagem.<\/p>\n\n\n\n<h4 class=\"wp-block-heading\"><strong>3. Maior flexibilidade e conforto do participante<\/strong><\/h4>\n\n\n\n<p>Os participantes geralmente se sentem mais \u00e0 vontade ao interagir de seu pr\u00f3prio espa\u00e7o, sem a presen\u00e7a f\u00edsica de um pesquisador. Esse conforto leva a comportamentos e respostas mais aut\u00eanticos, aprimorando a qualidade dos insights coletados.&nbsp;<\/p>\n\n\n\n<h4 class=\"wp-block-heading\"><strong>4. Integra\u00e7\u00e3o de tecnologia de ponta<\/strong><\/h4>\n\n\n\n<p>Aproveitamos ferramentas avan\u00e7adas como transcri\u00e7\u00e3o em tempo real, marca\u00e7\u00e3o de v\u00eddeo e an\u00e1lise de sentimentos. Essas tecnologias permitem que os clientes obtenham insights mais profundos mais r\u00e1pido do que \u00e9 poss\u00edvel com processos manuais em visitas domiciliares tradicionais.<\/p>\n\n\n\n<h4 class=\"wp-block-heading\"><strong>5. Tempos de resposta mais r\u00e1pidos<\/strong><\/h4>\n\n\n\n<p>Com m\u00e9todos de pesquisa alternativos, nossa equipe garante que os clientes recebam insights acion\u00e1veis em prazos mais curtos. Abordagens virtuais reduzem os atrasos log\u00edsticos associados ao agendamento e viagens, permitindo que as empresas tomem decis\u00f5es baseadas em dados rapidamente.<\/p>\n\n\n\n<h4 class=\"wp-block-heading\"><strong>6. Responsabilidade Ambiental<\/strong><\/h4>\n\n\n\n<p>Os m\u00e9todos virtuais da SIS International se alinham com pr\u00e1ticas sustent\u00e1veis ao reduzir a necessidade de viagens. As empresas se beneficiam de economias de custos e redu\u00e7\u00e3o de sua pegada de carbono \u2014 uma prioridade crescente para organiza\u00e7\u00f5es socialmente respons\u00e1veis.<\/p>\n\n\n\n<h4 class=\"wp-block-heading\"><strong>7. Expertise em Pesquisa Virtual<\/strong><\/h4>\n\n\n\n<p>A equipe da SIS International \u00e9 altamente qualificada em moderar e analisar sess\u00f5es de pesquisa virtual. De tours virtuais em casa a entrevistas em v\u00eddeo, a empresa garante que m\u00e9todos alternativos de pesquisa forne\u00e7am insights que s\u00e3o t\u00e3o impactantes \u2014 se n\u00e3o mais \u2014 do que visitas domiciliares tradicionais.<\/p>\n\n\n\n<h2 class=\"wp-block-heading\">O que torna a SIS International uma empresa de pesquisa de ponta<\/h2>\n\n\n\n<p><a href=\"https:\/\/www.linkedin.com\/company\/sisinternationalresearch\/\" target=\"_blank\" rel=\"noopener\">SIS Internacional<\/a> se estabeleceu como uma empresa l\u00edder global em pesquisa de mercado e consultoria estrat\u00e9gica. Oferecemos servi\u00e7os abrangentes que impulsionam o crescimento sustent\u00e1vel por meio de estrat\u00e9gias orientadas por dados.<\/p>\n\n\n<p>\n\n\n<\/p>\n<p style=\"padding-left: 40px;\"><strong>1. Solu\u00e7\u00f5es abrangentes de pesquisa de mercado<\/strong><\/p>\n<p style=\"padding-left: 40px;\">\n\n\n\n<\/p>\n<p style=\"padding-left: 40px;\">A SIS International fornece v\u00e1rios servi\u00e7os de pesquisa de mercado, incluindo pesquisa de mercado de consumidor e B2B, rastreamento de marca e estudos espec\u00edficos do setor. Esses servi\u00e7os s\u00e3o projetados para fornecer insights acion\u00e1veis que informam a tomada de decis\u00f5es estrat\u00e9gicas.<\/p>\n<p style=\"padding-left: 40px;\">\n\n\n\n<\/p>\n<p style=\"padding-left: 40px;\"><strong>2. Alcance global e experi\u00eancia local<\/strong><\/p>\n<p style=\"padding-left: 40px;\">\n\n\n\n<\/p>\n<p style=\"padding-left: 40px;\">Com sede na cidade de Nova York e escrit\u00f3rios em todo o mundo, <a href=\"https:\/\/twitter.com\/SISIntlResearch\" target=\"_blank\" rel=\"noopener\">SIS<\/a> combina perspectiva global com conhecimento do mercado local. Esse posicionamento \u00fanico permite que a empresa ofere\u00e7a insights aprofundados em mercados diversos, atendendo \u00e0s necessidades espec\u00edficas dos clientes em v\u00e1rias regi\u00f5es.<\/p>\n<p style=\"padding-left: 40px;\">\n\n\n\n<\/p>\n<p style=\"padding-left: 40px;\"><strong>3. An\u00e1lise avan\u00e7ada de dados<\/strong><\/p>\n<p style=\"padding-left: 40px;\">\n\n\n\n<\/p>\n<p style=\"padding-left: 40px;\"><a href=\"https:\/\/medium.com\/@sisinternational\/sis-international-c17160da8fac\" target=\"_blank\" rel=\"noopener\">SIS<\/a> usa an\u00e1lise de dados de ponta para aprimorar a tomada de decis\u00e3o dos clientes, fornecendo insights abrangentes de mercado. A an\u00e1lise estrat\u00e9gica avan\u00e7ada e a expertise estat\u00edstica da empresa permitem que os clientes maximizem os retornos e minimizem os riscos.<\/p>\n<p style=\"padding-left: 40px;\">\n\n\n\n<\/p>\n<p style=\"padding-left: 40px;\"><strong>4. Experi\u00eancia espec\u00edfica da ind\u00fastria<\/strong><\/p>\n<p style=\"padding-left: 40px;\">\n\n\n\n<\/p>\n<p style=\"padding-left: 40px;\">A SIS International atende mais de 50 ind\u00fastrias e fornece servi\u00e7os especializados de pesquisa e consultoria que abordam os desafios e oportunidades exclusivos de cada setor. Essa expertise espec\u00edfica da ind\u00fastria garante que os clientes recebam insights relevantes e impactantes.<\/p>\n<p>\n\n\n<\/p>\n\n\n<h2 class=\"wp-block-heading\">Sobre SIS Internacional<\/h2>\n\n\n\n<p><a href=\"https:\/\/www.sisinternational.com\/pt\/\">SIS Internacional<\/a> oferece pesquisa quantitativa, qualitativa e estrat\u00e9gica. Fornecemos dados, ferramentas, estrat\u00e9gias, relat\u00f3rios e insights para a tomada de decis\u00f5es. Tamb\u00e9m realizamos entrevistas, pesquisas, grupos focais e outros m\u00e9todos e abordagens de Pesquisa de Mercado.<a href=\"https:\/\/www.sisinternational.com\/pt\/sobre-a-sis-international-research\/contact-sis-international-market-research\/\"> Entre em contato conosco<\/a> para o seu pr\u00f3ximo projeto de pesquisa de mercado.<\/p>\n\n\n\n<hr class=\"wp-block-separator has-alpha-channel-opacity\"\/>","protected":false},"excerpt":{"rendered":"<p>Alternative Research Methods and Home Visits&nbsp; Home visits are often considered the gold standard for consumer research, but they come at a steep price. Alternative research methods \u2013 such as video interviews and virtual home visits \u2013 now offer a cost-effective and efficient way to gather comparable insights. Are home visits worth the high price &#8230; <a title=\"M\u00e9todos alternativos de pesquisa e visitas domiciliares\u00a0\" class=\"read-more\" href=\"https:\/\/www.sisinternational.com\/pt\/solucoes\/solucoes-de-pesquisa-quantitativa-qualitativa\/metodos-alternativos-de-pesquisa-e-visitas-domiciliares\/\" aria-label=\"Read more about Alternative Research Methods and Home Visits\u00a0\">Leia mais<\/a><\/p>","protected":false},"author":1,"featured_media":63325,"parent":14660,"menu_order":60,"comment_status":"closed","ping_status":"closed","template":"","meta":{"footnotes":""},"class_list":["post-54228","page","type-page","status-publish","has-post-thumbnail"],"_links":{"self":[{"href":"https:\/\/www.sisinternational.com\/pt\/wp-json\/wp\/v2\/pages\/54228","targetHints":{"allow":["GET"]}}],"collection":[{"href":"https:\/\/www.sisinternational.com\/pt\/wp-json\/wp\/v2\/pages"}],"about":[{"href":"https:\/\/www.sisinternational.com\/pt\/wp-json\/wp\/v2\/types\/page"}],"author":[{"embeddable":true,"href":"https:\/\/www.sisinternational.com\/pt\/wp-json\/wp\/v2\/users\/1"}],"replies":[{"embeddable":true,"href":"https:\/\/www.sisinternational.com\/pt\/wp-json\/wp\/v2\/comments?post=54228"}],"version-history":[{"count":10,"href":"https:\/\/www.sisinternational.com\/pt\/wp-json\/wp\/v2\/pages\/54228\/revisions"}],"predecessor-version":[{"id":80181,"href":"https:\/\/www.sisinternational.com\/pt\/wp-json\/wp\/v2\/pages\/54228\/revisions\/80181"}],"up":[{"embeddable":true,"href":"https:\/\/www.sisinternational.com\/pt\/wp-json\/wp\/v2\/pages\/14660"}],"wp:featuredmedia":[{"embeddable":true,"href":"https:\/\/www.sisinternational.com\/pt\/wp-json\/wp\/v2\/media\/63325"}],"wp:attachment":[{"href":"https:\/\/www.sisinternational.com\/pt\/wp-json\/wp\/v2\/media?parent=54228"}],"curies":[{"name":"wp","href":"https:\/\/api.w.org\/{rel}","templated":true}]}}