{"id":54219,"date":"2024-11-23T05:06:50","date_gmt":"2024-11-23T10:06:50","guid":{"rendered":"https:\/\/www.sisinternational.com\/?page_id=54219"},"modified":"2026-03-05T23:08:05","modified_gmt":"2026-03-06T04:08:05","slug":"pesquisa-de-mercado-momentos-da-verdade","status":"publish","type":"page","link":"https:\/\/www.sisinternational.com\/pt\/pericia\/pesquisa-de-mercado-momentos-da-verdade\/","title":{"rendered":"Pesquisa de Mercado Momentos da Verdade"},"content":{"rendered":"<h1 class=\"wp-block-heading\">Pesquisa de Mercado Momentos da Verdade<\/h1>\n\n\n\n<p><\/p>\n\n\n\n<figure class=\"gb-block-image gb-block-image-cf1baa2d\"><img loading=\"lazy\" decoding=\"async\" width=\"1456\" height=\"816\" class=\"gb-image gb-image-cf1baa2d\" src=\"https:\/\/www.sisinternational.com\/wp-content\/uploads\/2025\/08\/Retail-6.jpg\" alt=\"Pesquisa e Estrat\u00e9gia de Mercado Internacional da SIS\" title=\"Retail (6)\" srcset=\"https:\/\/www.sisinternational.com\/wp-content\/uploads\/2025\/08\/Retail-6.jpg 1456w, https:\/\/www.sisinternational.com\/wp-content\/uploads\/2025\/08\/Retail-6-300x168.jpg 300w, https:\/\/www.sisinternational.com\/wp-content\/uploads\/2025\/08\/Retail-6-1024x574.jpg 1024w, https:\/\/www.sisinternational.com\/wp-content\/uploads\/2025\/08\/Retail-6-768x430.jpg 768w, https:\/\/www.sisinternational.com\/wp-content\/uploads\/2025\/08\/Retail-6-18x10.jpg 18w\" sizes=\"auto, (max-width: 1456px) 100vw, 1456px\"><\/figure>\n\n\n\n<hr class=\"wp-block-separator has-alpha-channel-opacity is-style-dots\"\/>\n\n\n\n<h3 class=\"wp-block-heading\">Essa abordagem de pesquisa capacita as empresas a tomar decis\u00f5es oportunas e impactantes ao identificar os momentos exatos em que as percep\u00e7\u00f5es do consumidor mudam. A expertise da SIS International garante que os insights estejam alinhados com as \u00faltimas necessidades e expectativas do mercado.<\/h3>\n\n\n\n<p>O que \u00e9 preciso para tomar decis\u00f5es impactantes e em tempo real no mercado acelerado de hoje? A pesquisa de mercado Momentos da Verdade \u00e9 a solu\u00e7\u00e3o em que as principais marcas confiam quando precis\u00e3o e percep\u00e7\u00e3o s\u00e3o essenciais. Essa abordagem direcionada ajuda as empresas a capturar momentos cr\u00edticos de tomada de decis\u00e3o, seja entrando em novos mercados ou otimizando estrat\u00e9gias atuais.<\/p>\n\n\n\n<h2 class=\"wp-block-heading\"><strong>O que \u00e9 pesquisa de mercado Momentos da Verdade?<\/strong><\/h2>\n\n\n\n<p>A pesquisa de mercado Momentos da verdade foca em entender os momentos cruciais quando os consumidores tomam decis\u00f5es que definem sua experi\u00eancia com uma marca. Esses \u201cmomentos da verdade\u201d s\u00e3o os pontos cr\u00edticos na jornada do cliente que moldam a lealdade, a satisfa\u00e7\u00e3o e o engajamento de longo prazo. Essa abordagem \u00e9 especialmente valiosa para empresas que enfrentam uma concorr\u00eancia intensa, onde reconhecer mudan\u00e7as sutis no comportamento do cliente \u00e9 essencial para manter a relev\u00e2ncia. Ao analisar esses momentos, a SIS International fornece aos clientes estrat\u00e9gias acion\u00e1veis que se alinham com as necessidades do mercado em tempo real.<\/p>\n\n\n\n<h2 class=\"wp-block-heading\"><strong>Por que as empresas precisam de pesquisas de mercado sobre momentos da verdade?<\/strong><\/h2>\n\n\n\n<figure class=\"gb-block-image gb-block-image-0132acc8\"><img loading=\"lazy\" decoding=\"async\" width=\"1456\" height=\"816\" class=\"gb-image gb-image-0132acc8\" src=\"https:\/\/www.sisinternational.com\/wp-content\/uploads\/2025\/08\/Retail-15.jpg\" alt=\"Pesquisa e Estrat\u00e9gia de Mercado Internacional da SIS\" title=\"Retail (15)\" srcset=\"https:\/\/www.sisinternational.com\/wp-content\/uploads\/2025\/08\/Retail-15.jpg 1456w, https:\/\/www.sisinternational.com\/wp-content\/uploads\/2025\/08\/Retail-15-300x168.jpg 300w, https:\/\/www.sisinternational.com\/wp-content\/uploads\/2025\/08\/Retail-15-1024x574.jpg 1024w, https:\/\/www.sisinternational.com\/wp-content\/uploads\/2025\/08\/Retail-15-768x430.jpg 768w, https:\/\/www.sisinternational.com\/wp-content\/uploads\/2025\/08\/Retail-15-18x10.jpg 18w\" sizes=\"auto, (max-width: 1456px) 100vw, 1456px\"><\/figure>\n\n\n\n<p><\/p>\n\n\n\n<p>Entender quando e por que os clientes tomam decis\u00f5es cruciais pode dar \u00e0s empresas uma vantagem significativa. \u00c9 por isso que a pesquisa de mercado de momentos da verdade ajuda as empresas a identificar essas jun\u00e7\u00f5es cr\u00edticas, permitindo que elas respondam efetivamente \u00e0s necessidades do consumidor e \u00e0s demandas do mercado.&nbsp;<\/p>\n\n\n\n<p>Para ind\u00fastrias com cen\u00e1rios altamente competitivos, como varejo, tecnologia e finan\u00e7as, um \u00fanico \u201cmomento da verdade\u201d pode determinar se um cliente permanece com uma marca ou explora alternativas. Em tecnologia, por exemplo, os clientes geralmente s\u00e3o sobrecarregados por escolhas, e sua lealdade pode depender de qu\u00e3o bem uma marca antecipa e atende \u00e0s suas necessidades em pontos espec\u00edficos.&nbsp;<\/p>\n\n\n\n<p>Furthermore, this research approach is invaluable for companies operating in diverse global <a href=\"https:\/\/www.sisinternational.com\/pt\/cobertura\/as-americas\/pesquisa-de-mercado-na-america-latina\/pesquisa-de-mercado-bolivia\/\" title=\"Pesquisa de mercado na Bol\u00edvia\"  data-wpil-monitor-id=\"4570\">markets<\/a>, where consumer behaviors and expectations vary significantly by region. Moments of truth market research allows businesses to adjust their strategies to resonate with local customer preferences.&nbsp;<\/p>\n\n\n\n<h2 class=\"wp-block-heading\"><strong>Nossa an\u00e1lise e recomenda\u00e7\u00f5es atuais do mercado<\/strong><\/h2>\n\n\n\n<p>Na SIS International, reconhecemos que as marcas precisam de insights oportunos sobre esses momentos para moldar suas estrat\u00e9gias de forma eficaz. Nossa an\u00e1lise mostra que as empresas que priorizam ativamente a compreens\u00e3o dessas jun\u00e7\u00f5es cr\u00edticas desfrutam de maior reten\u00e7\u00e3o de clientes, maior fidelidade \u00e0 marca e melhor posi\u00e7\u00e3o competitiva. Acreditamos que isso pode capacitar as marcas a tomar decis\u00f5es baseadas em dados que ressoam profundamente com seu p\u00fablico, promovendo fidelidade de longo prazo.<\/p>\n\n\n\n<h2 class=\"wp-block-heading\"><strong>Maiores segmentos em crescimento<\/strong><\/h2>\n\n\n\n<p>Em pesquisas de mercado de momentos da verdade, v\u00e1rios segmentos est\u00e3o experimentando r\u00e1pido crescimento devido a mudan\u00e7as no comportamento do consumidor, avan\u00e7os tecnol\u00f3gicos e a crescente necessidade de engajamento personalizado. Esses segmentos s\u00e3o definidos por sua capacidade de capturar e analisar intera\u00e7\u00f5es cr\u00edticas do consumidor de forma eficaz, ajudando as marcas a se adaptarem em um mercado din\u00e2mico.<\/p>\n\n\n<div class=\"wp-block-image\">\n<figure class=\"aligncenter is-resized\"><img decoding=\"async\" src=\"https:\/\/lh7-rt.googleusercontent.com\/docsz\/AD_4nXfw_4bMQc_p31zcmefRTIACprdJle68geUfXxgmTvxwSgMNXvtxeLfPnDMqBV_-ctQJw3tLgh0ToppI6WhK_oN7bkRAK-_kzzXOzKuZZ5fuip_a9vjwuVEW0-q-Lli4z9FLz8qLHQ?key=d2pIYbKk51A57OV7aLKAXom3\" alt=\"Pesquisa e Estrat\u00e9gia de Mercado Internacional da SIS\" style=\"width:687px;height:auto\"><\/figure>\n<\/div>\n\n\n<ol class=\"wp-block-list\">\n<li><strong>An\u00e1lise da experi\u00eancia do cliente<\/strong> \u2013 As empresas investem pesadamente em ferramentas para entender as intera\u00e7\u00f5es dos clientes, tornando este um dos segmentos de crescimento mais r\u00e1pido.<\/li>\n\n\n\n<li><strong>Intelig\u00eancia Artificial e Aprendizado de M\u00e1quina<\/strong> \u2013 A an\u00e1lise de dados do cliente orientada por IA aumenta a precis\u00e3o da identifica\u00e7\u00e3o de \u201cmomentos da verdade\u201d.<\/li>\n\n\n\n<li><strong>Solu\u00e7\u00f5es de Personaliza\u00e7\u00e3o<\/strong> \u2013 Marketing personalizado e atendimento ao cliente s\u00e3o essenciais para capturar momentos cruciais, especialmente em setores que priorizam o digital.<\/li>\n\n\n\n<li><strong>Segmenta\u00e7\u00e3o Comportamental<\/strong> \u2013 Entender tra\u00e7os comportamentais diferenciados ajuda as marcas a identificar as necessidades espec\u00edficas de seus p\u00fablicos.<\/li>\n\n\n\n<li><strong>An\u00e1lise preditiva<\/strong> \u2013 Aproveitar dados hist\u00f3ricos para prever decis\u00f5es do consumidor \u00e9 uma ferramenta poderosa para marcas que desejam permanecer proativas.<\/li>\n\n\n\n<li><strong>Programas de Voz do Cliente<\/strong> \u2013 Programas de coleta de feedback do cliente ajudam as empresas a se concentrarem em insights em tempo real de intera\u00e7\u00f5es diretas.<\/li>\n\n\n\n<li><strong>Mapeamento da Jornada do Cliente<\/strong> \u2013 Este segmento permite que as empresas mapeiem os principais pontos de decis\u00e3o e abordem os pontos problem\u00e1ticos de forma eficaz.<\/li>\n\n\n\n<li><strong>Ferramentas de engajamento omnicanal<\/strong> \u2013 Garantir uma experi\u00eancia perfeita em diversas plataformas \u00e9 cada vez mais essencial para as marcas.<\/li>\n\n\n\n<li><strong>Modelos de previs\u00e3o de rotatividade<\/strong> \u2013 As empresas usam esses modelos para identificar clientes em risco, permitindo que elas abordem a insatisfa\u00e7\u00e3o precocemente.<\/li>\n\n\n\n<li><strong>An\u00e1lise de Sentimentos<\/strong> \u2013 Analisar o sentimento do consumidor d\u00e1 \u00e0s marcas insights mais profundos sobre motivadores emocionais em momentos de verdade.<\/li>\n<\/ol>\n\n\n\n<h2 class=\"wp-block-heading\"><strong>Informa\u00e7\u00f5es regionais<\/strong><\/h2>\n\n\n\n<p>Em <strong>Am\u00e9rica do Norte<\/strong>, as expectativas do consumidor geralmente s\u00e3o centradas em conveni\u00eancia e personaliza\u00e7\u00e3o. As marcas devem priorizar momentos que agilizem a jornada do cliente, particularmente no e-commerce, onde o servi\u00e7o r\u00e1pido e a personaliza\u00e7\u00e3o s\u00e3o altamente valorizados. Al\u00e9m disso, a sustentabilidade est\u00e1 se tornando um importante motivador de decis\u00e3o, especialmente entre consumidores mais jovens.<\/p>\n\n\n\n<p>Em <strong>Europa<\/strong>, h\u00e1 um forte foco em transpar\u00eancia e pr\u00e1ticas \u00e9ticas, com os clientes dando alto valor \u00e0 responsabilidade ambiental e social das empresas. Para marcas que operam na Europa, a pesquisa de mercado de momentos da verdade pode destacar como esses valores influenciam as decis\u00f5es do consumidor, ajudando as empresas a alinhar suas estrat\u00e9gias com um p\u00fablico mais consciente.<\/p>\n\n\n\n<p><strong>\u00c1sia-Pac\u00edfico<\/strong> representa uma das regi\u00f5es mais din\u00e2micas, com r\u00e1pida ado\u00e7\u00e3o digital e uma base de consumidores cada vez mais antenada em tecnologia. Momentos da verdade impulsionados por dispositivos m\u00f3veis s\u00e3o essenciais aqui, principalmente porque os consumidores dependem muito de m\u00eddias sociais e aplicativos m\u00f3veis para compras e engajamento com a marca.&nbsp;<\/p>\n\n\n\n<p>Em <strong>Am\u00e9rica latina<\/strong>, economic factors often play a larger role in consumer decision-making moments. Price sensitivity and value-based purchasing are crucial in these markets, making Moments of Truth <a href=\"https:\/\/www.sisinternational.com\/pt\/solucoes\/pesquisa-de-consultoria-em-estrategia-fintech\/pesquisa-de-mercado-de-precos-de-commodities\/\" title=\"Pesquisa de mercado de pre\u00e7os de commodities\"  data-wpil-monitor-id=\"5493\">Market Research vital for understanding price<\/a> perception and its influence on brand loyalty.<\/p>\n\n\n\n<h2 class=\"wp-block-heading\"><strong>Oportunidades para neg\u00f3cios<\/strong><\/h2>\n\n\n\n<figure class=\"gb-block-image gb-block-image-361d6fb0\"><img loading=\"lazy\" decoding=\"async\" width=\"1456\" height=\"816\" class=\"gb-image gb-image-361d6fb0\" src=\"https:\/\/www.sisinternational.com\/wp-content\/uploads\/2025\/09\/Quantitative-research-19.jpg\" alt=\"Pesquisa e Estrat\u00e9gia de Mercado Internacional da SIS\" title=\"Quantitative research (19)\" srcset=\"https:\/\/www.sisinternational.com\/wp-content\/uploads\/2025\/09\/Quantitative-research-19.jpg 1456w, https:\/\/www.sisinternational.com\/wp-content\/uploads\/2025\/09\/Quantitative-research-19-300x168.jpg 300w, https:\/\/www.sisinternational.com\/wp-content\/uploads\/2025\/09\/Quantitative-research-19-1024x574.jpg 1024w, https:\/\/www.sisinternational.com\/wp-content\/uploads\/2025\/09\/Quantitative-research-19-768x430.jpg 768w, https:\/\/www.sisinternational.com\/wp-content\/uploads\/2025\/09\/Quantitative-research-19-18x10.jpg 18w\" sizes=\"auto, (max-width: 1456px) 100vw, 1456px\"><\/figure>\n\n\n\n<p><\/p>\n\n\n\n<p>A pesquisa de mercado Momentos da Verdade fornece oportunidades \u00fanicas para as empresas melhorarem sua compreens\u00e3o do comportamento do cliente e refinarem suas estrat\u00e9gias. Ao alavancar insights desses momentos cruciais, as empresas podem abrir portas para o crescimento, a lealdade e a diferencia\u00e7\u00e3o de mercado.<\/p>\n\n\n\n<ul class=\"wp-block-list\">\n<li><strong>Melhorando a Fidelidade do Cliente<\/strong> \u2013 As empresas podem criar experi\u00eancias que promovam lealdade mais profunda identificando pontos de decis\u00e3o cr\u00edticos. Quando as empresas reconhecem o que impulsiona compras repetidas, elas podem nutrir relacionamentos de longo prazo que levam \u00e0 defesa da marca.<\/li>\n\n\n\n<li><strong>Personalizando a jornada do cliente<\/strong> \u2013 Moments of truth <a href=\"https:\/\/www.sisinternational.com\/pt\/o-que-sao-relacoes-publicas\/\" title=\"Rela\u00e7\u00f5es P\u00fablicas e Pesquisa de Mercado\"  data-wpil-monitor-id=\"2241\">market research allows brands<\/a> to create personalized interactions that resonate with individual customers. Personalized engagement builds stronger connections, increasing the likelihood of conversions and repeat interactions.<\/li>\n\n\n\n<li><strong>Identificando novos fluxos de receita<\/strong> \u2013 Entender os momentos da verdade pode revelar necessidades n\u00e3o atendidas dos clientes, orientando as empresas a desenvolver novos produtos ou servi\u00e7os que preencham essas lacunas. Essa abordagem abre oportunidades para canais de receita diversificados e expans\u00e3o de mercado.<\/li>\n\n\n\n<li><strong>Melhorando a reten\u00e7\u00e3o de clientes<\/strong> \u2013 Pesquisar momentos da verdade ajuda as empresas a lidar proativamente com potenciais pontos problem\u00e1ticos, reduzindo a rotatividade de clientes. As empresas podem melhorar as taxas de satisfa\u00e7\u00e3o e reten\u00e7\u00e3o respondendo efetivamente em momentos-chave de decis\u00e3o.<\/li>\n\n\n\n<li><strong>Obtendo vantagem competitiva<\/strong> \u2013 Em mercados competitivos, os momentos da verdade fornecem insights que permitem que as marcas se diferenciem. Ao focar nesses momentos decisivos, as empresas podem oferecer propostas de valor \u00fanicas que as diferenciam dos concorrentes.<\/li>\n\n\n\n<li><strong>Otimizando estrat\u00e9gias de marketing<\/strong> \u2013 A pesquisa de mercado Momentos da Verdade informa os esfor\u00e7os de marketing ao destacar as mensagens e os canais mais eficazes. Ao alinhar campanhas com pontos de decis\u00e3o do cliente, as empresas podem maximizar o impacto de suas iniciativas de marketing.<\/li>\n\n\n\n<li><strong>Melhorando a percep\u00e7\u00e3o da marca<\/strong> \u2013 Intera\u00e7\u00f5es positivas em momentos-chave podem impactar significativamente como os clientes percebem uma marca. Momentos da verdade permitem que as empresas moldem essas percep\u00e7\u00f5es favoravelmente, construindo confian\u00e7a e uma reputa\u00e7\u00e3o positiva.<\/li>\n<\/ul>\n\n\n\n<h2 class=\"wp-block-heading\"><strong>O que torna a SIS International uma empresa de pesquisa de mercado de ponta<\/strong><\/h2>\n\n\n\n<p><a href=\"https:\/\/www.linkedin.com\/company\/sisinternationalresearch\/\" target=\"_blank\" rel=\"noopener\">SIS Internacional<\/a> \u00e9 bem conhecida como l\u00edder em pesquisa de mercado de momento da verdade, oferecendo expertise e recursos inigual\u00e1veis para ajudar marcas a terem sucesso em mercados complexos e competitivos. Aqui est\u00e3o 10 elementos que diferenciam a SIS International:<\/p>\n\n\n\n<ul class=\"wp-block-list\">\n<li><strong>Alcance global<\/strong> \u2013 Com presen\u00e7a em mercados importantes em todo o mundo, oferecemos insights que refletem diversas tend\u00eancias regionais e nuances culturais.<\/li>\n\n\n\n<li><strong>Conhecimento profundo da ind\u00fastria<\/strong> \u2013 Nossa equipe \u00e9 especializada em diversos setores, desde tecnologia e finan\u00e7as at\u00e9 bens de consumo e sa\u00fade, garantindo insights personalizados para cada setor.<\/li>\n\n\n\n<li><strong>Ferramentas avan\u00e7adas de an\u00e1lise<\/strong> \u2013 Empregamos ferramentas e tecnologia de ponta para capturar e analisar o comportamento do cliente, tornando nossos insights detalhados e acion\u00e1veis.<\/li>\n\n\n\n<li><strong>Equipe experiente de especialistas<\/strong> \u2013 Nossa equipe \u00e9 composta por pesquisadores, analistas e estrategistas experientes que fornecem orienta\u00e7\u00e3o de alta qualidade com base em anos de experi\u00eancia.<\/li>\n\n\n\n<li><strong>Abordagem Centrada no Cliente<\/strong> \u2013 Priorizamos entender as necessidades exclusivas dos clientes, criando solu\u00e7\u00f5es de pesquisa que se alinham com seus objetivos e desafios espec\u00edficos.<\/li>\n\n\n\n<li><strong>T\u00e9cnicas de Pesquisa Inovadoras<\/strong> \u2013 <a href=\"https:\/\/medium.com\/@sisinternational\/sis-international-c17160da8fac\" target=\"_blank\" rel=\"noopener\">SIS<\/a> aproveita metodologias inovadoras, incluindo an\u00e1lise preditiva e an\u00e1lise de sentimentos, para capturar os principais momentos da verdade.<\/li>\n\n\n\n<li><strong>Compromisso com a privacidade dos dados<\/strong> \u2013 Seguimos padr\u00f5es rigorosos de privacidade de dados, garantindo que nossa pesquisa seja \u00e9tica e compat\u00edvel com as regulamenta\u00e7\u00f5es atuais.<\/li>\n\n\n\n<li><strong>Relat\u00f3rios abrangentes<\/strong> \u2013 Nossos relat\u00f3rios s\u00e3o projetados para serem claros, concisos e acion\u00e1veis, permitindo que os clientes tomem decis\u00f5es informadas com confian\u00e7a.<\/li>\n\n\n\n<li><strong>\u00canfase em Insights em Tempo Real<\/strong> \u2013 O foco da SIS International em dados em tempo real permite que as marcas permane\u00e7am responsivas \u00e0s condi\u00e7\u00f5es e mudan\u00e7as atuais do mercado.<\/li>\n\n\n\n<li><strong>Hist\u00f3rico comprovado<\/strong> \u2013 Com um hist\u00f3rico de parcerias bem-sucedidas e pesquisas impactantes, a SIS International conta com a confian\u00e7a das principais marcas globais para fornecer insights significativos.<\/li>\n<\/ul>\n\n\n\n<h2 class=\"wp-block-heading\">Sobre SIS Internacional<\/h2>\n\n\n\n<p><a href=\"https:\/\/www.sisinternational.com\/pt\/\">SIS Internacional<\/a> oferece pesquisa quantitativa, qualitativa e estrat\u00e9gica. Fornecemos dados, ferramentas, estrat\u00e9gias, relat\u00f3rios e insights para a tomada de decis\u00f5es. Tamb\u00e9m realizamos entrevistas, pesquisas, grupos focais e outros m\u00e9todos e abordagens de Pesquisa de Mercado.<a href=\"https:\/\/www.sisinternational.com\/pt\/sobre-a-sis-international-research\/contact-sis-international-market-research\/\"> Entre em contato conosco<\/a> para o seu pr\u00f3ximo projeto de pesquisa de mercado.<\/p>\n\n\n\n<hr class=\"wp-block-separator has-alpha-channel-opacity\"\/>","protected":false},"excerpt":{"rendered":"<p>Moments of Truth Market Research This research approach empowers businesses to make timely, impactful decisions by pinpointing the exact moments when consumer perceptions shift. SIS International\u2019s expertise ensures that insights are aligned with the market\u2019s latest needs and expectations. What does it take to make impactful, real-time decisions in today\u2019s fast-paced market? Moments of truth &#8230; <a title=\"Pesquisa de Mercado Momentos da Verdade\" class=\"read-more\" href=\"https:\/\/www.sisinternational.com\/pt\/pericia\/pesquisa-de-mercado-momentos-da-verdade\/\" aria-label=\"Read more about Moments of Truth Market Research\">Leia mais<\/a><\/p>","protected":false},"author":1,"featured_media":62509,"parent":14514,"menu_order":472,"comment_status":"closed","ping_status":"closed","template":"","meta":{"footnotes":""},"class_list":["post-54219","page","type-page","status-publish","has-post-thumbnail"],"_links":{"self":[{"href":"https:\/\/www.sisinternational.com\/pt\/wp-json\/wp\/v2\/pages\/54219","targetHints":{"allow":["GET"]}}],"collection":[{"href":"https:\/\/www.sisinternational.com\/pt\/wp-json\/wp\/v2\/pages"}],"about":[{"href":"https:\/\/www.sisinternational.com\/pt\/wp-json\/wp\/v2\/types\/page"}],"author":[{"embeddable":true,"href":"https:\/\/www.sisinternational.com\/pt\/wp-json\/wp\/v2\/users\/1"}],"replies":[{"embeddable":true,"href":"https:\/\/www.sisinternational.com\/pt\/wp-json\/wp\/v2\/comments?post=54219"}],"version-history":[{"count":9,"href":"https:\/\/www.sisinternational.com\/pt\/wp-json\/wp\/v2\/pages\/54219\/revisions"}],"predecessor-version":[{"id":79266,"href":"https:\/\/www.sisinternational.com\/pt\/wp-json\/wp\/v2\/pages\/54219\/revisions\/79266"}],"up":[{"embeddable":true,"href":"https:\/\/www.sisinternational.com\/pt\/wp-json\/wp\/v2\/pages\/14514"}],"wp:featuredmedia":[{"embeddable":true,"href":"https:\/\/www.sisinternational.com\/pt\/wp-json\/wp\/v2\/media\/62509"}],"wp:attachment":[{"href":"https:\/\/www.sisinternational.com\/pt\/wp-json\/wp\/v2\/media?parent=54219"}],"curies":[{"name":"wp","href":"https:\/\/api.w.org\/{rel}","templated":true}]}}