{"id":54215,"date":"2024-11-22T05:03:22","date_gmt":"2024-11-22T10:03:22","guid":{"rendered":"https:\/\/www.sisinternational.com\/?page_id=54215"},"modified":"2026-03-05T23:13:04","modified_gmt":"2026-03-06T04:13:04","slug":"empresa-de-estrategia-de-marketing-de-ponta","status":"publish","type":"page","link":"https:\/\/www.sisinternational.com\/pt\/solucoes\/consultoria-estrategica\/empresa-de-estrategia-de-marketing-de-ponta\/","title":{"rendered":"Melhor empresa de estrat\u00e9gia de marketing"},"content":{"rendered":"<h1 class=\"wp-block-heading\">Melhor empresa de estrat\u00e9gia de marketing<\/h1>\n\n\n\n<p><\/p>\n\n\n\n<figure class=\"gb-block-image gb-block-image-3ca30460\"><img loading=\"lazy\" decoding=\"async\" width=\"1456\" height=\"816\" class=\"gb-image gb-image-3ca30460\" src=\"https:\/\/www.sisinternational.com\/wp-content\/uploads\/2025\/08\/Strategy-consulting-20.jpg\" alt=\"Pesquisa e Estrat\u00e9gia de Mercado Internacional da SIS\" title=\"Strategy consulting (20)\" srcset=\"https:\/\/www.sisinternational.com\/wp-content\/uploads\/2025\/08\/Strategy-consulting-20.jpg 1456w, https:\/\/www.sisinternational.com\/wp-content\/uploads\/2025\/08\/Strategy-consulting-20-300x168.jpg 300w, https:\/\/www.sisinternational.com\/wp-content\/uploads\/2025\/08\/Strategy-consulting-20-1024x574.jpg 1024w, https:\/\/www.sisinternational.com\/wp-content\/uploads\/2025\/08\/Strategy-consulting-20-768x430.jpg 768w, https:\/\/www.sisinternational.com\/wp-content\/uploads\/2025\/08\/Strategy-consulting-20-18x10.jpg 18w\" sizes=\"auto, (max-width: 1456px) 100vw, 1456px\"><\/figure>\n\n\n\n<hr class=\"wp-block-separator has-alpha-channel-opacity is-style-dots\"\/>\n\n\n\n<h3 class=\"wp-block-heading\">Uma estrat\u00e9gia de marketing bem definida \u00e9 a base de qualquer neg\u00f3cio bem-sucedido. Como uma das principais empresas de estrat\u00e9gia de marketing, a SIS International trabalha com empresas para criar estrat\u00e9gias orientadas por dados que alcan\u00e7am resultados mensur\u00e1veis.<\/h3>\n\n\n\n<p>O que diferencia marcas bem-sucedidas daquelas que lutam? A resposta est\u00e1 em ter uma estrat\u00e9gia de marketing clara e eficaz. A SIS International, uma empresa de estrat\u00e9gia de marketing de ponta, fornece os insights e o planejamento necess\u00e1rios para se conectar com p\u00fablicos-alvo e impulsionar o crescimento.<\/p>\n\n\n\n<h2 class=\"wp-block-heading\">Por que a estrat\u00e9gia de marketing \u00e9 essencial no cen\u00e1rio empresarial global atual?<\/h2>\n\n\n\n<p><a href=\"https:\/\/www.sisinternational.com\/pt\/empresa-lider-em-estrategia-de-entrada-no-mercado-b2b\/\" title=\"Melhor empresa de estrat\u00e9gia de entrada no mercado B2B\"  data-wpil-monitor-id=\"1361\">Marketing strategy defines how a company<\/a> reaches its target audience, communicates its value proposition, and drives sales and growth. That\u2019s why companies need a comprehensive marketing strategy to ensure that their messages are heard, their brands are recognized, and their products resonate with consumers.<\/p>\n\n\n\n<p>Whether a company is launching a new product, entering a new market, or rebranding, having a robust <a href=\"https:\/\/www.sisinternational.com\/pt\/what-to-expect-in-your-first-year-entering-a-new-market-5-essential-strategies\/\" title=\"What to Expect in Your First Year Entering a New Market: 5 Essential Strategies\"  data-wpil-monitor-id=\"1082\">marketing strategy is essential<\/a> to navigating challenges and seizing opportunities. A <a href=\"https:\/\/www.sisinternational.com\/pt\/empresa-lider-em-avaliacao-de-estrategia-corporativa\/\" title=\"Melhor empresa de avalia\u00e7\u00e3o de estrat\u00e9gia corporativa\"  data-wpil-monitor-id=\"1490\">top marketing strategy firm<\/a> provides the expertise to craft tailored strategies that resonate with consumers, create meaningful connections, and drive long-term success.<\/p>\n\n\n\n<h2 class=\"wp-block-heading\">Servi\u00e7os que voc\u00ea pode esperar de uma empresa de estrat\u00e9gia de marketing de ponta<\/h2>\n\n\n\n<figure class=\"gb-block-image gb-block-image-d54be9ae\"><img loading=\"lazy\" decoding=\"async\" width=\"1456\" height=\"816\" class=\"gb-image gb-image-d54be9ae\" src=\"https:\/\/www.sisinternational.com\/wp-content\/uploads\/2025\/08\/Strategy-consulting-25.jpg\" alt=\"Pesquisa e Estrat\u00e9gia de Mercado Internacional da SIS\" title=\"Strategy consulting (25)\" srcset=\"https:\/\/www.sisinternational.com\/wp-content\/uploads\/2025\/08\/Strategy-consulting-25.jpg 1456w, https:\/\/www.sisinternational.com\/wp-content\/uploads\/2025\/08\/Strategy-consulting-25-300x168.jpg 300w, https:\/\/www.sisinternational.com\/wp-content\/uploads\/2025\/08\/Strategy-consulting-25-1024x574.jpg 1024w, https:\/\/www.sisinternational.com\/wp-content\/uploads\/2025\/08\/Strategy-consulting-25-768x430.jpg 768w, https:\/\/www.sisinternational.com\/wp-content\/uploads\/2025\/08\/Strategy-consulting-25-18x10.jpg 18w\" sizes=\"auto, (max-width: 1456px) 100vw, 1456px\"><\/figure>\n\n\n\n<p><\/p>\n\n\n\n<p>A <a href=\"https:\/\/www.sisinternational.com\/pt\/solucoes\/legal-market-research\/mock-jury-market-research-3\/\" title=\"Melhor empresa de pesquisa de mercado de j\u00fari simulado\"  data-wpil-monitor-id=\"934\">top marketing strategy<\/a> firm offers a <strong>pesquisa e an\u00e1lise de mercado<\/strong>, que envolve reunir e analisar dados para entender o comportamento do consumidor, tend\u00eancias de mercado e din\u00e2mica competitiva. Essas informa\u00e7\u00f5es s\u00e3o a base para criar estrat\u00e9gias de marketing informadas que se alinham com as oportunidades de mercado e as necessidades do consumidor.<\/p>\n\n\n\n<p><strong>Desenvolvimento de estrat\u00e9gia de marca<\/strong> \u00e9 outro servi\u00e7o essencial, com foco na defini\u00e7\u00e3o da identidade, valores e posicionamento de uma marca. Uma estrat\u00e9gia de marca forte ajuda as empresas a estabelecer uma presen\u00e7a \u00fanica no mercado, construir fidelidade \u00e0 marca e se diferenciar dos concorrentes.&nbsp;<\/p>\n\n\n\n<p><strong>Planejamento e execu\u00e7\u00e3o de campanha<\/strong> are critical <a href=\"https:\/\/www.sisinternational.com\/pt\/estrategia-de-marketing-em-servicos-educacionais\/\" title=\"Estrat\u00e9gia de Marketing em Servi\u00e7os Educacionais\"  data-wpil-monitor-id=\"2089\">services top marketing strategy<\/a> firms provide. From digital marketing to traditional media, these firms help businesses plan and execute marketing campaigns that reach the right audiences at the right time.&nbsp;<\/p>\n\n\n\n<h3 class=\"wp-block-heading\">Principais servi\u00e7os fornecidos por uma empresa l\u00edder em estrat\u00e9gia de marketing:<\/h3>\n\n\n\n<p><\/p>\n\n\n<div class=\"wp-block-image\">\n<figure class=\"aligncenter size-full is-resized\"><img loading=\"lazy\" decoding=\"async\" width=\"819\" height=\"685\" src=\"https:\/\/www.sisinternational.com\/wp-content\/uploads\/2024\/11\/Top-Marketing-Strategy-Company.png\" alt=\"Pesquisa e Estrat\u00e9gia de Mercado Internacional da SIS\" class=\"wp-image-54216\" style=\"width:694px;height:auto\" srcset=\"https:\/\/www.sisinternational.com\/wp-content\/uploads\/2024\/11\/Top-Marketing-Strategy-Company.png 819w, https:\/\/www.sisinternational.com\/wp-content\/uploads\/2024\/11\/Top-Marketing-Strategy-Company-300x251.png 300w, https:\/\/www.sisinternational.com\/wp-content\/uploads\/2024\/11\/Top-Marketing-Strategy-Company-768x642.png 768w, https:\/\/www.sisinternational.com\/wp-content\/uploads\/2024\/11\/Top-Marketing-Strategy-Company-14x12.png 14w\" sizes=\"auto, (max-width: 819px) 100vw, 819px\" \/><\/figure>\n<\/div>\n\n\n<p><\/p>\n\n\n\n<ul class=\"wp-block-list\">\n<li><strong>Pesquisa e an\u00e1lise de mercado:<\/strong> Realiza\u00e7\u00e3o de pesquisas aprofundadas para entender tend\u00eancias de mercado, comportamento do consumidor e din\u00e2mica competitiva.<\/li>\n\n\n\n<li><strong>Desenvolvimento de estrat\u00e9gia de marca:<\/strong> Criando uma identidade de marca e um posicionamento \u00fanicos que ressoem com o p\u00fablico-alvo e criem fidelidade \u00e0 marca.<\/li>\n\n\n\n<li><strong>Planejamento e execu\u00e7\u00e3o de campanha:<\/strong> Desenvolver e executar campanhas de marketing que alcancem e envolvam efetivamente p\u00fablicos-alvo em v\u00e1rios canais.<\/li>\n\n\n\n<li><strong>Segmenta\u00e7\u00e3o e direcionamento de clientes:<\/strong> Identificar os principais segmentos de clientes e adaptar os esfor\u00e7os de marketing para atender \u00e0s suas necessidades e prefer\u00eancias exclusivas.<\/li>\n\n\n\n<li><strong>Estrat\u00e9gia de Marketing Digital:<\/strong> Cria\u00e7\u00e3o de estrat\u00e9gias de marketing digital que aproveitem canais online, incluindo m\u00eddias sociais, SEO e publicidade paga, para impulsionar o reconhecimento da marca e o engajamento.<\/li>\n\n\n\n<li><strong>Marketing de conte\u00fado e narrativa:<\/strong> Desenvolver conte\u00fado atraente que conte a hist\u00f3ria da marca e se conecte emocionalmente com os consumidores.<\/li>\n\n\n\n<li><strong>Medi\u00e7\u00e3o e otimiza\u00e7\u00e3o de desempenho:<\/strong> Medir a efic\u00e1cia das campanhas de marketing e fazer ajustes baseados em dados para maximizar o ROI.<\/li>\n<\/ul>\n\n\n\n<h2 class=\"wp-block-heading\">Quais s\u00e3o os benef\u00edcios de trabalhar com uma empresa de ponta em estrat\u00e9gia de marketing?<\/h2>\n\n\n\n<p>Working with a <a href=\"https:\/\/www.sisinternational.com\/pt\/empresa-lider-global-em-grupos-focais\/\" title=\"Empresa l\u00edder global em grupos focais\"  data-wpil-monitor-id=\"1042\">top marketing strategy<\/a> firm provides numerous advantages significantly enhancing a company&#8217;s ability to compete in the global marketplace. These firms bring expertise, resources, and insights that help businesses craft effective marketing strategies and achieve their business goals.<\/p>\n\n\n\n<ul class=\"wp-block-list\">\n<li><strong>Experi\u00eancia estrat\u00e9gica:<\/strong> Voc\u00ea tem acesso a especialistas do setor que entendem a din\u00e2mica do mercado, o comportamento do consumidor e t\u00e1ticas de marketing eficazes.<\/li>\n\n\n\n<li><strong>Tomada de decis\u00e3o baseada em dados:<\/strong> As principais empresas de estrat\u00e9gia de marketing utilizam dados e insights para criar estrat\u00e9gias de marketing alinhadas \u00e0s oportunidades de mercado e \u00e0s necessidades do consumidor.<\/li>\n\n\n\n<li><strong>Diferencia\u00e7\u00e3o da marca:<\/strong> Eles desenvolvem uma forte identidade de marca que se destaca em um mercado concorrido e repercute no p\u00fablico-alvo.<\/li>\n\n\n\n<li><strong>Desenvolvimento de estrat\u00e9gia localizada:<\/strong> Essas empresas ajudam voc\u00ea a adaptar estrat\u00e9gias de marketing para alinh\u00e1-las \u00e0s nuances culturais e sociais de diferentes regi\u00f5es, aumentando o engajamento do consumidor.<\/li>\n\n\n\n<li><strong>Otimiza\u00e7\u00e3o Cont\u00ednua:<\/strong> Eles ajudam voc\u00ea a medir o desempenho da campanha e a fazer ajustes baseados em dados para melhorar a efic\u00e1cia e atingir objetivos de neg\u00f3cios.<\/li>\n<\/ul>\n\n\n\n<h2 class=\"wp-block-heading\">Como a estrat\u00e9gia de marketing impulsiona o crescimento e a inova\u00e7\u00e3o dos neg\u00f3cios?<\/h2>\n\n\n\n<p><\/p>\n\n\n\n<figure class=\"gb-block-image gb-block-image-cfc4777c\"><img decoding=\"async\" class=\"gb-image gb-image-cfc4777c\" src=\"https:\/\/www.sisinternational.com\/wp-content\/uploads\/2024\/11\/B2B-1-1.jpg\" alt=\"Pesquisa e Estrat\u00e9gia de Mercado Internacional da SIS\" title=\"B2B 1 (1)\"><\/figure>\n\n\n\n<p><\/p>\n\n\n\n<p>A estrat\u00e9gia de marketing ajuda as empresas a atingir seus objetivos e prosperar em um ambiente competitivo, fornecendo um roteiro claro para atingir p\u00fablicos-alvo, comunicar valor e se diferenciar dos concorrentes.<\/p>\n\n\n\n<p><strong>Identificando oportunidades de mercado e necessidades do consumidor<\/strong><\/p>\n\n\n\n<p>A <a href=\"https:\/\/www.sisinternational.com\/pt\/melhor-empresa-de-analise-da-industria-em-ny\/\" title=\"Melhor empresa de an\u00e1lise da ind\u00fastria em NY\"  data-wpil-monitor-id=\"1117\">top marketing strategy<\/a> firm helps businesses identify market opportunities and consumer needs by conducting in-depth research and analysis. These insights help companies create products, services, and campaigns that address specific consumer needs and provide value to their target audiences. For example, <a href=\"https:\/\/www.linkedin.com\/pulse\/how-market-research-enables-growth-ruth-stanat-phekf\/\" target=\"_blank\" rel=\"noopener\">pesquisa de mercado<\/a> pode revelar um segmento mal atendido de consumidores com necessidades n\u00e3o atendidas.&nbsp;<\/p>\n\n\n\n<p><strong>Orientando o desenvolvimento de produtos e posicionamento de mercado<\/strong><\/p>\n\n\n\n<p>Marketing strategy is instrumental in guiding product development and market positioning. A <a href=\"https:\/\/www.sisinternational.com\/pt\/empresa-de-benchmarking-de-maior-concorrente\/\" title=\"Empresa de Benchmarking de Melhor Concorrente\" data-wpil-monitor-id=\"1198\">top marketing strategy firm helps companies<\/a> define their unique value proposition and communicate it in a way that resonates with consumers.<\/p>\n\n\n\n<p>In addition to product development, <a href=\"https:\/\/www.sisinternational.com\/pt\/tornando-se-um-campeao-oculto-em-marketing-de-nicho\/\" title=\"Estrat\u00e9gia de marketing de campe\u00f5es ocultos e marketing de nicho\" data-wpil-monitor-id=\"1976\">marketing strategy is crucial in brand<\/a> positioning. By defining a brand&#8217;s identity, values, and messaging, businesses can create a strong brand presence that differentiates them from competitors and builds lasting relationships with consumers.<\/p>\n\n\n\n<p><strong>Apoiando decis\u00f5es estrat\u00e9gicas de neg\u00f3cios<\/strong><\/p>\n\n\n\n<p>A estrat\u00e9gia de marketing tamb\u00e9m d\u00e1 suporte a decis\u00f5es comerciais estrat\u00e9gicas mais amplas, como entrada no mercado, expans\u00e3o e rebranding. Uma empresa de estrat\u00e9gia de marketing de ponta fornece os insights necess\u00e1rios para tomar decis\u00f5es informadas sobre quais mercados entrar, como posicionar uma marca e como adaptar os esfor\u00e7os de marketing a diferentes regi\u00f5es.&nbsp;<\/p>\n\n\n\n<h2 class=\"wp-block-heading\">O que torna a SIS International uma empresa de estrat\u00e9gia de marketing de ponta<\/h2>\n\n\n\n<p><a href=\"https:\/\/www.linkedin.com\/company\/sisinternationalresearch\/\" target=\"_blank\" rel=\"noopener\">SIS Internacional<\/a> tem uma abordagem \u00fanica, expertise global e comprometimento em entregar insights acion\u00e1veis. Nossa capacidade de entender a din\u00e2mica do mercado e o comportamento do consumidor e traduzi-los em oportunidades estrat\u00e9gicas nos torna um parceiro confi\u00e1vel para empresas que buscam ter sucesso em um mercado global cada vez mais complexo.<\/p>\n\n\n\n<ul class=\"wp-block-list\">\n<li><strong>Estrat\u00e9gias de marketing personalizadas:<\/strong> N\u00f3s criamos estrat\u00e9gias de marketing que atendem \u00e0s necessidades de cada cliente, garantindo que nossos insights sejam significativos e acion\u00e1veis.<\/li>\n\n\n\n<li><strong>Experi\u00eancia global e local:<\/strong> Nossa equipe de especialistas do setor fornece perspectivas globais e insights locais, ajudando as empresas a navegar pelas nuances de diferentes mercados.<\/li>\n\n\n\n<li><strong>Pesquisa de mercado abrangente:<\/strong> Conduzimos pesquisas aprofundadas para entender tend\u00eancias de mercado, comportamento do consumidor e din\u00e2mica competitiva, fornecendo a base para estrat\u00e9gias de marketing eficazes.<\/li>\n\n\n\n<li><strong>Planejamento de campanha inovador:<\/strong> <a href=\"https:\/\/twitter.com\/SISIntlResearch\" target=\"_blank\" rel=\"noopener\">SIS<\/a> O compromisso da International com a inova\u00e7\u00e3o significa que usamos as mais recentes ferramentas e tecnologias para desenvolver e executar campanhas de marketing que envolvem os consumidores e geram resultados.<\/li>\n\n\n\n<li><strong>Insights baseados em dados:<\/strong> Da segmenta\u00e7\u00e3o de clientes \u00e0 otimiza\u00e7\u00e3o de campanhas, fornecemos insights baseados em dados que ajudam nossos clientes a tomar decis\u00f5es estrat\u00e9gicas informadas.<\/li>\n\n\n\n<li><strong>Orienta\u00e7\u00e3o e suporte especializado:<\/strong> Nossa equipe fornece orienta\u00e7\u00e3o e suporte especializados durante todo o processo de marketing, desde o desenvolvimento da estrat\u00e9gia at\u00e9 a execu\u00e7\u00e3o e otimiza\u00e7\u00e3o.<\/li>\n\n\n\n<li><strong>Integra\u00e7\u00e3o eficaz entre canais:<\/strong> Garantimos que as estrat\u00e9gias de marketing sejam perfeitamente integradas em v\u00e1rios canais, proporcionando uma experi\u00eancia de marca consistente para os consumidores.<\/li>\n\n\n\n<li><strong>Recomenda\u00e7\u00f5es acion\u00e1veis:<\/strong> Nossos insights n\u00e3o s\u00e3o apenas informativos, eles s\u00e3o acion\u00e1veis, fornecendo aos nossos clientes etapas claras para melhorar sua efic\u00e1cia de marketing.<\/li>\n\n\n\n<li><strong>Visibilidade aprimorada da marca:<\/strong> Nossas estrat\u00e9gias s\u00e3o projetadas para aumentar a visibilidade e o reconhecimento da marca, garantindo que as marcas de nossos clientes estejam na mente de seus p\u00fablicos-alvo.<\/li>\n<\/ul>\n\n\n\n<h2 class=\"wp-block-heading\">Sobre SIS Internacional<\/h2>\n\n\n\n<p><a href=\"https:\/\/www.sisinternational.com\/pt\/\">SIS Internacional<\/a> oferece pesquisa quantitativa, qualitativa e estrat\u00e9gica. Fornecemos dados, ferramentas, estrat\u00e9gias, relat\u00f3rios e insights para a tomada de decis\u00f5es. Tamb\u00e9m realizamos entrevistas, pesquisas, grupos focais e outros m\u00e9todos e abordagens de Pesquisa de Mercado.<a href=\"https:\/\/www.sisinternational.com\/pt\/sobre-a-sis-international-research\/contact-sis-international-market-research\/\"> Entre em contato conosco<\/a> para o seu pr\u00f3ximo projeto de pesquisa de mercado.<\/p>\n\n\n\n<hr class=\"wp-block-separator has-alpha-channel-opacity\"\/>","protected":false},"excerpt":{"rendered":"<p>Top Marketing Strategy Company A well-defined marketing strategy is the foundation of any successful business. As a top marketing strategy firm, SIS International works with companies to create data-driven strategies that achieve measurable results. What differentiates successful brands from those that struggle? The answer lies in having a clear and effective marketing strategy. SIS International, &#8230; <a title=\"Melhor empresa de estrat\u00e9gia de marketing\" class=\"read-more\" href=\"https:\/\/www.sisinternational.com\/pt\/solucoes\/consultoria-estrategica\/empresa-de-estrategia-de-marketing-de-ponta\/\" aria-label=\"Read more about Top Marketing Strategy Company\">Leia mais<\/a><\/p>","protected":false},"author":1,"featured_media":62554,"parent":14567,"menu_order":51,"comment_status":"closed","ping_status":"closed","template":"","meta":{"footnotes":""},"class_list":["post-54215","page","type-page","status-publish","has-post-thumbnail"],"_links":{"self":[{"href":"https:\/\/www.sisinternational.com\/pt\/wp-json\/wp\/v2\/pages\/54215","targetHints":{"allow":["GET"]}}],"collection":[{"href":"https:\/\/www.sisinternational.com\/pt\/wp-json\/wp\/v2\/pages"}],"about":[{"href":"https:\/\/www.sisinternational.com\/pt\/wp-json\/wp\/v2\/types\/page"}],"author":[{"embeddable":true,"href":"https:\/\/www.sisinternational.com\/pt\/wp-json\/wp\/v2\/users\/1"}],"replies":[{"embeddable":true,"href":"https:\/\/www.sisinternational.com\/pt\/wp-json\/wp\/v2\/comments?post=54215"}],"version-history":[{"count":15,"href":"https:\/\/www.sisinternational.com\/pt\/wp-json\/wp\/v2\/pages\/54215\/revisions"}],"predecessor-version":[{"id":76455,"href":"https:\/\/www.sisinternational.com\/pt\/wp-json\/wp\/v2\/pages\/54215\/revisions\/76455"}],"up":[{"embeddable":true,"href":"https:\/\/www.sisinternational.com\/pt\/wp-json\/wp\/v2\/pages\/14567"}],"wp:featuredmedia":[{"embeddable":true,"href":"https:\/\/www.sisinternational.com\/pt\/wp-json\/wp\/v2\/media\/62554"}],"wp:attachment":[{"href":"https:\/\/www.sisinternational.com\/pt\/wp-json\/wp\/v2\/media?parent=54215"}],"curies":[{"name":"wp","href":"https:\/\/api.w.org\/{rel}","templated":true}]}}