{"id":54211,"date":"2024-11-21T04:58:40","date_gmt":"2024-11-21T09:58:40","guid":{"rendered":"https:\/\/www.sisinternational.com\/?page_id=54211"},"modified":"2026-03-05T23:13:36","modified_gmt":"2026-03-06T04:13:36","slug":"empresa-lider-global-em-grupos-focais","status":"publish","type":"page","link":"https:\/\/www.sisinternational.com\/pt\/solucoes\/grupos-de-foco\/empresa-lider-global-em-grupos-focais\/","title":{"rendered":"Empresa l\u00edder global em grupos focais"},"content":{"rendered":"<h1 class=\"wp-block-heading\">Empresa l\u00edder global em grupos focais<\/h1>\n\n\n\n<p><\/p>\n\n\n\n<figure class=\"gb-block-image gb-block-image-a416eb7d\"><img loading=\"lazy\" decoding=\"async\" width=\"1456\" height=\"816\" class=\"gb-image gb-image-a416eb7d\" src=\"https:\/\/www.sisinternational.com\/wp-content\/uploads\/2025\/09\/Focus-group-recruitment-10.jpg\" alt=\"Pesquisa e Estrat\u00e9gia de Mercado Internacional da SIS\" title=\"Focus group recruitment (10)\" srcset=\"https:\/\/www.sisinternational.com\/wp-content\/uploads\/2025\/09\/Focus-group-recruitment-10.jpg 1456w, https:\/\/www.sisinternational.com\/wp-content\/uploads\/2025\/09\/Focus-group-recruitment-10-300x168.jpg 300w, https:\/\/www.sisinternational.com\/wp-content\/uploads\/2025\/09\/Focus-group-recruitment-10-1024x574.jpg 1024w, https:\/\/www.sisinternational.com\/wp-content\/uploads\/2025\/09\/Focus-group-recruitment-10-768x430.jpg 768w, https:\/\/www.sisinternational.com\/wp-content\/uploads\/2025\/09\/Focus-group-recruitment-10-18x10.jpg 18w\" sizes=\"auto, (max-width: 1456px) 100vw, 1456px\"><\/figure>\n\n\n\n<hr class=\"wp-block-separator has-alpha-channel-opacity is-style-dots\"\/>\n\n\n\n<h3 class=\"wp-block-heading\">Uma empresa l\u00edder global em grupos focais oferece uma oportunidade \u00fanica de capturar as diversas perspectivas e emo\u00e7\u00f5es que moldam o comportamento do consumidor.<\/h3>\n\n\n\n<p>Por que os grupos focais s\u00e3o essenciais para obter insights profundos sobre o consumidor? Eles fornecem o contexto que os n\u00fameros sozinhos n\u00e3o conseguem. <a href=\"https:\/\/medium.com\/@sisinternational\/sis-international-c17160da8fac\" target=\"_blank\" rel=\"noopener\">SIS<\/a>, uma das principais empresas globais de grupos focais, ajuda empresas a entender as narrativas que orientam as decis\u00f5es dos consumidores.<\/p>\n\n\n\n<h2 class=\"wp-block-heading\">Por que a pesquisa de grupos focais \u00e9 essencial no atual ambiente de neg\u00f3cios global<\/h2>\n\n\n\n<p>A pesquisa de grupo focal \u00e9 essencial para entender as motiva\u00e7\u00f5es, atitudes e emo\u00e7\u00f5es subjacentes que influenciam o comportamento do consumidor. Elas fornecem uma plataforma para os participantes compartilharem seus pensamentos, experi\u00eancias e sentimentos em um ambiente aberto e interativo.&nbsp;<\/p>\n\n\n\n<p>Moreover, focus groups are particularly valuable for exploring new product concepts, testing marketing messages, and understanding the dynamics of group decision-making. A <a href=\"https:\/\/www.sisinternational.com\/pt\/melhor-empresa-de-analise-da-industria-em-ny\/\" title=\"Melhor empresa de an\u00e1lise da ind\u00fastria em NY\" data-wpil-monitor-id=\"1124\">top global focus group firm helps companies<\/a> leverage these insights to create strategies that resonate with their target audiences, enhance brand loyalty, and drive business success.<\/p>\n\n\n\n<h2 class=\"wp-block-heading\">Quais s\u00e3o os servi\u00e7os t\u00edpicos de uma empresa l\u00edder global de grupos focais?<\/h2>\n\n\n\n<figure class=\"gb-block-image gb-block-image-7e8469ff\"><img loading=\"lazy\" decoding=\"async\" width=\"1456\" height=\"816\" class=\"gb-image gb-image-7e8469ff\" src=\"https:\/\/www.sisinternational.com\/wp-content\/uploads\/2025\/09\/Focus-group-4-15.jpg\" alt=\"Pesquisa e Estrat\u00e9gia de Mercado Internacional da SIS\" title=\"Focus group 4 (15)\" srcset=\"https:\/\/www.sisinternational.com\/wp-content\/uploads\/2025\/09\/Focus-group-4-15.jpg 1456w, https:\/\/www.sisinternational.com\/wp-content\/uploads\/2025\/09\/Focus-group-4-15-300x168.jpg 300w, https:\/\/www.sisinternational.com\/wp-content\/uploads\/2025\/09\/Focus-group-4-15-1024x574.jpg 1024w, https:\/\/www.sisinternational.com\/wp-content\/uploads\/2025\/09\/Focus-group-4-15-768x430.jpg 768w, https:\/\/www.sisinternational.com\/wp-content\/uploads\/2025\/09\/Focus-group-4-15-18x10.jpg 18w\" sizes=\"auto, (max-width: 1456px) 100vw, 1456px\"><\/figure>\n\n\n\n<p><\/p>\n\n\n\n<p>One of the core <a href=\"https:\/\/www.sisinternational.com\/pt\/focus-group-services-in-ny\/\" title=\"Focus Group Services in NY\" data-wpil-monitor-id=\"1294\">services offered is in-person focus groups<\/a>, onde os participantes s\u00e3o reunidos em um ambiente f\u00edsico para discutir um produto, marca ou t\u00f3pico espec\u00edfico. Essas sess\u00f5es s\u00e3o moderadas por facilitadores experientes que orientam a conversa e garantem que todos os participantes tenham a oportunidade de compartilhar seus pensamentos. Os grupos focais presenciais permitem observar a linguagem corporal, as express\u00f5es faciais e a din\u00e2mica do grupo, o que pode fornecer contexto adicional \u00e0s respostas verbais dos participantes.<\/p>\n\n\n\n<p>Outra oferta popular \u00e9 <strong>grupos focais on-line<\/strong>, que fornecem a flexibilidade para envolver participantes de diferentes localiza\u00e7\u00f5es geogr\u00e1ficas. Grupos focais online s\u00e3o altamente \u00fateis para empresas que buscam insights de um p\u00fablico global diverso. Essas sess\u00f5es usam tecnologia de videoconfer\u00eancia para facilitar discuss\u00f5es em grupo, permitindo que os participantes interajam em tempo real, ao mesmo tempo em que oferecem a conveni\u00eancia de participar de suas casas.<\/p>\n\n\n\n<p><strong>Grupos focais h\u00edbridos<\/strong> combinam as vantagens dos formatos presencial e online, permitindo que as empresas envolvam os participantes de uma forma que melhor se adapte \u00e0s suas necessidades de pesquisa. Essa abordagem \u00e9 ben\u00e9fica para empresas multinacionais que buscam reunir insights de v\u00e1rias regi\u00f5es, mantendo a profundidade da intera\u00e7\u00e3o que vem com as discuss\u00f5es presenciais.<\/p>\n\n\n\n<h2 class=\"wp-block-heading\">Servi\u00e7os essenciais fornecidos por uma empresa l\u00edder global de grupo focal<\/h2>\n\n\n\n<p>A <a href=\"https:\/\/www.sisinternational.com\/pt\/empresa-lider-global-em-pesquisa-quantitativa-de-mercado\/\" title=\"Empresa l\u00edder global em pesquisa quantitativa de mercado\" data-wpil-monitor-id=\"1054\">top global focus group<\/a> firm possesses a deep understanding of the global market landscape, which is crucial for businesses looking to expand internationally. This expertise allows them to provide contextually rich and globally relevant insights, helping companies to navigate the complexities of international markets.<\/p>\n\n\n\n<p><\/p>\n\n\n<div class=\"wp-block-image\">\n<figure class=\"aligncenter size-full\"><img loading=\"lazy\" decoding=\"async\" width=\"702\" height=\"370\" src=\"https:\/\/www.sisinternational.com\/wp-content\/uploads\/2024\/11\/Top-Global-Focus-Group-Company.png\" alt=\"Pesquisa e Estrat\u00e9gia de Mercado Internacional da SIS\" class=\"wp-image-54212\" srcset=\"https:\/\/www.sisinternational.com\/wp-content\/uploads\/2024\/11\/Top-Global-Focus-Group-Company.png 702w, https:\/\/www.sisinternational.com\/wp-content\/uploads\/2024\/11\/Top-Global-Focus-Group-Company-300x158.png 300w, https:\/\/www.sisinternational.com\/wp-content\/uploads\/2024\/11\/Top-Global-Focus-Group-Company-18x9.png 18w\" sizes=\"auto, (max-width: 702px) 100vw, 702px\" \/><\/figure>\n<\/div>\n\n\n<p><\/p>\n\n\n\n<ul class=\"wp-block-list\">\n<li><strong>Grupos de foco presenciais:<\/strong> Discuss\u00f5es facilitadas em um ambiente f\u00edsico para observar a din\u00e2mica do grupo, a linguagem corporal e as intera\u00e7\u00f5es dos participantes.<\/li>\n\n\n\n<li><strong>Grupos de foco on-line:<\/strong> Discuss\u00f5es virtuais que oferecem flexibilidade e permitem que as empresas coletem insights de participantes de diferentes regi\u00f5es.<\/li>\n\n\n\n<li><strong>Grupos Focais H\u00edbridos:<\/strong> Uma combina\u00e7\u00e3o de formatos presenciais e online para capturar perspectivas diversas e, ao mesmo tempo, garantir um envolvimento profundo.<\/li>\n\n\n\n<li><strong>Treinamento e experi\u00eancia do moderador:<\/strong> Moderadores qualificados, com experi\u00eancia em orientar discuss\u00f5es, buscar insights mais profundos e garantir que todos os participantes contribuam significativamente.<\/li>\n\n\n\n<li><strong>Teste de conceito e feedback do produto:<\/strong> Usar grupos focais para testar novos conceitos de produtos, mensagens de marketing e posicionamento de marca antes de coloc\u00e1-los no mercado.<\/li>\n\n\n\n<li><strong>Insights culturais e localiza\u00e7\u00e3o:<\/strong> Entender como os fatores culturais influenciam as prefer\u00eancias do consumidor e garantir que os produtos e as estrat\u00e9gias de marketing repercutam no p\u00fablico local.<\/li>\n\n\n\n<li><strong>An\u00e1lise e relat\u00f3rios p\u00f3s-sess\u00e3o:<\/strong> An\u00e1lise abrangente de discuss\u00f5es de grupos focais, incluindo temas principais, cita\u00e7\u00f5es de participantes e recomenda\u00e7\u00f5es pr\u00e1ticas para estrat\u00e9gia de neg\u00f3cios.<\/li>\n<\/ul>\n\n\n\n<h2 class=\"wp-block-heading\">Quais s\u00e3o os benef\u00edcios espec\u00edficos de trabalhar com uma das principais empresas globais de grupos focais?<\/h2>\n\n\n\n<p>Working with a <a href=\"https:\/\/www.sisinternational.com\/pt\/empresa-lider-global-em-pesquisa-qualitativa\/\" title=\"Empresa l\u00edder global em pesquisa qualitativa\" data-wpil-monitor-id=\"1020\">top global focus group<\/a> firm offers multiple benefits that can significantly enhance a company&#8217;s ability to understand its target audience and make informed strategic decisions. These firms provide a platform for real-time consumer feedback, helping businesses refine their products, messaging, and marketing strategies.<\/p>\n\n\n\n<ul class=\"wp-block-list\">\n<li>Eles desenvolvem estrat\u00e9gias culturalmente relevantes ao compreender os fatores sociais e culturais \u00fanicos que influenciam as prefer\u00eancias dos consumidores em diferentes regi\u00f5es.<\/li>\n\n\n\n<li>As empresas aprimoram o desenvolvimento de produtos usando o feedback do consumidor coletado durante grupos focais para refinar os recursos, a embalagem e o posicionamento do produto.<\/li>\n\n\n\n<li>Testar mensagens e campanhas em grupos focais para determinar o que repercute nos consumidores antes do lan\u00e7amento melhora a efic\u00e1cia do marketing.<\/li>\n\n\n\n<li>As empresas podem entender melhor a din\u00e2mica de grupo observando como diferentes consumidores interagem, influenciam uns aos outros e respondem aos conceitos dos produtos.<\/li>\n\n\n\n<li>Eles podem navegar com confian\u00e7a em novos mercados ao entender as necessidades e prefer\u00eancias exclusivas dos consumidores em cada regi\u00e3o.<\/li>\n<\/ul>\n\n\n\n<h2 class=\"wp-block-heading\">O papel da pesquisa de grupos focais na condu\u00e7\u00e3o da inova\u00e7\u00e3o e das decis\u00f5es estrat\u00e9gicas<\/h2>\n\n\n\n<figure class=\"gb-block-image gb-block-image-2509bbf3\"><img loading=\"lazy\" decoding=\"async\" width=\"1456\" height=\"816\" class=\"gb-image gb-image-2509bbf3\" src=\"https:\/\/www.sisinternational.com\/wp-content\/uploads\/2025\/09\/Focus-group-4-12.jpg\" alt=\"Pesquisa e Estrat\u00e9gia de Mercado Internacional da SIS\" title=\"Focus group 4 (12)\" srcset=\"https:\/\/www.sisinternational.com\/wp-content\/uploads\/2025\/09\/Focus-group-4-12.jpg 1456w, https:\/\/www.sisinternational.com\/wp-content\/uploads\/2025\/09\/Focus-group-4-12-300x168.jpg 300w, https:\/\/www.sisinternational.com\/wp-content\/uploads\/2025\/09\/Focus-group-4-12-1024x574.jpg 1024w, https:\/\/www.sisinternational.com\/wp-content\/uploads\/2025\/09\/Focus-group-4-12-768x430.jpg 768w, https:\/\/www.sisinternational.com\/wp-content\/uploads\/2025\/09\/Focus-group-4-12-18x10.jpg 18w\" sizes=\"auto, (max-width: 1456px) 100vw, 1456px\"><\/figure>\n\n\n\n<p><\/p>\n\n\n\n<p>Ao reunir diversos participantes em uma discuss\u00e3o facilitada, os grupos focais fornecem insights sobre as necessidades, prefer\u00eancias e comportamentos do consumidor, essenciais para o desenvolvimento e marketing bem-sucedidos de produtos. Os grupos focais ajudam em:&nbsp;<\/p>\n\n\n\n<h3 class=\"wp-block-heading\">Identificando as necessidades e prefer\u00eancias do consumidor<\/h3>\n\n\n\n<p>Os grupos focais ajudam as empresas a descobrir lacunas de mercado e identificar oportunidades de inova\u00e7\u00e3o. Esses insights ajudam as empresas a criar produtos que abordam pontos problem\u00e1ticos espec\u00edficos do consumidor, fornecendo valor para o neg\u00f3cio e para o cliente.<\/p>\n\n\n\n<p>For example, a focus group might reveal that consumers are looking for a particular feature in a product that is currently missing from the market. This process improves customer satisfaction and helps <a href=\"https:\/\/www.sisinternational.com\/pt\/empresa-de-benchmarking-de-maior-concorrente\/\" title=\"Empresa de Benchmarking de Melhor Concorrente\" data-wpil-monitor-id=\"1200\">companies differentiate themselves from competitors<\/a>.<\/p>\n\n\n\n<h3 class=\"wp-block-heading\">Orientando o desenvolvimento de produtos e estrat\u00e9gias de marketing<\/h3>\n\n\n\n<p>Focus group <a href=\"https:\/\/www.sisinternational.com\/pt\/cobertura\/as-americas\/pesquisa-de-mercado-no-caribe\/pesquisa-de-mercado-guadalupe\/\" title=\"Pesquisa de mercado em Guadalupe\" data-wpil-monitor-id=\"6088\">research guides product development and refines marketing<\/a> strategies. Businesses can gather valuable feedback before launching their products by testing product concepts, packaging designs, and marketing messages in a focus group setting.&nbsp;<\/p>\n\n\n\n<p>Al\u00e9m do desenvolvimento de produtos, os grupos focais ajudam as empresas a refinar suas estrat\u00e9gias de marketing, fornecendo insights sobre como os consumidores percebem sua marca e mensagem.&nbsp;<\/p>\n\n\n\n<h3 class=\"wp-block-heading\">Apoiando decis\u00f5es estrat\u00e9gicas de neg\u00f3cios<\/h3>\n\n\n\n<p>Al\u00e9m do desenvolvimento e marketing de produtos, a pesquisa de grupo focal fornece insights para decis\u00f5es comerciais estrat\u00e9gicas mais amplas. Por exemplo, discuss\u00f5es de grupo focal podem revelar como os consumidores percebem os valores de uma marca, como eles a comparam aos concorrentes e quais fatores influenciam suas decis\u00f5es de compra. Ao alavancar esses insights, as empresas podem desenvolver estrat\u00e9gias que se alinham com as prefer\u00eancias do consumidor, melhorar o posicionamento da marca e, finalmente, impulsionar o sucesso de mercado.<\/p>\n\n\n\n<h2 class=\"wp-block-heading\">O que torna a SIS International uma empresa l\u00edder global em grupos focais<\/h2>\n\n\n\n<p><a href=\"https:\/\/www.linkedin.com\/company\/sisinternationalresearch\/\" target=\"_blank\" rel=\"noopener\">SIS <\/a><span style=\"box-sizing: border-box; margin: 0px; padding: 0px;\"><a href=\"https:\/\/www.linkedin.com\/company\/sisinternationalresearch\/\" target=\"_blank\" rel=\"noopener\">Internacional<\/a><\/span> \u00e9 conhecida como uma das principais empresas globais de grupos focais devido \u00e0 sua abordagem \u00fanica, expertise global e comprometimento em fornecer insights acion\u00e1veis. Nossa capacidade de entender as complexidades do comportamento do consumidor e traduzi-las em oportunidades estrat\u00e9gicas nos torna um parceiro confi\u00e1vel para empresas que buscam ter sucesso em um mercado global cada vez mais complexo.<\/p>\n\n\n\n<ul class=\"wp-block-list\">\n<li><strong>Metodologias de grupos focais personalizadas:<\/strong> N\u00f3s projetamos nossa pesquisa de grupo focal para atender \u00e0s necessidades espec\u00edficas de cada cliente, garantindo que nossos insights sejam significativos e acion\u00e1veis.<\/li>\n\n\n\n<li><strong>Experi\u00eancia global e local:<\/strong> Nossa equipe de moderadores experientes fornece perspectivas globais e insights locais, ajudando as empresas a navegar pelas nuances de diferentes mercados.<\/li>\n\n\n\n<li><strong>Modera\u00e7\u00e3o qualificada para insights profundos:<\/strong> Nossos moderadores t\u00eam experi\u00eancia em orientar discuss\u00f5es, buscando insights mais profundos e garantindo que todos os participantes contribuam significativamente.<\/li>\n\n\n\n<li><strong>Insights avan\u00e7ados sobre o consumidor:<\/strong> Usamos t\u00e9cnicas avan\u00e7adas de grupo focal para descobrir as emo\u00e7\u00f5es, motiva\u00e7\u00f5es e atitudes que impulsionam o comportamento do consumidor, proporcionando aos clientes uma compreens\u00e3o mais profunda de seu p\u00fablico.<\/li>\n\n\n\n<li><strong>An\u00e1lise e relat\u00f3rios abrangentes:<\/strong> De temas-chave a recomenda\u00e7\u00f5es pr\u00e1ticas, fornecemos uma an\u00e1lise completa das discuss\u00f5es de grupos focais, permitindo que nossos clientes tomem decis\u00f5es estrat\u00e9gicas informadas.<\/li>\n\n\n\n<li><strong>Solu\u00e7\u00f5es de Pesquisa Inovadoras:<\/strong> Nosso compromisso com a inova\u00e7\u00e3o significa que usamos as ferramentas e tecnologias mais recentes para fornecer insights de alta qualidade que ajudam nossos clientes a se manterem \u00e0 frente da concorr\u00eancia<\/li>\n<\/ul>\n\n\n\n<h2 class=\"wp-block-heading\">Sobre SIS Internacional<\/h2>\n\n\n\n<p><a href=\"https:\/\/www.sisinternational.com\/pt\/\">SIS Internacional<\/a> oferece pesquisa quantitativa, qualitativa e estrat\u00e9gica. Fornecemos dados, ferramentas, estrat\u00e9gias, relat\u00f3rios e insights para a tomada de decis\u00f5es. Tamb\u00e9m realizamos entrevistas, pesquisas, grupos focais e outros m\u00e9todos e abordagens de Pesquisa de Mercado.<a href=\"https:\/\/www.sisinternational.com\/pt\/sobre-a-sis-international-research\/contact-sis-international-market-research\/\"> Entre em contato conosco<\/a> para o seu pr\u00f3ximo projeto de pesquisa de mercado.<\/p>\n\n\n\n<hr class=\"wp-block-separator has-alpha-channel-opacity\"\/>","protected":false},"excerpt":{"rendered":"<p>Top Global Focus Group Company A top global focus group company offers a unique opportunity to capture the diverse perspectives and emotions that shape consumer behavior. Why are focus groups critical for gaining deep consumer insights? They provide the context that numbers alone cannot. SIS, a top global focus group firm, helps businesses understand the &#8230; <a title=\"Empresa l\u00edder global em grupos focais\" class=\"read-more\" href=\"https:\/\/www.sisinternational.com\/pt\/solucoes\/grupos-de-foco\/empresa-lider-global-em-grupos-focais\/\" aria-label=\"Read more about Top Global Focus Group Company\">Leia mais<\/a><\/p>","protected":false},"author":1,"featured_media":66936,"parent":16287,"menu_order":8,"comment_status":"closed","ping_status":"closed","template":"","meta":{"footnotes":""},"class_list":["post-54211","page","type-page","status-publish","has-post-thumbnail"],"_links":{"self":[{"href":"https:\/\/www.sisinternational.com\/pt\/wp-json\/wp\/v2\/pages\/54211","targetHints":{"allow":["GET"]}}],"collection":[{"href":"https:\/\/www.sisinternational.com\/pt\/wp-json\/wp\/v2\/pages"}],"about":[{"href":"https:\/\/www.sisinternational.com\/pt\/wp-json\/wp\/v2\/types\/page"}],"author":[{"embeddable":true,"href":"https:\/\/www.sisinternational.com\/pt\/wp-json\/wp\/v2\/users\/1"}],"replies":[{"embeddable":true,"href":"https:\/\/www.sisinternational.com\/pt\/wp-json\/wp\/v2\/comments?post=54211"}],"version-history":[{"count":11,"href":"https:\/\/www.sisinternational.com\/pt\/wp-json\/wp\/v2\/pages\/54211\/revisions"}],"predecessor-version":[{"id":79716,"href":"https:\/\/www.sisinternational.com\/pt\/wp-json\/wp\/v2\/pages\/54211\/revisions\/79716"}],"up":[{"embeddable":true,"href":"https:\/\/www.sisinternational.com\/pt\/wp-json\/wp\/v2\/pages\/16287"}],"wp:featuredmedia":[{"embeddable":true,"href":"https:\/\/www.sisinternational.com\/pt\/wp-json\/wp\/v2\/media\/66936"}],"wp:attachment":[{"href":"https:\/\/www.sisinternational.com\/pt\/wp-json\/wp\/v2\/media?parent=54211"}],"curies":[{"name":"wp","href":"https:\/\/api.w.org\/{rel}","templated":true}]}}