{"id":54191,"date":"2024-11-27T02:27:04","date_gmt":"2024-11-27T07:27:04","guid":{"rendered":"https:\/\/www.sisinternational.com\/?page_id=54191"},"modified":"2026-03-11T12:06:28","modified_gmt":"2026-03-11T16:06:28","slug":"pesquisa-de-lancamento-de-produto-em-nova-york","status":"publish","type":"page","link":"https:\/\/www.sisinternational.com\/pt\/pericia\/pesquisa-de-mercado-para-testes-de-produtos\/pesquisa-de-lancamento-de-produto-em-nova-york\/","title":{"rendered":"Pesquisa de lan\u00e7amento de produto em Nova York"},"content":{"rendered":"<h1 class=\"gb-headline gb-headline-265fe60b gb-headline-text\">Pesquisa de lan\u00e7amento de produto em Nova York<\/h1>\n\n\n\n<figure class=\"gb-block-image gb-block-image-537db414\"><img loading=\"lazy\" decoding=\"async\" width=\"1456\" height=\"816\" class=\"gb-image gb-image-537db414\" src=\"https:\/\/www.sisinternational.com\/wp-content\/uploads\/2025\/09\/Quantitative-reseasrch-in-London-Qualitative-research-in-London-9.jpg\" alt=\"Pesquisa e Estrat\u00e9gia de Mercado Internacional da SIS\" title=\"Quantitative reseasrch in London Qualitative research in London (9)\" srcset=\"https:\/\/www.sisinternational.com\/wp-content\/uploads\/2025\/09\/Quantitative-reseasrch-in-London-Qualitative-research-in-London-9.jpg 1456w, https:\/\/www.sisinternational.com\/wp-content\/uploads\/2025\/09\/Quantitative-reseasrch-in-London-Qualitative-research-in-London-9-300x168.jpg 300w, https:\/\/www.sisinternational.com\/wp-content\/uploads\/2025\/09\/Quantitative-reseasrch-in-London-Qualitative-research-in-London-9-1024x574.jpg 1024w, https:\/\/www.sisinternational.com\/wp-content\/uploads\/2025\/09\/Quantitative-reseasrch-in-London-Qualitative-research-in-London-9-768x430.jpg 768w, https:\/\/www.sisinternational.com\/wp-content\/uploads\/2025\/09\/Quantitative-reseasrch-in-London-Qualitative-research-in-London-9-18x10.jpg 18w\" sizes=\"auto, (max-width: 1456px) 100vw, 1456px\"><\/figure>\n\n\n\n<hr class=\"wp-block-separator has-alpha-channel-opacity is-style-dots\"\/>\n\n\n\n<h3 class=\"wp-block-heading\"><span style=\"font-weight: 400;\">Com uma alta densidade de pioneiros e criadores de tend\u00eancias, Nova York oferece insights que muitas vezes preveem tend\u00eancias mais amplas do mercado.<\/span><\/h3>\n\n\n\n<p><span style=\"font-weight: 400;\">E se voc\u00ea pudesse explorar um dos mercados mais formadores de tend\u00eancias do mundo antes que seu produto chegue \u00e0s prateleiras? A popula\u00e7\u00e3o vibrante e diversa de Nova York \u00e9 o local perfeito para uma pesquisa abrangente de lan\u00e7amento de produto. Desde coletar feedback sobre o apelo do seu produto at\u00e9 refinar seu posicionamento, os testes em Nova York oferecem insights inestim\u00e1veis que podem preparar seu produto para o sucesso.<\/span><\/p>\n\n\n\n<h2 class=\"wp-block-heading\"><strong>Por que Nova York \u00e9 um local privilegiado para pesquisa de lan\u00e7amento de produtos<\/strong><\/h2>\n\n\n\n<p><span style=\"font-weight: 400;\">New York is well-known for being a market where trends are born. It is a hotspot for early adopters who quickly embrace innovations. <a href=\"https:\/\/www.sisinternational.com\/pt\/solucoes\/teste-de-sabor\/pesquisa-de-novos-produtos-em-nova-york\/\" title=\"Pesquisa de novos produtos em Nova York\"  data-wpil-monitor-id=\"4097\">Products that succeed in New York<\/a> often go on to set the stage for national and international success. So, by conducting product launch research in this fast-paced, trend-driven market, you can gather critical insights that reflect current consumer behavior and predict future market trends.&nbsp;<\/span><\/p>\n\n\n\n<h2 class=\"wp-block-heading\"><strong>Benef\u00edcios da Pesquisa de Lan\u00e7amento de Produto em Nova York<\/strong><\/h2>\n\n\n\n<p><b>Insights do mundo real e adapta\u00e7\u00e3o local<\/b><b><br><\/b><b><br><\/b><span style=\"font-weight: 400;\"><span style=\"font-weight: 400;\"><a href=\"https:\/\/www.sisinternational.com\/pt\/pericia\/industrias\/pesquisa-de-mercado-de-midia-de-entretenimento\/como-conduzir-pesquisas-de-entretenimento-e-cinema-em-nova-york\/\" title=\"Como conduzir pesquisas de entretenimento e cinema em Nova York\"  data-wpil-monitor-id=\"2131\">Conducting product launch research in New York<\/a> provides you with real-world insights from a highly varied consumer base. The city\u2019s market is fast-paced and trend-driven, which makes it the perfect place to adapt your product to meet local preferences. New York consumers are known for being discerning, which means their feedback is particularly valuable when determining how well your product will be received in other urban areas across the U.S.<\/span><\/span><\/p>\n\n\n\n<p><span style=\"font-weight: 400;\"><span style=\"font-weight: 400;\"><b style=\"font-size: inherit; color: var(--contrast-2); background-color: var(--base-3);\">Tempo de coloca\u00e7\u00e3o no mercado mais r\u00e1pido<\/b><br><\/span><\/span><b><br><\/b><span style=\"font-weight: 400;\"><span style=\"font-weight: 400;\"><span style=\"font-weight: 400;\"><span style=\"font-weight: 400;\">Em Nova York, onde as tend\u00eancias e os interesses do consumidor podem mudar rapidamente, uma tomada de decis\u00e3o mais r\u00e1pida \u00e9 essencial. Uma pesquisa eficaz garante que voc\u00ea identifique problemas potenciais com anteced\u00eancia, permitindo que voc\u00ea fa\u00e7a ajustes antes de lan\u00e7ar o produto em uma escala maior. Esse processo simplificado ajuda a reduzir o tempo de lan\u00e7amento no mercado e aumenta a probabilidade de um lan\u00e7amento bem-sucedido.<\/span><\/span><\/span><\/span><\/p>\n\n\n\n<p><span style=\"font-weight: 400;\"><span style=\"font-weight: 400;\"><span style=\"font-weight: 400;\"><span style=\"font-weight: 400;\"><b style=\"font-size: inherit; color: var(--contrast-2); background-color: var(--base-3);\">Vantagem competitiva<\/b><br><\/span><\/span><\/span><\/span><b><br><\/b><span style=\"font-weight: 400;\">Testar em um mercado t\u00e3o diverso e influente lhe d\u00e1 uma compreens\u00e3o mais profunda dos desejos e necessidades dos consumidores. O feedback que voc\u00ea coleta permite que voc\u00ea ajuste seu produto ou estrat\u00e9gia de marketing antes que os concorrentes percebam sua oferta. O papel de Nova York como criadora de tend\u00eancias significa que os produtos que fazem sucesso aqui frequentemente se tornam l\u00edderes do setor, dando a voc\u00ea uma vantagem de pioneirismo em mercados nacionais e at\u00e9 internacionais.<\/span><\/p>\n\n\n\n<h2 class=\"wp-block-heading\"><strong>Principais etapas para uma pesquisa eficaz de lan\u00e7amento de produtos em Nova York<\/strong><\/h2>\n\n\n\n<figure class=\"gb-block-image gb-block-image-bd71ffcf\"><img loading=\"lazy\" decoding=\"async\" width=\"1456\" height=\"816\" class=\"gb-image gb-image-bd71ffcf\" src=\"https:\/\/www.sisinternational.com\/wp-content\/uploads\/2025\/09\/Usability-testing-3.jpg\" alt=\"Pesquisa e Estrat\u00e9gia de Mercado Internacional da SIS\" title=\"Usability testing (3)\" srcset=\"https:\/\/www.sisinternational.com\/wp-content\/uploads\/2025\/09\/Usability-testing-3.jpg 1456w, https:\/\/www.sisinternational.com\/wp-content\/uploads\/2025\/09\/Usability-testing-3-300x168.jpg 300w, https:\/\/www.sisinternational.com\/wp-content\/uploads\/2025\/09\/Usability-testing-3-1024x574.jpg 1024w, https:\/\/www.sisinternational.com\/wp-content\/uploads\/2025\/09\/Usability-testing-3-768x430.jpg 768w, https:\/\/www.sisinternational.com\/wp-content\/uploads\/2025\/09\/Usability-testing-3-18x10.jpg 18w\" sizes=\"auto, (max-width: 1456px) 100vw, 1456px\"><\/figure>\n\n\n\n<p><\/p>\n\n\n\n<h3 class=\"wp-block-heading\"><span style=\"font-weight: 400;\">Pesquisa de mercado pr\u00e9-lan\u00e7amento<\/span><\/h3>\n\n\n\n<p><span style=\"font-weight: 400;\">A pesquisa de mercado pr\u00e9-lan\u00e7amento envolve analisar tend\u00eancias do consumidor, avaliar concorrentes e entender as necessidades locais. Esta fase ajuda a garantir que seu produto esteja alinhado com a demanda do mercado. \u00c9 essencial fazer perguntas como: Os consumidores est\u00e3o cientes da sua categoria de produto? Quais problemas seu produto resolve? Ela define a base para todas as decis\u00f5es subsequentes, permitindo que voc\u00ea refine seu conceito de produto e estrat\u00e9gia de marketing.<\/span><\/p>\n\n\n\n<h3 class=\"wp-block-heading\"><span style=\"font-weight: 400;\">Incorporando grupos focais e pesquisas<\/span><\/h3>\n\n\n\n<p><span style=\"font-weight: 400;\">Grupos focais e pesquisas s\u00e3o ferramentas cr\u00edticas na pesquisa de lan\u00e7amento de produtos, permitindo que voc\u00ea colete diretamente o feedback do consumidor sobre o apelo, os recursos e o design do seu produto. Esses m\u00e9todos s\u00e3o preciosos em Nova York porque a popula\u00e7\u00e3o diversificada da cidade garante que voc\u00ea obtenha uma ampla gama de opini\u00f5es. Grupos focais oferecem insights qualitativos e aprofundados sobre as prefer\u00eancias do consumidor, enquanto pesquisas podem fornecer dados quantitativos que identificam padr\u00f5es e tend\u00eancias.&nbsp;<\/span><\/p>\n\n\n\n<h3 class=\"wp-block-heading\"><span style=\"font-weight: 400;\">Testando conceitos e prot\u00f3tipos de produtos<\/span><\/h3>\n\n\n\n<p><span style=\"font-weight: 400;\">Ao introduzir uma vers\u00e3o do seu produto no in\u00edcio do processo, voc\u00ea pode descobrir falhas potenciais, avaliar as rea\u00e7\u00f5es do consumidor e identificar \u00e1reas para melhoria. Este est\u00e1gio permite que voc\u00ea ajuste seu produto com base no feedback do mundo real, garantindo que ele seja melhor recebido em seu lan\u00e7amento oficial. Testar conceitos e prot\u00f3tipos tamb\u00e9m ajuda a entender o que ressoa com o p\u00fablico-alvo, fornecendo informa\u00e7\u00f5es valiosas para refinar os recursos do produto ou mensagens de marketing.<\/span><\/p>\n\n\n\n<h2 class=\"wp-block-heading\"><strong>Usando tecnologia e dados para aprimorar a pesquisa de lan\u00e7amento de produtos em Nova York<\/strong><\/h2>\n\n\n\n<figure class=\"gb-block-image gb-block-image-c2c0d966\"><img loading=\"lazy\" decoding=\"async\" width=\"1024\" height=\"980\" class=\"gb-image gb-image-c2c0d966\" src=\"https:\/\/www.sisinternational.com\/wp-content\/uploads\/2024\/11\/Digital-tools-1024x980.png\" srcset=\"https:\/\/www.sisinternational.com\/wp-content\/uploads\/2024\/11\/Digital-tools-1024x980.png 1024w, https:\/\/www.sisinternational.com\/wp-content\/uploads\/2024\/11\/Digital-tools-300x287.png 300w, https:\/\/www.sisinternational.com\/wp-content\/uploads\/2024\/11\/Digital-tools-768x735.png 768w, https:\/\/www.sisinternational.com\/wp-content\/uploads\/2024\/11\/Digital-tools-1536x1471.png 1536w, https:\/\/www.sisinternational.com\/wp-content\/uploads\/2024\/11\/Digital-tools-13x12.png 13w, https:\/\/www.sisinternational.com\/wp-content\/uploads\/2024\/11\/Digital-tools.png 1905w\" sizes=\"auto, (max-width: 1024px) 100vw, 1024px\" alt=\"Pesquisa e Estrat\u00e9gia de Mercado Internacional da SIS\"><\/figure>\n\n\n\n<p><\/p>\n\n\n\n<h3 class=\"wp-block-heading\">&nbsp;<\/h3>\n\n\n\n<h3 class=\"wp-block-heading\"><span style=\"font-weight: 400;\">Ferramentas digitais para feedback em tempo real<\/span><\/h3>\n\n\n\n<p><span style=\"font-weight: 400;\">As empresas podem acessar dados de forma mais r\u00e1pida e eficiente com ferramentas como aplicativos m\u00f3veis, pesquisas on-line e plataformas de escuta de m\u00eddia social. Essas ferramentas permitem que voc\u00ea rastreie imediatamente o comportamento e o sentimento do consumidor, ajudando voc\u00ea a tomar decis\u00f5es baseadas em dados sem demora. Al\u00e9m disso, a integra\u00e7\u00e3o de an\u00e1lises baseadas em IA pode fornecer insights mais profundos sobre as rea\u00e7\u00f5es e tend\u00eancias do consumidor, permitindo que voc\u00ea refine rapidamente sua estrat\u00e9gia de produto e marketing.<\/span><\/p>\n\n\n\n<h3 class=\"wp-block-heading\"><span style=\"font-weight: 400;\">Aproveitando Big Data para Insights do Consumidor<\/span><\/h3>\n\n\n\n<p><span style=\"font-weight: 400;\">As empresas podem descobrir insights acion\u00e1veis sobre seu mercado-alvo analisando padr\u00f5es de compra, informa\u00e7\u00f5es demogr\u00e1ficas e atividade de m\u00eddia social. Esses insights ajudam voc\u00ea a determinar quais recursos ou elementos do seu produto t\u00eam mais probabilidade de atrair os consumidores. Aproveitar big data tamb\u00e9m permite que voc\u00ea preveja potenciais mudan\u00e7as de mercado e adapte seu produto e estrat\u00e9gia de acordo.<\/span><\/p>\n\n\n\n<h3 class=\"wp-block-heading\"><span style=\"font-weight: 400;\">Testes virtuais e pain\u00e9is remotos<\/span><\/h3>\n\n\n\n<p><span style=\"font-weight: 400;\">Plataformas de teste virtual e pain\u00e9is remotos de consumidores s\u00e3o outro avan\u00e7o tecnol\u00f3gico na pesquisa de lan\u00e7amento de produtos. Essas ferramentas digitais permitem que voc\u00ea alcance um p\u00fablico mais amplo sem restri\u00e7\u00f5es geogr\u00e1ficas. A popula\u00e7\u00e3o de Nova York, que se movimenta rapidamente e \u00e9 familiarizada com tecnologia, \u00e9 ideal para testes remotos, pois fornece a voc\u00ea um grupo diversificado de consumidores que podem fornecer feedback valioso do conforto de suas casas.&nbsp;<\/span><\/p>\n\n\n\n<h3 class=\"wp-block-heading\"><strong>Localiza\u00e7\u00e3o da instala\u00e7\u00e3o: Cidade de Nova York<\/strong><\/h3>\n\n\n\n<p>\n\n\n\n<iframe loading=\"lazy\" src=\"https:\/\/www.google.com\/maps\/embed?pb=!1m18!1m12!1m3!1d3022.976188376966!2d-73.99130312499956!3d40.740549471389315!2m3!1f0!2f0!3f0!3m2!1i1024!2i768!4f13.1!3m3!1m2!1s0x89c259a15798c731%3A0xd695d09bdd495f25!2s11%20E%2022nd%20St%20FL%202%2C%20New%20York%2C%20NY%2010010%2C%20USA!5e0!3m2!1sen!2spe!4v1726171763526!5m2!1sen!2spe\" width=\"600\" height=\"450\" allowfullscreen=\"allowfullscreen\" data-mce-fragment=\"1\"><\/iframe>\n\n\n\n<\/p>\n\n\n\n<h3 class=\"wp-block-heading\">11 E 22nd Street, 2\u00ba andar, Nova York, NY 10010 T: +1(212) 505-6805<\/h3>\n\n\n\n<p>\n\n\n\n<\/p>\n\n\n\n<h4 class=\"wp-block-heading\"><strong>Destaques da localiza\u00e7\u00e3o:<\/strong><\/h4>\n\n\n\n<p>\n\n\n\n<\/p>\n\n\n\n<ul class=\"wp-block-list\">\n<li>\n<ul class=\"wp-block-list\">\n<li>Flatiron District, em Manhattan, a poucos passos do hist\u00f3rico edif\u00edcio Flatiron e perto do Madison Square Park e da Union Square<\/li>\n<\/ul>\n<\/li>\n<\/ul>\n\n\n\n<p>\n\n\n\n<\/p>\n\n\n\n<ul class=\"wp-block-list\">\n<li>\n<ul class=\"wp-block-list\">\n<li>Centralmente localizado no cora\u00e7\u00e3o da cidade de Nova York, uma importante cidade global e a maior cidade dos Estados Unidos<\/li>\n<\/ul>\n<\/li>\n<\/ul>\n\n\n\n<p>\n\n\n\n<\/p>\n\n\n\n<ul class=\"wp-block-list\">\n<li>\n<ul class=\"wp-block-list\">\n<li>Conveniente para in\u00fameras op\u00e7\u00f5es de transporte<\/li>\n<\/ul>\n<\/li>\n<\/ul>\n\n\n\n<p>\n\n\n\n<\/p>\n\n\n\n<ul class=\"wp-block-list\">\n<li>\n<ul class=\"wp-block-list\">\n<li>Localizado entre a Broadway e a Park Avenue na rua 22, pr\u00f3ximo ao \u201cKey Bank\u201d<\/li>\n<\/ul>\n<\/li>\n<\/ul>\n\n\n\n<p>\n\n\n\n<\/p>\n\n\n\n<ul class=\"wp-block-list\">\n<li>\n<ul class=\"wp-block-list\">\n<li>Trem Broadway Local R \u2013 Esta\u00e7\u00e3o 22\/23<\/li>\n<\/ul>\n<\/li>\n<\/ul>\n\n\n\n<p>\n\n\n\n<\/p>\n\n\n\n<ul class=\"wp-block-list\">\n<li>\n<ul class=\"wp-block-list\">\n<li>Trem local 6 do lado leste - esta\u00e7\u00e3o 23rd e Park Ave<\/li>\n<\/ul>\n<\/li>\n<\/ul>\n\n\n\n<p>\n\n\n\n<\/p>\n\n\n\n<ul class=\"wp-block-list\">\n<li>Trem local 1 do lado oeste \u2013 Esta\u00e7\u00e3o 23\u00aa e 6\u00aa Avenida<\/li>\n<\/ul>\n\n\n\n<h2 class=\"wp-block-heading\"><strong>O que torna a SIS International uma das principais empresas de pesquisa de lan\u00e7amento de produtos?<\/strong><\/h2>\n\n\n\n<p><span style=\"font-weight: 400;\">No <a href=\"https:\/\/www.linkedin.com\/company\/sisinternationalresearch\/\" target=\"_blank\" rel=\"noopener\">SIS Internacional<\/a>, oferecemos servi\u00e7os de pesquisa de lan\u00e7amento de produtos abrangentes e personalizados que ajudam as empresas a ter sucesso no competitivo mercado de Nova York. Nossa expertise e experi\u00eancia neste campo nos tornam um parceiro confi\u00e1vel para empresas que buscam refinar seus produtos e otimizar sua estrat\u00e9gia de mercado. Veja por que a SIS International se destaca:<\/span><\/p>\n\n\n\n<h3 class=\"wp-block-heading\"><span style=\"font-weight: 400;\">Conhecimento profundo do mercado<\/span><\/h3>\n\n\n\n<p><span style=\"font-weight: 400;\">Nossa equipe tem anos de experi\u00eancia conduzindo pesquisas de lan\u00e7amento de produtos em diversos setores. Aproveitamos nosso amplo conhecimento do mercado de Nova York para fornecer insights profundos sobre o comportamento, prefer\u00eancias e tend\u00eancias do consumidor, garantindo que seu produto esteja pronto para o sucesso.<\/span><\/p>\n\n\n\n<h3 class=\"wp-block-heading\"><span style=\"font-weight: 400;\">Acesso a Pain\u00e9is de Consumidores Diversos<\/span><\/h3>\n\n\n\n<p><span style=\"font-weight: 400;\">A diversidade de Nova York \u00e9 um dos seus maiores pontos fortes, e a SIS International fornece acesso a uma ampla gama de pain\u00e9is de consumidores. Garantimos que seu produto seja testado em v\u00e1rios grupos demogr\u00e1ficos para obter uma compreens\u00e3o abrangente de seu apelo e potenciais desafios.<\/span><\/p>\n\n\n\n<h3 class=\"wp-block-heading\"><span style=\"font-weight: 400;\">Tecnologia de ponta<\/span><\/h3>\n\n\n\n<p><span style=\"font-weight: 400;\">Usamos as mais recentes ferramentas e tecnologias digitais, incluindo an\u00e1lises orientadas por IA e sistemas de feedback em tempo real, para coletar e analisar dados de forma r\u00e1pida e eficiente. Isso permite que voc\u00ea tome decis\u00f5es informadas durante todo o processo de lan\u00e7amento do seu produto.<\/span><\/p>\n\n\n\n<h3 class=\"wp-block-heading\"><span style=\"font-weight: 400;\">Sucesso comprovado em mercados competitivos<\/span><\/h3>\n\n\n\n<p><span style=\"font-weight: 400;\">Nosso hist\u00f3rico fala por si. Ajudamos in\u00fameras empresas a lan\u00e7ar produtos em Nova York e outros mercados globais. Nossa abordagem permite que voc\u00ea navegue pelas complexidades de ambientes competitivos, garantindo que seu produto se destaque e capture a aten\u00e7\u00e3o.<\/span><\/p>\n\n\n\n<h3 class=\"wp-block-heading\"><span style=\"font-weight: 400;\">An\u00e1lise e relat\u00f3rios abrangentes<\/span><\/h3>\n\n\n\n<p><span style=\"font-weight: 400;\">No <a href=\"https:\/\/twitter.com\/SISIntlResearch\" target=\"_blank\" rel=\"noopener\">SIS<\/a>, n\u00e3o apenas coletamos dados; n\u00f3s fornecemos insights acion\u00e1veis. Nossa equipe analisa e apresenta minuciosamente as descobertas da pesquisa em relat\u00f3rios claros e concisos, permitindo que voc\u00ea tome decis\u00f5es baseadas em dados que aprimoram sua estrat\u00e9gia de lan\u00e7amento de produto.<\/span><\/p>\n\n\n\n<h3 class=\"wp-block-heading\"><span style=\"font-weight: 400;\">Equipe de consultores especialistas<\/span><\/h3>\n\n\n\n<p><span style=\"font-weight: 400;\">Nossa equipe \u00e9 composta por consultores experientes que s\u00e3o especialistas em pesquisa de mercado, desenvolvimento de produtos e comportamento do consumidor. Trazemos uma riqueza de conhecimento para a mesa, oferecendo orienta\u00e7\u00e3o e suporte em cada etapa do caminho para garantir que seu produto esteja pronto para o lan\u00e7amento.<\/span><\/p>\n\n\n\n<h3 class=\"wp-block-heading\"><span style=\"font-weight: 400;\">Tempos de resposta r\u00e1pidos<\/span><\/h3>\n\n\n\n<p><span style=\"font-weight: 400;\">Entendemos a import\u00e2ncia do timing em lan\u00e7amentos de produtos. Nossa equipe est\u00e1 comprometida em entregar insights e recomenda\u00e7\u00f5es rapidamente para que voc\u00ea possa refinar suas estrat\u00e9gias de produto e marketing sem atrasos desnecess\u00e1rios.<\/span><\/p>\n\n\n\n<h3 class=\"wp-block-heading\"><span style=\"font-weight: 400;\">Alcance global com experi\u00eancia local<\/span><\/h3>\n\n\n\n<p><span style=\"font-weight: 400;\">Embora sejamos especializados em pesquisa de mercado em Nova York, nosso alcance global nos permite reunir insights do mundo todo. Isso lhe d\u00e1 uma perspectiva mais ampla sobre o comportamento do consumidor e tend\u00eancias de mercado, ajudando voc\u00ea a tomar decis\u00f5es estrat\u00e9gicas para mercados locais e internacionais.<\/span><\/p>\n\n\n\n<h2 class=\"wp-block-heading\"><strong>Sobre SIS Internacional<\/strong><\/h2>\n\n\n\n<p><a href=\"https:\/\/www.sisinternational.com\/pt\/\"><span style=\"font-weight: 400;\">SIS Internacional<\/span><\/a><span style=\"font-weight: 400;\"> oferece pesquisa quantitativa, qualitativa e estrat\u00e9gica. Fornecemos dados, ferramentas, estrat\u00e9gias, relat\u00f3rios e insights para a tomada de decis\u00f5es. Tamb\u00e9m realizamos entrevistas, pesquisas, grupos focais e outros m\u00e9todos e abordagens de Pesquisa de Mercado.<\/span><a href=\"https:\/\/www.sisinternational.com\/pt\/sobre-a-sis-international-research\/contact-sis-international-market-research\/\"><span style=\"font-weight: 400;\"> Entre em contato conosco<\/span><\/a><span style=\"font-weight: 400;\"> para o seu pr\u00f3ximo projeto de pesquisa de mercado.<\/span><\/p>\n\n\n\n<hr class=\"wp-block-separator has-alpha-channel-opacity\"\/>\n\n\n\n<p>\n\n\n<\/p>\n<p><!-- \/wp:post-content --><\/p>","protected":false},"excerpt":{"rendered":"<p>Pesquisa de Lan\u00e7amento de Produto em Nova York Com uma alta densidade de adotantes iniciais e formadores de tend\u00eancias, Nova York oferece insights frequentemente preditivos de tend\u00eancias de mercado mais amplas. E se voc\u00ea pudesse explorar um dos mercados mais formadores de tend\u00eancias do mundo antes que seu produto chegue \u00e0s prateleiras? A vibrante e diversa popula\u00e7\u00e3o de Nova York \u00e9 o local perfeito para \u2026 <a title=\"Pesquisa de lan\u00e7amento de produto em Nova York\" class=\"read-more\" href=\"https:\/\/www.sisinternational.com\/pt\/pericia\/pesquisa-de-mercado-para-testes-de-produtos\/pesquisa-de-lancamento-de-produto-em-nova-york\/\" aria-label=\"Read more about Product Launch Research in New York\">Leia mais<\/a><\/p>","protected":false},"author":1,"featured_media":65969,"parent":12926,"menu_order":30,"comment_status":"closed","ping_status":"closed","template":"","meta":{"footnotes":""},"class_list":["post-54191","page","type-page","status-publish","has-post-thumbnail"],"_links":{"self":[{"href":"https:\/\/www.sisinternational.com\/pt\/wp-json\/wp\/v2\/pages\/54191","targetHints":{"allow":["GET"]}}],"collection":[{"href":"https:\/\/www.sisinternational.com\/pt\/wp-json\/wp\/v2\/pages"}],"about":[{"href":"https:\/\/www.sisinternational.com\/pt\/wp-json\/wp\/v2\/types\/page"}],"author":[{"embeddable":true,"href":"https:\/\/www.sisinternational.com\/pt\/wp-json\/wp\/v2\/users\/1"}],"replies":[{"embeddable":true,"href":"https:\/\/www.sisinternational.com\/pt\/wp-json\/wp\/v2\/comments?post=54191"}],"version-history":[{"count":16,"href":"https:\/\/www.sisinternational.com\/pt\/wp-json\/wp\/v2\/pages\/54191\/revisions"}],"predecessor-version":[{"id":78211,"href":"https:\/\/www.sisinternational.com\/pt\/wp-json\/wp\/v2\/pages\/54191\/revisions\/78211"}],"up":[{"embeddable":true,"href":"https:\/\/www.sisinternational.com\/pt\/wp-json\/wp\/v2\/pages\/12926"}],"wp:featuredmedia":[{"embeddable":true,"href":"https:\/\/www.sisinternational.com\/pt\/wp-json\/wp\/v2\/media\/65969"}],"wp:attachment":[{"href":"https:\/\/www.sisinternational.com\/pt\/wp-json\/wp\/v2\/media?parent=54191"}],"curies":[{"name":"wp","href":"https:\/\/api.w.org\/{rel}","templated":true}]}}