{"id":54189,"date":"2024-11-27T02:27:01","date_gmt":"2024-11-27T07:27:01","guid":{"rendered":"https:\/\/www.sisinternational.com\/?page_id=54189"},"modified":"2026-03-11T09:52:41","modified_gmt":"2026-03-11T13:52:41","slug":"testes-de-produtos-de-consumo-em-nova-york","status":"publish","type":"page","link":"https:\/\/www.sisinternational.com\/pt\/pericia\/pesquisa-de-mercado-para-testes-de-produtos\/testes-de-produtos-de-consumo-em-nova-york\/","title":{"rendered":"Testes de produtos de consumo em Nova York"},"content":{"rendered":"<h1 class=\"gb-headline gb-headline-e0ae9896 gb-headline-text\">Testes de produtos de consumo em Nova York<\/h1>\n\n\n\n<figure class=\"gb-block-image gb-block-image-bd2aa86d\"><img loading=\"lazy\" decoding=\"async\" width=\"1456\" height=\"816\" class=\"gb-image gb-image-bd2aa86d\" src=\"https:\/\/www.sisinternational.com\/wp-content\/uploads\/2025\/08\/Food-taste-testing-4.jpg\" alt=\"Pesquisa e Estrat\u00e9gia de Mercado Internacional da SIS\" title=\"Food taste testing (4)\" srcset=\"https:\/\/www.sisinternational.com\/wp-content\/uploads\/2025\/08\/Food-taste-testing-4.jpg 1456w, https:\/\/www.sisinternational.com\/wp-content\/uploads\/2025\/08\/Food-taste-testing-4-300x168.jpg 300w, https:\/\/www.sisinternational.com\/wp-content\/uploads\/2025\/08\/Food-taste-testing-4-1024x574.jpg 1024w, https:\/\/www.sisinternational.com\/wp-content\/uploads\/2025\/08\/Food-taste-testing-4-768x430.jpg 768w, https:\/\/www.sisinternational.com\/wp-content\/uploads\/2025\/08\/Food-taste-testing-4-18x10.jpg 18w\" sizes=\"auto, (max-width: 1456px) 100vw, 1456px\"><\/figure>\n\n\n\n<hr class=\"wp-block-separator has-alpha-channel-opacity is-style-dots\"\/>\n\n\n\n<h3 class=\"wp-block-heading\"><span style=\"font-weight: 400;\">Os testes de produtos de consumo em Nova York d\u00e3o \u00e0s empresas acesso direto a diversas opini\u00f5es e insights acion\u00e1veis, preparando o cen\u00e1rio para lan\u00e7amentos de produtos impactantes e sucesso de mercado a longo prazo.<\/span><\/h3>\n\n\n\n<p><span style=\"font-weight: 400;\">Como voc\u00ea garante que seu produto capture os cora\u00e7\u00f5es do seu p\u00fablico-alvo? Realizar testes de produtos de consumo em Nova York \u00e9 a chave para desbloquear insights valiosos.<\/span><\/p>\n\n\n\n<h2 class=\"wp-block-heading\"><strong>A import\u00e2ncia dos testes de produtos de consumo em Nova York<\/strong><\/h2>\n\n\n\n<p><span style=\"font-weight: 400;\">Testes de produtos de consumo em Nova York s\u00e3o vitais para empresas que pretendem lan\u00e7ar produtos de sucesso. Eles fornecem insights al\u00e9m da an\u00e1lise de mercado tradicional, ajudando as empresas a criar ofertas que realmente ressoam com seu p\u00fablico-alvo.<\/span><\/p>\n\n\n\n<ul class=\"wp-block-list\">\n<li><b>Compreendendo as prefer\u00eancias do consumidor<\/b><b><br><\/b><span style=\"font-weight: 400;\">Os testes permitem que as empresas aprendam o que os consumidores querem e esperam de seus produtos. Esses dados ajudam a refinar recursos, design e funcionalidade para atender \u00e0s demandas do mercado.<\/span><\/li>\n\n\n\n<li><b>Minimizando Riscos<\/b><b><br><\/b><span style=\"font-weight: 400;\">Testes de produtos de consumo identificam problemas potenciais antes que um produto chegue ao mercado. Ao abordar esses problemas cedo, as empresas podem economizar tempo, recursos e a reputa\u00e7\u00e3o de suas marcas.<\/span><\/li>\n\n\n\n<li><b>Otimizando o ajuste de mercado<\/b><b><br><\/b><span style=\"font-weight: 400;\">Os insights obtidos com os testes ajudam a alinhar os produtos com as prefer\u00eancias e necessidades do p\u00fablico-alvo. Esse alinhamento aumenta a probabilidade de ado\u00e7\u00e3o e satisfa\u00e7\u00e3o do produto.<\/span><\/li>\n\n\n\n<li><b>Adaptando-se \u00e0s tend\u00eancias locais<\/b><b><br><\/b><span style=\"font-weight: 400;\">Nova York \u00e9 uma cidade que dita tend\u00eancias, o que a torna um local ideal para testes de consumidores. As empresas podem identificar tend\u00eancias emergentes e adaptar seus produtos para ficar \u00e0 frente dos concorrentes.<\/span><\/li>\n\n\n\n<li><b>Construindo a confian\u00e7a do consumidor<\/b><b><br><\/b><span style=\"font-weight: 400;\">As empresas constroem confian\u00e7a e lealdade quando mostram que valorizam o feedback do consumidor. Essa conex\u00e3o promove relacionamentos mais fortes com os clientes e melhora a percep\u00e7\u00e3o da marca.<\/span><\/li>\n<\/ul>\n\n\n\n<h2 class=\"wp-block-heading\"><strong>Por que Nova York \u00e9 ideal para testes de produtos de consumo<\/strong><\/h2>\n\n\n\n<figure class=\"gb-block-image gb-block-image-aaae6115\"><img loading=\"lazy\" decoding=\"async\" width=\"1456\" height=\"816\" class=\"gb-image gb-image-aaae6115\" src=\"https:\/\/www.sisinternational.com\/wp-content\/uploads\/2025\/08\/Food-taste-testing-19.jpg\" alt=\"Pesquisa e Estrat\u00e9gia de Mercado Internacional da SIS\" title=\"Food taste testing (19)\" srcset=\"https:\/\/www.sisinternational.com\/wp-content\/uploads\/2025\/08\/Food-taste-testing-19.jpg 1456w, https:\/\/www.sisinternational.com\/wp-content\/uploads\/2025\/08\/Food-taste-testing-19-300x168.jpg 300w, https:\/\/www.sisinternational.com\/wp-content\/uploads\/2025\/08\/Food-taste-testing-19-1024x574.jpg 1024w, https:\/\/www.sisinternational.com\/wp-content\/uploads\/2025\/08\/Food-taste-testing-19-768x430.jpg 768w, https:\/\/www.sisinternational.com\/wp-content\/uploads\/2025\/08\/Food-taste-testing-19-18x10.jpg 18w\" sizes=\"auto, (max-width: 1456px) 100vw, 1456px\"><\/figure>\n\n\n\n<p><\/p>\n\n\n\n<p><span style=\"font-weight: 400;\">Nova York oferece uma combina\u00e7\u00e3o \u00fanica de fatores, tornando-a um centro incompar\u00e1vel para testes de produtos de consumo. As empresas podem aproveitar as caracter\u00edsticas distintivas da cidade para reunir insights impactantes e refinar seus produtos.<\/span><\/p>\n\n\n\n<h3 class=\"wp-block-heading\"><span style=\"font-weight: 400;\">Base diversificada de consumidores<\/span><\/h3>\n\n\n\n<p><span style=\"font-weight: 400;\">A popula\u00e7\u00e3o multicultural de Nova York abrange v\u00e1rias faixas et\u00e1rias, n\u00edveis de renda e origens culturais. Essa diversidade garante que as empresas possam testar seus produtos com uma ampla gama de perfis de consumidores, fornecendo feedback valioso e completo.<\/span><\/p>\n\n\n\n<h3 class=\"wp-block-heading\"><span style=\"font-weight: 400;\">Ambiente de Tend\u00eancias<\/span><\/h3>\n\n\n\n<p><span style=\"font-weight: 400;\">As a global influencer in fashion, technology, food, and more, New York is where trends begin. Conducting consumer product testing here allows businesses to gauge how their <a href=\"https:\/\/www.sisinternational.com\/pt\/73903-2\/\" title=\"Turn Consumer Flavor Preferences Into Winning Products\"  data-wpil-monitor-id=\"1544\">products align with emerging consumer preferences<\/a>.<\/span><\/p>\n\n\n\n<h3 class=\"wp-block-heading\"><span style=\"font-weight: 400;\">Condi\u00e7\u00f5es din\u00e2micas de mercado<\/span><\/h3>\n\n\n\n<p><span style=\"font-weight: 400;\">A natureza acelerada e competitiva do mercado de Nova York leva as empresas a inovar e refinar suas ofertas, garantindo que atendam aos altos padr\u00f5es esperados pelos consumidores locais.<\/span><\/p>\n\n\n\n<h3 class=\"wp-block-heading\"><span style=\"font-weight: 400;\">Acesso a instala\u00e7\u00f5es de ponta<\/span><\/h3>\n\n\n\n<p><span style=\"font-weight: 400;\">New <a href=\"https:\/\/www.sisinternational.com\/pt\/solucoes\/teste-de-sabor\/instalacoes-de-teste-de-sabor-em-nova-york\/\" title=\"Instala\u00e7\u00f5es de teste de sabor em Nova York\"  data-wpil-monitor-id=\"4741\">York<\/a> has advanced research facilities supporting various testing methodologies, such as sensory evaluations, focus groups, and usability studies. These facilities provide businesses with the tools to conduct thorough and practical testing.<\/span><\/p>\n\n\n\n<h3 class=\"wp-block-heading\"><span style=\"font-weight: 400;\">Aplica\u00e7\u00e3o no mundo real<\/span><\/h3>\n\n\n\n<p><span style=\"font-weight: 400;\">A movimentada paisagem urbana da cidade oferece oportunidades para cen\u00e1rios de testes do mundo real, como pilotos de lojas de varejo, lojas pop-up e coleta de feedback na rua. Esses m\u00e9todos fornecem insights pr\u00e1ticos que os ambientes de laborat\u00f3rio podem n\u00e3o capturar.<\/span><\/p>\n\n\n\n<h3 class=\"wp-block-heading\"><span style=\"font-weight: 400;\">Relev\u00e2ncia global<\/span><\/h3>\n\n\n\n<p><span style=\"font-weight: 400;\">Devido \u00e0 sua influ\u00eancia internacional, insights coletados em Nova York frequentemente se traduzem bem para outros grandes mercados. As empresas podem usar descobertas de Nova York para moldar estrat\u00e9gias em outros mercados urbanos e globais.<\/span><\/p>\n\n\n\n<h2 class=\"wp-block-heading\"><b>Benef\u00edcios dos testes de produtos de consumo em Nova York<\/b><\/h2>\n\n\n\n<figure class=\"gb-block-image gb-block-image-76e7c55c\"><img loading=\"lazy\" decoding=\"async\" width=\"1456\" height=\"816\" class=\"gb-image gb-image-76e7c55c\" src=\"https:\/\/www.sisinternational.com\/wp-content\/uploads\/2025\/08\/Food-taste-testing-3.jpg\" alt=\"Pesquisa e Estrat\u00e9gia de Mercado Internacional da SIS\" title=\"Food taste testing (3)\" srcset=\"https:\/\/www.sisinternational.com\/wp-content\/uploads\/2025\/08\/Food-taste-testing-3.jpg 1456w, https:\/\/www.sisinternational.com\/wp-content\/uploads\/2025\/08\/Food-taste-testing-3-300x168.jpg 300w, https:\/\/www.sisinternational.com\/wp-content\/uploads\/2025\/08\/Food-taste-testing-3-1024x574.jpg 1024w, https:\/\/www.sisinternational.com\/wp-content\/uploads\/2025\/08\/Food-taste-testing-3-768x430.jpg 768w, https:\/\/www.sisinternational.com\/wp-content\/uploads\/2025\/08\/Food-taste-testing-3-18x10.jpg 18w\" sizes=\"auto, (max-width: 1456px) 100vw, 1456px\"><\/figure>\n\n\n\n<p><\/p>\n\n\n\n<p><span style=\"font-weight: 400;\">Conducting consumer <a href=\"https:\/\/www.sisinternational.com\/pt\/solucoes\/solucoes-de-pesquisa-quantitativa-qualitativa\/a-vantagem-de-testar-produtos-em-nova-york-em-vez-de-la\/\" title=\"A vantagem de testar produtos em Nova York em vez de Los Angeles\"  data-wpil-monitor-id=\"1589\">product testing in New York<\/a> offers numerous advantages that can help businesses fine-tune their offerings, improve consumer satisfaction, and ensure long-term market success \u2013 and here are some key benefits:<\/span><\/p>\n\n\n\n<ul class=\"wp-block-list\">\n<li><b>Insights Acion\u00e1veis do Consumidor<\/b><b><br><\/b><span style=\"font-weight: 400;\">Ao testar em um mercado diversificado e orientado por tend\u00eancias, as empresas obt\u00eam insights profundos sobre como os consumidores percebem e interagem com seus produtos.&nbsp;<\/span><\/li>\n\n\n\n<li><b>Maior envolvimento do consumidor<\/b><b><br><\/b><span style=\"font-weight: 400;\">Os nova-iorquinos s\u00e3o conhecidos por se envolverem ativamente em iniciativas de testes, como pesquisas, testes de produtos e sess\u00f5es de feedback.&nbsp;<\/span><\/li>\n\n\n\n<li><b>Identifica\u00e7\u00e3o Precoce de Problemas<\/b><b><br><\/b><span style=\"font-weight: 400;\">Testar em condi\u00e7\u00f5es do mundo real ajuda a identificar falhas ou fraquezas em um produto antes que ele seja lan\u00e7ado em maior escala.&nbsp;<\/span><\/li>\n\n\n\n<li><b>Maior confian\u00e7a nas decis\u00f5es de lan\u00e7amento<\/b><b><br><\/b><span style=\"font-weight: 400;\">Quando um produto \u00e9 testado e refinado com base no feedback do consumidor, as empresas podem seguir em frente com mais confian\u00e7a em sua estrat\u00e9gia de lan\u00e7amento, sabendo que o produto est\u00e1 alinhado \u00e0s necessidades e expectativas do consumidor.<\/span><\/li>\n\n\n\n<li><b>Estrat\u00e9gias de marketing com boa rela\u00e7\u00e3o custo-benef\u00edcio<\/b><b><br><\/b><span style=\"font-weight: 400;\">Entender as prefer\u00eancias do consumidor por meio de testes permite que as empresas criem campanhas de marketing direcionadas que falem diretamente com seu p\u00fablico, resultando em esfor\u00e7os de marketing mais eficazes e econ\u00f4micos.<\/span><\/li>\n\n\n\n<li><b>Vantagem competitiva<\/b><b><br><\/b><span style=\"font-weight: 400;\">Realizar testes de produtos de consumo em Nova York pode dar \u00e0s empresas uma vantagem sobre os concorrentes. Os dados coletados podem ser usados para diferenciar seus produtos no mercado, fazendo-os se destacar para os consumidores.<\/span><\/li>\n\n\n\n<li><b>Fidelidade e confian\u00e7a \u00e0 marca<\/b><b><br><\/b><span style=\"font-weight: 400;\">Mostrar aos consumidores que seu feedback \u00e9 valorizado ajuda a construir lealdade e confian\u00e7a. Essa conex\u00e3o pode se traduzir em neg\u00f3cios repetidos e recomenda\u00e7\u00f5es positivas de boca a boca, inestim\u00e1veis para o sucesso da marca a longo prazo.<\/span><\/li>\n<\/ul>\n\n\n\n<h3 class=\"wp-block-heading\"><strong>Localiza\u00e7\u00e3o da instala\u00e7\u00e3o: Cidade de Nova York<\/strong><\/h3>\n\n\n\n<p>\n\n\n\n<iframe loading=\"lazy\" src=\"https:\/\/www.google.com\/maps\/embed?pb=!1m18!1m12!1m3!1d3022.976188376966!2d-73.99130312499956!3d40.740549471389315!2m3!1f0!2f0!3f0!3m2!1i1024!2i768!4f13.1!3m3!1m2!1s0x89c259a15798c731%3A0xd695d09bdd495f25!2s11%20E%2022nd%20St%20FL%202%2C%20New%20York%2C%20NY%2010010%2C%20USA!5e0!3m2!1sen!2spe!4v1726171763526!5m2!1sen!2spe\" width=\"600\" height=\"450\" allowfullscreen=\"allowfullscreen\" data-mce-fragment=\"1\"><\/iframe>\n\n\n\n<\/p>\n\n\n\n<h3 class=\"wp-block-heading\">11 E 22nd Street, 2\u00ba andar, Nova York, NY 10010 T: +1(212) 505-6805<\/h3>\n\n\n\n<p>\n\n\n\n<\/p>\n\n\n\n<h4 class=\"wp-block-heading\"><strong>Destaques da localiza\u00e7\u00e3o:<\/strong><\/h4>\n\n\n\n<p>\n\n\n\n<\/p>\n\n\n\n<ul class=\"wp-block-list\">\n<li>\n<ul class=\"wp-block-list\">\n<li>Flatiron District, em Manhattan, a poucos passos do hist\u00f3rico edif\u00edcio Flatiron e perto do Madison Square Park e da Union Square<\/li>\n<\/ul>\n<\/li>\n<\/ul>\n\n\n\n<p>\n\n\n\n<\/p>\n\n\n\n<ul class=\"wp-block-list\">\n<li>\n<ul class=\"wp-block-list\">\n<li>Centralmente localizado no cora\u00e7\u00e3o da cidade de Nova York, uma importante cidade global e a maior cidade dos Estados Unidos<\/li>\n<\/ul>\n<\/li>\n<\/ul>\n\n\n\n<p>\n\n\n\n<\/p>\n\n\n\n<ul class=\"wp-block-list\">\n<li>\n<ul class=\"wp-block-list\">\n<li>Conveniente para in\u00fameras op\u00e7\u00f5es de transporte<\/li>\n<\/ul>\n<\/li>\n<\/ul>\n\n\n\n<p>\n\n\n\n<\/p>\n\n\n\n<ul class=\"wp-block-list\">\n<li>\n<ul class=\"wp-block-list\">\n<li>Localizado entre a Broadway e a Park Avenue na rua 22, pr\u00f3ximo ao \u201cKey Bank\u201d<\/li>\n<\/ul>\n<\/li>\n<\/ul>\n\n\n\n<p>\n\n\n\n<\/p>\n\n\n\n<ul class=\"wp-block-list\">\n<li>\n<ul class=\"wp-block-list\">\n<li>Trem Broadway Local R \u2013 Esta\u00e7\u00e3o 22\/23<\/li>\n<\/ul>\n<\/li>\n<\/ul>\n\n\n\n<p>\n\n\n\n<\/p>\n\n\n\n<ul class=\"wp-block-list\">\n<li>\n<ul class=\"wp-block-list\">\n<li>Trem local 6 do lado leste - esta\u00e7\u00e3o 23rd e Park Ave<\/li>\n<\/ul>\n<\/li>\n<\/ul>\n\n\n\n<p>\n\n\n\n<\/p>\n\n\n\n<ul class=\"wp-block-list\">\n<li>Trem local 1 do lado oeste \u2013 Esta\u00e7\u00e3o 23\u00aa e 6\u00aa Avenida<\/li>\n<\/ul>\n\n\n\n<h2 class=\"wp-block-heading\"><b>O que torna a SIS International uma das principais empresas de testes de produtos de consumo?<\/b><\/h2>\n\n\n\n<p><span style=\"font-weight: 400;\">No <a href=\"https:\/\/www.linkedin.com\/company\/sisinternationalresearch\/\" target=\"_blank\" rel=\"noopener\">SIS Internacional<\/a>, oferecemos servi\u00e7os abrangentes de teste de produtos de consumo que capacitam as empresas a tomar decis\u00f5es informadas e aprimorar seus produtos. Nossa equipe de especialistas aproveita d\u00e9cadas de experi\u00eancia e uma abordagem estrat\u00e9gica para ajudar as marcas a terem sucesso no mercado. Veja por que a SIS \u00e9 a melhor parceira para suas necessidades de teste de produtos de consumo em Nova York:<\/span><\/p>\n\n\n\n<h3 class=\"wp-block-heading\"><span style=\"font-weight: 400;\">40 anos de experi\u00eancia<\/span><\/h3>\n\n\n\n<p><span style=\"font-weight: 400;\">Com mais de quatro d\u00e9cadas de experi\u00eancia no setor, a SIS International traz expertise inigual\u00e1vel para a mesa. Entendemos as complexidades do comportamento do consumidor e da din\u00e2mica do mercado, garantindo que nossos m\u00e9todos de teste forne\u00e7am insights confi\u00e1veis e acion\u00e1veis.<\/span><\/p>\n\n\n\n<h3 class=\"wp-block-heading\"><span style=\"font-weight: 400;\">Acesso a Pain\u00e9is de Consumidores Diversos<\/span><\/h3>\n\n\n\n<p><span style=\"font-weight: 400;\"><a href=\"https:\/\/twitter.com\/SISIntlResearch\" target=\"_blank\" rel=\"noopener\">SIS<\/a> tem acesso a uma gama diversificada de pain\u00e9is de consumidores em Nova York, permitindo que voc\u00ea se envolva com seu p\u00fablico-alvo exato. Nosso amplo grupo de participantes ajuda a garantir que seu teste seja representativo e forne\u00e7a resultados significativos.<\/span><\/p>\n\n\n\n<h3 class=\"wp-block-heading\"><span style=\"font-weight: 400;\">Instala\u00e7\u00f5es de teste de \u00faltima gera\u00e7\u00e3o<\/span><\/h3>\n\n\n\n<p><span style=\"font-weight: 400;\">Utilizamos instala\u00e7\u00f5es de \u00faltima gera\u00e7\u00e3o e tecnologias avan\u00e7adas de teste para fornecer insights precisos e completos. Nossos laborat\u00f3rios s\u00e3o equipados para lidar com v\u00e1rias metodologias de teste, de avalia\u00e7\u00f5es sensoriais a grupos focais e entrevistas em profundidade.<\/span><\/p>\n\n\n\n<h3 class=\"wp-block-heading\"><span style=\"font-weight: 400;\">Ambientes de teste do mundo real<\/span><\/h3>\n\n\n\n<p><span style=\"font-weight: 400;\">No <a href=\"https:\/\/medium.com\/@sisinternational\/sis-international-c17160da8fac\" target=\"_blank\" rel=\"noopener\">SIS<\/a>, entendemos que fatores do mundo real frequentemente influenciam o comportamento do consumidor. Para fornecer insights mais aut\u00eanticos e pr\u00e1ticos, nossos m\u00e9todos de teste incluem cen\u00e1rios da vida real, como testes de produtos em casa, testes em loja e pesquisas de rua.<\/span><\/p>\n\n\n\n<h3 class=\"wp-block-heading\"><span style=\"font-weight: 400;\">Insights baseados em dados<\/span><\/h3>\n\n\n\n<p><span style=\"font-weight: 400;\">Nossa equipe usa ferramentas avan\u00e7adas de an\u00e1lise para transformar dados brutos em insights acion\u00e1veis. Com nossa an\u00e1lise abrangente, voc\u00ea entender\u00e1 melhor o comportamento do consumidor e tomar\u00e1 decis\u00f5es mais bem informadas para o sucesso do seu produto.<\/span><\/p>\n\n\n\n<h3 class=\"wp-block-heading\"><span style=\"font-weight: 400;\">Alcance global com experi\u00eancia local<\/span><\/h3>\n\n\n\n<p><span style=\"font-weight: 400;\">A SIS International combina expertise global com um profundo entendimento do mercado de Nova York. Fornecemos servi\u00e7os de teste que oferecem relev\u00e2ncia local e insights mais amplos aplic\u00e1veis a mercados internacionais.<\/span><\/p>\n\n\n\n<h3 class=\"wp-block-heading\"><span style=\"font-weight: 400;\">Compromisso com os Padr\u00f5es \u00c9ticos<\/span><\/h3>\n\n\n\n<p><span style=\"font-weight: 400;\">Priorizamos transpar\u00eancia, confidencialidade e pr\u00e1ticas \u00e9ticas em todos os nossos processos de teste. Nossos participantes confiam em n\u00f3s porque respeitamos sua privacidade e garantimos que seu feedback seja usado de forma respons\u00e1vel.<\/span><\/p>\n\n\n\n<h3 class=\"wp-block-heading\"><span style=\"font-weight: 400;\">Hist\u00f3rico comprovado de sucesso<\/span><\/h3>\n\n\n\n<p><span style=\"font-weight: 400;\">Over the years, we have helped numerous brands launch successful products in New York and beyond. Our consistent success and client satisfaction speaks to the effectiveness of our consumer <a class=\"wpil_keyword_link\" href=\"https:\/\/www.sisinternational.com\/pt\/solucoes\/teste-de-sabor\/product-testing-services\/\" title=\"Product Testing Services\" data-wpil-keyword-link=\"linked\" data-wpil-monitor-id=\"174\">product testing services<\/a>.<\/span><\/p>\n\n\n\n<h2 class=\"wp-block-heading\"><strong>Sobre SIS Internacional<\/strong><\/h2>\n\n\n\n<p><a href=\"https:\/\/www.sisinternational.com\/pt\/\"><span style=\"font-weight: 400;\">SIS Internacional<\/span><\/a><span style=\"font-weight: 400;\"> oferece pesquisa quantitativa, qualitativa e estrat\u00e9gica. Fornecemos dados, ferramentas, estrat\u00e9gias, relat\u00f3rios e insights para a tomada de decis\u00f5es. Tamb\u00e9m realizamos entrevistas, pesquisas, grupos focais e outros m\u00e9todos e abordagens de Pesquisa de Mercado.<\/span><a href=\"https:\/\/www.sisinternational.com\/pt\/sobre-a-sis-international-research\/contact-sis-international-market-research\/\"><span style=\"font-weight: 400;\"> Entre em contato conosco<\/span><\/a><span style=\"font-weight: 400;\"> para o seu pr\u00f3ximo projeto de pesquisa de mercado.<\/span><\/p>\n\n\n\n<hr class=\"wp-block-separator has-alpha-channel-opacity\"\/>\n\n\n\n<p>\n\n\n<\/p>\n<p><!-- \/wp:post-content --><\/p>\n<p><!-- wp:paragraph --><\/p>\n<p><!-- wp:paragraph --><\/p>\n<p><!-- \/wp:paragraph --><\/p>\n<p><!-- wp:paragraph --><\/p>\n<p><!-- \/wp:paragraph --><\/p>\n<p><!-- \/wp:paragraph --><\/p>","protected":false},"excerpt":{"rendered":"<p>Testes de produtos de consumo em Nova York Os testes de produtos de consumo em Nova York d\u00e3o \u00e0s empresas acesso direto a opini\u00f5es diversas e insights acion\u00e1veis, preparando o cen\u00e1rio para lan\u00e7amentos de produtos impactantes e sucesso de mercado a longo prazo. Como voc\u00ea garante que seu produto capture os cora\u00e7\u00f5es do seu p\u00fablico-alvo? Realizar testes de produtos de consumo em Nova York \u00e9 o \u2026 <a title=\"Testes de produtos de consumo em Nova York\" class=\"read-more\" href=\"https:\/\/www.sisinternational.com\/pt\/pericia\/pesquisa-de-mercado-para-testes-de-produtos\/testes-de-produtos-de-consumo-em-nova-york\/\" aria-label=\"Read more about Consumer Product Testing in New York\">Leia mais<\/a><\/p>","protected":false},"author":1,"featured_media":64707,"parent":12926,"menu_order":3,"comment_status":"closed","ping_status":"closed","template":"","meta":{"footnotes":""},"class_list":["post-54189","page","type-page","status-publish","has-post-thumbnail"],"_links":{"self":[{"href":"https:\/\/www.sisinternational.com\/pt\/wp-json\/wp\/v2\/pages\/54189","targetHints":{"allow":["GET"]}}],"collection":[{"href":"https:\/\/www.sisinternational.com\/pt\/wp-json\/wp\/v2\/pages"}],"about":[{"href":"https:\/\/www.sisinternational.com\/pt\/wp-json\/wp\/v2\/types\/page"}],"author":[{"embeddable":true,"href":"https:\/\/www.sisinternational.com\/pt\/wp-json\/wp\/v2\/users\/1"}],"replies":[{"embeddable":true,"href":"https:\/\/www.sisinternational.com\/pt\/wp-json\/wp\/v2\/comments?post=54189"}],"version-history":[{"count":13,"href":"https:\/\/www.sisinternational.com\/pt\/wp-json\/wp\/v2\/pages\/54189\/revisions"}],"predecessor-version":[{"id":78703,"href":"https:\/\/www.sisinternational.com\/pt\/wp-json\/wp\/v2\/pages\/54189\/revisions\/78703"}],"up":[{"embeddable":true,"href":"https:\/\/www.sisinternational.com\/pt\/wp-json\/wp\/v2\/pages\/12926"}],"wp:featuredmedia":[{"embeddable":true,"href":"https:\/\/www.sisinternational.com\/pt\/wp-json\/wp\/v2\/media\/64707"}],"wp:attachment":[{"href":"https:\/\/www.sisinternational.com\/pt\/wp-json\/wp\/v2\/media?parent=54189"}],"curies":[{"name":"wp","href":"https:\/\/api.w.org\/{rel}","templated":true}]}}