{"id":54183,"date":"2024-11-27T02:26:53","date_gmt":"2024-11-27T07:26:53","guid":{"rendered":"https:\/\/www.sisinternational.com\/?page_id=54183"},"modified":"2026-03-11T11:44:45","modified_gmt":"2026-03-11T15:44:45","slug":"pesquisa-de-novos-produtos-em-nova-york","status":"publish","type":"page","link":"https:\/\/www.sisinternational.com\/pt\/pericia\/pesquisa-de-mercado-para-testes-de-produtos\/pesquisa-de-novos-produtos-em-nova-york\/","title":{"rendered":"Pesquisa de novos produtos em Nova York"},"content":{"rendered":"<h1 class=\"gb-headline gb-headline-99e6bcf2 gb-headline-text\">Pesquisa de novos produtos em Nova York<\/h1>\n\n\n\n<figure class=\"gb-block-image gb-block-image-c831a46b\"><img loading=\"lazy\" decoding=\"async\" width=\"1456\" height=\"816\" class=\"gb-image gb-image-c831a46b\" src=\"https:\/\/www.sisinternational.com\/wp-content\/uploads\/2025\/09\/Beauty-product-2.jpg\" alt=\"Pesquisa e Estrat\u00e9gia de Mercado Internacional da SIS\" title=\"Beauty product (2)\" srcset=\"https:\/\/www.sisinternational.com\/wp-content\/uploads\/2025\/09\/Beauty-product-2.jpg 1456w, https:\/\/www.sisinternational.com\/wp-content\/uploads\/2025\/09\/Beauty-product-2-300x168.jpg 300w, https:\/\/www.sisinternational.com\/wp-content\/uploads\/2025\/09\/Beauty-product-2-1024x574.jpg 1024w, https:\/\/www.sisinternational.com\/wp-content\/uploads\/2025\/09\/Beauty-product-2-768x430.jpg 768w, https:\/\/www.sisinternational.com\/wp-content\/uploads\/2025\/09\/Beauty-product-2-18x10.jpg 18w\" sizes=\"auto, (max-width: 1456px) 100vw, 1456px\"><\/figure>\n\n\n\n<hr class=\"wp-block-separator has-alpha-channel-opacity is-style-dots\"\/>\n\n\n\n<h3 class=\"wp-block-heading\"><span style=\"font-weight: 400;\">A pesquisa de novos produtos em Nova York combina a base din\u00e2mica de consumidores da cidade com metodologias de ponta para ajudar empresas a validar conceitos, otimizar ofertas e minimizar riscos.<\/span><\/h3>\n\n\n\n<p><span style=\"font-weight: 400;\">O que faz um produto ser um sucesso? A resposta est\u00e1 em entender seu p\u00fablico e o mercado. \u00c9 a\u00ed que entra a pesquisa de novos produtos em Nova York. Com sua vibrante mistura de culturas e uma base de consumidores que define tend\u00eancias, Nova York fornece o ambiente perfeito para reunir insights acion\u00e1veis.&nbsp;<\/span><\/p>\n\n\n\n<h2 class=\"wp-block-heading\"><strong>Por que a pesquisa de novos produtos \u00e9 essencial<\/strong><\/h2>\n\n\n\n<p><span style=\"font-weight: 400;\">Em um mercado acelerado onde a inova\u00e7\u00e3o \u00e9 cr\u00edtica, as empresas devem garantir que dados e insights respaldem suas ideias. A pesquisa de novos produtos em Nova York ajuda as empresas a criar produtos que ressoam com seu p\u00fablico-alvo e se destacam dos concorrentes. Ela permite principalmente que as empresas:<\/span><\/p>\n\n\n\n<figure class=\"gb-block-image gb-block-image-37cfcccb\"><img loading=\"lazy\" decoding=\"async\" width=\"1024\" height=\"762\" class=\"gb-image gb-image-37cfcccb\" src=\"https:\/\/www.sisinternational.com\/wp-content\/uploads\/2024\/11\/New-Product-Research-1024x762.png\" srcset=\"https:\/\/www.sisinternational.com\/wp-content\/uploads\/2024\/11\/New-Product-Research-1024x762.png 1024w, https:\/\/www.sisinternational.com\/wp-content\/uploads\/2024\/11\/New-Product-Research-300x223.png 300w, https:\/\/www.sisinternational.com\/wp-content\/uploads\/2024\/11\/New-Product-Research-768x571.png 768w, https:\/\/www.sisinternational.com\/wp-content\/uploads\/2024\/11\/New-Product-Research-1536x1143.png 1536w, https:\/\/www.sisinternational.com\/wp-content\/uploads\/2024\/11\/New-Product-Research-16x12.png 16w, https:\/\/www.sisinternational.com\/wp-content\/uploads\/2024\/11\/New-Product-Research.png 1894w\" sizes=\"auto, (max-width: 1024px) 100vw, 1024px\" alt=\"Pesquisa e Estrat\u00e9gia de Mercado Internacional da SIS\"><\/figure>\n\n\n\n<p><\/p>\n\n\n\n<h3 class=\"wp-block-heading\">&nbsp;<\/h3>\n\n\n\n<h3 class=\"wp-block-heading\"><span style=\"font-weight: 400;\">Minimizando Riscos<\/span><\/h3>\n\n\n\n<p><span style=\"font-weight: 400;\">New product <a href=\"https:\/\/www.sisinternational.com\/pt\/solucoes\/consultoria-estrategica\/pesquisa-de-prova-de-conceito\/\" title=\"Pesquisa de prova de conceito\"  data-wpil-monitor-id=\"6824\">research reduces uncertainty by validating concepts<\/a>, ensuring that businesses invest in ideas with real market potential.<\/span><\/p>\n\n\n\n<h3 class=\"wp-block-heading\"><span style=\"font-weight: 400;\">Compreendendo as necessidades do consumidor<\/span><\/h3>\n\n\n\n<p><span style=\"font-weight: 400;\">As empresas podem projetar produtos que ofere\u00e7am solu\u00e7\u00f5es e valor reais ao entender seus pontos fracos.<\/span><\/p>\n\n\n\n<h3 class=\"wp-block-heading\"><span style=\"font-weight: 400;\">Otimizando os recursos do produto<\/span><\/h3>\n\n\n\n<p><span style=\"font-weight: 400;\">As empresas podem refinar atributos do produto, como funcionalidade, design e pre\u00e7o por meio de testes e an\u00e1lises.&nbsp;<\/span><\/p>\n\n\n\n<h3 class=\"wp-block-heading\"><span style=\"font-weight: 400;\">Vantagem competitiva<\/span><\/h3>\n\n\n\n<p><span style=\"font-weight: 400;\">A pesquisa fornece insights sobre produtos concorrentes, lacunas de mercado e tend\u00eancias emergentes. Essas informa\u00e7\u00f5es permitem que as empresas diferenciem suas ofertas e se posicionem estrategicamente.<\/span><\/p>\n\n\n\n<h3 class=\"wp-block-heading\"><span style=\"font-weight: 400;\">Prontid\u00e3o para o mercado<\/span><\/h3>\n\n\n\n<p><span style=\"font-weight: 400;\">New <a href=\"https:\/\/www.sisinternational.com\/pt\/cobertura\/as-americas\/cobertura-dos-eua\/pesquisa-de-mercado-em-iowa\/\" title=\"Pesquisa de mercado em Iowa\"  data-wpil-monitor-id=\"5574\">produtos<\/a> research ensures products are fully aligned with market demands before launch.&nbsp;<\/span><\/p>\n\n\n\n<h2 class=\"wp-block-heading\"><strong>Principais componentes da pesquisa eficaz de novos produtos<\/strong><\/h2>\n\n\n\n<figure class=\"gb-block-image gb-block-image-db5cc1fb\"><img loading=\"lazy\" decoding=\"async\" width=\"1456\" height=\"816\" class=\"gb-image gb-image-db5cc1fb\" src=\"https:\/\/www.sisinternational.com\/wp-content\/uploads\/2025\/08\/Food-taste-testing-7.jpg\" alt=\"Pesquisa e Estrat\u00e9gia de Mercado Internacional da SIS\" title=\"Food taste testing (7)\" srcset=\"https:\/\/www.sisinternational.com\/wp-content\/uploads\/2025\/08\/Food-taste-testing-7.jpg 1456w, https:\/\/www.sisinternational.com\/wp-content\/uploads\/2025\/08\/Food-taste-testing-7-300x168.jpg 300w, https:\/\/www.sisinternational.com\/wp-content\/uploads\/2025\/08\/Food-taste-testing-7-1024x574.jpg 1024w, https:\/\/www.sisinternational.com\/wp-content\/uploads\/2025\/08\/Food-taste-testing-7-768x430.jpg 768w, https:\/\/www.sisinternational.com\/wp-content\/uploads\/2025\/08\/Food-taste-testing-7-18x10.jpg 18w\" sizes=\"auto, (max-width: 1456px) 100vw, 1456px\"><\/figure>\n\n\n\n<p><\/p>\n\n\n\n<p><span style=\"font-weight: 400;\">A pesquisa de novos produtos em Nova York requer uma abordagem estruturada para reunir insights significativos. Esses componentes avaliam de forma abrangente o potencial do produto e o ajuste de mercado.<\/span><\/p>\n\n\n\n<ol class=\"wp-block-list\">\n<li><b> An\u00e1lise de Mercado<\/b><\/li>\n<\/ol>\n\n\n\n<p><span style=\"font-weight: 400;\">Esta etapa envolve avaliar tend\u00eancias do setor, comportamentos do consumidor e cen\u00e1rios competitivos para identificar oportunidades e amea\u00e7as relevantes ao seu produto.<\/span><\/p>\n\n\n\n<ol start=\"2\" class=\"wp-block-list\">\n<li><b> Insights do consumidor<\/b><\/li>\n<\/ol>\n\n\n\n<p><span style=\"font-weight: 400;\">Coletar feedback diretamente do p\u00fablico-alvo \u00e9 crucial. M\u00e9todos como pesquisas, entrevistas e grupos focais ajudam a descobrir as necessidades, prefer\u00eancias e pontos problem\u00e1ticos do consumidor.<\/span><\/p>\n\n\n\n<ol start=\"3\" class=\"wp-block-list\">\n<li><b> Teste de conceito<\/b><\/li>\n<\/ol>\n\n\n\n<p><span style=\"font-weight: 400;\">Antes do desenvolvimento, as empresas podem testar conceitos de produtos para determinar seu apelo e refinar ideias. Mais tarde, elas se concentrar\u00e3o em recursos que mais importam aos consumidores.<\/span><\/p>\n\n\n\n<ol start=\"4\" class=\"wp-block-list\">\n<li><b> Prototipagem e Teste de Produtos<\/b><\/li>\n<\/ol>\n\n\n\n<p><span style=\"font-weight: 400;\">A cria\u00e7\u00e3o de prot\u00f3tipos permite que as empresas avaliem a funcionalidade, o design e a usabilidade dos produtos, o que garante que eles atendam \u00e0s expectativas do consumidor e forne\u00e7am valor.<\/span><\/p>\n\n\n\n<ol start=\"5\" class=\"wp-block-list\">\n<li><b> An\u00e1lise de estrat\u00e9gia de pre\u00e7os<\/b><\/li>\n<\/ol>\n\n\n\n<p><span style=\"font-weight: 400;\">A pesquisa ajuda as empresas a determinar os pre\u00e7os ideais analisando a disposi\u00e7\u00e3o do consumidor em pagar e as estruturas de pre\u00e7os competitivas.<\/span><\/p>\n\n\n\n<ol start=\"6\" class=\"wp-block-list\">\n<li><b> Feedback sobre embalagem e marca<\/b><\/li>\n<\/ol>\n\n\n\n<p><span style=\"font-weight: 400;\">Research in this area ensures the <a href=\"https:\/\/www.sisinternational.com\/pt\/cobertura\/as-americas\/cobertura-dos-eua\/pesquisa-de-mercado-no-kansas\/\" title=\"Pesquisa de mercado no Kansas\"  data-wpil-monitor-id=\"5591\">product\u2019s<\/a> visual identity aligns with consumer preferences and enhances market appeal.<\/span><\/p>\n\n\n\n<ol start=\"7\" class=\"wp-block-list\">\n<li><b> Benchmarking competitivo<\/b><\/li>\n<\/ol>\n\n\n\n<p><span style=\"font-weight: 400;\">Comparar o novo produto com os concorrentes existentes destaca pontos de venda exclusivos e \u00e1reas para melhorias, garantindo a diferencia\u00e7\u00e3o no mercado.<\/span><\/p>\n\n\n\n<ol start=\"8\" class=\"wp-block-list\">\n<li><b> Testes Iterativos e Refinamento<\/b><\/li>\n<\/ol>\n\n\n\n<p><span style=\"font-weight: 400;\">As empresas podem testar e refinar o produto repetidamente com base no feedback, garantindo que ele esteja pronto para o mercado antes do lan\u00e7amento.<\/span><\/p>\n\n\n\n<h3 class=\"wp-block-heading\"><strong>Localiza\u00e7\u00e3o da instala\u00e7\u00e3o: Cidade de Nova York<\/strong><\/h3>\n\n\n\n<p>\n\n\n\n<iframe loading=\"lazy\" src=\"https:\/\/www.google.com\/maps\/embed?pb=!1m18!1m12!1m3!1d3022.976188376966!2d-73.99130312499956!3d40.740549471389315!2m3!1f0!2f0!3f0!3m2!1i1024!2i768!4f13.1!3m3!1m2!1s0x89c259a15798c731%3A0xd695d09bdd495f25!2s11%20E%2022nd%20St%20FL%202%2C%20New%20York%2C%20NY%2010010%2C%20USA!5e0!3m2!1sen!2spe!4v1726171763526!5m2!1sen!2spe\" width=\"600\" height=\"450\" allowfullscreen=\"allowfullscreen\" data-mce-fragment=\"1\"><\/iframe>\n\n\n\n<\/p>\n\n\n\n<h3 class=\"wp-block-heading\">11 E 22nd Street, 2\u00ba andar, Nova York, NY 10010 T: +1(212) 505-6805<\/h3>\n\n\n\n<p>\n\n\n\n<\/p>\n\n\n\n<h4 class=\"wp-block-heading\"><strong>Destaques da localiza\u00e7\u00e3o:<\/strong><\/h4>\n\n\n\n<p>\n\n\n\n<\/p>\n\n\n\n<ul class=\"wp-block-list\">\n<li>\n<ul class=\"wp-block-list\">\n<li>Flatiron District, em Manhattan, a poucos passos do hist\u00f3rico edif\u00edcio Flatiron e perto do Madison Square Park e da Union Square<\/li>\n<\/ul>\n<\/li>\n<\/ul>\n\n\n\n<p>\n\n\n\n<\/p>\n\n\n\n<ul class=\"wp-block-list\">\n<li>\n<ul class=\"wp-block-list\">\n<li>Centralmente localizado no cora\u00e7\u00e3o da cidade de Nova York, uma importante cidade global e a maior cidade dos Estados Unidos<\/li>\n<\/ul>\n<\/li>\n<\/ul>\n\n\n\n<p>\n\n\n\n<\/p>\n\n\n\n<ul class=\"wp-block-list\">\n<li>\n<ul class=\"wp-block-list\">\n<li>Conveniente para in\u00fameras op\u00e7\u00f5es de transporte<\/li>\n<\/ul>\n<\/li>\n<\/ul>\n\n\n\n<p>\n\n\n\n<\/p>\n\n\n\n<ul class=\"wp-block-list\">\n<li>\n<ul class=\"wp-block-list\">\n<li>Localizado entre a Broadway e a Park Avenue na rua 22, pr\u00f3ximo ao \u201cKey Bank\u201d<\/li>\n<\/ul>\n<\/li>\n<\/ul>\n\n\n\n<p>\n\n\n\n<\/p>\n\n\n\n<ul class=\"wp-block-list\">\n<li>\n<ul class=\"wp-block-list\">\n<li>Trem Broadway Local R \u2013 Esta\u00e7\u00e3o 22\/23<\/li>\n<\/ul>\n<\/li>\n<\/ul>\n\n\n\n<p>\n\n\n\n<\/p>\n\n\n\n<ul class=\"wp-block-list\">\n<li>\n<ul class=\"wp-block-list\">\n<li>Trem local 6 do lado leste - esta\u00e7\u00e3o 23rd e Park Ave<\/li>\n<\/ul>\n<\/li>\n<\/ul>\n\n\n\n<p>\n\n\n\n<\/p>\n\n\n\n<ul class=\"wp-block-list\">\n<li>Trem local 1 do lado oeste \u2013 Esta\u00e7\u00e3o 23\u00aa e 6\u00aa Avenida<\/li>\n<\/ul>\n\n\n\n<h2 class=\"wp-block-heading\"><strong>O que torna a SIS International uma das principais fornecedoras de pesquisa de novos produtos?<\/strong><\/h2>\n\n\n\n<p><span style=\"font-weight: 400;\">Nossa equipe fornece os insights necess\u00e1rios para ajudar as empresas a desenvolver produtos que ressoem com seus p\u00fablicos-alvo e tenham sucesso em mercados competitivos. Aqui est\u00e1 o porqu\u00ea <a href=\"https:\/\/www.linkedin.com\/company\/sisinternationalresearch\/\" target=\"_blank\" rel=\"noopener\">SIS Internacional<\/a> \u00e9 a escolha certa para pesquisa de novos produtos:<\/span><\/p>\n\n\n\n<h3 class=\"wp-block-heading\"><span style=\"font-weight: 400;\">D\u00e9cadas de experi\u00eancia comprovada<\/span><\/h3>\n\n\n\n<p><span style=\"font-weight: 400;\">Com mais de 40 anos de experi\u00eancia em pesquisa de mercado, a SIS International tem um hist\u00f3rico s\u00f3lido de fornecimento de insights acion\u00e1veis para empresas de todos os setores.<\/span><\/p>\n\n\n\n<h3 class=\"wp-block-heading\"><span style=\"font-weight: 400;\">Solu\u00e7\u00f5es de pesquisa personalizadas<\/span><\/h3>\n\n\n\n<p><span style=\"font-weight: 400;\">Nossa equipe trabalha em estreita colabora\u00e7\u00e3o com os clientes para criar estrat\u00e9gias de pesquisa personalizadas que estejam alinhadas com seus objetivos e desafios espec\u00edficos.<\/span><\/p>\n\n\n\n<h3 class=\"wp-block-heading\"><span style=\"font-weight: 400;\">Recrutamento de participantes diversos<\/span><\/h3>\n\n\n\n<p><span style=\"font-weight: 400;\">Aproveitando a popula\u00e7\u00e3o multicultural de Nova York, o SIS garante acesso a um grupo representativo de participantes, fornecendo insights que refletem mercados do mundo real.<\/span><\/p>\n\n\n\n<h3 class=\"wp-block-heading\"><span style=\"font-weight: 400;\">Instala\u00e7\u00f5es de ponta<\/span><\/h3>\n\n\n\n<p><span style=\"font-weight: 400;\"><a href=\"https:\/\/twitter.com\/SISIntlResearch\" target=\"_blank\" rel=\"noopener\">SIS<\/a> oferece instala\u00e7\u00f5es de pesquisa de \u00faltima gera\u00e7\u00e3o para grupos focais, testes de produtos e avalia\u00e7\u00f5es sensoriais, garantindo condi\u00e7\u00f5es ideais para pesquisas impactantes.<\/span><\/p>\n\n\n\n<h3 class=\"wp-block-heading\"><span style=\"font-weight: 400;\">Equipe de especialistas especialistas<\/span><\/h3>\n\n\n\n<p><span style=\"font-weight: 400;\">Nossos pesquisadores, moderadores e analistas experientes trazem conhecimento do setor e habilidades avan\u00e7adas para cada projeto.<\/span><\/p>\n\n\n\n<h3 class=\"wp-block-heading\"><span style=\"font-weight: 400;\">Insights abrangentes de mercado<\/span><\/h3>\n\n\n\n<p><span style=\"font-weight: 400;\"><a href=\"https:\/\/medium.com\/@sisinternational\/sis-international-c17160da8fac\" target=\"_blank\" rel=\"noopener\">SIS<\/a> vai al\u00e9m dos dados brutos, fornecendo an\u00e1lises e recomenda\u00e7\u00f5es detalhadas que capacitam os clientes a tomar decis\u00f5es confiantes.<\/span><\/p>\n\n\n\n<h3 class=\"wp-block-heading\"><span style=\"font-weight: 400;\">Escalabilidade para todos os neg\u00f3cios<\/span><\/h3>\n\n\n\n<p><span style=\"font-weight: 400;\">Seja trabalhando com startups ou corpora\u00e7\u00f5es multinacionais, a SIS fornece solu\u00e7\u00f5es de pesquisa escal\u00e1veis para atender a diversas necessidades e or\u00e7amentos.<\/span><\/p>\n\n\n\n<h3 class=\"wp-block-heading\"><span style=\"font-weight: 400;\">Localiza\u00e7\u00e3o estrat\u00e9gica em Nova York<\/span><\/h3>\n\n\n\n<p><span style=\"font-weight: 400;\">Situada em uma das cidades mais din\u00e2micas do mundo, a SIS oferece acesso incompar\u00e1vel a mercados diversos e comportamentos de consumo que definem tend\u00eancias.<\/span><\/p>\n\n\n\n<h3 class=\"wp-block-heading\"><span style=\"font-weight: 400;\">Compromisso com a qualidade e precis\u00e3o<\/span><\/h3>\n\n\n\n<p><span style=\"font-weight: 400;\">Na SIS, priorizamos precis\u00e3o e confiabilidade em todos os projetos de pesquisa, garantindo que os clientes recebam insights nos quais podem confiar.<\/span><\/p>\n\n\n\n<h3 class=\"wp-block-heading\"><span style=\"font-weight: 400;\">Sucesso comprovado com as principais marcas<\/span><\/h3>\n\n\n\n<p><span style=\"font-weight: 400;\">SIS International is a trusted partner to leading global brands, delivering <a href=\"https:\/\/www.sisinternational.com\/pt\/cobertura\/as-americas\/cobertura-dos-eua\/pesquisa-de-mercado-no-havai\/\" title=\"Pesquisa de mercado no Hava\u00ed\" data-wpil-monitor-id=\"5608\">research that drives product innovation and market<\/a> success.<\/span><\/p>\n\n\n\n<h2 class=\"wp-block-heading\"><strong>Sobre SIS Internacional<\/strong><\/h2>\n\n\n\n<p><a href=\"https:\/\/www.sisinternational.com\/pt\/\"><span style=\"font-weight: 400;\">SIS Internacional<\/span><\/a><span style=\"font-weight: 400;\"> oferece pesquisa quantitativa, qualitativa e estrat\u00e9gica. Fornecemos dados, ferramentas, estrat\u00e9gias, relat\u00f3rios e insights para a tomada de decis\u00f5es. Tamb\u00e9m realizamos entrevistas, pesquisas, grupos focais e outros m\u00e9todos e abordagens de Pesquisa de Mercado.<\/span><a href=\"https:\/\/www.sisinternational.com\/pt\/sobre-a-sis-international-research\/contact-sis-international-market-research\/\"><span style=\"font-weight: 400;\"> Entre em contato conosco<\/span><\/a><span style=\"font-weight: 400;\"> para o seu pr\u00f3ximo projeto de pesquisa de mercado.<\/span><\/p>\n\n\n\n<hr class=\"wp-block-separator has-alpha-channel-opacity\"\/>\n\n\n\n<p>\n\n\n<\/p>\n<p><!-- \/wp:post-content --><\/p>","protected":false},"excerpt":{"rendered":"<p>Pesquisa de novos produtos em Nova York A pesquisa de novos produtos em Nova York combina a base din\u00e2mica de consumidores da cidade com metodologias de ponta para ajudar empresas a validar conceitos, otimizar ofertas e minimizar riscos. O que torna um produto um sucesso? A resposta est\u00e1 em entender seu p\u00fablico e o mercado. \u00c9 a\u00ed que a pesquisa de novos produtos em Nova York \u2026 <a title=\"Pesquisa de novos produtos em Nova York\" class=\"read-more\" href=\"https:\/\/www.sisinternational.com\/pt\/pericia\/pesquisa-de-mercado-para-testes-de-produtos\/pesquisa-de-novos-produtos-em-nova-york\/\" aria-label=\"Read more about New Product Research in New York\">Leia mais<\/a><\/p>","protected":false},"author":1,"featured_media":68805,"parent":12926,"menu_order":28,"comment_status":"closed","ping_status":"closed","template":"","meta":{"footnotes":""},"class_list":["post-54183","page","type-page","status-publish","has-post-thumbnail"],"_links":{"self":[{"href":"https:\/\/www.sisinternational.com\/pt\/wp-json\/wp\/v2\/pages\/54183","targetHints":{"allow":["GET"]}}],"collection":[{"href":"https:\/\/www.sisinternational.com\/pt\/wp-json\/wp\/v2\/pages"}],"about":[{"href":"https:\/\/www.sisinternational.com\/pt\/wp-json\/wp\/v2\/types\/page"}],"author":[{"embeddable":true,"href":"https:\/\/www.sisinternational.com\/pt\/wp-json\/wp\/v2\/users\/1"}],"replies":[{"embeddable":true,"href":"https:\/\/www.sisinternational.com\/pt\/wp-json\/wp\/v2\/comments?post=54183"}],"version-history":[{"count":14,"href":"https:\/\/www.sisinternational.com\/pt\/wp-json\/wp\/v2\/pages\/54183\/revisions"}],"predecessor-version":[{"id":80400,"href":"https:\/\/www.sisinternational.com\/pt\/wp-json\/wp\/v2\/pages\/54183\/revisions\/80400"}],"up":[{"embeddable":true,"href":"https:\/\/www.sisinternational.com\/pt\/wp-json\/wp\/v2\/pages\/12926"}],"wp:featuredmedia":[{"embeddable":true,"href":"https:\/\/www.sisinternational.com\/pt\/wp-json\/wp\/v2\/media\/68805"}],"wp:attachment":[{"href":"https:\/\/www.sisinternational.com\/pt\/wp-json\/wp\/v2\/media?parent=54183"}],"curies":[{"name":"wp","href":"https:\/\/api.w.org\/{rel}","templated":true}]}}