{"id":54178,"date":"2024-11-27T02:26:00","date_gmt":"2024-11-27T07:26:00","guid":{"rendered":"https:\/\/www.sisinternational.com\/?page_id=54178"},"modified":"2026-01-26T18:54:07","modified_gmt":"2026-01-26T23:54:07","slug":"grupos-focais-para-testes-de-sabor-em-nova-york","status":"publish","type":"page","link":"https:\/\/www.sisinternational.com\/pt\/solucoes\/teste-de-sabor\/grupos-focais-para-testes-de-sabor-em-nova-york\/","title":{"rendered":"Grupos de foco para testes de sabor em Nova York"},"content":{"rendered":"<h1 class=\"wp-block-heading\">Grupos de foco para testes de sabor em Nova York<\/h1>\n\n\n\n<figure class=\"gb-block-image gb-block-image-baef9ce2\"><img loading=\"lazy\" decoding=\"async\" width=\"1456\" height=\"816\" class=\"gb-image gb-image-baef9ce2\" src=\"https:\/\/www.sisinternational.com\/wp-content\/uploads\/2025\/09\/Focus-group-4-13.jpg\" alt=\"Pesquisa e Estrat\u00e9gia de Mercado Internacional da SIS\" title=\"Focus group 4 (13)\" srcset=\"https:\/\/www.sisinternational.com\/wp-content\/uploads\/2025\/09\/Focus-group-4-13.jpg 1456w, https:\/\/www.sisinternational.com\/wp-content\/uploads\/2025\/09\/Focus-group-4-13-300x168.jpg 300w, https:\/\/www.sisinternational.com\/wp-content\/uploads\/2025\/09\/Focus-group-4-13-1024x574.jpg 1024w, https:\/\/www.sisinternational.com\/wp-content\/uploads\/2025\/09\/Focus-group-4-13-768x430.jpg 768w, https:\/\/www.sisinternational.com\/wp-content\/uploads\/2025\/09\/Focus-group-4-13-18x10.jpg 18w\" sizes=\"auto, (max-width: 1456px) 100vw, 1456px\"><\/figure>\n\n\n\n<hr class=\"wp-block-separator has-alpha-channel-opacity is-style-dots\"\/>\n\n\n\n<h3 class=\"wp-block-heading\"><span style=\"font-weight: 400;\">Grupos focais para testes de sabor em Nova York oferecem uma oportunidade incompar\u00e1vel de reunir insights valiosos e qualitativos diretamente de p\u00fablicos diversos.<\/span><\/h3>\n\n\n\n<p><span style=\"font-weight: 400;\">Lan\u00e7ar um produto aliment\u00edcio de sucesso requer mais do que apenas bom gosto \u2014 exige um profundo entendimento das prefer\u00eancias do consumidor. \u00c9 aqui que entram os grupos focais para testes de sabor em Nova York. Como uma das cidades mais diversas do mundo, Nova York fornece acesso a um amplo espectro de opini\u00f5es e perspectivas culturais, tornando-a um local ideal para pesquisa de testes de sabor.&nbsp;<\/span><\/p>\n\n\n\n<h2 class=\"wp-block-heading\"><strong>O papel dos grupos focais na avalia\u00e7\u00e3o do sabor<\/strong><\/h2>\n\n\n\n<figure class=\"gb-block-image gb-block-image-9e3171a3\"><img loading=\"lazy\" decoding=\"async\" width=\"1456\" height=\"816\" class=\"gb-image gb-image-9e3171a3\" src=\"https:\/\/www.sisinternational.com\/wp-content\/uploads\/2025\/09\/Focus-group-4-18.jpg\" alt=\"Pesquisa e Estrat\u00e9gia de Mercado Internacional da SIS\" title=\"Focus group 4 (18)\" srcset=\"https:\/\/www.sisinternational.com\/wp-content\/uploads\/2025\/09\/Focus-group-4-18.jpg 1456w, https:\/\/www.sisinternational.com\/wp-content\/uploads\/2025\/09\/Focus-group-4-18-300x168.jpg 300w, https:\/\/www.sisinternational.com\/wp-content\/uploads\/2025\/09\/Focus-group-4-18-1024x574.jpg 1024w, https:\/\/www.sisinternational.com\/wp-content\/uploads\/2025\/09\/Focus-group-4-18-768x430.jpg 768w, https:\/\/www.sisinternational.com\/wp-content\/uploads\/2025\/09\/Focus-group-4-18-18x10.jpg 18w\" sizes=\"auto, (max-width: 1456px) 100vw, 1456px\"><\/figure>\n\n\n\n<p><\/p>\n\n\n\n<p><span style=\"font-weight: 400;\">Os grupos focais promovem discuss\u00f5es din\u00e2micas nas quais os participantes compartilham suas opini\u00f5es, emo\u00e7\u00f5es e contextos culturais que influenciam suas prefer\u00eancias. Isso os torna ferramentas inestim\u00e1veis para entender o \u201cporqu\u00ea\u201d por tr\u00e1s das escolhas do consumidor.<\/span><\/p>\n\n\n\n<p><span style=\"font-weight: 400;\">Os participantes s\u00e3o frequentemente encorajados a descrever sabores, texturas e gostos residuais em detalhes, o que ajuda as marcas a identificar atributos-chave que ressoam com seu p\u00fablico. Outra vantagem dos grupos focais \u00e9 sua capacidade de simular condi\u00e7\u00f5es do mundo real. Ao incorporar elementos como branding, embalagem ou combina\u00e7\u00f5es sugeridas, as empresas podem entender melhor como seu produto se sair\u00e1 em um mercado competitivo.<\/span><\/p>\n\n\n\n<h2 class=\"wp-block-heading\"><strong>Por que Nova York \u00e9 ideal para grupos focais<\/strong><\/h2>\n\n\n\n<p><span style=\"font-weight: 400;\">New York is an exceptional location for conducting <a href=\"https:\/\/www.sisinternational.com\/pt\/solucoes\/solucoes-de-pesquisa-quantitativa-qualitativa\/testes-de-localizacao-central-vs-grupos-focais\/\" title=\"Testes de localiza\u00e7\u00e3o central vs grupos focais\"  data-wpil-monitor-id=\"1582\">focus groups for taste testing<\/a> due to its unmatched diversity and culinary influence. It offers the following benefits:<\/span><\/p>\n\n\n\n<figure class=\"gb-block-image gb-block-image-24c4da74\"><img loading=\"lazy\" decoding=\"async\" width=\"2081\" height=\"1633\" class=\"gb-image gb-image-24c4da74\" src=\"https:\/\/www.sisinternational.com\/wp-content\/uploads\/2024\/11\/Culinary-insights.png\" srcset=\"https:\/\/www.sisinternational.com\/wp-content\/uploads\/2024\/11\/Culinary-insights.png 2081w, https:\/\/www.sisinternational.com\/wp-content\/uploads\/2024\/11\/Culinary-insights-300x235.png 300w, https:\/\/www.sisinternational.com\/wp-content\/uploads\/2024\/11\/Culinary-insights-1024x804.png 1024w, https:\/\/www.sisinternational.com\/wp-content\/uploads\/2024\/11\/Culinary-insights-768x603.png 768w, https:\/\/www.sisinternational.com\/wp-content\/uploads\/2024\/11\/Culinary-insights-1536x1205.png 1536w, https:\/\/www.sisinternational.com\/wp-content\/uploads\/2024\/11\/Culinary-insights-2048x1607.png 2048w, https:\/\/www.sisinternational.com\/wp-content\/uploads\/2024\/11\/Culinary-insights-15x12.png 15w\" sizes=\"auto, (max-width: 2081px) 100vw, 2081px\" alt=\"Pesquisa e Estrat\u00e9gia de Mercado Internacional da SIS\"><\/figure>\n\n\n\n<p><\/p>\n\n\n\n<ol class=\"wp-block-list\">\n<li><b> Uma paisagem demogr\u00e1fica diversificada<\/b><\/li>\n<\/ol>\n\n\n\n<p><span style=\"font-weight: 400;\">Nova York abriga uma ampla variedade de culturas, etnias e faixas et\u00e1rias. Essa diversidade permite que grupos focais capturem insights de v\u00e1rios segmentos de consumidores, garantindo uma compreens\u00e3o abrangente de como diferentes p\u00fablicos percebem o sabor, o aroma e a textura.<\/span><\/p>\n\n\n\n<ol start=\"2\" class=\"wp-block-list\">\n<li><b> Um centro de tend\u00eancias culin\u00e1rias<\/b><\/li>\n<\/ol>\n\n\n\n<p><span style=\"font-weight: 400;\">Conducting focus groups here means tapping into a consumer base often exposed to new trends, making it ideal for <a href=\"https:\/\/www.sisinternational.com\/pt\/solucoes\/teste-de-sabor\/instalacoes-de-teste-de-sabor-em-nova-york\/\" title=\"Instala\u00e7\u00f5es de teste de sabor em Nova York\"  data-wpil-monitor-id=\"7132\">testing cutting-edge flavors<\/a> and concepts.<\/span><\/p>\n\n\n\n<ol start=\"3\" class=\"wp-block-list\">\n<li><b> Acesso a Entusiastas e Especialistas em Alimentos<\/b><\/li>\n<\/ol>\n\n\n\n<p><span style=\"font-weight: 400;\">A cidade est\u00e1 repleta de entusiastas da comida, profissionais da culin\u00e1ria e aventureiros que fornecem insights valiosos durante os grupos focais. O feedback deles pode ser fundamental para refinar produtos gourmet ou introduzir novas culin\u00e1rias.<\/span><\/p>\n\n\n\n<ol start=\"4\" class=\"wp-block-list\">\n<li><b> Proximidade dos principais mercados de consumo<\/b><\/li>\n<\/ol>\n\n\n\n<p><span style=\"font-weight: 400;\">A localiza\u00e7\u00e3o de Nova York fornece acesso f\u00e1cil aos mercados consumidores vizinhos, incluindo p\u00fablicos urbanos e suburbanos. Isso permite testar produtos com um escopo mais amplo, mantendo a conveni\u00eancia log\u00edstica.<\/span><\/p>\n\n\n\n<ol start=\"5\" class=\"wp-block-list\">\n<li><b> Reflexo dos mercados globais<\/b><\/li>\n<\/ol>\n\n\n\n<p><span style=\"font-weight: 400;\">As diversas opini\u00f5es reunidas em Nova York frequentemente refletem tend\u00eancias globais mais amplas, tornando os insights aplic\u00e1veis a outras regi\u00f5es. Testar aqui d\u00e1 \u00e0s empresas uma vantagem inicial na prepara\u00e7\u00e3o para mercados internacionais.<\/span><\/p>\n\n\n\n<h2 class=\"wp-block-heading\"><strong>Principais insights obtidos em grupos focais<\/strong><\/h2>\n\n\n\n<figure class=\"gb-block-image gb-block-image-f033a0a5\"><img loading=\"lazy\" decoding=\"async\" width=\"1456\" height=\"816\" class=\"gb-image gb-image-f033a0a5\" src=\"https:\/\/www.sisinternational.com\/wp-content\/uploads\/2025\/09\/Focus-group-4-3.jpg\" alt=\"Pesquisa e Estrat\u00e9gia de Mercado Internacional da SIS\" title=\"Focus group 4 (3)\" srcset=\"https:\/\/www.sisinternational.com\/wp-content\/uploads\/2025\/09\/Focus-group-4-3.jpg 1456w, https:\/\/www.sisinternational.com\/wp-content\/uploads\/2025\/09\/Focus-group-4-3-300x168.jpg 300w, https:\/\/www.sisinternational.com\/wp-content\/uploads\/2025\/09\/Focus-group-4-3-1024x574.jpg 1024w, https:\/\/www.sisinternational.com\/wp-content\/uploads\/2025\/09\/Focus-group-4-3-768x430.jpg 768w, https:\/\/www.sisinternational.com\/wp-content\/uploads\/2025\/09\/Focus-group-4-3-18x10.jpg 18w\" sizes=\"auto, (max-width: 1456px) 100vw, 1456px\"><\/figure>\n\n\n\n<p><\/p>\n\n\n\n<p><span style=\"font-weight: 400;\">Focus groups offer a deeper understanding of consumer behaviors, expectations, and emotional connections to products. Here are the primary types of insights gained through <a href=\"https:\/\/www.sisinternational.com\/pt\/solucoes\/grupos-de-foco\/grupos-de-foco-de-nyc-para-testar-produtos-para-idosos\/\" title=\"Aproveitando os grupos de foco de Nova York para testar produtos para idosos \u00a0\"  data-wpil-monitor-id=\"1865\">focus groups for taste testing<\/a> in New York:<\/span><\/p>\n\n\n\n<ul class=\"wp-block-list\">\n<li><b>Prefer\u00eancias de sabor e textura: <\/b><span style=\"font-weight: 400;\">Os participantes fornecem feedback detalhado sobre perfis de sabor, textura e experi\u00eancias gerais de sabor.&nbsp;<\/span><\/li>\n\n\n\n<li><b>Influ\u00eancias culturais e emocionais: <\/b><span style=\"font-weight: 400;\">Os grupos focais revelam como as origens culturais, as experi\u00eancias pessoais e as emo\u00e7\u00f5es influenciam as prefer\u00eancias de gosto.&nbsp;<\/span><\/li>\n\n\n\n<li><b>Necessidades n\u00e3o atendidas e lacunas de mercado: <\/b><span style=\"font-weight: 400;\">As discuss\u00f5es geralmente revelam necessidades n\u00e3o atendidas ou insatisfa\u00e7\u00e3o com as ofertas atuais do mercado.&nbsp;<\/span><\/li>\n\n\n\n<li><b>Rea\u00e7\u00f5es \u00e0s varia\u00e7\u00f5es do produto: <\/b><span style=\"font-weight: 400;\">Testar diversas varia\u00e7\u00f5es de produtos em uma \u00fanica sess\u00e3o permite que as empresas identifiquem qual vers\u00e3o atrai mais os participantes.&nbsp;<\/span><\/li>\n\n\n\n<li><b>Percep\u00e7\u00f5es de marca e embalagem: <\/b><span style=\"font-weight: 400;\">Incorporar elementos de marca ou embalagens em sess\u00f5es de grupo focal fornece insights sobre como esses fatores influenciam as decis\u00f5es do consumidor.&nbsp;<\/span><\/li>\n\n\n\n<li><b>An\u00e1lise comparativa de produtos: <\/b><span style=\"font-weight: 400;\">As empresas podem identificar seus pontos fortes e fracos comparando um produto com as ofertas dos concorrentes.&nbsp;<\/span><\/li>\n\n\n\n<li><b>Respostas emocionais ao paladar: <\/b><span style=\"font-weight: 400;\">Grupos focais ajudam a capturar respostas emocionais que s\u00e3o dif\u00edceis de quantificar em pesquisas. Frases como \u201creconfortante\u201d, \u201cemocionante\u201d ou \u201crevigorante\u201d fornecem insights qualitativos sobre como um produto ressoa em um n\u00edvel mais profundo.<\/span><\/li>\n<\/ul>\n\n\n\n<h3 class=\"wp-block-heading\"><strong>Localiza\u00e7\u00e3o da instala\u00e7\u00e3o: Cidade de Nova York<\/strong><\/h3>\n\n\n\n<p>\n\n\n\n<iframe loading=\"lazy\" src=\"https:\/\/www.google.com\/maps\/embed?pb=!1m18!1m12!1m3!1d3022.976188376966!2d-73.99130312499956!3d40.740549471389315!2m3!1f0!2f0!3f0!3m2!1i1024!2i768!4f13.1!3m3!1m2!1s0x89c259a15798c731%3A0xd695d09bdd495f25!2s11%20E%2022nd%20St%20FL%202%2C%20New%20York%2C%20NY%2010010%2C%20USA!5e0!3m2!1sen!2spe!4v1726171763526!5m2!1sen!2spe\" width=\"600\" height=\"450\" allowfullscreen=\"allowfullscreen\" data-mce-fragment=\"1\"><\/iframe>\n\n\n\n<\/p>\n\n\n\n<h3 class=\"wp-block-heading\">11 E 22nd Street, 2\u00ba andar, Nova York, NY 10010 T: +1(212) 505-6805<\/h3>\n\n\n\n<p>\n\n\n\n<\/p>\n\n\n\n<h4 class=\"wp-block-heading\"><strong>Destaques da localiza\u00e7\u00e3o:<\/strong><\/h4>\n\n\n\n<p>\n\n\n\n<\/p>\n\n\n\n<ul class=\"wp-block-list\">\n<li>\n<ul class=\"wp-block-list\">\n<li>Flatiron District, em Manhattan, a poucos passos do hist\u00f3rico edif\u00edcio Flatiron e perto do Madison Square Park e da Union Square<\/li>\n<\/ul>\n<\/li>\n<\/ul>\n\n\n\n<p>\n\n\n\n<\/p>\n\n\n\n<ul class=\"wp-block-list\">\n<li>\n<ul class=\"wp-block-list\">\n<li>Centralmente localizado no cora\u00e7\u00e3o da cidade de Nova York, uma importante cidade global e a maior cidade dos Estados Unidos<\/li>\n<\/ul>\n<\/li>\n<\/ul>\n\n\n\n<p>\n\n\n\n<\/p>\n\n\n\n<ul class=\"wp-block-list\">\n<li>\n<ul class=\"wp-block-list\">\n<li>Conveniente para in\u00fameras op\u00e7\u00f5es de transporte<\/li>\n<\/ul>\n<\/li>\n<\/ul>\n\n\n\n<p>\n\n\n\n<\/p>\n\n\n\n<ul class=\"wp-block-list\">\n<li>\n<ul class=\"wp-block-list\">\n<li>Localizado entre a Broadway e a Park Avenue na rua 22, pr\u00f3ximo ao \u201cKey Bank\u201d<\/li>\n<\/ul>\n<\/li>\n<\/ul>\n\n\n\n<p>\n\n\n\n<\/p>\n\n\n\n<ul class=\"wp-block-list\">\n<li>\n<ul class=\"wp-block-list\">\n<li>Trem Broadway Local R \u2013 Esta\u00e7\u00e3o 22\/23<\/li>\n<\/ul>\n<\/li>\n<\/ul>\n\n\n\n<p>\n\n\n\n<\/p>\n\n\n\n<ul class=\"wp-block-list\">\n<li>\n<ul class=\"wp-block-list\">\n<li>Trem local 6 do lado leste - esta\u00e7\u00e3o 23rd e Park Ave<\/li>\n<\/ul>\n<\/li>\n<\/ul>\n\n\n\n<p>\n\n\n\n<\/p>\n\n\n\n<ul class=\"wp-block-list\">\n<li>Trem local 1 do lado oeste \u2013 Esta\u00e7\u00e3o 23\u00aa e 6\u00aa Avenida<\/li>\n<\/ul>\n\n\n\n<h2 class=\"wp-block-heading\"><strong>O que torna a SIS International uma das principais provedoras de grupos focais?<\/strong><\/h2>\n\n\n\n<p><span style=\"font-weight: 400;\"><a href=\"https:\/\/www.linkedin.com\/company\/sisinternationalresearch\/\" target=\"_blank\" rel=\"noopener\">SIS Internacional<\/a> se estabeleceu como l\u00edder confi\u00e1vel na condu\u00e7\u00e3o de grupos focais para testes de sabor em Nova York. Com d\u00e9cadas de experi\u00eancia e um hist\u00f3rico comprovado, a SIS fornece insights e resultados inigual\u00e1veis para empresas que buscam refinar suas ofertas de alimentos e bebidas. Veja por que a SIS se destaca:<\/span><\/p>\n\n\n\n<h3 class=\"wp-block-heading\"><span style=\"font-weight: 400;\">D\u00e9cadas de experi\u00eancia<\/span><\/h3>\n\n\n\n<p><span style=\"font-weight: 400;\">Com mais de 40 anos no setor de pesquisa de mercado, <a href=\"https:\/\/twitter.com\/SISIntlResearch\" target=\"_blank\" rel=\"noopener\">SIS<\/a> aprimorou suas metodologias para fornecer insights precisos e acion\u00e1veis, adaptados \u00e0s necessidades do cliente.<\/span><\/p>\n\n\n\n<h3 class=\"wp-block-heading\"><span style=\"font-weight: 400;\">Instala\u00e7\u00f5es de ponta<\/span><\/h3>\n\n\n\n<p><span style=\"font-weight: 400;\">Our state-of-the-art <a href=\"https:\/\/www.sisinternational.com\/pt\/solucoes\/grupos-de-foco\/grupos-focais-em-nova-york-para-testar-produtos-da-geracao-z\/\" title=\"Aproveitando grupos de foco em Nova York para testar produtos da Gera\u00e7\u00e3o Z\" data-wpil-monitor-id=\"1881\">focus group facilities in New York<\/a> are designed for comfort and efficiency. From modern tasting rooms to advanced recording technology, every detail enhances the research experience.<\/span><\/p>\n\n\n\n<h3 class=\"wp-block-heading\"><span style=\"font-weight: 400;\">Recrutamento de Participantes Incompar\u00e1vel<\/span><\/h3>\n\n\n\n<p><span style=\"font-weight: 400;\"><a href=\"https:\/\/medium.com\/@sisinternational\/sis-international-c17160da8fac\" target=\"_blank\" rel=\"noopener\">SIS<\/a> utiliza uma ampla rede para recrutar participantes diversos e qualificados que refletem seu p\u00fablico-alvo, garantindo insights robustos e representativos.<\/span><\/p>\n\n\n\n<h3 class=\"wp-block-heading\"><span style=\"font-weight: 400;\">Experi\u00eancia diversificada e inclusiva<\/span><\/h3>\n\n\n\n<p><span style=\"font-weight: 400;\">A SIS \u00e9 especializada em trabalhar com a popula\u00e7\u00e3o diversificada de Nova York, capturando as ricas perspectivas que fazem da cidade um campo de testes ideal para novos produtos.<\/span><\/p>\n\n\n\n<h3 class=\"wp-block-heading\"><span style=\"font-weight: 400;\">Moderadores altamente qualificados<\/span><\/h3>\n\n\n\n<p><span style=\"font-weight: 400;\">Nossos moderadores experientes s\u00e3o treinados para promover discuss\u00f5es envolventes, aprofundar as respostas e gerenciar a din\u00e2mica do grupo para obter os insights mais valiosos.<\/span><\/p>\n\n\n\n<h3 class=\"wp-block-heading\"><span style=\"font-weight: 400;\">Solu\u00e7\u00f5es de pesquisa personalizadas<\/span><\/h3>\n\n\n\n<p><span style=\"font-weight: 400;\">N\u00e3o acreditamos em solu\u00e7\u00f5es \u00fanicas. A SIS adapta cada projeto de grupo focal para alinh\u00e1-lo aos seus objetivos espec\u00edficos, seja para refinar uma receita ou explorar novas oportunidades de mercado.<\/span><\/p>\n\n\n\n<h3 class=\"wp-block-heading\"><span style=\"font-weight: 400;\">Acessibilidade sem compromisso<\/span><\/h3>\n\n\n\n<p><span style=\"font-weight: 400;\">Apesar de oferecer servi\u00e7os premium, garantimos solu\u00e7\u00f5es econ\u00f4micas que proporcionam valor excepcional para empresas de todos os tamanhos.<\/span><\/p>\n\n\n\n<h3 class=\"wp-block-heading\"><span style=\"font-weight: 400;\">Localiza\u00e7\u00e3o estrat\u00e9gica<\/span><\/h3>\n\n\n\n<p><span style=\"font-weight: 400;\">Situadas no cora\u00e7\u00e3o de Nova York, nossas instala\u00e7\u00f5es s\u00e3o facilmente acess\u00edveis a participantes de todos os bairros e \u00e1reas vizinhas, maximizando a conveni\u00eancia e as taxas de participa\u00e7\u00e3o.<\/span><\/p>\n\n\n\n<h3 class=\"wp-block-heading\"><span style=\"font-weight: 400;\">An\u00e1lise e relat\u00f3rios abrangentes<\/span><\/h3>\n\n\n\n<p><span style=\"font-weight: 400;\">O SIS n\u00e3o apenas coleta dados \u2014 n\u00f3s os transformamos em insights acion\u00e1veis. Nossos relat\u00f3rios detalhados destacam as principais descobertas e oferecem recomenda\u00e7\u00f5es estrat\u00e9gicas para orientar decis\u00f5es.<\/span><\/p>\n\n\n\n<h3 class=\"wp-block-heading\"><span style=\"font-weight: 400;\">Confi\u00e1vel pelas principais marcas do mundo<\/span><\/h3>\n\n\n\n<p><span style=\"font-weight: 400;\">De startups a corpora\u00e7\u00f5es globais, empresas l\u00edderes confiam na SIS International para fornecer os insights necess\u00e1rios para ter sucesso em mercados competitivos.<\/span><\/p>\n\n\n\n<h2 class=\"wp-block-heading\"><strong>Sobre SIS Internacional<\/strong><\/h2>\n\n\n\n<p><a href=\"https:\/\/www.sisinternational.com\/pt\/\"><span style=\"font-weight: 400;\">SIS Internacional<\/span><\/a><span style=\"font-weight: 400;\"> oferece pesquisa quantitativa, qualitativa e estrat\u00e9gica. Fornecemos dados, ferramentas, estrat\u00e9gias, relat\u00f3rios e insights para a tomada de decis\u00f5es. Tamb\u00e9m realizamos entrevistas, pesquisas, grupos focais e outros m\u00e9todos e abordagens de Pesquisa de Mercado.<\/span><a href=\"https:\/\/www.sisinternational.com\/pt\/sobre-a-sis-international-research\/contact-sis-international-market-research\/\"><span style=\"font-weight: 400;\"> Entre em contato conosco<\/span><\/a><span style=\"font-weight: 400;\"> para o seu pr\u00f3ximo projeto de pesquisa de mercado.<\/span><\/p>\n\n\n\n<hr class=\"wp-block-separator has-alpha-channel-opacity\"\/>\n\n\n\n<p>\n\n\n<\/p>\n<p><!-- \/wp:post-content --><\/p>","protected":false},"excerpt":{"rendered":"<p>Grupos focais para testes de sabor em Nova York Os grupos focais para testes de sabor em Nova York oferecem uma oportunidade incompar\u00e1vel de reunir insights qualitativos e ricos diretamente de p\u00fablicos diversos. Lan\u00e7ar um produto aliment\u00edcio de sucesso requer mais do que apenas bom gosto \u2014 exige um profundo entendimento das prefer\u00eancias do consumidor. \u00c9 aqui que os grupos focais para testes de sabor \u2026 <a title=\"Grupos de foco para testes de sabor em Nova York\" class=\"read-more\" href=\"https:\/\/www.sisinternational.com\/pt\/solucoes\/teste-de-sabor\/grupos-focais-para-testes-de-sabor-em-nova-york\/\" aria-label=\"Read more about Focus Groups for Taste Testing in New York\">Leia mais<\/a><\/p>","protected":false},"author":1,"featured_media":66900,"parent":47794,"menu_order":27,"comment_status":"closed","ping_status":"closed","template":"","meta":{"footnotes":""},"class_list":["post-54178","page","type-page","status-publish","has-post-thumbnail"],"_links":{"self":[{"href":"https:\/\/www.sisinternational.com\/pt\/wp-json\/wp\/v2\/pages\/54178","targetHints":{"allow":["GET"]}}],"collection":[{"href":"https:\/\/www.sisinternational.com\/pt\/wp-json\/wp\/v2\/pages"}],"about":[{"href":"https:\/\/www.sisinternational.com\/pt\/wp-json\/wp\/v2\/types\/page"}],"author":[{"embeddable":true,"href":"https:\/\/www.sisinternational.com\/pt\/wp-json\/wp\/v2\/users\/1"}],"replies":[{"embeddable":true,"href":"https:\/\/www.sisinternational.com\/pt\/wp-json\/wp\/v2\/comments?post=54178"}],"version-history":[{"count":11,"href":"https:\/\/www.sisinternational.com\/pt\/wp-json\/wp\/v2\/pages\/54178\/revisions"}],"predecessor-version":[{"id":80696,"href":"https:\/\/www.sisinternational.com\/pt\/wp-json\/wp\/v2\/pages\/54178\/revisions\/80696"}],"up":[{"embeddable":true,"href":"https:\/\/www.sisinternational.com\/pt\/wp-json\/wp\/v2\/pages\/47794"}],"wp:featuredmedia":[{"embeddable":true,"href":"https:\/\/www.sisinternational.com\/pt\/wp-json\/wp\/v2\/media\/66900"}],"wp:attachment":[{"href":"https:\/\/www.sisinternational.com\/pt\/wp-json\/wp\/v2\/media?parent=54178"}],"curies":[{"name":"wp","href":"https:\/\/api.w.org\/{rel}","templated":true}]}}