{"id":54171,"date":"2024-11-27T01:59:09","date_gmt":"2024-11-27T06:59:09","guid":{"rendered":"https:\/\/www.sisinternational.com\/?page_id=54171"},"modified":"2025-10-22T23:16:53","modified_gmt":"2025-10-23T03:16:53","slug":"instalacoes-de-teste-de-sabor-em-nova-york","status":"publish","type":"page","link":"https:\/\/www.sisinternational.com\/pt\/solucoes\/teste-de-sabor\/instalacoes-de-teste-de-sabor-em-nova-york\/","title":{"rendered":"Instala\u00e7\u00f5es de teste de sabor em Nova York"},"content":{"rendered":"<div class=\"gb-container gb-container-432d1525\">\n\n<h1 class=\"wp-block-heading\">Instala\u00e7\u00f5es de teste de sabor em Nova York<\/h1>\n\n\n\n<figure class=\"gb-block-image gb-block-image-a392500d\"><img loading=\"lazy\" decoding=\"async\" width=\"1456\" height=\"816\" class=\"gb-image gb-image-a392500d\" src=\"https:\/\/www.sisinternational.com\/wp-content\/uploads\/2025\/09\/New-York-12.jpg\" alt=\"Pesquisa e Estrat\u00e9gia de Mercado Internacional da SIS\" title=\"New York (12)\" srcset=\"https:\/\/www.sisinternational.com\/wp-content\/uploads\/2025\/09\/New-York-12.jpg 1456w, https:\/\/www.sisinternational.com\/wp-content\/uploads\/2025\/09\/New-York-12-300x168.jpg 300w, https:\/\/www.sisinternational.com\/wp-content\/uploads\/2025\/09\/New-York-12-1024x574.jpg 1024w, https:\/\/www.sisinternational.com\/wp-content\/uploads\/2025\/09\/New-York-12-768x430.jpg 768w, https:\/\/www.sisinternational.com\/wp-content\/uploads\/2025\/09\/New-York-12-18x10.jpg 18w\" sizes=\"auto, (max-width: 1456px) 100vw, 1456px\"><\/figure>\n\n\n\n<p><\/p>\n\n\n\n<hr class=\"wp-block-separator has-alpha-channel-opacity is-style-dots\"\/>\n\n\n\n<h3 class=\"wp-block-heading\">As instala\u00e7\u00f5es da SIS International, equipadas com ferramentas avan\u00e7adas e contando com especialistas, garantem que cada gosto seja refinado por meio de ci\u00eancia e estrat\u00e9gia de ponta.<\/h3>\n\n\n\n<p>Criar o perfil de sabor perfeito n\u00e3o \u00e9 tarefa f\u00e1cil... \u00c9 por isso que as empresas confiam em instala\u00e7\u00f5es de teste de sabor em Nova York como a SIS International. Nossas instala\u00e7\u00f5es combinam precis\u00e3o, feedback personalizado e tecnologias avan\u00e7adas para refinar produtos, fornecendo insights acion\u00e1veis que ajudam as marcas a lan\u00e7ar com confian\u00e7a.<\/p>\n\n\n\n<p style=\"padding-left: 40px;\"><strong>1. Uma mistura demogr\u00e1fica diversificada<\/strong><\/p>\n<p style=\"padding-left: 40px;\">New York is home to one of the most diverse populations in the world, encompassing a wide range of ethnicities, age groups, and lifestyles. This diversity provides an exceptional opportunity for companies to gather feedback representing a broad spectrum of consumer preferences. Flavor testing facilities in New York can tailor panels to reflect the city\u2019s vibrant makeup, ensuring that <a href=\"https:\/\/www.sisinternational.com\/pt\/publicidade-de-choque-e-marketing-de-choque\/\" title=\"Publicidade de choque e marketing de choque\"  data-wpil-monitor-id=\"10553\">brands<\/a> capture nuanced insights that resonate with niche and mass markets.<\/p>\n\n\n\n<h2 class=\"wp-block-heading\">Por que Nova York \u00e9 o local ideal para testes de sabor<\/h2>\n\n\n\n<p>New York City\u2019s unique cultural, economic, and demographic landscape makes it the ultimate hub for flavor testing. It offers an unmatched environment to <a href=\"https:\/\/www.sisinternational.com\/pt\/claim-research-for-food-and-beverage-taste-tests-validating-your-product-claims\/\" title=\"Claim Research for Food and Beverage Taste Tests: Validating Your Product Claims\"  data-wpil-monitor-id=\"10555\">test and refine food and beverage products<\/a>. Here\u2019s why:<\/p>\n\n\n\n<h2 class=\"wp-block-heading\">Tend\u00eancias emergentes em testes de sabor em Nova York<\/h2>\n\n\n\n<p>O <a href=\"https:\/\/www.sisinternational.com\/pt\/solucoes\/pesquisa-de-mercado-da-industria-de-bebidas-alimenticias\/\" title=\"Pesquisa de mercado do setor de alimentos e bebidas\"  data-wpil-monitor-id=\"10556\">food and beverage industry<\/a> is undergoing rapid transformation \u2013 and flavor testing facilities in New York are at the epicenter of this evolution, helping brands innovate and adapt to meet contemporary demands. These facilities are uniquely positioned to embrace and implement the following trends:<\/p>\n\n\n\n<\/p>\n\n\n\n<h2 class=\"wp-block-heading\">Desafios que as empresas enfrentam sem testes de sabor<\/h2>\n\n\n\n<figure class=\"gb-block-image gb-block-image-719ed25b\"><img loading=\"lazy\" decoding=\"async\" width=\"1456\" height=\"816\" class=\"gb-image gb-image-719ed25b\" src=\"https:\/\/www.sisinternational.com\/wp-content\/uploads\/2025\/08\/Food-taste-testing-14.jpg\" alt=\"Pesquisa e Estrat\u00e9gia de Mercado Internacional da SIS\" title=\"Food taste testing (14)\" srcset=\"https:\/\/www.sisinternational.com\/wp-content\/uploads\/2025\/08\/Food-taste-testing-14.jpg 1456w, https:\/\/www.sisinternational.com\/wp-content\/uploads\/2025\/08\/Food-taste-testing-14-300x168.jpg 300w, https:\/\/www.sisinternational.com\/wp-content\/uploads\/2025\/08\/Food-taste-testing-14-1024x574.jpg 1024w, https:\/\/www.sisinternational.com\/wp-content\/uploads\/2025\/08\/Food-taste-testing-14-768x430.jpg 768w, https:\/\/www.sisinternational.com\/wp-content\/uploads\/2025\/08\/Food-taste-testing-14-18x10.jpg 18w\" sizes=\"auto, (max-width: 1456px) 100vw, 1456px\"><\/figure>\n\n\n\n<p><\/p>\n\n\n\n<p>Pular ou subestimar a import\u00e2ncia do teste de sabor pode resultar em obst\u00e1culos significativos para empresas de alimentos e bebidas. As instala\u00e7\u00f5es de teste de sabor em Nova York fornecem insights cr\u00edticos que podem significar a diferen\u00e7a entre o sucesso ou o fracasso de um produto \u2013 e aqui est\u00e3o alguns dos principais desafios que as empresas enfrentam quando negligenciam esta etapa crucial:<\/p>\n\n\n\n<h3 class=\"wp-block-heading\">Qualidade inconsistente do produto<\/h3>\n\n\n\n<p>Product batches may vary in taste, texture, or aroma without proper testing, leading to inconsistent quality. This inconsistency can damage brand reputation and erode consumer trust, especially in a competitive market like New York. Flavor <a href=\"https:\/\/www.sisinternational.com\/pt\/solucoes\/solucoes-de-branding-e-pesquisa-de-clientes\/pesquisa-de-mercado-para-testes-de-produtos\/\" title=\"Pesquisa de mercado para testes de produtos\"  data-wpil-monitor-id=\"10560\">testing ensures that every product<\/a> meets stringent quality standards before reaching store shelves.<\/p>\n\n\n\n<h3 class=\"wp-block-heading\">M\u00e1 Recep\u00e7\u00e3o do Mercado<\/h3>\n\n\n\n<p>Mesmo as ideias de produtos mais inovadoras podem falhar se n\u00e3o estiverem alinhadas com as prefer\u00eancias do consumidor. O teste de sabor identifica o que funciona e o que n\u00e3o funciona, ajudando as empresas a evitar o lan\u00e7amento de produtos que n\u00e3o agradam ao seu p\u00fablico-alvo.&nbsp;<\/p>\n\n\n\n<h3 class=\"wp-block-heading\">Perdas financeiras devido a recalls de produtos<\/h3>\n\n\n\n<p>Produtos que n\u00e3o atendem \u00e0s expectativas do consumidor s\u00e3o frequentemente retirados do mercado, resultando em recalls dispendiosos, estoque n\u00e3o vendido e relacionamentos danificados com os varejistas. As instala\u00e7\u00f5es de teste de sabor mitigam esses riscos ao detectar problemas potenciais no in\u00edcio do desenvolvimento.<\/p>\n\n\n\n<h3 class=\"wp-block-heading\">Uso ineficiente de recursos<\/h3>\n\n\n\n<p>Lan\u00e7ar um produto sem o teste de sabor adequado pode desperdi\u00e7ar tempo, dinheiro e esfor\u00e7o. Desenvolver e comercializar um produto que n\u00e3o repercute exige que as empresas comecem de novo, atrasando sua capacidade de capturar participa\u00e7\u00e3o de mercado.&nbsp;<\/p>\n\n\n\n<h3 class=\"wp-block-heading\">Decl\u00ednio da lealdade do consumidor<\/h3>\n\n\n\n<p>Se os produtos n\u00e3o atenderem \u00e0s expectativas de sabor, os clientes podem mudar para concorrentes. Sabores consistentes e atraentes s\u00e3o cruciais para manter a fidelidade do cliente a longo prazo, e o teste de sabor \u00e9 fundamental para atingir essa consist\u00eancia.<\/p>\n\n\n\n<h3 class=\"wp-block-heading\">Dificuldade em atender aos padr\u00f5es regulat\u00f3rios<\/h3>\n\n\n\n<p>Mercados espec\u00edficos t\u00eam diretrizes r\u00edgidas quanto a ingredientes, al\u00e9rgenos e conte\u00fado nutricional. Sem testes completos, as empresas podem inadvertidamente produzir produtos que n\u00e3o estejam em conformidade com essas regulamenta\u00e7\u00f5es, levando a potenciais repercuss\u00f5es legais e financeiras.<\/p>\n\n\n\n<h3 class=\"wp-block-heading\"><strong>Localiza\u00e7\u00e3o da instala\u00e7\u00e3o: Cidade de Nova York<\/strong><\/h3>\n\n\n\n<iframe loading=\"lazy\" src=\"https:\/\/www.google.com\/maps\/embed?pb=!1m18!1m12!1m3!1d3022.976188376966!2d-73.99130312499956!3d40.740549471389315!2m3!1f0!2f0!3f0!3m2!1i1024!2i768!4f13.1!3m3!1m2!1s0x89c259a15798c731%3A0xd695d09bdd495f25!2s11%20E%2022nd%20St%20FL%202%2C%20New%20York%2C%20NY%2010010%2C%20USA!5e0!3m2!1sen!2spe!4v1726171763526!5m2!1sen!2spe\" width=\"600\" height=\"450\" allowfullscreen=\"allowfullscreen\" data-mce-fragment=\"1\"><\/iframe>\n\n\n\n<p><\/p>\n\n\n\n<h3 class=\"wp-block-heading\">11 E 22nd Street, 2\u00ba andar, Nova York, NY 10010 T: +1(212) 505-6805<\/h3>\n\n\n\n<h4 class=\"wp-block-heading\"><strong>Destaques da localiza\u00e7\u00e3o:<\/strong><\/h4>\n\n\n\n<ul class=\"wp-block-list\">\n<li>Flatiron District, em Manhattan, a poucos passos do hist\u00f3rico edif\u00edcio Flatiron e perto do Madison Square Park e da Union Square<\/li>\n\n\n\n<li><a href=\"https:\/\/www.sisinternational.com\/pt\/solucoes\/solucoes-de-pesquisa-quantitativa-qualitativa\/testes-de-locais-centrais-na-cidade-de-nova-york\/\" title=\"Testes de locais centrais na cidade de Nova York: benef\u00edcios para testes de produtos\"  data-wpil-monitor-id=\"10557\">Centrally located<\/a> in the heart of New York City, a major global city and the largest city in the United States<\/li>\n\n\n\n<li>Conveniente para in\u00fameras op\u00e7\u00f5es de transporte<\/li>\n\n\n\n<li>Localizado entre a Broadway e a Park Avenue na rua 22, pr\u00f3ximo ao \u201cKey Bank\u201d<\/li>\n\n\n\n<li>Trem Broadway Local R \u2013 Esta\u00e7\u00e3o 22\/23<\/li>\n\n\n\n<li>Trem local 6 do lado leste - esta\u00e7\u00e3o 23rd e Park Ave<\/li>\n\n\n\n<li>Trem local 1 do lado oeste \u2013 Esta\u00e7\u00e3o 23\u00aa e 6\u00aa Avenida<\/li>\n<\/ul>\n\n\n\n<h2 class=\"wp-block-heading\">O que torna a SIS International uma empresa l\u00edder em testes de sabor?<\/h2>\n\n\n\n<p><a href=\"https:\/\/www.linkedin.com\/company\/sisinternationalresearch\/\" target=\"_blank\" rel=\"noopener\">SIS Internacional<\/a> \u00e9 l\u00edder em pesquisa de mercado e testes de sabor h\u00e1 mais de 40 anos, oferecendo uma combina\u00e7\u00e3o \u00fanica de expertise, inova\u00e7\u00e3o e recursos. Nossas instala\u00e7\u00f5es de testes de sabor em Nova York oferecem solu\u00e7\u00f5es abrangentes que ajudam as empresas a ter sucesso em um mercado em constante evolu\u00e7\u00e3o. Aqui est\u00e1 o que nos diferencia:<\/p>\n\n\n\n<p style=\"padding-left: 40px;\"><strong>Expertise em Avalia\u00e7\u00e3o Sensorial de Sabores<\/strong><br \/>Na SIS, somos especialistas em conduzir avalia\u00e7\u00f5es sensoriais abrangentes para avaliar o sabor, aroma, textura e apelo geral dos produtos. Nossa equipe de especialistas usa metodologias avan\u00e7adas e um painel de consumidores treinados para garantir feedback preciso, permitindo que as empresas ajustem seus produtos para atender \u00e0s demandas do mercado.<\/p>\n<p style=\"padding-left: 40px;\"><strong>Tecnologia e instala\u00e7\u00f5es de ponta<\/strong><br \/>Nossas instala\u00e7\u00f5es de \u00faltima gera\u00e7\u00e3o e a mais recente tecnologia de an\u00e1lise sensorial garantem que cada teste que conduzimos seja preciso e confi\u00e1vel. A SIS International usa ferramentas avan\u00e7adas para simular condi\u00e7\u00f5es do mundo real e medir como os consumidores percebem os sabores, permitindo-nos fornecer dados precisos com os quais as empresas podem agir com confian\u00e7a.<\/p>\n<p style=\"padding-left: 40px;\"><strong>Painel de consumidores diversificado e experiente<\/strong><br \/><a href=\"https:\/\/www.sisinternational.com\/pt\/solucoes\/solucoes-de-branding-e-pesquisa-de-clientes\/pesquisa-de-mercado-para-testes-de-produtos\/sis-internationals-teste-de-sabor-de-comida\/\" title=\"O que torna a SIS International Research a TOP empresa de pesquisa de mercado para testes de sabor de alimentos na cidade de Nova York\" data-wpil-monitor-id=\"10558\">SIS International\u2019s access to New York\u2019s<\/a> diverse population allows us to gather feedback from a broad range of consumers. Our panel consists of individuals from various backgrounds, tastes, and preferences, providing insights that reflect the opinions of a wide market.\u00a0<\/p>\n<p style=\"padding-left: 40px;\"><strong>Mais de 40 anos de experi\u00eancia<\/strong><br \/>With over 40 years of <a href=\"https:\/\/www.sisinternational.com\/pt\/pericia\/curriculos-de-experiencia\/curriculo-de-experiencia-em-estudos-de-etnografia\/\" title=\"Experi\u00eancia em pesquisa de mercado em etnografia\" data-wpil-monitor-id=\"10554\">experience in market research<\/a> and flavor testing, SIS has developed a reputation for delivering results that businesses trust. Our long-standing presence in the industry has given us the expertise to handle a variety of flavor testing challenges, providing clients with reliable data to guide their product development processes.<\/p>\n<p style=\"padding-left: 40px;\"><strong>Foco em testes centrados no consumidor<\/strong><br \/>At SIS, our flavor testing services are designed with the consumer in mind. We use data-driven approaches to understand how consumers experience and perceive different flavors, helping brands create <a href=\"https:\/\/www.sisinternational.com\/pt\/73903-2\/\" title=\"Turn Consumer Flavor Preferences Into Winning Products\" data-wpil-monitor-id=\"10559\">products that align with consumer preferences<\/a>.\u00a0<\/p>\n<p style=\"padding-left: 40px;\"><strong>Tempos de resposta r\u00e1pidos e processos eficientes<\/strong><br \/>A SIS entende a import\u00e2ncia da velocidade no ciclo de desenvolvimento de produtos. Nossos processos eficientes e tempos de resposta r\u00e1pidos garantem que as empresas recebam feedback acion\u00e1vel rapidamente, permitindo que fa\u00e7am os ajustes necess\u00e1rios e mantenham seus projetos avan\u00e7ando.<\/p>\n\n\n\n<h2 class=\"wp-block-heading\">Sobre SIS Internacional<\/h2>\n\n\n\n<p><a href=\"https:\/\/www.sisinternational.com\/pt\/\">SIS Internacional<\/a> oferece pesquisa quantitativa, qualitativa e estrat\u00e9gica. Fornecemos dados, ferramentas, estrat\u00e9gias, relat\u00f3rios e insights para a tomada de decis\u00f5es. Tamb\u00e9m realizamos entrevistas, pesquisas, grupos focais e outros m\u00e9todos e abordagens de Pesquisa de Mercado.<a href=\"https:\/\/www.sisinternational.com\/pt\/sobre-a-sis-international-research\/contact-sis-international-market-research\/\"> Entre em contato conosco<\/a> para o seu pr\u00f3ximo projeto de pesquisa de mercado.<\/p>\n\n\n\n<p><\/p>\n\n\n\n<hr class=\"wp-block-separator has-alpha-channel-opacity\"\/>\n\n<\/div>","protected":false},"excerpt":{"rendered":"<p>Flavor Testing Facilities in New York SIS International&#8217;s facilities, equipped with advanced tools and staffed by experts, ensure that every taste is refined through cutting-edge science and strategy. Creating the perfect flavor profile is no easy feat\u2026 That\u2019s why businesses trust flavor testing facilities in New York like SIS International. Our facilities combine precision, tailored &#8230; <a title=\"Instala\u00e7\u00f5es de teste de sabor em Nova York\" class=\"read-more\" href=\"https:\/\/www.sisinternational.com\/pt\/solucoes\/teste-de-sabor\/instalacoes-de-teste-de-sabor-em-nova-york\/\" aria-label=\"Read more about Flavor Testing Facilities in New York\">Leia mais<\/a><\/p>","protected":false},"author":1,"featured_media":66478,"parent":47794,"menu_order":22,"comment_status":"closed","ping_status":"closed","template":"","meta":{"footnotes":""},"class_list":["post-54171","page","type-page","status-publish","has-post-thumbnail"],"_links":{"self":[{"href":"https:\/\/www.sisinternational.com\/pt\/wp-json\/wp\/v2\/pages\/54171","targetHints":{"allow":["GET"]}}],"collection":[{"href":"https:\/\/www.sisinternational.com\/pt\/wp-json\/wp\/v2\/pages"}],"about":[{"href":"https:\/\/www.sisinternational.com\/pt\/wp-json\/wp\/v2\/types\/page"}],"author":[{"embeddable":true,"href":"https:\/\/www.sisinternational.com\/pt\/wp-json\/wp\/v2\/users\/1"}],"replies":[{"embeddable":true,"href":"https:\/\/www.sisinternational.com\/pt\/wp-json\/wp\/v2\/comments?post=54171"}],"version-history":[{"count":13,"href":"https:\/\/www.sisinternational.com\/pt\/wp-json\/wp\/v2\/pages\/54171\/revisions"}],"predecessor-version":[{"id":81733,"href":"https:\/\/www.sisinternational.com\/pt\/wp-json\/wp\/v2\/pages\/54171\/revisions\/81733"}],"up":[{"embeddable":true,"href":"https:\/\/www.sisinternational.com\/pt\/wp-json\/wp\/v2\/pages\/47794"}],"wp:featuredmedia":[{"embeddable":true,"href":"https:\/\/www.sisinternational.com\/pt\/wp-json\/wp\/v2\/media\/66478"}],"wp:attachment":[{"href":"https:\/\/www.sisinternational.com\/pt\/wp-json\/wp\/v2\/media?parent=54171"}],"curies":[{"name":"wp","href":"https:\/\/api.w.org\/{rel}","templated":true}]}}