{"id":54090,"date":"2024-11-20T05:54:28","date_gmt":"2024-11-20T10:54:28","guid":{"rendered":"https:\/\/www.sisinternational.com\/?page_id=54090"},"modified":"2026-03-05T23:14:18","modified_gmt":"2026-03-06T04:14:18","slug":"empresa-lider-global-em-pesquisa-qualitativa","status":"publish","type":"page","link":"https:\/\/www.sisinternational.com\/pt\/solucoes\/solucoes-de-pesquisa-quantitativa-qualitativa\/empresa-lider-global-em-pesquisa-qualitativa\/","title":{"rendered":"Empresa l\u00edder global em pesquisa qualitativa"},"content":{"rendered":"<h1 class=\"wp-block-heading\">Empresa l\u00edder global em pesquisa qualitativa<\/h1>\n\n\n\n<figure class=\"gb-block-image gb-block-image-95f12ab5\"><img decoding=\"async\" class=\"gb-image gb-image-95f12ab5\" src=\"https:\/\/www.sisinternational.com\/wp-content\/uploads\/2025\/07\/How-to-Design-Effective-Surveys-for-Quantitative-Research-1.jpg\" alt=\"How to Design Effective Surveys for Quantitative Research\" title=\"How to Design Effective Surveys for Quantitative Research (1)\"\/><\/figure>\n\n\n\n<p><\/p>\n\n\n\n<h3 class=\"wp-block-heading\">Principal empresa global de pesquisa qualitativa \u2013 Para empresas que operam no mercado global, a parceria com uma das principais empresas globais de pesquisa qualitativa, como a SIS International, garante que elas obtenham os insights necess\u00e1rios para construir conex\u00f5es significativas com os consumidores.<\/h3>\n\n\n\n<p>Como voc\u00ea realmente entende o que impulsiona o comportamento do consumidor em um mercado global? A pesquisa qualitativa \u00e9 a chave para descobrir as emo\u00e7\u00f5es, motiva\u00e7\u00f5es e percep\u00e7\u00f5es por tr\u00e1s das decis\u00f5es do cliente. Como uma das principais empresas globais de pesquisa qualitativa, a SIS International ajuda as empresas a desbloquear esses insights cruciais para moldar estrat\u00e9gias eficazes.<\/p>\n\n\n\n<h2 class=\"wp-block-heading\">Por que a pesquisa de mercado qualitativa \u00e9 t\u00e3o importante no ambiente de neg\u00f3cios global<\/h2>\n\n\n\n<p>Qualitativo <a href=\"https:\/\/www.linkedin.com\/pulse\/how-market-research-enables-growth-ruth-stanat-phekf\/\" target=\"_blank\" rel=\"noopener\">pesquisa de mercado<\/a> \u00e9 essencial para entender o \u201cporqu\u00ea\u201d por tr\u00e1s dos comportamentos, motiva\u00e7\u00f5es e atitudes do consumidor. Ele fornece uma compreens\u00e3o mais rica e matizada das perspectivas do consumidor e da din\u00e2mica do mercado, ajudando as empresas a entender o que os consumidores est\u00e3o fazendo e por que eles fazem certas escolhas, como eles percebem as marcas e quais motivadores emocionais influenciam suas decis\u00f5es.<\/p>\n\n\n\n<p>A <a href=\"https:\/\/www.sisinternational.com\/pt\/empresa-lider-global-em-pesquisa-quantitativa-de-mercado\/\" title=\"Empresa l\u00edder global em pesquisa quantitativa de mercado\" data-wpil-monitor-id=\"1051\">top global qualitative research<\/a> firm, such as SIS International, employs advanced qualitative methodologies to explore these underlying motivations. This type of research involves tools such as in-depth interviews, focus, and online communities to gather insights directly from consumers in their environments, providing a clearer view of their experiences and attitudes.<\/p>\n\n\n\n<p>So, by uncovering what truly matters to customers, <a href=\"https:\/\/www.sisinternational.com\/pt\/pesquisa-em-larga-escala-para-pequenas-empresas\/\" title=\"Pesquisa em larga escala para pequenas empresas\" data-wpil-monitor-id=\"2339\">companies can develop strategies<\/a> that resonate with their target audience on an emotional level. These insights help craft effective messaging, improve product development, and enhance the customer experience.<\/p>\n\n\n\n<h2 class=\"wp-block-heading\">Quais s\u00e3o os servi\u00e7os oferecidos por uma das principais empresas globais de pesquisa qualitativa?<\/h2>\n\n\n\n<figure class=\"gb-block-image gb-block-image-a3af59ad\"><img loading=\"lazy\" decoding=\"async\" width=\"1456\" height=\"816\" class=\"gb-image gb-image-a3af59ad\" src=\"https:\/\/www.sisinternational.com\/wp-content\/uploads\/2025\/09\/Quantitative-research-14.jpg\" alt=\"Pesquisa e Estrat\u00e9gia de Mercado Internacional da SIS\" title=\"Quantitative research (14)\" srcset=\"https:\/\/www.sisinternational.com\/wp-content\/uploads\/2025\/09\/Quantitative-research-14.jpg 1456w, https:\/\/www.sisinternational.com\/wp-content\/uploads\/2025\/09\/Quantitative-research-14-300x168.jpg 300w, https:\/\/www.sisinternational.com\/wp-content\/uploads\/2025\/09\/Quantitative-research-14-1024x574.jpg 1024w, https:\/\/www.sisinternational.com\/wp-content\/uploads\/2025\/09\/Quantitative-research-14-768x430.jpg 768w, https:\/\/www.sisinternational.com\/wp-content\/uploads\/2025\/09\/Quantitative-research-14-18x10.jpg 18w\" sizes=\"auto, (max-width: 1456px) 100vw, 1456px\"><\/figure>\n\n\n\n<p><\/p>\n\n\n\n<p>Um dos principais servi\u00e7os s\u00e3o as entrevistas em profundidade, onde pesquisadores conduzem discuss\u00f5es individuais com consumidores para explorar seus pensamentos, sentimentos e motiva\u00e7\u00f5es em detalhes. Este m\u00e9todo \u00e9 particularmente \u00fatil para entender processos complexos de tomada de decis\u00e3o e descobrir emo\u00e7\u00f5es ocultas que influenciam o comportamento do consumidor.<\/p>\n\n\n\n<p>Outra oferta importante s\u00e3o os grupos focais. Os grupos focais permitem que os pesquisadores observem a din\u00e2mica do grupo e identifiquem temas comuns, perspectivas diferentes e os gatilhos emocionais que impulsionam o comportamento. Essa abordagem ajuda as empresas a entender como os consumidores percebem seus produtos e servi\u00e7os e como podem melhor\u00e1-los para atender melhor \u00e0s necessidades dos clientes.<\/p>\n\n\n\n<h2 class=\"wp-block-heading\">A import\u00e2ncia das nuances regionais no desenvolvimento de estrat\u00e9gias<\/h2>\n\n\n\n<p>Understanding regional nuances is crucial for developing effective market entry strategies, product positioning, and marketing campaigns. A <a href=\"https:\/\/www.sisinternational.com\/pt\/top-5-benefits-of-qualitative-market-research-for-businesses\/\" title=\"Top 5 Benefits of Qualitative Market Research for Businesses\" data-wpil-monitor-id=\"1848\">top global qualitative research<\/a> firm like SIS International helps businesses identify the cultural, economic, and social factors that impact consumer behavior in each region.<\/p>\n\n\n\n<p>Entender as nuances regionais \u00e9 essencial para o sucesso ao lan\u00e7ar um novo produto, reformular a marca ou entrar em um novo mercado. A expertise da SIS International em capturar essas nuances permite que as empresas tomem decis\u00f5es informadas, criem campanhas culturalmente relevantes e construam relacionamentos duradouros com consumidores em diferentes mercados.<\/p>\n\n\n\n<h2 class=\"wp-block-heading\">Ent\u00e3o\u2026 Quais s\u00e3o os benef\u00edcios de trabalhar com uma das principais empresas globais de pesquisa qualitativa?<\/h2>\n\n\n\n<p>Working with a <a href=\"https:\/\/www.sisinternational.com\/pt\/solucoes\/legal-market-research\/mock-jury-market-research-3\/\" title=\"Melhor empresa de pesquisa de mercado de j\u00fari simulado\" data-wpil-monitor-id=\"928\">top global qualitative research<\/a> firm provides businesses many benefits beyond traditional market analysis. These firms offer deep, contextually rich insights that help businesses create meaningful connections with consumers and make informed strategic decisions.<\/p>\n\n\n<div class=\"wp-block-image\">\n<figure class=\"aligncenter size-full\"><img loading=\"lazy\" decoding=\"async\" width=\"792\" height=\"445\" src=\"https:\/\/www.sisinternational.com\/wp-content\/uploads\/2024\/11\/Top-Global-Qualitative-Research-Company.png\" alt=\"Pesquisa e Estrat\u00e9gia de Mercado Internacional da SIS\" class=\"wp-image-54091\" srcset=\"https:\/\/www.sisinternational.com\/wp-content\/uploads\/2024\/11\/Top-Global-Qualitative-Research-Company.png 792w, https:\/\/www.sisinternational.com\/wp-content\/uploads\/2024\/11\/Top-Global-Qualitative-Research-Company-300x169.png 300w, https:\/\/www.sisinternational.com\/wp-content\/uploads\/2024\/11\/Top-Global-Qualitative-Research-Company-768x432.png 768w, https:\/\/www.sisinternational.com\/wp-content\/uploads\/2024\/11\/Top-Global-Qualitative-Research-Company-18x10.png 18w\" sizes=\"auto, (max-width: 792px) 100vw, 792px\" \/><\/figure>\n<\/div>\n\n\n<p><\/p>\n\n\n\n<ul class=\"wp-block-list\">\n<li><strong>Compreens\u00e3o profunda do consumidor:<\/strong> Obtenha insights sobre as emo\u00e7\u00f5es, motiva\u00e7\u00f5es e atitudes que impulsionam o comportamento do consumidor.<\/li>\n\n\n\n<li><strong>Sensibilidade cultural e localiza\u00e7\u00e3o:<\/strong> Desenvolva estrat\u00e9gias culturalmente relevantes entendendo os fatores sociais e culturais \u00fanicos que influenciam as prefer\u00eancias do consumidor.<\/li>\n\n\n\n<li><strong>Desenvolvimento aprimorado de produtos:<\/strong> Use o feedback do consumidor para informar o desenvolvimento do produto, garantindo que as ofertas atendam \u00e0s necessidades e expectativas do p\u00fablico-alvo.<\/li>\n\n\n\n<li><strong>Melhoria na mensagem da marca:<\/strong> Crie mensagens atraentes que gerem identifica\u00e7\u00e3o com os consumidores, entendendo o que realmente importa para eles.<\/li>\n\n\n\n<li><strong>Melhor experi\u00eancia do cliente:<\/strong> Mapeie a jornada do cliente para identificar pontos problem\u00e1ticos e \u00e1reas de melhoria, resultando em uma experi\u00eancia mais satisfat\u00f3ria para o cliente.<\/li>\n\n\n\n<li><strong>Entrada estrat\u00e9gica no mercado:<\/strong> Navegue por novos mercados com confian\u00e7a, entendendo as nuances regionais e as expectativas dos consumidores.<\/li>\n<\/ul>\n\n\n\n<h2 class=\"wp-block-heading\">Como a pesquisa qualitativa impulsiona a inova\u00e7\u00e3o e as decis\u00f5es estrat\u00e9gicas<\/h2>\n\n\n\n<p>A pesquisa qualitativa \u00e9 um impulsionador crucial da inova\u00e7\u00e3o e da tomada de decis\u00f5es estrat\u00e9gicas, pois revela insights profundos e baseados em narrativas que ajudam as empresas a entender seus clientes em um n\u00edvel pessoal.<\/p>\n\n\n\n<h3 class=\"wp-block-heading\">Identificando as necessidades do consumidor e as lacunas do mercado<\/h3>\n\n\n\n<p>A pesquisa qualitativa \u00e9 crucial para identificar necessidades n\u00e3o atendidas do consumidor e lacunas de mercado. Esses insights ajudam as empresas a identificar oportunidades de inova\u00e7\u00e3o e desenvolver produtos que abordem pontos problem\u00e1ticos espec\u00edficos, criando valor tanto para o neg\u00f3cio quanto para o consumidor.<\/p>\n\n\n\n<p>For instance, a <a href=\"https:\/\/www.sisinternational.com\/pt\/pericia\/curriculos-de-experiencia\/pesquisa-de-marca\/\" title=\"Empresa de pesquisa de marca\" data-wpil-monitor-id=\"6301\">company might use ethnographic research<\/a> to observe how consumers use a particular product daily. This type of research can reveal usability issues, unmet needs, or opportunities for improvement that may not be apparent through quantitative data alone.&nbsp;<\/p>\n\n\n\n<h3 class=\"wp-block-heading\">Impulsionando a inova\u00e7\u00e3o de produtos e servi\u00e7os<\/h3>\n\n\n\n<p><a href=\"https:\/\/www.sisinternational.com\/pt\/sampling-techniques-in-qualitative-research-the-complete-guide-to-choosing-the-right-method\/\" title=\"Sampling Techniques in Qualitative Research: The Complete Guide to Choosing the Right Method\" data-wpil-monitor-id=\"1471\">Qualitative research guides<\/a> the product development process, from ideation to launch. It involves consumers in concept testing and co-creation workshops, businesses can gather valuable feedback that informs the design and functionality of new products. This collaborative approach ensures that products are designed with the end-user in mind, increasing the likelihood of market success.<\/p>\n\n\n\n<h3 class=\"wp-block-heading\">Apoiando decis\u00f5es estrat\u00e9gicas de neg\u00f3cios<\/h3>\n\n\n\n<p>Al\u00e9m do desenvolvimento de produtos, a pesquisa qualitativa fornece os insights necess\u00e1rios para tomar decis\u00f5es estrat\u00e9gicas de neg\u00f3cios. Seja entrando em um novo mercado, reformulando a marca ou lan\u00e7ando uma nova campanha de marketing, a pesquisa qualitativa ajuda as empresas a entender o contexto em que operam.&nbsp;<\/p>\n\n\n\n<h2 class=\"wp-block-heading\">O que torna a SIS International uma empresa l\u00edder global em pesquisa qualitativa<\/h2>\n\n\n\n<p><a href=\"https:\/\/www.linkedin.com\/company\/sisinternationalresearch\/\" target=\"_blank\" rel=\"noopener\">SIS Internacional<\/a> \u00e9 classificada como uma das principais empresas globais de pesquisa qualitativa devido \u00e0 sua abordagem \u00fanica, expertise global e comprometimento em fornecer insights acion\u00e1veis. Nossa capacidade de entender as complexidades do comportamento do consumidor e traduzi-las em oportunidades estrat\u00e9gicas nos torna um parceiro confi\u00e1vel para empresas que buscam ter sucesso em um mercado global cada vez mais complexo.<\/p>\n\n\n\n<ul class=\"wp-block-list\">\n<li><strong>Tailored <\/strong><a href=\"https:\/\/www.sisinternational.com\/pt\/solucoes\/solucoes-de-pesquisa-quantitativa-qualitativa\/quando-usar-pesquisa-qualitativa\/\" title=\"Quando usar pesquisa qualitativa?\" data-wpil-monitor-id=\"1516\">Qualitative Methodologies: We design our research<\/a> to meet each client&#8217;s needs, ensuring our insights are meaningful and actionable.<\/li>\n\n\n\n<li><strong>Experi\u00eancia global e local:<\/strong> Nossa equipe de pesquisadores experientes fornece perspectiva global e insights locais, ajudando empresas a navegar pelas nuances de diferentes mercados.<\/li>\n\n\n\n<li><strong>Insights avan\u00e7ados sobre o consumidor:<\/strong> <a href=\"https:\/\/medium.com\/@sisinternational\/sis-international-c17160da8fac\" target=\"_blank\" rel=\"noopener\">SIS<\/a> usa t\u00e9cnicas qualitativas avan\u00e7adas para descobrir as emo\u00e7\u00f5es, motiva\u00e7\u00f5es e atitudes que impulsionam o comportamento do consumidor, proporcionando aos clientes uma compreens\u00e3o mais profunda de seu p\u00fablico.<\/li>\n\n\n\n<li><strong>Abordagem colaborativa:<\/strong> Colaboramos com nossos clientes durante todo o processo de pesquisa, garantindo que os insights coletados estejam alinhados com seus objetivos estrat\u00e9gicos.<\/li>\n\n\n\n<li><strong>Compreens\u00e3o abrangente do mercado:<\/strong> Do mapeamento da jornada do cliente aos estudos de percep\u00e7\u00e3o da marca, oferecemos uma vis\u00e3o completa do cen\u00e1rio de mercado, permitindo que nossos clientes tomem decis\u00f5es estrat\u00e9gicas informadas.<\/li>\n\n\n\n<li><strong>Solu\u00e7\u00f5es de Pesquisa Inovadoras:<\/strong> Nosso compromisso com a inova\u00e7\u00e3o significa que usamos as ferramentas e tecnologias mais recentes para fornecer insights de alta qualidade que ajudam nossos clientes a se manterem \u00e0 frente da concorr\u00eancia.<\/li>\n<\/ul>\n\n\n\n<h2 class=\"wp-block-heading\">Sobre SIS Internacional<\/h2>\n\n\n\n<p><a href=\"https:\/\/www.sisinternational.com\/pt\/\">SIS Internacional<\/a> oferece pesquisa quantitativa, qualitativa e estrat\u00e9gica. Fornecemos dados, ferramentas, estrat\u00e9gias, relat\u00f3rios e insights para a tomada de decis\u00f5es. Tamb\u00e9m realizamos entrevistas, pesquisas, grupos focais e outros m\u00e9todos e abordagens de Pesquisa de Mercado.<a href=\"https:\/\/www.sisinternational.com\/pt\/sobre-a-sis-international-research\/contact-sis-international-market-research\/\"> Entre em contato conosco<\/a> para o seu pr\u00f3ximo projeto de pesquisa de mercado.<\/p>\n\n\n\n<hr class=\"wp-block-separator has-alpha-channel-opacity\"\/>\n\n\n\n<p><\/p>","protected":false},"excerpt":{"rendered":"<p>Top Global Qualitative Research Company Top Global Qualitative Research Company &#8211; For businesses operating in the global market, partnering with a top global qualitative research firm like SIS International ensures they gain the insights needed to build meaningful consumer connections. How do you truly understand what drives consumer behavior in a global marketplace? Qualitative research &#8230; <a title=\"Empresa l\u00edder global em pesquisa qualitativa\" class=\"read-more\" href=\"https:\/\/www.sisinternational.com\/pt\/solucoes\/solucoes-de-pesquisa-quantitativa-qualitativa\/empresa-lider-global-em-pesquisa-qualitativa\/\" aria-label=\"Read more about Top Global Qualitative Research Company\">Leia mais<\/a><\/p>","protected":false},"author":1,"featured_media":0,"parent":14660,"menu_order":59,"comment_status":"closed","ping_status":"closed","template":"","meta":{"footnotes":""},"class_list":["post-54090","page","type-page","status-publish"],"_links":{"self":[{"href":"https:\/\/www.sisinternational.com\/pt\/wp-json\/wp\/v2\/pages\/54090","targetHints":{"allow":["GET"]}}],"collection":[{"href":"https:\/\/www.sisinternational.com\/pt\/wp-json\/wp\/v2\/pages"}],"about":[{"href":"https:\/\/www.sisinternational.com\/pt\/wp-json\/wp\/v2\/types\/page"}],"author":[{"embeddable":true,"href":"https:\/\/www.sisinternational.com\/pt\/wp-json\/wp\/v2\/users\/1"}],"replies":[{"embeddable":true,"href":"https:\/\/www.sisinternational.com\/pt\/wp-json\/wp\/v2\/comments?post=54090"}],"version-history":[{"count":12,"href":"https:\/\/www.sisinternational.com\/pt\/wp-json\/wp\/v2\/pages\/54090\/revisions"}],"predecessor-version":[{"id":79884,"href":"https:\/\/www.sisinternational.com\/pt\/wp-json\/wp\/v2\/pages\/54090\/revisions\/79884"}],"up":[{"embeddable":true,"href":"https:\/\/www.sisinternational.com\/pt\/wp-json\/wp\/v2\/pages\/14660"}],"wp:attachment":[{"href":"https:\/\/www.sisinternational.com\/pt\/wp-json\/wp\/v2\/media?parent=54090"}],"curies":[{"name":"wp","href":"https:\/\/api.w.org\/{rel}","templated":true}]}}