{"id":54074,"date":"2024-11-14T05:18:04","date_gmt":"2024-11-14T10:18:04","guid":{"rendered":"https:\/\/www.sisinternational.com\/?page_id=54074"},"modified":"2026-03-25T01:00:39","modified_gmt":"2026-03-25T05:00:39","slug":"empresa-de-benchmarking-de-maior-concorrente","status":"publish","type":"page","link":"https:\/\/www.sisinternational.com\/pt\/solucoes\/consultoria-estrategica\/empresa-de-benchmarking-de-maior-concorrente\/","title":{"rendered":"Empresa de Benchmarking de Melhor Concorrente"},"content":{"rendered":"<h1 class=\"wp-block-heading\">Empresa de Benchmarking de Melhor Concorrente<\/h1>\n\n\n\n<figure class=\"gb-block-image gb-block-image-bc59f4fd\"><img loading=\"lazy\" decoding=\"async\" width=\"1456\" height=\"816\" class=\"gb-image gb-image-bc59f4fd\" src=\"https:\/\/www.sisinternational.com\/wp-content\/uploads\/2025\/09\/Research-17.jpg\" alt=\"Pesquisa e Estrat\u00e9gia de Mercado Internacional da SIS\" title=\"Research (17)\" srcset=\"https:\/\/www.sisinternational.com\/wp-content\/uploads\/2025\/09\/Research-17.jpg 1456w, https:\/\/www.sisinternational.com\/wp-content\/uploads\/2025\/09\/Research-17-300x168.jpg 300w, https:\/\/www.sisinternational.com\/wp-content\/uploads\/2025\/09\/Research-17-1024x574.jpg 1024w, https:\/\/www.sisinternational.com\/wp-content\/uploads\/2025\/09\/Research-17-768x430.jpg 768w, https:\/\/www.sisinternational.com\/wp-content\/uploads\/2025\/09\/Research-17-18x10.jpg 18w\" sizes=\"auto, (max-width: 1456px) 100vw, 1456px\"><\/figure>\n\n\n\n<p><\/p>\n\n\n\n<h3 class=\"wp-block-heading\">Trabalhar com uma empresa de benchmarking de concorrentes de ponta como a SIS International pode ajudar voc\u00ea a identificar oportunidades de crescimento, melhoria de efici\u00eancia e maior satisfa\u00e7\u00e3o do cliente.<\/h3>\n\n\n\n<p>Como sua empresa pode se manter \u00e0 frente no cen\u00e1rio competitivo de hoje? O benchmarking de concorrentes \u00e9 a chave para desbloquear insights sobre o desempenho do setor, os pontos fortes dos concorrentes e as \u00e1reas em que sua empresa pode ganhar vantagem. A parceria com uma empresa de benchmarking de concorrentes de ponta d\u00e1 \u00e0s empresas as ferramentas e insights baseados em dados para aprimorar a tomada de decis\u00f5es estrat\u00e9gicas e manter a competitividade.<\/p>\n\n\n\n<h2 class=\"wp-block-heading\">O que \u00e9 benchmarking de concorrentes?<\/h2>\n\n\n\n<p>O benchmarking de concorrentes permite que as empresas avaliem seu desempenho em rela\u00e7\u00e3o aos principais participantes do setor. As empresas podem obter insights que impulsionam melhorias e inova\u00e7\u00e3o ao entender o que os concorrentes est\u00e3o fazendo bem e onde podem ficar aqu\u00e9m. Esse processo ajuda as empresas a identificar as melhores pr\u00e1ticas, entender sua posi\u00e7\u00e3o competitiva e reconhecer \u00e1reas para melhoria.<\/p>\n\n\n\n<p>A <a href=\"https:\/\/www.sisinternational.com\/pt\/melhor-empresa-de-analise-da-industria-em-ny\/\" title=\"Melhor empresa de an\u00e1lise da ind\u00fastria em NY\"  data-wpil-monitor-id=\"1128\">empresa de benchmarking de maior concorrente<\/a> utilizes various metrics such as financial performance, customer satisfaction, operational efficiency, and marketing effectiveness, to analyze competitors&#8217; strengths and weaknesses.&nbsp;<\/p>\n\n\n\n<h2 class=\"wp-block-heading\">Principais benef\u00edcios do benchmarking de concorrentes<\/h2>\n\n\n\n<figure class=\"gb-block-image gb-block-image-5755d0dc\"><img loading=\"lazy\" decoding=\"async\" width=\"1456\" height=\"816\" class=\"gb-image gb-image-5755d0dc\" src=\"https:\/\/www.sisinternational.com\/wp-content\/uploads\/2025\/09\/Research-4.jpg\" alt=\"Pesquisa e Estrat\u00e9gia de Mercado Internacional da SIS\" title=\"Research (4)\" srcset=\"https:\/\/www.sisinternational.com\/wp-content\/uploads\/2025\/09\/Research-4.jpg 1456w, https:\/\/www.sisinternational.com\/wp-content\/uploads\/2025\/09\/Research-4-300x168.jpg 300w, https:\/\/www.sisinternational.com\/wp-content\/uploads\/2025\/09\/Research-4-1024x574.jpg 1024w, https:\/\/www.sisinternational.com\/wp-content\/uploads\/2025\/09\/Research-4-768x430.jpg 768w, https:\/\/www.sisinternational.com\/wp-content\/uploads\/2025\/09\/Research-4-18x10.jpg 18w\" sizes=\"auto, (max-width: 1456px) 100vw, 1456px\"><\/figure>\n\n\n\n<p><\/p>\n\n\n\n<p>A parceria com uma empresa de benchmarking de concorrentes importantes oferece v\u00e1rios benef\u00edcios que podem impactar significativamente o crescimento e o sucesso do neg\u00f3cio:<\/p>\n\n\n\n<ul class=\"wp-block-list\">\n<li><strong>Identificando as melhores pr\u00e1ticas<\/strong>:Ao analisar as estrat\u00e9gias e pr\u00e1ticas dos principais concorrentes, as empresas podem determinar o que funciona bem no setor e adotar abordagens semelhantes para melhorar seu desempenho.<\/li>\n\n\n\n<li><strong>Descobrindo oportunidades de melhoria<\/strong>: O benchmarking de concorrentes destaca \u00e1reas onde uma empresa pode falhar em compara\u00e7\u00e3o com seus concorrentes. Esses insights permitem que as empresas fa\u00e7am ajustes estrat\u00e9gicos e melhorem a efici\u00eancia.<\/li>\n\n\n\n<li><strong>Tomada de decis\u00e3o aprimorada<\/strong>: Com acesso a dados detalhados dos concorrentes, as empresas podem tomar decis\u00f5es mais informadas sobre desenvolvimento de produtos, estrat\u00e9gias de marketing, pre\u00e7os e atendimento ao cliente.<\/li>\n\n\n\n<li><strong>Fortalecendo a posi\u00e7\u00e3o competitiva<\/strong>: Entender os pontos fortes e fracos dos seus concorrentes permite que voc\u00ea crie estrat\u00e9gias que capitalizem as vulnerabilidades deles e, ao mesmo tempo, desenvolvam seus pontos fortes.<\/li>\n\n\n\n<li><strong>Impulsionando a inova\u00e7\u00e3o<\/strong>: O benchmarking de concorrentes incentiva a inova\u00e7\u00e3o ao identificar lacunas no mercado ou \u00e1reas onde os concorrentes podem n\u00e3o atender totalmente \u00e0s necessidades do cliente. Isso fornece oportunidades para desenvolver novos produtos ou servi\u00e7os que abordem essas lacunas.<\/li>\n<\/ul>\n\n\n\n<h2 class=\"wp-block-heading\">Servi\u00e7os oferecidos pelas principais empresas de benchmarking de concorrentes<\/h2>\n\n\n\n<p><a href=\"https:\/\/www.sisinternational.com\/pt\/empresa-lider-em-inteligencia-competitiva\/\" title=\"Melhor empresa de intelig\u00eancia competitiva\"  data-wpil-monitor-id=\"1257\">Top competitor benchmarking companies<\/a> like SIS provide a wide range of services that allow businesses to thoroughly understand their competitive landscape. These services offer actionable insights that enhance strategic planning, optimize operations, and improve customer experiences. The key services provided include:<\/p>\n\n\n\n<p>As principais empresas de benchmarking de concorrentes oferecem uma ampla gama de servi\u00e7os para ajudar as empresas a obter insights valiosos sobre seu cen\u00e1rio competitivo. Esses servi\u00e7os incluem:<\/p>\n\n\n\n<ul class=\"wp-block-list\">\n<li><strong>An\u00e1lise de M\u00e9tricas de Desempenho<\/strong>: Avaliar indicadores-chave de desempenho (KPIs), como crescimento de receita, margens de lucro e participa\u00e7\u00e3o de mercado, para entender como sua empresa se compara aos concorrentes.<\/li>\n\n\n\n<li><strong>Benchmarking de experi\u00eancia do cliente<\/strong>: Analisar feedback do cliente, pontua\u00e7\u00f5es de satisfa\u00e7\u00e3o e m\u00e9tricas de fidelidade para entender como os clientes percebem seus concorrentes e identificar \u00e1reas de melhoria.<\/li>\n\n\n\n<li><strong>Avalia\u00e7\u00e3o de Efici\u00eancia Operacional<\/strong>: Comparar processos operacionais, custos de produ\u00e7\u00e3o e utiliza\u00e7\u00e3o de recursos para identificar oportunidades de melhoria da efici\u00eancia e redu\u00e7\u00e3o de custos.<\/li>\n\n\n\n<li><strong>Benchmarking de Estrat\u00e9gia de Marketing e Vendas<\/strong>: Avaliar campanhas de marketing, estrat\u00e9gias de vendas e modelos de pre\u00e7os dos concorrentes para identificar t\u00e1ticas eficazes e \u00e1reas onde sua empresa pode se diferenciar.<\/li>\n\n\n\n<li><strong>Compara\u00e7\u00e3o de produtos e servi\u00e7os<\/strong>: Analisar os recursos, pre\u00e7os e qualidade dos produtos e servi\u00e7os dos concorrentes para determinar como suas ofertas se comparam e identificar \u00e1reas de melhoria.<\/li>\n<\/ul>\n\n\n\n<h2 class=\"wp-block-heading\">Como o Benchmarking de Concorrentes Informa a Tomada de Decis\u00f5es Estrat\u00e9gicas<\/h2>\n\n\n\n<p>Ao comparar desempenho, processos e percep\u00e7\u00f5es do cliente com os dos principais concorrentes, as empresas ganham insights que informam uma ampla gama de escolhas estrat\u00e9gicas, do desenvolvimento de produtos \u00e0 precifica\u00e7\u00e3o. Veja como o benchmarking de concorrentes informa diretamente a tomada de decis\u00f5es estrat\u00e9gicas.<\/p>\n\n\n\n<p><\/p>\n\n\n<div class=\"wp-block-image\">\n<figure class=\"aligncenter size-full\"><img loading=\"lazy\" decoding=\"async\" width=\"655\" height=\"457\" src=\"https:\/\/www.sisinternational.com\/wp-content\/uploads\/2024\/11\/Top-Competitor-Benchmarking-Company.png\" alt=\"Pesquisa e Estrat\u00e9gia de Mercado Internacional da SIS\" class=\"wp-image-54075\" srcset=\"https:\/\/www.sisinternational.com\/wp-content\/uploads\/2024\/11\/Top-Competitor-Benchmarking-Company.png 655w, https:\/\/www.sisinternational.com\/wp-content\/uploads\/2024\/11\/Top-Competitor-Benchmarking-Company-300x209.png 300w, https:\/\/www.sisinternational.com\/wp-content\/uploads\/2024\/11\/Top-Competitor-Benchmarking-Company-18x12.png 18w\" sizes=\"auto, (max-width: 655px) 100vw, 655px\" \/><\/figure>\n<\/div>\n\n\n<p><\/p>\n\n\n\n<p><strong>Orientando o desenvolvimento e a inova\u00e7\u00e3o de produtos<\/strong><strong><br><\/strong>O benchmarking de concorrentes fornece uma vis\u00e3o detalhada dos recursos, tecnologias e inova\u00e7\u00f5es que impulsionam o sucesso do mercado. Ao analisar as ofertas de produtos dos concorrentes, as empresas podem identificar quais recursos ou benef\u00edcios s\u00e3o mais valorizados pelos clientes e onde existem lacunas ou oportunidades de diferencia\u00e7\u00e3o. Por exemplo, se o benchmarking revelar que os concorrentes se concentram em materiais ecol\u00f3gicos ou solu\u00e7\u00f5es personaliz\u00e1veis, uma empresa pode incorporar esses recursos para apelar \u00e0s prefer\u00eancias em evolu\u00e7\u00e3o dos clientes.&nbsp;<\/p>\n\n\n\n<p><strong>Moldando a estrat\u00e9gia de pre\u00e7os para vantagem competitiva<\/strong><strong><br><\/strong>O pre\u00e7o \u00e9 um aspecto cr\u00edtico da competitividade, e o benchmarking do concorrente \u00e9 essencial para definir pontos de pre\u00e7o que maximizem a receita enquanto permanecem atraentes para os clientes. Por meio do benchmarking de pre\u00e7o, as empresas entendem como seus pre\u00e7os se comparam aos dos concorrentes e podem se ajustar de acordo. Se uma empresa descobre que seus pre\u00e7os s\u00e3o significativamente mais altos sem oferecer valor adicional, ela pode decidir revisar sua estrutura de pre\u00e7os ou introduzir op\u00e7\u00f5es em camadas.&nbsp;<\/p>\n\n\n\n<p><strong>Melhorando a experi\u00eancia e a satisfa\u00e7\u00e3o do cliente<\/strong><strong><br><\/strong>Um componente essencial do benchmarking de concorrentes \u00e9 avaliar como os concorrentes envolvem e ret\u00eam seus clientes. Ao analisar avalia\u00e7\u00f5es de clientes, feedback e m\u00e9tricas de satisfa\u00e7\u00e3o, as empresas obt\u00eam insights sobre o que os clientes apreciam ou n\u00e3o gostam nos servi\u00e7os dos concorrentes. Esse entendimento permite que as empresas ajustem suas estrat\u00e9gias de experi\u00eancia do cliente.&nbsp;<\/p>\n\n\n\n<p><strong>Melhorando a efic\u00e1cia do marketing e das vendas<\/strong><strong><br><\/strong>O benchmarking de concorrentes ajuda as empresas a entender quais mensagens, canais e t\u00e1ticas repercutem no p\u00fablico-alvo. Por exemplo, se as campanhas de m\u00eddia social de um concorrente geram alto engajamento, uma empresa pode aprimorar sua estrat\u00e9gia de m\u00eddia social para permanecer relevante. Da mesma forma, se o benchmarking revelar que o marketing de conte\u00fado de um concorrente est\u00e1 atraindo leads, uma empresa pode adotar estrat\u00e9gias semelhantes para aumentar seu alcance.&nbsp;<\/p>\n\n\n\n<p><strong>Otimizando a Efici\u00eancia Operacional<\/strong><strong><br><\/strong>Al\u00e9m das \u00e1reas voltadas para o cliente, o benchmarking de concorrentes tamb\u00e9m informa melhorias de processos internos que aumentam a efici\u00eancia operacional geral. Uma empresa de benchmarking de concorrentes de ponta fornece insights sobre as melhores pr\u00e1ticas operacionais, permitindo que as empresas reduzam custos, melhorem a produtividade e aloquem recursos de forma mais eficaz.<\/p>\n\n\n\n<p><strong>Informando a aloca\u00e7\u00e3o estrat\u00e9gica de recursos<\/strong><strong><br><\/strong>O benchmarking fornece uma vis\u00e3o clara de onde os concorrentes investem seus recursos, seja em P&amp;D, marketing ou tecnologia. Ao entender essas aloca\u00e7\u00f5es, as empresas podem determinar se est\u00e3o investindo adequadamente ou se ajustes s\u00e3o necess\u00e1rios para acompanhar. Por exemplo, se os concorrentes alocam recursos significativos para a transforma\u00e7\u00e3o digital, uma empresa pode decidir investir de forma semelhante para permanecer competitiva.&nbsp;<\/p>\n\n\n\n<p><strong>Identificando oportunidades de crescimento e lacunas de mercado<\/strong><strong><br><\/strong>Ao analisar as fraquezas dos concorrentes ou segmentos de clientes mal atendidos, as empresas podem desenvolver estrat\u00e9gias para preencher essas lacunas. Por exemplo, se um concorrente n\u00e3o tem ofertas para pequenas empresas, uma empresa pode criar um produto ou servi\u00e7o direcionado para atender a essa demanda. Identificar e buscar essas oportunidades de crescimento permite que as empresas se diferenciem e explorem novos fluxos de receita, fortalecendo seu posicionamento competitivo.<\/p>\n\n\n\n<h2 class=\"wp-block-heading\">Escolhendo o parceiro certo para benchmarking de concorrentes<\/h2>\n\n\n\n<figure class=\"gb-block-image gb-block-image-5f756c12\"><img loading=\"lazy\" decoding=\"async\" width=\"1456\" height=\"816\" class=\"gb-image gb-image-5f756c12\" src=\"https:\/\/www.sisinternational.com\/wp-content\/uploads\/2025\/09\/Focus-group-recruitment-5.jpg\" alt=\"Pesquisa e Estrat\u00e9gia de Mercado Internacional da SIS\" title=\"Focus group recruitment (5)\" srcset=\"https:\/\/www.sisinternational.com\/wp-content\/uploads\/2025\/09\/Focus-group-recruitment-5.jpg 1456w, https:\/\/www.sisinternational.com\/wp-content\/uploads\/2025\/09\/Focus-group-recruitment-5-300x168.jpg 300w, https:\/\/www.sisinternational.com\/wp-content\/uploads\/2025\/09\/Focus-group-recruitment-5-1024x574.jpg 1024w, https:\/\/www.sisinternational.com\/wp-content\/uploads\/2025\/09\/Focus-group-recruitment-5-768x430.jpg 768w, https:\/\/www.sisinternational.com\/wp-content\/uploads\/2025\/09\/Focus-group-recruitment-5-18x10.jpg 18w\" sizes=\"auto, (max-width: 1456px) 100vw, 1456px\"><\/figure>\n\n\n\n<p><\/p>\n\n\n\n<p>Selecionar o parceiro certo de benchmarking de concorrentes \u00e9 crucial para empresas que buscam uma vis\u00e3o clara e acion\u00e1vel de sua posi\u00e7\u00e3o de mercado. Uma empresa de benchmarking de concorrentes de ponta fornece dados e insights valiosos que impulsionam decis\u00f5es estrat\u00e9gicas e vantagem competitiva \u2013 e aqui est\u00e3o os principais fatores a serem considerados ao escolher um parceiro de benchmarking de concorrentes.<\/p>\n\n\n\n<p><strong>Avalie sua experi\u00eancia e hist\u00f3rico no setor<\/strong><strong><br><\/strong>Expertise espec\u00edfica do setor \u00e9 essencial no benchmarking de concorrentes, pois cada setor tem din\u00e2micas, comportamentos de clientes e requisitos regulat\u00f3rios \u00fanicos. Uma empresa de benchmarking de concorrentes de ponta deve ter experi\u00eancia trabalhando com empresas que enfrentam desafios semelhantes, permitindo que elas forne\u00e7am insights contextualmente relevantes que orientem melhorias estrat\u00e9gicas.<\/p>\n\n\n\n<p><strong>Avalie a precis\u00e3o e as metodologias dos seus dados<\/strong><strong><br><\/strong>Escolha um parceiro que priorize a precis\u00e3o dos dados e use fontes confi\u00e1veis para reunir intelig\u00eancia competitiva. Uma empresa de benchmarking de concorrentes de ponta usar\u00e1 uma combina\u00e7\u00e3o de an\u00e1lise de dados, pesquisa de mercado e ferramentas propriet\u00e1rias para garantir insights confi\u00e1veis e significativos. Metodologias transparentes demonstram o comprometimento da empresa em fornecer dados imparciais e acion\u00e1veis nos quais voc\u00ea pode confiar.<\/p>\n\n\n\n<p><strong>Considere o uso de ferramentas e tecnologias avan\u00e7adas<\/strong><strong><br><\/strong>Escolha um parceiro que aproveite tecnologias avan\u00e7adas como plataformas de an\u00e1lise de dados, an\u00e1lise de sentimentos e ferramentas de monitoramento de m\u00eddia social para capturar insights em tempo real e tend\u00eancias emergentes. Ferramentas avan\u00e7adas tamb\u00e9m permitem que seu parceiro forne\u00e7a compara\u00e7\u00f5es mais precisas e detalhadas, resultando em uma compreens\u00e3o abrangente de sua posi\u00e7\u00e3o competitiva.<\/p>\n\n\n\n<p><strong>Avalie suas pr\u00e1ticas de relat\u00f3rios e comunica\u00e7\u00e3o<\/strong><strong><br><\/strong>O valor dos insights de benchmarking depende de qu\u00e3o claramente eles s\u00e3o comunicados. Escolha um parceiro de benchmarking que ofere\u00e7a relat\u00f3rios estruturados e f\u00e1ceis de entender e esteja aberto \u00e0 comunica\u00e7\u00e3o regular. A comunica\u00e7\u00e3o eficaz inclui reuni\u00f5es para discutir descobertas, abordar quest\u00f5es e garantir que todas as partes interessadas entendam os insights fornecidos.<\/p>\n\n\n\n<p><strong>Procure um parceiro com uma mentalidade colaborativa de longo prazo<\/strong><strong><br><\/strong>Os melhores parceiros de benchmarking de concorrentes se veem como colaboradores de longo prazo, apoiando o crescimento da sua empresa ao longo do tempo. Procure uma empresa que ofere\u00e7a suporte cont\u00ednuo, sess\u00f5es de acompanhamento e revis\u00f5es peri\u00f3dicas para mant\u00ea-lo atualizado sobre as mudan\u00e7as no cen\u00e1rio competitivo.&nbsp;<\/p>\n\n\n\n<p><strong>Priorizar a confidencialidade e os padr\u00f5es \u00e9ticos<\/strong><strong><br><\/strong>Trabalhar com um parceiro que adere a altos padr\u00f5es \u00e9ticos e mant\u00e9m estrita confidencialidade em rela\u00e7\u00e3o aos seus dados e insights \u00e9 essencial. Pergunte sobre suas pol\u00edticas \u00e9ticas e compromisso com a prote\u00e7\u00e3o de dados para garantir que suas informa\u00e7\u00f5es sejam tratadas com responsabilidade. Uma empresa de benchmarking de concorrentes respeit\u00e1vel ter\u00e1 pr\u00e1ticas estabelecidas para proteger seus dados e manter o profissionalismo em todos os aspectos da an\u00e1lise competitiva.<\/p>\n\n\n\n<h2 class=\"wp-block-heading\">Por que a SIS International \u00e9 a principal empresa de benchmarking de concorrentes para o seu neg\u00f3cio<\/h2>\n\n\n\n<p><a href=\"https:\/\/www.linkedin.com\/company\/sisinternationalresearch\/\" target=\"_blank\" rel=\"noopener\">SIS Internacional<\/a> \u00e9 a principal escolha para empresas que alavancam o benchmarking de concorrentes para obter uma vantagem competitiva. Com nossa ampla experi\u00eancia, ferramentas avan\u00e7adas e abordagem focada no cliente, fornecemos os insights que impulsionam o sucesso empresarial. Veja por que a SIS International se destaca como a principal empresa de benchmarking de concorrentes:<\/p>\n\n\n\n<ul class=\"wp-block-list\">\n<li><strong>Vasta experi\u00eancia e conhecimento comprovado<\/strong>:Com mais de 40 anos de experi\u00eancia em benchmarking de concorrentes, <a href=\"https:\/\/medium.com\/@sisinternational\/sis-international-c17160da8fac\" target=\"_blank\" rel=\"noopener\">SIS<\/a> ajudou algumas das empresas mais bem-sucedidas do mundo a melhorar sua posi\u00e7\u00e3o competitiva.<br><\/li>\n\n\n\n<li><strong>Abordagem baseada em dados<\/strong>: Aproveitamos tecnologias avan\u00e7adas, incluindo IA, an\u00e1lise de dados e pain\u00e9is em tempo real, para fornecer insights precisos e oportunos que ajudam nossos clientes a ficar \u00e0 frente da concorr\u00eancia.<br><\/li>\n\n\n\n<li><strong>Solu\u00e7\u00f5es de Benchmarking Personalizadas<\/strong>: Entendemos que cada neg\u00f3cio \u00e9 \u00fanico. A SIS International oferece solu\u00e7\u00f5es de benchmarking personalizadas que atendem \u00e0s necessidades espec\u00edficas de cada cliente, garantindo que os insights fornecidos sejam relevantes e acion\u00e1veis.<br><\/li>\n\n\n\n<li><strong>Alcance global e diversidade da ind\u00fastria<\/strong>: Nossa experi\u00eancia abrange mais de 135 pa\u00edses e v\u00e1rios setores, desde pequenas startups at\u00e9 empresas da Fortune 500. Esse amplo alcance nos permite fornecer insights valiosos relevantes para diferentes mercados.<br><\/li>\n\n\n\n<li><strong>Compromisso com o sucesso do cliente<\/strong>: No <a href=\"https:\/\/twitter.com\/SISIntlResearch\" target=\"_blank\" rel=\"noopener\">SIS<\/a>, priorizamos entregar valor aos nossos clientes. Nossa abordagem centrada no cliente garante que cada solu\u00e7\u00e3o que fornecemos esteja alinhada com as metas e desafios exclusivos do cliente, ajudando-o a atingir seus objetivos estrat\u00e9gicos.<\/li>\n<\/ul>\n\n\n\n<h2 class=\"wp-block-heading\">Sobre SIS Internacional<\/h2>\n\n\n\n<p><a href=\"https:\/\/www.sisinternational.com\/pt\/\">SIS Internacional<\/a> oferece pesquisa quantitativa, qualitativa e estrat\u00e9gica. Fornecemos dados, ferramentas, estrat\u00e9gias, relat\u00f3rios e insights para a tomada de decis\u00f5es. Tamb\u00e9m realizamos entrevistas, pesquisas, grupos focais e outros m\u00e9todos e abordagens de Pesquisa de Mercado.<a href=\"https:\/\/www.sisinternational.com\/pt\/sobre-a-sis-international-research\/contact-sis-international-market-research\/\"> Entre em contato conosco<\/a> para o seu pr\u00f3ximo projeto de pesquisa de mercado.<\/p>\n\n\n\n<hr class=\"wp-block-separator has-alpha-channel-opacity\"\/>","protected":false},"excerpt":{"rendered":"<p>Top Competitor Benchmarking Company Working with a top competitor benchmarking company like SIS International can help you identify opportunities for growth, efficiency improvement, and enhanced customer satisfaction. How can your business stay ahead in today\u2019s competitive landscape? Competitor benchmarking is the key to unlocking insights into industry performance, competitor strengths, and areas where your company &#8230; <a title=\"Empresa de Benchmarking de Melhor Concorrente\" class=\"read-more\" href=\"https:\/\/www.sisinternational.com\/pt\/solucoes\/consultoria-estrategica\/empresa-de-benchmarking-de-maior-concorrente\/\" aria-label=\"Read more about Top Competitor Benchmarking Company\">Leia mais<\/a><\/p>","protected":false},"author":1,"featured_media":69512,"parent":14567,"menu_order":47,"comment_status":"closed","ping_status":"closed","template":"","meta":{"footnotes":""},"class_list":["post-54074","page","type-page","status-publish","has-post-thumbnail"],"_links":{"self":[{"href":"https:\/\/www.sisinternational.com\/pt\/wp-json\/wp\/v2\/pages\/54074","targetHints":{"allow":["GET"]}}],"collection":[{"href":"https:\/\/www.sisinternational.com\/pt\/wp-json\/wp\/v2\/pages"}],"about":[{"href":"https:\/\/www.sisinternational.com\/pt\/wp-json\/wp\/v2\/types\/page"}],"author":[{"embeddable":true,"href":"https:\/\/www.sisinternational.com\/pt\/wp-json\/wp\/v2\/users\/1"}],"replies":[{"embeddable":true,"href":"https:\/\/www.sisinternational.com\/pt\/wp-json\/wp\/v2\/comments?post=54074"}],"version-history":[{"count":9,"href":"https:\/\/www.sisinternational.com\/pt\/wp-json\/wp\/v2\/pages\/54074\/revisions"}],"predecessor-version":[{"id":75637,"href":"https:\/\/www.sisinternational.com\/pt\/wp-json\/wp\/v2\/pages\/54074\/revisions\/75637"}],"up":[{"embeddable":true,"href":"https:\/\/www.sisinternational.com\/pt\/wp-json\/wp\/v2\/pages\/14567"}],"wp:featuredmedia":[{"embeddable":true,"href":"https:\/\/www.sisinternational.com\/pt\/wp-json\/wp\/v2\/media\/69512"}],"wp:attachment":[{"href":"https:\/\/www.sisinternational.com\/pt\/wp-json\/wp\/v2\/media?parent=54074"}],"curies":[{"name":"wp","href":"https:\/\/api.w.org\/{rel}","templated":true}]}}