{"id":53949,"date":"2024-11-09T06:16:08","date_gmt":"2024-11-09T11:16:08","guid":{"rendered":"https:\/\/www.sisinternational.com\/?page_id=53949"},"modified":"2026-03-05T23:18:27","modified_gmt":"2026-03-06T04:18:27","slug":"pesquisa-de-estrategia-de-precos-b2b","status":"publish","type":"page","link":"https:\/\/www.sisinternational.com\/pt\/solucoes\/pesquisa-de-mercado-b2b\/pesquisa-de-estrategia-de-precos-b2b\/","title":{"rendered":"Pesquisa de estrat\u00e9gia de pre\u00e7os B2B"},"content":{"rendered":"<h1 class=\"gb-headline gb-headline-d41b8528 gb-headline-text\">Pesquisa de estrat\u00e9gia de pre\u00e7os B2B<\/h1>\n\n\n\n<figure class=\"gb-block-image gb-block-image-0a7e81d0\"><img loading=\"lazy\" decoding=\"async\" width=\"1456\" height=\"816\" class=\"gb-image gb-image-0a7e81d0\" src=\"https:\/\/www.sisinternational.com\/wp-content\/uploads\/2025\/08\/B2Bjpg-3.jpg\" alt=\"Pesquisa e Estrat\u00e9gia de Mercado Internacional da SIS\" title=\"B2Bjpg (3)\" srcset=\"https:\/\/www.sisinternational.com\/wp-content\/uploads\/2025\/08\/B2Bjpg-3.jpg 1456w, https:\/\/www.sisinternational.com\/wp-content\/uploads\/2025\/08\/B2Bjpg-3-300x168.jpg 300w, https:\/\/www.sisinternational.com\/wp-content\/uploads\/2025\/08\/B2Bjpg-3-1024x574.jpg 1024w, https:\/\/www.sisinternational.com\/wp-content\/uploads\/2025\/08\/B2Bjpg-3-768x430.jpg 768w, https:\/\/www.sisinternational.com\/wp-content\/uploads\/2025\/08\/B2Bjpg-3-18x10.jpg 18w\" sizes=\"auto, (max-width: 1456px) 100vw, 1456px\"><\/figure>\n\n\n\n<p><\/p>\n\n\n\n<hr class=\"wp-block-separator has-alpha-channel-opacity is-style-dots\"\/>\n\n\n\n<h3 class=\"wp-block-heading\">A pesquisa de estrat\u00e9gia de pre\u00e7os B2B fornece a base para decis\u00f5es de pre\u00e7os informadas, permitindo que as empresas maximizem sua lucratividade enquanto permanecem receptivas \u00e0s mudan\u00e7as do mercado.<\/h3>\n\n\n\n<p>Em um mercado competitivo, determinar o pre\u00e7o certo pode fazer a diferen\u00e7a entre prosperar e simplesmente sobreviver \u2013 e a pesquisa de estrat\u00e9gia de pre\u00e7os B2B ajuda as empresas a desenvolver modelos de pre\u00e7os ideais que maximizam a lucratividade e garantem uma vantagem competitiva.<\/p>\n\n\n\n<h2 class=\"wp-block-heading\">O que \u00e9 pesquisa de estrat\u00e9gia de pre\u00e7os B2B?<\/h2>\n\n\n\n<p>A pesquisa de estrat\u00e9gia de pre\u00e7os B2B foca em entender as for\u00e7as de mercado, as prefer\u00eancias do cliente e o cen\u00e1rio competitivo que impactam as decis\u00f5es de pre\u00e7os. Ela envolve reunir e analisar dados para determinar as melhores estruturas de pre\u00e7os para produtos e servi\u00e7os. O objetivo \u00e9 criar estrat\u00e9gias de pre\u00e7os que maximizem a receita, ao mesmo tempo em que garantem a competitividade e a satisfa\u00e7\u00e3o do cliente.<\/p>\n\n\n\n<p><a href=\"https:\/\/sisaisolutions.com\/application-of-ai-in-b2b\/\" target=\"_blank\" rel=\"noopener\">B2B pricing strategy research<\/a> also involves evaluating different pricing models to determine which approach best suits the company&#8217;s goals. It provides insights into choosing a strategy that drives profitability while maintaining a solid market position.<\/p>\n\n\n\n<h2 class=\"wp-block-heading\">Por que a pesquisa sobre estrat\u00e9gia de pre\u00e7os B2B \u00e9 crucial?<\/h2>\n\n\n\n<figure class=\"gb-block-image gb-block-image-e388b282\"><img loading=\"lazy\" decoding=\"async\" width=\"1456\" height=\"816\" class=\"gb-image gb-image-e388b282\" src=\"https:\/\/www.sisinternational.com\/wp-content\/uploads\/2025\/09\/Research-12.jpg\" alt=\"Pesquisa e Estrat\u00e9gia de Mercado Internacional da SIS\" title=\"Research (12)\" srcset=\"https:\/\/www.sisinternational.com\/wp-content\/uploads\/2025\/09\/Research-12.jpg 1456w, https:\/\/www.sisinternational.com\/wp-content\/uploads\/2025\/09\/Research-12-300x168.jpg 300w, https:\/\/www.sisinternational.com\/wp-content\/uploads\/2025\/09\/Research-12-1024x574.jpg 1024w, https:\/\/www.sisinternational.com\/wp-content\/uploads\/2025\/09\/Research-12-768x430.jpg 768w, https:\/\/www.sisinternational.com\/wp-content\/uploads\/2025\/09\/Research-12-18x10.jpg 18w\" sizes=\"auto, (max-width: 1456px) 100vw, 1456px\"><\/figure>\n\n\n\n<p><\/p>\n\n\n\n<p>Pricing in the B2B environment is inherently complex due to factors such as lengthy sales cycles, the involvement of multiple stakeholders, and fluctuating market conditions. B2B <a class=\"wpil_keyword_link\" href=\"https:\/\/www.sisinternational.com\/pt\/solucoes\/pesquisa-de-consultoria-em-estrategia-fintech\/estrategia-de-precos\/\" title=\"Pesquisa de estrat\u00e9gia de pre\u00e7os\" data-wpil-keyword-link=\"linked\" data-wpil-monitor-id=\"185\">pricing strategy research<\/a> is crucial because it gives businesses the insights to navigate these complexities and make informed pricing decisions.<\/p>\n\n\n\n<p>Without proper research, companies risk setting prices that are either too high, driving customers away, or too low, eroding profitability. However, <a href=\"https:\/\/www.sisinternational.com\/pt\/b2b-go-to-market-strategy\/\" title=\"B2B Go-to-Market Strategy\" data-wpil-monitor-id=\"794\">B2B pricing strategy<\/a> research provides a data-driven approach to pricing. It ensures that pricing models are competitive and sustainable, supporting long-term growth and stability.<\/p>\n\n\n\n<h2 class=\"wp-block-heading\">Principais servi\u00e7os oferecidos por empresas de pesquisa de estrat\u00e9gia de pre\u00e7os B2B<\/h2>\n\n\n\n<p>B2B pricing <a href=\"https:\/\/www.sisinternational.com\/pt\/midias-sociais-em-pequenas-empresas\/\" title=\"Estrat\u00e9gias de m\u00eddia social para pequenas empresas\" data-wpil-monitor-id=\"7527\">strategy research<\/a> firms offer multiple services to help businesses develop effective pricing strategies. Some key services include:<\/p>\n\n\n\n<ul class=\"wp-block-list\">\n<li><strong>An\u00e1lise de Mercado<\/strong>: Entender o cen\u00e1rio do mercado, incluindo demanda do cliente, pre\u00e7os competitivos e tend\u00eancias do setor. A an\u00e1lise de mercado ajuda as empresas a identificar onde est\u00e3o no mercado e como podem posicionar seus produtos de forma eficaz.<\/li>\n\n\n\n<li><strong>Otimiza\u00e7\u00e3o de pre\u00e7os<\/strong>: Usando abordagens orientadas por dados para determinar os pontos de pre\u00e7o ideais para produtos e servi\u00e7os. A otimiza\u00e7\u00e3o de pre\u00e7os envolve testar diferentes cen\u00e1rios de pre\u00e7os para encontrar o equil\u00edbrio que maximiza a lucratividade enquanto mant\u00e9m a satisfa\u00e7\u00e3o do cliente.<\/li>\n\n\n\n<li><strong>Avalia\u00e7\u00e3o do valor do cliente<\/strong>: Avaliar como os clientes percebem o valor de um produto ou servi\u00e7o. Entender o valor do cliente \u00e9 essencial para definir pre\u00e7os que reflitam os benef\u00edcios fornecidos ao cliente e justifiquem o pre\u00e7o cobrado.<\/li>\n\n\n\n<li><strong>Benchmarking de concorrentes<\/strong>: Analisar estrat\u00e9gias de pre\u00e7os dos concorrentes para determinar como os pre\u00e7os de uma empresa se comparam dentro do mercado. O benchmarking de concorrentes ajuda as empresas a entender sua posi\u00e7\u00e3o competitiva e identificar oportunidades para diferenciar seus pre\u00e7os.<\/li>\n<\/ul>\n\n\n\n<h2 class=\"wp-block-heading\">Tipos de estrat\u00e9gias de pre\u00e7os B2B<\/h2>\n\n\n\n<p>Existem v\u00e1rios tipos de estrat\u00e9gias de precifica\u00e7\u00e3o que empresas B2B podem usar, cada uma adequada a diferentes modelos de neg\u00f3cios e condi\u00e7\u00f5es de mercado. Algumas estrat\u00e9gias comuns de precifica\u00e7\u00e3o B2B incluem:<\/p>\n\n\n\n<p><\/p>\n\n\n\n<figure class=\"gb-block-image gb-block-image-d38c2ccf\"><img loading=\"lazy\" decoding=\"async\" width=\"492\" height=\"480\" class=\"gb-image gb-image-d38c2ccf\" src=\"https:\/\/www.sisinternational.com\/wp-content\/uploads\/2024\/11\/Pricing.png\" alt=\"Pesquisa e Estrat\u00e9gia de Mercado Internacional da SIS\" title=\"Pre\u00e7os\" srcset=\"https:\/\/www.sisinternational.com\/wp-content\/uploads\/2024\/11\/Pricing.png 492w, https:\/\/www.sisinternational.com\/wp-content\/uploads\/2024\/11\/Pricing-300x293.png 300w, https:\/\/www.sisinternational.com\/wp-content\/uploads\/2024\/11\/Pricing-12x12.png 12w\" sizes=\"auto, (max-width: 492px) 100vw, 492px\"><\/figure>\n\n\n\n<p><\/p>\n\n\n\n<ul class=\"wp-block-list\">\n<li><strong>Precifica\u00e7\u00e3o baseada em valor<\/strong>: Esta estrat\u00e9gia envolve definir pre\u00e7os com base no valor percebido pelo cliente em vez do custo de produ\u00e7\u00e3o. Funciona bem quando um produto oferece benef\u00edcios \u00fanicos pelos quais os clientes est\u00e3o dispostos a pagar um pr\u00eamio.<\/li>\n\n\n\n<li><strong>Pre\u00e7o de custo mais<\/strong>: Adding a markup to the cost of producing a product to determine the selling price. <\/li>\n\n\n\n<li><strong>Precifica\u00e7\u00e3o din\u00e2mica<\/strong>: Ajustar pre\u00e7os com base na demanda do mercado, concorr\u00eancia ou outros fatores externos. A precifica\u00e7\u00e3o din\u00e2mica \u00e9 frequentemente usada em ind\u00fastrias com demanda flutuante ou onde ajustes de pre\u00e7os em tempo real podem impulsionar a lucratividade.<\/li>\n\n\n\n<li><strong>Pre\u00e7os em camadas<\/strong>: Oferecer diferentes n\u00edveis de pre\u00e7os com base na quantidade comprada ou nos recursos inclu\u00eddos. Pre\u00e7os em camadas s\u00e3o t\u00edpicos em ind\u00fastrias de software e servi\u00e7os, onde as empresas podem fornecer v\u00e1rios pacotes para atender \u00e0s diferentes necessidades dos clientes.<\/li>\n<\/ul>\n\n\n\n<h2 class=\"wp-block-heading\">Como a pesquisa de estrat\u00e9gia de pre\u00e7os B2B impulsiona o crescimento dos neg\u00f3cios<\/h2>\n\n\n\n<p>Ao entender as percep\u00e7\u00f5es do cliente, a din\u00e2mica do mercado e o cen\u00e1rio competitivo, as empresas podem tomar decis\u00f5es baseadas em dados que aumentam a receita, melhoram a penetra\u00e7\u00e3o no mercado e fortalecem a fidelidade do cliente. Veja como a pesquisa de estrat\u00e9gia de pre\u00e7os B2B contribui diretamente para o crescimento dos neg\u00f3cios.<\/p>\n\n\n\n<p><strong>Maximizando a receita por meio de pre\u00e7os otimizados<\/strong><strong><br><\/strong>Uma das principais maneiras pelas quais a pesquisa de estrat\u00e9gia de pre\u00e7os B2B impulsiona o crescimento \u00e9 permitindo que as empresas maximizem a receita. A pesquisa de pre\u00e7os identifica o ponto de pre\u00e7o ideal que equilibra a lucratividade com a disposi\u00e7\u00e3o do cliente em pagar. Uma estrat\u00e9gia de pre\u00e7os bem informada garante que as empresas capturem o valor total de suas ofertas sem dissuadir clientes em potencial. Por exemplo, a pesquisa pode revelar que os clientes est\u00e3o dispostos a pagar mais por valor agregado, como servi\u00e7os personalizados ou entrega mais r\u00e1pida, permitindo que as empresas introduzam n\u00edveis de pre\u00e7os premium.&nbsp;<\/p>\n\n\n\n<p><strong>Melhorando a penetra\u00e7\u00e3o de mercado e o posicionamento competitivo<\/strong><strong><br><\/strong>A pesquisa de estrat\u00e9gia de pre\u00e7os B2B fornece insights sobre estruturas de pre\u00e7os dos concorrentes, permitindo que as empresas definam pre\u00e7os que sejam atraentes para clientes em potencial e estrategicamente diferenciados. Por exemplo, a pesquisa de pre\u00e7os pode revelar uma oportunidade de introduzir uma oferta de n\u00edvel de entrada de pre\u00e7o mais baixo que atraia clientes sens\u00edveis a custos, abrindo caminho para vendas cruzadas ou upselling de produtos de maior valor.&nbsp;<\/p>\n\n\n\n<p><strong>Apoiando a inova\u00e7\u00e3o de produtos e a precifica\u00e7\u00e3o baseada em valor<\/strong><strong><br><\/strong>Ao entender quais recursos ou servi\u00e7os os clientes mais valorizam, as empresas podem refinar suas ofertas para se alinharem \u00e0s prefer\u00eancias dos clientes. Por exemplo, se a pesquisa indicar que os clientes est\u00e3o dispostos a pagar um pr\u00eamio por recursos avan\u00e7ados ou suporte ao cliente aprimorado, uma empresa pode concentrar seus recursos no desenvolvimento desses elementos. A precifica\u00e7\u00e3o baseada em valor, que define os pre\u00e7os de acordo com o valor percebido do produto, permite que as empresas cobrem um pr\u00eamio por recursos que oferecem benef\u00edcios significativos aos clientes.&nbsp;<\/p>\n\n\n\n<p><strong>Melhorando as margens de lucro e reduzindo a sensibilidade ao pre\u00e7o<br><\/strong>B2B pricing strategy research helps companies identify opportunities to increase profit margins without alienating customers. Through price sensitivity analysis, companies can understand how price changes affect demand and determine which customers are less sensitive to price adjustments.&nbsp;<\/p>\n\n\n\n<p><strong>Habilitando agilidade e capacidade de resposta nas decis\u00f5es de pre\u00e7os<\/strong><strong><br><\/strong><a href=\"https:\/\/www.sisinternational.com\/pt\/estrategia-de-marketing-multicanal-b2b\/\" title=\"Estrat\u00e9gia de Marketing Multicanal B2B\" data-wpil-monitor-id=\"843\">B2B pricing strategy research<\/a> enables companies to adjust to pricing based on market changes, competitor actions, or shifts in customer demand. With regular updates from pricing research, companies can stay proactive, adjusting their pricing models as needed to maintain relevance and appeal.&nbsp;<\/p>\n\n\n\n<h2 class=\"wp-block-heading\">Escolhendo a empresa de pesquisa de estrat\u00e9gia de pre\u00e7os B2B certa<\/h2>\n\n\n\n<figure class=\"gb-block-image gb-block-image-5a01ae8e\"><img loading=\"lazy\" decoding=\"async\" width=\"1456\" height=\"816\" class=\"gb-image gb-image-5a01ae8e\" src=\"https:\/\/www.sisinternational.com\/wp-content\/uploads\/2025\/09\/Quantitative-research-18.jpg\" alt=\"Pesquisa e Estrat\u00e9gia de Mercado Internacional da SIS\" title=\"Quantitative research (18)\" srcset=\"https:\/\/www.sisinternational.com\/wp-content\/uploads\/2025\/09\/Quantitative-research-18.jpg 1456w, https:\/\/www.sisinternational.com\/wp-content\/uploads\/2025\/09\/Quantitative-research-18-300x168.jpg 300w, https:\/\/www.sisinternational.com\/wp-content\/uploads\/2025\/09\/Quantitative-research-18-1024x574.jpg 1024w, https:\/\/www.sisinternational.com\/wp-content\/uploads\/2025\/09\/Quantitative-research-18-768x430.jpg 768w, https:\/\/www.sisinternational.com\/wp-content\/uploads\/2025\/09\/Quantitative-research-18-18x10.jpg 18w\" sizes=\"auto, (max-width: 1456px) 100vw, 1456px\"><\/figure>\n\n\n\n<p><\/p>\n\n\n\n<p>Selecionar a empresa de pesquisa de estrat\u00e9gia de precifica\u00e7\u00e3o B2B certa \u00e9 essencial para resultados bem-sucedidos. Aqui est\u00e3o algumas considera\u00e7\u00f5es importantes ao escolher um parceiro de pesquisa de precifica\u00e7\u00e3o:<\/p>\n\n\n\n<ul class=\"wp-block-list\">\n<li><strong>Experi\u00eancia na ind\u00fastria<\/strong>: Procure uma empresa com ampla experi\u00eancia em seu setor. Um profundo entendimento da din\u00e2mica espec\u00edfica do setor garantir\u00e1 que os insights fornecidos sejam relevantes e acion\u00e1veis.<\/li>\n\n\n\n<li><strong>Hist\u00f3rico comprovado<\/strong>: Escolha uma empresa com hist\u00f3rico comprovado de ajudar empresas B2B a terem sucesso. Estudos de caso e depoimentos de clientes podem fornecer insights valiosos sobre as capacidades da empresa e os resultados que ela entregou para outras empresas.<\/li>\n\n\n\n<li><strong>Abordagem personalizada<\/strong>: A empresa de pesquisa certa deve oferecer solu\u00e7\u00f5es personalizadas que atendam \u00e0s necessidades exclusivas do seu neg\u00f3cio. Uma abordagem personalizada garantir\u00e1 que as recomenda\u00e7\u00f5es de pre\u00e7os estejam alinhadas com seus objetivos e condi\u00e7\u00f5es de mercado.<\/li>\n<\/ul>\n\n\n\n<figure class=\"gb-block-image gb-block-image-57b65d8b\"><img loading=\"lazy\" decoding=\"async\" width=\"1456\" height=\"816\" class=\"gb-image gb-image-57b65d8b\" src=\"https:\/\/www.sisinternational.com\/wp-content\/uploads\/2025\/09\/Quantitative-research-1d4-1.jpg\" alt=\"Pesquisa e Estrat\u00e9gia de Mercado Internacional da SIS\" title=\"Quantitative research (1d4) (1)\" srcset=\"https:\/\/www.sisinternational.com\/wp-content\/uploads\/2025\/09\/Quantitative-research-1d4-1.jpg 1456w, https:\/\/www.sisinternational.com\/wp-content\/uploads\/2025\/09\/Quantitative-research-1d4-1-300x168.jpg 300w, https:\/\/www.sisinternational.com\/wp-content\/uploads\/2025\/09\/Quantitative-research-1d4-1-1024x574.jpg 1024w, https:\/\/www.sisinternational.com\/wp-content\/uploads\/2025\/09\/Quantitative-research-1d4-1-768x430.jpg 768w, https:\/\/www.sisinternational.com\/wp-content\/uploads\/2025\/09\/Quantitative-research-1d4-1-18x10.jpg 18w\" sizes=\"auto, (max-width: 1456px) 100vw, 1456px\"><\/figure>\n\n\n\n<p><\/p>\n\n\n\n<h2 class=\"wp-block-heading\">Por que a SIS International \u00e9 o melhor parceiro de pesquisa de estrat\u00e9gia de pre\u00e7os B2B<\/h2>\n\n\n\n<p>Partnering with the right pricing <a href=\"https:\/\/www.sisinternational.com\/pt\/otimizando-sites-corporativos-para-roi\/\" title=\"Otimizando sites corporativos para ROI\" data-wpil-monitor-id=\"7602\">strategy research<\/a> firm can make all the difference in achieving optimal pricing and maximizing profitability. With its extensive experience and proven expertise, SIS International is the ideal B2B pricing strategy research partner. Here\u2019s why SIS International stands out as the best choice for your business:<\/p>\n\n\n<p>\n\n\n<\/p>\n<h4 class=\"wp-block-heading\" style=\"padding-left: 40px;\"><strong>Vasta experi\u00eancia e conhecimento do setor<\/strong><\/h4>\n<p style=\"padding-left: 40px;\">\n\n\n\n<\/p>\n<p style=\"padding-left: 40px;\"><a href=\"https:\/\/www.linkedin.com\/company\/sisinternationalresearch\/\" target=\"_blank\" rel=\"noopener\">SIS Internacional<\/a> tem mais de 40 anos de experi\u00eancia fornecendo <a href=\"https:\/\/www.linkedin.com\/pulse\/how-market-research-enables-growth-ruth-stanat-phekf\/\" target=\"_blank\" rel=\"noopener\">pesquisa de mercado<\/a> e servi\u00e7os de consultoria para empresas B2B em v\u00e1rios setores. Nosso profundo entendimento da din\u00e2mica do setor nos permite fornecer insights especificamente adaptados para atender \u00e0s necessidades de neg\u00f3cios B2B, ajudando-os a desenvolver estrat\u00e9gias de pre\u00e7os eficazes.<\/p>\n<p style=\"padding-left: 40px;\">\n\n\n\n<\/p>\n<h4 class=\"wp-block-heading\" style=\"padding-left: 40px;\"><strong>Solu\u00e7\u00f5es baseadas em dados para otimiza\u00e7\u00e3o de pre\u00e7os<\/strong><\/h4>\n<p style=\"padding-left: 40px;\">\n\n\n\n<\/p>\n<p style=\"padding-left: 40px;\">Na SIS International, n\u00f3s alavancamos metodologias orientadas por dados para fornecer insights acion\u00e1veis que otimizam os pre\u00e7os. Nossa abordagem abrangente inclui an\u00e1lise de mercado, benchmarking de concorrentes e avalia\u00e7\u00e3o de valor para o cliente, garantindo que nossos clientes recebam as recomenda\u00e7\u00f5es de pre\u00e7os mais precisas e relevantes.\u00a0<\/p>\n<p style=\"padding-left: 40px;\">\n\n\n\n<\/p>\n<h4 class=\"wp-block-heading\" style=\"padding-left: 40px;\"><strong>Hist\u00f3rico comprovado de sucesso<\/strong><\/h4>\n<p style=\"padding-left: 40px;\">\n\n\n\n<\/p>\n<p style=\"padding-left: 40px;\"><a href=\"https:\/\/twitter.com\/SISIntlResearch\" target=\"_blank\" rel=\"noopener\">SIS<\/a> has successfully helped numerous B2B companies develop and implement effective pricing strategies. Our proven track record of delivering results is reflected in our clients&#8217; success stories, who have seen improved profitability and market positioning thanks to our <a href=\"https:\/\/www.sisinternational.com\/pt\/cobertura\/pesquisa-de-mercado-medio-oriente\/pesquisa-de-mercado-jordania\/\" title=\"Pesquisa de mercado na Jord\u00e2nia\" data-wpil-monitor-id=\"5360\">pricing strategy research<\/a>.<\/p>\n<p style=\"padding-left: 40px;\">\n\n\n\n<\/p>\n<h4 class=\"wp-block-heading\" style=\"padding-left: 40px;\"><strong>Compromisso com o sucesso do cliente<\/strong><\/h4>\n<p style=\"padding-left: 40px;\">\n\n\n\n<\/p>\n<p style=\"padding-left: 40px;\">Nossa abordagem centrada no cliente garante que cada solu\u00e7\u00e3o que fornecemos esteja alinhada com seus objetivos e desafios espec\u00edficos. Trabalhamos em estreita colabora\u00e7\u00e3o com empresas para entender suas circunst\u00e2ncias \u00fanicas e entregar estrat\u00e9gias personalizadas que impulsionam o sucesso.<\/p>\n<p>\n\n\n<h2>Localiza\u00e7\u00e3o de nossas instala\u00e7\u00f5es em Nova York<\/h2>\n<p><!-- \/wp:post-content --> <!-- wp:html --> <iframe loading=\"lazy\" src=\"https:\/\/www.google.com\/maps\/embed?pb=!1m18!1m12!1m3!1d3022.976188376966!2d-73.99130312499956!3d40.740549471389315!2m3!1f0!2f0!3f0!3m2!1i1024!2i768!4f13.1!3m3!1m2!1s0x89c259a15798c731%3A0xd695d09bdd495f25!2s11%20E%2022nd%20St%20FL%202%2C%20New%20York%2C%20NY%2010010%2C%20USA!5e0!3m2!1sen!2spe!4v1726171763526!5m2!1sen!2spe\" width=\"600\" height=\"450\" allowfullscreen=\"allowfullscreen\" data-mce-fragment=\"1\"><\/iframe> <!-- \/wp:html --> <!-- wp:paragraph --><\/p>\n<h3 class=\"wp-block-heading\">11 E 22nd Street, andar 2, Nova York, NY 10010 T: +1(212) 505-6805<\/h3>\n<hr \/>\n<h2><span style=\"font-weight: 400;\">Sobre SIS Internacional<\/span><\/h2>\n<p><a href=\"https:\/\/www.sisinternational.com\/pt\/\"><span style=\"font-weight: 400;\">SIS Internacional<\/span><\/a><span style=\"font-weight: 400;\"> oferece pesquisa quantitativa, qualitativa e estrat\u00e9gica. Fornecemos dados, ferramentas, estrat\u00e9gias, relat\u00f3rios e insights para a tomada de decis\u00f5es. Tamb\u00e9m realizamos entrevistas, pesquisas, grupos focais e outros m\u00e9todos e abordagens de Pesquisa de Mercado.<\/span><a href=\"https:\/\/www.sisinternational.com\/pt\/sobre-a-sis-international-research\/contact-sis-international-market-research\/\"><span style=\"font-weight: 400;\"> Entre em contato conosco<\/span><\/a><span style=\"font-weight: 400;\"> para o seu pr\u00f3ximo projeto de pesquisa de mercado.<\/span><\/p>\n<p><!-- wp:paragraph --><\/p>\n<p><!-- \/wp:paragraph --><\/p>\n<p><!-- wp:paragraph --><\/p>\n<p><!-- \/wp:paragraph --><\/p>\n<p><!-- wp:paragraph --><\/p>\n<p><!-- \/wp:paragraph --><\/p>","protected":false},"excerpt":{"rendered":"<p>B2B Pricing Strategy Research B2B pricing strategy research provides the foundation for informed pricing decisions, allowing companies to maximize their profitability while remaining responsive to market changes. In a competitive market, determining the right price can make the difference between thriving and merely surviving \u2013 and B2B pricing strategy research helps companies develop optimal pricing &#8230; <a title=\"Pesquisa de estrat\u00e9gia de pre\u00e7os B2B\" class=\"read-more\" href=\"https:\/\/www.sisinternational.com\/pt\/solucoes\/pesquisa-de-mercado-b2b\/pesquisa-de-estrategia-de-precos-b2b\/\" aria-label=\"Read more about B2B Pricing Strategy Research\">Leia mais<\/a><\/p>","protected":false},"author":1,"featured_media":62381,"parent":11292,"menu_order":13,"comment_status":"closed","ping_status":"closed","template":"","meta":{"footnotes":""},"class_list":["post-53949","page","type-page","status-publish","has-post-thumbnail"],"_links":{"self":[{"href":"https:\/\/www.sisinternational.com\/pt\/wp-json\/wp\/v2\/pages\/53949","targetHints":{"allow":["GET"]}}],"collection":[{"href":"https:\/\/www.sisinternational.com\/pt\/wp-json\/wp\/v2\/pages"}],"about":[{"href":"https:\/\/www.sisinternational.com\/pt\/wp-json\/wp\/v2\/types\/page"}],"author":[{"embeddable":true,"href":"https:\/\/www.sisinternational.com\/pt\/wp-json\/wp\/v2\/users\/1"}],"replies":[{"embeddable":true,"href":"https:\/\/www.sisinternational.com\/pt\/wp-json\/wp\/v2\/comments?post=53949"}],"version-history":[{"count":15,"href":"https:\/\/www.sisinternational.com\/pt\/wp-json\/wp\/v2\/pages\/53949\/revisions"}],"predecessor-version":[{"id":81225,"href":"https:\/\/www.sisinternational.com\/pt\/wp-json\/wp\/v2\/pages\/53949\/revisions\/81225"}],"up":[{"embeddable":true,"href":"https:\/\/www.sisinternational.com\/pt\/wp-json\/wp\/v2\/pages\/11292"}],"wp:featuredmedia":[{"embeddable":true,"href":"https:\/\/www.sisinternational.com\/pt\/wp-json\/wp\/v2\/media\/62381"}],"wp:attachment":[{"href":"https:\/\/www.sisinternational.com\/pt\/wp-json\/wp\/v2\/media?parent=53949"}],"curies":[{"name":"wp","href":"https:\/\/api.w.org\/{rel}","templated":true}]}}