{"id":53937,"date":"2024-11-07T05:56:29","date_gmt":"2024-11-07T10:56:29","guid":{"rendered":"https:\/\/www.sisinternational.com\/?page_id=53937"},"modified":"2026-03-25T01:02:16","modified_gmt":"2026-03-25T05:02:16","slug":"empresa-lider-em-avaliacao-de-estrategia-corporativa","status":"publish","type":"page","link":"https:\/\/www.sisinternational.com\/pt\/solucoes\/consultoria-estrategica\/empresa-lider-em-avaliacao-de-estrategia-corporativa\/","title":{"rendered":"Melhor empresa de avalia\u00e7\u00e3o de estrat\u00e9gia corporativa"},"content":{"rendered":"<h1 class=\"wp-block-heading\">Melhor empresa de avalia\u00e7\u00e3o de estrat\u00e9gia corporativa<br><\/h1>\n\n\n\n<figure class=\"gb-block-image gb-block-image-c4a5bbe9\"><img decoding=\"async\" class=\"gb-image gb-image-c4a5bbe9\" src=\"https:\/\/www.sisinternational.com\/wp-content\/uploads\/2025\/09\/New-York-11.jpg\" alt=\"Pesquisa e Estrat\u00e9gia de Mercado Internacional da SIS\" title=\"New York (11)\"><\/figure>\n\n\n\n<p><\/p>\n\n\n\n<h3 class=\"wp-block-heading\">Contratar uma empresa de ponta em avalia\u00e7\u00e3o de estrat\u00e9gia corporativa ajuda as empresas a se adaptarem \u00e0s mudan\u00e7as do mercado, otimizar recursos e manter uma vantagem competitiva em seu setor.<\/h3>\n\n\n\n<p><strong><br><\/strong>A efic\u00e1cia de uma estrat\u00e9gia corporativa pode fazer ou quebrar um neg\u00f3cio. Ao trabalhar com uma empresa de avalia\u00e7\u00e3o de estrat\u00e9gia corporativa de ponta, voc\u00ea pode garantir que suas iniciativas estrat\u00e9gicas estejam alinhadas com seus objetivos e estabele\u00e7am a base para o crescimento de longo prazo.<\/p>\n\n\n\n<h2 class=\"wp-block-heading\">O que \u00e9 uma empresa de avalia\u00e7\u00e3o de estrat\u00e9gia corporativa?<\/h2>\n\n\n\n<p>Uma empresa de avalia\u00e7\u00e3o de estrat\u00e9gia corporativa \u00e9 especializada em avaliar a efic\u00e1cia das iniciativas estrat\u00e9gicas de uma empresa. Essas empresas fornecem uma an\u00e1lise objetiva sobre se as estrat\u00e9gias de uma empresa se alinham com seus objetivos de neg\u00f3cios, identificam \u00e1reas para melhoria e recomendam mudan\u00e7as para otimizar o desempenho.&nbsp;<\/p>\n\n\n\n<p>Corporate <a href=\"https:\/\/www.sisinternational.com\/pt\/solucoes\/legal-market-research\/client-retention-strategies-in-law-firms\/\" title=\"Client Retention Strategies in Law Firms\u00a0\u00a0\"  data-wpil-monitor-id=\"922\">strategy evaluation firms<\/a> use data-driven methodologies to analyze the impact of current strategies, focusing on performance metrics and market positioning. They help businesses understand what works well and what is not, providing actionable insights that drive growth and profitability.&nbsp;<\/p>\n\n\n\n<h2 class=\"wp-block-heading\">Por que sua empresa precisa de uma empresa de avalia\u00e7\u00e3o de estrat\u00e9gia corporativa de ponta<\/h2>\n\n\n\n<p>A parceria com uma empresa de avalia\u00e7\u00e3o de estrat\u00e9gia corporativa de ponta ajuda a identificar lacunas em suas estrat\u00e9gias existentes, permitindo que voc\u00ea refine sua abordagem antes que os problemas aumentem. Essas empresas tamb\u00e9m ajudam as empresas a evitar armadilhas comuns, fornecendo insights com base em metodologias comprovadas e amplo conhecimento do setor.<\/p>\n\n\n\n<p>Uma vantagem fundamental de trabalhar com uma empresa de avalia\u00e7\u00e3o de estrat\u00e9gia \u00e9 a perspectiva externa que ela traz. Equipes internas podem n\u00e3o ter a objetividade necess\u00e1ria para avaliar criticamente suas pr\u00f3prias estrat\u00e9gias. Uma avalia\u00e7\u00e3o independente de uma empresa de avalia\u00e7\u00e3o de estrat\u00e9gia corporativa de ponta garante que todos os aspectos da estrat\u00e9gia de uma empresa sejam examinados sem vi\u00e9s. Essa abordagem ajuda as empresas a se adaptarem \u00e0s mudan\u00e7as nas condi\u00e7\u00f5es de mercado, identificar novas oportunidades e fortalecer sua posi\u00e7\u00e3o competitiva.<\/p>\n\n\n\n<h2 class=\"wp-block-heading\">Principais servi\u00e7os oferecidos pelas principais empresas de avalia\u00e7\u00e3o de estrat\u00e9gia corporativa<\/h2>\n\n\n\n<p>As principais empresas de avalia\u00e7\u00e3o de estrat\u00e9gia corporativa oferecem uma ampla gama de servi\u00e7os projetados para aprimorar a dire\u00e7\u00e3o estrat\u00e9gica de uma empresa. Aqui est\u00e1 uma an\u00e1lise aprofundada de alguns servi\u00e7os cr\u00edticos fornecidos:<\/p>\n\n\n\n<ul class=\"wp-block-list\">\n<li><strong>Auditorias de Estrat\u00e9gia<\/strong>: Uma revis\u00e3o abrangente das estrat\u00e9gias existentes para avaliar sua efic\u00e1cia e alinhamento com os objetivos gerais do neg\u00f3cio. As auditorias de estrat\u00e9gia ajudam as empresas a entender se suas iniciativas estrat\u00e9gicas as est\u00e3o levando em dire\u00e7\u00e3o aos objetivos desejados, identificando lacunas e \u00e1reas para melhoria.<\/li>\n\n\n\n<li><strong>Avalia\u00e7\u00f5es de desempenho<\/strong>: Uma avalia\u00e7\u00e3o dos resultados de iniciativas estrat\u00e9gicas, com foco em indicadores-chave de desempenho (KPIs) para medir o sucesso. As avalia\u00e7\u00f5es de desempenho s\u00e3o essenciais para determinar se a estrat\u00e9gia atual entrega os resultados esperados e atinge as metas de neg\u00f3cios.<\/li>\n\n\n\n<li><strong>Benchmarking de concorrentes<\/strong>: Analisar como o desempenho e as estrat\u00e9gias de uma empresa se comparam aos dos principais concorrentes. Isso envolve identificar \u00e1reas onde melhorias podem ser feitas e alavancar as melhores pr\u00e1ticas de l\u00edderes do setor para obter uma vantagem competitiva.<\/li>\n\n\n\n<li><strong>An\u00e1lise do potencial de crescimento<\/strong>: Avaliar oportunidades de mercado para determinar os caminhos mais vi\u00e1veis de expans\u00e3o e diversifica\u00e7\u00e3o de neg\u00f3cios. A an\u00e1lise do potencial de crescimento ajuda a identificar novas oportunidades no mercado, incluindo tend\u00eancias emergentes, segmentos de clientes inexplorados e parcerias potenciais que podem impulsionar a expans\u00e3o.<\/li>\n\n\n\n<li><strong>Avalia\u00e7\u00e3o e Mitiga\u00e7\u00e3o de Riscos<\/strong>: Avaliar riscos potenciais associados a estrat\u00e9gias existentes e fornecer recomenda\u00e7\u00f5es para mitiga\u00e7\u00e3o de riscos. Ao entender armadilhas potenciais, as empresas podem tomar medidas proativas para minimizar interrup\u00e7\u00f5es e aumentar a resili\u00eancia.<\/li>\n\n\n\n<li><strong>Otimiza\u00e7\u00e3o de aloca\u00e7\u00e3o de recursos<\/strong>: Revisar a aloca\u00e7\u00e3o atual de recursos para garantir que eles estejam sendo usados eficientemente. Isso inclui recursos financeiros, pessoal e tecnologia e ajuda as empresas a otimizar suas opera\u00e7\u00f5es para atingir objetivos estrat\u00e9gicos de forma mais eficaz.<\/li>\n\n\n\n<li><strong>Estrat\u00e9gia de entrada no mercado<\/strong>: Para empresas que buscam expandir para novos mercados, empresas de avalia\u00e7\u00e3o de estrat\u00e9gia corporativa podem auxiliar no desenvolvimento e implementa\u00e7\u00e3o de estrat\u00e9gias efetivas de entrada no mercado. Isso envolve avaliar as condi\u00e7\u00f5es de mercado e os requisitos regulat\u00f3rios e identificar o melhor modo de entrada, como joint ventures, parcerias ou investimento direto.<\/li>\n<\/ul>\n\n\n\n<h2 class=\"wp-block-heading\">O que diferencia as principais empresas de avalia\u00e7\u00e3o de estrat\u00e9gia corporativa?<\/h2>\n\n\n\n<p>Uma empresa de avalia\u00e7\u00e3o de estrat\u00e9gia corporativa de ponta como a SIS International se distingue por seu conhecimento especializado do setor, insights baseados em dados e metodologias comprovadas. Seu profundo entendimento de diferentes setores permite que ela forne\u00e7a recomenda\u00e7\u00f5es personalizadas que se alinham com os desafios e oportunidades \u00fanicos de cada setor.<\/p>\n\n\n\n<p>Essas empresas tamb\u00e9m usam ferramentas e estruturas anal\u00edticas avan\u00e7adas para avaliar estrat\u00e9gias. Alavancar an\u00e1lises de dados sofisticadas fornece insights acion\u00e1veis e fundamentados em evid\u00eancias emp\u00edricas. Essa abordagem orientada por dados garante que as recomenda\u00e7\u00f5es sejam estrat\u00e9gicas, mas tamb\u00e9m realistas e realiz\u00e1veis, dando \u00e0s empresas a melhor chance de sucesso.<\/p>\n\n\n\n<figure class=\"gb-block-image gb-block-image-c4f3f178\"><img loading=\"lazy\" decoding=\"async\" width=\"1456\" height=\"816\" class=\"gb-image gb-image-c4f3f178\" src=\"https:\/\/www.sisinternational.com\/wp-content\/uploads\/2025\/08\/Business-17.jpg\" alt=\"Pesquisa e Estrat\u00e9gia de Mercado Internacional da SIS\" title=\"Business (17)\" srcset=\"https:\/\/www.sisinternational.com\/wp-content\/uploads\/2025\/08\/Business-17.jpg 1456w, https:\/\/www.sisinternational.com\/wp-content\/uploads\/2025\/08\/Business-17-300x168.jpg 300w, https:\/\/www.sisinternational.com\/wp-content\/uploads\/2025\/08\/Business-17-1024x574.jpg 1024w, https:\/\/www.sisinternational.com\/wp-content\/uploads\/2025\/08\/Business-17-768x430.jpg 768w, https:\/\/www.sisinternational.com\/wp-content\/uploads\/2025\/08\/Business-17-18x10.jpg 18w\" sizes=\"auto, (max-width: 1456px) 100vw, 1456px\"><\/figure>\n\n\n\n<p><\/p>\n\n\n\n<h2 class=\"wp-block-heading\">Como uma empresa de avalia\u00e7\u00e3o de estrat\u00e9gia corporativa de ponta agrega valor<\/h2>\n\n\n\n<p>Uma empresa de avalia\u00e7\u00e3o de estrat\u00e9gia corporativa de ponta traz valor significativo para organiza\u00e7\u00f5es ao fornecer uma avalia\u00e7\u00e3o objetiva e baseada em dados de sua dire\u00e7\u00e3o estrat\u00e9gica. Por meio de an\u00e1lise especializada e recomenda\u00e7\u00f5es personalizadas, essas empresas permitem que as empresas identifiquem pontos fortes, descubram \u00e1reas para melhoria e capitalizem oportunidades de crescimento.<\/p>\n\n\n\n<p><\/p>\n\n\n\n<p><strong>An\u00e1lise imparcial para tomada de decis\u00e3o objetiva<\/strong><strong><br><\/strong>Uma das principais vantagens de trabalhar com uma empresa de avalia\u00e7\u00e3o de estrat\u00e9gia corporativa de ponta \u00e9 a perspectiva objetiva que ela oferece. Avalia\u00e7\u00f5es internas podem inadvertidamente ser influenciadas por vieses ou silos organizacionais, o que pode obscurecer a tomada de decis\u00f5es estrat\u00e9gicas. Uma empresa externa avalia objetivamente a estrat\u00e9gia de uma empresa, garantindo que as decis\u00f5es sejam baseadas somente em dados, tend\u00eancias de mercado e m\u00e9tricas de desempenho.&nbsp;<\/p>\n\n\n\n<p><strong>Acesso a ferramentas especializadas e estruturas anal\u00edticas<\/strong><strong><br><\/strong>As principais empresas de avalia\u00e7\u00e3o de estrat\u00e9gia corporativa utilizam ferramentas e estruturas avan\u00e7adas, como an\u00e1lise SWOT, balanced scorecards e planejamento de cen\u00e1rios, para analisar e medir a efic\u00e1cia estrat\u00e9gica. Essas empresas aplicam metodologias comprovadas para revelar insights acion\u00e1veis, permitindo que as empresas comparem o desempenho, me\u00e7am o progresso em dire\u00e7\u00e3o \u00e0s metas e ajustem t\u00e1ticas com base em an\u00e1lises abrangentes.&nbsp;<\/p>\n\n\n\n<p><strong>Conhecimento especializado da ind\u00fastria e percep\u00e7\u00e3o do mercado<\/strong><strong><br><\/strong>Uma empresa de avalia\u00e7\u00e3o de estrat\u00e9gia corporativa de ponta traz profunda expertise no setor, fornecendo insights sobre din\u00e2micas de mercado, estrat\u00e9gias de concorrentes e tend\u00eancias emergentes. Esse conhecimento do setor permite que a empresa compare o desempenho de uma empresa com as melhores pr\u00e1ticas e identifique novas oportunidades de diferencia\u00e7\u00e3o.&nbsp;<\/p>\n\n\n\n<p><strong>Identifica\u00e7\u00e3o de oportunidades de crescimento e mitiga\u00e7\u00e3o de riscos<\/strong><strong><br><\/strong>A avalia\u00e7\u00e3o de estrat\u00e9gia eficaz avalia o desempenho atual e identifica oportunidades de crescimento futuro e riscos potenciais. Empresas especializadas como a SIS avaliam a viabilidade de entrar em novos mercados, diversificar ofertas de produtos ou melhorar a efici\u00eancia operacional. Ao mesmo tempo, elas analisam fatores de risco que podem impactar o sucesso a longo prazo, como desafios regulat\u00f3rios ou mudan\u00e7as na demanda do cliente.&nbsp;<\/p>\n\n\n\n<p><strong>Alinhamento estrat\u00e9gico e responsabiliza\u00e7\u00e3o aprimorados<\/strong><strong><br><\/strong>Trabalhar com uma empresa especialista garante que os objetivos estrat\u00e9gicos de uma empresa estejam alinhados de perto com suas opera\u00e7\u00f5es do dia a dia, promovendo uma cultura de responsabilidade em todos os n\u00edveis. Uma empresa de avalia\u00e7\u00e3o de estrat\u00e9gia corporativa de ponta pode ajudar a definir metas claras e mensur\u00e1veis vinculadas a KPIs individuais e departamentais, garantindo que todos dentro da organiza\u00e7\u00e3o estejam alinhados com a vis\u00e3o abrangente da empresa.&nbsp;<\/p>\n\n\n\n<h2 class=\"wp-block-heading\">Como escolher a melhor empresa de avalia\u00e7\u00e3o de estrat\u00e9gia corporativa<\/h2>\n\n\n\n<p>Choosing the right corporate <a href=\"https:\/\/www.sisinternational.com\/pt\/midias-sociais-em-pequenas-empresas\/\" title=\"Estrat\u00e9gias de m\u00eddia social para pequenas empresas\"  data-wpil-monitor-id=\"2230\">strategy evaluation firm<\/a> is a critical decision that can impact your business. Here are some key factors to consider:<\/p>\n\n\n\n<p><\/p>\n\n\n\n<figure class=\"gb-block-image gb-block-image-62530ce5\"><img loading=\"lazy\" decoding=\"async\" width=\"1456\" height=\"816\" class=\"gb-image gb-image-62530ce5\" src=\"https:\/\/www.sisinternational.com\/wp-content\/uploads\/2025\/09\/New-York-9.jpg\" alt=\"Pesquisa e Estrat\u00e9gia de Mercado Internacional da SIS\" title=\"New York (9)\" srcset=\"https:\/\/www.sisinternational.com\/wp-content\/uploads\/2025\/09\/New-York-9.jpg 1456w, https:\/\/www.sisinternational.com\/wp-content\/uploads\/2025\/09\/New-York-9-300x168.jpg 300w, https:\/\/www.sisinternational.com\/wp-content\/uploads\/2025\/09\/New-York-9-1024x574.jpg 1024w, https:\/\/www.sisinternational.com\/wp-content\/uploads\/2025\/09\/New-York-9-768x430.jpg 768w, https:\/\/www.sisinternational.com\/wp-content\/uploads\/2025\/09\/New-York-9-18x10.jpg 18w\" sizes=\"auto, (max-width: 1456px) 100vw, 1456px\"><\/figure>\n\n\n\n<p><\/p>\n\n\n\n<ul class=\"wp-block-list\">\n<li><strong>Experi\u00eancia<\/strong>: Procure uma empresa com ampla experi\u00eancia em seu setor. O conhecimento deles sobre o cen\u00e1rio de mercado permitir\u00e1 que eles forne\u00e7am recomenda\u00e7\u00f5es mais relevantes e pr\u00e1ticas.<\/li>\n\n\n\n<li><strong>Depoimentos de clientes<\/strong>: Depoimentos de clientes e hist\u00f3rias de sucesso podem fornecer insights valiosos sobre as capacidades da empresa e os resultados que ela alcan\u00e7ou para outras empresas.<\/li>\n\n\n\n<li><strong>Experi\u00eancia na ind\u00fastria<\/strong>: As principais empresas t\u00eam experi\u00eancia especializada em v\u00e1rios setores, o que lhes permite fornecer recomenda\u00e7\u00f5es personalizadas que atendem \u00e0s necessidades do seu setor.<\/li>\n\n\n\n<li><strong>Ofertas de servi\u00e7os personalizados<\/strong>:As melhores empresas de avalia\u00e7\u00e3o de estrat\u00e9gia corporativa oferecem solu\u00e7\u00f5es personalizadas, reconhecendo que cada neg\u00f3cio \u00e9 \u00fanico e requer uma abordagem personalizada.<\/li>\n<\/ul>\n\n\n\n<h2 class=\"wp-block-heading\">Por que a SIS International \u00e9 a melhor empresa de avalia\u00e7\u00e3o de estrat\u00e9gia corporativa para o seu neg\u00f3cio<\/h2>\n\n\n\n<p>Encontrar o parceiro certo para ajudar a avaliar e refinar suas estrat\u00e9gias corporativas em um mercado concorrido pode ser desafiador. <a href=\"https:\/\/www.linkedin.com\/company\/sisinternationalresearch\/\" target=\"_blank\" rel=\"noopener\">SIS Internacional<\/a> se destaca como a principal empresa de avalia\u00e7\u00e3o de estrat\u00e9gia corporativa devido \u00e0 sua abordagem \u00fanica que combina profundo conhecimento do setor, solu\u00e7\u00f5es personalizadas e acess\u00edveis e insights abrangentes de mercado.&nbsp;<\/p>\n\n\n<p>\n\n\n<\/p>\n<h4 class=\"wp-block-heading\" style=\"padding-left: 40px;\"><strong>Vasta experi\u00eancia e conhecimento da ind\u00fastria<\/strong><\/h4>\n<p style=\"padding-left: 40px;\">\n\n\n\n<\/p>\n<p style=\"padding-left: 40px;\">No <a href=\"https:\/\/twitter.com\/SISIntlResearch\" target=\"_blank\" rel=\"noopener\">SIS<\/a>, trazemos d\u00e9cadas de experi\u00eancia em diversos setores. Nossa equipe de especialistas tem um profundo entendimento de v\u00e1rios setores, o que nos permite fornecer insights altamente relevantes para as necessidades do seu neg\u00f3cio.\u00a0<\/p>\n<p style=\"padding-left: 40px;\">\n\n\n\n<\/p>\n<h4 class=\"wp-block-heading\" style=\"padding-left: 40px;\"><strong>Solu\u00e7\u00f5es acess\u00edveis e personalizadas<\/strong><\/h4>\n<p style=\"padding-left: 40px;\">\n\n\n\n<\/p>\n<p style=\"padding-left: 40px;\">A SIS International oferece solu\u00e7\u00f5es personalizadas que s\u00e3o acess\u00edveis sem comprometer a qualidade. Nossos modelos de pre\u00e7os s\u00e3o transparentes, e nossos servi\u00e7os s\u00e3o projetados para se adequar ao seu or\u00e7amento, ao mesmo tempo em que entregam o m\u00e1ximo valor. Trabalhamos em estreita colabora\u00e7\u00e3o com voc\u00ea para desenvolver estrat\u00e9gias eficazes e financeiramente vi\u00e1veis, ajudando voc\u00ea a atingir seus objetivos de neg\u00f3cios sem sobrecarregar seus recursos.<\/p>\n<p style=\"padding-left: 40px;\">\n\n\n\n<\/p>\n<h4 class=\"wp-block-heading\" style=\"padding-left: 40px;\"><strong>Insights abrangentes de mercado<\/strong><\/h4>\n<p style=\"padding-left: 40px;\">\n\n\n\n<\/p>\n<p style=\"padding-left: 40px;\">Aproveitamos an\u00e1lises avan\u00e7adas de dados e pesquisas aprofundadas para fornecer a voc\u00ea um entendimento claro da sua posi\u00e7\u00e3o de mercado. Ao analisar tend\u00eancias de mercado, comportamento do consumidor e atividades dos concorrentes, ajudamos voc\u00ea a tomar decis\u00f5es informadas que melhoram sua dire\u00e7\u00e3o estrat\u00e9gica.\u00a0<\/p>\n<p style=\"padding-left: 40px;\">\n\n\n\n<\/p>\n<h4 class=\"wp-block-heading\" style=\"padding-left: 40px;\"><strong>Metodologias comprovadas para o sucesso estrat\u00e9gico<\/strong><\/h4>\n<p style=\"padding-left: 40px;\">\n\n\n\n<\/p>\n<p style=\"padding-left: 40px;\">A SIS International emprega metodologias comprovadas refinadas por anos de experi\u00eancia. Nossas auditorias de estrat\u00e9gia, avalia\u00e7\u00f5es de desempenho e an\u00e1lises de potencial de crescimento s\u00e3o projetadas para fornecer insights acion\u00e1veis que levam a melhorias mensur\u00e1veis.\u00a0<\/p>\n<p style=\"padding-left: 40px;\">\n\n\n\n<\/p>\n<h4 class=\"wp-block-heading\" style=\"padding-left: 40px;\"><strong>Abordagem centrada no cliente<\/strong><\/h4>\n<p style=\"padding-left: 40px;\">\n\n\n\n<\/p>\n<p style=\"padding-left: 40px;\">Na SIS International, adotamos uma abordagem centrada no cliente, garantindo que todas as recomenda\u00e7\u00f5es estejam alinhadas com suas necessidades comerciais exclusivas. Reconhecemos que n\u00e3o h\u00e1 duas empresas iguais, e nossas solu\u00e7\u00f5es s\u00e3o personalizadas para abordar seus desafios e oportunidades espec\u00edficos. Trabalhamos em estreita colabora\u00e7\u00e3o com sua equipe para desenvolver estrat\u00e9gias pr\u00e1ticas, acion\u00e1veis e projetadas para impulsionar o sucesso.<\/p>\n<p style=\"padding-left: 40px;\">\n\n\n\n<\/p>\n<h4 class=\"wp-block-heading\" style=\"padding-left: 40px;\"><strong>Suporte e parceria de longo prazo<\/strong><\/h4>\n<p style=\"padding-left: 40px;\">\n\n\n\n<\/p>\n<p style=\"padding-left: 40px;\"><a href=\"https:\/\/medium.com\/@sisinternational\/sis-international-c17160da8fac\" target=\"_blank\" rel=\"noopener\">SIS<\/a> fornece suporte cont\u00ednuo para garantir que suas estrat\u00e9gias corporativas permane\u00e7am eficazes e adapt\u00e1veis \u00e0s din\u00e2micas de mercado em mudan\u00e7a. Entendemos que o ambiente de neg\u00f3cios est\u00e1 em constante evolu\u00e7\u00e3o e nos dedicamos a ajudar voc\u00ea a navegar por essas mudan\u00e7as. Nossa abordagem de parceria de longo prazo significa que estamos sempre dispon\u00edveis para fornecer orienta\u00e7\u00e3o, fazer ajustes e garantir que suas estrat\u00e9gias continuem a gerar resultados.\u00a0<\/p>\n<p>\n\n\n<\/p>\n\n\n<h2 class=\"wp-block-heading\">Sobre SIS Internacional<\/h2>\n\n\n\n<p><a href=\"https:\/\/www.sisinternational.com\/pt\/\">SIS Internacional<\/a> oferece pesquisa quantitativa, qualitativa e estrat\u00e9gica. Fornecemos dados, ferramentas, estrat\u00e9gias, relat\u00f3rios e insights para a tomada de decis\u00f5es. Tamb\u00e9m realizamos entrevistas, pesquisas, grupos focais e outros m\u00e9todos e abordagens de Pesquisa de Mercado.<a href=\"https:\/\/www.sisinternational.com\/pt\/sobre-a-sis-international-research\/contact-sis-international-market-research\/\"> Entre em contato conosco<\/a> para o seu pr\u00f3ximo projeto de pesquisa de mercado.<\/p>\n\n\n\n<p><br><\/p>\n\n\n\n<p><\/p>","protected":false},"excerpt":{"rendered":"<p>Top Corporate Strategy Evaluation Firm Engaging a top corporate strategy evaluation firm helps businesses adapt to market changes, optimize resources, and maintain a competitive edge in their industry. The effectiveness of a corporate strategy can make or break a business. By working with a top corporate strategy evaluation firm, you can ensure that your strategic &#8230; <a title=\"Melhor empresa de avalia\u00e7\u00e3o de estrat\u00e9gia corporativa\" class=\"read-more\" href=\"https:\/\/www.sisinternational.com\/pt\/solucoes\/consultoria-estrategica\/empresa-lider-em-avaliacao-de-estrategia-corporativa\/\" aria-label=\"Read more about Top Corporate Strategy Evaluation Firm\">Leia mais<\/a><\/p>","protected":false},"author":1,"featured_media":66478,"parent":14567,"menu_order":46,"comment_status":"closed","ping_status":"closed","template":"","meta":{"footnotes":""},"class_list":["post-53937","page","type-page","status-publish","has-post-thumbnail"],"_links":{"self":[{"href":"https:\/\/www.sisinternational.com\/pt\/wp-json\/wp\/v2\/pages\/53937","targetHints":{"allow":["GET"]}}],"collection":[{"href":"https:\/\/www.sisinternational.com\/pt\/wp-json\/wp\/v2\/pages"}],"about":[{"href":"https:\/\/www.sisinternational.com\/pt\/wp-json\/wp\/v2\/types\/page"}],"author":[{"embeddable":true,"href":"https:\/\/www.sisinternational.com\/pt\/wp-json\/wp\/v2\/users\/1"}],"replies":[{"embeddable":true,"href":"https:\/\/www.sisinternational.com\/pt\/wp-json\/wp\/v2\/comments?post=53937"}],"version-history":[{"count":10,"href":"https:\/\/www.sisinternational.com\/pt\/wp-json\/wp\/v2\/pages\/53937\/revisions"}],"predecessor-version":[{"id":76590,"href":"https:\/\/www.sisinternational.com\/pt\/wp-json\/wp\/v2\/pages\/53937\/revisions\/76590"}],"up":[{"embeddable":true,"href":"https:\/\/www.sisinternational.com\/pt\/wp-json\/wp\/v2\/pages\/14567"}],"wp:featuredmedia":[{"embeddable":true,"href":"https:\/\/www.sisinternational.com\/pt\/wp-json\/wp\/v2\/media\/66478"}],"wp:attachment":[{"href":"https:\/\/www.sisinternational.com\/pt\/wp-json\/wp\/v2\/media?parent=53937"}],"curies":[{"name":"wp","href":"https:\/\/api.w.org\/{rel}","templated":true}]}}