{"id":53934,"date":"2024-11-06T05:47:59","date_gmt":"2024-11-06T10:47:59","guid":{"rendered":"https:\/\/www.sisinternational.com\/?page_id=53934"},"modified":"2026-03-05T23:19:49","modified_gmt":"2026-03-06T04:19:49","slug":"estrategias-de-entrada-no-mercado-b2b","status":"publish","type":"page","link":"https:\/\/www.sisinternational.com\/pt\/solucoes\/pesquisa-de-mercado-b2b\/estrategias-de-entrada-no-mercado-b2b\/","title":{"rendered":"Estrat\u00e9gias de entrada no mercado B2B"},"content":{"rendered":"<h1 class=\"wp-block-heading\">Estrat\u00e9gias de entrada no mercado B2B<\/h1>\n\n\n\n<p><br><\/p>\n\n\n\n<figure class=\"gb-block-image gb-block-image-7ac2c3cc\"><img loading=\"lazy\" decoding=\"async\" width=\"1456\" height=\"816\" class=\"gb-image gb-image-7ac2c3cc\" src=\"https:\/\/www.sisinternational.com\/wp-content\/uploads\/2025\/08\/B2B-2-6.jpg\" alt=\"Pesquisa e Estrat\u00e9gia de Mercado Internacional da SIS\" title=\"B2B 2 (6)\" srcset=\"https:\/\/www.sisinternational.com\/wp-content\/uploads\/2025\/08\/B2B-2-6.jpg 1456w, https:\/\/www.sisinternational.com\/wp-content\/uploads\/2025\/08\/B2B-2-6-300x168.jpg 300w, https:\/\/www.sisinternational.com\/wp-content\/uploads\/2025\/08\/B2B-2-6-1024x574.jpg 1024w, https:\/\/www.sisinternational.com\/wp-content\/uploads\/2025\/08\/B2B-2-6-768x430.jpg 768w, https:\/\/www.sisinternational.com\/wp-content\/uploads\/2025\/08\/B2B-2-6-18x10.jpg 18w\" sizes=\"auto, (max-width: 1456px) 100vw, 1456px\"><\/figure>\n\n\n\n<hr class=\"wp-block-separator has-alpha-channel-opacity is-style-dots\"\/>\n\n\n\n<h4 class=\"wp-block-heading\">Entrar em um novo mercado exige estrat\u00e9gia e precis\u00e3o. Estrat\u00e9gias de Entrada no Mercado B2B fornecem um roteiro para ajudar empresas a terem sucesso em territ\u00f3rios desconhecidos.<\/h4>\n\n\n\n<p>A entrada bem-sucedida no mercado \u00e9 um movimento calculado. Com as estrat\u00e9gias certas de entrada no mercado B2B, seu neg\u00f3cio pode minimizar riscos e maximizar o crescimento.<\/p>\n\n\n\n<h2 class=\"wp-block-heading\">O que \u00e9 estrat\u00e9gia de entrada no mercado B2B?<\/h2>\n\n\n\n<p>Estrat\u00e9gias de entrada no mercado B2B s\u00e3o planos estruturados que ajudam empresas a entrar em novos mercados com sucesso, abordando desafios espec\u00edficos para relacionamentos B2B. Essas estrat\u00e9gias abrangem a identifica\u00e7\u00e3o das necessidades do cliente, a compreens\u00e3o dos concorrentes locais, a ades\u00e3o aos requisitos regulat\u00f3rios e o estabelecimento de conex\u00f5es com as principais partes interessadas.&nbsp;<\/p>\n\n\n\n<p>In this context, market research provides insights into customer preferences, competitive dynamics, cultural nuances, and regulatory hurdles specific to the target market..<\/p>\n\n\n\n<h2 class=\"wp-block-heading\">Por que as empresas precisam de estrat\u00e9gias de entrada no mercado B2B?<\/h2>\n\n\n\n<figure class=\"gb-block-image gb-block-image-ada81492\"><img decoding=\"async\" class=\"gb-image gb-image-ada81492\" src=\"https:\/\/www.sisinternational.com\/wp-content\/uploads\/2025\/01\/Financial-services-11.jpeg\" alt=\"Pesquisa e Estrat\u00e9gia de Mercado Internacional da SIS\" title=\"Financial services (11)\"><\/figure>\n\n\n\n<p><\/p>\n\n\n\n<p>One of the primary reasons businesses need <a href=\"https:\/\/sisaisolutions.com\/application-of-ai-in-b2b\/\" target=\"_blank\" rel=\"noopener\">B2B market entry strategies<\/a> is to navigate the complexities of local regulations. Every region has its regulatory landscape, from trade policies to taxation rules. Without a clear plan, a company might find itself entangled in compliance issues that could be costly or time-consuming.<\/p>\n\n\n\n<p>Another critical factor is understanding regional customer behavior. What works in one market might not necessarily succeed in another. <a href=\"https:\/\/www.sisinternational.com\/pt\/analise-da-entrada-no-mercado-do-carrefour-dubai\/\" title=\"An\u00e1lise de entrada no mercado de Dubai do Carrefour\" data-wpil-monitor-id=\"1834\">Estrat\u00e9gias de entrada no mercado<\/a> help businesses adapt their products, services, and messaging to fit the cultural and economic context of the new market.<\/p>\n\n\n\n<p>Adicionalmente, <a href=\"https:\/\/www.sisinternational.com\/pt\/b2b-go-to-market-strategy\/\" title=\"B2B Go-to-Market Strategy\" data-wpil-monitor-id=\"795\">B2B market entry strategies<\/a> help businesses identify and mitigate risks. Entering a new market involves various uncertainties, including economic stability, competitive pressures, and cultural differences. A well-researched and executed strategy provides a framework for risk assessment and mitigation, helping businesses navigate these challenges and establish a foothold in the market.<\/p>\n\n\n\n<h2 class=\"wp-block-heading\">Nossa an\u00e1lise e recomenda\u00e7\u00f5es atuais do mercado<\/h2>\n\n\n\n<p>Recomendamos alavancar parcerias locais para construir credibilidade e confian\u00e7a dentro do mercado. Parcerias com players locais estabelecidos podem ajudar a preencher lacunas culturais, navegar em cen\u00e1rios regulat\u00f3rios e criar um processo de entrada mais tranquilo.<\/p>\n\n\n\n<p>We also consider digital tools indispensable in today&#8217;s market landscape. Advanced analytics can provide deeper insights into customer preferences, allowing your business to make data-driven adjustments. <\/p>\n\n\n\n<p>Al\u00e9m disso, acreditamos que uma abordagem de entrada flex\u00edvel \u2014 como uma combina\u00e7\u00e3o de canais diretos e indiretos \u2014 pode ajudar as empresas a se adaptarem melhor \u00e0 din\u00e2mica do mercado. Os canais diretos podem oferecer controle e visibilidade da marca, enquanto os canais indiretos, como distribuidores locais, podem fornecer alcance de mercado e riscos menores. Quando personalizadas para as condi\u00e7\u00f5es de mercado, essas estrat\u00e9gias combinadas podem aumentar significativamente sua chance de sucesso em novos territ\u00f3rios.<\/p>\n\n\n\n<h2 class=\"wp-block-heading\">Drivers de mercado<\/h2>\n\n\n\n<p>V\u00e1rios fatores de condu\u00e7\u00e3o frequentemente influenciam a entrada bem-sucedida no mercado. Aqui est\u00e3o sete principais impulsionadores de mercado:<\/p>\n\n\n\n<p><\/p>\n\n\n\n<figure class=\"gb-block-image gb-block-image-ad9aa877\"><img loading=\"lazy\" decoding=\"async\" width=\"822\" height=\"792\" class=\"gb-image gb-image-ad9aa877\" src=\"https:\/\/www.sisinternational.com\/wp-content\/uploads\/2024\/11\/Market-entry.png\" alt=\"Pesquisa e Estrat\u00e9gia de Mercado Internacional da SIS\" title=\"Entrada no mercado\" srcset=\"https:\/\/www.sisinternational.com\/wp-content\/uploads\/2024\/11\/Market-entry.png 822w, https:\/\/www.sisinternational.com\/wp-content\/uploads\/2024\/11\/Market-entry-300x289.png 300w, https:\/\/www.sisinternational.com\/wp-content\/uploads\/2024\/11\/Market-entry-768x740.png 768w, https:\/\/www.sisinternational.com\/wp-content\/uploads\/2024\/11\/Market-entry-12x12.png 12w\" sizes=\"auto, (max-width: 822px) 100vw, 822px\"><\/figure>\n\n\n\n<p><\/p>\n\n\n\n<ol class=\"wp-block-list\">\n<li><strong>Ado\u00e7\u00e3o crescente de tecnologia<\/strong>: Increased digital adoption opens new avenues for <a href=\"https:\/\/www.sisinternational.com\/pt\/estrategia-de-marketing-multicanal-b2b\/\" title=\"Estrat\u00e9gia de Marketing Multicanal B2B\" data-wpil-monitor-id=\"840\">B2B market entry strategies<\/a>. The rise of cloud computing, AI, and IoT enables companies to leverage technology for efficient market entry.<\/li>\n\n\n\n<li><strong>Suporte governamental<\/strong>: Pol\u00edticas e incentivos encorajam empresas a entrar em novos mercados. Governos em todo o mundo fornecem subs\u00eddios, isen\u00e7\u00f5es fiscais e outros incentivos para atrair investimentos estrangeiros e promover o crescimento econ\u00f4mico.<\/li>\n\n\n\n<li><strong>Aumento da demanda por sustentabilidade<\/strong>: Produtos e servi\u00e7os ecologicamente corretos s\u00e3o muito procurados. \u00c0 medida que os consumidores se tornam mais conscientes do meio ambiente, uma demanda crescente por pr\u00e1ticas comerciais sustent\u00e1veis cria oportunidades para empresas focadas em solu\u00e7\u00f5es verdes.<\/li>\n\n\n\n<li><strong>Mudan\u00e7as no comportamento do consumidor<\/strong>: Mudan\u00e7as nas prefer\u00eancias criam oportunidades para solu\u00e7\u00f5es espec\u00edficas do mercado. Personaliza\u00e7\u00e3o, consumo digital e consci\u00eancia de sa\u00fade impulsionam a demanda por produtos e servi\u00e7os personalizados.<\/li>\n\n\n\n<li><strong>Crescimento econ\u00f4mico<\/strong>: Economias em expans\u00e3o oferecem terreno f\u00e9rtil para novos entrantes. Mercados emergentes, particularmente na \u00c1sia e na \u00c1frica, est\u00e3o experimentando um crescimento significativo, fornecendo oportunidades para empresas que buscam expandir sua pegada.<\/li>\n\n\n\n<li><strong>Expans\u00e3o do com\u00e9rcio eletr\u00f4nico<\/strong>: O crescimento do e-commerce facilita transa\u00e7\u00f5es B2B mais f\u00e1ceis. A crescente popularidade das plataformas online permite que as empresas alcancem novos clientes e otimizem seus canais de distribui\u00e7\u00e3o sem infraestrutura f\u00edsica significativa.<\/li>\n\n\n\n<li><strong>Alian\u00e7as estrat\u00e9gicas<\/strong>: A colabora\u00e7\u00e3o entre players locais e internacionais aumenta a acessibilidade do mercado. Parcerias com empresas locais podem ajudar as empresas a navegar por obst\u00e1culos regulat\u00f3rios, entender diferen\u00e7as culturais e ganhar credibilidade no mercado.<\/li>\n<\/ol>\n\n\n\n<p><\/p>\n\n\n<div class=\"wp-block-image\">\n<figure class=\"aligncenter size-full\"><img decoding=\"async\" src=\"https:\/\/www.sisinternational.com\/wp-content\/uploads\/2015\/07\/China-Market-Entry-Research-and-Strategy.jpg\" alt=\"Pesquisa e estrat\u00e9gia de entrada no mercado chin\u00eas - Estrat\u00e9gias de entrada no mercado B2B\" class=\"wp-image-29098\"\/><\/figure>\n<\/div>\n\n\n<p><\/p>\n\n\n\n<h2 class=\"wp-block-heading\">Restri\u00e7\u00f5es de mercado<\/h2>\n\n\n\n<p>No entanto, entrar em um novo mercado n\u00e3o \u00e9 isento de desafios. Aqui est\u00e3o sete restri\u00e7\u00f5es de mercado das quais voc\u00ea deve estar ciente:<\/p>\n\n\n\n<ol class=\"wp-block-list\">\n<li><strong>Requisitos regulat\u00f3rios complexos<\/strong>: Diverse regulatory standards complicate B2B <a href=\"https:\/\/www.sisinternational.com\/pt\/tornando-se-um-campeao-oculto-em-marketing-de-nicho\/\" title=\"Estrat\u00e9gia de marketing de campe\u00f5es ocultos e marketing de nicho\" data-wpil-monitor-id=\"7584\">estrat\u00e9gias de entrada no mercado<\/a>. Navigating compliance requirements can be challenging, especially in industries with strict regulations like healthcare and finance.<\/li>\n\n\n\n<li><strong>Alta competi\u00e7\u00e3o<\/strong>: A competi\u00e7\u00e3o intensa pode tornar desafiador para os novatos ganharem participa\u00e7\u00e3o de mercado. Os players estabelecidos geralmente t\u00eam fidelidade \u00e0 marca, economias de escala e fortes redes de distribui\u00e7\u00e3o com as quais pode ser dif\u00edcil competir.<\/li>\n\n\n\n<li><strong>Diferen\u00e7as culturais<\/strong>: A falta de percep\u00e7\u00e3o cultural pode levar a mensagens ineficazes. Entender os costumes locais, as nuances da linguagem e o comportamento do consumidor \u00e9 crucial para uma entrada eficaz no mercado, e n\u00e3o faz\u00ea-lo pode resultar em comunica\u00e7\u00e3o incorreta e danos \u00e0 marca.<\/li>\n\n\n\n<li><strong>Instabilidade econ\u00f4mica<\/strong>: Economias flutuantes podem impactar decis\u00f5es de entrada no mercado. Crises econ\u00f4micas, volatilidade cambial e instabilidade pol\u00edtica podem representar riscos significativos para novos entrantes no mercado.<\/li>\n\n\n\n<li><strong>Altos custos de entrada<\/strong>: A configura\u00e7\u00e3o de opera\u00e7\u00f5es pode exigir um investimento financeiro significativo. Os custos de infraestrutura, contrata\u00e7\u00e3o, marketing e conformidade podem ser proibitivos para algumas empresas, especialmente PMEs.<\/li>\n\n\n\n<li><strong>Desafios Log\u00edsticos<\/strong>: Log\u00edstica ineficiente pode atrapalhar o gerenciamento da cadeia de suprimentos. Infraestrutura prec\u00e1ria, procedimentos alfandeg\u00e1rios complexos e transporte n\u00e3o confi\u00e1vel podem interromper a entrega pontual de produtos e servi\u00e7os.<\/li>\n\n\n\n<li><strong>Conhecimento limitado do mercado<\/strong>: Uma compreens\u00e3o inadequada das condi\u00e7\u00f5es do mercado local pode levar a erros. Sem uma pesquisa de mercado completa, as empresas podem julgar mal a demanda, os pre\u00e7os ou a din\u00e2mica competitiva, resultando em tentativas fracassadas de entrada no mercado.<\/li>\n<\/ol>\n\n\n\n<h2 class=\"wp-block-heading\">Como a SIS International \u00e9 sua escolha mais acess\u00edvel em estrat\u00e9gias de entrada no mercado B2B<\/h2>\n\n\n\n<p>SIS International is committed to offering high-quality and affordable <a href=\"https:\/\/www.sisinternational.com\/pt\/sis-global-coverage\/\" title=\"sis global coverage\" data-wpil-monitor-id=\"6589\">a entrada no mercado<\/a> solutions for businesses looking to expand globally. Our expertise, cost-effective approach, and personalized services make us the ideal partner for successful market entry.&nbsp;<\/p>\n\n\n<p>\n\n\n<\/p>\n<h4 class=\"wp-block-heading\" style=\"padding-left: 40px;\"><strong>Ampla experi\u00eancia de mercado<\/strong><\/h4>\n<p style=\"padding-left: 40px;\">\n\n\n\n<\/p>\n<p style=\"padding-left: 40px;\">A SIS oferece uma combina\u00e7\u00e3o \u00fanica de acessibilidade e expertise, o que nos torna o parceiro ideal para estrat\u00e9gias de entrada no mercado B2B. Nossa equipe traz anos de experi\u00eancia em diversos mercados, garantindo que sua estrat\u00e9gia de entrada seja baseada em insights pr\u00e1ticos e adaptada para atender a requisitos locais espec\u00edficos.<\/p>\n<p style=\"padding-left: 40px;\">\n\n\n\n<\/p>\n<h4 class=\"wp-block-heading\" style=\"padding-left: 40px;\"><strong>Solu\u00e7\u00f5es econ\u00f4micas<\/strong><\/h4>\n<p style=\"padding-left: 40px;\">\n\n\n\n<\/p>\n<p style=\"padding-left: 40px;\">Temos orgulho de ser uma escolha acess\u00edvel para empresas que buscam se expandir internacionalmente. Ao alavancar nossa expertise, ajudamos as empresas a minimizar os custos de entrada e agilizar o processo. Nosso <a href=\"https:\/\/www.linkedin.com\/pulse\/how-market-research-enables-growth-ruth-stanat-phekf\/\" target=\"_blank\" rel=\"noopener\">pesquisa de mercado<\/a> e os servi\u00e7os de consultoria s\u00e3o projetados para identificar oportunidades, mitigar riscos e maximizar o sucesso, controlando despesas.<\/p>\n<p style=\"padding-left: 40px;\">\n\n\n\n<\/p>\n<h4 class=\"wp-block-heading\" style=\"padding-left: 40px;\"><strong>Suporte personalizado para sua entrada no mercado<\/strong><\/h4>\n<p style=\"padding-left: 40px;\">\n\n\n\n<\/p>\n<p style=\"padding-left: 40px;\"><a href=\"https:\/\/www.linkedin.com\/company\/sisinternationalresearch\/\" target=\"_blank\" rel=\"noopener\">SIS Internacional<\/a> guia sua jornada para novos mercados com confian\u00e7a e precis\u00e3o. Nossa abordagem personalizada garante que cada aspecto da sua estrat\u00e9gia de entrada no mercado seja personalizado para as necessidades do seu neg\u00f3cio, dando a voc\u00ea a melhor chance de sucesso.<\/p>\n<p style=\"padding-left: 40px;\">\n\n\n\n<\/p>\n<h4 class=\"wp-block-heading\" style=\"padding-left: 40px;\"><strong>Pesquisa de mercado abrangente<\/strong><\/h4>\n<p style=\"padding-left: 40px;\">\n\n\n\n<\/p>\n<p style=\"padding-left: 40px;\">Nossos servi\u00e7os de pesquisa de mercado s\u00e3o projetados para fornecer insights profundos sobre seu mercado-alvo. Usamos an\u00e1lises avan\u00e7adas de dados e m\u00e9todos de pesquisa aprofundados para entender o comportamento do consumidor, a concorr\u00eancia e os cen\u00e1rios regulat\u00f3rios.\u00a0<\/p>\n<p style=\"padding-left: 40px;\">\n\n\n\n<\/p>\n<h4 class=\"wp-block-heading\" style=\"padding-left: 40px;\"><strong>Servi\u00e7os de consultoria especializada<\/strong><\/h4>\n<p style=\"padding-left: 40px;\">\n\n\n\n<\/p>\n<p style=\"padding-left: 40px;\">Nossa equipe de consultoria trabalha em estreita colabora\u00e7\u00e3o com voc\u00ea para elaborar estrat\u00e9gias que se alinhem com seus objetivos de neg\u00f3cios. Oferecemos consultoria especializada na sele\u00e7\u00e3o dos modos certos de entrada no mercado, seja por meio de parcerias, aquisi\u00e7\u00f5es ou estabelecimento de novas opera\u00e7\u00f5es.\u00a0<\/p>\n<p style=\"padding-left: 40px;\">\n\n\n\n<\/p>\n<h4 class=\"wp-block-heading\" style=\"padding-left: 40px;\"><strong>Suporte e adapta\u00e7\u00e3o cont\u00ednuos<\/strong><\/h4>\n<p style=\"padding-left: 40px;\">\n\n\n\n<\/p>\n<p style=\"padding-left: 40px;\"><a href=\"https:\/\/twitter.com\/SISIntlResearch\" target=\"_blank\" rel=\"noopener\">SIS<\/a> fornece suporte cont\u00ednuo mesmo ap\u00f3s a entrada inicial no mercado, ajudando voc\u00ea a ajustar estrat\u00e9gias conforme necess\u00e1rio. Nosso monitoramento cont\u00ednuo de tend\u00eancias de mercado e feedback do cliente garante que seu neg\u00f3cio permane\u00e7a competitivo e \u00e1gil no novo mercado.<\/p>\n<p style=\"padding-left: 40px;\">\n\n\n\n<\/p>\n<h4 class=\"wp-block-heading\" style=\"padding-left: 40px;\"><strong>Excel\u00eancia acess\u00edvel<\/strong><\/h4>\n<p style=\"padding-left: 40px;\">\n\n\n\n<\/p>\n<p style=\"padding-left: 40px;\">Na SIS International, o custo n\u00e3o deve ser uma barreira para o sucesso. Nossos servi\u00e7os s\u00e3o projetados para serem acess\u00edveis sem comprometer a qualidade. Oferecemos modelos de pre\u00e7os transparentes e trabalhamos com voc\u00ea para encontrar solu\u00e7\u00f5es que se encaixem no seu or\u00e7amento, ao mesmo tempo em que entregam o m\u00e1ximo valor.<\/p>\n<p style=\"padding-left: 40px;\">\n\n\n<h2>Localiza\u00e7\u00e3o de nossas instala\u00e7\u00f5es em Nova York<\/h2>\n<p><!-- \/wp:post-content --> <!-- wp:html --> <iframe loading=\"lazy\" src=\"https:\/\/www.google.com\/maps\/embed?pb=!1m18!1m12!1m3!1d3022.976188376966!2d-73.99130312499956!3d40.740549471389315!2m3!1f0!2f0!3f0!3m2!1i1024!2i768!4f13.1!3m3!1m2!1s0x89c259a15798c731%3A0xd695d09bdd495f25!2s11%20E%2022nd%20St%20FL%202%2C%20New%20York%2C%20NY%2010010%2C%20USA!5e0!3m2!1sen!2spe!4v1726171763526!5m2!1sen!2spe\" width=\"600\" height=\"450\" allowfullscreen=\"allowfullscreen\" data-mce-fragment=\"1\"><\/iframe> <!-- \/wp:html --> <!-- wp:paragraph --><\/p>\n<h3 class=\"wp-block-heading\">11 E 22nd Street, andar 2, Nova York, NY 10010 T: +1(212) 505-6805<\/h3>\n<hr \/>\n<h2><span style=\"font-weight: 400;\">Sobre SIS Internacional<\/span><\/h2>\n<p><a href=\"https:\/\/www.sisinternational.com\/pt\/\"><span style=\"font-weight: 400;\">SIS Internacional<\/span><\/a><span style=\"font-weight: 400;\"> oferece pesquisa quantitativa, qualitativa e estrat\u00e9gica. Fornecemos dados, ferramentas, estrat\u00e9gias, relat\u00f3rios e insights para a tomada de decis\u00f5es. Tamb\u00e9m realizamos entrevistas, pesquisas, grupos focais e outros m\u00e9todos e abordagens de Pesquisa de Mercado.<\/span><a href=\"https:\/\/www.sisinternational.com\/pt\/sobre-a-sis-international-research\/contact-sis-international-market-research\/\"><span style=\"font-weight: 400;\"> Entre em contato conosco<\/span><\/a><span style=\"font-weight: 400;\"> para o seu pr\u00f3ximo projeto de pesquisa de mercado.<\/span><\/p>\n<p><!-- wp:heading --><\/p>\n<h2 class=\"wp-block-heading\"><\/h2>\n<p><!-- \/wp:heading --><\/p>\n<p><!-- wp:paragraph --><\/p>\n<p><!-- \/wp:paragraph --><\/p>\n<p><!-- wp:separator --><\/p>\n<hr class=\"wp-block-separator has-alpha-channel-opacity\"\/>\n<!-- \/wp:separator --><\/p>","protected":false},"excerpt":{"rendered":"<p>B2B Market Entry Strategies Breaking into a new market demands strategy and precision. B2B Market Entry Strategies provide a roadmap to help businesses succeed in unfamiliar territories. Successful market entry is a calculated move. With the right B2B Market Entry Strategies, your business can minimize risks and maximize growth. What Is B2B Market Entry Strategy? &#8230; <a title=\"Estrat\u00e9gias de entrada no mercado B2B\" class=\"read-more\" href=\"https:\/\/www.sisinternational.com\/pt\/solucoes\/pesquisa-de-mercado-b2b\/estrategias-de-entrada-no-mercado-b2b\/\" aria-label=\"Read more about B2B Market Entry Strategies\">Leia mais<\/a><\/p>","protected":false},"author":1,"featured_media":62377,"parent":11292,"menu_order":11,"comment_status":"closed","ping_status":"closed","template":"","meta":{"footnotes":""},"class_list":["post-53934","page","type-page","status-publish","has-post-thumbnail"],"_links":{"self":[{"href":"https:\/\/www.sisinternational.com\/pt\/wp-json\/wp\/v2\/pages\/53934","targetHints":{"allow":["GET"]}}],"collection":[{"href":"https:\/\/www.sisinternational.com\/pt\/wp-json\/wp\/v2\/pages"}],"about":[{"href":"https:\/\/www.sisinternational.com\/pt\/wp-json\/wp\/v2\/types\/page"}],"author":[{"embeddable":true,"href":"https:\/\/www.sisinternational.com\/pt\/wp-json\/wp\/v2\/users\/1"}],"replies":[{"embeddable":true,"href":"https:\/\/www.sisinternational.com\/pt\/wp-json\/wp\/v2\/comments?post=53934"}],"version-history":[{"count":16,"href":"https:\/\/www.sisinternational.com\/pt\/wp-json\/wp\/v2\/pages\/53934\/revisions"}],"predecessor-version":[{"id":81207,"href":"https:\/\/www.sisinternational.com\/pt\/wp-json\/wp\/v2\/pages\/53934\/revisions\/81207"}],"up":[{"embeddable":true,"href":"https:\/\/www.sisinternational.com\/pt\/wp-json\/wp\/v2\/pages\/11292"}],"wp:featuredmedia":[{"embeddable":true,"href":"https:\/\/www.sisinternational.com\/pt\/wp-json\/wp\/v2\/media\/62377"}],"wp:attachment":[{"href":"https:\/\/www.sisinternational.com\/pt\/wp-json\/wp\/v2\/media?parent=53934"}],"curies":[{"name":"wp","href":"https:\/\/api.w.org\/{rel}","templated":true}]}}