{"id":53931,"date":"2024-11-05T05:43:41","date_gmt":"2024-11-05T10:43:41","guid":{"rendered":"https:\/\/www.sisinternational.com\/?page_id=53931"},"modified":"2026-03-05T23:20:17","modified_gmt":"2026-03-06T04:20:17","slug":"pesquisa-de-mercado-de-geracao-de-leads-b2b","status":"publish","type":"page","link":"https:\/\/www.sisinternational.com\/pt\/solucoes\/pesquisa-de-mercado-b2b\/pesquisa-de-mercado-de-geracao-de-leads-b2b\/","title":{"rendered":"Pesquisa de mercado de gera\u00e7\u00e3o de leads B2B"},"content":{"rendered":"<h1 class=\"gb-headline gb-headline-6e378fd1 gb-headline-text\">Pesquisa de mercado de gera\u00e7\u00e3o de leads B2B<\/h1>\n\n\n\n<figure class=\"gb-block-image gb-block-image-fe9a1c98\"><img loading=\"lazy\" decoding=\"async\" width=\"1456\" height=\"816\" class=\"gb-image gb-image-fe9a1c98\" src=\"https:\/\/www.sisinternational.com\/wp-content\/uploads\/2025\/08\/CEO-CIO-manager-6.jpg\" alt=\"Pesquisa e Estrat\u00e9gia de Mercado Internacional da SIS\" title=\"CEO CIO manager (6)\" srcset=\"https:\/\/www.sisinternational.com\/wp-content\/uploads\/2025\/08\/CEO-CIO-manager-6.jpg 1456w, https:\/\/www.sisinternational.com\/wp-content\/uploads\/2025\/08\/CEO-CIO-manager-6-300x168.jpg 300w, https:\/\/www.sisinternational.com\/wp-content\/uploads\/2025\/08\/CEO-CIO-manager-6-1024x574.jpg 1024w, https:\/\/www.sisinternational.com\/wp-content\/uploads\/2025\/08\/CEO-CIO-manager-6-768x430.jpg 768w, https:\/\/www.sisinternational.com\/wp-content\/uploads\/2025\/08\/CEO-CIO-manager-6-18x10.jpg 18w\" sizes=\"auto, (max-width: 1456px) 100vw, 1456px\"><\/figure>\n\n\n\n<p><\/p>\n\n\n\n<hr class=\"wp-block-separator has-alpha-channel-opacity\"\/>\n\n\n\n<h3 class=\"wp-block-heading\">A pesquisa de mercado de gera\u00e7\u00e3o de leads B2B fornece dados essenciais que orientam as empresas a direcionar clientes potenciais de forma eficaz<\/h3>\n\n\n\n<p>Como as empresas l\u00edderes capturam a aten\u00e7\u00e3o de outras empresas no cen\u00e1rio competitivo de hoje? A pesquisa de mercado de gera\u00e7\u00e3o de leads B2B responde a essa pergunta, fornecendo insights para criar estrat\u00e9gias de leads eficazes.<\/p>\n\n\n\n<h2 class=\"wp-block-heading\">O que \u00e9 pesquisa de mercado de gera\u00e7\u00e3o de leads B2B?<\/h2>\n\n\n\n<p>B2B lead generation market research gathers industry trends, customer demographics, and competitor activities to create effective strategies for capturing high-quality leads. <\/p>\n\n\n\n<h2 class=\"wp-block-heading\">Por que as empresas precisam de pesquisa de mercado para gera\u00e7\u00e3o de leads B2B?<\/h2>\n\n\n\n<p>Gera\u00e7\u00e3o de leads B2B <a href=\"https:\/\/www.linkedin.com\/pulse\/how-market-research-enables-growth-ruth-stanat-phekf\/\" target=\"_blank\" rel=\"noopener\">pesquisa de mercado<\/a> vai al\u00e9m da coleta de informa\u00e7\u00f5es de contato; ele equipa as empresas com insights sobre tend\u00eancias do setor, comportamento do comprador e estrat\u00e9gias dos concorrentes, fornecendo a base para estrat\u00e9gias de gera\u00e7\u00e3o de leads mais eficazes. Eis por que essa pesquisa \u00e9 indispens\u00e1vel:<\/p>\n\n\n\n<p><\/p>\n\n\n\n<figure class=\"gb-block-image gb-block-image-dacd5a26\"><img loading=\"lazy\" decoding=\"async\" width=\"674\" height=\"757\" class=\"gb-image gb-image-dacd5a26\" src=\"https:\/\/www.sisinternational.com\/wp-content\/uploads\/2024\/11\/B2B.png\" alt=\"Pesquisa e Estrat\u00e9gia de Mercado Internacional da SIS\" title=\"B2B\" srcset=\"https:\/\/www.sisinternational.com\/wp-content\/uploads\/2024\/11\/B2B.png 674w, https:\/\/www.sisinternational.com\/wp-content\/uploads\/2024\/11\/B2B-267x300.png 267w, https:\/\/www.sisinternational.com\/wp-content\/uploads\/2024\/11\/B2B-11x12.png 11w\" sizes=\"auto, (max-width: 674px) 100vw, 674px\"><\/figure>\n\n\n\n<ol class=\"wp-block-list\">\n<li><strong>Navegando por jornadas complexas de compra:<br><br><\/strong>Unlike in B2C, where buyers often make decisions independently, B2B transactions involve multiple stakeholders, each with unique priorities and decision-making powers. Identifying who holds the final say and understanding their specific pain points can be challenging without thorough research. <a href=\"https:\/\/www.sisinternational.com\/pt\/solucoes\/pesquisa-de-mercado-b2b\/best-practices-for-b2b-market-research\/\" title=\"Best Practices for B2B Market Research\" data-wpil-monitor-id=\"1794\">B2B lead generation market research<\/a> helps businesses map out these buyer journeys, ensuring that outreach efforts are aligned with each stakeholder&#8217;s needs and decision-making processes.<br><br><\/li>\n\n\n\n<li><strong>Compreendendo a inten\u00e7\u00e3o e o comportamento do comprador:<br><br><\/strong>In the B2B arena, buyers are typically more methodical, conducting extensive research before engaging with potential vendors. Businesses need to understand what motivates these buyers, the problems they\u2019re looking to solve, and the solutions they prioritize. Through B2B lead <a href=\"https:\/\/www.sisinternational.com\/pt\/solucoes\/pesquisa-de-mercado-de-ia-e-consultoria-estrategica\/pesquisa-de-mercado-generativa-de-ia\/\" title=\"Pesquisa de mercado de IA generativa\" data-wpil-monitor-id=\"2022\">generation market research<\/a>, companies gain insights into buyer intent and behavior, enabling them to craft messaging that resonates with prospective clients at every stage of their journey\u2014from awareness to decision-making.<br><br><\/li>\n\n\n\n<li><strong>Melhorando as taxas de convers\u00e3o por meio da personaliza\u00e7\u00e3o:<br><br><\/strong>The B2B space is highly competitive, with multiple players vying for the same client base. For businesses to stand out, they must offer personalized experiences that address the specific needs of potential clients. <a href=\"https:\/\/www.sisinternational.com\/pt\/complexidades-de-marketing-b2b\/\" title=\"O que \u00e9 marketing B2B?\" data-wpil-monitor-id=\"2211\">B2B lead generation market<\/a> research provides the data necessary to understand individual preferences, industry-specific challenges, and potential pain points, allowing companies to tailor their approach.<br><br><\/li>\n\n\n\n<li><strong>Encurtando o ciclo de vendas:<br><br><\/strong>B2B sales cycles are often lengthy due to the complexity of the buying process and the need for stakeholder alignment. <a href=\"https:\/\/www.sisinternational.com\/pt\/segmentacao-empresa-a-empresa\/\" title=\"Segmenta\u00e7\u00e3o de mercado business-to-business\" data-wpil-monitor-id=\"2579\">B2B lead generation market<\/a> research provides insights that help businesses streamline their approach, presenting solutions that address clients\u2019 needs and proactively addressing objections.<br><br><\/li>\n\n\n\n<li><strong>Ficar \u00e0 frente dos concorrentes:<br><br><\/strong>In the B2B market, monitoring competitor strategies is essential for maintaining a competitive edge. <a href=\"https:\/\/www.sisinternational.com\/pt\/marketing-b2b-chines\/\" title=\"Marketing B2B na China\" data-wpil-monitor-id=\"2614\">B2B lead generation market<\/a> research includes competitive analysis, allowing businesses to identify what their competitors offer, how they position themselves, and which areas they may neglect. With this information, companies can identify gaps in the market, develop unique selling propositions, and anticipate market shifts before they occur.<br><br><\/li>\n\n\n\n<li><strong>Antecipando mudan\u00e7as e tend\u00eancias do setor:<\/strong><strong><br><\/strong><strong><br><\/strong>The B2B landscape continually evolves, changing technology, regulations, and customer expectations. Businesses that stay informed on industry trends are better positioned to adjust their strategies and maintain relevance. <a href=\"https:\/\/www.sisinternational.com\/pt\/empresa-lider-em-geracao-de-demanda-b2b\/\" title=\"Melhor empresa de gera\u00e7\u00e3o de demanda B2B\" data-wpil-monitor-id=\"1402\">B2B lead generation market research helps companies<\/a> keep a pulse on these trends, enabling them to adapt and proactively address new challenges or capitalize on emerging opportunities.<\/li>\n<\/ol>\n\n\n\n<h2 class=\"wp-block-heading\">Nossa an\u00e1lise e recomenda\u00e7\u00f5es atuais do mercado<\/h2>\n\n\n\n<p>Reconhecemos que o cen\u00e1rio de gera\u00e7\u00e3o de leads B2B est\u00e1 mudando, com canais digitais e an\u00e1lise de dados se tornando centrais para estrat\u00e9gias de gera\u00e7\u00e3o de leads bem-sucedidas. \u00c0 medida que as empresas se concentram em atingir os tomadores de decis\u00e3o diretamente, os insights baseados em dados se tornaram cruciais para personalizar e direcionar efetivamente os esfor\u00e7os de divulga\u00e7\u00e3o.<\/p>\n\n\n\n<p>Based on our analysis, we recommend that businesses focus on leveraging AI and machine learning to enhance their lead-generation campaigns. By automating tasks like lead scoring and segmenting audiences, companies can allocate resources more efficiently and engage with higher-quality prospects. Additionally, incorporating omnichannel strategies\u2014such as LinkedIn outreach, email marketing, and webinars\u2014can expand reach and create a cohesive, impactful presence.<\/p>\n\n\n\n<p>Our approach to <a href=\"https:\/\/www.sisinternational.com\/pt\/aproveitando-percepcoes-em-mercados-b2b\/\" title=\"Pesquisa de mercado de partes interessadas B2B\" data-wpil-monitor-id=\"2717\">B2B lead generation market research<\/a> equips businesses with these insights, enabling them to remain agile and responsive in a competitive environment. <\/p>\n\n\n\n<figure class=\"gb-block-image gb-block-image-cc4fbe4c\"><img loading=\"lazy\" decoding=\"async\" width=\"1456\" height=\"816\" class=\"gb-image gb-image-cc4fbe4c\" src=\"https:\/\/www.sisinternational.com\/wp-content\/uploads\/2025\/08\/Retail-26.jpg\" alt=\"Pesquisa e Estrat\u00e9gia de Mercado Internacional da SIS\" title=\"Retail (26)\" srcset=\"https:\/\/www.sisinternational.com\/wp-content\/uploads\/2025\/08\/Retail-26.jpg 1456w, https:\/\/www.sisinternational.com\/wp-content\/uploads\/2025\/08\/Retail-26-300x168.jpg 300w, https:\/\/www.sisinternational.com\/wp-content\/uploads\/2025\/08\/Retail-26-1024x574.jpg 1024w, https:\/\/www.sisinternational.com\/wp-content\/uploads\/2025\/08\/Retail-26-768x430.jpg 768w, https:\/\/www.sisinternational.com\/wp-content\/uploads\/2025\/08\/Retail-26-18x10.jpg 18w\" sizes=\"auto, (max-width: 1456px) 100vw, 1456px\"><\/figure>\n\n\n\n<p><\/p>\n\n\n\n<h2 class=\"wp-block-heading\">Drivers de mercado<\/h2>\n\n\n\n<p>Several factors fuel the ongoing development and success of B2B lead <a href=\"https:\/\/www.sisinternational.com\/pt\/pericia\/industrias\/pesquisa-de-mercado-de-geracao-de-energia\/\" title=\"Pesquisa de mercado de gera\u00e7\u00e3o de energia\" data-wpil-monitor-id=\"3043\">generation market research<\/a>, helping businesses stay competitive and responsive to market demands. Here are seven crucial market drivers:<\/p>\n\n\n\n<ol class=\"wp-block-list\">\n<li><strong>Inova\u00e7\u00e3o tecnol\u00f3gica:<\/strong> Os avan\u00e7os em IA e aprendizado de m\u00e1quina melhoram a pontua\u00e7\u00e3o de leads e a segmenta\u00e7\u00e3o de clientes.<\/li>\n\n\n\n<li><strong>Tomada de decis\u00e3o baseada em dados:<\/strong> Com acesso a an\u00e1lises de dados avan\u00e7adas, as empresas podem personalizar os esfor\u00e7os de gera\u00e7\u00e3o de leads com base em insights espec\u00edficos.<\/li>\n\n\n\n<li><strong>Demanda por Personaliza\u00e7\u00e3o:<\/strong> Conte\u00fado personalizado promove relacionamentos mais fortes com os clientes, aumentando a probabilidade de convers\u00e3o.<\/li>\n\n\n\n<li><strong>Ascens\u00e3o dos canais digitais:<\/strong> Plataformas digitais como LinkedIn e e-mail permitem um alcance mais direcionado.<\/li>\n\n\n\n<li><strong>Maior foco no ROI:<\/strong> As empresas priorizam estrat\u00e9gias com retornos mensur\u00e1veis, enfatizando a gera\u00e7\u00e3o eficiente de leads.<\/li>\n\n\n\n<li><strong>Alterando as prefer\u00eancias do comprador:<\/strong> Hoje em dia, os compradores buscam autenticidade e transpar\u00eancia, o que molda a maneira como as empresas abordam a gera\u00e7\u00e3o de leads.<\/li>\n\n\n\n<li><strong>Expans\u00e3o do mercado global:<\/strong> \u00c0 medida que os mercados se globalizam, a pesquisa de gera\u00e7\u00e3o de leads se adapta para identificar clientes potenciais em novas regi\u00f5es e setores.<\/li>\n<\/ol>\n\n\n\n<h2 class=\"wp-block-heading\">Restri\u00e7\u00f5es de mercado<\/h2>\n\n\n\n<figure class=\"gb-block-image gb-block-image-cf533bbe\"><img loading=\"lazy\" decoding=\"async\" width=\"1456\" height=\"816\" class=\"gb-image gb-image-cf533bbe\" src=\"https:\/\/www.sisinternational.com\/wp-content\/uploads\/2025\/09\/Quantitative-research-13.jpg\" alt=\"Pesquisa e Estrat\u00e9gia de Mercado Internacional da SIS\" title=\"Quantitative research (13)\" srcset=\"https:\/\/www.sisinternational.com\/wp-content\/uploads\/2025\/09\/Quantitative-research-13.jpg 1456w, https:\/\/www.sisinternational.com\/wp-content\/uploads\/2025\/09\/Quantitative-research-13-300x168.jpg 300w, https:\/\/www.sisinternational.com\/wp-content\/uploads\/2025\/09\/Quantitative-research-13-1024x574.jpg 1024w, https:\/\/www.sisinternational.com\/wp-content\/uploads\/2025\/09\/Quantitative-research-13-768x430.jpg 768w, https:\/\/www.sisinternational.com\/wp-content\/uploads\/2025\/09\/Quantitative-research-13-18x10.jpg 18w\" sizes=\"auto, (max-width: 1456px) 100vw, 1456px\"><\/figure>\n\n\n\n<p><\/p>\n\n\n\n<p>Despite the opportunities, businesses often face significant challenges in executing effective <a href=\"https:\/\/www.sisinternational.com\/pt\/rastreamento-de-posicionamento-de-marca-b2b\/\" title=\"Posicionamento de mercado B2B e pesquisa de marca\" data-wpil-monitor-id=\"4332\">B2B lead generation market research<\/a>. Here are seven market restraints that can hinder success:<\/p>\n\n\n\n<ol class=\"wp-block-list\">\n<li><strong>Conformidade regulat\u00f3ria:<\/strong> A ades\u00e3o \u00e0s leis de privacidade de dados pode restringir o acesso a potenciais clientes.<\/li>\n\n\n\n<li><strong>Qualidade e acessibilidade dos dados:<\/strong> Dados imprecisos ou incompletos reduzem a efic\u00e1cia da gera\u00e7\u00e3o de leads.<\/li>\n\n\n\n<li><strong>Alta competi\u00e7\u00e3o:<\/strong> Mercados saturados dificultam que as empresas se destaquem e captem a aten\u00e7\u00e3o.<\/li>\n\n\n\n<li><strong>Ciclos de vendas longos:<\/strong> Processos de compra demorados complicam os esfor\u00e7os de nutri\u00e7\u00e3o de leads.<\/li>\n\n\n\n<li><strong>Restri\u00e7\u00f5es de recursos:<\/strong> Small businesses may struggle with the costs associated with extensive <a href=\"https:\/\/www.sisinternational.com\/pt\/pericia\/industrias\/pesquisa-de-mercado-para-pequenas-e-medias-empresas\/\" title=\"Pesquisa de mercado para pequenas e m\u00e9dias empresas\" data-wpil-monitor-id=\"3147\">pesquisa de mercado<\/a>.<\/li>\n\n\n\n<li><strong>Shifting <\/strong><a href=\"https:\/\/www.sisinternational.com\/pt\/pericia\/industrias\/pesquisa-de-mercado-de-intencao-do-comprador\/\" title=\"Pesquisa de mercado de inten\u00e7\u00e3o do comprador\" data-wpil-monitor-id=\"7162\">Market Trends: Rapid changes in buyer<\/a> behavior demand constant strategy updates.<\/li>\n\n\n\n<li><strong>Barreiras tecnol\u00f3gicas:<\/strong> Nem todas as empresas t\u00eam as ferramentas para aproveitar a an\u00e1lise de dados e a automa\u00e7\u00e3o para gera\u00e7\u00e3o de leads.<\/li>\n<\/ol>\n\n\n\n<h3 class=\"wp-block-heading\"><strong>Por que a SIS International \u00e9 uma das principais empresas de pesquisa de mercado de gera\u00e7\u00e3o de leads B2B?<\/strong><\/h3>\n\n\n\n<p>A SIS International \u00e9 uma l\u00edder confi\u00e1vel em pesquisa de mercado, reconhecida por sua expertise em estrat\u00e9gias de gera\u00e7\u00e3o de leads B2B que capacitam empresas a prosperar em ambientes competitivos. Com um profundo entendimento da din\u00e2mica do mercado e uma dedica\u00e7\u00e3o em fornecer insights acion\u00e1veis, a SIS ajuda as empresas a desenvolver planos robustos de gera\u00e7\u00e3o de leads que visam o p\u00fablico certo e impulsionam conex\u00f5es significativas.<\/p>\n\n\n\n<p>Here\u2019s why SIS International stands out as a top <a href=\"https:\/\/www.sisinternational.com\/pt\/solucoes\/solucoes-de-pesquisa-quantitativa-qualitativa\/discrete-choice-in-market-research\/\" title=\"Discrete Choice in Market Research\" data-wpil-monitor-id=\"914\">choice for B2B lead generation market research<\/a>:<\/p>\n\n\n<p>\n\n\n<\/p>\n<p style=\"padding-left: 40px;\"><strong>N\u00f3s adaptamos nossa pesquisa:<br \/><br \/><\/strong><a href=\"https:\/\/www.linkedin.com\/company\/sisinternationalresearch\/\" target=\"_blank\" rel=\"noopener\">SIS Internacional<\/a> personaliza suas estrat\u00e9gias de pesquisa para se alinharem \u00e0s necessidades espec\u00edficas de cada cliente, garantindo que as descobertas sejam relevantes e diretamente aplic\u00e1veis. Ao focar em insights espec\u00edficos do setor, a SIS permite que as empresas entendam e envolvam melhor seu mercado-alvo, melhorando a qualidade do lead e as taxas de convers\u00e3o.<\/p>\n<p>\n\n\n\n<\/p>\n<p style=\"padding-left: 40px;\"><strong>Nossa abordagem baseada em dados:<\/strong><strong><br \/><\/strong><strong><br \/><\/strong>Nossa equipe alavanca an\u00e1lises avan\u00e7adas de dados e ferramentas de machine learning para fornecer insights precisos e acion\u00e1veis que melhoram a gera\u00e7\u00e3o de leads B2B. Reunimos pontos de dados extensivos para entender os comportamentos e tend\u00eancias dos clientes, permitindo que nossos clientes baseiem suas estrat\u00e9gias em evid\u00eancias concretas em vez de suposi\u00e7\u00f5es.<\/p>\n<p style=\"padding-left: 40px;\">\n\n\n\n<\/p>\n<p style=\"padding-left: 40px;\"><strong>Alcance global da SIS International:<\/strong><strong><br \/><\/strong><strong><br \/><\/strong>Com forte presen\u00e7a em diversas regi\u00f5es, <a href=\"https:\/\/medium.com\/@sisinternational\/sis-international-c17160da8fac\" target=\"_blank\" rel=\"noopener\">SIS<\/a> offers clients a global perspective. This international reach is invaluable for businesses seeking to expand their lead <a href=\"https:\/\/www.sisinternational.com\/pt\/publicacoes\/pesquisa-de-mercado-geracao-alfa\/\" title=\"Pesquisa de mercado da gera\u00e7\u00e3o Alpha\" data-wpil-monitor-id=\"6662\">generation efforts into new and emerging markets<\/a>, giving them a competitive edge with localized insights.<\/p>\n<p style=\"padding-left: 40px;\">\n\n\n\n<\/p>\n<p style=\"padding-left: 40px;\"><strong>Priorizamos a colabora\u00e7\u00e3o do cliente:<\/strong><strong><br \/><\/strong><strong><br \/><\/strong>A SIS acredita em uma abordagem colaborativa. Trabalhamos em estreita colabora\u00e7\u00e3o com os clientes para entender suas metas e objetivos \u00fanicos. Isso nos permite alinhar nossa pesquisa com as necessidades do cliente, entregando insights imediatamente utiliz\u00e1veis e relevantes para o planejamento estrat\u00e9gico.<\/p>\n<p style=\"padding-left: 40px;\">\n\n\n\n<\/p>\n<p style=\"padding-left: 40px;\"><strong>Nossa equipe fornece an\u00e1lises especializadas:<\/strong><strong><br \/><\/strong><strong><br \/><\/strong>Nossos analistas s\u00e3o altamente qualificados na identifica\u00e7\u00e3o de tend\u00eancias-chave, oportunidades emergentes e desafios potenciais dentro do cen\u00e1rio B2B. Essa expertise permite que a SIS entregue an\u00e1lises detalhadas e perspicazes, permitindo que os clientes refinem suas abordagens de gera\u00e7\u00e3o de leads de forma eficaz.<\/p>\n<p style=\"padding-left: 40px;\">\n\n\n\n<\/p>\n<p style=\"padding-left: 40px;\"><strong>O SIS valoriza a transpar\u00eancia e a integridade:<\/strong><strong><br \/><\/strong><strong><br \/><\/strong>A transpar\u00eancia est\u00e1 no cerne da metodologia de pesquisa da SIS International. Fornecemos dados e insights claros e imparciais, dando aos clientes a confian\u00e7a de que est\u00e3o baseando suas decis\u00f5es em informa\u00e7\u00f5es confi\u00e1veis.<\/p>\n<p style=\"padding-left: 40px;\">\n\n\n\n<\/p>\n<p style=\"padding-left: 40px;\"><strong>Nosso compromisso com a inova\u00e7\u00e3o:<\/strong><strong><br \/><\/strong><strong><br \/><\/strong>A SIS International se mant\u00e9m \u00e0 frente das mudan\u00e7as do setor, integrando as \u00faltimas ferramentas, m\u00e9todos e tecnologias em nossa pesquisa. Ao atualizar continuamente nossas pr\u00e1ticas, garantimos que nossos clientes se beneficiem dos insights mais avan\u00e7ados dispon\u00edveis.<\/p>\n<p style=\"padding-left: 40px;\">\n\n\n\n<\/p>\n<p style=\"padding-left: 40px;\"><strong>Oferecemos uma an\u00e1lise aprofundada dos concorrentes:<\/strong><strong><br \/><\/strong><strong><br \/><\/strong>A SIS International fornece an\u00e1lise detalhada da concorr\u00eancia, identificando os pontos fortes e fracos dos principais concorrentes no espa\u00e7o B2B. Essa an\u00e1lise permite que os clientes entendam melhor sua posi\u00e7\u00e3o de mercado e desenvolvam estrat\u00e9gias de gera\u00e7\u00e3o de leads que os diferenciem da concorr\u00eancia.<\/p>\n<p style=\"padding-left: 40px;\">\n\n\n\n<\/p>\n<p style=\"padding-left: 40px;\"><strong>Nossa pesquisa impulsiona o ROI:<\/strong><strong><br \/><\/strong><strong><br \/><\/strong>Focused on providing research that generates a tangible return on investment, SIS International designs its <a href=\"https:\/\/www.sisinternational.com\/pt\/white-paper-sobre-estudo-sobre-dificuldades-nas-comunicacoes-para-pequenas-e-medias-empresas-revelando-o-custo-oculto-das-barreiras-e-da-latencia-nas-comunicacoes\/\" title=\"Artigo t\u00e9cnico sobre estudo de dor em comunica\u00e7\u00f5es para pequenas e m\u00e9dias empresas\" data-wpil-monitor-id=\"4480\">B2B lead generation studies<\/a> to maximize client outcomes. By identifying high-potential leads and advising on targeted outreach strategies, we help clients allocate resources efficiently, driving measurable results.<\/p>\n<p style=\"padding-left: 40px;\">\n\n\n\n<\/p>\n<p style=\"padding-left: 40px;\"><strong>O SIS se adapta aos setores do cliente:<\/strong><strong><br \/><\/strong><strong><br \/><\/strong>Cada ind\u00fastria tem caracter\u00edsticas e requisitos \u00fanicos. A abordagem de pesquisa da SIS International se adapta a essas especificidades, seja para tecnologia, sa\u00fade, finan\u00e7as ou outros setores. Essa adaptabilidade garante que cada cliente receba insights que abordem diretamente os desafios e oportunidades \u00fanicos de sua ind\u00fastria.<\/p>\n<p style=\"padding-left: 40px;\">\n\n\n\n<\/p>\n<p style=\"padding-left: 40px;\"><strong>Nossa abordagem centrada no cliente cria sucesso a longo prazo:<\/strong><strong><br \/><\/strong><strong><br \/><\/strong>O foco da SIS International n\u00e3o est\u00e1 apenas nas necessidades imediatas de gera\u00e7\u00e3o de leads, mas tamb\u00e9m no sucesso a longo prazo. Oferecemos orienta\u00e7\u00e3o estrat\u00e9gica que ajuda os clientes a estabelecer uma base s\u00f3lida para gera\u00e7\u00e3o de leads sustent\u00e1vel, garantindo que eles continuem a atrair e engajar leads de qualidade no futuro.<\/p>\n<p style=\"padding-left: 40px;\">\n\n\n\n<\/p>\n<p style=\"padding-left: 40px;\"><strong>Nosso <a href=\"https:\/\/www.sisinternational.com\/pt\/pesquisa-de-mercado-economia-compartilhada\/\" title=\"Pesquisa de Mercado na Economia Compartilhada\" data-wpil-monitor-id=\"1932\">Thought Leadership in Market<\/a> Research:As an industry thought leader, SIS International shares valuable insights and trends, helping clients stay informed and responsive to changes in the B2B market. Our forward-thinking approach keeps clients ahead of the curve, ready to capitalize on emerging opportunities in their sectors.<\/p>\n<p>\n\n\n<h2>Localiza\u00e7\u00e3o de nossas instala\u00e7\u00f5es em Nova York<\/h2>\n<p><!-- \/wp:post-content --> <!-- wp:html --> <iframe loading=\"lazy\" src=\"https:\/\/www.google.com\/maps\/embed?pb=!1m18!1m12!1m3!1d3022.976188376966!2d-73.99130312499956!3d40.740549471389315!2m3!1f0!2f0!3f0!3m2!1i1024!2i768!4f13.1!3m3!1m2!1s0x89c259a15798c731%3A0xd695d09bdd495f25!2s11%20E%2022nd%20St%20FL%202%2C%20New%20York%2C%20NY%2010010%2C%20USA!5e0!3m2!1sen!2spe!4v1726171763526!5m2!1sen!2spe\" width=\"600\" height=\"450\" allowfullscreen=\"allowfullscreen\" data-mce-fragment=\"1\"><\/iframe> <!-- \/wp:html --> <!-- wp:paragraph --><\/p>\n<h3 class=\"wp-block-heading\">11 E 22nd Street, andar 2, Nova York, NY 10010 T: +1(212) 505-6805<\/h3>\n<hr \/>\n<h2><span style=\"font-weight: 400;\">Sobre SIS Internacional<\/span><\/h2>\n<p><a href=\"https:\/\/www.sisinternational.com\/pt\/\"><span style=\"font-weight: 400;\">SIS Internacional<\/span><\/a><span style=\"font-weight: 400;\"> oferece pesquisa quantitativa, qualitativa e estrat\u00e9gica. Fornecemos dados, ferramentas, estrat\u00e9gias, relat\u00f3rios e insights para a tomada de decis\u00f5es. Tamb\u00e9m realizamos entrevistas, pesquisas, grupos focais e outros m\u00e9todos e abordagens de Pesquisa de Mercado.<\/span><a href=\"https:\/\/www.sisinternational.com\/pt\/sobre-a-sis-international-research\/contact-sis-international-market-research\/\"><span style=\"font-weight: 400;\"> Entre em contato conosco<\/span><\/a><span style=\"font-weight: 400;\"> para o seu pr\u00f3ximo projeto de pesquisa de mercado.<\/span><\/p>\n<p><!-- wp:heading --><\/p>\n<h2 class=\"wp-block-heading\"><\/h2>\n<p><!-- \/wp:heading --><\/p>","protected":false},"excerpt":{"rendered":"<p>B2B Lead Generation Market Research B2B lead generation market research provides essential data that guides businesses in targeting prospects effectively How do leading businesses capture the attention of other businesses in today&#8217;s competitive landscape? B2B lead generation market research answers this question, providing insights for creating effective lead strategies. What Is B2B Lead Generation Market &#8230; <a title=\"Pesquisa de mercado de gera\u00e7\u00e3o de leads B2B\" class=\"read-more\" href=\"https:\/\/www.sisinternational.com\/pt\/solucoes\/pesquisa-de-mercado-b2b\/pesquisa-de-mercado-de-geracao-de-leads-b2b\/\" aria-label=\"Read more about B2B Lead Generation Market Research\">Leia mais<\/a><\/p>","protected":false},"author":1,"featured_media":64028,"parent":11292,"menu_order":10,"comment_status":"closed","ping_status":"closed","template":"","meta":{"footnotes":""},"class_list":["post-53931","page","type-page","status-publish","has-post-thumbnail"],"_links":{"self":[{"href":"https:\/\/www.sisinternational.com\/pt\/wp-json\/wp\/v2\/pages\/53931","targetHints":{"allow":["GET"]}}],"collection":[{"href":"https:\/\/www.sisinternational.com\/pt\/wp-json\/wp\/v2\/pages"}],"about":[{"href":"https:\/\/www.sisinternational.com\/pt\/wp-json\/wp\/v2\/types\/page"}],"author":[{"embeddable":true,"href":"https:\/\/www.sisinternational.com\/pt\/wp-json\/wp\/v2\/users\/1"}],"replies":[{"embeddable":true,"href":"https:\/\/www.sisinternational.com\/pt\/wp-json\/wp\/v2\/comments?post=53931"}],"version-history":[{"count":25,"href":"https:\/\/www.sisinternational.com\/pt\/wp-json\/wp\/v2\/pages\/53931\/revisions"}],"predecessor-version":[{"id":80725,"href":"https:\/\/www.sisinternational.com\/pt\/wp-json\/wp\/v2\/pages\/53931\/revisions\/80725"}],"up":[{"embeddable":true,"href":"https:\/\/www.sisinternational.com\/pt\/wp-json\/wp\/v2\/pages\/11292"}],"wp:featuredmedia":[{"embeddable":true,"href":"https:\/\/www.sisinternational.com\/pt\/wp-json\/wp\/v2\/media\/64028"}],"wp:attachment":[{"href":"https:\/\/www.sisinternational.com\/pt\/wp-json\/wp\/v2\/media?parent=53931"}],"curies":[{"name":"wp","href":"https:\/\/api.w.org\/{rel}","templated":true}]}}