{"id":53891,"date":"2024-11-04T14:59:43","date_gmt":"2024-11-04T19:59:43","guid":{"rendered":"https:\/\/www.sisinternational.com\/?page_id=53891"},"modified":"2026-03-05T23:20:39","modified_gmt":"2026-03-06T04:20:39","slug":"empresa-lider-em-geracao-de-demanda-b2b","status":"publish","type":"page","link":"https:\/\/www.sisinternational.com\/pt\/solucoes\/pesquisa-de-mercado-b2b\/empresa-lider-em-geracao-de-demanda-b2b\/","title":{"rendered":"Melhor empresa de gera\u00e7\u00e3o de demanda B2B"},"content":{"rendered":"<h1 class=\"gb-headline gb-headline-c90e9ae9 gb-headline-text\">Melhor empresa de gera\u00e7\u00e3o de demanda B2B<\/h1>\n\n\n\n<figure class=\"gb-block-image gb-block-image-cb579c06\"><img loading=\"lazy\" decoding=\"async\" width=\"1456\" height=\"816\" class=\"gb-image gb-image-cb579c06\" src=\"https:\/\/www.sisinternational.com\/wp-content\/uploads\/2025\/08\/B2Bjpg-8.jpg\" alt=\"Pesquisa e Estrat\u00e9gia de Mercado Internacional da SIS\" title=\"B2Bjpg (8)\" srcset=\"https:\/\/www.sisinternational.com\/wp-content\/uploads\/2025\/08\/B2Bjpg-8.jpg 1456w, https:\/\/www.sisinternational.com\/wp-content\/uploads\/2025\/08\/B2Bjpg-8-300x168.jpg 300w, https:\/\/www.sisinternational.com\/wp-content\/uploads\/2025\/08\/B2Bjpg-8-1024x574.jpg 1024w, https:\/\/www.sisinternational.com\/wp-content\/uploads\/2025\/08\/B2Bjpg-8-768x430.jpg 768w, https:\/\/www.sisinternational.com\/wp-content\/uploads\/2025\/08\/B2Bjpg-8-18x10.jpg 18w\" sizes=\"auto, (max-width: 1456px) 100vw, 1456px\"><\/figure>\n\n\n\n<p><\/p>\n\n\n\n<p>Como sua empresa pode ficar \u00e0 frente da concorr\u00eancia no mundo em constante mudan\u00e7a do marketing B2B? A gera\u00e7\u00e3o de demanda \u00e9 sobre criar conscientiza\u00e7\u00e3o, interesse e desejo por seus produtos ou servi\u00e7os, garantindo que seu funil de vendas permane\u00e7a cheio de leads de alta qualidade. A SIS International \u00e9 reconhecida como uma das principais empresas de gera\u00e7\u00e3o de demanda B2B, ajudando empresas a abastecer seu pipeline e atingir crescimento sustent\u00e1vel por meio de estrat\u00e9gias direcionadas e insights baseados em dados.<\/p>\n\n\n\n<h2 class=\"wp-block-heading\"><strong>O que \u00e9 uma empresa de gera\u00e7\u00e3o de demanda B2B de ponta?<\/strong><\/h2>\n\n\n\n<p>A gera\u00e7\u00e3o de demanda B2B \u00e9 uma abordagem hol\u00edstica para construir reconhecimento de marca, atrair clientes em potencial e nutri-los ao longo de sua jornada de compra. Ao contr\u00e1rio da gera\u00e7\u00e3o de leads tradicional, a gera\u00e7\u00e3o de demanda \u00e9 focada em criar interesse e engajamento de longo prazo, estabelecer confian\u00e7a e posicionar sua marca como l\u00edder de pensamento em seu setor. Os principais componentes da gera\u00e7\u00e3o de demanda B2B incluem:<\/p>\n\n\n\n<ul class=\"wp-block-list\">\n<li><strong>Marketing de conte\u00fado<\/strong>: Criar e distribuir conte\u00fado valioso que ressoe com seu p\u00fablico-alvo \u00e9 essencial para gerar demanda.&nbsp;<\/li>\n\n\n\n<li><strong>Marketing baseado em contas (ABM)<\/strong>: O ABM tem como alvo contas espec\u00edficas de alto valor com campanhas personalizadas.&nbsp;<\/li>\n\n\n\n<li><strong>Nutri\u00e7\u00e3o de Leads<\/strong>: A gera\u00e7\u00e3o de demanda envolve nutrir clientes potenciais por meio de acompanhamentos personalizados e intera\u00e7\u00f5es valiosas at\u00e9 que estejam prontos para comprar.<\/li>\n\n\n\n<li><strong>Automa\u00e7\u00e3o de Marketing<\/strong>:A SIS International utiliza plataformas avan\u00e7adas de automa\u00e7\u00e3o de marketing para otimizar processos e garantir que os clientes em potencial sejam engajados no momento certo.<\/li>\n\n\n\n<li><strong>Engajamento nas m\u00eddias sociais<\/strong>:A m\u00eddia social \u00e9 uma ferramenta poderosa para gera\u00e7\u00e3o de demanda, permitindo que as empresas alcancem seu p\u00fablico-alvo onde quer que elas passem seu tempo.<\/li>\n<\/ul>\n\n\n\n<h2 class=\"wp-block-heading\"><strong>Abordagem exclusiva da SIS International para gera\u00e7\u00e3o de demanda B2B<\/strong><\/h2>\n\n\n\n<p><a href=\"https:\/\/www.linkedin.com\/company\/sisinternationalresearch\/\" target=\"_blank\" rel=\"noopener\">SIS Internacional<\/a> takes a strategic and personalized approach to<a href=\"https:\/\/sisaisolutions.com\/application-of-ai-in-b2b\/\" target=\"_blank\" rel=\"noopener\"> B2B demand generation<\/a>, focusing on delivering measurable results. Our methods are built on a foundation of data-driven insights, creativity, and customer-centric strategies to ensure our clients achieve the best possible outcomes.<\/p>\n\n\n\n<ul class=\"wp-block-list\">\n<li><strong>Segmenta\u00e7\u00e3o baseada em dados<\/strong>: Acreditamos no poder dos dados para orientar a tomada de decis\u00f5es. A SIS utiliza a an\u00e1lise de dados para identificar os clientes em potencial mais promissores, determinar os melhores canais para alcan\u00e7\u00e1-los e otimizar campanhas para o m\u00e1ximo impacto.<\/li>\n\n\n\n<li><strong>Campanhas multicanal<\/strong>: A gera\u00e7\u00e3o de demanda eficaz requer uma abordagem multicanal. Nossa equipe usa uma mistura de canais digitais, incluindo marketing por e-mail, m\u00eddia social, webinars e marketing de conte\u00fado, para atingir clientes em potencial em diferentes est\u00e1gios da jornada do comprador.<\/li>\n\n\n\n<li><strong>Estrat\u00e9gia de conte\u00fado<\/strong>: Desenvolvemos estrat\u00e9gias de conte\u00fado abrangentes que se alinham \u00e0s necessidades do p\u00fablico-alvo, abordando seus pontos fracos e fornecendo solu\u00e7\u00f5es que posicionam nossos clientes como especialistas confi\u00e1veis.<\/li>\n\n\n\n<li><strong>Campanhas ABM<\/strong>: O marketing baseado em contas \u00e9 essencial para nossa estrat\u00e9gia de gera\u00e7\u00e3o de demanda. Com foco em contas de alto valor e na cria\u00e7\u00e3o de experi\u00eancias personalizadas, ajudamos os clientes a atingir maiores taxas de engajamento e convers\u00e3o.<\/li>\n\n\n\n<li><strong>Otimiza\u00e7\u00e3o Cont\u00ednua<\/strong>:Monitoramos continuamente o desempenho da campanha, analisamos dados e ajustamos para melhorar os resultados e maximizar o ROI.<\/li>\n<\/ul>\n\n\n\n<h2 class=\"wp-block-heading\"><strong>Por que escolher a SIS International como sua principal empresa de gera\u00e7\u00e3o de demanda B2B?<\/strong><\/h2>\n\n\n\n<p>Escolher o parceiro certo para gera\u00e7\u00e3o de demanda pode fazer toda a diferen\u00e7a para atingir seus objetivos de neg\u00f3cios. Aqui est\u00e3o algumas raz\u00f5es pelas quais a SIS International foi reconhecida como uma das principais empresas de gera\u00e7\u00e3o de demanda B2B por mais de 40 anos:<\/p>\n\n\n\n<ul class=\"wp-block-list\">\n<li><strong>Hist\u00f3rico comprovado<\/strong>: SIS International has a proven track record of delivering successful demand generation campaigns for <a href=\"https:\/\/www.sisinternational.com\/pt\/empresa-de-previsao-de-tendencias-da-industria-b2b\/\" title=\"Empresa de previs\u00e3o das principais tend\u00eancias da ind\u00fastria B2B\" data-wpil-monitor-id=\"1625\">B2B clients across various industries<\/a>. Our expertise and experience allow us to develop effective strategies.<\/li>\n\n\n\n<li><strong>Equipe de especialistas<\/strong>: Nossa equipe de especialistas em gera\u00e7\u00e3o de demanda entende as complexidades do marketing B2B. Trabalhamos em estreita colabora\u00e7\u00e3o com nossos clientes para criar campanhas personalizadas que atendam \u00e0s suas necessidades exclusivas e gerem resultados significativos.<\/li>\n\n\n\n<li><strong>Estrat\u00e9gias Inovadoras<\/strong>: No <a href=\"https:\/\/twitter.com\/SISIntlResearch\" target=\"_blank\" rel=\"noopener\">SIS<\/a>, ficamos \u00e0 frente das \u00faltimas tend\u00eancias e tecnologias em gera\u00e7\u00e3o de demanda. Nossas estrat\u00e9gias inovadoras garantem que nossos clientes se destaquem e alcancem seu p\u00fablico-alvo de forma eficaz.<\/li>\n\n\n\n<li><strong>Abordagem Centrada no Cliente<\/strong>:Nossa abordagem centrada no cliente significa que dedicamos tempo para entender as metas, os desafios e as necessidades dos nossos clientes, o que nos permite entregar campanhas de gera\u00e7\u00e3o de demanda que excedem as expectativas.<\/li>\n\n\n\n<li><strong>Insights baseados em dados<\/strong>: Nossa abordagem para gera\u00e7\u00e3o de demanda \u00e9 enraizada em dados. Usamos insights baseados em dados para orientar nossas estrat\u00e9gias, otimizar campanhas e entregar resultados mensur\u00e1veis que ajudam nossos clientes a atingir seus objetivos de neg\u00f3cios.<\/li>\n<\/ul>\n\n\n\n<h2 class=\"wp-block-heading\"><strong>Tend\u00eancias emergentes na gera\u00e7\u00e3o de demanda B2B<\/strong><\/h2>\n\n\n\n<figure class=\"gb-block-image gb-block-image-fa406b78\"><img loading=\"lazy\" decoding=\"async\" width=\"1456\" height=\"816\" class=\"gb-image gb-image-fa406b78\" src=\"https:\/\/www.sisinternational.com\/wp-content\/uploads\/2025\/08\/B2Bjpg-5.jpg\" alt=\"Pesquisa e Estrat\u00e9gia de Mercado Internacional da SIS\" title=\"B2Bjpg (5)\" srcset=\"https:\/\/www.sisinternational.com\/wp-content\/uploads\/2025\/08\/B2Bjpg-5.jpg 1456w, https:\/\/www.sisinternational.com\/wp-content\/uploads\/2025\/08\/B2Bjpg-5-300x168.jpg 300w, https:\/\/www.sisinternational.com\/wp-content\/uploads\/2025\/08\/B2Bjpg-5-1024x574.jpg 1024w, https:\/\/www.sisinternational.com\/wp-content\/uploads\/2025\/08\/B2Bjpg-5-768x430.jpg 768w, https:\/\/www.sisinternational.com\/wp-content\/uploads\/2025\/08\/B2Bjpg-5-18x10.jpg 18w\" sizes=\"auto, (max-width: 1456px) 100vw, 1456px\"><\/figure>\n\n\n\n<p><\/p>\n\n\n\n<p>O cen\u00e1rio da gera\u00e7\u00e3o de demanda B2B est\u00e1 em constante evolu\u00e7\u00e3o, e ficar \u00e0 frente das tend\u00eancias emergentes \u00e9 crucial para o sucesso. Algumas das principais tend\u00eancias que moldam a ind\u00fastria incluem:<\/p>\n\n\n\n<ul class=\"wp-block-list\">\n<li><strong>Experi\u00eancia baseada em conta (ABX)<\/strong>: Expandindo o ABM tradicional, o ABX enfatiza a cria\u00e7\u00e3o de uma experi\u00eancia personalizada e integrada para contas-alvo em todas as etapas da jornada do comprador.<\/li>\n\n\n\n<li><strong>Insights baseados em IA<\/strong>: A intelig\u00eancia artificial est\u00e1 crescendo em gera\u00e7\u00e3o de demanda ao fornecer insights preditivos, aprimorar a personaliza\u00e7\u00e3o e otimizar o desempenho da campanha.<\/li>\n\n\n\n<li><strong>Conte\u00fado interativo<\/strong>: Conte\u00fado interativo, como question\u00e1rios, enquetes e calculadoras, est\u00e1 se tornando mais popular para envolver clientes em potencial, coletar insights e fornecer valor personalizado.<\/li>\n\n\n\n<li><strong>Marketing de V\u00eddeo<\/strong>: Conte\u00fado de v\u00eddeo \u00e9 um meio eficaz para envolver clientes em potencial e gerar demanda. V\u00eddeos curtos e informativos que abordam os pontos problem\u00e1ticos do cliente ajudam a construir confian\u00e7a e a gerar interesse.<\/li>\n\n\n\n<li><strong>Foco em dados prim\u00e1rios<\/strong>: Com o aumento das regulamenta\u00e7\u00f5es de privacidade, as empresas est\u00e3o migrando para a coleta e o aproveitamento de dados prim\u00e1rios para segmenta\u00e7\u00e3o e personaliza\u00e7\u00e3o mais precisas.<\/li>\n<\/ul>\n\n\n\n<h2 class=\"wp-block-heading\"><strong>Tecnologia e ferramentas impulsionando a gera\u00e7\u00e3o de demanda B2B<\/strong><\/h2>\n\n\n\n<p>Uma empresa de gera\u00e7\u00e3o de demanda B2B de ponta utiliza uma variedade de plataformas e softwares avan\u00e7ados para agilizar processos, aprimorar a segmenta\u00e7\u00e3o e medir o sucesso com precis\u00e3o. Essas tecnologias ajudam a automatizar tarefas e fornecem insights valiosos sobre os comportamentos do comprador, permitindo que as empresas gerem demanda que se traduz em leads qualificados e convers\u00f5es.<\/p>\n\n\n\n<p><strong>Automa\u00e7\u00e3o de marketing para campanhas escal\u00e1veis<\/strong><strong><br><\/strong><strong><br><\/strong>Plataformas de automa\u00e7\u00e3o de marketing como HubSpot e Marketo permitem que equipes de gera\u00e7\u00e3o de demanda automatizem tarefas repetitivas como marketing por e-mail, postagem em m\u00eddias sociais e nutri\u00e7\u00e3o de leads. Para uma empresa de gera\u00e7\u00e3o de demanda B2B de ponta, a automa\u00e7\u00e3o \u00e9 um divisor de \u00e1guas, pois permite campanhas em larga escala que mant\u00eam a personaliza\u00e7\u00e3o e a consist\u00eancia em todos os pontos de contato.&nbsp;<\/p>\n\n\n\n<p><strong>Sistemas de gerenciamento de relacionamento com o cliente (CRM) para rastreamento e gerenciamento de leads<\/strong><strong><br><\/strong><strong><br><\/strong>Um sistema de CRM robusto, como Salesforce ou Zoho CRM, \u00e9 fundamental para a gera\u00e7\u00e3o de demanda. Essas ferramentas ajudam uma empresa de gera\u00e7\u00e3o de demanda B2B de ponta a rastrear cada intera\u00e7\u00e3o com leads em potencial, monitorar o pipeline de vendas e identificar oportunidades de alto valor. Os sistemas de CRM se integram a outras ferramentas de marketing para fornecer uma vis\u00e3o abrangente da jornada de cada cliente potencial, permitindo que as empresas alinhem os esfor\u00e7os de marketing e vendas.&nbsp;<\/p>\n\n\n\n<p><strong>An\u00e1lise de dados para insights aprofundados de mercado e p\u00fablico<\/strong><strong><br><\/strong><strong><br><\/strong>Data analytics tools, like Google Analytics, Adobe Analytics, and PowerBI, allow B2B demand generation firms to make informed decisions based on real-time data. These platforms enable firms to monitor campaign performance, track user behavior, and identify high-performing content. By leveraging data analytics, a <a href=\"https:\/\/www.sisinternational.com\/pt\/empresa-lider-em-estrategia-de-entrada-no-mercado-b2b\/\" title=\"Melhor empresa de estrat\u00e9gia de entrada no mercado B2B\" data-wpil-monitor-id=\"1374\">top B2B demand generation<\/a> firm can fine-tune its strategies, targeting content and campaigns more accurately.&nbsp;<\/p>\n\n\n\n<p><strong>Plataformas de marketing baseado em contas (ABM) para alcance direcionado<\/strong><strong><br><\/strong><strong><br><\/strong>As ferramentas de ABM s\u00e3o inestim\u00e1veis para uma empresa de gera\u00e7\u00e3o de demanda B2B de ponta na execu\u00e7\u00e3o de campanhas precisas e direcionadas para grandes clientes empresariais. Ao focar em contas-chave, essas plataformas ajudam as empresas a alocar recursos de forma mais eficaz, resultando em leads de maior qualidade e melhor ROI. As plataformas de ABM tamb\u00e9m facilitam o engajamento multicanal, fornecendo insights sobre como diferentes pontos de contato contribuem para o sucesso geral da campanha.<\/p>\n\n\n\n<p><strong>Ferramentas de gerenciamento de m\u00eddia social para visibilidade e engajamento da marca<\/strong><strong><br><\/strong><strong><br><\/strong>Plataformas de gerenciamento de m\u00eddia social como Hootsuite, Sprout Social e Buffer s\u00e3o essenciais para gerenciar a presen\u00e7a da marca em v\u00e1rios canais. Uma empresa de gera\u00e7\u00e3o de demanda B2B usa essas ferramentas para agendar postagens, interagir com seguidores e monitorar o sentimento da marca. Essas ferramentas tamb\u00e9m fornecem an\u00e1lises valiosas que revelam quais tipos de conte\u00fado repercutem mais com o p\u00fablico-alvo.&nbsp;<\/p>\n\n\n\n<p><strong>An\u00e1lise preditiva e IA para previs\u00e3o e personaliza\u00e7\u00e3o<\/strong><strong><br><\/strong><strong><br><\/strong>Predictive analytics and AI tools transform <a href=\"https:\/\/www.sisinternational.com\/pt\/solucoes\/solucoes-de-pesquisa-quantitativa-qualitativa\/demand-forecasting-best-practices\/\" title=\"Demand Forecasting Best Practices\" data-wpil-monitor-id=\"1644\">demand generation by enabling accurate forecasting<\/a> and personalized content delivery. A <a href=\"https:\/\/www.sisinternational.com\/pt\/empresa-lider-em-monitoramento-de-tendencias-de-mercado-b2b\/\" title=\"Empresa de monitoramento de tend\u00eancias de mercado B2B\" data-wpil-monitor-id=\"1227\">top B2B demand generation<\/a> firm can analyze historical data and current trends to predict customer behaviors and create personalized content journeys. AI-driven algorithms help identify the best times to reach potential leads, which messaging resonates most, and how to adjust campaigns in real-time for optimal results.&nbsp;<\/p>\n\n\n\n<h2 class=\"wp-block-heading\"><strong>O que diferencia a SIS International de outras empresas de gera\u00e7\u00e3o de demanda?<\/strong><\/h2>\n\n\n\n<figure class=\"gb-block-image gb-block-image-c88bf432\"><img loading=\"lazy\" decoding=\"async\" width=\"1456\" height=\"816\" class=\"gb-image gb-image-c88bf432\" src=\"https:\/\/www.sisinternational.com\/wp-content\/uploads\/2025\/09\/Quantitative-reseasrch-in-London-Qualitative-research-in-London-9.jpg\" alt=\"Pesquisa e Estrat\u00e9gia de Mercado Internacional da SIS\" title=\"Quantitative reseasrch in London Qualitative research in London (9)\" srcset=\"https:\/\/www.sisinternational.com\/wp-content\/uploads\/2025\/09\/Quantitative-reseasrch-in-London-Qualitative-research-in-London-9.jpg 1456w, https:\/\/www.sisinternational.com\/wp-content\/uploads\/2025\/09\/Quantitative-reseasrch-in-London-Qualitative-research-in-London-9-300x168.jpg 300w, https:\/\/www.sisinternational.com\/wp-content\/uploads\/2025\/09\/Quantitative-reseasrch-in-London-Qualitative-research-in-London-9-1024x574.jpg 1024w, https:\/\/www.sisinternational.com\/wp-content\/uploads\/2025\/09\/Quantitative-reseasrch-in-London-Qualitative-research-in-London-9-768x430.jpg 768w, https:\/\/www.sisinternational.com\/wp-content\/uploads\/2025\/09\/Quantitative-reseasrch-in-London-Qualitative-research-in-London-9-18x10.jpg 18w\" sizes=\"auto, (max-width: 1456px) 100vw, 1456px\"><\/figure>\n\n\n\n<p><\/p>\n\n\n\n<p>A abordagem da SIS International para gera\u00e7\u00e3o de demanda \u00e9 \u00fanica e altamente eficaz. Aqui est\u00e3o alguns fatores que nos diferenciam de outras empresas de gera\u00e7\u00e3o de demanda:<\/p>\n\n\n\n<ul class=\"wp-block-list\">\n<li><strong>Gera\u00e7\u00e3o de demanda hol\u00edstica<\/strong>: Unlike <a href=\"https:\/\/www.sisinternational.com\/pt\/solucoes\/consultoria-estrategica\/tecnicas-de-geracao-de-leads\/\" title=\"Empresa de gera\u00e7\u00e3o de leads\" data-wpil-monitor-id=\"6750\">firms focusing solely on lead generation<\/a>, SIS takes a holistic approach to demand generation, encompassing brand awareness, engagement, lead nurturing, and sales enablement.<\/li>\n\n\n\n<li><strong>Experi\u00eancia na ind\u00fastria<\/strong>:Nossa experi\u00eancia abrange uma ampla gama de setores, o que nos permite desenvolver estrat\u00e9gias personalizadas de gera\u00e7\u00e3o de demanda que repercutem em segmentos de mercado espec\u00edficos.<\/li>\n\n\n\n<li><strong>Abordagem Centrada no Cliente<\/strong>: N\u00f3s centralizamos os clientes dos nossos clientes em nossas estrat\u00e9gias de gera\u00e7\u00e3o de demanda. Ao entender as necessidades e os pontos problem\u00e1ticos do p\u00fablico-alvo, criamos campanhas personalizadas que impulsionam o engajamento.<\/li>\n\n\n\n<li><strong>Agilidade e Adaptabilidade<\/strong>:O cen\u00e1rio de marketing B2B est\u00e1 em constante mudan\u00e7a, e nos orgulhamos de nossa capacidade de nos adaptar rapidamente a novas tend\u00eancias e desafios, garantindo que nossos clientes permane\u00e7am competitivos.<\/li>\n\n\n\n<li><strong>Parcerias Colaborativas<\/strong>:Vemos nossos clientes como parceiros, trabalhando em estreita colabora\u00e7\u00e3o com eles para desenvolver campanhas de gera\u00e7\u00e3o de demanda que se alinhem com seus objetivos de neg\u00f3cios e forne\u00e7am resultados mensur\u00e1veis.<\/li>\n<\/ul>\n\n\n\n<h2 class=\"wp-block-heading\"><strong>O que torna a SIS International a empresa mais acess\u00edvel para gera\u00e7\u00e3o de demanda B2B?<\/strong><\/h2>\n\n\n\n<p>SIS International is recognized as a top B2B demand generation firm and one of the most affordable options for businesses seeking effective demand generation solutions. Here\u2019s what makes SIS International the most affordable <a href=\"https:\/\/www.sisinternational.com\/pt\/melhor-empresa-de-otimizacao-de-vendas-b2b\/\" title=\"Melhor empresa de otimiza\u00e7\u00e3o de vendas B2B\" data-wpil-monitor-id=\"1668\">company for B2B<\/a> demand generation:<\/p>\n\n\n\n<ul class=\"wp-block-list\">\n<li><strong>Estrat\u00e9gias de Custo-Efetivo<\/strong>: Nossas solu\u00e7\u00f5es de gera\u00e7\u00e3o de demanda s\u00e3o projetadas para entregar o m\u00e1ximo valor sem custos excessivos. Otimizamos campanhas para ROI, garantindo que os clientes recebam resultados de alta qualidade a um pre\u00e7o acess\u00edvel.<\/li>\n\n\n\n<li><strong>Pacotes de pre\u00e7os flex\u00edveis<\/strong>: Oferecemos op\u00e7\u00f5es de pre\u00e7os flex\u00edveis, adaptadas \u00e0s necessidades \u00fanicas e restri\u00e7\u00f5es or\u00e7ament\u00e1rias de nossos clientes. Isso permite que empresas de todos os tamanhos acessem servi\u00e7os profissionais de gera\u00e7\u00e3o de demanda sem dificuldades financeiras.<\/li>\n\n\n\n<li><strong>Campanhas escal\u00e1veis<\/strong>: As campanhas de gera\u00e7\u00e3o de demanda da SIS International s\u00e3o escal\u00e1veis, permitindo que as empresas comecem com um or\u00e7amento que se adapte \u00e0s suas necessidades e aumentem conforme crescem. Essa abordagem garante que os clientes possam aumentar gradualmente seus investimentos em gera\u00e7\u00e3o de demanda conforme veem os resultados.<\/li>\n\n\n\n<li><strong>Aloca\u00e7\u00e3o eficiente de recursos<\/strong>: Ao aproveitar ferramentas avan\u00e7adas de automa\u00e7\u00e3o e insights baseados em dados, minimizamos inefici\u00eancias e maximizamos o impacto de cada campanha, permitindo que nossos clientes alcancem mais sem exceder seus or\u00e7amentos.<\/li>\n\n\n\n<li><strong>Resultados baseados em valor:<\/strong> Entregamos resultados orientados a valor que contribuem diretamente para o crescimento dos nossos clientes. Priorizamos estrat\u00e9gias que fornecem resultados comerciais tang\u00edveis, garantindo que cada d\u00f3lar gasto na gera\u00e7\u00e3o de demanda entregue um forte retorno sobre o investimento.<\/li>\n<\/ul>\n\n\n\n<h2 class=\"wp-block-heading\"><strong>Sobre SIS Internacional<\/strong><\/h2>\n\n\n\n<p><a href=\"https:\/\/www.sisinternational.com\/pt\/\">SIS Internacional<\/a> oferece pesquisa quantitativa, qualitativa e estrat\u00e9gica. Fornecemos dados, ferramentas, estrat\u00e9gias, relat\u00f3rios e insights para a tomada de decis\u00f5es. Tamb\u00e9m realizamos entrevistas, pesquisas, grupos focais e outros m\u00e9todos e abordagens de Pesquisa de Mercado.<a href=\"https:\/\/www.sisinternational.com\/pt\/sobre-a-sis-international-research\/contact-sis-international-market-research\/\"> Entre em contato conosco<\/a> para o seu pr\u00f3ximo projeto de pesquisa de mercado.<\/p>\n\n\n\n<hr class=\"wp-block-separator has-alpha-channel-opacity\"\/>","protected":false},"excerpt":{"rendered":"<p>Top B2B Demand Generation Company How can your business stay ahead of the competition in the ever-changing world of B2B marketing? Demand generation is about creating awareness, interest, and desire for your products or services, ensuring your sales funnel remains full of high-quality leads. SIS International is recognized as a top B2B demand generation firm, &#8230; <a title=\"Melhor empresa de gera\u00e7\u00e3o de demanda B2B\" class=\"read-more\" href=\"https:\/\/www.sisinternational.com\/pt\/solucoes\/pesquisa-de-mercado-b2b\/empresa-lider-em-geracao-de-demanda-b2b\/\" aria-label=\"Read more about Top B2B Demand Generation Company\">Leia mais<\/a><\/p>","protected":false},"author":1,"featured_media":62386,"parent":11292,"menu_order":9,"comment_status":"closed","ping_status":"closed","template":"","meta":{"footnotes":""},"class_list":["post-53891","page","type-page","status-publish","has-post-thumbnail"],"_links":{"self":[{"href":"https:\/\/www.sisinternational.com\/pt\/wp-json\/wp\/v2\/pages\/53891","targetHints":{"allow":["GET"]}}],"collection":[{"href":"https:\/\/www.sisinternational.com\/pt\/wp-json\/wp\/v2\/pages"}],"about":[{"href":"https:\/\/www.sisinternational.com\/pt\/wp-json\/wp\/v2\/types\/page"}],"author":[{"embeddable":true,"href":"https:\/\/www.sisinternational.com\/pt\/wp-json\/wp\/v2\/users\/1"}],"replies":[{"embeddable":true,"href":"https:\/\/www.sisinternational.com\/pt\/wp-json\/wp\/v2\/comments?post=53891"}],"version-history":[{"count":13,"href":"https:\/\/www.sisinternational.com\/pt\/wp-json\/wp\/v2\/pages\/53891\/revisions"}],"predecessor-version":[{"id":80330,"href":"https:\/\/www.sisinternational.com\/pt\/wp-json\/wp\/v2\/pages\/53891\/revisions\/80330"}],"up":[{"embeddable":true,"href":"https:\/\/www.sisinternational.com\/pt\/wp-json\/wp\/v2\/pages\/11292"}],"wp:featuredmedia":[{"embeddable":true,"href":"https:\/\/www.sisinternational.com\/pt\/wp-json\/wp\/v2\/media\/62386"}],"wp:attachment":[{"href":"https:\/\/www.sisinternational.com\/pt\/wp-json\/wp\/v2\/media?parent=53891"}],"curies":[{"name":"wp","href":"https:\/\/api.w.org\/{rel}","templated":true}]}}