{"id":53885,"date":"2024-11-02T14:45:00","date_gmt":"2024-11-02T18:45:00","guid":{"rendered":"https:\/\/www.sisinternational.com\/?page_id=53885"},"modified":"2026-03-05T23:21:18","modified_gmt":"2026-03-06T04:21:18","slug":"melhor-empresa-de-otimizacao-de-vendas-b2b","status":"publish","type":"page","link":"https:\/\/www.sisinternational.com\/pt\/solucoes\/pesquisa-de-mercado-b2b\/melhor-empresa-de-otimizacao-de-vendas-b2b\/","title":{"rendered":"Melhor empresa de otimiza\u00e7\u00e3o de vendas B2B"},"content":{"rendered":"<h1 class=\"gb-headline gb-headline-85ee7366 gb-headline-text\">Melhor empresa de otimiza\u00e7\u00e3o de vendas B2B<br><\/h1>\n\n\n\n<figure class=\"gb-block-image gb-block-image-9c8a02ed\"><img loading=\"lazy\" decoding=\"async\" width=\"1456\" height=\"816\" class=\"gb-image gb-image-9c8a02ed\" src=\"https:\/\/www.sisinternational.com\/wp-content\/uploads\/2025\/08\/Marketing-5.jpg\" alt=\"Pesquisa e Estrat\u00e9gia de Mercado Internacional da SIS\" title=\"Marketing (5)\" srcset=\"https:\/\/www.sisinternational.com\/wp-content\/uploads\/2025\/08\/Marketing-5.jpg 1456w, https:\/\/www.sisinternational.com\/wp-content\/uploads\/2025\/08\/Marketing-5-300x168.jpg 300w, https:\/\/www.sisinternational.com\/wp-content\/uploads\/2025\/08\/Marketing-5-1024x574.jpg 1024w, https:\/\/www.sisinternational.com\/wp-content\/uploads\/2025\/08\/Marketing-5-768x430.jpg 768w, https:\/\/www.sisinternational.com\/wp-content\/uploads\/2025\/08\/Marketing-5-18x10.jpg 18w\" sizes=\"auto, (max-width: 1456px) 100vw, 1456px\"><\/figure>\n\n\n\n<p><\/p>\n\n\n\n<h3 class=\"wp-block-heading\">No competitivo cen\u00e1rio B2B de hoje, a capacidade de otimizar os processos de vendas \u00e9 um diferencial fundamental entre empresas de sucesso e aquelas que t\u00eam dificuldade de crescer.&nbsp;<\/h3>\n\n\n\n<p>A otimiza\u00e7\u00e3o de vendas \u00e9 sobre refinar cada aspecto do ciclo de vendas \u2014 da gera\u00e7\u00e3o de leads ao fechamento de neg\u00f3cios \u2014 para maximizar a efici\u00eancia e a lucratividade. A SIS International \u00e9 uma empresa de otimiza\u00e7\u00e3o de vendas B2B de ponta que ajuda empresas a desbloquear seu potencial de vendas por meio de estrat\u00e9gias orientadas por dados e t\u00e9cnicas avan\u00e7adas de vendas.<\/p>\n\n\n\n<h2 class=\"wp-block-heading\"><strong>O que torna uma empresa de otimiza\u00e7\u00e3o de vendas B2B uma das melhores<\/strong><\/h2>\n\n\n\n<p>A top B2B sales optimization company like SIS provides tailored strategies and solutions that enhance every sales process step. The company leverages industry expertise, data analytics, and innovative technology to help businesses achieve superior sales performance. Some key elements that define a <a href=\"https:\/\/www.sisinternational.com\/pt\/empresa-lider-em-monitoramento-de-tendencias-de-mercado-b2b\/\" title=\"Empresa de monitoramento de tend\u00eancias de mercado B2B\"  data-wpil-monitor-id=\"1235\">top B2B sales optimization company<\/a> incluir:<\/p>\n\n\n\n<ul class=\"wp-block-list\">\n<li><strong>An\u00e1lise de vendas abrangente<\/strong>:Uma an\u00e1lise completa do pipeline de vendas e do funil de vendas \u00e9 crucial para identificar gargalos e \u00e1reas de melhoria.&nbsp;<\/li>\n\n\n\n<li><strong>Estrat\u00e9gias de Vendas Personalizadas<\/strong>: One-size-fits-all solutions rarely work in the competitive B2B environment. A <a href=\"https:\/\/www.sisinternational.com\/pt\/empresa-lider-em-geracao-de-demanda-b2b\/\" title=\"Melhor empresa de gera\u00e7\u00e3o de demanda B2B\"  data-wpil-monitor-id=\"1387\">top B2B sales optimization company<\/a>, like SIS International, creates customized sales strategies tailored to each client&#8217;s unique needs.<\/li>\n\n\n\n<li><strong>Ferramentas de vendas avan\u00e7adas<\/strong>: From CRM software to sales automation tools, a <a href=\"https:\/\/www.sisinternational.com\/pt\/empresa-de-previsao-de-tendencias-da-industria-b2b\/\" title=\"Empresa de previs\u00e3o das principais tend\u00eancias da ind\u00fastria B2B\"  data-wpil-monitor-id=\"1621\">top B2B sales optimization company<\/a> uses advanced tools to streamline processes and improve efficiency.<\/li>\n\n\n\n<li><strong>Qualifica\u00e7\u00e3o e Gest\u00e3o de Leads<\/strong>:Uma empresa l\u00edder nessa \u00e1rea ajuda empresas a refinar seus processos de gerenciamento de leads para garantir que sua equipe de vendas se concentre nas oportunidades mais promissoras.<\/li>\n\n\n\n<li><strong>Treinamento e Desenvolvimento da Equipe de Vendas<\/strong>: Treinamento e desenvolvimento cont\u00ednuos equipam os profissionais de vendas com as habilidades necess\u00e1rias para ter sucesso.<\/li>\n<\/ul>\n\n\n\n<h2 class=\"wp-block-heading\"><strong>Abordagem da SIS International para otimiza\u00e7\u00e3o de vendas<\/strong><\/h2>\n\n\n\n<p>Como um top confi\u00e1vel <a href=\"https:\/\/www.sisinternational.com\/pt\/solucoes\/pesquisa-de-mercado-b2b\/\">B2B<\/a> empresa de otimiza\u00e7\u00e3o de vendas com mais de 40 anos de experi\u00eancia no mercado, a SIS International adota uma abordagem hol\u00edstica para otimiza\u00e7\u00e3o de vendas. Abordamos todos os aspectos do ciclo de vendas para gerar resultados mensur\u00e1veis. Nossa abordagem \u00e9 projetada para aumentar a efici\u00eancia de vendas, melhorar as taxas de convers\u00e3o e aumentar a receita para nossos clientes.<\/p>\n\n\n\n<ul class=\"wp-block-list\">\n<li><strong>Insights baseados em dados<\/strong>: SIS International uses data-driven insights to <a href=\"https:\/\/www.sisinternational.com\/pt\/otimizando-sites-corporativos-para-roi\/\" title=\"Otimizando sites corporativos para ROI\"  data-wpil-monitor-id=\"1972\">optimize sales strategies<\/a>. By analyzing sales metrics and customer data, we identify key areas for improvement and help our clients make informed decisions.<\/li>\n\n\n\n<li><strong>Solu\u00e7\u00f5es Personalizadas<\/strong>: N\u00e3o h\u00e1 duas empresas iguais, nem seus processos de vendas. A SIS cria solu\u00e7\u00f5es personalizadas de otimiza\u00e7\u00e3o de vendas adaptadas \u00e0s necessidades e desafios de cada cliente, garantindo o m\u00e1ximo impacto.<\/li>\n\n\n\n<li><strong>Automa\u00e7\u00e3o de vendas<\/strong>: Nossa equipe ajuda os clientes a implementar ferramentas de automa\u00e7\u00e3o de vendas que simplificam tarefas repetitivas, permitindo que suas equipes de vendas se concentrem em atividades de alto valor que geram receita.<\/li>\n\n\n\n<li><strong>Acompanhamento de desempenho<\/strong>: Fornecemos aos clientes ferramentas de monitoramento de desempenho e an\u00e1lises para monitorar m\u00e9tricas cr\u00edticas de vendas e fazer os ajustes necess\u00e1rios baseados em dados.<\/li>\n\n\n\n<li><strong>Capacita\u00e7\u00e3o de vendas<\/strong>: A capacita\u00e7\u00e3o de vendas envolve fornecer \u00e0s equipes de vendas as ferramentas, recursos e informa\u00e7\u00f5es de que precisam para fechar neg\u00f3cios de forma eficaz. A SIS International trabalha com clientes para desenvolver estrat\u00e9gias de capacita\u00e7\u00e3o de vendas que melhorem a efic\u00e1cia de suas equipes de vendas.<\/li>\n<\/ul>\n\n\n\n<h2 class=\"wp-block-heading\"><strong>Por que escolher a SIS International como sua principal empresa de otimiza\u00e7\u00e3o de vendas B2B<\/strong><\/h2>\n\n\n\n<figure class=\"gb-block-image gb-block-image-b1ff026a\"><img loading=\"lazy\" decoding=\"async\" width=\"1456\" height=\"816\" class=\"gb-image gb-image-b1ff026a\" src=\"https:\/\/www.sisinternational.com\/wp-content\/uploads\/2025\/08\/Focus-group-meeting-4.jpg\" alt=\"Pesquisa e Estrat\u00e9gia de Mercado Internacional da SIS\" title=\"Focus group &amp; meeting (4)\" srcset=\"https:\/\/www.sisinternational.com\/wp-content\/uploads\/2025\/08\/Focus-group-meeting-4.jpg 1456w, https:\/\/www.sisinternational.com\/wp-content\/uploads\/2025\/08\/Focus-group-meeting-4-300x168.jpg 300w, https:\/\/www.sisinternational.com\/wp-content\/uploads\/2025\/08\/Focus-group-meeting-4-1024x574.jpg 1024w, https:\/\/www.sisinternational.com\/wp-content\/uploads\/2025\/08\/Focus-group-meeting-4-768x430.jpg 768w, https:\/\/www.sisinternational.com\/wp-content\/uploads\/2025\/08\/Focus-group-meeting-4-18x10.jpg 18w\" sizes=\"auto, (max-width: 1456px) 100vw, 1456px\"><\/figure>\n\n\n\n<p><\/p>\n\n\n\n<p>Escolher o parceiro certo para otimiza\u00e7\u00e3o de vendas pode fazer toda a diferen\u00e7a para atingir o sucesso em vendas. Aqui est\u00e3o alguns motivos pelos quais a SIS se destaca como uma das principais empresas de otimiza\u00e7\u00e3o de vendas B2B:<\/p>\n\n\n\n<ul class=\"wp-block-list\">\n<li><strong>Hist\u00f3rico comprovado<\/strong>: A SIS International tem um hist\u00f3rico comprovado de ajudar empresas B2B a otimizar seus processos de vendas e atingir um crescimento significativo na receita. Nossa experi\u00eancia em diversos setores nos permite fornecer insights e estrat\u00e9gias que geram resultados reais.<\/li>\n\n\n\n<li><strong>Equipe de especialistas<\/strong>: Nossa equipe de especialistas em vendas tem ampla experi\u00eancia em vendas B2B e entende as complexidades do ciclo de vendas. Trabalhamos em estreita colabora\u00e7\u00e3o com os clientes para identificar seus desafios \u00fanicos e desenvolver solu\u00e7\u00f5es que atendam \u00e0s suas necessidades.<\/li>\n\n\n\n<li><strong>Tecnologia de ponta<\/strong>: Aproveitamos a mais recente tecnologia para impulsionar a otimiza\u00e7\u00e3o de vendas. De sistemas de CRM a ferramentas de an\u00e1lise de vendas, usamos tecnologia avan\u00e7ada para ajudar nossos clientes a atingir desempenho de vendas superior.<\/li>\n\n\n\n<li><strong>Abordagem Centrada no Cliente<\/strong>: Na SIS International, colocamos nossos clientes em primeiro lugar. Nossa abordagem centrada no cliente garante que desenvolvamos estrat\u00e9gias de otimiza\u00e7\u00e3o de vendas que se alinham com as metas de neg\u00f3cios de nossos clientes e entregam valor mensur\u00e1vel.<\/li>\n\n\n\n<li><strong>Sucesso a longo prazo<\/strong>: A otimiza\u00e7\u00e3o de vendas n\u00e3o \u00e9 um esfor\u00e7o \u00fanico \u2014 ela exige foco e melhoria cont\u00ednuos \u2014 e a SIS International est\u00e1 comprometida em ajudar nossos clientes a alcan\u00e7ar sucesso a longo prazo por meio de otimiza\u00e7\u00e3o e suporte cont\u00ednuos.<\/li>\n<\/ul>\n\n\n\n<p><\/p>\n\n\n\n<h2 class=\"wp-block-heading\"><strong>Analisando as tend\u00eancias da ind\u00fastria<\/strong><\/h2>\n\n\n\n<figure class=\"gb-block-image gb-block-image-4bd651c1\"><img loading=\"lazy\" decoding=\"async\" width=\"1456\" height=\"816\" class=\"gb-image gb-image-4bd651c1\" src=\"https:\/\/www.sisinternational.com\/wp-content\/uploads\/2025\/09\/Quantitative-research-19.jpg\" alt=\"Pesquisa e Estrat\u00e9gia de Mercado Internacional da SIS\" title=\"Quantitative research (19)\" srcset=\"https:\/\/www.sisinternational.com\/wp-content\/uploads\/2025\/09\/Quantitative-research-19.jpg 1456w, https:\/\/www.sisinternational.com\/wp-content\/uploads\/2025\/09\/Quantitative-research-19-300x168.jpg 300w, https:\/\/www.sisinternational.com\/wp-content\/uploads\/2025\/09\/Quantitative-research-19-1024x574.jpg 1024w, https:\/\/www.sisinternational.com\/wp-content\/uploads\/2025\/09\/Quantitative-research-19-768x430.jpg 768w, https:\/\/www.sisinternational.com\/wp-content\/uploads\/2025\/09\/Quantitative-research-19-18x10.jpg 18w\" sizes=\"auto, (max-width: 1456px) 100vw, 1456px\"><\/figure>\n\n\n\n<p><\/p>\n\n\n\n<p>Uma tend\u00eancia importante do setor \u00e9 a crescente import\u00e2ncia da an\u00e1lise de dados nas vendas. As empresas que alavancam dados para obter insights sobre o comportamento do cliente, tend\u00eancias de mercado e desempenho de vendas est\u00e3o melhor posicionadas para ter sucesso. Como uma das principais empresas de otimiza\u00e7\u00e3o de vendas B2B, a SIS International utiliza ferramentas avan\u00e7adas de an\u00e1lise de dados para ajudar os clientes a aproveitar o poder de seus dados, permitindo que tomem decis\u00f5es informadas e impulsionem o crescimento.&nbsp;<\/p>\n\n\n\n<p>Outra tend\u00eancia significativa \u00e9 a mudan\u00e7a para uma abordagem centrada no cliente em vendas B2B. Os clientes de hoje esperam experi\u00eancias personalizadas, e as empresas que n\u00e3o atendem a essas expectativas correm o risco de perder para os concorrentes. A SIS International enfatiza a import\u00e2ncia de entender as necessidades e prefer\u00eancias do cliente. Trabalhamos em estreita colabora\u00e7\u00e3o com nossos clientes para desenvolver estrat\u00e9gias de vendas priorizando a experi\u00eancia do cliente. Ao alinhar os esfor\u00e7os de vendas com as expectativas do cliente, ajudamos as empresas a construir relacionamentos mais fortes e melhorar a satisfa\u00e7\u00e3o do cliente.<\/p>\n\n\n\n<h2 class=\"wp-block-heading\"><strong>Os benef\u00edcios da otimiza\u00e7\u00e3o de vendas para empresas B2B<\/strong><\/h2>\n\n\n\n<p>Some key benefits of working with a <a href=\"https:\/\/www.sisinternational.com\/pt\/empresa-lider-em-pesquisa-de-mercado-b2b\/\" title=\"Melhor empresa de pesquisa de mercado B2B\"  data-wpil-monitor-id=\"1681\">top B2B sales optimization company<\/a> like SIS International Research include:<\/p>\n\n\n\n<ul class=\"wp-block-list\">\n<li><strong>Efici\u00eancia aumentada<\/strong>: A otimiza\u00e7\u00e3o de vendas pode melhorar significativamente a efici\u00eancia ao simplificar o processo de vendas e eliminar gargalos, permitindo que as equipes de vendas se concentrem em atividades de alto valor.<\/li>\n\n\n\n<li><strong>Taxas de convers\u00e3o mais altas<\/strong>: Isso ajuda as empresas a melhorar seus processos de qualifica\u00e7\u00e3o e acompanhamento de leads, resultando em maiores taxas de convers\u00e3o e mais neg\u00f3cios fechados.<\/li>\n\n\n\n<li><strong>Melhor previs\u00e3o de vendas<\/strong>: A otimiza\u00e7\u00e3o de vendas fornece \u00e0s empresas os dados e os insights necess\u00e1rios para prever as vendas com precis\u00e3o.<\/li>\n\n\n\n<li><strong>Experi\u00eancia aprimorada do cliente<\/strong>:Ao otimizar as intera\u00e7\u00f5es com clientes potenciais e clientes, as empresas podem melhorar a satisfa\u00e7\u00e3o do cliente e construir relacionamentos duradouros.<\/li>\n\n\n\n<li><strong>Crescimento da receita<\/strong>: Uma empresa l\u00edder em otimiza\u00e7\u00e3o de vendas B2B como a SIS International pode ajudar empresas a crescer significativamente, melhorando a efici\u00eancia, as taxas de convers\u00e3o e a satisfa\u00e7\u00e3o do cliente.<\/li>\n<\/ul>\n\n\n\n<h2 class=\"wp-block-heading\"><strong>O papel da tecnologia na otimiza\u00e7\u00e3o de vendas B2B<\/strong><\/h2>\n\n\n\n<p>Como uma das principais empresas de otimiza\u00e7\u00e3o de vendas B2B, utilizamos ferramentas e tecnologias de ponta para fornecer aos clientes insights em tempo real, aumentar a produtividade e otimizar os processos de vendas para um crescimento mensur\u00e1vel.<\/p>\n\n\n\n<p><strong>An\u00e1lise orientada por IA para insights aprimorados do cliente<\/strong><strong><br><\/strong><strong><br><\/strong>A IA redefiniu a otimiza\u00e7\u00e3o de vendas B2B ao revelar insights que capacitam as empresas a tomar decis\u00f5es baseadas em dados. Ao alavancar a IA, as empresas podem detectar padr\u00f5es no comportamento do cliente, prever tend\u00eancias de compra e aprimorar a segmenta\u00e7\u00e3o do cliente. Esse poder preditivo permite que as empresas adaptem seus esfor\u00e7os de vendas para leads de alto valor, aumentando, em \u00faltima an\u00e1lise, as taxas de convers\u00e3o e maximizando o ROI.<\/p>\n\n\n\n<p><strong>Sistemas de CRM para gerenciamento simplificado de pipeline<\/strong><strong><br><\/strong><strong><br><\/strong>Os sistemas de Customer Relationship Management (CRM) s\u00e3o fundamentais para a otimiza\u00e7\u00e3o efetiva de vendas. Eles permitem que as equipes gerenciem as intera\u00e7\u00f5es com os clientes e acompanhem o progresso das vendas de forma eficiente.&nbsp;<\/p>\n\n\n\n<p><strong>Plataformas de capacita\u00e7\u00e3o de vendas para produtividade aumentada<br><br><\/strong>Ao utilizar essas plataformas, uma empresa de otimiza\u00e7\u00e3o de vendas B2B de ponta como a SIS garante que os representantes de vendas tenham acesso f\u00e1cil ao conte\u00fado, como planilhas de dados, estudos de caso e manuais de vendas, alinhados diretamente com as necessidades do cliente. Essas ferramentas prontamente dispon\u00edveis aumentam a produtividade e melhoram as taxas de vit\u00f3ria, pois as equipes podem adaptar sua abordagem com base em pontos problem\u00e1ticos e obje\u00e7\u00f5es espec\u00edficas do cliente.<\/p>\n\n\n\n<p><strong>Fluxos de trabalho automatizados para maior efici\u00eancia<\/strong><strong><br><\/strong><strong><br><\/strong>By implementing automated lead scoring, follow-up emails, and task assignments, a <a href=\"https:\/\/www.sisinternational.com\/pt\/empresa-lider-global-em-grupos-focais\/\" title=\"Empresa l\u00edder global em grupos focais\"  data-wpil-monitor-id=\"1027\">top B2B sales optimization company<\/a> ensures that sales teams can focus on high-impact tasks. Automation keeps prospects engaged, ensuring timely responses and continuous interaction without the need for manual effort.&nbsp;<\/p>\n\n\n\n<p><strong>Pain\u00e9is do PowerBI para visualiza\u00e7\u00e3o de dados em tempo real e tomada de decis\u00f5es<\/strong><strong><br><\/strong><strong><br><\/strong>Como uma das principais empresas de otimiza\u00e7\u00e3o de vendas B2B, usamos o PowerBI para criar pain\u00e9is din\u00e2micos e personaliz\u00e1veis que apresentam m\u00e9tricas de vendas, est\u00e1gios de pipeline e insights de desempenho em um formato intuitivo. Esses pain\u00e9is permitem que os l\u00edderes de vendas monitorem KPIs, acompanhem o progresso individual e da equipe e identifiquem tend\u00eancias rapidamente. O acesso imediato aos insights de dados permite que as equipes adaptem estrat\u00e9gias com base no desempenho atual, garantindo que os esfor\u00e7os de vendas sempre se alinhem com as metas de neg\u00f3cios e as mudan\u00e7as de mercado.<\/p>\n\n\n\n<h2 class=\"wp-block-heading\"><strong>O que torna a SIS International a empresa mais acess\u00edvel para otimiza\u00e7\u00e3o de vendas B2B<\/strong><\/h2>\n\n\n\n<p><a href=\"https:\/\/www.linkedin.com\/company\/sisinternationalresearch\/\" target=\"_blank\" rel=\"noopener\">SIS Internacional<\/a> \u00e9 uma empresa de otimiza\u00e7\u00e3o de vendas B2B de primeira linha e uma das escolhas mais acess\u00edveis para empresas que buscam solu\u00e7\u00f5es de alta qualidade. Os principais motivos que fazem da SIS International a empresa mais acess\u00edvel para otimiza\u00e7\u00e3o de vendas B2B incluem:<\/p>\n\n\n\n<ul class=\"wp-block-list\">\n<li><strong>Solu\u00e7\u00f5es econ\u00f4micas<\/strong>: A SIS International oferece solu\u00e7\u00f5es de otimiza\u00e7\u00e3o de vendas projetadas para serem econ\u00f4micas e ao mesmo tempo entregarem resultados impactantes. Isso permite que empresas de todos os tamanhos se beneficiem da otimiza\u00e7\u00e3o profissional de vendas.<\/li>\n\n\n\n<li><strong>Pacotes Personalizados<\/strong>: Entendemos que cada neg\u00f3cio tem necessidades e or\u00e7amentos \u00fanicos. A SIS fornece pacotes personalizados que se alinham com objetivos e capacidades financeiras espec\u00edficas, garantindo que os clientes recebam o melhor valor para seus investimentos.<\/li>\n\n\n\n<li><strong>Valor de longo prazo<\/strong>: As estrat\u00e9gias de otimiza\u00e7\u00e3o de vendas da SIS International s\u00e3o projetadas para entregar valor de longo prazo. Com foco em melhorias sustent\u00e1veis, ajudamos os clientes a atingir crescimento cont\u00ednuo nas vendas, maximizando o retorno sobre o investimento.<\/li>\n\n\n\n<li><strong>Op\u00e7\u00f5es de pagamento flex\u00edveis<\/strong>:Oferecemos op\u00e7\u00f5es de pagamento flex\u00edveis para acomodar as diversas necessidades financeiras de nossos clientes, garantindo que nossos servi\u00e7os sejam acess\u00edveis a muitas empresas.<\/li>\n\n\n\n<li><strong>Abordagem baseada em valor<\/strong>: No <a href=\"https:\/\/twitter.com\/SISIntlResearch\" target=\"_blank\" rel=\"noopener\">SIS<\/a>, fornecemos servi\u00e7os orientados a valor, contribuindo diretamente para o crescimento do neg\u00f3cio. Nossa abordagem garante que os clientes obtenham o m\u00e1ximo de seus investimentos sem comprometer a qualidade.<\/li>\n<\/ul>\n\n\n\n<h2 class=\"wp-block-heading\"><strong>Sobre SIS Internacional<\/strong><\/h2>\n\n\n\n<p><a href=\"https:\/\/www.sisinternational.com\/pt\/\">SIS Internacional<\/a> oferece pesquisa quantitativa, qualitativa e estrat\u00e9gica. Fornecemos dados, ferramentas, estrat\u00e9gias, relat\u00f3rios e insights para a tomada de decis\u00f5es. Tamb\u00e9m realizamos entrevistas, pesquisas, grupos focais e outros m\u00e9todos e abordagens de Pesquisa de Mercado.<a href=\"https:\/\/www.sisinternational.com\/pt\/sobre-a-sis-international-research\/contact-sis-international-market-research\/\"> Entre em contato conosco<\/a> para o seu pr\u00f3ximo projeto de pesquisa de mercado.<\/p>\n\n\n\n<hr class=\"wp-block-separator has-alpha-channel-opacity\"\/>","protected":false},"excerpt":{"rendered":"<p>Top B2B Sales Optimization Company In today\u2019s competitive B2B landscape, the ability to optimize sales processes is a key differentiator between successful businesses and those that struggle to grow.&nbsp; Sales optimization is about refining every aspect of the sales cycle\u2014from lead generation to closing deals\u2014to maximize efficiency and profitability. SIS International is a top B2B &#8230; <a title=\"Melhor empresa de otimiza\u00e7\u00e3o de vendas B2B\" class=\"read-more\" href=\"https:\/\/www.sisinternational.com\/pt\/solucoes\/pesquisa-de-mercado-b2b\/melhor-empresa-de-otimizacao-de-vendas-b2b\/\" aria-label=\"Read more about Top B2B Sales Optimization Company\">Leia mais<\/a><\/p>","protected":false},"author":1,"featured_media":62841,"parent":11292,"menu_order":7,"comment_status":"closed","ping_status":"closed","template":"","meta":{"footnotes":""},"class_list":["post-53885","page","type-page","status-publish","has-post-thumbnail"],"_links":{"self":[{"href":"https:\/\/www.sisinternational.com\/pt\/wp-json\/wp\/v2\/pages\/53885","targetHints":{"allow":["GET"]}}],"collection":[{"href":"https:\/\/www.sisinternational.com\/pt\/wp-json\/wp\/v2\/pages"}],"about":[{"href":"https:\/\/www.sisinternational.com\/pt\/wp-json\/wp\/v2\/types\/page"}],"author":[{"embeddable":true,"href":"https:\/\/www.sisinternational.com\/pt\/wp-json\/wp\/v2\/users\/1"}],"replies":[{"embeddable":true,"href":"https:\/\/www.sisinternational.com\/pt\/wp-json\/wp\/v2\/comments?post=53885"}],"version-history":[{"count":17,"href":"https:\/\/www.sisinternational.com\/pt\/wp-json\/wp\/v2\/pages\/53885\/revisions"}],"predecessor-version":[{"id":76341,"href":"https:\/\/www.sisinternational.com\/pt\/wp-json\/wp\/v2\/pages\/53885\/revisions\/76341"}],"up":[{"embeddable":true,"href":"https:\/\/www.sisinternational.com\/pt\/wp-json\/wp\/v2\/pages\/11292"}],"wp:featuredmedia":[{"embeddable":true,"href":"https:\/\/www.sisinternational.com\/pt\/wp-json\/wp\/v2\/media\/62841"}],"wp:attachment":[{"href":"https:\/\/www.sisinternational.com\/pt\/wp-json\/wp\/v2\/media?parent=53885"}],"curies":[{"name":"wp","href":"https:\/\/api.w.org\/{rel}","templated":true}]}}