{"id":53882,"date":"2024-11-01T14:39:00","date_gmt":"2024-11-01T18:39:00","guid":{"rendered":"https:\/\/www.sisinternational.com\/?page_id=53882"},"modified":"2026-03-05T23:21:44","modified_gmt":"2026-03-06T04:21:44","slug":"empresa-lider-em-pesquisa-de-mercado-b2b","status":"publish","type":"page","link":"https:\/\/www.sisinternational.com\/pt\/solucoes\/pesquisa-de-mercado-b2b\/empresa-lider-em-pesquisa-de-mercado-b2b\/","title":{"rendered":"Melhor empresa de pesquisa de mercado B2B"},"content":{"rendered":"<h1 class=\"gb-headline gb-headline-dcb7176a gb-headline-text\">Melhor empresa de pesquisa de mercado B2B<\/h1>\n\n\n\n<figure class=\"gb-block-image gb-block-image-ece0678a\"><img loading=\"lazy\" decoding=\"async\" width=\"1456\" height=\"816\" class=\"gb-image gb-image-ece0678a\" src=\"https:\/\/www.sisinternational.com\/wp-content\/uploads\/2025\/09\/Research-2.jpg\" alt=\"Pesquisa e Estrat\u00e9gia de Mercado Internacional da SIS\" title=\"Research (2)\" srcset=\"https:\/\/www.sisinternational.com\/wp-content\/uploads\/2025\/09\/Research-2.jpg 1456w, https:\/\/www.sisinternational.com\/wp-content\/uploads\/2025\/09\/Research-2-300x168.jpg 300w, https:\/\/www.sisinternational.com\/wp-content\/uploads\/2025\/09\/Research-2-1024x574.jpg 1024w, https:\/\/www.sisinternational.com\/wp-content\/uploads\/2025\/09\/Research-2-768x430.jpg 768w, https:\/\/www.sisinternational.com\/wp-content\/uploads\/2025\/09\/Research-2-18x10.jpg 18w\" sizes=\"auto, (max-width: 1456px) 100vw, 1456px\"><\/figure>\n\n\n\n<p><\/p>\n\n\n\n<h3 class=\"wp-block-heading\">A principal empresa de pesquisa de mercado B2B combina tecnologia avan\u00e7ada e an\u00e1lise especializada para um sucesso de mercado incompar\u00e1vel.<\/h3>\n\n\n\n<p>Voc\u00ea j\u00e1 se perguntou o que diferencia empresas B2B bem-sucedidas das demais? A resposta \u00e9 a qualidade de suas pesquisas de mercado. Processo de pesquisa de mercado B2B \u2013 e a SIS International, uma das principais empresas de pesquisa de mercado B2B, ajuda as empresas a navegar em din\u00e2micas complexas de mercado, fornecendo insights cr\u00edticos que garantem que as empresas fiquem \u00e0 frente da concorr\u00eancia.<\/p>\n\n\n\n<h2 class=\"wp-block-heading\"><strong>O que torna a SIS International uma empresa l\u00edder em pesquisa de mercado B2B<\/strong><\/h2>\n\n\n\n<p>A <a href=\"https:\/\/www.sisinternational.com\/pt\/solucoes\/legal-market-research\/mock-jury-market-research-3\/\" title=\"Melhor empresa de pesquisa de mercado de j\u00fari simulado\"  data-wpil-monitor-id=\"924\">top B2B market research<\/a> firm delivers high-quality, actionable insights that drive business success. It combines industry-specific knowledge, innovative methods, and a client-focused approach to ensure the research meets each client&#8217;s unique needs.<\/p>\n\n\n\n<p>By delivering relevant and actionable insights, these firms help businesses make informed decisions that lead to sustained growth and competitive advantage. Additionally, a <a href=\"https:\/\/www.sisinternational.com\/pt\/empresa-lider-global-em-pesquisa-qualitativa\/\" title=\"Empresa l\u00edder global em pesquisa qualitativa\"  data-wpil-monitor-id=\"1041\">top B2B market research<\/a> firm is committed to maintaining a client-centric approach, ensuring that every research project aligns with the client&#8217;s objectives and delivers measurable value. particularly, we offer:<\/p>\n\n\n\n<ul class=\"wp-block-list\">\n<li><strong>Profunda experi\u00eancia no setor<\/strong>: O conhecimento espec\u00edfico do setor permite que as empresas de pesquisa forne\u00e7am insights altamente relevantes aos mercados de seus clientes. A SIS International tem ampla experi\u00eancia no setor, garantindo que sua pesquisa seja adaptada aos desafios e oportunidades de cada setor.<\/li>\n\n\n\n<li><strong>Solu\u00e7\u00f5es de pesquisa personalizadas<\/strong>: Eficaz<a href=\"https:\/\/www.sisinternational.com\/pt\/solucoes\/pesquisa-de-mercado-b2b\/\"> Pesquisa de mercado B2B<\/a> n\u00e3o \u00e9 uma solu\u00e7\u00e3o \u00fanica para todos. A SIS International fornece solu\u00e7\u00f5es de pesquisa personalizadas que se alinham com os objetivos exclusivos de cada cliente, garantindo que os insights entregues se apliquem diretamente ao neg\u00f3cio.<\/li>\n\n\n\n<li><strong>Hist\u00f3rico comprovado<\/strong>: As melhores empresas de pesquisa de mercado t\u00eam um hist\u00f3rico comprovado de entrega de insights de alta qualidade que levam a resultados comerciais tang\u00edveis. Os anos de experi\u00eancia e hist\u00f3rias de sucesso da SIS International demonstram sua capacidade de fornecer \u00e0s empresas a vantagem competitiva de que precisam para ter sucesso.<\/li>\n\n\n\n<li><strong>M\u00e9todos de Pesquisa Inovadores<\/strong>: Alavancar t\u00e9cnicas inovadoras e an\u00e1lise avan\u00e7ada de dados ajuda as empresas a se destacarem. A SIS International \u00e9 conhecida por integrar tecnologias modernas em suas pesquisas para fornecer insights mais precisos.<\/li>\n\n\n\n<li><strong>Abordagem Centrada no Cliente<\/strong>: A <a href=\"https:\/\/www.sisinternational.com\/pt\/empresa-lider-global-em-grupos-focais\/\" title=\"Empresa l\u00edder global em grupos focais\"  data-wpil-monitor-id=\"1039\">top B2B market research<\/a> firm maintains a strong focus on the needs and goals of its clients, providing personalized and responsive service. SIS International ensures that its research process and recommendations align closely with client business objectives.<\/li>\n<\/ul>\n\n\n\n<h2 class=\"wp-block-heading\"><strong>Servi\u00e7os abrangentes de pesquisa de mercado B2B<\/strong><\/h2>\n\n\n\n<p><a href=\"https:\/\/www.linkedin.com\/company\/sisinternationalresearch\/\" target=\"_blank\" rel=\"noopener\">SIS Internacional<\/a> offers a comprehensive range of B2B market research services to provide meaningful insights, support strategic decision-making, and drive client growth and competitiveness. Combining a deep understanding of <a href=\"https:\/\/www.sisinternational.com\/pt\/agentic-ai-in-market-research\/\" title=\"Agentic AI in Market Research\" data-wpil-monitor-id=\"503\">market dynamics with advanced research<\/a> methodologies ensures that businesses receive high-quality, actionable data that directly contributes to their success. These core services include:<\/p>\n\n\n\n<p><\/p>\n\n\n\n<figure class=\"gb-block-image gb-block-image-23d5e901\"><img loading=\"lazy\" decoding=\"async\" width=\"686\" height=\"384\" class=\"gb-image gb-image-23d5e901\" src=\"https:\/\/www.sisinternational.com\/wp-content\/uploads\/2024\/11\/SIS-Research-Approach.png\" alt=\"Pesquisa e Estrat\u00e9gia de Mercado Internacional da SIS\" title=\"Abordagem de Pesquisa SIS\" srcset=\"https:\/\/www.sisinternational.com\/wp-content\/uploads\/2024\/11\/SIS-Research-Approach.png 686w, https:\/\/www.sisinternational.com\/wp-content\/uploads\/2024\/11\/SIS-Research-Approach-300x168.png 300w, https:\/\/www.sisinternational.com\/wp-content\/uploads\/2024\/11\/SIS-Research-Approach-18x10.png 18w\" sizes=\"auto, (max-width: 686px) 100vw, 686px\"><\/figure>\n\n\n\n<p><\/p>\n\n\n\n<ul class=\"wp-block-list\">\n<li><strong>Pesquisa qualitativa<\/strong>: A SIS International utiliza m\u00e9todos de pesquisa qualitativa, como grupos focais, entrevistas em profundidade e estudos etnogr\u00e1ficos, para fornecer \u00e0s empresas uma compreens\u00e3o profunda de seu p\u00fablico-alvo. Esses m\u00e9todos ajudam a descobrir as motiva\u00e7\u00f5es e comportamentos que impulsionam as decis\u00f5es do cliente.<\/li>\n\n\n\n<li><strong>Pesquisas quantitativas<\/strong>: Quantitative surveys are a crucial part of <a href=\"https:\/\/www.sisinternational.com\/pt\/empresa-lider-global-em-pesquisa-quantitativa-de-mercado\/\" title=\"Empresa l\u00edder global em pesquisa quantitativa de mercado\" data-wpil-monitor-id=\"1053\">B2B market<\/a> research, providing valuable data on customer preferences, market trends, and competitive positioning. SIS International designs and conducts surveys that provide statistically robust insights to help guide strategic decisions.<\/li>\n\n\n\n<li><strong>Analise competitiva<\/strong>:A SIS International realiza an\u00e1lises competitivas completas para ajudar os clientes a identificar oportunidades e amea\u00e7as no mercado, permitindo que eles desenvolvam estrat\u00e9gias que superem seus concorrentes.<\/li>\n\n\n\n<li><strong>Mapeamento da Jornada do Cliente<\/strong>: Mapear a jornada do cliente permite que as empresas entendam cada intera\u00e7\u00e3o que um cliente tem com sua marca. A SIS International oferece insights que ajudam a melhorar a experi\u00eancia e o engajamento do cliente.<\/li>\n\n\n\n<li><strong>Segmenta\u00e7\u00e3o de mercado<\/strong>: A segmenta\u00e7\u00e3o eficaz do mercado permite que as empresas visem os clientes certos. A SIS International fornece an\u00e1lise de segmenta\u00e7\u00e3o aprofundada para ajudar os clientes a personalizar suas estrat\u00e9gias e ofertas.<\/li>\n<\/ul>\n\n\n\n<h2 class=\"wp-block-heading\"><strong>Por que as empresas escolhem a SIS International para pesquisa de mercado B2B<\/strong><\/h2>\n\n\n\n<p>There are several compelling reasons why businesses choose SIS International as their <a href=\"https:\/\/www.sisinternational.com\/pt\/empresa-lider-em-monitoramento-de-tendencias-de-mercado-b2b\/\" title=\"Empresa de monitoramento de tend\u00eancias de mercado B2B\" data-wpil-monitor-id=\"1216\">top B2B market<\/a> research partner. SIS International offers unmatched expertise, innovative research approaches, and a client-centric focus that ensures value and quality in every project. With deep insights, proven results, and region-specific expertise, SIS International has been a reliable partner for businesses seeking data-driven decision-making for over 40 years.<\/p>\n\n\n\n<ul class=\"wp-block-list\">\n<li><strong>Insights profundos<\/strong>: A SIS International fornece dados e insights de alta qualidade que ajudam as empresas a tomar decis\u00f5es informadas. Seu foco em pesquisa abrangente garante que os clientes recebam uma compreens\u00e3o completa do seu ambiente de mercado.<\/li>\n\n\n\n<li><strong>Abordagens inovadoras<\/strong>: A SIS International alavanca metodologias de pesquisa inovadoras para fornecer insights pr\u00e1ticos e de ponta. Sua an\u00e1lise avan\u00e7ada de dados e tecnologia moderna a diferenciam de outras empresas.<\/li>\n\n\n\n<li><strong>M\u00e9todos Focados no Cliente<\/strong>: A SIS International prioriza as necessidades de seus clientes, desenvolvendo solu\u00e7\u00f5es de pesquisa que abordam desafios comerciais espec\u00edficos. Essa abordagem centrada no cliente garante que o processo de pesquisa esteja totalmente alinhado com os objetivos comerciais.<\/li>\n\n\n\n<li><strong>Especializa\u00e7\u00e3o espec\u00edfica da regi\u00e3o<\/strong>: A expertise regional da SIS International ajuda as empresas a entender as nuances de diferentes mercados. Ao alavancar o conhecimento local, eles fornecem insights que n\u00e3o s\u00e3o apenas precisos, mas tamb\u00e9m culturalmente relevantes.<\/li>\n\n\n\n<li><strong>Resultados comprovados<\/strong>: A SIS International tem um hist\u00f3rico de entrega de resultados comprovados. Os clientes se beneficiam de insights estrat\u00e9gicos que levaram a um maior crescimento e a uma melhor tomada de decis\u00f5es.<\/li>\n<\/ul>\n\n\n\n<h2 class=\"wp-block-heading\"><strong>Expertise no Setor: Atendendo a Diversos Setores<\/strong><\/h2>\n\n\n\n<figure class=\"gb-block-image gb-block-image-ba2c7311\"><img loading=\"lazy\" decoding=\"async\" width=\"1456\" height=\"816\" class=\"gb-image gb-image-ba2c7311\" src=\"https:\/\/www.sisinternational.com\/wp-content\/uploads\/2025\/08\/Retail-18.jpg\" alt=\"Pesquisa e Estrat\u00e9gia de Mercado Internacional da SIS\" title=\"Retail (18)\" srcset=\"https:\/\/www.sisinternational.com\/wp-content\/uploads\/2025\/08\/Retail-18.jpg 1456w, https:\/\/www.sisinternational.com\/wp-content\/uploads\/2025\/08\/Retail-18-300x168.jpg 300w, https:\/\/www.sisinternational.com\/wp-content\/uploads\/2025\/08\/Retail-18-1024x574.jpg 1024w, https:\/\/www.sisinternational.com\/wp-content\/uploads\/2025\/08\/Retail-18-768x430.jpg 768w, https:\/\/www.sisinternational.com\/wp-content\/uploads\/2025\/08\/Retail-18-18x10.jpg 18w\" sizes=\"auto, (max-width: 1456px) 100vw, 1456px\"><\/figure>\n\n\n\n<p>SIS International provides specialized <a href=\"https:\/\/www.sisinternational.com\/pt\/pesquisa-de-mercado-de-mobilidade-inteligente\/\" title=\"Pesquisa de mercado de mobilidade inteligente\" data-wpil-monitor-id=\"6854\">market research solutions<\/a> tailored to each sector&#8217;s unique needs. By leveraging our extensive expertise, We ensure businesses across diverse industries receive relevant and actionable insights. This industry-specific approach enables clients to make informed decisions, navigate challenges, and capitalize on opportunities. The industries served by SIS International include:<\/p>\n\n\n\n<ul class=\"wp-block-list\">\n<li><strong>Tecnologia<\/strong>: Helping tech <a href=\"https:\/\/www.sisinternational.com\/pt\/empresa-de-previsao-de-tendencias-da-industria-b2b\/\" title=\"Empresa de previs\u00e3o das principais tend\u00eancias da ind\u00fastria B2B\" data-wpil-monitor-id=\"1629\">companies understand rapidly evolving trends<\/a>, consumer needs, and competitive landscapes.<\/li>\n\n\n\n<li><strong>Finan\u00e7a<\/strong>: Fornecendo insights \u00e0s institui\u00e7\u00f5es financeiras sobre oportunidades de mercado, avalia\u00e7\u00e3o de risco e comportamento do cliente.<\/li>\n\n\n\n<li><strong>Assist\u00eancia m\u00e9dica<\/strong>: Auxiliar empresas de sa\u00fade a entender as necessidades dos pacientes, ambientes regulat\u00f3rios e acesso ao mercado.<\/li>\n\n\n\n<li><strong>Bens de consumo<\/strong>: Fornecer \u00e0s empresas de bens de consumo insights para entender tend\u00eancias de mercado, prefer\u00eancias dos clientes e din\u00e2micas de varejo.<\/li>\n\n\n\n<li><strong>Fabrica\u00e7\u00e3o<\/strong>: Ajudando os fabricantes a entender os desafios da cadeia de suprimentos, a demanda do mercado e o posicionamento competitivo.<\/li>\n<\/ul>\n\n\n\n<h2 class=\"wp-block-heading\"><strong>Alcance global e experi\u00eancia regional<\/strong><\/h2>\n\n\n\n<p>A SIS International tem ampla experi\u00eancia em pesquisa em diversas regi\u00f5es, incluindo Am\u00e9rica do Norte, Europa, \u00c1sia e Am\u00e9rica Latina.<\/p>\n\n\n\n<ul class=\"wp-block-list\">\n<li><strong>Sensibilidade cultural<\/strong>:A SIS International considera as diferen\u00e7as culturais para fornecer insights que s\u00e3o verdadeiramente relevantes para cada regi\u00e3o.<\/li>\n\n\n\n<li><strong>Conhecimento do mercado local<\/strong>: A experi\u00eancia regional garante que as empresas entendam o comportamento do consumidor local e os requisitos regulat\u00f3rios.<\/li>\n\n\n\n<li><strong>Rede global<\/strong>: SIS International\u2019s global network of researchers and analysts allows them to provide <a href=\"https:\/\/www.sisinternational.com\/pt\/nicotine-pouches-market-research\/\" title=\"Nicotine Pouches Market Research\" data-wpil-monitor-id=\"877\">top B2B<\/a> market research services across different markets.<\/li>\n\n\n\n<li><strong>Suporte \u00e0 Expans\u00e3o Internacional<\/strong>:A SIS International ajuda empresas a entrar com confian\u00e7a em novos mercados, fornecendo insights sobre concorr\u00eancia local, prefer\u00eancias do consumidor e din\u00e2mica de mercado.<\/li>\n\n\n\n<li><strong>Estudos de caso<\/strong>: Exemplos de projetos bem-sucedidos conduzidos pela SIS International em diferentes regi\u00f5es destacam sua capacidade de fornecer insights relevantes e impactantes.<\/li>\n<\/ul>\n\n\n\n<h2 class=\"wp-block-heading\"><strong>O Impacto da Pesquisa de Mercado no Sucesso Empresarial<\/strong><\/h2>\n\n\n\n<p>Top <a href=\"https:\/\/www.sisinternational.com\/pt\/pesquisa-de-mercado-de-geracao-de-leads-b2b\/\" title=\"Pesquisa de mercado de gera\u00e7\u00e3o de leads B2B\" data-wpil-monitor-id=\"1346\">Pesquisa de mercado B2B<\/a> firms, like SIS International, empower companies to make informed choices by delivering insights that directly impact their strategy, growth, and operational efficiency. Some of the key benefits include:<\/p>\n\n\n\n<ul class=\"wp-block-list\">\n<li><strong>Melhor compreens\u00e3o do cliente<\/strong>: Ao compreender as prefer\u00eancias e os comportamentos dos clientes, as empresas podem adaptar suas ofertas para atender efetivamente \u00e0s demandas do mercado.<\/li>\n\n\n\n<li><strong>Crescimento estrat\u00e9gico informado<\/strong>: Os insights da SIS International ajudam as empresas a identificar novas oportunidades, otimizar ofertas de produtos e alocar recursos de forma eficiente.<\/li>\n\n\n\n<li><strong>Vantagem competitiva<\/strong>: Staying ahead of the competition requires understanding the competitive landscape. Our market research gives clients the knowledge to develop <a href=\"https:\/\/www.sisinternational.com\/pt\/pesquisa-em-larga-escala-para-pequenas-empresas\/\" title=\"Pesquisa em larga escala para pequenas empresas\" data-wpil-monitor-id=\"2342\">strategies<\/a> that outperform their rivals.<\/li>\n\n\n\n<li><strong>Mitiga\u00e7\u00e3o de riscos<\/strong>: A pesquisa de mercado ajuda a identificar riscos e desafios potenciais, permitindo que as empresas tomem medidas proativas para mitig\u00e1-los.<\/li>\n\n\n\n<li><strong>Melhoria na satisfa\u00e7\u00e3o do cliente<\/strong>: Ao compreender os pontos problem\u00e1ticos e as prefer\u00eancias dos clientes, as empresas podem aprimorar seus produtos e servi\u00e7os, aumentando a satisfa\u00e7\u00e3o do cliente.<\/li>\n<\/ul>\n\n\n\n<h2 class=\"wp-block-heading\"><strong>O papel da tecnologia na pesquisa de mercado B2B moderna<\/strong><\/h2>\n\n\n\n<figure class=\"gb-block-image gb-block-image-38b43cca\"><img loading=\"lazy\" decoding=\"async\" width=\"1456\" height=\"816\" class=\"gb-image gb-image-38b43cca\" src=\"https:\/\/www.sisinternational.com\/wp-content\/uploads\/2025\/09\/FinTech-Terch-technology-AI-artificial-intelligence-8.jpg\" alt=\"Pesquisa e Estrat\u00e9gia de Mercado Internacional da SIS\" title=\"FinTech Terch technology AI artificial intelligence (8)\" srcset=\"https:\/\/www.sisinternational.com\/wp-content\/uploads\/2025\/09\/FinTech-Terch-technology-AI-artificial-intelligence-8.jpg 1456w, https:\/\/www.sisinternational.com\/wp-content\/uploads\/2025\/09\/FinTech-Terch-technology-AI-artificial-intelligence-8-300x168.jpg 300w, https:\/\/www.sisinternational.com\/wp-content\/uploads\/2025\/09\/FinTech-Terch-technology-AI-artificial-intelligence-8-1024x574.jpg 1024w, https:\/\/www.sisinternational.com\/wp-content\/uploads\/2025\/09\/FinTech-Terch-technology-AI-artificial-intelligence-8-768x430.jpg 768w, https:\/\/www.sisinternational.com\/wp-content\/uploads\/2025\/09\/FinTech-Terch-technology-AI-artificial-intelligence-8-18x10.jpg 18w\" sizes=\"auto, (max-width: 1456px) 100vw, 1456px\"><\/figure>\n\n\n\n<p><\/p>\n\n\n\n<p>In today\u2019s fast-paced business environment, technology is essential in empowering market research firms to deliver timely, accurate, and actionable insights. As a <a href=\"https:\/\/www.sisinternational.com\/pt\/empresa-lider-em-estrategia-de-entrada-no-mercado-b2b\/\" title=\"Melhor empresa de estrat\u00e9gia de entrada no mercado B2B\" data-wpil-monitor-id=\"1364\">top B2B market<\/a> research firm, SIS International harnesses cutting-edge technologies, including AI, blockchain, and advanced PowerBI dashboards, to elevate the quality of our insights and help clients stay ahead in competitive markets.<\/p>\n\n\n\n<p><strong>An\u00e1lise com tecnologia de IA para insights preditivos<\/strong><strong><br><\/strong><strong><br><\/strong>AI has transformed <a href=\"https:\/\/www.sisinternational.com\/pt\/pesquisa-de-mercado-de-posicionamento-de-produto-b2b\/\" title=\"Pesquisa de mercado de posicionamento de produto B2B\" data-wpil-monitor-id=\"1459\">Pesquisa de mercado B2B<\/a> by enabling predictive analytics and pattern recognition that were previously unattainable. As a top <a href=\"https:\/\/www.sisinternational.com\/pt\/solucoes\/pesquisa-de-mercado-b2b\/best-practices-for-b2b-market-research\/\" title=\"Best Practices for B2B Market Research\" data-wpil-monitor-id=\"1782\">Pesquisa de mercado B2B<\/a> firm, SIS International uses AI to process vast amounts of data quickly, identifying trends and forecasting future market developments. With AI-driven algorithms, we uncover patterns in customer behavior, segment markets with precision, and deliver insights that help our clients make forward-looking decisions.&nbsp;<\/p>\n\n\n\n<p><strong>Blockchain para maior seguran\u00e7a e transpar\u00eancia de dados<\/strong><strong><br><\/strong><strong><br><\/strong>Blockchain technology has revolutionized data security and transparency, two pillars of reliable market research. For a top <a href=\"https:\/\/www.sisinternational.com\/pt\/solucoes\/pesquisa-de-mercado-de-reconhecimento-de-marca-b2b\/\" title=\"Pesquisa de mercado de conscientiza\u00e7\u00e3o da marca B2B\" data-wpil-monitor-id=\"2296\">Pesquisa de mercado B2B<\/a> firm like SIS International, incorporating blockchain ensures the integrity and confidentiality of the data we collect and analyze. This is especially relevant for industries with stringent compliance requirements, where secure and traceable data is paramount.&nbsp;<\/p>\n\n\n\n<p><strong>Pain\u00e9is do PowerBI para visualiza\u00e7\u00e3o de dados em tempo real<\/strong><strong><br><\/strong><strong><br><\/strong>Visualizing complex data is essential for actionable insights, and PowerBI dashboards allow us to do just that in real time. As a top <a href=\"https:\/\/www.sisinternational.com\/pt\/solucoes\/empresa-de-pesquisa-de-mercado-de-comunidade-on-line-b2b\/\" title=\"Empresa de pesquisa de mercado de comunidades on-line B2B\" data-wpil-monitor-id=\"2374\">Pesquisa de mercado B2B<\/a> firm, SIS International employs PowerBI to transform intricate datasets into easy-to-understand, interactive visuals. These dashboards are customized to each client\u2019s needs, offering a seamless experience where stakeholders can interact with data, identify trends at a glance, and generate reports that support data-driven decision-making.&nbsp;<\/p>\n\n\n\n<h2 class=\"wp-block-heading\"><strong>O que torna a SIS International a empresa mais acess\u00edvel para pesquisas de mercado B2B de ponta em Nova York?<\/strong><\/h2>\n\n\n\n<p>SIS International is a top-tier <a href=\"https:\/\/www.sisinternational.com\/pt\/aproveitando-percepcoes-em-mercados-b2b\/\" title=\"Pesquisa de mercado de partes interessadas B2B\" data-wpil-monitor-id=\"2708\">Pesquisa de mercado B2B<\/a> firm and one of the most affordable choices for businesses seeking high-quality insights. Key reasons include:<\/p>\n\n\n\n<ul class=\"wp-block-list\">\n<li><strong>Solu\u00e7\u00f5es econ\u00f4micas<\/strong>: A SIS International oferece solu\u00e7\u00f5es de pesquisa com boa rela\u00e7\u00e3o custo-benef\u00edcio sem comprometer a qualidade. Isso permite que empresas de todos os tamanhos se beneficiem de pesquisas de mercado profissionais.<\/li>\n\n\n\n<li><strong>Pacotes Personalizados<\/strong>:A empresa oferece pacotes personalizados que atendem \u00e0s necessidades e or\u00e7amentos espec\u00edficos dos clientes, garantindo que eles recebam valor pelo seu investimento.<\/li>\n\n\n\n<li><strong>Valor de longo prazo<\/strong>: SIS International\u2019s research is focused on delivering insights that lead to long-term business success. By providing actionable recommendations, the firm helps clients achieve sustained growth, maximizing the <a class=\"wpil_keyword_link\" href=\"https:\/\/www.sisinternational.com\/pt\/retorno-do-investimento-em-pesquisa-de-mercado\/\" title=\"Retorno do Investimento em Pesquisa de Mercado\" data-wpil-keyword-link=\"linked\" data-wpil-monitor-id=\"191\">retorno do investimento em pesquisa de mercado<\/a>.<\/li>\n\n\n\n<li><strong>Op\u00e7\u00f5es de pagamento flex\u00edveis<\/strong>: <a href=\"https:\/\/twitter.com\/SISIntlResearch\" target=\"_blank\" rel=\"noopener\">SIS<\/a> oferece op\u00e7\u00f5es de pagamento flex\u00edveis, tornando seus servi\u00e7os acess\u00edveis a empresas com or\u00e7amentos variados.<\/li>\n\n\n\n<li><strong>Abordagem baseada em valor<\/strong>: We provide value-driven research directly contributing to business success, making it an affordable yet highly impactful <a href=\"https:\/\/www.sisinternational.com\/pt\/solucoes\/solucoes-de-pesquisa-quantitativa-qualitativa\/discrete-choice-in-market-research\/\" title=\"Discrete Choice in Market Research\" data-wpil-monitor-id=\"925\">choice for B2B market research<\/a>.<\/li>\n<\/ul>\n\n\n\n<h2 class=\"wp-block-heading\"><strong>Sobre SIS Internacional<\/strong><\/h2>\n\n\n\n<p><a href=\"https:\/\/www.sisinternational.com\/pt\/\">SIS Internacional<\/a> oferece pesquisa quantitativa, qualitativa e estrat\u00e9gica. Fornecemos dados, ferramentas, estrat\u00e9gias, relat\u00f3rios e insights para a tomada de decis\u00f5es. Tamb\u00e9m realizamos entrevistas, pesquisas, grupos focais e outros m\u00e9todos e abordagens de Pesquisa de Mercado.<a href=\"https:\/\/www.sisinternational.com\/pt\/sobre-a-sis-international-research\/contact-sis-international-market-research\/\"> Entre em contato conosco<\/a> para o seu pr\u00f3ximo projeto de pesquisa de mercado.<\/p>\n\n\n\n<hr class=\"wp-block-separator has-alpha-channel-opacity\"\/>","protected":false},"excerpt":{"rendered":"<p>Top B2B Market Research Company The top B2B market research firm combines advanced technology and expert analysis for unparalleled market success. Have you ever wondered what sets successful B2B companies apart from the rest? The answer is the quality of their market research. B2B market research process \u2013 and SIS International, a top B2B market &#8230; <a title=\"Melhor empresa de pesquisa de mercado B2B\" class=\"read-more\" href=\"https:\/\/www.sisinternational.com\/pt\/solucoes\/pesquisa-de-mercado-b2b\/empresa-lider-em-pesquisa-de-mercado-b2b\/\" aria-label=\"Read more about Top B2B Market Research Company\">Leia mais<\/a><\/p>","protected":false},"author":1,"featured_media":69498,"parent":11292,"menu_order":6,"comment_status":"closed","ping_status":"closed","template":"","meta":{"footnotes":""},"class_list":["post-53882","page","type-page","status-publish","has-post-thumbnail"],"_links":{"self":[{"href":"https:\/\/www.sisinternational.com\/pt\/wp-json\/wp\/v2\/pages\/53882","targetHints":{"allow":["GET"]}}],"collection":[{"href":"https:\/\/www.sisinternational.com\/pt\/wp-json\/wp\/v2\/pages"}],"about":[{"href":"https:\/\/www.sisinternational.com\/pt\/wp-json\/wp\/v2\/types\/page"}],"author":[{"embeddable":true,"href":"https:\/\/www.sisinternational.com\/pt\/wp-json\/wp\/v2\/users\/1"}],"replies":[{"embeddable":true,"href":"https:\/\/www.sisinternational.com\/pt\/wp-json\/wp\/v2\/comments?post=53882"}],"version-history":[{"count":24,"href":"https:\/\/www.sisinternational.com\/pt\/wp-json\/wp\/v2\/pages\/53882\/revisions"}],"predecessor-version":[{"id":80430,"href":"https:\/\/www.sisinternational.com\/pt\/wp-json\/wp\/v2\/pages\/53882\/revisions\/80430"}],"up":[{"embeddable":true,"href":"https:\/\/www.sisinternational.com\/pt\/wp-json\/wp\/v2\/pages\/11292"}],"wp:featuredmedia":[{"embeddable":true,"href":"https:\/\/www.sisinternational.com\/pt\/wp-json\/wp\/v2\/media\/69498"}],"wp:attachment":[{"href":"https:\/\/www.sisinternational.com\/pt\/wp-json\/wp\/v2\/media?parent=53882"}],"curies":[{"name":"wp","href":"https:\/\/api.w.org\/{rel}","templated":true}]}}