{"id":53794,"date":"2024-10-20T22:29:44","date_gmt":"2024-10-21T02:29:44","guid":{"rendered":"https:\/\/www.sisinternational.com\/?page_id=53794"},"modified":"2026-01-27T15:25:24","modified_gmt":"2026-01-27T20:25:24","slug":"quando-usar-pesquisa-qualitativa","status":"publish","type":"page","link":"https:\/\/www.sisinternational.com\/pt\/solucoes\/solucoes-de-pesquisa-quantitativa-qualitativa\/quando-usar-pesquisa-qualitativa\/","title":{"rendered":"Quando usar pesquisa qualitativa?"},"content":{"rendered":"<h1 class=\"wp-block-heading\">Quando usar pesquisa qualitativa?<\/h1>\n\n\n\n<figure class=\"gb-block-image gb-block-image-ff12d9d2\"><img loading=\"lazy\" decoding=\"async\" width=\"1456\" height=\"816\" class=\"gb-image gb-image-ff12d9d2\" src=\"https:\/\/www.sisinternational.com\/wp-content\/uploads\/2025\/08\/Interview-4.jpg\" alt=\"Pesquisa e Estrat\u00e9gia de Mercado Internacional da SIS\" title=\"Interview (4)\" srcset=\"https:\/\/www.sisinternational.com\/wp-content\/uploads\/2025\/08\/Interview-4.jpg 1456w, https:\/\/www.sisinternational.com\/wp-content\/uploads\/2025\/08\/Interview-4-300x168.jpg 300w, https:\/\/www.sisinternational.com\/wp-content\/uploads\/2025\/08\/Interview-4-1024x574.jpg 1024w, https:\/\/www.sisinternational.com\/wp-content\/uploads\/2025\/08\/Interview-4-768x430.jpg 768w, https:\/\/www.sisinternational.com\/wp-content\/uploads\/2025\/08\/Interview-4-18x10.jpg 18w\" sizes=\"auto, (max-width: 1456px) 100vw, 1456px\"><\/figure>\n\n\n\n<p><\/p>\n\n\n\n<h3 class=\"wp-block-heading\">A pesquisa qualitativa \u00e9 ideal para obter uma compreens\u00e3o profunda dos comportamentos, motiva\u00e7\u00f5es e experi\u00eancias do consumidor.<\/h3>\n\n\n\n<p>Por que escolher pesquisa qualitativa em vez de outros m\u00e9todos de pesquisa? Entender quando usar pesquisa qualitativa pode ajudar empresas e pesquisadores a descobrir insights mais profundos e mais matizados.<\/p>\n\n\n\n<h2 class=\"wp-block-heading\"><strong>Explorando o valor da pesquisa qualitativa<\/strong><\/h2>\n\n\n\n<p>A pesquisa qualitativa \u00e9 uma ferramenta poderosa para entender o comportamento, as atitudes e as experi\u00eancias do consumidor. Diferentemente da pesquisa quantitativa, que foca em dados num\u00e9ricos e an\u00e1lise estat\u00edstica, a pesquisa qualitativa busca descobrir as motiva\u00e7\u00f5es e perspectivas dos indiv\u00edduos.<\/p>\n\n\n\n<p><strong>Quando usar pesquisa qualitativa<\/strong><\/p>\n\n\n\n<p>Saber quando usar pesquisa qualitativa \u00e9 essencial para maximizar seus benef\u00edcios. Existem cen\u00e1rios espec\u00edficos em que a pesquisa qualitativa \u00e9 a abordagem mais valiosa, permitindo que pesquisadores re\u00fanam insights que podem n\u00e3o ser capturados apenas por m\u00e9todos quantitativos.<\/p>\n\n\n\n<p><\/p>\n\n\n\n<figure class=\"gb-block-image gb-block-image-6b25e067\"><img loading=\"lazy\" decoding=\"async\" width=\"972\" height=\"396\" class=\"gb-image gb-image-6b25e067\" src=\"https:\/\/www.sisinternational.com\/wp-content\/uploads\/2024\/10\/market-research.png\" alt=\"Pesquisa e Estrat\u00e9gia de Mercado Internacional da SIS\" title=\"pesquisa de mercado\" srcset=\"https:\/\/www.sisinternational.com\/wp-content\/uploads\/2024\/10\/market-research.png 972w, https:\/\/www.sisinternational.com\/wp-content\/uploads\/2024\/10\/market-research-300x122.png 300w, https:\/\/www.sisinternational.com\/wp-content\/uploads\/2024\/10\/market-research-768x313.png 768w, https:\/\/www.sisinternational.com\/wp-content\/uploads\/2024\/10\/market-research-18x7.png 18w\" sizes=\"auto, (max-width: 972px) 100vw, 972px\"><\/figure>\n\n\n\n<p><\/p>\n\n\n\n<ul class=\"wp-block-list\">\n<li><strong>Compreendendo a motiva\u00e7\u00e3o do consumidor<\/strong>: A pesquisa qualitativa \u00e9 ideal para explorar por que os consumidores tomam certas decis\u00f5es. Usando entrevistas ou grupos focais, os pesquisadores podem obter insights mais profundos sobre os processos de pensamento, emo\u00e7\u00f5es e motiva\u00e7\u00f5es dos consumidores por tr\u00e1s de suas a\u00e7\u00f5es.<br><\/li>\n\n\n\n<li><strong>Desenvolvendo novos produtos<\/strong>: Ao desenvolver novos produtos ou servi\u00e7os, a pesquisa qualitativa ajuda a reunir feedback do consumidor sobre prot\u00f3tipos ou conceitos iniciais. Essa abordagem permite que as empresas entendam as necessidades e prefer\u00eancias do consumidor antes de passar para a produ\u00e7\u00e3o em larga escala.<br><\/li>\n\n\n\n<li><strong>Explorando T\u00f3picos Complexos<\/strong>:Quando um t\u00f3pico de pesquisa \u00e9 complexo ou requer uma compreens\u00e3o diferenciada, m\u00e9todos qualitativos, como entrevistas em profundidade ou estudos etnogr\u00e1ficos, podem fornecer uma perspectiva mais abrangente do que uma pesquisa.<br><\/li>\n<\/ul>\n\n\n\n<h2 class=\"wp-block-heading\">As vantagens da pesquisa qualitativa sobre os m\u00e9todos quantitativos<\/h2>\n\n\n\n<p>A pesquisa qualitativa oferece diversas vantagens exclusivas em rela\u00e7\u00e3o aos m\u00e9todos de pesquisa quantitativa, tornando-a a escolha preferida em determinadas situa\u00e7\u00f5es.<\/p>\n\n\n\n<ul class=\"wp-block-list\">\n<li><strong>Profundidade de compreens\u00e3o<\/strong>: Diferentemente de pesquisas quantitativas que coletam dados num\u00e9ricos, a pesquisa qualitativa fornece insights ricos e detalhados. Os pesquisadores podem explorar os pensamentos, emo\u00e7\u00f5es e experi\u00eancias dos participantes por meio de entrevistas, grupos focais e estudos de caso.<br><\/li>\n\n\n\n<li><strong>Flexibilidade<\/strong>: A pesquisa qualitativa \u00e9 mais flex\u00edvel em compara\u00e7\u00e3o aos m\u00e9todos quantitativos estruturados. Os pesquisadores podem adaptar perguntas e abordagens durante o estudo para explorar novas \u00e1reas de interesse conforme elas surgem.<br><\/li>\n\n\n\n<li><strong>Perspectiva do consumidor<\/strong>: A pesquisa qualitativa foca em entender o ponto de vista do consumidor. Isso a torna particularmente valiosa ao entender padr\u00f5es complexos de comportamento, emo\u00e7\u00f5es ou atitudes.<br><\/li>\n<\/ul>\n\n\n\n<h2 class=\"wp-block-heading\"><strong>Quando n\u00e3o usar pesquisa qualitativa<\/strong><\/h2>\n\n\n\n<p>Embora a pesquisa qualitativa tenha muitas vantagens, ela pode n\u00e3o ser a abordagem mais eficaz.<\/p>\n\n\n\n<ul class=\"wp-block-list\">\n<li><strong>Generaliza\u00e7\u00f5es em larga escala<\/strong>: Quantitative research is more suitable if the research aims to gather statistically valid data that can be generalized across a large population. <a href=\"https:\/\/www.sisinternational.com\/pt\/sampling-techniques-in-qualitative-research-the-complete-guide-to-choosing-the-right-method\/\" title=\"Sampling Techniques in Qualitative Research: The Complete Guide to Choosing the Right Method\"  data-wpil-monitor-id=\"1472\">Qualitative research typically involves smaller sample<\/a> sizes, which limits the ability to make broad generalizations.<br><\/li>\n\n\n\n<li><strong>Medi\u00e7\u00e3o de m\u00e9tricas num\u00e9ricas<\/strong>:Quando dados num\u00e9ricos, como participa\u00e7\u00e3o de mercado, n\u00fameros de vendas ou avalia\u00e7\u00f5es de clientes, s\u00e3o necess\u00e1rios, m\u00e9todos quantitativos s\u00e3o mais adequados para fornecer resultados mensur\u00e1veis e estatisticamente v\u00e1lidos.<br><\/li>\n\n\n\n<li><strong>Restri\u00e7\u00f5es de tempo e custo<\/strong>: Pesquisas qualitativas, como entrevistas em profundidade ou estudos etnogr\u00e1ficos, podem ser demoradas e caras. Pesquisas quantitativas podem ser mais apropriadas quando uma coleta de dados r\u00e1pida e econ\u00f4mica \u00e9 necess\u00e1ria.<br><\/li>\n<\/ul>\n\n\n\n<h2 class=\"wp-block-heading\"><strong>Combinando Pesquisa Qualitativa e Quantitativa<\/strong><\/h2>\n\n\n\n<figure class=\"gb-block-image gb-block-image-547e9e6d\"><img loading=\"lazy\" decoding=\"async\" width=\"1456\" height=\"816\" class=\"gb-image gb-image-547e9e6d\" src=\"https:\/\/www.sisinternational.com\/wp-content\/uploads\/2025\/09\/Quantitative-reseasrch-in-London-Qualitative-research-in-London-11.jpg\" alt=\"Pesquisa e Estrat\u00e9gia de Mercado Internacional da SIS\" title=\"Quantitative reseasrch in London Qualitative research in London (11)\" srcset=\"https:\/\/www.sisinternational.com\/wp-content\/uploads\/2025\/09\/Quantitative-reseasrch-in-London-Qualitative-research-in-London-11.jpg 1456w, https:\/\/www.sisinternational.com\/wp-content\/uploads\/2025\/09\/Quantitative-reseasrch-in-London-Qualitative-research-in-London-11-300x168.jpg 300w, https:\/\/www.sisinternational.com\/wp-content\/uploads\/2025\/09\/Quantitative-reseasrch-in-London-Qualitative-research-in-London-11-1024x574.jpg 1024w, https:\/\/www.sisinternational.com\/wp-content\/uploads\/2025\/09\/Quantitative-reseasrch-in-London-Qualitative-research-in-London-11-768x430.jpg 768w, https:\/\/www.sisinternational.com\/wp-content\/uploads\/2025\/09\/Quantitative-reseasrch-in-London-Qualitative-research-in-London-11-18x10.jpg 18w\" sizes=\"auto, (max-width: 1456px) 100vw, 1456px\"><\/figure>\n\n\n\n<p><\/p>\n\n\n\n<p>Combining qualitative and quantitative methods can offer comprehensive insights for many research projects. Both approaches allow <a href=\"https:\/\/www.sisinternational.com\/pt\/pesquisa-qualitativa-na-china\/\" title=\"Pesquisa qualitativa na China\"  data-wpil-monitor-id=\"7354\">researchers to validate qualitative<\/a> insights with quantitative data, providing a holistic view of the research problem.<\/p>\n\n\n\n<ul class=\"wp-block-list\">\n<li><strong>Insights complementares<\/strong>: A pesquisa qualitativa pode fornecer insights aprofundados sobre as atitudes do consumidor, que podem ent\u00e3o ser validados com pesquisas quantitativas. Essa abordagem garante que tanto a profundidade quanto a amplitude das perspectivas do consumidor sejam capturadas.<br><\/li>\n\n\n\n<li><strong>Metodologia Sequencial<\/strong>: Os pesquisadores geralmente come\u00e7am com pesquisa qualitativa para explorar um t\u00f3pico em profundidade, seguido por pesquisa quantitativa para testar e validar descobertas em uma amostra maior. Essa abordagem sequencial maximiza os pontos fortes de ambas as metodologias.<br><\/li>\n<\/ul>\n\n\n\n<h2 class=\"wp-block-heading\"><strong>Desafios da condu\u00e7\u00e3o de pesquisa qualitativa<\/strong><\/h2>\n\n\n\n<p>A pesquisa qualitativa \u00e9 uma ferramenta valiosa, mas traz desafios espec\u00edficos que os pesquisadores devem estar preparados para enfrentar.<\/p>\n\n\n\n<ul class=\"wp-block-list\">\n<li><strong>Subjetividade<\/strong>: A pesquisa qualitativa depende muito das interpreta\u00e7\u00f5es do pesquisador, o que pode introduzir vi\u00e9s. Garantir objetividade e minimizar vi\u00e9s requer planejamento cuidadoso e uma estrutura de pesquisa clara.<br><\/li>\n\n\n\n<li><strong>Tamanho de amostra pequeno<\/strong>: A pesquisa qualitativa normalmente envolve menos participantes, o que pode limitar a generaliza\u00e7\u00e3o dos achados. Os pesquisadores devem definir claramente o prop\u00f3sito do estudo e reconhecer as limita\u00e7\u00f5es em termos de tamanho da amostra.<br><\/li>\n\n\n\n<li><strong>Natureza que consome tempo<\/strong>: Conduzir entrevistas, transcrever dados e analisar informa\u00e7\u00f5es qualitativas pode ser demorado. Os pesquisadores devem planejar adequadamente para garantir tempo suficiente para coletar e analisar dados de forma eficaz.<\/li>\n<\/ul>\n\n\n\n<p><\/p>\n\n\n\n<h3 class=\"wp-block-heading\"><strong>Pesquisa Qualitativa para Desenvolvimento e Inova\u00e7\u00e3o de Produtos<\/strong><\/h3>\n\n\n\n<p>A pesquisa qualitativa \u00e9 essencial no desenvolvimento de produtos, particularmente durante as fases de idea\u00e7\u00e3o e teste de conceito. Ao se envolver com os consumidores no in\u00edcio do desenvolvimento, as empresas podem criar produtos que atendam \u00e0s reais necessidades e prefer\u00eancias dos consumidores.<\/p>\n\n\n\n<ul class=\"wp-block-list\">\n<li><strong>Feedback do consumidor sobre prot\u00f3tipos<\/strong>:A pesquisa qualitativa permite coletar feedback sobre prot\u00f3tipos de produtos, permitindo que as empresas fa\u00e7am melhorias iterativas antes de investir na produ\u00e7\u00e3o em larga escala.<br><\/li>\n\n\n\n<li><strong>Explorando necessidades n\u00e3o atendidas<\/strong>:Por meio de entrevistas e grupos focais, os pesquisadores podem explorar os pontos problem\u00e1ticos dos consumidores e identificar necessidades n\u00e3o atendidas, o que pode inspirar novas inova\u00e7\u00f5es de produtos.<br><\/li>\n\n\n\n<li><strong>Co-cria\u00e7\u00e3o criativa<\/strong>:A pesquisa qualitativa pode envolver os consumidores na cocria\u00e7\u00e3o de produtos, permitindo uma abordagem colaborativa que incorpora as perspectivas do consumidor diretamente no design do produto.<br><\/li>\n<\/ul>\n\n\n\n<h3 class=\"wp-block-heading\"><strong>Usando a pesquisa qualitativa para entender o contexto cultural<\/strong><\/h3>\n\n\n\n<figure class=\"gb-block-image gb-block-image-580fe254\"><img loading=\"lazy\" decoding=\"async\" width=\"1456\" height=\"816\" class=\"gb-image gb-image-580fe254\" src=\"https:\/\/www.sisinternational.com\/wp-content\/uploads\/2025\/09\/Quantitative-research-15.jpg\" alt=\"Pesquisa e Estrat\u00e9gia de Mercado Internacional da SIS\" title=\"Quantitative research (15)\" srcset=\"https:\/\/www.sisinternational.com\/wp-content\/uploads\/2025\/09\/Quantitative-research-15.jpg 1456w, https:\/\/www.sisinternational.com\/wp-content\/uploads\/2025\/09\/Quantitative-research-15-300x168.jpg 300w, https:\/\/www.sisinternational.com\/wp-content\/uploads\/2025\/09\/Quantitative-research-15-1024x574.jpg 1024w, https:\/\/www.sisinternational.com\/wp-content\/uploads\/2025\/09\/Quantitative-research-15-768x430.jpg 768w, https:\/\/www.sisinternational.com\/wp-content\/uploads\/2025\/09\/Quantitative-research-15-18x10.jpg 18w\" sizes=\"auto, (max-width: 1456px) 100vw, 1456px\"><\/figure>\n\n\n\n<p><\/p>\n\n\n\n<p>Understanding the cultural context in which a product or service is used is critical for effective marketing and product development. Qualitative <a href=\"https:\/\/www.sisinternational.com\/pt\/solucoes\/solucoes-de-pesquisa-quantitativa-qualitativa\/etnografia\/\" title=\"Pesquisa de Mercado Etnogr\u00e1fica\"  data-wpil-monitor-id=\"6469\">research methods such as ethnography<\/a> provide insights into the cultural factors influencing consumer behavior.<\/p>\n\n\n\n<ul class=\"wp-block-list\">\n<li><strong>Estudos Etnogr\u00e1ficos<\/strong>:Ao observar os consumidores em seus ambientes naturais, os pesquisadores podem entender as normas culturais, os valores e os comportamentos que moldam as decis\u00f5es dos consumidores.<br><\/li>\n\n\n\n<li><strong>Adapta\u00e7\u00e3o Cultural de Produtos<\/strong>:A pesquisa qualitativa ajuda a identificar diferen\u00e7as culturais que podem impactar a ado\u00e7\u00e3o de produtos, permitindo que as empresas adaptem suas ofertas para diferentes mercados.<br><\/li>\n\n\n\n<li><strong>Localiza\u00e7\u00e3o de Campanha de Marketing<\/strong>: Entender nuances culturais \u00e9 essencial para desenvolver campanhas que ressoem com p\u00fablicos-alvo espec\u00edficos. A pesquisa qualitativa fornece os insights necess\u00e1rios para criar mensagens culturalmente relevantes.<br><\/li>\n<\/ul>\n\n\n\n<h2 class=\"wp-block-heading\"><strong>O que torna a SIS International Research a TOP empresa de pesquisa de mercado para pesquisa qualitativa<\/strong><\/h2>\n\n\n\n<p><a href=\"https:\/\/www.linkedin.com\/company\/sisinternationalresearch\/\" target=\"_blank\" rel=\"noopener\">SIS Internacional<\/a> A Research \u00e9 l\u00edder em fornecer insights de mercado por meio de pesquisa qualitativa. Nossos recursos abrangentes de pesquisa, expertise no setor e abordagem com vis\u00e3o de futuro garantem que nossos clientes tenham o conhecimento necess\u00e1rio para ter sucesso no mercado competitivo de hoje. Veja como ajudamos:<\/p>\n\n\n\n<ul class=\"wp-block-list\">\n<li><strong>Conhecimento especializado em m\u00e9todos de pesquisa qualitativa<\/strong>: <br><a href=\"https:\/\/twitter.com\/SISIntlResearch\" target=\"_blank\" rel=\"noopener\">SIS<\/a> tem ampla experi\u00eancia na condu\u00e7\u00e3o de pesquisas qualitativas, incluindo grupos focais, entrevistas em profundidade e estudos etnogr\u00e1ficos.<br><\/li>\n\n\n\n<li><strong>Solu\u00e7\u00f5es de pesquisa personalizadas<\/strong>: <br>Adaptamos nossas solu\u00e7\u00f5es de pesquisa para atender \u00e0s necessidades espec\u00edficas de nossos clientes. Seja entendendo as motiva\u00e7\u00f5es do consumidor, explorando novos conceitos de produtos ou analisando a percep\u00e7\u00e3o da marca, nossa pesquisa personalizada ajuda os clientes a ficarem \u00e0 frente da concorr\u00eancia.<br><\/li>\n\n\n\n<li><strong>An\u00e1lise abrangente<\/strong>: <br>Na SIS International Research, fornecemos uma an\u00e1lise hol\u00edstica do comportamento do consumidor aproveitando nossa ampla rede e conex\u00f5es no setor. <br><\/li>\n\n\n\n<li><strong>Parceria com l\u00edderes da ind\u00fastria<\/strong>: <br>Colaboramos de perto com empresas l\u00edderes em todos os setores para fornecer aos nossos clientes insights em primeira m\u00e3o sobre os \u00faltimos desenvolvimentos nas prefer\u00eancias do consumidor. Essas parcerias garantem que nossos clientes recebam as informa\u00e7\u00f5es mais atualizadas e relevantes.<br><\/li>\n\n\n\n<li><strong>Insights baseados em dados para tomada de decis\u00f5es informadas<\/strong>: <br>Utilizamos ferramentas de an\u00e1lise de dados de ponta para fornecer aos nossos clientes insights acion\u00e1veis, permitindo que eles tomem decis\u00f5es informadas sobre desenvolvimento de produtos, marketing e investimentos estrat\u00e9gicos.<br><\/li>\n\n\n\n<li><strong>Compromisso com a Qualidade e Inova\u00e7\u00e3o<\/strong>: <br>Nosso compromisso com a qualidade e a inova\u00e7\u00e3o nos diferencia. Nosso foco \u00e9 ajudar os clientes a desenvolver produtos e estrat\u00e9gias que ressoem com os consumidores, abordem suas principais preocupa\u00e7\u00f5es e criem confian\u00e7a em suas ofertas.<br><\/li>\n\n\n\n<li><strong>Previs\u00e3o de Tend\u00eancias e Planejamento Estrat\u00e9gico<\/strong>: <br>Nossa experi\u00eancia em previs\u00e3o de tend\u00eancias ajuda os clientes a antecipar mudan\u00e7as nas prefer\u00eancias dos consumidores, garantindo que eles estejam bem preparados para o futuro.<br><\/li>\n\n\n\n<li><strong>Hist\u00f3rico comprovado<\/strong>: <br>SIS International Research has a track record of success, having helped shape the strategies of leading companies. Our research has been instrumental in driving successful product launches and informing strategic decisions, making us the go-to partner for market insights on when to use <a href=\"https:\/\/www.sisinternational.com\/pt\/cobertura\/as-americas\/cobertura-dos-eua\/pesquisa-de-mercado-em-delaware\/\" title=\"Pesquisa de mercado em Delaware\" data-wpil-monitor-id=\"5615\">qualitative<\/a> research.<br><\/li>\n<\/ul>\n\n\n\n<h2 class=\"wp-block-heading\">Sobre SIS Internacional<\/h2>\n\n\n\n<p><a href=\"https:\/\/www.sisinternational.com\/pt\/\">SIS Internacional<\/a> oferece pesquisa quantitativa, qualitativa e estrat\u00e9gica. Fornecemos dados, ferramentas, estrat\u00e9gias, relat\u00f3rios e insights para a tomada de decis\u00f5es. Tamb\u00e9m realizamos entrevistas, pesquisas, grupos focais e outros m\u00e9todos e abordagens de Pesquisa de Mercado.<a href=\"https:\/\/www.sisinternational.com\/pt\/sobre-a-sis-international-research\/contact-sis-international-market-research\/\"> Entre em contato conosco<\/a> para o seu pr\u00f3ximo projeto de pesquisa de mercado.<\/p>","protected":false},"excerpt":{"rendered":"<p>When to Use Qualitative Research? Qualitative research is ideal for gaining an in-depth understanding of consumer behaviors, motivations, and experiences. Why choose qualitative research over other research methods? Understanding when to use qualitative research can help businesses and researchers uncover more profound, more nuanced insights. Exploring the Value of Qualitative Research Qualitative research is a &#8230; <a title=\"Quando usar pesquisa qualitativa?\" class=\"read-more\" href=\"https:\/\/www.sisinternational.com\/pt\/solucoes\/solucoes-de-pesquisa-quantitativa-qualitativa\/quando-usar-pesquisa-qualitativa\/\" aria-label=\"Read more about When to Use Qualitative Research?\">Leia mais<\/a><\/p>","protected":false},"author":1,"featured_media":62678,"parent":14660,"menu_order":57,"comment_status":"closed","ping_status":"closed","template":"","meta":{"footnotes":""},"class_list":["post-53794","page","type-page","status-publish","has-post-thumbnail"],"_links":{"self":[{"href":"https:\/\/www.sisinternational.com\/pt\/wp-json\/wp\/v2\/pages\/53794","targetHints":{"allow":["GET"]}}],"collection":[{"href":"https:\/\/www.sisinternational.com\/pt\/wp-json\/wp\/v2\/pages"}],"about":[{"href":"https:\/\/www.sisinternational.com\/pt\/wp-json\/wp\/v2\/types\/page"}],"author":[{"embeddable":true,"href":"https:\/\/www.sisinternational.com\/pt\/wp-json\/wp\/v2\/users\/1"}],"replies":[{"embeddable":true,"href":"https:\/\/www.sisinternational.com\/pt\/wp-json\/wp\/v2\/comments?post=53794"}],"version-history":[{"count":10,"href":"https:\/\/www.sisinternational.com\/pt\/wp-json\/wp\/v2\/pages\/53794\/revisions"}],"predecessor-version":[{"id":80998,"href":"https:\/\/www.sisinternational.com\/pt\/wp-json\/wp\/v2\/pages\/53794\/revisions\/80998"}],"up":[{"embeddable":true,"href":"https:\/\/www.sisinternational.com\/pt\/wp-json\/wp\/v2\/pages\/14660"}],"wp:featuredmedia":[{"embeddable":true,"href":"https:\/\/www.sisinternational.com\/pt\/wp-json\/wp\/v2\/media\/62678"}],"wp:attachment":[{"href":"https:\/\/www.sisinternational.com\/pt\/wp-json\/wp\/v2\/media?parent=53794"}],"curies":[{"name":"wp","href":"https:\/\/api.w.org\/{rel}","templated":true}]}}