{"id":53780,"date":"2024-10-26T01:27:58","date_gmt":"2024-10-26T05:27:58","guid":{"rendered":"https:\/\/www.sisinternational.com\/?page_id=53780"},"modified":"2026-03-11T19:48:15","modified_gmt":"2026-03-11T23:48:15","slug":"pesquisa-de-consumo-automotivo-para-veiculos-eletricos","status":"publish","type":"page","link":"https:\/\/www.sisinternational.com\/pt\/pericia\/pesquisa-de-mercado-automotivo\/pesquisa-de-consumo-automotivo-para-veiculos-eletricos\/","title":{"rendered":"Por que a pesquisa do consumidor automotivo \u00e9 t\u00e3o vital hoje com o futuro dos ve\u00edculos el\u00e9tricos"},"content":{"rendered":"<h1 class=\"wp-block-heading\">Por que a pesquisa do consumidor automotivo \u00e9 t\u00e3o vital hoje com o futuro dos ve\u00edculos el\u00e9tricos<\/h1>\n\n\n\n<figure class=\"gb-block-image gb-block-image-99091ae2\"><img loading=\"lazy\" decoding=\"async\" width=\"1456\" height=\"816\" class=\"gb-image gb-image-99091ae2\" src=\"https:\/\/www.sisinternational.com\/wp-content\/uploads\/2025\/08\/Automotive-10.jpg\" alt=\"Pesquisa e Estrat\u00e9gia de Mercado Internacional da SIS\" title=\"Automotive (10)\" srcset=\"https:\/\/www.sisinternational.com\/wp-content\/uploads\/2025\/08\/Automotive-10.jpg 1456w, https:\/\/www.sisinternational.com\/wp-content\/uploads\/2025\/08\/Automotive-10-300x168.jpg 300w, https:\/\/www.sisinternational.com\/wp-content\/uploads\/2025\/08\/Automotive-10-1024x574.jpg 1024w, https:\/\/www.sisinternational.com\/wp-content\/uploads\/2025\/08\/Automotive-10-768x430.jpg 768w, https:\/\/www.sisinternational.com\/wp-content\/uploads\/2025\/08\/Automotive-10-18x10.jpg 18w\" sizes=\"auto, (max-width: 1456px) 100vw, 1456px\"><\/figure>\n\n\n\n<p><\/p>\n\n\n\n<hr class=\"wp-block-separator has-alpha-channel-opacity is-style-dots\"\/>\n\n\n\n<p>O que \u00e9 preciso para que as empresas automotivas acompanhem o comportamento do consumidor no cen\u00e1rio em r\u00e1pida evolu\u00e7\u00e3o dos ve\u00edculos el\u00e9tricos? A pesquisa do consumidor automotivo para ve\u00edculos el\u00e9tricos est\u00e1 se tornando cada vez mais cr\u00edtica \u00e0 medida que a ind\u00fastria muda para solu\u00e7\u00f5es mais ecol\u00f3gicas e inovadoras. Com os ve\u00edculos el\u00e9tricos (VEs) ganhando popularidade, entender as prefer\u00eancias, preocupa\u00e7\u00f5es e motiva\u00e7\u00f5es do consumidor \u00e9 essencial para montadoras, formuladores de pol\u00edticas e investidores.<\/p>\n\n\n\n<h2 class=\"wp-block-heading\"><strong>Ent\u00e3o\u2026 O que \u00e9 Pesquisa de Consumo Automotivo para Ve\u00edculos El\u00e9tricos?<\/strong><\/h2>\n\n\n\n<h3 class=\"wp-block-heading\">\u201cA pesquisa de consumidores automotivos para ve\u00edculos el\u00e9tricos ajuda a identificar tend\u00eancias de mercado, atitudes do consumidor e os fatores que influenciam a ado\u00e7\u00e3o de VE.\u201d<\/h3>\n\n\n\n<p>Automotive consumer <a href=\"https:\/\/www.sisinternational.com\/pt\/perspectivas-sobre-veiculos-eletricos-2013\/\" title=\"Pesquisa de mercado de ve\u00edculos h\u00edbridos e el\u00e9tricos\" data-wpil-monitor-id=\"6622\">research on electric vehicles<\/a> studies potential EV buyers&#8217; needs, preferences, and behaviors. This research provides valuable insights for automakers developing and marketing <a href=\"https:\/\/www.sisinternational.com\/pt\/a-base-neurobiologica-da-escolha-do-consumidor\/\" title=\"Pesquisa de mercado de neuromarketing do consumidor\" data-wpil-monitor-id=\"6978\">electric vehicles<\/a> that meet consumer expectations.<\/p>\n\n\n\n<p>The scope of <a href=\"https:\/\/www.sisinternational.com\/pt\/mercado-global-de-sensores-automotivos\/\" title=\"Pesquisa de mercado de sensores automotivos\" data-wpil-monitor-id=\"7540\">automotive consumer research<\/a> includes:<\/p>\n\n\n\n<ul class=\"wp-block-list\">\n<li><strong>An\u00e1lise de tend\u00eancias de mercado:<\/strong> Entender o crescimento e as mudan\u00e7as na demanda do consumidor por ve\u00edculos el\u00e9tricos, incluindo quais modelos e recursos s\u00e3o mais procurados.<br><\/li>\n\n\n\n<li><strong>Atitudes e motiva\u00e7\u00f5es do consumidor:<\/strong> Identificar os fatores que influenciam as decis\u00f5es dos consumidores de mudar para ve\u00edculos el\u00e9tricos, como preocupa\u00e7\u00f5es ambientais, economia de custos ou avan\u00e7os tecnol\u00f3gicos.<br><\/li>\n\n\n\n<li><strong>Barreiras \u00e0 ado\u00e7\u00e3o:<\/strong> Investigar os desafios que os consumidores enfrentam ao adotar ve\u00edculos el\u00e9tricos, como ansiedade de autonomia, altos custos iniciais e falta de infraestrutura de carregamento.<br><\/li>\n\n\n\n<li><strong>An\u00e1lise do Concorrente:<\/strong> Analyzing competitors&#8217; <a href=\"https:\/\/www.sisinternational.com\/pt\/multiplos-circulos-eleitorais-influenciadores-indiretos-nas-compras-do-consumidor\/\" title=\"M\u00faltiplos influenciadores nas compras do consumidor\" data-wpil-monitor-id=\"2277\">strategies<\/a> and offerings in the EV market to understand what drives consumer choice.<\/li>\n<\/ul>\n\n\n\n<p><\/p>\n\n\n\n<p>Conducting automotive consumer research on <a href=\"https:\/\/www.sisinternational.com\/pt\/cobertura\/pesquisa-de-mercado-africa\/pesquisa-de-mercado-na-nigeria\/\" title=\"Pesquisa de mercado na Nig\u00e9ria\" data-wpil-monitor-id=\"5380\">electric vehicles is vital<\/a> for understanding market dynamics and ensuring that automakers meet their customers&#8217; evolving needs. Recent studies have shown that consumers are more interested in extended battery ranges and advanced in-car technology, such as enhanced connectivity features and autonomous driving capabilities, as they consider EV purchases.<\/p>\n\n\n\n<h2 class=\"wp-block-heading\"><strong>Principais recursos para conduzir pesquisas de consumidores automotivos para ve\u00edculos el\u00e9tricos<\/strong><\/h2>\n\n\n\n<figure class=\"gb-block-image gb-block-image-f3e2459d\"><img loading=\"lazy\" decoding=\"async\" width=\"1456\" height=\"816\" class=\"gb-image gb-image-f3e2459d\" src=\"https:\/\/www.sisinternational.com\/wp-content\/uploads\/2025\/08\/Automotive-11.jpg\" alt=\"Pesquisa e Estrat\u00e9gia de Mercado Internacional da SIS\" title=\"Automotive (11)\" srcset=\"https:\/\/www.sisinternational.com\/wp-content\/uploads\/2025\/08\/Automotive-11.jpg 1456w, https:\/\/www.sisinternational.com\/wp-content\/uploads\/2025\/08\/Automotive-11-300x168.jpg 300w, https:\/\/www.sisinternational.com\/wp-content\/uploads\/2025\/08\/Automotive-11-1024x574.jpg 1024w, https:\/\/www.sisinternational.com\/wp-content\/uploads\/2025\/08\/Automotive-11-768x430.jpg 768w, https:\/\/www.sisinternational.com\/wp-content\/uploads\/2025\/08\/Automotive-11-18x10.jpg 18w\" sizes=\"auto, (max-width: 1456px) 100vw, 1456px\"><\/figure>\n\n\n\n<p><\/p>\n\n\n\n<h3 class=\"wp-block-heading\">Para conduzir uma pesquisa eficaz sobre o consumidor automotivo de ve\u00edculos el\u00e9tricos, \u00e9 importante usar v\u00e1rios recursos, desde pesquisas e relat\u00f3rios de mercado at\u00e9 ferramentas de an\u00e1lise on-line.<\/h3>\n\n\n\n<p>V\u00e1rios recursos s\u00e3o essenciais para conduzir pesquisas abrangentes sobre consumidores automotivos de ve\u00edculos el\u00e9tricos, incluindo:<\/p>\n\n\n\n<ul class=\"wp-block-list\">\n<li><strong>Pesquisas de consumidores e grupos focais:<\/strong> Realizar pesquisas com consumidores e organizar grupos focais ajuda a coletar feedback de potenciais compradores sobre suas prefer\u00eancias, preocupa\u00e7\u00f5es e motiva\u00e7\u00f5es para escolher ve\u00edculos el\u00e9tricos.<br><\/li>\n\n\n\n<li><strong>Ferramentas de an\u00e1lise de m\u00eddia social:<\/strong> Tools like Brandwatch and Hootsuite allow <a href=\"https:\/\/www.sisinternational.com\/pt\/os-novos-consumidores-americanos-analisam-as-tendencias-que-os-varejistas-enfrentam\/\" title=\"A nova an\u00e1lise dos consumidores americanos: tend\u00eancias enfrentadas pelos varejistas dos EUA\" data-wpil-monitor-id=\"2707\">researchers to analyze consumer<\/a> sentiment about electric vehicles, track trending topics, and understand public perception.<br><\/li>\n\n\n\n<li><strong>F\u00f3runs e comunidades online:<\/strong> Plataformas como Reddit e comunidades espec\u00edficas de ve\u00edculos el\u00e9tricos s\u00e3o excelentes fontes para entender opini\u00f5es de consumidores, perguntas comuns e desafios relacionados a ve\u00edculos el\u00e9tricos.<br><\/li>\n\n\n\n<li><strong>Dados da montadora e da concession\u00e1ria:<\/strong> Insights de montadoras e concession\u00e1rias sobre consultas de consumidores, dados de test drive e desempenho de vendas s\u00e3o cruciais para entender as prefer\u00eancias do consumidor.<br><\/li>\n<\/ul>\n\n\n\n<p>Usar esses recursos ajuda a garantir que a pesquisa seja abrangente e baseada em dados reais do consumidor, fornecendo \u00e0s montadoras os insights de que precisam para ter sucesso no crescente mercado de EV. Por exemplo, dados de grupos focais conduzidos em \u00e1reas urbanas de Nova York e Los Angeles indicaram que o acesso a uma infraestrutura de carregamento confi\u00e1vel \u00e9 uma preocupa\u00e7\u00e3o prim\u00e1ria para muitos compradores potenciais de EV, enquanto comunidades rurais frequentemente priorizam acessibilidade e autonomia de dire\u00e7\u00e3o.<\/p>\n\n\n\n<h2 class=\"wp-block-heading\"><strong>M\u00e9todos para conduzir pesquisas de consumidores automotivos para ve\u00edculos el\u00e9tricos<\/strong><\/h2>\n\n\n\n<p>V\u00e1rios m\u00e9todos podem ser empregados para conduzir pesquisas de consumidores automotivos para ve\u00edculos el\u00e9tricos, tais como:<\/p>\n\n\n\n<ul class=\"wp-block-list\">\n<li><strong>Pesquisas e enquetes on-line:<\/strong> A distribui\u00e7\u00e3o de pesquisas on-line ajuda a coletar dados sobre as prefer\u00eancias do consumidor, atitudes em rela\u00e7\u00e3o aos ve\u00edculos el\u00e9tricos e disposi\u00e7\u00e3o para adotar a tecnologia EV.<br><\/li>\n\n\n\n<li><strong>Grupos focais e entrevistas:<\/strong> Grupos focais e entrevistas individuais com consumidores podem ajudar a obter insights sobre suas percep\u00e7\u00f5es, motiva\u00e7\u00f5es e hesita\u00e7\u00f5es sobre ve\u00edculos el\u00e9tricos.<br><\/li>\n\n\n\n<li><strong>Mapeamento da jornada do cliente:<\/strong> Mapear a jornada do consumidor \u2014 do interesse inicial \u00e0 compra \u2014 ajuda a identificar pontos problem\u00e1ticos e oportunidades para melhorar a experi\u00eancia de compra de ve\u00edculos el\u00e9tricos.<br><\/li>\n\n\n\n<li><strong>Escuta nas redes sociais:<\/strong> O monitoramento de plataformas de m\u00eddia social permite que os pesquisadores acompanhem as discuss\u00f5es, preocupa\u00e7\u00f5es e entusiasmo dos consumidores sobre ve\u00edculos el\u00e9tricos.<br><\/li>\n\n\n\n<li><strong>Test Drives e Testes de Produtos:<\/strong> A an\u00e1lise de dados de test drives de ve\u00edculos el\u00e9tricos e testes de produtos fornece insights sobre os fatores que influenciam as decis\u00f5es de compra, como desempenho, design e tecnologia do ve\u00edculo.<\/li>\n<\/ul>\n\n\n\n<p><\/p>\n\n\n\n<h2 class=\"wp-block-heading\"><strong>Limita\u00e7\u00f5es da realiza\u00e7\u00e3o de pesquisas de consumo automotivo para ve\u00edculos el\u00e9tricos<\/strong><\/h2>\n\n\n\n<figure class=\"gb-block-image gb-block-image-e773ac84\"><img loading=\"lazy\" decoding=\"async\" width=\"1456\" height=\"816\" class=\"gb-image gb-image-e773ac84\" src=\"https:\/\/www.sisinternational.com\/wp-content\/uploads\/2025\/09\/Automotive-Market-Research-in-Europe-2.jpg\" alt=\"Pesquisa e Estrat\u00e9gia de Mercado Internacional da SIS\" title=\"Automotive Market Research in Europe (2)\" srcset=\"https:\/\/www.sisinternational.com\/wp-content\/uploads\/2025\/09\/Automotive-Market-Research-in-Europe-2.jpg 1456w, https:\/\/www.sisinternational.com\/wp-content\/uploads\/2025\/09\/Automotive-Market-Research-in-Europe-2-300x168.jpg 300w, https:\/\/www.sisinternational.com\/wp-content\/uploads\/2025\/09\/Automotive-Market-Research-in-Europe-2-1024x574.jpg 1024w, https:\/\/www.sisinternational.com\/wp-content\/uploads\/2025\/09\/Automotive-Market-Research-in-Europe-2-768x430.jpg 768w, https:\/\/www.sisinternational.com\/wp-content\/uploads\/2025\/09\/Automotive-Market-Research-in-Europe-2-18x10.jpg 18w\" sizes=\"auto, (max-width: 1456px) 100vw, 1456px\"><\/figure>\n\n\n\n<p><\/p>\n\n\n\n<h3 class=\"wp-block-heading\">\u201cA pesquisa de consumidores automotivos para ve\u00edculos el\u00e9tricos apresenta desafios \u00fanicos, desde tecnologia em r\u00e1pida mudan\u00e7a at\u00e9 equ\u00edvocos do consumidor e limita\u00e7\u00f5es de dados.\u201d<\/h3>\n\n\n\n<p>A realiza\u00e7\u00e3o de pesquisas automotivas de consumidores para ve\u00edculos el\u00e9tricos n\u00e3o \u00e9 isenta de desafios. Alguns dos principais desafios incluem:<\/p>\n\n\n\n<ul class=\"wp-block-list\">\n<li><strong>Avan\u00e7os tecnol\u00f3gicos r\u00e1pidos:<\/strong> O ritmo acelerado do desenvolvimento tecnol\u00f3gico em ve\u00edculos el\u00e9tricos dificulta que os pesquisadores se mantenham atualizados sobre as \u00faltimas tend\u00eancias e recursos nos quais os consumidores est\u00e3o interessados.<br><\/li>\n\n\n\n<li><strong>Ansiedade de alcance e equ\u00edvocos:<\/strong> Muitos consumidores ainda t\u00eam ideias erradas sobre ve\u00edculos el\u00e9tricos, como limita\u00e7\u00f5es de alcance e dificuldades de carregamento. Entender e lidar com essas preocupa\u00e7\u00f5es \u00e9 um desafio significativo na pesquisa do consumidor.<br><\/li>\n\n\n\n<li><strong>Altos custos iniciais:<\/strong> O alto custo inicial dos ve\u00edculos el\u00e9tricos pode afastar potenciais compradores, tornando essencial que os pesquisadores entendam como os pre\u00e7os impactam as decis\u00f5es dos consumidores.<br><\/li>\n\n\n\n<li><strong>Disponibilidade limitada de dados:<\/strong> Em compara\u00e7\u00e3o com ve\u00edculos tradicionais, os dados de uso e prefer\u00eancias de ve\u00edculos el\u00e9tricos podem ser limitados, dificultando a obten\u00e7\u00e3o de insights conclusivos.<br><\/li>\n\n\n\n<li><strong>Diversidade do consumidor:<\/strong> As atitudes dos consumidores em rela\u00e7\u00e3o aos ve\u00edculos el\u00e9tricos variam com base em dados demogr\u00e1ficos como idade, localiza\u00e7\u00e3o e renda. Conduzir pesquisas que reflitam com precis\u00e3o essa diversidade pode ser desafiador.<\/li>\n<\/ul>\n\n\n\n<p><\/p>\n\n\n\n<h2 class=\"wp-block-heading\"><strong>O futuro da pesquisa do consumidor automotivo para ve\u00edculos el\u00e9tricos<\/strong><\/h2>\n\n\n\n<p>A pesquisa de consumidores automotivos para ve\u00edculos el\u00e9tricos est\u00e1 evoluindo, com novas tend\u00eancias moldando como fabricantes de autom\u00f3veis e pesquisadores entendem o comportamento do consumidor. Aqui est\u00e3o algumas dire\u00e7\u00f5es futuras:<\/p>\n\n\n\n<ul class=\"wp-block-list\">\n<li><strong>Integra\u00e7\u00e3o de dados e an\u00e1lise de IA:<\/strong> Using AI and machine learning to analyze large datasets will help <a href=\"https:\/\/www.sisinternational.com\/pt\/estudo-de-caso-hipotetico-de-analise-de-consumo-eharmony\/\" title=\"An\u00e1lise do consumidor: estudo de caso hipot\u00e9tico da eHarmony\" data-wpil-monitor-id=\"4317\">researchers gain deeper insights into consumer<\/a> behavior, preferences, and future trends.<br><\/li>\n\n\n\n<li><strong>Sistemas de feedback em tempo real:<\/strong> Dados em tempo real de ve\u00edculos conectados, aplicativos m\u00f3veis e esta\u00e7\u00f5es de carregamento de ve\u00edculos el\u00e9tricos permitir\u00e3o que as montadoras entendam o comportamento do consumidor e se adaptem \u00e0s necessidades em constante mudan\u00e7a.<br><\/li>\n\n\n\n<li><strong>Marketing Personalizado:<\/strong> \u00c0 medida que as montadoras coletam mais dados dos consumidores, elas podem criar campanhas de marketing mais direcionadas e personalizadas para atrair segmentos espec\u00edficos do mercado de ve\u00edculos el\u00e9tricos.<br><\/li>\n\n\n\n<li><strong>Considera\u00e7\u00f5es sustent\u00e1veis e \u00e9ticas:<\/strong> Os consumidores est\u00e3o priorizando cada vez mais a sustentabilidade. Os pesquisadores devem entender como considera\u00e7\u00f5es \u00e9ticas, como a fonte dos materiais da bateria, influenciam as decis\u00f5es de compra.<br><\/li>\n<\/ul>\n\n\n\n<p>By staying ahead of these trends, automotive consumer research for electric <a href=\"https:\/\/www.sisinternational.com\/pt\/pericia\/industrias\/pesquisa-de-mercado-automotivo\/futuro-dos-veiculos-eletricos-nos-eua\/\" title=\"The Future of Electric Vehicles in the USA \u2013 The Next 5 Years\" data-wpil-monitor-id=\"1835\">vehicles<\/a> will be more effective in understanding and meeting the needs of the future EV market. Recent developments, such as integrating smart grid technology and vehicle-to-grid systems, are poised to reshape how consumers perceive electric vehicles, making them more attractive as transportation and energy storage solutions.<\/p>\n\n\n\n<h2 class=\"wp-block-heading\"><strong>O que torna a SIS International a parceira ideal para pesquisa de consumidores automotivos para ve\u00edculos el\u00e9tricos?<\/strong><\/h2>\n\n\n\n<p><a href=\"https:\/\/www.linkedin.com\/company\/sisinternationalresearch\/\" target=\"_blank\" rel=\"noopener\">SIS Internacional<\/a> est\u00e1 comprometida em fornecer servi\u00e7os de pesquisa de consumidor de alta qualidade que atendam especificamente \u00e0s necessidades do mercado de ve\u00edculos el\u00e9tricos. Aqui est\u00e3o algumas raz\u00f5es pelas quais a SIS International \u00e9 a melhor parceira para pesquisa de consumidor automotivo para ve\u00edculos el\u00e9tricos:<\/p>\n\n\n\n<ul class=\"wp-block-list\">\n<li><strong>Experi\u00eancia em Pesquisa Automotiva:<\/strong> Nossa equipe tem ampla experi\u00eancia na condu\u00e7\u00e3o de pesquisas no setor automotivo, incluindo ve\u00edculos el\u00e9tricos, o que nos torna bem versados nos desafios e oportunidades do setor.<br><\/li>\n\n\n\n<li><span style=\"box-sizing: border-box; margin: 0px; padding: 0px;\"><strong>Insights baseados em dados:<\/strong>&nbsp;Usamos m\u00e9todos de pesquisa quantitativa e qualitativa apoiados por an\u00e1lise de dados para fornecer aos nossos clientes insights acion\u00e1veis.<\/span><br><\/li>\n\n\n\n<li><strong>Acesso aos dados demogr\u00e1ficos alvo:<\/strong> Temos as ferramentas e a experi\u00eancia para atingir uma gama diversificada de consumidores, garantindo que nossa pesquisa represente os v\u00e1rios segmentos do mercado de ve\u00edculos el\u00e9tricos.<br><\/li>\n\n\n\n<li><strong>Solu\u00e7\u00f5es de pesquisa personalizadas:<\/strong> <a href=\"https:\/\/twitter.com\/SISIntlResearch\" target=\"_blank\" rel=\"noopener\">SIS<\/a> fornece solu\u00e7\u00f5es de pesquisa personalizadas que atendem \u00e0s necessidades exclusivas de nossos clientes, garantindo que eles recebam os dados mais relevantes e impactantes. <br><\/li>\n\n\n\n<li><strong>Parcerias estrat\u00e9gicas com l\u00edderes da ind\u00fastria:<\/strong> As colabora\u00e7\u00f5es com montadoras e empresas de tecnologia permitem que a SIS International se mantenha atualizada sobre os avan\u00e7os tecnol\u00f3gicos e forne\u00e7a os insights mais atuais.<br><\/li>\n\n\n\n<li><strong>Abordagens de pesquisa sustent\u00e1veis:<\/strong> <a href=\"https:\/\/medium.com\/@sisinternational\/sis-international-c17160da8fac\" target=\"_blank\" rel=\"noopener\">SIS<\/a> foca na sustentabilidade, fornecendo insights que ajudam os clientes a entender as expectativas dos consumidores por pr\u00e1ticas mais ecol\u00f3gicas na ind\u00fastria automotiva.<br><\/li>\n\n\n\n<li><strong>Estudos Etnogr\u00e1ficos Aprofundados:<\/strong> Nossa equipe conduz pesquisas etnogr\u00e1ficas que fornecem uma compreens\u00e3o mais profunda de como os consumidores interagem com ve\u00edculos el\u00e9tricos em situa\u00e7\u00f5es da vida real, desde ambientes urbanos at\u00e9 \u00e1reas rurais.<br><\/li>\n<\/ul>\n\n\n<h2>Localiza\u00e7\u00e3o de nossas instala\u00e7\u00f5es em Nova York<\/h2>\n<p><!-- \/wp:post-content --> <!-- wp:html --> <iframe loading=\"lazy\" src=\"https:\/\/www.google.com\/maps\/embed?pb=!1m18!1m12!1m3!1d3022.976188376966!2d-73.99130312499956!3d40.740549471389315!2m3!1f0!2f0!3f0!3m2!1i1024!2i768!4f13.1!3m3!1m2!1s0x89c259a15798c731%3A0xd695d09bdd495f25!2s11%20E%2022nd%20St%20FL%202%2C%20New%20York%2C%20NY%2010010%2C%20USA!5e0!3m2!1sen!2spe!4v1726171763526!5m2!1sen!2spe\" width=\"600\" height=\"450\" allowfullscreen=\"allowfullscreen\" data-mce-fragment=\"1\"><\/iframe> <!-- \/wp:html --> <!-- wp:paragraph --><\/p>\n<h3 class=\"wp-block-heading\">11 E 22nd Street, andar 2, Nova York, NY 10010 T: +1(212) 505-6805<\/h3>\n<hr \/>\n<h2><span style=\"font-weight: 400;\">Sobre SIS Internacional<\/span><\/h2>\n<p><a href=\"https:\/\/www.sisinternational.com\/pt\/\"><span style=\"font-weight: 400;\">SIS Internacional<\/span><\/a><span style=\"font-weight: 400;\"> oferece pesquisa quantitativa, qualitativa e estrat\u00e9gica. Fornecemos dados, ferramentas, estrat\u00e9gias, relat\u00f3rios e insights para a tomada de decis\u00f5es. Tamb\u00e9m realizamos entrevistas, pesquisas, grupos focais e outros m\u00e9todos e abordagens de Pesquisa de Mercado.<\/span><a href=\"https:\/\/www.sisinternational.com\/pt\/sobre-a-sis-international-research\/contact-sis-international-market-research\/\"><span style=\"font-weight: 400;\"> Entre em contato conosco<\/span><\/a><span style=\"font-weight: 400;\"> para o seu pr\u00f3ximo projeto de pesquisa de mercado.<\/span><\/p>\n<\/p>","protected":false},"excerpt":{"rendered":"<p>Why Automotive Consumer Research is So Vital Today with the Future of Electric Vehicles What does it take for automotive companies to keep up with consumer behavior in the rapidly evolving landscape of electric vehicles? Automotive consumer research for electric vehicles is becoming increasingly critical as the industry shifts towards greener and more innovative solutions. &#8230; <a title=\"Por que a pesquisa do consumidor automotivo \u00e9 t\u00e3o vital hoje com o futuro dos ve\u00edculos el\u00e9tricos\" class=\"read-more\" href=\"https:\/\/www.sisinternational.com\/pt\/pericia\/pesquisa-de-mercado-automotivo\/pesquisa-de-consumo-automotivo-para-veiculos-eletricos\/\" aria-label=\"Read more about Why Automotive Consumer Research is So Vital Today with the Future of Electric Vehicles\">Leia mais<\/a><\/p>","protected":false},"author":1,"featured_media":62615,"parent":11155,"menu_order":3,"comment_status":"closed","ping_status":"closed","template":"","meta":{"footnotes":""},"class_list":["post-53780","page","type-page","status-publish","has-post-thumbnail"],"_links":{"self":[{"href":"https:\/\/www.sisinternational.com\/pt\/wp-json\/wp\/v2\/pages\/53780","targetHints":{"allow":["GET"]}}],"collection":[{"href":"https:\/\/www.sisinternational.com\/pt\/wp-json\/wp\/v2\/pages"}],"about":[{"href":"https:\/\/www.sisinternational.com\/pt\/wp-json\/wp\/v2\/types\/page"}],"author":[{"embeddable":true,"href":"https:\/\/www.sisinternational.com\/pt\/wp-json\/wp\/v2\/users\/1"}],"replies":[{"embeddable":true,"href":"https:\/\/www.sisinternational.com\/pt\/wp-json\/wp\/v2\/comments?post=53780"}],"version-history":[{"count":17,"href":"https:\/\/www.sisinternational.com\/pt\/wp-json\/wp\/v2\/pages\/53780\/revisions"}],"predecessor-version":[{"id":84372,"href":"https:\/\/www.sisinternational.com\/pt\/wp-json\/wp\/v2\/pages\/53780\/revisions\/84372"}],"up":[{"embeddable":true,"href":"https:\/\/www.sisinternational.com\/pt\/wp-json\/wp\/v2\/pages\/11155"}],"wp:featuredmedia":[{"embeddable":true,"href":"https:\/\/www.sisinternational.com\/pt\/wp-json\/wp\/v2\/media\/62615"}],"wp:attachment":[{"href":"https:\/\/www.sisinternational.com\/pt\/wp-json\/wp\/v2\/media?parent=53780"}],"curies":[{"name":"wp","href":"https:\/\/api.w.org\/{rel}","templated":true}]}}