{"id":53737,"date":"2024-10-18T00:32:46","date_gmt":"2024-10-18T04:32:46","guid":{"rendered":"https:\/\/www.sisinternational.com\/?page_id=53737"},"modified":"2026-03-11T11:32:32","modified_gmt":"2026-03-11T15:32:32","slug":"testando-fragrancias-e-produtos-de-cuidados-pessoais-em-nova-york","status":"publish","type":"page","link":"https:\/\/www.sisinternational.com\/pt\/solucoes\/pesquisa-de-mercado-de-produtos-de-beleza\/testando-fragrancias-e-produtos-de-cuidados-pessoais-em-nova-york\/","title":{"rendered":"A vantagem estrat\u00e9gica de testar fragr\u00e2ncias e produtos de cuidados pessoais em Nova York"},"content":{"rendered":"<h1 class=\"wp-block-heading\">A vantagem estrat\u00e9gica de testar fragr\u00e2ncias e produtos de cuidados pessoais em Nova York <\/h1>\n\n\n\n<figure class=\"gb-block-image gb-block-image-d610e1a6\"><img loading=\"lazy\" decoding=\"async\" width=\"1456\" height=\"816\" class=\"gb-image gb-image-d610e1a6\" src=\"https:\/\/www.sisinternational.com\/wp-content\/uploads\/2025\/08\/Perfume-cologne-fragance-7.jpg\" alt=\"Pesquisa e Estrat\u00e9gia de Mercado Internacional da SIS\" title=\"Perfume cologne fragance (7)\" srcset=\"https:\/\/www.sisinternational.com\/wp-content\/uploads\/2025\/08\/Perfume-cologne-fragance-7.jpg 1456w, https:\/\/www.sisinternational.com\/wp-content\/uploads\/2025\/08\/Perfume-cologne-fragance-7-300x168.jpg 300w, https:\/\/www.sisinternational.com\/wp-content\/uploads\/2025\/08\/Perfume-cologne-fragance-7-1024x574.jpg 1024w, https:\/\/www.sisinternational.com\/wp-content\/uploads\/2025\/08\/Perfume-cologne-fragance-7-768x430.jpg 768w, https:\/\/www.sisinternational.com\/wp-content\/uploads\/2025\/08\/Perfume-cologne-fragance-7-18x10.jpg 18w\" sizes=\"auto, (max-width: 1456px) 100vw, 1456px\"><\/figure>\n\n\n\n<p><\/p>\n\n\n\n<h3 class=\"wp-block-heading\">A influ\u00eancia global da cidade e seu ambiente de varejo de alto n\u00edvel fazem dela uma plataforma de lan\u00e7amento poderosa para refinar produtos e estrat\u00e9gias antes de um lan\u00e7amento nacional.&nbsp;<\/h3>\n\n\n\n<p>No mundo competitivo de fragr\u00e2ncias e produtos de cuidados pessoais, entrar no mercado dos EUA requer uma abordagem estrat\u00e9gica para garantir o sucesso. Com sua vasta base de consumidores, a cidade de Nova York se destaca como um mercado de teste ideal para esses produtos. \u00c9 por isso que testar fragr\u00e2ncias e produtos de cuidados pessoais em Nova York oferece vantagens \u00fanicas, fornecendo \u00e0s empresas insights importantes sobre as prefer\u00eancias do consumidor e tend\u00eancias de mercado.&nbsp;<\/p>\n\n\n\n<h2 class=\"wp-block-heading\">Por que Nova York?<\/h2>\n\n\n\n<p>New York City\u2019s population is one of the most diverse in the world, encompassing a wide array of cultures, ethnicities, and socioeconomic backgrounds. This diversity provides a unique opportunity for testing fragrances and <a href=\"https:\/\/www.sisinternational.com\/pt\/solucoes\/grupos-de-foco\/focus-group-on-personal-care-products\/\" title=\"Focus Group on Personal Care Products\"  data-wpil-monitor-id=\"875\">personal care products<\/a> in a market that mirrors a broad spectrum of consumer preferences.&nbsp;<\/p>\n\n\n\n<p>O ambiente multicultural da cidade tamb\u00e9m ajuda a identificar tend\u00eancias e prefer\u00eancias emergentes que podem n\u00e3o ser evidentes em mercados menos diversos. Por exemplo, notas de fragr\u00e2ncias espec\u00edficas ou ingredientes de cuidados pessoais podem ter um apelo mais forte para grupos culturais espec\u00edficos, fornecendo dados cr\u00edticos que podem impulsionar o desenvolvimento de produtos e estrat\u00e9gias de marketing.<\/p>\n\n\n\n<h4 class=\"wp-block-heading\"><strong>Visibilidade do Mercado<\/strong><\/h4>\n\n\n\n<p>O status de NYC como uma grande cidade global significa que os produtos testados aqui se beneficiam de alta visibilidade e exposi\u00e7\u00e3o na m\u00eddia. A influ\u00eancia da cidade nas tend\u00eancias de moda, beleza e estilo de vida pode amplificar o impacto do lan\u00e7amento de um produto. O sucesso em NYC pode melhorar significativamente a reputa\u00e7\u00e3o e a credibilidade de uma marca, facilitando a obten\u00e7\u00e3o de tra\u00e7\u00e3o em outros mercados dos EUA e internacionalmente.<\/p>\n\n\n\n<p>Eventos de alto n\u00edvel, como semanas de moda e exposi\u00e7\u00f5es do setor, aumentam ainda mais a visibilidade dos produtos testados em Nova York.&nbsp;<\/p>\n\n\n\n<h4 class=\"wp-block-heading\"><strong>Ambiente de Varejo Avan\u00e7ado<\/strong><\/h4>\n\n\n\n<p>New York City is home to some of the world&#8217;s most sophisticated and trend-setting retail environments. From flagship stores on Fifth Avenue to upscale boutiques in SoHo, NYC\u2019s retail landscape offers an ideal setting for <a href=\"https:\/\/www.sisinternational.com\/pt\/solucoes\/solucoes-de-pesquisa-quantitativa-qualitativa\/a-vantagem-de-testar-produtos-em-nova-york-em-vez-de-la\/\" title=\"A vantagem de testar produtos em Nova York em vez de Los Angeles\"  data-wpil-monitor-id=\"1576\">testing new products<\/a>. The city\u2019s retail sector is known for its innovation and high standards, which provide a rigorous testing ground for evaluating product performance.<\/p>\n\n\n\n<p>As parcerias de varejo em NYC permitem que as empresas experimentem diferentes estrat\u00e9gias de varejo, incluindo promo\u00e7\u00f5es na loja, eventos de amostragem e lan\u00e7amentos exclusivos. Esse ambiente ajuda as marcas a avaliar as rea\u00e7\u00f5es do consumidor em um cen\u00e1rio do mundo real e fazer os ajustes necess\u00e1rios antes de um lan\u00e7amento mais amplo.<\/p>\n\n\n\n<h2 class=\"wp-block-heading\">Quais s\u00e3o as melhores estrat\u00e9gias para testar fragr\u00e2ncias e produtos de cuidados pessoais em Nova York?<\/h2>\n\n\n\n<figure class=\"gb-block-image gb-block-image-d48d6d31\"><img loading=\"lazy\" decoding=\"async\" width=\"1456\" height=\"816\" class=\"gb-image gb-image-d48d6d31\" src=\"https:\/\/www.sisinternational.com\/wp-content\/uploads\/2025\/08\/Perfume-cologne-fragance-3.jpg\" alt=\"Pesquisa e Estrat\u00e9gia de Mercado Internacional da SIS\" title=\"Perfume cologne fragance (3)\" srcset=\"https:\/\/www.sisinternational.com\/wp-content\/uploads\/2025\/08\/Perfume-cologne-fragance-3.jpg 1456w, https:\/\/www.sisinternational.com\/wp-content\/uploads\/2025\/08\/Perfume-cologne-fragance-3-300x168.jpg 300w, https:\/\/www.sisinternational.com\/wp-content\/uploads\/2025\/08\/Perfume-cologne-fragance-3-1024x574.jpg 1024w, https:\/\/www.sisinternational.com\/wp-content\/uploads\/2025\/08\/Perfume-cologne-fragance-3-768x430.jpg 768w, https:\/\/www.sisinternational.com\/wp-content\/uploads\/2025\/08\/Perfume-cologne-fragance-3-18x10.jpg 18w\" sizes=\"auto, (max-width: 1456px) 100vw, 1456px\"><\/figure>\n\n\n\n<p><\/p>\n\n\n\n<p><a href=\"https:\/\/www.sisinternational.com\/pt\/solucoes\/solucoes-de-pesquisa-quantitativa-qualitativa\/sis-sensory-testing-of-personal-care-products\/\" title=\"SIS Sensory Testing of Personal Care Products\"  data-wpil-monitor-id=\"1392\">Testing fragrances and personal care products<\/a> in New York City requires a strategic approach to effectively gauge consumer reactions and refine product offerings \u2013 and New York\u2019s unique market environment presents distinct opportunities and challenges, making it essential for businesses to employ tailored testing strategies.&nbsp;<\/p>\n\n\n\n<h4 class=\"wp-block-heading\"><strong>Grupos de foco<\/strong><\/h4>\n\n\n\n<p>Conduzindo <a href=\"https:\/\/www.sisinternational.com\/pt\/solucoes\/grupos-de-foco\/instalacoes-de-grupos-focais-em-nova-york\/\">grupos focais em NYC<\/a> permite que as empresas re\u00fanam dados qualitativos sobre atributos de produtos, como perfis de aroma, design de embalagem e efic\u00e1cia de produtos de cuidados pessoais. Os participantes podem fornecer insights sobre seus gostos, desgostos e expectativas, ajudando as marcas a ajustar suas ofertas para melhor atender aos desejos do consumidor. Al\u00e9m disso, os grupos focais podem revelar respostas emocionais e comportamentais aos produtos, oferecendo uma compreens\u00e3o mais profunda de como um produto repercute em diferentes p\u00fablicos.<\/p>\n\n\n\n<h4 class=\"wp-block-heading\"><strong>Parcerias de varejo<\/strong><\/h4>\n\n\n\n<p>Colaborar com varejistas de NYC fornece uma plataforma valiosa para testar produtos em um ambiente do mundo real. Parcerias de varejo podem envolver v\u00e1rias atividades, como eventos de amostragem na loja, lan\u00e7amentos de produtos exclusivos e promo\u00e7\u00f5es no ponto de venda. Essas intera\u00e7\u00f5es permitem que as empresas observem em primeira m\u00e3o como seus produtos funcionam em um ambiente de varejo competitivo.<\/p>\n\n\n\n<p>Os varejistas em NYC tamb\u00e9m podem fornecer feedback sobre posicionamento de produtos, estrat\u00e9gias de pre\u00e7os e t\u00e1ticas de marketing. Seus insights sobre comportamento do consumidor e desempenho de vendas s\u00e3o inestim\u00e1veis para refinar estrat\u00e9gias de produtos. Al\u00e9m disso, fazer parcerias com lojas bem conhecidas de NYC pode aumentar a visibilidade e a credibilidade de um produto, atraindo a aten\u00e7\u00e3o de consumidores e influenciadores do setor.<\/p>\n\n\n\n<h4 class=\"wp-block-heading\"><strong>Feedback do consumidor<\/strong><\/h4>\n\n\n\n<p>Gathering consumer feedback is essential for understanding how well fragrances and <a href=\"https:\/\/www.sisinternational.com\/pt\/solucoes\/pesquisa-de-mercado-de-ia-e-consultoria-estrategica\/consultoria-de-ia-em-automacao-de-produtos-de-cuidados-pessoais\/\" title=\"Automa\u00e7\u00e3o de produtos de cuidados pessoais e consultoria de IA\"  data-wpil-monitor-id=\"2470\">personal care products<\/a> meet market expectations. In NYC, companies can employ various methods to collect feedback, including surveys, social media engagement, and product reviews.<\/p>\n\n\n\n<h2 class=\"wp-block-heading\">Mas\u2026 Refinar estrat\u00e9gias de marketing tamb\u00e9m \u00e9 crucial.<\/h2>\n\n\n\n<p>Ao analisar a resposta a v\u00e1rios canais de publicidade, t\u00e1ticas promocionais e mensagens, as empresas podem refinar suas estrat\u00e9gias de marketing para melhor se alinharem \u00e0s expectativas do consumidor.<\/p>\n\n\n\n<p>Por exemplo, as empresas podem testar o impacto de parcerias de influenciadores, campanhas de m\u00eddia social e publicidade tradicional em NYC para determinar o que ressoa melhor com seu p\u00fablico-alvo. Esses insights ajudam a elaborar campanhas de marketing mais direcionadas e eficazes para mercados mais amplos dos EUA e internacionais.<\/p>\n\n\n\n<h2 class=\"wp-block-heading\">Desafios e Considera\u00e7\u00f5es<\/h2>\n\n\n\n<figure class=\"gb-block-image gb-block-image-6304aa7b\"><img loading=\"lazy\" decoding=\"async\" width=\"1456\" height=\"816\" class=\"gb-image gb-image-6304aa7b\" src=\"https:\/\/www.sisinternational.com\/wp-content\/uploads\/2025\/08\/Perfume-cologne-fragance-4.jpg\" alt=\"Pesquisa e Estrat\u00e9gia de Mercado Internacional da SIS\" title=\"Perfume cologne fragance (4)\" srcset=\"https:\/\/www.sisinternational.com\/wp-content\/uploads\/2025\/08\/Perfume-cologne-fragance-4.jpg 1456w, https:\/\/www.sisinternational.com\/wp-content\/uploads\/2025\/08\/Perfume-cologne-fragance-4-300x168.jpg 300w, https:\/\/www.sisinternational.com\/wp-content\/uploads\/2025\/08\/Perfume-cologne-fragance-4-1024x574.jpg 1024w, https:\/\/www.sisinternational.com\/wp-content\/uploads\/2025\/08\/Perfume-cologne-fragance-4-768x430.jpg 768w, https:\/\/www.sisinternational.com\/wp-content\/uploads\/2025\/08\/Perfume-cologne-fragance-4-18x10.jpg 18w\" sizes=\"auto, (max-width: 1456px) 100vw, 1456px\"><\/figure>\n\n\n\n<p><\/p>\n\n\n\n<p><strong>Alta competi\u00e7\u00e3o<\/strong><\/p>\n\n\n\n<p>Entrar neste mercado requer navegar em um cen\u00e1rio lotado de marcas estabelecidas e players emergentes. Para empresas que testam novos produtos, se destacar em meio a essa competi\u00e7\u00e3o pode ser desafiador.<\/p>\n\n\n\n<p><strong>Fatores de custo<\/strong><\/p>\n\n\n\n<p>Os custos associados a espa\u00e7o de varejo, marketing e eventos promocionais podem ser consideravelmente mais altos neste mercado em compara\u00e7\u00e3o a outros mercados. Alugu\u00e9is altos para locais de varejo de primeira linha e as despesas de colabora\u00e7\u00e3o com m\u00eddia influente e influenciadores aumentam o or\u00e7amento geral.<\/p>\n\n\n\n<p><strong>Quest\u00f5es regulat\u00f3rias e de conformidade<\/strong><\/p>\n\n\n\n<p>As ind\u00fastrias de cuidados pessoais e fragr\u00e2ncias est\u00e3o sujeitas a rigorosas regulamenta\u00e7\u00f5es de seguran\u00e7a, rotulagem e marketing de produtos. Navegar por essas regulamenta\u00e7\u00f5es em NYC requer um entendimento completo dos requisitos federais e estaduais, incluindo aqueles espec\u00edficos para o mercado de Nova York.<\/p>\n\n\n\n<h2 class=\"wp-block-heading\">Como a SIS International ajuda empresas a testar fragr\u00e2ncias e produtos de cuidados pessoais em Nova York<\/h2>\n\n\n\n<p><a href=\"https:\/\/www.linkedin.com\/company\/sisinternationalresearch\/\" target=\"_blank\" rel=\"noopener\">SIS Internacional<\/a> fornece suporte abrangente para empresas que buscam Testing Fragrances and Personal Care Products em Nova York. Aproveitando nossa pesquisa de mercado e expertise em consultoria, oferecemos solu\u00e7\u00f5es personalizadas que abordam os desafios e oportunidades \u00fanicos deste mercado din\u00e2mico.<\/p>\n\n\n<p>\n\n\n<\/p>\n<h4 class=\"wp-block-heading\" style=\"padding-left: 40px;\"><strong>An\u00e1lise de Mercado Especializada<\/strong><\/h4>\n<p style=\"padding-left: 40px;\">\n\n\n\n<\/p>\n<p style=\"padding-left: 40px;\">Nossa equipe conduz an\u00e1lises de mercado aprofundadas para identificar tend\u00eancias-chave, prefer\u00eancias do consumidor e din\u00e2micas competitivas em NYC. Ao fornecer insights detalhados sobre o cen\u00e1rio do mercado local, ajudamos as empresas a entender os fatores espec\u00edficos que influenciar\u00e3o o sucesso de seus produtos.\u00a0<\/p>\n<p style=\"padding-left: 40px;\">\n\n\n\n<\/p>\n<h4 class=\"wp-block-heading\" style=\"padding-left: 40px;\"><strong>Pesquisa de consumidor direcionada<\/strong><\/h4>\n<p style=\"padding-left: 40px;\">\n\n\n\n<\/p>\n<p style=\"padding-left: 40px;\">Facilitamos pesquisas direcionadas ao consumidor, incluindo grupos de foco e pesquisas, para reunir feedback valioso sobre fragr\u00e2ncias e produtos de cuidados pessoais. Nossas metodologias de pesquisa s\u00e3o projetadas para capturar as nuances das prefer\u00eancias do consumidor, fornecendo insights acion\u00e1veis sobre atributos do produto, embalagem e estrat\u00e9gias de marketing.\u00a0<\/p>\n<p style=\"padding-left: 40px;\">\n\n\n\n<\/p>\n<h4 class=\"wp-block-heading\" style=\"padding-left: 40px;\"><strong>Parcerias estrat\u00e9gicas de varejo<\/strong><\/h4>\n<p style=\"padding-left: 40px;\">\n\n\n\n<\/p>\n<p style=\"padding-left: 40px;\">A SIS International auxilia no estabelecimento de parcerias estrat\u00e9gicas com varejistas de NYC para testar produtos em um ambiente do mundo real. Nosso suporte ajuda a maximizar a visibilidade do produto e a reunir feedback valioso de ambientes de varejo conhecidos por seus altos padr\u00f5es e influ\u00eancia.<\/p>\n<p style=\"padding-left: 40px;\">\n\n\n\n<\/p>\n<h4 class=\"wp-block-heading\" style=\"padding-left: 40px;\"><strong>Insights baseados em dados<\/strong><\/h4>\n<p style=\"padding-left: 40px;\">\n\n\n\n<\/p>\n<p style=\"padding-left: 40px;\">Nossa abordagem inclui an\u00e1lise quantitativa e qualitativa de dados para interpretar o feedback do consumidor e as tend\u00eancias de mercado. Esses insights baseados em dados s\u00e3o essenciais para refinar o desenvolvimento de produtos e estrat\u00e9gias de marketing.<\/p>\n<p style=\"padding-left: 40px;\">\n\n\n\n<\/p>\n<h4 class=\"wp-block-heading\" style=\"padding-left: 40px;\"><strong>Orienta\u00e7\u00e3o Regulat\u00f3ria e de Conformidade<\/strong><\/h4>\n<p style=\"padding-left: 40px;\">\n\n\n\n<\/p>\n<p style=\"padding-left: 40px;\">A SIS oferece orienta\u00e7\u00e3o sobre conformidade com regulamenta\u00e7\u00f5es locais e federais, garantindo que seus produtos atendam a todos os padr\u00f5es necess\u00e1rios. Nossa expertise ajuda a mitigar o risco de problemas regulat\u00f3rios e facilita uma entrada tranquila no mercado.<\/p>\n<p style=\"padding-left: 40px;\">\n\n\n\n<\/p>\n<h4 class=\"wp-block-heading\" style=\"padding-left: 40px;\"><strong>Recomenda\u00e7\u00f5es Estrat\u00e9gicas<\/strong><\/h4>\n<p style=\"padding-left: 40px;\">\n\n\n\n<\/p>\n<p style=\"padding-left: 40px;\">Com base em nossa pesquisa e an\u00e1lise, fornecemos recomenda\u00e7\u00f5es estrat\u00e9gicas para otimizar ofertas de produtos e abordagens de marketing. Nossas recomenda\u00e7\u00f5es s\u00e3o adaptadas ao mercado de NYC e s\u00e3o projetadas para aumentar o apelo do produto, melhorar o posicionamento de mercado e impulsionar lan\u00e7amentos bem-sucedidos.<\/p>\n<p>\n\n\n<\/p>\n\n\n<h2 class=\"wp-block-heading\">Sobre SIS Internacional<\/h2>\n\n\n\n<p><a href=\"https:\/\/www.sisinternational.com\/pt\/\">SIS Internacional<\/a> oferece pesquisa quantitativa, qualitativa e estrat\u00e9gica. Fornecemos dados, ferramentas, estrat\u00e9gias, relat\u00f3rios e insights para a tomada de decis\u00f5es. Tamb\u00e9m realizamos entrevistas, pesquisas, grupos focais e outros m\u00e9todos e abordagens de Pesquisa de Mercado.<a href=\"https:\/\/www.sisinternational.com\/pt\/sobre-a-sis-international-research\/contact-sis-international-market-research\/\"> Entre em contato conosco<\/a> para o seu pr\u00f3ximo projeto de pesquisa de mercado.<\/p>\n\n\n\n<p><\/p>","protected":false},"excerpt":{"rendered":"<p>A vantagem estrat\u00e9gica de testar fragr\u00e2ncias e produtos de cuidados pessoais em Nova York A influ\u00eancia global da cidade e o ambiente de varejo de alto perfil fazem dela uma plataforma de lan\u00e7amento poderosa para refinar produtos e estrat\u00e9gias antes de um lan\u00e7amento nacional. No mundo competitivo de fragr\u00e2ncias e produtos de cuidados pessoais, entrar no mercado dos EUA requer uma abordagem estrat\u00e9gica para garantir \u2026 <a title=\"A vantagem estrat\u00e9gica de testar fragr\u00e2ncias e produtos de cuidados pessoais em Nova York\" class=\"read-more\" href=\"https:\/\/www.sisinternational.com\/pt\/solucoes\/pesquisa-de-mercado-de-produtos-de-beleza\/testando-fragrancias-e-produtos-de-cuidados-pessoais-em-nova-york\/\" aria-label=\"Read more about The Strategic Advantage of Testing Fragrances and Personal Care Products in New York\">Leia mais<\/a><\/p>","protected":false},"author":1,"featured_media":64906,"parent":27176,"menu_order":19,"comment_status":"closed","ping_status":"closed","template":"","meta":{"footnotes":""},"class_list":["post-53737","page","type-page","status-publish","has-post-thumbnail"],"_links":{"self":[{"href":"https:\/\/www.sisinternational.com\/pt\/wp-json\/wp\/v2\/pages\/53737","targetHints":{"allow":["GET"]}}],"collection":[{"href":"https:\/\/www.sisinternational.com\/pt\/wp-json\/wp\/v2\/pages"}],"about":[{"href":"https:\/\/www.sisinternational.com\/pt\/wp-json\/wp\/v2\/types\/page"}],"author":[{"embeddable":true,"href":"https:\/\/www.sisinternational.com\/pt\/wp-json\/wp\/v2\/users\/1"}],"replies":[{"embeddable":true,"href":"https:\/\/www.sisinternational.com\/pt\/wp-json\/wp\/v2\/comments?post=53737"}],"version-history":[{"count":8,"href":"https:\/\/www.sisinternational.com\/pt\/wp-json\/wp\/v2\/pages\/53737\/revisions"}],"predecessor-version":[{"id":76817,"href":"https:\/\/www.sisinternational.com\/pt\/wp-json\/wp\/v2\/pages\/53737\/revisions\/76817"}],"up":[{"embeddable":true,"href":"https:\/\/www.sisinternational.com\/pt\/wp-json\/wp\/v2\/pages\/27176"}],"wp:featuredmedia":[{"embeddable":true,"href":"https:\/\/www.sisinternational.com\/pt\/wp-json\/wp\/v2\/media\/64906"}],"wp:attachment":[{"href":"https:\/\/www.sisinternational.com\/pt\/wp-json\/wp\/v2\/media?parent=53737"}],"curies":[{"name":"wp","href":"https:\/\/api.w.org\/{rel}","templated":true}]}}