{"id":53736,"date":"2024-10-15T23:59:35","date_gmt":"2024-10-16T03:59:35","guid":{"rendered":"https:\/\/www.sisinternational.com\/?page_id=53736"},"modified":"2026-01-26T18:39:31","modified_gmt":"2026-01-26T23:39:31","slug":"vantagem-de-nyc-como-um-mercado-de-teste-para-viagens","status":"publish","type":"page","link":"https:\/\/www.sisinternational.com\/pt\/pericia\/viagem-de-turismo\/vantagem-de-nyc-como-um-mercado-de-teste-para-viagens\/","title":{"rendered":"A vantagem estrat\u00e9gica de usar NYC como um mercado de teste para viagens e turismo"},"content":{"rendered":"<h1 class=\"wp-block-heading\">A vantagem estrat\u00e9gica de usar NYC como um mercado de teste para viagens e turismo<\/h1>\n\n\n\n<figure class=\"gb-block-image gb-block-image-c85d84e9\"><img decoding=\"async\" class=\"gb-image gb-image-c85d84e9\" src=\"https:\/\/www.sisinternational.com\/wp-content\/uploads\/2025\/09\/New-York-11.jpg\" alt=\"Pesquisa e Estrat\u00e9gia de Mercado Internacional da SIS\" title=\"New York (11)\"><\/figure>\n\n\n\n<p><\/p>\n\n\n\n<h3 class=\"wp-block-heading\">A vasta e variada base de consumidores de Nova York permite testes abrangentes para empresas de viagens e turismo, oferecendo dados valiosos sobre o desempenho dos produtos em um ambiente de alto risco e alta visibilidade.<\/h3>\n\n\n\n<p>NYC oferece vantagens inigual\u00e1veis como um mercado de teste para viagens e turismo devido \u00e0s suas caracter\u00edsticas \u00fanicas de mercado e p\u00fablico diverso. Como uma das cidades mais visitadas do mundo, a cidade de Nova York fornece um ambiente din\u00e2mico para testar novos produtos de viagens e turismo, garantindo que eles atendam \u00e0s expectativas de uma ampla e variada demografia.<\/p>\n\n\n\n<h2 class=\"wp-block-heading\">Vantagens de usar NYC como um mercado de teste para viagens e turismo<\/h2>\n\n\n<div class=\"wp-block-image\">\n<figure class=\"aligncenter is-resized\"><img decoding=\"async\" src=\"https:\/\/lh7-rt.googleusercontent.com\/docsz\/AD_4nXdrO__lUoay1eg8wgyObpmd9Ovlk0MkzaU8KA_9CD-7LVN17Esk8ndCYQRk7rGNgqKcVE9vCNhc7NIfm8nzOwvUAAM_VgUq4pWcT3slAij5fwTXVvrD8IoTsQXnhmZCnY2Wtcuquppaem4j4wYFVkFPNXs?key=P1kglV9NJ0lJjHxrPsPqcw\" alt=\"Pesquisa e Estrat\u00e9gia de Mercado Internacional da SIS\" style=\"width:394px;height:auto\"><\/figure>\n<\/div>\n\n\n<p><\/p>\n\n\n\n<p>A diversidade \u00fanica, a inova\u00e7\u00e3o e a influ\u00eancia global de NYC fazem dela um mercado de teste excepcional para empresas de viagens e turismo. Apesar dos desafios de operar em um ambiente t\u00e3o competitivo e din\u00e2mico, as vantagens estrat\u00e9gicas de testar em NYC superam em muito os obst\u00e1culos.<\/p>\n\n\n\n<h3 class=\"wp-block-heading\">1. Demografia e h\u00e1bitos de viagem exclusivos de Nova York<\/h3>\n\n\n\n<p>Nova Iorque <span style=\"box-sizing: border-box; margin: 0px; padding: 0px;\">oferece acesso incompar\u00e1vel a um amplo espectro de dados demogr\u00e1ficos como um mercado de teste para viagens e turismo<\/span>. Com uma popula\u00e7\u00e3o que excede 8 milh\u00f5es, a cidade \u00e9 um caldeir\u00e3o de culturas, etnias e faixas et\u00e1rias. Essa diversidade reflete as tend\u00eancias globais do turismo, tornando-a um lugar ideal para empresas testarem produtos e servi\u00e7os voltados para mercados internacionais.<\/p>\n\n\n\n<p>Al\u00e9m disso, NYC como um mercado de teste para viagens e turismo se beneficia de seu papel como um dos principais destinos globais. Milh\u00f5es de turistas internacionais e nacionais visitam NYC a cada ano, fornecendo \u00e0s empresas um fluxo constante de novos insights. Esses visitantes v\u00eam de diversas origens econ\u00f4micas, variando de viajantes de alto patrim\u00f4nio l\u00edquido que buscam experi\u00eancias de luxo a viajantes com or\u00e7amento limitado que buscam op\u00e7\u00f5es econ\u00f4micas. Como resultado, as empresas podem experimentar v\u00e1rias estrat\u00e9gias de viagens e turismo ao mesmo tempo, adaptando sua abordagem para atender a p\u00fablicos-alvo distintos.<\/p>\n\n\n\n<p>Al\u00e9m disso, os moradores de NYC s\u00e3o um aspecto importante desse mercado de teste. Os nova-iorquinos s\u00e3o viajantes frequentes (nacional e internacionalmente) para neg\u00f3cios e lazer, tornando NYC uma cidade onde as prefer\u00eancias globais de viagem convergem.&nbsp;<\/p>\n\n\n\n<h3 class=\"wp-block-heading\">2. Acesso aos principais segmentos de consumidores em NYC<\/h3>\n\n\n\n<p>NYC \u00e9 um microcosmo de quase todos os grupos demogr\u00e1ficos alvo na ind\u00fastria de viagens. Para empresas que buscam refinar suas ofertas de viagens, a mistura concentrada de consumidores de NYC fornece uma vantagem estrat\u00e9gica na captura de um amplo espectro de prefer\u00eancias em um local. Ela permite que as marcas explorem sua vasta popula\u00e7\u00e3o de profissionais, turistas, estudantes e fam\u00edlias.&nbsp;<\/p>\n\n\n\n<p>Simultaneamente, Nova York \u00e9 um destino privilegiado para viajantes de lazer, de aventureiros solo a fam\u00edlias em f\u00e9rias. Isso torna poss\u00edvel para as empresas de viagens testar tudo, desde op\u00e7\u00f5es de hospedagem econ\u00f4micas at\u00e9 atra\u00e7\u00f5es voltadas para a fam\u00edlia. A cidade tamb\u00e9m atrai muitos estudantes, fornecendo \u00e0s empresas acesso a um segmento mais jovem e conhecedor de tecnologia que depende muito de aplicativos m\u00f3veis e plataformas digitais para planejar suas viagens.&nbsp;<\/p>\n\n\n\n<p>Furthermore, New York&#8217;s international airports and robust transportation infrastructure facilitate the arrival of many international tourists. NYC as a test market for travel and tourism allows companies to interact with consumers from all over the world, gaining real-time feedback on global travel preferences. This direct access to international visitors helps businesses refine their global <a href=\"https:\/\/www.sisinternational.com\/pt\/marketing-direto\/\" title=\"O que \u00e9 marketing direto?\"  data-wpil-monitor-id=\"6994\">Estrat\u00e9gias de marketing<\/a> and understand how different nationalities respond to their products and services.<\/p>\n\n\n\n<h3 class=\"wp-block-heading\">3. Infraestrutura e inova\u00e7\u00e3o na ind\u00fastria de viagens e turismo de Nova York<\/h3>\n\n\n\n<figure class=\"gb-block-image gb-block-image-40277d61\"><img loading=\"lazy\" decoding=\"async\" width=\"1456\" height=\"816\" class=\"gb-image gb-image-40277d61\" src=\"https:\/\/www.sisinternational.com\/wp-content\/uploads\/2025\/08\/new-York-4.jpg\" alt=\"Pesquisa e Estrat\u00e9gia de Mercado Internacional da SIS\" title=\"new York (4)\" srcset=\"https:\/\/www.sisinternational.com\/wp-content\/uploads\/2025\/08\/new-York-4.jpg 1456w, https:\/\/www.sisinternational.com\/wp-content\/uploads\/2025\/08\/new-York-4-300x168.jpg 300w, https:\/\/www.sisinternational.com\/wp-content\/uploads\/2025\/08\/new-York-4-1024x574.jpg 1024w, https:\/\/www.sisinternational.com\/wp-content\/uploads\/2025\/08\/new-York-4-768x430.jpg 768w, https:\/\/www.sisinternational.com\/wp-content\/uploads\/2025\/08\/new-York-4-18x10.jpg 18w\" sizes=\"auto, (max-width: 1456px) 100vw, 1456px\"><\/figure>\n\n\n\n<p><\/p>\n\n\n\n<p>Com tr\u00eas grandes aeroportos internacionais \u2014 JFK, LaGuardia e Newark \u2014 NYC \u00e9 um ponto de entrada cr\u00edtico para milh\u00f5es de viajantes em todo o mundo. Esses aeroportos lidam com mais de 100 milh\u00f5es de passageiros anualmente, oferecendo \u00e0s empresas uma oportunidade \u00fanica de estudar os comportamentos, prefer\u00eancias e pontos problem\u00e1ticos dos viajantes desde a chegada. O sistema de transporte bem conectado de NYC, incluindo seu metr\u00f4, \u00f4nibus e balsas, garante que os visitantes possam navegar facilmente pela cidade, tornando-a um ambiente ideal para testar servi\u00e7os de viagem e transporte.<\/p>\n\n\n\n<p>Al\u00e9m disso, NYC, como um mercado de teste para viagens e turismo, se beneficia dos investimentos cont\u00ednuos da cidade em tecnologias de cidades inteligentes. Solu\u00e7\u00f5es inovadoras, como pagamentos sem contato, aplicativos de turismo inteligentes e sistemas de atendimento ao cliente baseados em IA, est\u00e3o cada vez mais incorporados \u00e0 experi\u00eancia de viagem. Isso fornece \u00e0s empresas um ambiente voltado para o futuro para testar tecnologias de ponta para aprimorar as experi\u00eancias do cliente. Por exemplo, as empresas podem testar servi\u00e7os de check-in automatizados, atualiza\u00e7\u00f5es de viagens em tempo real e itiner\u00e1rios de viagens personalizados, reunindo dados inestim\u00e1veis de uma das bases de consumidores mais experientes em tecnologia e exigentes do mundo.<\/p>\n\n\n\n<p>O setor de hospitalidade da cidade \u00e9 igualmente avan\u00e7ado, apresentando uma ampla variedade de acomoda\u00e7\u00f5es que atendem a todos os tipos de viajantes. De hot\u00e9is de luxo em Manhattan a op\u00e7\u00f5es econ\u00f4micas no Brooklyn, NYC como um mercado de teste para viagens e turismo permite que as empresas experimentem estrat\u00e9gias de pre\u00e7os, ofertas de servi\u00e7os e campanhas de marketing. As empresas de hospitalidade podem testar o impacto de programas de fidelidade, iniciativas ecologicamente corretas e experi\u00eancias de reserva mobile-first em seus p\u00fablicos-alvo.<\/p>\n\n\n\n<h3 class=\"wp-block-heading\">4. Acesso a consumidores com altos gastos<\/h3>\n\n\n\n<p>Os testes em NYC d\u00e3o \u00e0s empresas acesso direto a esse grupo demogr\u00e1fico financeiramente capaz, permitindo que elas avaliem como seus produtos e servi\u00e7os de ponta repercutem entre os consumidores que gastam mais em experi\u00eancias premium. Isso inclui avaliar as respostas dos consumidores a hot\u00e9is de luxo, op\u00e7\u00f5es de restaurantes finos, pacotes de viagem premium e atra\u00e7\u00f5es exclusivas.<\/p>\n\n\n\n<p>Al\u00e9m disso, os insights dos testes com consumidores de alto gasto em NYC podem informar estrat\u00e9gias de mercado mais amplas. Por exemplo, entender as prefer\u00eancias e os padr\u00f5es de gastos dos moradores ricos de NYC pode ajudar as empresas a projetar campanhas de marketing direcionadas e estrat\u00e9gias promocionais que atendam aos consumidores de alta renda em outras grandes cidades do mundo.<\/p>\n\n\n\n<h2 class=\"wp-block-heading\">Desafios e oportunidades de NYC como um mercado de teste para viagens e turismo<\/h2>\n\n\n\n<figure class=\"gb-block-image gb-block-image-f85d4c3f\"><img decoding=\"async\" class=\"gb-image gb-image-f85d4c3f\" src=\"https:\/\/www.sisinternational.com\/wp-content\/uploads\/2025\/08\/new-York-5.jpg\" alt=\"Pesquisa e Estrat\u00e9gia de Mercado Internacional da SIS\" title=\"new York (5)\"><\/figure>\n\n\n\n<p><\/p>\n\n\n\n<p>Embora Nova York ofere\u00e7a in\u00fameras vantagens como mercado de teste para viagens e turismo, as empresas devem estar cientes dos desafios e oportunidades ao testar suas campanhas na cidade.<\/p>\n\n\n\n<h4 class=\"wp-block-heading\"><strong>Desafios:<\/strong><\/h4>\n\n\n\n<ul class=\"wp-block-list\">\n<li><strong>Alta competi\u00e7\u00e3o<\/strong>: Nova Iorque <a href=\"https:\/\/www.statista.com\/outlook\/mmo\/travel-tourism\/worldwide\" target=\"_blank\" rel=\"noopener\">mercado de viagens e turismo<\/a> \u00e9 altamente saturado, com in\u00fameras marcas competindo pela aten\u00e7\u00e3o do consumidor. Isso dificulta que novos produtos ou servi\u00e7os se destaquem.<\/li>\n\n\n\n<li><strong>Fadiga do consumidor<\/strong>: Com um fluxo constante de novas ofertas, os consumidores podem ficar sobrecarregados ou hesitantes em experimentar marcas desconhecidas em um ambiente t\u00e3o competitivo.<\/li>\n\n\n\n<li><strong>Altos custos operacionais<\/strong>: O custo de fazer neg\u00f3cios em NYC \u00e9 significativamente mais alto do que em muitas outras cidades, incluindo im\u00f3veis, marketing e despesas operacionais. Isso pode ser particularmente desafiador para empresas menores.<\/li>\n\n\n\n<li><strong>Expectativas elevadas do consumidor<\/strong>: Turistas e moradores locais em NYC esperam um servi\u00e7o premium, mesmo de marcas de baixo custo. Isso pode aumentar o custo de entrega de produtos e servi\u00e7os para atender a esses altos padr\u00f5es.<\/li>\n\n\n\n<li><strong>Tend\u00eancias em r\u00e1pida mudan\u00e7a<\/strong>: O ambiente acelerado de NYC significa que as prefer\u00eancias do consumidor mudam rapidamente, e o que funciona em uma esta\u00e7\u00e3o pode n\u00e3o ser eficaz na pr\u00f3xima. Isso exige que as empresas evoluam constantemente suas estrat\u00e9gias.<br><\/li>\n<\/ul>\n\n\n\n<h4 class=\"wp-block-heading\"><strong>Oportunidades:<\/strong><\/h4>\n\n\n\n<ul class=\"wp-block-list\">\n<li><strong>Comprovando a comercializa\u00e7\u00e3o em um ambiente competitivo<\/strong>: Destacar-se com sucesso no mercado lotado de NYC demonstra que um neg\u00f3cio pode prosperar em outras regi\u00f5es menos competitivas. Serve como um forte indicador do potencial mais amplo de um produto ou servi\u00e7o.<\/li>\n\n\n\n<li><strong>Efici\u00eancia operacional<\/strong>: Ao gerenciar altos custos e manter a qualidade em NYC, as empresas podem refinar seus modelos de precifica\u00e7\u00e3o e melhorar a efici\u00eancia. Essa otimiza\u00e7\u00e3o pode levar a uma maior lucratividade ao expandir para mercados mais acess\u00edveis.<\/li>\n\n\n\n<li><strong>Melhorando propostas de valor<\/strong>: Devido \u00e0 intensa competi\u00e7\u00e3o, as empresas s\u00e3o pressionadas a aprimorar suas mensagens, melhorar as experi\u00eancias do cliente e inovar estrat\u00e9gias de marketing. Uma campanha bem-sucedida em NYC mostra a capacidade de uma marca de criar uma proposta de valor \u00fanica e atraente.<\/li>\n\n\n\n<li><strong>Agilidade e adaptabilidade<\/strong>: O ritmo r\u00e1pido de mudan\u00e7a de NYC como um mercado de teste para viagens e turismo for\u00e7a as empresas a serem flex\u00edveis e responsivas. Essa capacidade de mudar rapidamente com base no feedback do consumidor aumenta a resili\u00eancia e a relev\u00e2ncia de uma empresa na ind\u00fastria de viagens em constante evolu\u00e7\u00e3o.<\/li>\n\n\n\n<li><strong>Insights de alta qualidade<\/strong>: Testar em NYC fornece acesso a uma base de clientes diversificada e exigente. As empresas podem reunir feedback valioso que ajuda a moldar suas estrat\u00e9gias para mercados locais e globais.<br><\/li>\n<\/ul>\n\n\n\n<h2 class=\"wp-block-heading\">Como a SIS International ajuda as empresas a descobrir as vantagens de Nova York como um mercado de teste para viagens e turismo<\/h2>\n\n\n\n<p>No <a href=\"https:\/\/www.linkedin.com\/company\/sisinternationalresearch\/\" target=\"_blank\" rel=\"noopener\">SIS Internacional<\/a>, entendemos os desafios e oportunidades \u00fanicos de usar NYC como um mercado de teste para viagens e turismo. Nossa expertise e servi\u00e7os abrangentes s\u00e3o projetados para ajudar as empresas a navegar neste ambiente complexo e alavancar suas vantagens para resultados \u00f3timos.<\/p>\n\n\n<p>\n\n\n<\/p>\n<p style=\"padding-left: 40px;\"><strong>Experi\u00eancia em pesquisa de mercado<\/strong>:\u00a0<\/p>\n<p style=\"padding-left: 40px;\">\n\n\n\n<\/p>\n<p style=\"padding-left: 40px;\">Fornecemos pesquisa e an\u00e1lise de mercado aprofundadas, adaptadas ao setor de viagens e turismo de NYC. Nossa equipe conduz estudos detalhados sobre comportamento do consumidor, tend\u00eancias de mercado e din\u00e2mica competitiva para ajudar as empresas a tomar decis\u00f5es informadas.<\/p>\n<p style=\"padding-left: 40px;\">\n\n\n\n<\/p>\n<p style=\"padding-left: 40px;\"><strong>Insights do consumidor<\/strong>:\u00a0<\/p>\n<p style=\"padding-left: 40px;\">\n\n\n\n<\/p>\n<p style=\"padding-left: 40px;\">Por meio de nossas metodologias e ferramentas avan\u00e7adas, reunimos insights valiosos sobre diversos segmentos de consumidores em NYC. Isso inclui analisar prefer\u00eancias, comportamentos e feedback para ajustar produtos e servi\u00e7os que ressoam com segmentos de mercado.<\/p>\n<p style=\"padding-left: 40px;\">\n\n\n\n<\/p>\n<p style=\"padding-left: 40px;\"><strong>Orienta\u00e7\u00e3o Estrat\u00e9gica<\/strong>:\u00a0<\/p>\n<p style=\"padding-left: 40px;\">\n\n\n\n<\/p>\n<p style=\"padding-left: 40px;\">A SIS oferece consultoria estrat\u00e9gica para orientar empresas durante os testes e lan\u00e7amentos de suas ofertas de viagens e turismo em NYC. Ajudamos a desenvolver estrat\u00e9gias eficazes, otimizar esfor\u00e7os de marketing e lidar com quaisquer desafios que possam surgir durante a fase de testes.<\/p>\n<p style=\"padding-left: 40px;\">\n\n\n\n<\/p>\n<p style=\"padding-left: 40px;\"><strong>Solu\u00e7\u00f5es baseadas em dados<\/strong>:\u00a0<\/p>\n<p style=\"padding-left: 40px;\">\n\n\n\n<\/p>\n<p style=\"padding-left: 40px;\">Leveraging our extensive data collection and analysis capabilities, we provide <a href=\"https:\/\/www.sisinternational.com\/pt\/b2b\/\" title=\"Cost-Effective and Actionable Insights to Drive Your Next Strategic Move\" data-wpil-monitor-id=\"1478\">actionable insights that drive<\/a> business decisions. Our data-driven approach ensures businesses can refine their strategies based on real-time feedback and market performance.<\/p>\n<p style=\"padding-left: 40px;\">\n\n\n\n<\/p>\n<p style=\"padding-left: 40px;\"><strong>Relat\u00f3rios personalizados<\/strong>:\u00a0<\/p>\n<p style=\"padding-left: 40px;\">\n\n\n\n<\/p>\n<p style=\"padding-left: 40px;\">Entregamos relat\u00f3rios personalizados destacando as principais descobertas e recomenda\u00e7\u00f5es para o mercado de NYC. Esses relat\u00f3rios fornecem insights claros e acion\u00e1veis que d\u00e3o suporte ao planejamento estrat\u00e9gico e \u00e0 tomada de decis\u00f5es.<\/p>\n<p style=\"padding-left: 40px;\">\n\n\n\n<\/p>\n<p style=\"padding-left: 40px;\"><strong>Experi\u00eancia local<\/strong>:\u00a0<\/p>\n<p style=\"padding-left: 40px;\">\n\n\n\n<\/p>\n<p style=\"padding-left: 40px;\">Com nosso profundo conhecimento do mercado de NYC, oferecemos insights e conex\u00f5es locais valiosos que podem aumentar a efic\u00e1cia dos seus esfor\u00e7os de teste de mercado. Nossa expertise regional garante que as empresas possam navegar com confian\u00e7a nas complexidades do cen\u00e1rio de viagens e turismo de NYC.<\/p>\n<p style=\"padding-left: 120px;\">\n\n\n<\/p>\n\n\n<h2 class=\"wp-block-heading\">Sobre SIS Internacional<\/h2>\n\n\n\n<p><a href=\"https:\/\/www.sisinternational.com\/pt\/\">SIS Internacional<\/a> oferece pesquisa quantitativa, qualitativa e estrat\u00e9gica. Fornecemos dados, ferramentas, estrat\u00e9gias, relat\u00f3rios e insights para a tomada de decis\u00f5es. Tamb\u00e9m realizamos entrevistas, pesquisas, grupos focais e outros m\u00e9todos e abordagens de Pesquisa de Mercado. <a href=\"https:\/\/www.sisinternational.com\/pt\/sobre-a-sis-international-research\/contact-sis-international-market-research\/\">Entre em contato conosco<\/a> para o seu pr\u00f3ximo projeto de pesquisa de mercado.<\/p>","protected":false},"excerpt":{"rendered":"<p>A Vantagem Estrat\u00e9gica de Usar NYC como um Mercado de Teste para Viagens e Turismo A vasta e variada base de consumidores de NYC permite testes abrangentes para neg\u00f3cios de viagens e turismo, oferecendo dados valiosos sobre como os produtos funcionam em um cen\u00e1rio de alto risco e alta visibilidade. NYC oferece vantagens inigual\u00e1veis como um mercado de teste para viagens e turismo devido a \u2026 <a title=\"A vantagem estrat\u00e9gica de usar NYC como um mercado de teste para viagens e turismo\" class=\"read-more\" href=\"https:\/\/www.sisinternational.com\/pt\/pericia\/viagem-de-turismo\/vantagem-de-nyc-como-um-mercado-de-teste-para-viagens\/\" aria-label=\"Read more about The Strategic Advantage of Using NYC as a Test Market for Travel and Tourism\">Leia mais<\/a><\/p>","protected":false},"author":1,"featured_media":0,"parent":14221,"menu_order":1,"comment_status":"closed","ping_status":"closed","template":"","meta":{"_uag_custom_page_level_css":"","footnotes":""},"class_list":["post-53736","page","type-page","status-publish"],"uagb_featured_image_src":{"full":false,"thumbnail":false,"medium":false,"medium_large":false,"large":false,"1536x1536":false,"2048x2048":false,"trp-custom-language-flag":false},"uagb_author_info":{"display_name":"Ruth Stanat","author_link":"https:\/\/www.sisinternational.com\/pt\/author\/expert\/"},"uagb_comment_info":0,"uagb_excerpt":"The Strategic Advantage of Using NYC as a Test Market for Travel and Tourism NYC\u2019s vast and varied consumer base allows for comprehensive testing for travel and tourism businesses, offering valuable data on how products perform in a high-stakes, high-visibility setting. NYC offers unparalleled advantages as a test market for travel and tourism due to&hellip;","_links":{"self":[{"href":"https:\/\/www.sisinternational.com\/pt\/wp-json\/wp\/v2\/pages\/53736","targetHints":{"allow":["GET"]}}],"collection":[{"href":"https:\/\/www.sisinternational.com\/pt\/wp-json\/wp\/v2\/pages"}],"about":[{"href":"https:\/\/www.sisinternational.com\/pt\/wp-json\/wp\/v2\/types\/page"}],"author":[{"embeddable":true,"href":"https:\/\/www.sisinternational.com\/pt\/wp-json\/wp\/v2\/users\/1"}],"replies":[{"embeddable":true,"href":"https:\/\/www.sisinternational.com\/pt\/wp-json\/wp\/v2\/comments?post=53736"}],"version-history":[{"count":5,"href":"https:\/\/www.sisinternational.com\/pt\/wp-json\/wp\/v2\/pages\/53736\/revisions"}],"predecessor-version":[{"id":80561,"href":"https:\/\/www.sisinternational.com\/pt\/wp-json\/wp\/v2\/pages\/53736\/revisions\/80561"}],"up":[{"embeddable":true,"href":"https:\/\/www.sisinternational.com\/pt\/wp-json\/wp\/v2\/pages\/14221"}],"wp:attachment":[{"href":"https:\/\/www.sisinternational.com\/pt\/wp-json\/wp\/v2\/media?parent=53736"}],"curies":[{"name":"wp","href":"https:\/\/api.w.org\/{rel}","templated":true}]}}