{"id":53729,"date":"2024-10-11T23:29:33","date_gmt":"2024-10-12T03:29:33","guid":{"rendered":"https:\/\/www.sisinternational.com\/?page_id=53729"},"modified":"2026-03-13T01:22:37","modified_gmt":"2026-03-13T05:22:37","slug":"testes-de-localizacao-central-vs-grupos-focais","status":"publish","type":"page","link":"https:\/\/www.sisinternational.com\/pt\/central-location-tests-clt-page\/testes-de-localizacao-central-vs-grupos-focais\/","title":{"rendered":"Testes de localiza\u00e7\u00e3o central vs grupos focais"},"content":{"rendered":"<h1 class=\"wp-block-heading\">Testes de localiza\u00e7\u00e3o central vs grupos focais<\/h1>\n\n\n\n<figure class=\"gb-block-image gb-block-image-5142217d\"><img loading=\"lazy\" decoding=\"async\" width=\"1456\" height=\"816\" class=\"gb-image gb-image-5142217d\" src=\"https:\/\/www.sisinternational.com\/wp-content\/uploads\/2025\/08\/Food-taste-testing-3.jpg\" alt=\"Pesquisa e Estrat\u00e9gia de Mercado Internacional da SIS\" title=\"Food taste testing (3)\" srcset=\"https:\/\/www.sisinternational.com\/wp-content\/uploads\/2025\/08\/Food-taste-testing-3.jpg 1456w, https:\/\/www.sisinternational.com\/wp-content\/uploads\/2025\/08\/Food-taste-testing-3-300x168.jpg 300w, https:\/\/www.sisinternational.com\/wp-content\/uploads\/2025\/08\/Food-taste-testing-3-1024x574.jpg 1024w, https:\/\/www.sisinternational.com\/wp-content\/uploads\/2025\/08\/Food-taste-testing-3-768x430.jpg 768w, https:\/\/www.sisinternational.com\/wp-content\/uploads\/2025\/08\/Food-taste-testing-3-18x10.jpg 18w\" sizes=\"auto, (max-width: 1456px) 100vw, 1456px\"><\/figure>\n\n\n\n<p><\/p>\n\n\n\n<h3 class=\"wp-block-heading\">Os testes de localiza\u00e7\u00e3o central s\u00e3o ideais para testes controlados de produtos, enquanto os grupos focais se destacam em descobrir feedback qualitativo aprofundado por meio de discuss\u00f5es. Entender as diferen\u00e7as pode ajudar as empresas a escolher a abordagem certa para reunir os insights mais relevantes do consumidor.<\/h3>\n\n\n\n<p>Pesquisa de mercado \u00e9 essencial para entender as prefer\u00eancias do consumidor, e duas metodologias amplamente usadas neste campo s\u00e3o testes de localiza\u00e7\u00e3o central e grupos focais. Ambas as abordagens oferecem vantagens e insights exclusivos, ajudando as empresas a ajustar seus produtos, estrat\u00e9gias de marketing e engajamento geral do consumidor.&nbsp;<\/p>\n\n\n\n<h2 class=\"gb-headline gb-headline-1f28aba3 gb-headline-text\">Testes de localiza\u00e7\u00e3o central vs grupos focais<\/h2>\n\n\n\n<h3 class=\"wp-block-heading\">O que s\u00e3o testes de localiza\u00e7\u00e3o central?<\/h3>\n\n\n\n<p><strong><a href=\"https:\/\/www.sisinternational.com\/pt\/solucoes\/solucoes-de-pesquisa-quantitativa-qualitativa\/testes-de-locais-centrais-na-cidade-de-nova-york\/\" title=\"Testes de locais centrais na cidade de Nova York: benef\u00edcios para testes de produtos\"  data-wpil-monitor-id=\"1597\">Testes de localiza\u00e7\u00e3o central<\/a><\/strong> (CLTs) s\u00e3o um m\u00e9todo de pesquisa controlado no qual os participantes s\u00e3o convidados a um local espec\u00edfico para avaliar produtos ou servi\u00e7os sob condi\u00e7\u00f5es padronizadas. Normalmente, os CLTs s\u00e3o conduzidos em um ambiente neutro, como uma instala\u00e7\u00e3o de testes, onde vari\u00e1veis como ilumina\u00e7\u00e3o, temperatura e apresenta\u00e7\u00e3o do produto podem ser controladas para garantir resultados consistentes.&nbsp;<\/p>\n\n\n\n<p>Uma vantagem fundamental dos testes de localiza\u00e7\u00e3o central \u00e9 sua capacidade de reunir feedback quantitativo de muitos participantes em um curto espa\u00e7o de tempo. Ao pedir aos participantes que preencham pesquisas ou forne\u00e7am classifica\u00e7\u00f5es imediatamente ap\u00f3s testar um produto, as empresas podem coletar dados estruturados e compar\u00e1veis que se prestam bem \u00e0 an\u00e1lise estat\u00edstica.&nbsp;<\/p>\n\n\n\n<h3 class=\"wp-block-heading\">O que s\u00e3o grupos focais?<\/h3>\n\n\n\n<p><a href=\"https:\/\/www.sisinternational.com\/pt\/solucoes\/grupos-de-foco\/instalacoes-de-grupos-focais-em-nova-york\/\"><strong>Grupos de foco<\/strong><\/a> s\u00e3o um m\u00e9todo de pesquisa qualitativa em que um pequeno grupo de participantes se envolve em discuss\u00f5es guiadas para fornecer insights aprofundados sobre suas opini\u00f5es, prefer\u00eancias e comportamentos em rela\u00e7\u00e3o a um produto ou servi\u00e7o. Diferentemente dos Testes de Localiza\u00e7\u00e3o Central, os grupos focais s\u00e3o projetados para promover conversas abertas, permitindo que os participantes compartilhem seus pensamentos livremente e reajam \u00e0s opini\u00f5es uns dos outros.&nbsp;<\/p>\n\n\n\n<p>Os grupos focais s\u00e3o preciosos quando as empresas querem explorar o \u201cporqu\u00ea\u201d por tr\u00e1s do comportamento do consumidor. Eles s\u00e3o frequentemente usados nos est\u00e1gios iniciais do desenvolvimento do produto para entender as necessidades, atitudes e respostas emocionais do cliente. A natureza interativa dos grupos focais permite explorar t\u00f3picos complexos, como percep\u00e7\u00e3o da marca, usabilidade do produto e processos de tomada de decis\u00e3o do consumidor, que podem n\u00e3o ser facilmente capturados em uma pesquisa quantitativa.&nbsp;<\/p>\n\n\n\n<h2 class=\"wp-block-heading\">Mas\u2026 Quais s\u00e3o as principais diferen\u00e7as entre testes de localiza\u00e7\u00e3o central e grupos focais?<\/h2>\n\n\n\n<figure class=\"gb-block-image gb-block-image-15e32d98\"><img decoding=\"async\" class=\"gb-image gb-image-15e32d98\" src=\"https:\/\/www.sisinternational.com\/wp-content\/uploads\/2015\/06\/focus-groups.jpg\" alt=\"grupos de foco\" title=\"grupos de foco\"\/><\/figure>\n\n\n\n<p><\/p>\n\n\n\n<p>Embora os testes de localiza\u00e7\u00e3o central e os grupos focais sejam ferramentas essenciais para coletar insights do consumidor, eles diferem significativamente em suas metodologias e nos tipos de dados que produzem.<\/p>\n\n\n\n<ul class=\"wp-block-list\">\n<li><strong>Metodologia<\/strong>: Os testes de localiza\u00e7\u00e3o central focam na coleta de dados quantitativos e estruturados. Os participantes avaliam individualmente produtos ou servi\u00e7os sob condi\u00e7\u00f5es controladas por meio de pesquisas ou classifica\u00e7\u00f5es. Em contraste, os grupos focais contam com dados qualitativos, usando discuss\u00f5es abertas para explorar atitudes, motiva\u00e7\u00f5es e respostas emocionais do consumidor. A natureza interativa dos grupos focais permite que os participantes compartilhem e reajam \u00e0s vis\u00f5es uns dos outros, o que pode revelar insights mais profundos.<\/li>\n\n\n\n<li><strong>Tipo de feedback<\/strong>: Os testes de localiza\u00e7\u00e3o central fornecem feedback num\u00e9rico ou estat\u00edstico, tornando-os ideais para compara\u00e7\u00e3o e an\u00e1lise em larga escala. Eles s\u00e3o frequentemente usados quando as empresas precisam de dados objetivos para decidir o desempenho ou a prefer\u00eancia do produto. Os grupos de foco, no entanto, produzem feedback narrativo rico. O objetivo \u00e9 entender as experi\u00eancias, percep\u00e7\u00f5es e racioc\u00ednio do consumidor, o que \u00e9 valioso para refinar mensagens, branding e desenvolvimento de produtos.<\/li>\n\n\n\n<li><strong>Tamanho e formato do grupo<\/strong>: Testes de Localiza\u00e7\u00e3o Central geralmente envolvem v\u00e1rios participantes, \u00e0s vezes centenas, permitindo uma ampla coleta de dados. Grupos focais s\u00e3o menores, geralmente envolvendo de 6 a 12 participantes, tornando-os mais \u00edntimos e prop\u00edcios a discuss\u00f5es aprofundadas. O formato de grupo focal incentiva o di\u00e1logo interativo, enquanto os Testes de Localiza\u00e7\u00e3o Central focam em respostas individuais.<\/li>\n<\/ul>\n\n\n\n<p><\/p>\n\n\n\n<h2 class=\"wp-block-heading has-text-align-center\">Testes de localiza\u00e7\u00e3o central vs grupos focais<\/h2>\n\n\n\n<figure class=\"wp-block-table\"><table class=\"has-fixed-layout\"><tbody><tr><td><strong>Crit\u00e9rios<\/strong><\/td><td><strong>Testes de Localiza\u00e7\u00e3o Central (CLTs)<\/strong><\/td><td><strong>Grupos de foco<\/strong><\/td><\/tr><tr><td><strong>Metodologia<\/strong><\/td><td>Coleta de dados quantitativos e estruturados em ambientes controlados.<\/td><td>Discuss\u00f5es abertas com feedback qualitativo facilitado por um moderador.<\/td><\/tr><tr><td><strong>Tipo de feedback<\/strong><\/td><td>Principalmente quantitativo (pesquisas, classifica\u00e7\u00f5es, etc.).<\/td><td>Qualitativo (opini\u00f5es, emo\u00e7\u00f5es e discuss\u00f5es aprofundadas).<\/td><\/tr><tr><td><strong>Tamanho do grupo<\/strong><\/td><td>Geralmente grande, com muitos participantes para coleta de dados mais ampla.<\/td><td>Pequenos grupos (6 a 12 participantes), com foco em discuss\u00f5es detalhadas.<\/td><\/tr><tr><td><strong>Formatar<\/strong><\/td><td>Avalia\u00e7\u00f5es individuais de produtos, geralmente compara\u00e7\u00f5es lado a lado.<\/td><td>Intera\u00e7\u00e3o em grupo com insights e respostas compartilhadas.<\/td><\/tr><tr><td><strong>Melhor para<\/strong><\/td><td>Medindo o desempenho do produto, prefer\u00eancias e testando itera\u00e7\u00f5es.<\/td><td>Entender as motiva\u00e7\u00f5es, atitudes e respostas emocionais do consumidor.<\/td><\/tr><tr><td><strong>Sa\u00edda de dados<\/strong><\/td><td>Dados estat\u00edsticos adequados para ampla compara\u00e7\u00e3o e an\u00e1lise.<\/td><td>Insights narrativos, explorando o \u201cporqu\u00ea\u201d por tr\u00e1s das escolhas do consumidor.<\/td><\/tr><tr><td><strong>Casos de uso<\/strong><\/td><td>Alimentos, bebidas, bens de consumo; compara\u00e7\u00e3o de varia\u00e7\u00f5es de produtos.<\/td><td>Branding, mensagens, experi\u00eancia do produto; explora\u00e7\u00e3o mais profunda de percep\u00e7\u00f5es.<\/td><\/tr><\/tbody><\/table><\/figure>\n\n\n\n<h2 class=\"wp-block-heading\">Quando usar testes de localiza\u00e7\u00e3o central<\/h2>\n\n\n\n<p>Os CLTs s\u00e3o particularmente eficazes quando as empresas precisam reunir dados quantitativos padronizados de forma r\u00e1pida e eficiente. Eles s\u00e3o ideais para cen\u00e1rios com foco no desempenho do produto ou testes comparativos de m\u00faltiplas variantes sob condi\u00e7\u00f5es controladas. Por exemplo, os CLTs s\u00e3o comumente usados na ind\u00fastria de alimentos e bebidas para testar novos sabores, embalagens ou formula\u00e7\u00f5es de produtos, permitindo que as empresas avaliem com precis\u00e3o as prefer\u00eancias do consumidor.<\/p>\n\n\n\n<p>CLTs tamb\u00e9m s\u00e3o vantajosos quando o custo e a log\u00edstica s\u00e3o preocupa\u00e7\u00f5es. Como envolvem muitos participantes em um \u00fanico local, as empresas podem agilizar a coleta de dados e reduzir o tempo necess\u00e1rio para reunir resultados. Este m\u00e9todo se adapta a ind\u00fastrias como bens de consumo, cuidados pessoais e produtos dom\u00e9sticos, onde os consumidores devem avaliar os produtos f\u00edsicos em primeira m\u00e3o.<\/p>\n\n\n\n<p>Al\u00e9m disso, os CLTs s\u00e3o \u00fateis quando as empresas exigem validade estat\u00edstica em suas descobertas. Ao controlar o ambiente de teste e limitar vari\u00e1veis externas, as empresas podem garantir que os dados coletados sejam confi\u00e1veis e possam ser usados para tomar decis\u00f5es de produtos com confian\u00e7a.&nbsp;<\/p>\n\n\n\n<h2 class=\"wp-block-heading\">Testes de localiza\u00e7\u00e3o central versus grupos focais: quando usar grupos focais<\/h2>\n\n\n\n<figure class=\"gb-block-image gb-block-image-ae1a937a\"><img loading=\"lazy\" decoding=\"async\" width=\"1456\" height=\"816\" class=\"gb-image gb-image-ae1a937a\" src=\"https:\/\/www.sisinternational.com\/wp-content\/uploads\/2025\/09\/Focus-group-4-6.jpg\" alt=\"Pesquisa e Estrat\u00e9gia de Mercado Internacional da SIS\" title=\"Focus group 4 (6)\" srcset=\"https:\/\/www.sisinternational.com\/wp-content\/uploads\/2025\/09\/Focus-group-4-6.jpg 1456w, https:\/\/www.sisinternational.com\/wp-content\/uploads\/2025\/09\/Focus-group-4-6-300x168.jpg 300w, https:\/\/www.sisinternational.com\/wp-content\/uploads\/2025\/09\/Focus-group-4-6-1024x574.jpg 1024w, https:\/\/www.sisinternational.com\/wp-content\/uploads\/2025\/09\/Focus-group-4-6-768x430.jpg 768w, https:\/\/www.sisinternational.com\/wp-content\/uploads\/2025\/09\/Focus-group-4-6-18x10.jpg 18w\" sizes=\"auto, (max-width: 1456px) 100vw, 1456px\"><\/figure>\n\n\n\n<p><\/p>\n\n\n\n<p>Os grupos focais s\u00e3o especiais quando as empresas precisam investigar os aspectos qualitativos do comportamento do consumidor, como atitudes, motiva\u00e7\u00f5es e respostas emocionais. Eles s\u00e3o ideais quando o objetivo \u00e9 explorar as raz\u00f5es por tr\u00e1s das escolhas do consumidor em vez de simplesmente medir as prefer\u00eancias. Este m\u00e9todo \u00e9 frequentemente usado durante os est\u00e1gios iniciais do desenvolvimento do produto, design de campanha de marketing ou quando as empresas precisam entender as percep\u00e7\u00f5es complexas do consumidor sobre sua marca.<\/p>\n\n\n\n<p>Os grupos focais se destacam em situa\u00e7\u00f5es em que a intera\u00e7\u00e3o dos participantes pode levar a insights mais profundos. Por exemplo, os consumidores geralmente t\u00eam prefer\u00eancias diferenciadas influenciadas por seu estilo de vida, valores e experi\u00eancias nos setores de moda, sa\u00fade ou tecnologia. A riqueza dos dados coletados por meio de discuss\u00f5es abertas torna os grupos focais uma ferramenta poderosa para empresas que buscam alinhar seus produtos e comunica\u00e7\u00f5es com os desejos dos consumidores.<\/p>\n\n\n\n<h2 class=\"wp-block-heading\">Combinando testes de localiza\u00e7\u00e3o central e grupos focais\u2026 \u00c9 poss\u00edvel?<\/h2>\n\n\n\n<p>Businesses can often achieve the best results by combining Central Location Tests and focus groups. This hybrid approach allows companies to leverage the strengths of both methodologies, offering a more comprehensive understanding of consumer preferences and behaviors. By conducting Central Location Tests first, businesses can gather quantitative data on product performance and then follow up with <a href=\"https:\/\/www.sisinternational.com\/pt\/solucoes\/grupos-de-foco\/grupos-de-foco-de-nyc-para-testar-produtos-para-idosos\/\" title=\"Aproveitando os grupos de foco de Nova York para testar produtos para idosos \u00a0\"  data-wpil-monitor-id=\"1849\">grupos de foco<\/a> to explore the underlying reasons behind consumers&#8217; choices during the tests.<\/p>\n\n\n\n<p>Por exemplo<span style=\"box-sizing: border-box; margin: 0px; padding: 0px;\">, uma empresa pode conduzir um Teste de Localiza\u00e7\u00e3o Central na ind\u00fastria de alimentos e bebidas&nbsp;<\/span>para identificar qual novo sabor os consumidores preferem. Mais tarde, eles podem hospedar grupos de foco para discutir por que os participantes favoreceram um sabor em detrimento de outro, fornecendo insights sobre prefer\u00eancias de sabor, percep\u00e7\u00f5es de marca ou apelo de embalagem. Essa combina\u00e7\u00e3o permite ampla coleta de dados e an\u00e1lise aprofundada, garantindo que as empresas tomem decis\u00f5es bem informadas.<\/p>\n\n\n\n<h2 class=\"wp-block-heading\">Como a SIS International ajuda as empresas a navegar pelos desafios dos testes de localiza\u00e7\u00e3o central versus grupos de foco<\/h2>\n\n\n\n<p>A SIS International oferece expertise inigual\u00e1vel na condu\u00e7\u00e3o de Testes de Localiza\u00e7\u00e3o Central e grupos de foco, ajudando empresas de v\u00e1rios setores a tomar decis\u00f5es informadas com base em insights abrangentes do consumidor. Com d\u00e9cadas de experi\u00eancia em pesquisa de mercado, a SIS International garante que cada estudo seja adaptado \u00e0s necessidades espec\u00edficas do cliente, seja o foco no desenvolvimento de produtos, branding ou comportamento do consumidor.<\/p>\n\n\n<p>\n\n\n<\/p>\n<p style=\"padding-left: 40px;\"><strong>Solu\u00e7\u00f5es de pesquisa personalizadas<br \/><br \/><\/strong><a href=\"https:\/\/www.linkedin.com\/company\/sisinternationalresearch\/\" target=\"_blank\" rel=\"noopener\">SIS Internacional<\/a> personaliza testes de localiza\u00e7\u00e3o central e grupos focais para atender \u00e0s necessidades espec\u00edficas de cada neg\u00f3cio, garantindo que os insights coletados estejam diretamente alinhados com os objetivos da empresa.<\/p>\n<p style=\"padding-left: 40px;\">\n\n\n\n<\/p>\n<p style=\"padding-left: 40px;\"><strong>Alcance global e padroniza\u00e7\u00e3o<\/strong><strong><br \/><\/strong><strong><br \/><\/strong>Com uma rede global de instala\u00e7\u00f5es de pesquisa, a SIS International permite que as empresas conduzam testes de localiza\u00e7\u00e3o central em diversas regi\u00f5es, garantindo dados consistentes e confi\u00e1veis que podem ser comparados e analisados internacionalmente.<\/p>\n<p style=\"padding-left: 40px;\">\n\n\n\n<\/p>\n<p style=\"padding-left: 40px;\"><strong>Insights abrangentes do consumidor<\/strong><strong><br \/><\/strong><strong><br \/><\/strong>Ao combinar dados quantitativos de testes de localiza\u00e7\u00e3o central com insights qualitativos de grupos focais, a SIS International fornece \u00e0s empresas uma vis\u00e3o hol\u00edstica das prefer\u00eancias, comportamentos e motiva\u00e7\u00f5es dos consumidores, permitindo uma tomada de decis\u00e3o completa.<\/p>\n<p style=\"padding-left: 40px;\">\n\n\n\n<\/p>\n<p style=\"padding-left: 40px;\"><strong>Moderadores qualificados e participantes diversos<\/strong><strong><br \/><\/strong><strong><br \/><\/strong>Os grupos focais da SIS International s\u00e3o liderados por moderadores experientes que facilitam discuss\u00f5es aprofundadas. Sua capacidade de recrutar grupos diversos de participantes garante que as empresas obtenham insights de um amplo espectro de seu mercado-alvo, levando a um feedback mais preciso e representativo.<\/p>\n<p style=\"padding-left: 40px;\">\n\n\n\n<\/p>\n<p style=\"padding-left: 40px;\"><strong>Decis\u00f5es acion\u00e1veis e baseadas em dados<\/strong><strong><br \/><\/strong><strong><br \/><\/strong>A expertise da SIS International em ambas as metodologias permite que as empresas validem suas estrat\u00e9gias de produto, marketing e branding com dados acion\u00e1veis. A combina\u00e7\u00e3o de insights quantitativos e qualitativos fornece \u00e0s empresas a confian\u00e7a para tomar decis\u00f5es informadas que s\u00e3o apoiadas por feedback real do consumidor.<\/p>\n<p style=\"padding-left: 40px;\">\n\n\n\n<\/p>\n<p style=\"padding-left: 40px;\"><strong>Efici\u00eancia e Custo-Efetividade<br \/><br \/><\/strong>A abordagem simplificada da SIS International para conduzir pesquisas ajuda as empresas a reunir insights cr\u00edticos de forma econ\u00f4mica e oportuna. Isso reduz o tempo de lan\u00e7amento de novos produtos no mercado e permite itera\u00e7\u00e3o mais r\u00e1pida em estrat\u00e9gias com base no feedback do consumidor.<\/p>\n<p>\n\n\n<\/p>\n\n\n<h2 class=\"wp-block-heading\">Sobre SIS Internacional<\/h2>\n\n\n\n<p><a href=\"https:\/\/www.sisinternational.com\/pt\/\">SIS Internacional<\/a> oferece pesquisa quantitativa, qualitativa e estrat\u00e9gica. Fornecemos dados, ferramentas, estrat\u00e9gias, relat\u00f3rios e insights para a tomada de decis\u00f5es. Tamb\u00e9m realizamos entrevistas, pesquisas, grupos focais e outros m\u00e9todos e abordagens de Pesquisa de Mercado.<a href=\"https:\/\/www.sisinternational.com\/pt\/sobre-a-sis-international-research\/contact-sis-international-market-research\/\"> Entre em contato conosco<\/a> para o seu pr\u00f3ximo projeto de pesquisa de mercado.<\/p>","protected":false},"excerpt":{"rendered":"<p>Central Location Tests vs Focus Groups Central Location Tests are ideal for controlled product testing, while focus groups excel in uncovering in-depth qualitative feedback through discussions. Understanding the differences can help businesses choose the right approach to gather the most relevant consumer insights. Market research is essential for understanding consumer preferences, and two widely used &#8230; <a title=\"Testes de localiza\u00e7\u00e3o central vs grupos focais\" class=\"read-more\" href=\"https:\/\/www.sisinternational.com\/pt\/central-location-tests-clt-page\/testes-de-localizacao-central-vs-grupos-focais\/\" aria-label=\"Read more about Central Location Tests vs Focus Groups\">Leia mais<\/a><\/p>","protected":false},"author":1,"featured_media":64706,"parent":84538,"menu_order":54,"comment_status":"closed","ping_status":"closed","template":"","meta":{"footnotes":""},"class_list":["post-53729","page","type-page","status-publish","has-post-thumbnail"],"_links":{"self":[{"href":"https:\/\/www.sisinternational.com\/pt\/wp-json\/wp\/v2\/pages\/53729","targetHints":{"allow":["GET"]}}],"collection":[{"href":"https:\/\/www.sisinternational.com\/pt\/wp-json\/wp\/v2\/pages"}],"about":[{"href":"https:\/\/www.sisinternational.com\/pt\/wp-json\/wp\/v2\/types\/page"}],"author":[{"embeddable":true,"href":"https:\/\/www.sisinternational.com\/pt\/wp-json\/wp\/v2\/users\/1"}],"replies":[{"embeddable":true,"href":"https:\/\/www.sisinternational.com\/pt\/wp-json\/wp\/v2\/comments?post=53729"}],"version-history":[{"count":9,"href":"https:\/\/www.sisinternational.com\/pt\/wp-json\/wp\/v2\/pages\/53729\/revisions"}],"predecessor-version":[{"id":76217,"href":"https:\/\/www.sisinternational.com\/pt\/wp-json\/wp\/v2\/pages\/53729\/revisions\/76217"}],"up":[{"embeddable":true,"href":"https:\/\/www.sisinternational.com\/pt\/wp-json\/wp\/v2\/pages\/84538"}],"wp:featuredmedia":[{"embeddable":true,"href":"https:\/\/www.sisinternational.com\/pt\/wp-json\/wp\/v2\/media\/64706"}],"wp:attachment":[{"href":"https:\/\/www.sisinternational.com\/pt\/wp-json\/wp\/v2\/media?parent=53729"}],"curies":[{"name":"wp","href":"https:\/\/api.w.org\/{rel}","templated":true}]}}