{"id":53558,"date":"2024-10-10T23:22:10","date_gmt":"2024-10-11T03:22:10","guid":{"rendered":"https:\/\/www.sisinternational.com\/?page_id=53558"},"modified":"2026-03-12T20:08:05","modified_gmt":"2026-03-13T00:08:05","slug":"pesquisa-de-mercado-de-modelo-de-valor-de-marca-baseado-no-cliente","status":"publish","type":"page","link":"https:\/\/www.sisinternational.com\/pt\/solucoes\/solucoes-de-branding-e-pesquisa-de-clientes\/pesquisa-de-mercado-de-modelo-de-valor-de-marca-baseado-no-cliente\/","title":{"rendered":"Pesquisa de mercado do modelo de valor da marca baseado no cliente"},"content":{"rendered":"<h1 class=\"wp-block-heading\">Pesquisa de mercado do modelo de valor da marca baseado no cliente<\/h1>\n\n\n\n<figure class=\"gb-block-image gb-block-image-18432a91\"><img loading=\"lazy\" decoding=\"async\" width=\"1456\" height=\"816\" class=\"gb-image gb-image-18432a91\" src=\"https:\/\/www.sisinternational.com\/wp-content\/uploads\/2025\/08\/Retail-18.jpg\" alt=\"Pesquisa e Estrat\u00e9gia de Mercado Internacional da SIS\" title=\"Retail (18)\" srcset=\"https:\/\/www.sisinternational.com\/wp-content\/uploads\/2025\/08\/Retail-18.jpg 1456w, https:\/\/www.sisinternational.com\/wp-content\/uploads\/2025\/08\/Retail-18-300x168.jpg 300w, https:\/\/www.sisinternational.com\/wp-content\/uploads\/2025\/08\/Retail-18-1024x574.jpg 1024w, https:\/\/www.sisinternational.com\/wp-content\/uploads\/2025\/08\/Retail-18-768x430.jpg 768w, https:\/\/www.sisinternational.com\/wp-content\/uploads\/2025\/08\/Retail-18-18x10.jpg 18w\" sizes=\"auto, (max-width: 1456px) 100vw, 1456px\"><\/figure>\n\n\n\n<p><\/p>\n\n\n\n<p>Como as marcas podem garantir que realmente ressoem com seus clientes? O sucesso de qualquer marca depende de qu\u00e3o bem ela ressoa com seus clientes \u2013 a pesquisa de mercado do modelo de valor da marca baseado no cliente (CBBE) permite que as empresas entendam os principais fatores que moldam a percep\u00e7\u00e3o e a lealdade da marca. Ao focar nos insights do cliente, o modelo CBBE ajuda as marcas a tomar decis\u00f5es baseadas em dados que aumentam sua vantagem competitiva e impulsionam o sucesso a longo prazo.<\/p>\n\n\n\n<h2 class=\"wp-block-heading\">O que \u00e9 o modelo de valor de marca baseado no cliente?<\/h2>\n\n\n\n<p>The CBBE model <a href=\"https:\/\/www.sisinternational.com\/pt\/monitor-de-marca-de-pneus-nos-alemanha-brasil\/\" title=\"Pesquisa de Marcas de Pneus nos EUA, Alemanha e Brasil\"  data-wpil-monitor-id=\"6612\">market<\/a> research is a framework developed by marketing expert Kevin Keller to assess brand equity from customers&#8217; perspectives. It focuses on understanding how customers perceive a brand, their emotional connections to it, and the brand&#8217;s overall strength in their minds.&nbsp;<\/p>\n\n\n\n<p>O modelo CBBE \u00e9 estruturado em torno de quatro componentes principais: reconhecimento da marca, associa\u00e7\u00f5es \u00e0 marca, qualidade percebida e fidelidade \u00e0 marca. Cada componente \u00e9 crucial para moldar como os clientes veem uma marca e sua disposi\u00e7\u00e3o de se envolver com ela. Por exemplo, o reconhecimento da marca representa o qu\u00e3o familiarizados os consumidores est\u00e3o com a marca, enquanto as associa\u00e7\u00f5es \u00e0 marca se referem aos atributos e valores que os consumidores vinculam \u00e0 marca. A qualidade percebida \u00e9 como os clientes julgam a qualidade dos produtos ou servi\u00e7os da marca, e a fidelidade \u00e0 marca captura o comprometimento dos clientes com a marca.<\/p>\n\n\n\n<h2 class=\"wp-block-heading\">Ent\u00e3o\u2026 O que \u00e9 Pesquisa de Mercado do Modelo de Brand Equity Baseado no Cliente?<\/h2>\n\n\n\n<p>CBBE model market <a href=\"https:\/\/www.sisinternational.com\/pt\/pericia\/industrias\/pesquisa-de-mercado-da-marca\/\" title=\"Pesquisa de mercado da marca\"  data-wpil-monitor-id=\"6746\">pesquisar<\/a> is a systematic approach to understanding how customers perceive and emotionally connect with a brand. It helps businesses measure their brand equity by focusing on four key elements: brand awareness, brand associations, perceived quality, and brand loyalty. Therefore, through effective market research using the CBBE model, companies can better understand what drives consumer behavior. This enables them to craft targeted strategies that resonate deeply with their audience and foster a thriving brand.<\/p>\n\n\n\n<h2 class=\"wp-block-heading\">Por que as empresas precisam de pesquisa de mercado de modelo de valor de marca baseado no cliente?<\/h2>\n\n\n\n<p>Companies face challenges such as increased competition, changing consumer behaviors, and the need to differentiate themselves effectively. CBBE model <a href=\"https:\/\/www.sisinternational.com\/pt\/pericia\/industrias\/pesquisa-de-mercado-de-cabeamento-estruturado\/\" title=\"Pesquisa de mercado de cabeamento estruturado\"  data-wpil-monitor-id=\"5741\">market research provides businesses with a structured<\/a> approach to understanding the emotional and rational factors influencing customer loyalty, brand awareness, and overall brand perception. By leveraging insights from CBBE market research, businesses can identify opportunities to enhance brand loyalty, build stronger customer relationships, and differentiate their brand from competitors.&nbsp;<\/p>\n\n\n\n<p>The CBBE model also helps companies understand customer expectations, allowing them to create targeted marketing strategies that resonate with their audience and foster brand growth. Finally, CBBE model <a href=\"https:\/\/www.sisinternational.com\/pt\/pericia\/industrias\/pesquisa-de-mercado-de-ferramentas-eletricas\/\" title=\"Pesquisa de mercado de ferramentas el\u00e9tricas\"  data-wpil-monitor-id=\"4062\">market research is a powerful<\/a> tool for businesses to strengthen their brand equity and gain a competitive edge.<\/p>\n\n\n\n<h2 class=\"wp-block-heading\">Benef\u00edcios de usar o modelo de valor da marca baseado no cliente Pesquisa de mercado<\/h2>\n\n\n\n<p>Understanding the benefits of CBBE model market research is crucial for companies aiming to <a href=\"https:\/\/www.sisinternational.com\/pt\/criando-uma-marca-global-para-a-china-2\/\" title=\"Construindo Marcas Chinesas\"  data-wpil-monitor-id=\"3649\">build a strong and competitive brand<\/a>. By leveraging the CBBE model, businesses can gain valuable insights into customer perceptions and create targeted strategies that foster brand loyalty, improve marketing efficiency, and drive growth.<\/p>\n\n\n\n<p><\/p>\n\n\n\n<figure class=\"gb-block-image gb-block-image-2b3067f8\"><img loading=\"lazy\" decoding=\"async\" width=\"1024\" height=\"579\" class=\"gb-image gb-image-2b3067f8\" src=\"https:\/\/www.sisinternational.com\/wp-content\/uploads\/2024\/11\/Customer-brand-equity-model-1024x579.png\" alt=\"Pesquisa e Estrat\u00e9gia de Mercado Internacional da SIS\" title=\"Modelo de valor da marca do cliente\" srcset=\"https:\/\/www.sisinternational.com\/wp-content\/uploads\/2024\/11\/Customer-brand-equity-model-1024x579.png 1024w, https:\/\/www.sisinternational.com\/wp-content\/uploads\/2024\/11\/Customer-brand-equity-model-300x170.png 300w, https:\/\/www.sisinternational.com\/wp-content\/uploads\/2024\/11\/Customer-brand-equity-model-768x434.png 768w, https:\/\/www.sisinternational.com\/wp-content\/uploads\/2024\/11\/Customer-brand-equity-model-1536x869.png 1536w, https:\/\/www.sisinternational.com\/wp-content\/uploads\/2024\/11\/Customer-brand-equity-model-2048x1158.png 2048w, https:\/\/www.sisinternational.com\/wp-content\/uploads\/2024\/11\/Customer-brand-equity-model-18x10.png 18w\" sizes=\"auto, (max-width: 1024px) 100vw, 1024px\"><\/figure>\n\n\n\n<p><\/p>\n\n\n\n<ul class=\"wp-block-list\">\n<li><strong>Posicionamento de marca aprimorado<\/strong>: Ele fornece insights sobre as necessidades e prefer\u00eancias dos clientes, permitindo que as empresas desenvolvam estrat\u00e9gias direcionadas que promovam conex\u00f5es mais fortes com seu p\u00fablico.<\/li>\n\n\n\n<li><strong>Aumento da fidelidade \u00e0 marca<\/strong>: Este servi\u00e7o ajuda as empresas a aumentar a fidelidade \u00e0 marca ao entender as percep\u00e7\u00f5es dos clientes e adaptar estrat\u00e9gias para atender \u00e0s suas expectativas.<\/li>\n\n\n\n<li><strong>Maior satisfa\u00e7\u00e3o do cliente<\/strong>: Ao atender de forma mais eficaz \u00e0s necessidades dos clientes, as empresas podem aumentar a satisfa\u00e7\u00e3o geral do cliente, resultando em fidelidade a longo prazo.<\/li>\n\n\n\n<li><strong>Insights acion\u00e1veis<\/strong>: O modelo CBBE fornece insights acion\u00e1veis que ajudam as empresas a identificar \u00e1reas de melhoria e capitalizar os pontos fortes de sua marca.<\/li>\n\n\n\n<li><strong>Vantagem competitiva<\/strong>: Ao compreender os principais impulsionadores do valor da marca, as empresas podem obter uma vantagem competitiva em seu setor e se diferenciar dos concorrentes.<\/li>\n\n\n\n<li><strong>Estrat\u00e9gias de Marketing Eficazes<\/strong>: Permite a cria\u00e7\u00e3o de campanhas de marketing mais eficazes que repercutem profundamente no p\u00fablico-alvo, gerando maior engajamento e convers\u00f5es.<br><\/li>\n<\/ul>\n\n\n<div class=\"gb-container gb-container-938cdc8f\">\n\n<h2 class=\"wp-block-heading\">Quem precisa de pesquisa de mercado sobre modelo de valor de marca baseado no cliente?<\/h2>\n\n<\/div>\n\n\n<figure class=\"gb-block-image gb-block-image-1768847c\"><img loading=\"lazy\" decoding=\"async\" width=\"1456\" height=\"816\" class=\"gb-image gb-image-1768847c\" src=\"https:\/\/www.sisinternational.com\/wp-content\/uploads\/2025\/08\/Retail-26.jpg\" alt=\"Pesquisa e Estrat\u00e9gia de Mercado Internacional da SIS\" title=\"Retail (26)\" srcset=\"https:\/\/www.sisinternational.com\/wp-content\/uploads\/2025\/08\/Retail-26.jpg 1456w, https:\/\/www.sisinternational.com\/wp-content\/uploads\/2025\/08\/Retail-26-300x168.jpg 300w, https:\/\/www.sisinternational.com\/wp-content\/uploads\/2025\/08\/Retail-26-1024x574.jpg 1024w, https:\/\/www.sisinternational.com\/wp-content\/uploads\/2025\/08\/Retail-26-768x430.jpg 768w, https:\/\/www.sisinternational.com\/wp-content\/uploads\/2025\/08\/Retail-26-18x10.jpg 18w\" sizes=\"auto, (max-width: 1456px) 100vw, 1456px\"><\/figure>\n\n\n\n<p><br>A pesquisa de mercado do modelo CBBE \u00e9 essencial para empresas de todos os tamanhos que buscam construir uma conex\u00e3o forte com seus clientes e se diferenciar em um mercado lotado. Este modelo \u00e9 especialmente valioso para empresas que buscam entrar em novos mercados, lan\u00e7ar novos produtos ou melhorar seu posicionamento de marca. Ele ajuda as empresas a entender as percep\u00e7\u00f5es do consumidor, avaliar a fidelidade \u00e0 marca e identificar oportunidades para aumentar o valor da marca. Quer uma empresa esteja tentando se estabelecer em uma nova regi\u00e3o ou fortalecer sua presen\u00e7a no mercado, a pesquisa de mercado do modelo CBBE fornece os insights cr\u00edticos necess\u00e1rios para criar estrat\u00e9gias eficazes que levem \u00e0 entrada bem-sucedida no mercado e ao envolvimento do cliente.<\/p>\n\n\n\n<p>For instance, companies entering a new region can use customer-based brand equity model <a href=\"https:\/\/www.sisinternational.com\/pt\/solucoes\/solucoes-de-pesquisa-quantitativa-qualitativa\/enhancing-product-appeal-through-consumer-choice-modeling\/\" title=\"Consumer Choice Modeling\"  data-wpil-monitor-id=\"1197\">pesquisa de mercado<\/a> to identify key factors that matter to local consumers, ensuring that their brand message aligns with local expectations. Similarly, businesses launching new products can benefit from understanding customer perceptions to effectively position their offerings in the marketplace. Yet, any company aiming to strengthen its <a href=\"https:\/\/www.sisinternational.com\/pt\/fatias-finas-em-marketing-uma-revisao-do-piscar\/\" title=\"Fatiamento fino em marketing: resenha do livro \u201cBlink\u201d\"  data-wpil-monitor-id=\"1619\">brand equity<\/a> and build lasting customer relationships will find significant value in CBBE model market research.&nbsp;<\/p>\n\n\n\n<h2 class=\"wp-block-heading\">Como funciona a pesquisa de mercado do modelo de valor da marca baseado no cliente<\/h2>\n\n\n\n<p>A pesquisa de mercado do modelo CBBE normalmente envolve uma combina\u00e7\u00e3o de m\u00e9todos quantitativos e qualitativos para reunir insights abrangentes. As principais ferramentas usadas na pesquisa do modelo CBBE incluem pesquisas, grupos focais e an\u00e1lise de sentimentos, todos projetados para capturar como os clientes percebem a marca, suas associa\u00e7\u00f5es e sua lealdade.<\/p>\n\n\n\n<ul class=\"wp-block-list\">\n<li><strong>pesquisas<\/strong>: As pesquisas coletam dados do cliente, fornecendo insights mensur\u00e1veis sobre o conhecimento da marca, qualidade percebida e lealdade. As perguntas s\u00e3o adaptadas para avaliar diferentes aspectos do modelo CBBE, como o qu\u00e3o bem os clientes reconhecem a marca e seu n\u00edvel de satisfa\u00e7\u00e3o com suas ofertas.<\/li>\n\n\n\n<li><strong>Grupos de foco<\/strong>: Os grupos focais fornecem insights qualitativos mais profundos ao envolver os clientes em discuss\u00f5es sobre seus sentimentos em rela\u00e7\u00e3o \u00e0 marca. Essas sess\u00f5es ajudam a descobrir conex\u00f5es emocionais, associa\u00e7\u00f5es e percep\u00e7\u00f5es que podem n\u00e3o ser evidentes apenas a partir de dados de pesquisa.<\/li>\n\n\n\n<li><strong>An\u00e1lise de Sentimentos<\/strong>: A an\u00e1lise de sentimentos, geralmente feita por meio de monitoramento de m\u00eddia social e an\u00e1lise de revis\u00e3o, ajuda as empresas a entender as emo\u00e7\u00f5es e sentimentos dos clientes sobre a marca online. Esta ferramenta fornece uma vis\u00e3o em tempo real das percep\u00e7\u00f5es do cliente e ajuda a identificar associa\u00e7\u00f5es positivas e negativas da marca.<br><\/li>\n<\/ul>\n\n\n\n<h2 class=\"wp-block-heading\">Drivers de mercado<\/h2>\n\n\n\n<figure class=\"gb-block-image gb-block-image-9752bcdf\"><img loading=\"lazy\" decoding=\"async\" width=\"1456\" height=\"816\" class=\"gb-image gb-image-9752bcdf\" src=\"https:\/\/www.sisinternational.com\/wp-content\/uploads\/2025\/09\/Research-2.jpg\" alt=\"Pesquisa e Estrat\u00e9gia de Mercado Internacional da SIS\" title=\"Research (2)\" srcset=\"https:\/\/www.sisinternational.com\/wp-content\/uploads\/2025\/09\/Research-2.jpg 1456w, https:\/\/www.sisinternational.com\/wp-content\/uploads\/2025\/09\/Research-2-300x168.jpg 300w, https:\/\/www.sisinternational.com\/wp-content\/uploads\/2025\/09\/Research-2-1024x574.jpg 1024w, https:\/\/www.sisinternational.com\/wp-content\/uploads\/2025\/09\/Research-2-768x430.jpg 768w, https:\/\/www.sisinternational.com\/wp-content\/uploads\/2025\/09\/Research-2-18x10.jpg 18w\" sizes=\"auto, (max-width: 1456px) 100vw, 1456px\"><\/figure>\n\n\n\n<p><br>One key <a href=\"https:\/\/www.sisinternational.com\/pt\/pericia\/industrias\/pesquisa-de-mercado-de-iluminacao-automotiva\/quao-importante-e-o-adas-para-motoristas-de-automoveis\/\" title=\"Qual a import\u00e2ncia dos ADAS para motoristas de autom\u00f3veis\"  data-wpil-monitor-id=\"1878\">driver is the growing importance<\/a> of customer-centric strategies in today&#8217;s competitive market. Companies must understand what their customers want and value to create meaningful connections. Another significant driver is the need for differentiation\u2014brands need to stand out from their competition, and CBBE model market research provides the insights required to craft unique brand messages.&nbsp;<\/p>\n\n\n\n<p>Por fim, o foco crescente em conex\u00f5es emocionais na tomada de decis\u00e3o do consumidor \u00e9 um poderoso impulsionador. Marcas que exploram com sucesso os aspectos emocionais dos relacionamentos com clientes t\u00eam mais probabilidade de promover a lealdade e criar valor de longo prazo.&nbsp;<\/p>\n\n\n\n<h2 class=\"wp-block-heading\">Restri\u00e7\u00f5es de mercado<\/h2>\n\n\n\n<p>Embora a pesquisa de mercado do modelo CBBE ofere\u00e7a in\u00fameras vantagens, ela tamb\u00e9m tem certos desafios ou restri\u00e7\u00f5es. Uma das principais restri\u00e7\u00f5es \u00e9 o custo. A realiza\u00e7\u00e3o de uma pesquisa de mercado abrangente do modelo CBBE exige um investimento financeiro significativo, o que pode ser uma barreira para empresas menores.&nbsp;<\/p>\n\n\n\n<p>Another major restraint is data privacy. With the increasing focus on consumer privacy and data protection regulations, companies must be careful in gathering and handling customer information for customer-based <a href=\"https:\/\/www.sisinternational.com\/pt\/o-que-sao-relacoes-publicas\/\" title=\"Rela\u00e7\u00f5es P\u00fablicas e Pesquisa de Mercado\"  data-wpil-monitor-id=\"2246\">brand equity model market research<\/a>. Additionally, there is the need for expertise required for nuanced analysis\u2014interpreting the insights from CBBE research requires a deep understanding of both the brand and consumer behavior, which can be resource-intensive.&nbsp;<\/p>\n\n\n\n<h2 class=\"wp-block-heading\">Como a pesquisa de mercado da SIS International sobre valor da marca com base no cliente ajuda as empresas&nbsp;<\/h2>\n\n\n\n<p><a href=\"https:\/\/www.linkedin.com\/company\/sisinternationalresearch\/\" target=\"_blank\" rel=\"noopener\">SIS Internacional<\/a> fornece modelo CBBE abrangente <a href=\"https:\/\/www.linkedin.com\/pulse\/how-market-research-enables-growth-ruth-stanat-phekf\/\" target=\"_blank\" rel=\"noopener\">pesquisa de mercado<\/a> servi\u00e7os, ajudando empresas a entender e melhorar seu valor de marca.<\/p>\n\n\n\n<ul class=\"wp-block-list\">\n<li><strong>Planejamento Estrat\u00e9gico Aprimorado:<\/strong> Com os insights da pesquisa de mercado do modelo CBBE, as empresas podem refinar suas estrat\u00e9gias para se alinharem \u00e0s necessidades e expectativas dos clientes.<\/li>\n\n\n\n<li><strong>Aumento da receita:<\/strong> Entender as percep\u00e7\u00f5es dos clientes permite que as empresas desenvolvam produtos e campanhas de marketing que gerem impacto, resultando em aumento nas vendas.<\/li>\n\n\n\n<li><strong>Redu\u00e7\u00e3o de risco:<\/strong> Identificar fraquezas na percep\u00e7\u00e3o da marca precocemente ajuda a mitigar riscos antes que eles afetem os resultados financeiros.<\/li>\n\n\n\n<li><a href=\"https:\/\/www.sisinternational.com\/pt\/pericia\/industrias\/pesquisa-de-mercado-de-loja-de-ferragens\/\" title=\"Pesquisa de mercado de lojas de ferragens e melhorias residenciais\" data-wpil-monitor-id=\"7063\">Improved Marketing Efficiency: CBBE model market research<\/a> provides targeted insights, enabling businesses to focus their marketing efforts where they will have the greatest impact and increase efficiency.<\/li>\n\n\n\n<li><strong>Crescimento Acelerado e Inova\u00e7\u00e3o:<\/strong> Ao entender as necessidades dos clientes, as empresas podem inovar de forma mais eficaz e impulsionar o crescimento.<\/li>\n\n\n\n<li><strong>ROI aumentado:<\/strong> Investing in CBBE model market research leads to better decision-making and higher returns on marketing investments. Work together to provide Customer-based <a href=\"https:\/\/www.sisinternational.com\/pt\/garantindo-que-os-clientes-se-lembrem-de-sua-mensagem\/\" title=\"Pesquisa de mercado de ativa\u00e7\u00e3o de marca\" data-wpil-monitor-id=\"2267\">brand equity model market research<\/a>.<br><\/li>\n<\/ul>\n\n\n\n<h2 class=\"wp-block-heading\">Sobre SIS Internacional<\/h2>\n\n\n\n<p><a href=\"https:\/\/www.sisinternational.com\/pt\/\">SIS Internacional<\/a> oferece pesquisa quantitativa, qualitativa e estrat\u00e9gica. Fornecemos dados, ferramentas, estrat\u00e9gias, relat\u00f3rios e insights para a tomada de decis\u00f5es. Tamb\u00e9m realizamos entrevistas, pesquisas, grupos focais e outros m\u00e9todos e abordagens de Pesquisa de Mercado. <a href=\"https:\/\/www.sisinternational.com\/pt\/sobre-a-sis-international-research\/contact-sis-international-market-research\/\">Entre em contato conosco<\/a> para o seu pr\u00f3ximo projeto de pesquisa de mercado.<\/p>","protected":false},"excerpt":{"rendered":"<p>Customer-Based Brand Equity Model Market Research How can brands ensure they truly resonate with their customers? The success of any brand hinges on how well it resonates with its customers \u2013 customer-based brand equity (CBBE) model market research enables companies to understand the key factors that shape brand perception and loyalty. By focusing on customer &#8230; <a title=\"Pesquisa de mercado do modelo de valor da marca baseado no cliente\" class=\"read-more\" href=\"https:\/\/www.sisinternational.com\/pt\/solucoes\/solucoes-de-branding-e-pesquisa-de-clientes\/pesquisa-de-mercado-de-modelo-de-valor-de-marca-baseado-no-cliente\/\" aria-label=\"Read more about Customer-Based Brand Equity Model Market Research\">Leia mais<\/a><\/p>","protected":false},"author":1,"featured_media":62493,"parent":14650,"menu_order":470,"comment_status":"closed","ping_status":"closed","template":"","meta":{"footnotes":""},"class_list":["post-53558","page","type-page","status-publish","has-post-thumbnail"],"_links":{"self":[{"href":"https:\/\/www.sisinternational.com\/pt\/wp-json\/wp\/v2\/pages\/53558","targetHints":{"allow":["GET"]}}],"collection":[{"href":"https:\/\/www.sisinternational.com\/pt\/wp-json\/wp\/v2\/pages"}],"about":[{"href":"https:\/\/www.sisinternational.com\/pt\/wp-json\/wp\/v2\/types\/page"}],"author":[{"embeddable":true,"href":"https:\/\/www.sisinternational.com\/pt\/wp-json\/wp\/v2\/users\/1"}],"replies":[{"embeddable":true,"href":"https:\/\/www.sisinternational.com\/pt\/wp-json\/wp\/v2\/comments?post=53558"}],"version-history":[{"count":16,"href":"https:\/\/www.sisinternational.com\/pt\/wp-json\/wp\/v2\/pages\/53558\/revisions"}],"predecessor-version":[{"id":80627,"href":"https:\/\/www.sisinternational.com\/pt\/wp-json\/wp\/v2\/pages\/53558\/revisions\/80627"}],"up":[{"embeddable":true,"href":"https:\/\/www.sisinternational.com\/pt\/wp-json\/wp\/v2\/pages\/14650"}],"wp:featuredmedia":[{"embeddable":true,"href":"https:\/\/www.sisinternational.com\/pt\/wp-json\/wp\/v2\/media\/62493"}],"wp:attachment":[{"href":"https:\/\/www.sisinternational.com\/pt\/wp-json\/wp\/v2\/media?parent=53558"}],"curies":[{"name":"wp","href":"https:\/\/api.w.org\/{rel}","templated":true}]}}