{"id":48149,"date":"2024-05-08T14:36:46","date_gmt":"2024-05-08T18:36:46","guid":{"rendered":"https:\/\/www.sisinternational.com\/?page_id=48149"},"modified":"2026-01-27T16:52:20","modified_gmt":"2026-01-27T21:52:20","slug":"consultoria-em-turismo-cultural","status":"publish","type":"page","link":"https:\/\/www.sisinternational.com\/pt\/solucoes\/consultoria-em-hotelaria-e-turismo-em-viagens\/consultoria-em-turismo-cultural\/","title":{"rendered":"Consultoria em Turismo Cultural"},"content":{"rendered":"<h1 class=\"wp-block-heading\">Consultoria em Turismo Cultural<\/h1>\n\n\n\n<figure class=\"gb-block-image gb-block-image-1a2903d6\"><img loading=\"lazy\" decoding=\"async\" width=\"1456\" height=\"816\" class=\"gb-image gb-image-1a2903d6\" src=\"https:\/\/www.sisinternational.com\/wp-content\/uploads\/2025\/08\/Tourism-15.jpg\" alt=\"Pesquisa e Estrat\u00e9gia de Mercado Internacional da SIS\" title=\"Tourism (15)\" srcset=\"https:\/\/www.sisinternational.com\/wp-content\/uploads\/2025\/08\/Tourism-15.jpg 1456w, https:\/\/www.sisinternational.com\/wp-content\/uploads\/2025\/08\/Tourism-15-300x168.jpg 300w, https:\/\/www.sisinternational.com\/wp-content\/uploads\/2025\/08\/Tourism-15-1024x574.jpg 1024w, https:\/\/www.sisinternational.com\/wp-content\/uploads\/2025\/08\/Tourism-15-768x430.jpg 768w, https:\/\/www.sisinternational.com\/wp-content\/uploads\/2025\/08\/Tourism-15-18x10.jpg 18w\" sizes=\"auto, (max-width: 1456px) 100vw, 1456px\"><\/figure>\n\n\n\n<hr class=\"wp-block-separator has-alpha-channel-opacity is-style-dots\"\/>\n\n\n\n<p>Num mundo saturado de op\u00e7\u00f5es de viagens, o turismo cultural destaca-se pela sua autenticidade. Permite aos viajantes mergulhar na rica tape\u00e7aria da heran\u00e7a e express\u00e3o humana. Mas como pode a consultoria em turismo cultural iluminar o caminho a seguir para as empresas que procuram prosperar neste setor vibrante? A consultoria em turismo cultural pode ser a resposta.<\/p>\n\n\n\n<h2 class=\"wp-block-heading\">O que \u00e9 Consultoria de Turismo Cultural?<\/h2>\n\n\n\n<p>A consultoria em turismo cultural \u00e9 um servi\u00e7o de consultoria especializado que ajuda empresas e destinos a maximizar o apelo cultural das suas ofertas para atrair turistas. Envolve uma abordagem estrat\u00e9gica para desenvolver e promover experi\u00eancias culturais aut\u00eanticas, imersivas e sustent\u00e1veis.<\/p>\n\n\n\n<p>Os consultores de turismo cultural trabalham em estreita colabora\u00e7\u00e3o com os clientes para identificar bens culturais \u00fanicos, desenvolver estrat\u00e9gias personalizadas para o envolvimento dos visitantes e melhorar a experi\u00eancia tur\u00edstica geral. Al\u00e9m disso, a consultoria em turismo cultural alinha os objetivos das empresas e dos destinos com os interesses dos turistas, ajudando a desbloquear todo o potencial dos bens culturais para impulsionar o crescimento econ\u00f3mico e promover a compreens\u00e3o cultural.<\/p>\n\n\n\n<h2 class=\"wp-block-heading\">Por que as empresas precisam de consultoria em turismo cultural?<\/h2>\n\n\n\n<p class=\"p2\">Cultural <a href=\"https:\/\/www.sisinternational.com\/pt\/solucoes\/consultoria-em-hotelaria-e-turismo-em-viagens\/consultoria-em-desenvolvimento-turistico\/\" title=\"Consultoria em Desenvolvimento Tur\u00edstico\"  data-wpil-monitor-id=\"3792\">tourism consulting helps businesses develop<\/a> strategic plans to leverage their cultural assets and attract tourists.<b> <\/b>Os consultores fornecem informa\u00e7\u00f5es valiosas do mercado, ajudando as empresas a compreender as prefer\u00eancias e o comportamento dos turistas.<\/p>\n\n\n\n<p class=\"p2\">Al\u00e9m disso,<b> <\/b>a consultoria em turismo cultural auxilia no desenvolvimento de produtos e experi\u00eancias tur\u00edsticas culturalmente aut\u00eanticas e atraentes. Ao aproveitar eficazmente os recursos culturais, as empresas podem diferenciar-se dos concorrentes e atrair mais visitantes.<\/p>\n\n\n\n<p class=\"p2\">Promove tamb\u00e9m pr\u00e1ticas tur\u00edsticas sustent\u00e1veis, preservando os bens culturais para as gera\u00e7\u00f5es futuras. No entanto, a consultoria em turismo cultural oferece alguns outros benef\u00edcios para as empresas, incluindo:<\/p>\n\n\n\n<ul class=\"wp-block-list\">\n<li><b>Experi\u00eancia aprimorada do visitante<\/b>: Os consultores ajudam a criar experi\u00eancias culturais aut\u00eanticas e envolventes que repercutem nos turistas.<\/li>\n\n\n\n<li><b>Aumento da receita<\/b>: As empresas podem aumentar as receitas e o crescimento econ\u00f3mico atraindo mais visitantes.<\/li>\n\n\n\n<li><b>Preserva\u00e7\u00e3o do Patrim\u00f4nio Cultural<\/b>: Os consultores promovem o uso sustent\u00e1vel dos bens culturais, garantindo a sua preserva\u00e7\u00e3o para as gera\u00e7\u00f5es futuras.<\/li>\n\n\n\n<li><b>Envolvimento da Comunidade<\/b>: Cultural tourism consulting facilitates community involvement in tourism development, fostering a sense of ownership and pride.<\/li>\n\n\n\n<li><b>Reconhecimento Global<\/b>: Estrat\u00e9gias eficazes de turismo cultural podem melhorar a reputa\u00e7\u00e3o de empresas e destinos em todo o mundo.<\/li>\n<\/ul>\n\n\n\n<h2 class=\"wp-block-heading\">Quem recorre \u00e0 consultoria de turismo cultural?<\/h2>\n\n\n\n<p class=\"p2\">A consultoria em turismo cultural \u00e9 utilizada por uma variedade de partes interessadas na ind\u00fastria do turismo, incluindo:<\/p>\n\n\n\n<ul class=\"wp-block-list\">\n<li><b>Empresas de Turismo<\/b>: Hot\u00e9is, resorts, operadores tur\u00edsticos e atra\u00e7\u00f5es que buscam aprimorar sua oferta cultural e atrair mais visitantes.<\/li>\n\n\n\n<li><b>Organiza\u00e7\u00f5es de gerenciamento de destino (DMOs)<\/b>: Os DMOs promovem e gerem destinos tur\u00edsticos que procuram desenvolver estrat\u00e9gias de turismo cultural.<\/li>\n\n\n\n<li><b>Ag\u00eancias governamentais<\/b>: \u00d3rg\u00e3os governamentais respons\u00e1veis pelo desenvolvimento do turismo, que procuram orienta\u00e7\u00e3o especializada na preserva\u00e7\u00e3o do patrim\u00f3nio cultural e no planeamento do turismo.<\/li>\n\n\n\n<li><b>Institui\u00e7\u00f5es Culturais<\/b>: Museus, galerias e centros culturais que procuram aumentar o envolvimento dos visitantes e as receitas atrav\u00e9s do turismo.<\/li>\n<\/ul>\n\n\n\n<h2 class=\"wp-block-heading\">Quando Realizar Consultoria de Turismo Cultural<\/h2>\n\n\n\n<figure class=\"gb-block-image gb-block-image-e54399b5\"><img loading=\"lazy\" decoding=\"async\" width=\"1456\" height=\"816\" class=\"gb-image gb-image-e54399b5\" src=\"https:\/\/www.sisinternational.com\/wp-content\/uploads\/2025\/08\/Ecology-ecotourism-4.jpg\" alt=\"Pesquisa e Estrat\u00e9gia de Mercado Internacional da SIS\" title=\"Ecology ecotourism (4)\" srcset=\"https:\/\/www.sisinternational.com\/wp-content\/uploads\/2025\/08\/Ecology-ecotourism-4.jpg 1456w, https:\/\/www.sisinternational.com\/wp-content\/uploads\/2025\/08\/Ecology-ecotourism-4-300x168.jpg 300w, https:\/\/www.sisinternational.com\/wp-content\/uploads\/2025\/08\/Ecology-ecotourism-4-1024x574.jpg 1024w, https:\/\/www.sisinternational.com\/wp-content\/uploads\/2025\/08\/Ecology-ecotourism-4-768x430.jpg 768w, https:\/\/www.sisinternational.com\/wp-content\/uploads\/2025\/08\/Ecology-ecotourism-4-18x10.jpg 18w\" sizes=\"auto, (max-width: 1456px) 100vw, 1456px\"><\/figure>\n\n\n\n<p><\/p>\n\n\n\n<p class=\"p2\">A consultoria em turismo cultural \u00e9 mais eficaz quando conduzida em fases cruciais do desenvolvimento de um neg\u00f3cio ou destino:<\/p>\n\n\n\n<ul class=\"wp-block-list\">\n<li><b>Pr\u00e9-desenvolvimento<\/b>: Antes de lan\u00e7ar um novo projeto de turismo cultural, os servi\u00e7os de consultoria podem ajudar a avaliar a viabilidade e a desenvolver um plano estrat\u00e9gico.<\/li>\n\n\n\n<li><b>Fase de desenvolvimento<\/b>: Os servi\u00e7os de consultoria podem apoiar o desenvolvimento, garantindo que o projeto esteja alinhado com os objetivos culturais e tur\u00edsticos.<\/li>\n\n\n\n<li><b>P\u00f3s-desenvolvimento<\/b>: Even after a project is completed, <a href=\"https:\/\/www.sisinternational.com\/pt\/solucoes\/pesquisa-de-consultoria-em-estrategia-fintech\/consultoria-em-gerenciamento-de-transacoes-de-servicos-financeiros\/\" title=\"Consultoria em gerenciamento de transa\u00e7\u00f5es de servi\u00e7os financeiros\"  data-wpil-monitor-id=\"10624\">consultando servi\u00e7os<\/a> can provide insights for ongoing management and enhancement of cultural tourism offerings.<\/li>\n<\/ul>\n\n\n\n<h2 class=\"wp-block-heading\">Perguntas a serem feitas antes de realizar consultoria de turismo cultural<\/h2>\n\n\n\n<p class=\"p2\">Antes de se envolverem em consultoria de turismo cultural, as empresas e os destinos devem considerar as seguintes quest\u00f5es:<\/p>\n\n\n\n<ol class=\"wp-block-list\">\n<li>Quais s\u00e3o os nossos bens culturais e como podemos aproveit\u00e1-los para atrair turistas?<\/li>\n\n\n\n<li>Quem s\u00e3o os nossos visitantes-alvo e que experi\u00eancias culturais procuram?<\/li>\n\n\n\n<li>Quais s\u00e3o os desafios e oportunidades do nosso mercado de turismo cultural?<\/li>\n\n\n\n<li>Como podemos garantir que as nossas ofertas de turismo cultural s\u00e3o aut\u00eanticas e respeitam as tradi\u00e7\u00f5es locais?<\/li>\n\n\n\n<li>Que estrat\u00e9gias podemos implementar para maximizar os benef\u00edcios econ\u00f3micos e sociais do turismo cultural para a nossa comunidade?<\/li>\n<\/ol>\n\n\n\n<h2 class=\"wp-block-heading\">Resultados esperados da consultoria de turismo cultural da SIS International<\/h2>\n\n\n\n<p class=\"p2\">Businesses and destinations can expect the following outcomes from engaging SIS International for <a href=\"https:\/\/www.sisinternational.com\/pt\/solucoes\/consultoria-em-hotelaria-e-turismo-em-viagens\/consultoria-em-gestao-de-destinos\/\" title=\"Consultoria em gest\u00e3o de destinos\"  data-wpil-monitor-id=\"7653\">consultoria em turismo cultural<\/a>:<\/p>\n\n\n\n<ul class=\"wp-block-list\">\n<li><b>Plano Estrat\u00e9gico de Turismo Cultural<\/b>: A SIS International desenvolve um plano abrangente adaptado aos bens e objetivos culturais \u00fanicos do cliente, fornecendo um roteiro para o desenvolvimento do turismo sustent\u00e1vel.<\/li>\n\n\n\n<li><b>Experi\u00eancia aprimorada do visitante<\/b>: Ao criar experi\u00eancias culturais imersivas e aut\u00eanticas, o SIS ajuda as empresas a atrair mais visitantes e a aumentar a satisfa\u00e7\u00e3o dos visitantes.<\/li>\n\n\n\n<li><b>Envolvimento da Comunidade<\/b>: Nossa equipe facilita o envolvimento da comunidade no desenvolvimento do turismo cultural, promovendo um sentimento de propriedade e orgulho entre os residentes.<\/li>\n\n\n\n<li><b>Preserva\u00e7\u00e3o do Patrim\u00f4nio Cultural<\/b>: A SIS International ajuda a preservar o patrim\u00f3nio cultural para as gera\u00e7\u00f5es futuras atrav\u00e9s de pr\u00e1ticas de turismo sustent\u00e1vel.<\/li>\n\n\n\n<li><b>Aumento da receita<\/b>: Ao atrair mais visitantes e melhorar a experi\u00eancia tur\u00edstica, o SIS ajuda as empresas e os destinos a aumentar as receitas e o crescimento econ\u00f3mico.<\/li>\n<\/ul>\n\n\n\n<h2 class=\"wp-block-heading\">Principais players no mercado de turismo cultural<\/h2>\n\n\n\n<p class=\"p2\">No mercado do turismo cultural, v\u00e1rios intervenientes importantes contribuem para o desenvolvimento e promo\u00e7\u00e3o de experi\u00eancias culturais:<\/p>\n\n\n\n<ul class=\"wp-block-list\">\n<li><b>Operadores Tur\u00edsticos<\/b>: Os operadores tur\u00edsticos s\u00e3o especializados na cria\u00e7\u00e3o e venda de pacotes de turismo cultural, incluindo visitas guiadas, alojamento e atividades.<\/li>\n\n\n\n<li><b>Organiza\u00e7\u00f5es de marketing de destino (DMOs)<\/b>: Os DMOs promovem o turismo num destino, incluindo as suas atra\u00e7\u00f5es e eventos culturais.<\/li>\n\n\n\n<li><b>Institui\u00e7\u00f5es Culturais<\/b>: Museus, galerias, locais hist\u00f3ricos e centros culturais s\u00e3o fundamentais para atrair turistas, apresentando o patrim\u00f3nio cultural do destino.<\/li>\n\n\n\n<li><b>Ag\u00eancias governamentais<\/b>: Os \u00f3rg\u00e3os governamentais a n\u00edvel local, regional e nacional contribuem frequentemente para o desenvolvimento do turismo cultural atrav\u00e9s de financiamento, desenvolvimento de pol\u00edticas e projetos de infraestruturas.<\/li>\n\n\n\n<li><b>Ind\u00fastria Hoteleira<\/b>: Hot\u00e9is, resorts e outros fornecedores de alojamento atendem aos turistas culturais, oferecendo acomoda\u00e7\u00f5es que refletem a heran\u00e7a cultural do destino.<\/li>\n<\/ul>\n\n\n\n<h2 class=\"wp-block-heading\">Principais Atra\u00e7\u00f5es Tur\u00edsticas do Turismo Cultural<\/h2>\n\n\n\n<p class=\"p2\">O turismo cultural \u00e9 caracterizado por uma rica variedade de atra\u00e7\u00f5es que mostram a heran\u00e7a cultural e a identidade de um destino. Aqui est\u00e3o sete das atra\u00e7\u00f5es tur\u00edsticas mais importantes do turismo cultural:<\/p>\n\n\n\n<ul class=\"wp-block-list\">\n<li><b>Locais hist\u00f3ricos<\/b>: Ru\u00ednas antigas, castelos medievais e edif\u00edcios hist\u00f3ricos vislumbram o passado e a evolu\u00e7\u00e3o cultural de um destino.<\/li>\n\n\n\n<li><b>Museus e Galerias<\/b>: Museus e galerias de arte abrigam artefatos e obras de arte de valor inestim\u00e1vel que refletem a identidade cultural de um destino.<\/li>\n\n\n\n<li><b>Festivais Culturais<\/b>: Festivais que celebram m\u00fasica, dan\u00e7a, comida e tradi\u00e7\u00f5es s\u00e3o atra\u00e7\u00f5es populares para turistas culturais.<\/li>\n\n\n\n<li><b>Apresenta\u00e7\u00f5es Culturais<\/b>: Apresenta\u00e7\u00f5es teatrais, dan\u00e7as tradicionais e concertos musicais proporcionam experi\u00eancias culturais envolventes aos turistas.<\/li>\n\n\n\n<li><b>Mercados Locais<\/b>: Os mercados que vendem artesanato, comida e produtos locais oferecem uma vis\u00e3o da vida di\u00e1ria e das tradi\u00e7\u00f5es de um destino.<\/li>\n\n\n\n<li><b>Experi\u00eancias Culin\u00e1rias<\/b>: A comida \u00e9 parte integrante da cultura e experi\u00eancias culin\u00e1rias, como aulas de culin\u00e1ria e passeios gastron\u00f4micos, s\u00e3o populares entre os turistas culturais.<\/li>\n\n\n\n<li><b>Atra\u00e7\u00f5es Naturais e C\u00eanicas<\/b>: Paisagens naturais e vistas panor\u00e2micas culturalmente significativas, como montanhas sagradas ou marcos naturais, tamb\u00e9m s\u00e3o atra\u00e7\u00f5es importantes para turistas culturais.<\/li>\n<\/ul>\n\n\n\n<h2 class=\"wp-block-heading\">Informa\u00e7\u00f5es regionais<\/h2>\n\n\n\n<p class=\"p2\">Diferentes regi\u00f5es ao redor do mundo oferecem experi\u00eancias \u00fanicas de turismo cultural, cada uma com suas atra\u00e7\u00f5es e atrativos:<\/p>\n\n\n\n<ul class=\"wp-block-list\">\n<li><b>Europa<\/b>: Conhecida pela sua rica hist\u00f3ria, arte e arquitetura, a Europa atrai turistas culturais com marcos ic\u00f4nicos como a Torre Eiffel em Paris, o Coliseu em Roma e a Acr\u00f3pole em Atenas.<\/li>\n\n\n\n<li><b>\u00c1sia<\/b>: <a href=\"https:\/\/www.sisinternational.com\/pt\/como-elaborar-pesquisas-sobre-questoes-culturais-do-japao\/\" title=\"Como elaborar pesquisas para o Jap\u00e3o; Cultura \u00e9 importante!\"  data-wpil-monitor-id=\"10612\">Asia offers diverse cultural<\/a> experiences, from the temples of Angkor Wat in Cambodia to the Great Wall of China and the ancient city of Kyoto in Japan.<\/li>\n\n\n\n<li><b>\u00c1frica<\/b>: A heran\u00e7a cultural de \u00c1frica \u00e9 apresentada nas suas diversas paisagens, vida selvagem e culturas ind\u00edgenas, com atra\u00e7\u00f5es como as pir\u00e2mides do Egito, o Maasai Mara no Qu\u00e9nia e os vibrantes mercados de Marrocos.<\/li>\n\n\n\n<li><b>Am\u00e9ricas<\/b>: Nas Am\u00e9ricas, os turistas culturais podem explorar as antigas ru\u00ednas de Machu Picchu no Peru, a arquitetura colonial de cidades como Cartagena na Col\u00f4mbia e a vibrante cena cultural de cidades como Nova Iorque e Rio de Janeiro.<\/li>\n\n\n\n<li><b>Oce\u00e2nia<\/b>: A Oceania oferece uma mistura \u00fanica de culturas ind\u00edgenas e belezas naturais, com atra\u00e7\u00f5es como a cultura Maori da Nova Zel\u00e2ndia, a cultura abor\u00edgine da Austr\u00e1lia e as paisagens deslumbrantes de Fiji e Taiti.<\/li>\n<\/ul>\n\n\n\n<h2 class=\"wp-block-heading\">Quais s\u00e3o os segmentos de maior crescimento no turismo cultural?<\/h2>\n\n\n\n<p class=\"p2\">V\u00e1rios segmentos do turismo cultural est\u00e3o experimentando um crescimento significativo:<\/p>\n\n\n\n<ul class=\"wp-block-list\">\n<li><b>Turismo Patrimonial<\/b>: Os viajantes est\u00e3o cada vez mais interessados em explorar o seu patrim\u00f3nio ou aprender sobre o patrim\u00f3nio de outros, levando a um aumento do turismo patrimonial.<\/li>\n\n\n\n<li><b>Turismo Culin\u00e1rio<\/b>: A comida desempenha um papel crucial nas experi\u00eancias culturais e o turismo culin\u00e1rio est\u00e1 a crescer \u00e0 medida que os viajantes procuram experi\u00eancias gastron\u00f3micas aut\u00eanticas.<\/li>\n\n\n\n<li><b>Eventos Art\u00edsticos e Culturais<\/b>: Festivais, exposi\u00e7\u00f5es e eventos culturais s\u00e3o atra\u00e7\u00f5es populares para turistas culturais, impulsionando o crescimento deste segmento.<\/li>\n\n\n\n<li><b>Experi\u00eancias Culturais<\/b>: Os viajantes procuram experi\u00eancias imersivas que lhes permitam interagir com as culturas locais, levando ao crescimento em oficinas culturais, estadias em casas de fam\u00edlia e passeios culturais.<\/li>\n\n\n\n<li><b>Turismo Cultural de Aventura<\/b>: Os viajantes combinam cada vez mais experi\u00eancias culturais com atividades de aventura, como trekking, safaris de vida selvagem e caiaque, levando ao crescimento deste segmento.<\/li>\n<\/ul>\n\n\n\n<h2 class=\"wp-block-heading\">Atratividade da Ind\u00fastria: An\u00e1lise SWOT do Mercado de Turismo Cultural<\/h2>\n\n\n\n<p class=\"p2\">Uma an\u00e1lise SWOT do mercado de turismo cultural pode fornecer informa\u00e7\u00f5es valiosas sobre o seu estado atual e perspectivas:<\/p>\n\n\n\n<p class=\"p3\"><strong>For\u00e7as<\/strong><\/p>\n\n\n\n<ul class=\"wp-block-list\">\n<li><b>Rico patrim\u00f4nio cultural<\/b>: O mercado do turismo cultural beneficia de uma gama diversificada de atra\u00e7\u00f5es culturais, incluindo locais hist\u00f3ricos, museus e festivais culturais, que atraem viajantes que procuram experi\u00eancias aut\u00eanticas.<\/li>\n\n\n\n<li><b>Demanda crescente<\/b>: H\u00e1 uma procura crescente de turismo cultural, impulsionada pelo aumento dos rendimentos dispon\u00edveis, pelo desejo de viagens experienciais e por uma aprecia\u00e7\u00e3o crescente pela diversidade cultural.<\/li>\n\n\n\n<li><b>Envolvimento da comunidade local<\/b>: O turismo cultural envolve frequentemente a colabora\u00e7\u00e3o com as comunidades locais, o que proporciona oportunidades econ\u00f3micas e promove o interc\u00e2mbio cultural.<\/li>\n<\/ul>\n\n\n\n<p class=\"p3\"><strong>Fraquezas<\/strong><\/p>\n\n\n\n<ul class=\"wp-block-list\">\n<li><b>Sazonalidade<\/b>: Muitos destinos de turismo cultural sofrem flutua\u00e7\u00f5es sazonais no n\u00famero de visitantes, o que pode dificultar a manuten\u00e7\u00e3o das receitas e do emprego durante todo o ano.<\/li>\n\n\n\n<li><b>Limita\u00e7\u00f5es de infraestrutura<\/b>: Infraestruturas inadequadas, como transportes e alojamento, podem dificultar o desenvolvimento do turismo cultural em determinadas regi\u00f5es.<\/li>\n\n\n\n<li><b>Sensibilidade cultural<\/b>: Equilibrar o desenvolvimento do turismo com a necessidade de preservar o patrim\u00f3nio e as tradi\u00e7\u00f5es culturais pode ser um desafio, conduzindo a potenciais conflitos.<\/li>\n<\/ul>\n\n\n\n<p class=\"p3\"><strong>Oportunidades<\/strong><\/p>\n\n\n\n<ul class=\"wp-block-list\">\n<li><b>Diversifica\u00e7\u00e3o de Produtos<\/b>: As empresas t\u00eam a oportunidade de desenvolver novos produtos e experi\u00eancias de turismo cultural para atrair uma gama mais ampla de viajantes.<\/li>\n\n\n\n<li><b>Inova\u00e7\u00e3o Digital<\/b>: A ado\u00e7\u00e3o de tecnologias digitais, como a realidade virtual e as aplica\u00e7\u00f5es m\u00f3veis, pode melhorar a experi\u00eancia do turismo cultural e atingir um p\u00fablico mais vasto.<\/li>\n\n\n\n<li><b>Pr\u00e1ticas Sustent\u00e1veis<\/b>: A implementa\u00e7\u00e3o de pr\u00e1ticas de turismo sustent\u00e1vel pode atrair viajantes ambientalmente conscientes e melhorar a reputa\u00e7\u00e3o dos destinos de turismo cultural.<\/li>\n<\/ul>\n\n\n\n<p class=\"p3\"><strong>Amea\u00e7as<\/strong><\/p>\n\n\n\n<ul class=\"wp-block-list\">\n<li><b>Concorr\u00eancia<\/b>: A ind\u00fastria do turismo cultural \u00e9 altamente competitiva, com destinos e empresas a competir pela quota de mercado e pela aten\u00e7\u00e3o dos visitantes.<\/li>\n\n\n\n<li><b>Turismo excessivo<\/b>: Popular cultural tourism destinations may suffer from overcrowding, which can negatively impact the environment and local communities.<\/li>\n\n\n\n<li><b>Fatores externos<\/b>: Political instability, natural disasters, and <a href=\"https:\/\/www.sisinternational.com\/pt\/transportadoras-de-baixo-custo-na-industria-da-aviacao\/\" title=\"Pesquisa de mercado de companhias a\u00e9reas de baixo custo\"  data-wpil-monitor-id=\"10614\">global<\/a> events can significantly impact the cultural tourism market.<\/li>\n<\/ul>\n\n\n\n<h2 class=\"wp-block-heading\">Como a consultoria de turismo cultural da SIS International ajuda as empresas<\/h2>\n\n\n\n<p class=\"p2\">Os servi\u00e7os de consultoria em turismo cultural da SIS International s\u00e3o concebidos para fornecer apoio abrangente \u00e0s empresas que procuram prosperar no mercado do turismo cultural. Ao aproveitar nossa experi\u00eancia e insights do setor, as empresas podem se beneficiar das seguintes maneiras:<\/p>\n\n\n\n<ul class=\"wp-block-list\">\n<li><b>Redu\u00e7\u00e3o de risco: <\/b>SIS <a href=\"https:\/\/www.sisinternational.com\/pt\/how-to-conduct-in-depth-interviews-for-market-insights\/\" title=\"Como conduzir entrevistas em profundidade para obter insights de mercado\"  data-wpil-monitor-id=\"10619\">conducts in-depth market<\/a> research to identify potential risks and challenges in cultural tourism development. Our consultants provide strategic recommendations to mitigate risks and ensure a thriving cultural tourism strategy.<\/li>\n\n\n\n<li><b>Aumento de receita: <\/b>Through our <a href=\"https:\/\/www.sisinternational.com\/pt\/solucoes\/pesquisa-de-consultoria-em-estrategia-fintech\/consultoria-em-pesquisa-de-mercado-de-servicos-financeiros-em-gestao-de-capital-humano\/\" title=\"Human Capital Management Financial Services Market Research and Consulting\"  data-wpil-monitor-id=\"10617\">market research and consulting services<\/a>, businesses can identify new revenue streams and opportunities for growth within the cultural tourism market. We help businesses develop innovative cultural tourism products and experiences that appeal to a wider audience, leading to increased revenue.<\/li>\n\n\n\n<li><b>Poupan\u00e7a de custos: <\/b>SIS International&#8217;s consulting services help businesses <a href=\"https:\/\/www.sisinternational.com\/pt\/campanha-de-marketing-multicanal\/\" title=\"Otimizando estrat\u00e9gias de marketing multicanal para maior penetra\u00e7\u00e3o no mercado\"  data-wpil-monitor-id=\"10623\">optimize their operations and marketing strategies<\/a>, leading to cost savings. By providing insights into cost-effective cultural tourism practices, we help businesses minimize expenses while maximizing returns.<\/li>\n\n\n\n<li><b>Crescimento e Inova\u00e7\u00e3o: <\/b><a href=\"https:\/\/www.sisinternational.com\/pt\/sis-lanca-novas-solucoes-de-pesquisa-digital\/\" title=\"SIS lan\u00e7a novas solu\u00e7\u00f5es de Pesquisa Digital\"  data-wpil-monitor-id=\"10609\">SIS International&#8217;s consulting services encourage innovation<\/a> and creativity in cultural tourism product development and marketing. Our team assists businesses in staying ahead of the competition by identifying emerging trends and opportunities for growth in the cultural tourism market.<\/li>\n\n\n\n<li><b>Aumento do ROI: <\/b>Our tailored strategies and solutions help businesses maximize their ROI in cultural tourism. We help businesses measure and analyze the effectiveness of their cultural tourism initiatives, ensuring that they achieve the highest possible ROI.<\/li>\n<\/ul>\n\n\n\n<h2 class=\"wp-block-heading\">Sobre SIS Consultoria Internacional de Turismo Cultural<\/h2>\n\n\n\n<p>SIS International Consulting specializes in providing tailored strategic solutions to businesses worldwide. Our expert consultants offer comprehensive advisory services in market entry, business expansion, strategic planning, and organizational development. We partner with clients, from market analysis to implementation support, to drive <a href=\"https:\/\/www.sisinternational.com\/pt\/desenvolver-uma-vantagem-competitiva-sustentavel\/\" title=\"Desenvolvendo uma vantagem competitiva sustent\u00e1vel\"  data-wpil-monitor-id=\"10622\">sustainable growth and competitive advantage<\/a>. Contact us to explore how our consulting expertise can empower your business.<\/p>\n\n\n\n<p><\/p>","protected":false},"excerpt":{"rendered":"<p>A consultoria em turismo cultural maximiza o apelo cultural das empresas e destinos para atrair turistas.<\/p>","protected":false},"author":1,"featured_media":63753,"parent":44644,"menu_order":48,"comment_status":"closed","ping_status":"closed","template":"","meta":{"footnotes":""},"class_list":["post-48149","page","type-page","status-publish","has-post-thumbnail"],"_links":{"self":[{"href":"https:\/\/www.sisinternational.com\/pt\/wp-json\/wp\/v2\/pages\/48149","targetHints":{"allow":["GET"]}}],"collection":[{"href":"https:\/\/www.sisinternational.com\/pt\/wp-json\/wp\/v2\/pages"}],"about":[{"href":"https:\/\/www.sisinternational.com\/pt\/wp-json\/wp\/v2\/types\/page"}],"author":[{"embeddable":true,"href":"https:\/\/www.sisinternational.com\/pt\/wp-json\/wp\/v2\/users\/1"}],"replies":[{"embeddable":true,"href":"https:\/\/www.sisinternational.com\/pt\/wp-json\/wp\/v2\/comments?post=48149"}],"version-history":[{"count":11,"href":"https:\/\/www.sisinternational.com\/pt\/wp-json\/wp\/v2\/pages\/48149\/revisions"}],"predecessor-version":[{"id":81741,"href":"https:\/\/www.sisinternational.com\/pt\/wp-json\/wp\/v2\/pages\/48149\/revisions\/81741"}],"up":[{"embeddable":true,"href":"https:\/\/www.sisinternational.com\/pt\/wp-json\/wp\/v2\/pages\/44644"}],"wp:featuredmedia":[{"embeddable":true,"href":"https:\/\/www.sisinternational.com\/pt\/wp-json\/wp\/v2\/media\/63753"}],"wp:attachment":[{"href":"https:\/\/www.sisinternational.com\/pt\/wp-json\/wp\/v2\/media?parent=48149"}],"curies":[{"name":"wp","href":"https:\/\/api.w.org\/{rel}","templated":true}]}}