{"id":48141,"date":"2024-05-08T16:15:13","date_gmt":"2024-05-08T20:15:13","guid":{"rendered":"https:\/\/www.sisinternational.com\/?page_id=48141"},"modified":"2026-03-12T13:14:51","modified_gmt":"2026-03-12T17:14:51","slug":"pesquisa-de-mercado-de-restaurantes-chineses","status":"publish","type":"page","link":"https:\/\/www.sisinternational.com\/pt\/solucoes\/pesquisa-de-mercado-da-industria-de-bebidas-alimenticias\/pesquisa-de-mercado-de-restaurantes-chineses\/","title":{"rendered":"Pesquisa de mercado de restaurantes chineses"},"content":{"rendered":"<h1 class=\"wp-block-heading\">Pesquisa de mercado de restaurantes chineses<\/h1>\n\n\n\n<figure class=\"gb-block-image gb-block-image-8be8887c\"><img loading=\"lazy\" decoding=\"async\" width=\"1456\" height=\"816\" class=\"gb-image gb-image-8be8887c\" src=\"https:\/\/www.sisinternational.com\/wp-content\/uploads\/2025\/09\/Chinese-American-5.jpg\" alt=\"Pesquisa e Estrat\u00e9gia de Mercado Internacional da SIS\" title=\"Chinese American (5)\" srcset=\"https:\/\/www.sisinternational.com\/wp-content\/uploads\/2025\/09\/Chinese-American-5.jpg 1456w, https:\/\/www.sisinternational.com\/wp-content\/uploads\/2025\/09\/Chinese-American-5-300x168.jpg 300w, https:\/\/www.sisinternational.com\/wp-content\/uploads\/2025\/09\/Chinese-American-5-1024x574.jpg 1024w, https:\/\/www.sisinternational.com\/wp-content\/uploads\/2025\/09\/Chinese-American-5-768x430.jpg 768w, https:\/\/www.sisinternational.com\/wp-content\/uploads\/2025\/09\/Chinese-American-5-18x10.jpg 18w\" sizes=\"auto, (max-width: 1456px) 100vw, 1456px\"><\/figure>\n\n\n\n<p><\/p>\n\n\n\n<hr class=\"wp-block-separator has-alpha-channel-opacity is-style-dots\"\/>\n\n\n\n<blockquote class=\"wp-block-quote is-layout-flow wp-block-quote-is-layout-flow\">\n<p>A pesquisa de mercado de restaurantes chineses serve como uma b\u00fassola estrat\u00e9gica para os donos de restaurantes, orientando os processos de tomada de decis\u00e3o em v\u00e1rias facetas das opera\u00e7\u00f5es comerciais.<\/p>\n<\/blockquote>\n\n\n\n<p>The Chinese restaurant market is a vibrant ecosystem, blending tradition with innovation to cater to diners&#8217; ever-evolving preferences. They offer a gastronomic journey steeped in history and authenticity\u2026 But what truly sets apart the thriving Chinese restaurant industry, and what insights can market research provide to businesses seeking to navigate this dynamic landscape? Chinese <a href=\"https:\/\/www.sisinternational.com\/pt\/pericia\/industrias\/pesquisa-de-mercado-de-restaurantes-fast-casual\/\" title=\"Pesquisa de mercado de restaurantes casuais r\u00e1pidos\"  data-wpil-monitor-id=\"5917\">restaurant market research<\/a> is usually the answer.<\/p>\n\n\n\n<h2 class=\"wp-block-heading\">O que \u00e9 pesquisa de mercado de restaurantes chineses?<\/h2>\n\n\n\n<p class=\"p2\">A pesquisa de mercado de restaurantes chineses fornece informa\u00e7\u00f5es valiosas sobre a evolu\u00e7\u00e3o dos gostos e expectativas dos clientes. Examina a din\u00e2mica do mercado, incluindo o surgimento de novas tend\u00eancias culin\u00e1rias, o impacto das influ\u00eancias culturais e as estrat\u00e9gias competitivas que os restaurantes chineses adotam para se diferenciarem no mercado.<\/p>\n\n\n\n<p class=\"p2\">Esse <a href=\"https:\/\/www.sisinternational.com\/pt\/recrutar-e-reter-millennials-no-local-de-trabalho\/\" title=\"Pesquisa de mercado de funcion\u00e1rios da gera\u00e7\u00e3o Y\"  data-wpil-monitor-id=\"7556\">market research helps businesses understand consumer<\/a> preferences, such as favorite dishes, dining occasions, and service expectations. By understanding these preferences, restaurants can tailor their menus, ambiance, and services to better cater to the desires of their target audience.<\/p>\n\n\n\n<p class=\"p2\">Al\u00e9m disso, a pesquisa de mercado de restaurantes chineses permite que as empresas se mantenham a par destas tend\u00eancias, mantenham a relev\u00e2ncia e atraiam novos clientes. Por\u00e9m, traz alguns outros benef\u00edcios, como:<\/p>\n\n\n\n<ul class=\"wp-block-list\">\n<li><span class=\"s1\"><b>Identificando oportunidades de crescimento<\/b>: A pesquisa de mercado de restaurantes chineses identifica oportunidades de crescimento no mercado, como tend\u00eancias alimentares emergentes, segmentos de clientes inexplorados ou novos locais para expans\u00e3o.<\/span><\/li>\n\n\n\n<li><span class=\"s1\"><b>Melhorando o Posicionamento Competitivo<\/b>: Atrav\u00e9s da pesquisa de mercado de restaurantes chineses, os restaurantes chineses podem analisar os pontos fortes e fracos dos seus concorrentes, estrat\u00e9gias de pre\u00e7os e t\u00e1ticas de marketing.<\/span><\/li>\n\n\n\n<li><span class=\"s1\"><b>Melhorando a efici\u00eancia operacional<\/b>: A pesquisa de mercado de restaurantes chineses pode revelar inefici\u00eancias nas opera\u00e7\u00f5es dos restaurantes, como longos tempos de espera, gargalos na cozinha ou n\u00edveis de pessoal ineficazes.<\/span><\/li>\n\n\n\n<li><span class=\"s1\"><b>Otimizando estrat\u00e9gias de marketing<\/b>: By understanding consumer preferences and behavior, Chinese <a href=\"https:\/\/www.sisinternational.com\/pt\/solucoes\/consultoria-em-hotelaria-e-turismo-em-viagens\/consultoria-de-marketing-para-restaurantes-em-coberturas\/\" title=\"Consultoria de marketing para restaurantes na cobertura\"  data-wpil-monitor-id=\"4530\">restaurants can develop targeted marketing<\/a> campaigns that resonate with their target audience. <\/span><\/li>\n<\/ul>\n\n\n\n<h2 class=\"wp-block-heading\">Quando realizar pesquisas de mercado de restaurantes chineses<\/h2>\n\n\n\n<ul class=\"wp-block-list\">\n<li><b>Lan\u00e7ando um novo restaurante<\/b>: Antes de abrir um novo restaurante chin\u00eas, a realiza\u00e7\u00e3o de pesquisas de mercado \u00e9 essencial para avaliar a procura de cozinha chinesa no local alvo, compreender o cen\u00e1rio competitivo e identificar potenciais desafios e oportunidades.<\/li>\n\n\n\n<li><b>Expandindo ou Diversificando Menu<\/b>: Os restaurantes chineses que procuram expandir a sua oferta de menu ou introduzir novos pratos podem beneficiar de pesquisas de mercado para avaliar o interesse e as prefer\u00eancias dos clientes. Ao realizar pesquisas, grupos focais ou testes de sabor, os restaurantes podem coletar feedback de seu p\u00fablico-alvo e identificar quais itens do menu t\u00eam maior probabilidade de atrair os clientes.<\/li>\n\n\n\n<li><b>Avaliando a satisfa\u00e7\u00e3o do cliente<\/b>: Os restaurantes chineses devem avaliar regularmente a satisfa\u00e7\u00e3o do cliente atrav\u00e9s de pesquisas, formul\u00e1rios de feedback ou an\u00e1lises online para manter um servi\u00e7o de alta qualidade e resolver quaisquer problemas prontamente. A pesquisa de mercado de restaurantes chineses ajuda os restaurantes a identificar \u00e1reas de melhoria, medir a fidelidade do cliente e acompanhar as mudan\u00e7as nas prefer\u00eancias dos clientes ao longo do tempo.<\/li>\n\n\n\n<li><b>Planejando campanhas de marketing<\/b>: Antes de lan\u00e7ar campanhas de marketing ou promo\u00e7\u00f5es, os restaurantes chineses devem realizar pesquisas de mercado para identificar o seu p\u00fablico-alvo, compreender as suas prefer\u00eancias e determinar os canais de marketing mais eficazes. A pesquisa de mercado de restaurantes chineses garante que os esfor\u00e7os de marketing sejam direcionados, relevantes e com probabilidade de gerar um retorno positivo sobre o investimento.<\/li>\n<\/ul>\n\n\n\n<h2 class=\"wp-block-heading\">Perguntas a serem feitas antes de realizar pesquisas de mercado de restaurantes chineses<\/h2>\n\n\n\n<ul class=\"wp-block-list\">\n<li><b>P\u00fablico-alvo<\/b>: Quem s\u00e3o os principais clientes da culin\u00e1ria chinesa no local de destino? Que caracter\u00edsticas demogr\u00e1ficas eles possuem, como idade, sexo, n\u00edvel de renda e ocupa\u00e7\u00e3o? Existem segmentos espec\u00edficos dentro do p\u00fablico-alvo nos quais o restaurante deve focar?<\/li>\n\n\n\n<li><b>Cen\u00e1rio competitivo<\/b>: Que outros restaurantes chineses funcionam l\u00e1 e o que os distingue? Como eles se posicionam em rela\u00e7\u00e3o a pre\u00e7o, qualidade, ambiente e servi\u00e7o? Quais s\u00e3o os seus pontos fortes e fracos e que oportunidades existem para o restaurante se diferenciar?<\/li>\n\n\n\n<li><b>Prefer\u00eancias de menu<\/b>: Quais s\u00e3o os pratos chineses mais populares entre os clientes no local de destino? H\u00e1 alguma tend\u00eancia alimentar emergente ou prefer\u00eancia alimentar que o restaurante deva considerar ao elaborar seu menu? Como o restaurante planeja equilibrar autenticidade com adapta\u00e7\u00e3o aos gostos locais?<\/li>\n\n\n\n<li><b>Considera\u00e7\u00f5es sobre localiza\u00e7\u00e3o<\/b>: Qual \u00e9 a localiza\u00e7\u00e3o ideal para o restaurante chin\u00eas, considerando fatores como tr\u00e1fego de pedestres, visibilidade, acessibilidade, disponibilidade de estacionamento e proximidade dos concorrentes? Como o restaurante planeja criar um ambiente acolhedor e culturalmente aut\u00eantico para atrair e reter clientes?<\/li>\n\n\n\n<li><b>Marketing e Promo\u00e7\u00e3o<\/b>: Quais estrat\u00e9gias e canais de marketing s\u00e3o mais eficazes para atingir o p\u00fablico-alvo? Como \u00e9 que o restaurante planeia aproveitar as redes sociais, plataformas online, parcerias locais e publicidade tradicional para promover as suas ofertas? Que ofertas promocionais ou incentivos podem atrair novos clientes e incentivar novos neg\u00f3cios?<\/li>\n\n\n\n<li><b>Considera\u00e7\u00f5es Operacionais<\/b>: Quais s\u00e3o os principais desafios e considera\u00e7\u00f5es operacionais para administrar um restaurante chin\u00eas de sucesso, como obter ingredientes aut\u00eanticos, manter a qualidade e a consist\u00eancia dos alimentos, gerenciar a equipe e otimizar a experi\u00eancia gastron\u00f4mica? Como o restaurante planeja enfrentar esses desafios e garantir um funcionamento tranquilo?<\/li>\n\n\n\n<li><b>Experi\u00eancia do cliente<\/b>: Como o restaurante planeja oferecer uma experi\u00eancia excepcional ao cliente que supere as expectativas e promova a fidelidade? Que medidas ser\u00e3o implementadas para solicitar e responder ao feedback dos clientes, resolver problemas prontamente e melhorar continuamente a qualidade do servi\u00e7o?<\/li>\n<\/ul>\n\n\n\n<h2 class=\"wp-block-heading\">Resultados esperados da pesquisa de mercado de restaurantes chineses da SIS International<\/h2>\n\n\n\n<figure class=\"gb-block-image gb-block-image-8be7f0a3\"><img loading=\"lazy\" decoding=\"async\" width=\"1456\" height=\"816\" class=\"gb-image gb-image-8be7f0a3\" src=\"https:\/\/www.sisinternational.com\/wp-content\/uploads\/2025\/08\/Chinese-restaurant-5.jpg\" alt=\"Pesquisa e Estrat\u00e9gia de Mercado Internacional da SIS\" title=\"Chinese restaurant (5)\" srcset=\"https:\/\/www.sisinternational.com\/wp-content\/uploads\/2025\/08\/Chinese-restaurant-5.jpg 1456w, https:\/\/www.sisinternational.com\/wp-content\/uploads\/2025\/08\/Chinese-restaurant-5-300x168.jpg 300w, https:\/\/www.sisinternational.com\/wp-content\/uploads\/2025\/08\/Chinese-restaurant-5-1024x574.jpg 1024w, https:\/\/www.sisinternational.com\/wp-content\/uploads\/2025\/08\/Chinese-restaurant-5-768x430.jpg 768w, https:\/\/www.sisinternational.com\/wp-content\/uploads\/2025\/08\/Chinese-restaurant-5-18x10.jpg 18w\" sizes=\"auto, (max-width: 1456px) 100vw, 1456px\"><\/figure>\n\n\n\n<p><\/p>\n\n\n\n<p class=\"p2\">SIS International&#8217;s Chinese restaurant <a href=\"https:\/\/www.sisinternational.com\/pt\/solucoes\/inovacao\/pensamento-de-design\/\" title=\"Pesquisa de mercado de pensamento de design\"  data-wpil-monitor-id=\"6691\">market research services are designed<\/a> to deliver actionable insights and tangible results, empowering businesses to thrive in the competitive culinary landscape. Through a combination of rigorous data analysis, industry expertise, and customized research methodologies, clients can expect the following outcomes:<\/p>\n\n\n\n<ul class=\"wp-block-list\">\n<li><b>Tomada de decis\u00e3o informada: <\/b>Ao aproveitar os insights da pesquisa de mercado de restaurantes chineses, os clientes podem tomar decis\u00f5es informadas sobre o desenvolvimento de card\u00e1pios, estrat\u00e9gias de pre\u00e7os, campanhas de marketing e otimiza\u00e7\u00f5es operacionais.<\/li>\n\n\n\n<li><b>Ofertas de menu aprimoradas: <\/b>O SIS permite que os clientes identifiquem pratos populares, tend\u00eancias culin\u00e1rias emergentes e prefer\u00eancias regionais, permitindo a cria\u00e7\u00e3o de ofertas de menu inovadoras e atraentes que repercutam nos clientes.<\/li>\n\n\n\n<li><b>Estrat\u00e9gias de pre\u00e7os otimizadas: <\/b>Atrav\u00e9s da an\u00e1lise da elasticidade de pre\u00e7os e do benchmarking competitivo, os clientes podem desenvolver estrat\u00e9gias de pre\u00e7os que maximizam a rentabilidade e ao mesmo tempo permanecem competitivos no mercado.<\/li>\n\n\n\n<li><b>Iniciativas de marketing direcionadas: <\/b>Ao compreender a demografia do consumidor, a psicografia e os h\u00e1bitos de consumo de m\u00eddia, os clientes podem criar campanhas de marketing direcionadas que alcancem e envolvam efetivamente seu p\u00fablico-alvo, gerando tr\u00e1fego e receita.<\/li>\n\n\n\n<li><b>Efici\u00eancia Operacional Melhorada: <\/b><a href=\"https:\/\/www.sisinternational.com\/pt\/pascoa-e-o-inevitavel-coelhinho-de-chocolate\/\" title=\"Pesquisa de mercado de P\u00e1scoa\"  data-wpil-monitor-id=\"6992\">SIS International\u2019s Chinese restaurant market research<\/a> helps identify inefficiencies in operational workflows, enabling clients to streamline processes, reduce costs, and enhance overall efficiency.<\/li>\n\n\n\n<li><b>Vantagem competitiva: <\/b>Com insights sobre tend\u00eancias de mercado, prefer\u00eancias do consumidor e estrat\u00e9gias da concorr\u00eancia, os clientes podem se diferenciar no mercado, atraindo novos clientes e promovendo a fidelidade \u00e0 marca.<\/li>\n\n\n\n<li><b>Risco Mitigado: <\/b>Ao compreender a din\u00e2mica do mercado e os desafios potenciais, os clientes podem mitigar os riscos associados a novos empreendimentos, expans\u00f5es ou mudan\u00e7as de menu, minimizando perdas potenciais e maximizando o retorno do investimento.<\/li>\n<\/ul>\n\n\n\n<h2 class=\"wp-block-heading\">Informa\u00e7\u00f5es regionais<\/h2>\n\n\n\n<p class=\"p2\">O mercado de restaurantes chin\u00eas apresenta diversas nuances regionais influenciadas pelas tradi\u00e7\u00f5es culturais, prefer\u00eancias culin\u00e1rias e condi\u00e7\u00f5es econ\u00f3micas. Aqui est\u00e3o alguns insights importantes sobre as varia\u00e7\u00f5es regionais:<\/p>\n\n\n\n<ul class=\"wp-block-list\">\n<li><b>Am\u00e9rica do Norte: <\/b>Na Am\u00e9rica do Norte, a culin\u00e1ria chinesa tornou-se um elemento b\u00e1sico do cen\u00e1rio culin\u00e1rio, com ofertas que v\u00e3o desde o tradicional dim sum canton\u00eas at\u00e9 o moderno hot pot de Sichuan. Nova York, S\u00e3o Francisco e Vancouver possuem bairros vibrantes de Chinatown com restaurantes aut\u00eanticos e conceitos de fus\u00e3o inovadores.<\/li>\n\n\n\n<li><b>China: <\/b>Na China, cozinhas regionais como cantonesa, sichuanesa, xangaiense e hunanesa oferecem perfis de sabores e tradi\u00e7\u00f5es culin\u00e1rias distintos. Os principais centros metropolitanos como Pequim, Xangai e Guangzhou mostram a diversidade da culin\u00e1ria chinesa, com vendedores de comida de rua, restaurantes sofisticados e restaurantes sofisticados que atendem a uma variedade de gostos e or\u00e7amentos.<\/li>\n\n\n\n<li><b>Europa: <\/b>Os restaurantes chineses na Europa fundem frequentemente sabores tradicionais chineses com ingredientes locais e influ\u00eancias culin\u00e1rias, criando experi\u00eancias gastron\u00f3micas \u00fanicas. Cidades como Londres, Paris e Berlim apresentam bairros vibrantes de Chinatown, onde os clientes podem saborear pratos aut\u00eanticos juntamente com interpreta\u00e7\u00f5es inovadoras da culin\u00e1ria chinesa.<\/li>\n<\/ul>\n\n\n\n<h2 class=\"wp-block-heading\">Segmentos de maior crescimento no mercado de restaurantes chin\u00eas<\/h2>\n\n\n\n<p class=\"p2\">In the dynamic landscape of the Chinese restaurant market, specific segments are experiencing rapid growth and driving culinary innovation. Here are some of the fastest-growing segments:<\/p>\n\n\n\n<ul class=\"wp-block-list\">\n<li><b>Cozinha Regional Aut\u00eantica: <\/b><span class=\"s1\">Com a crescente globaliza\u00e7\u00e3o e curiosidade culin\u00e1ria, h\u00e1 uma procura crescente pela aut\u00eantica cozinha regional chinesa, para al\u00e9m dos omnipresentes pratos cantoneses. Cozinhas regionais como Sichuan, Hunan e Xinjiang est\u00e3o ganhando popularidade por seus sabores ousados e tradi\u00e7\u00f5es culin\u00e1rias \u00fanicas.<\/span><\/li>\n\n\n\n<li><b>Op\u00e7\u00f5es saud\u00e1veis e \u00e0 base de plantas: <\/b><span class=\"s1\">\u00c0 medida que as tend\u00eancias gastron\u00f3micas preocupadas com a sa\u00fade continuam a ganhar impulso, os restaurantes chineses est\u00e3o a expandir as suas ofertas para incluir op\u00e7\u00f5es mais nutritivas e \u00e0 base de plantas. Pratos com vegetais frescos, prote\u00ednas magras e gr\u00e3os integrais atraem os consumidores que buscam op\u00e7\u00f5es gastron\u00f4micas mais saud\u00e1veis.<\/span><\/li>\n\n\n\n<li><b>Culin\u00e1ria de fus\u00e3o e intercultural: <\/b><span class=\"s1\">A cozinha de fus\u00e3o que combina sabores chineses com outras tradi\u00e7\u00f5es culin\u00e1rias est\u00e1 a registar um aumento de popularidade, atendendo a paladares aventureiros e sabores multiculturais. Conceitos como fus\u00e3o sino-mexicana, izakayas sino-japoneses e casas de curry sino-indiana oferecem experi\u00eancias gastron\u00f4micas inovadoras.<\/span><\/li>\n\n\n\n<li><b>Experi\u00eancias gastron\u00f4micas premium: <\/b><span class=\"s1\">Em meio ao aumento da renda dispon\u00edvel e \u00e0s mudan\u00e7as nas prefer\u00eancias dos consumidores, h\u00e1 uma demanda crescente por experi\u00eancias gastron\u00f4micas chinesas premium, caracterizadas por ingredientes de qualidade, servi\u00e7o impec\u00e1vel e ambiente envolvente. Restaurantes sofisticados que oferecem menus de degusta\u00e7\u00e3o, salas de jantar privativas e combina\u00e7\u00f5es exclusivas de vinhos atendem aos clientes mais exigentes que buscam experi\u00eancias luxuosas.<\/span><\/li>\n\n\n\n<li><b>Conceitos de jantar interativo: <\/b><span class=\"s1\">Experi\u00eancias gastron\u00f4micas interativas, como hot pot, carrinhos de dim sum e esta\u00e7\u00f5es de macarr\u00e3o DIY, est\u00e3o ganhando popularidade por seu envolvimento social e op\u00e7\u00f5es personaliz\u00e1veis. Os restaurantes que oferecem experi\u00eancias gastron\u00f4micas interativas atendem aos consumidores que buscam aventuras culin\u00e1rias memor\u00e1veis e envolventes.<\/span><\/li>\n<\/ul>\n\n\n\n<h2 class=\"wp-block-heading\">Oportunidades no mercado de restaurantes chineses<\/h2>\n\n\n\n<p>O mercado de restaurantes chin\u00eas apresenta muitas oportunidades para as empresas capitalizarem a evolu\u00e7\u00e3o das tend\u00eancias de consumo, das inova\u00e7\u00f5es culin\u00e1rias e da din\u00e2mica do mercado. Aqui est\u00e3o algumas oportunidades importantes para empresas que operam neste espa\u00e7o:<\/p>\n\n\n\n<ul class=\"wp-block-list\">\n<li><b>Atender \u00e0s prefer\u00eancias diet\u00e9ticas: <\/b>Op\u00e7\u00f5es de menu personaliz\u00e1veis, alternativas sem gl\u00faten e pratos \u00e0 base de plantas podem atrair consumidores preocupados com a sa\u00fade e acomodar diversas prefer\u00eancias alimentares, incluindo estilos de vida vegetarianos e veganos.<\/li>\n\n\n\n<li><b>Melhore a experi\u00eancia gastron\u00f4mica: <\/b>Investir em ambiente, decora\u00e7\u00e3o e atendimento ao cliente para criar experi\u00eancias gastron\u00f4micas envolventes pode diferenciar seu restaurante e fidelizar o cliente. Incorporar elementos interativos, esta\u00e7\u00f5es de culin\u00e1ria ao vivo e eventos tem\u00e1ticos pode melhorar a experi\u00eancia gastron\u00f4mica.<\/li>\n\n\n\n<li><b>Cultive programas de bebidas: <\/b>O desenvolvimento de programas de bebidas especiais com ch\u00e1s chineses, coquet\u00e9is artesanais e bebidas inovadoras pode complementar a experi\u00eancia gastron\u00f4mica e gerar receitas incrementais. Abra\u00e7ar a cultura do ch\u00e1 e oferecer combina\u00e7\u00f5es exclusivas de bebidas pode elevar a experi\u00eancia gastron\u00f4mica.<\/li>\n\n\n\n<li><b>Autenticidade Cultural: <\/b>Enfatizar a autenticidade cultural nas ofertas de card\u00e1pio, ingredientes e experi\u00eancias gastron\u00f4micas pode repercutir nas comunidades da di\u00e1spora chinesa, nos turistas internacionais e nos consumidores que buscam experi\u00eancias culin\u00e1rias genu\u00ednas.<\/li>\n<\/ul>\n\n\n\n<h2 class=\"wp-block-heading\">How SIS International\u2019s Chinese Restaurant Market Research Helps Businesses<\/h2>\n\n\n\n<p class=\"p2\"><span class=\"s1\"><a href=\"https:\/\/www.sisinternational.com\/pt\/socorro\/\" title=\"Pesquisa de mercado do primeiro de maio\"  data-wpil-monitor-id=\"7348\">SIS International offers comprehensive market research<\/a> and consulting services tailored to the unique needs of businesses operating in the Chinese restaurant market. Here&#8217;s how our services can support your success:<\/span><\/p>\n\n\n\n<ul class=\"wp-block-list\">\n<li><b>Pesquisa de mercado: <\/b>Nossa equipe realiza pesquisas de mercado aprofundadas para analisar as prefer\u00eancias do consumidor, tend\u00eancias gastron\u00f4micas, cen\u00e1rios competitivos e varia\u00e7\u00f5es regionais no mercado de restaurantes chin\u00eas. Ao reunir insights acion\u00e1veis, capacitamos as empresas a tomar decis\u00f5es informadas e a capitalizar oportunidades emergentes.<\/li>\n\n\n\n<li><b>Analise competitiva: <\/b>Fornecemos an\u00e1lises competitivas para comparar seu restaurante com seus pares do setor, identificar pontos fortes e fracos e descobrir oportunidades de diferencia\u00e7\u00e3o. Ao compreender as estrat\u00e9gias dos concorrentes e o posicionamento de mercado, as empresas podem refinar as suas ofertas e obter uma vantagem competitiva.<\/li>\n\n\n\n<li><b>Insights do consumidor: <\/b>Descobrimos informa\u00e7\u00f5es valiosas sobre as prefer\u00eancias, comportamentos e percep\u00e7\u00f5es dos consumidores em rela\u00e7\u00e3o \u00e0 culin\u00e1ria chinesa por meio de pesquisas com consumidores, grupos focais e pesquisas etnogr\u00e1ficas. Ao compreender as nuances de seu p\u00fablico-alvo, as empresas podem adaptar suas ofertas e estrat\u00e9gias de marketing para atrair os clientes de maneira eficaz.<\/li>\n\n\n\n<li><b>Desenvolvimento de card\u00e1pio: <\/b>Nossa equipe colabora com os clientes para desenvolver ofertas de card\u00e1pio inovadoras, incorporando insights de pesquisas de mercado, tend\u00eancias culin\u00e1rias e prefer\u00eancias do consumidor. Desde pratos regionais aut\u00eanticos at\u00e9 cria\u00e7\u00f5es modernas de fus\u00e3o, ajudamos as empresas a selecionar menus que cativam os clientes e impulsionam novos neg\u00f3cios.<\/li>\n\n\n\n<li><b>Otimiza\u00e7\u00e3o Operacional: <\/b>Conduzimos avalia\u00e7\u00f5es operacionais para identificar inefici\u00eancias, agilizar fluxos de trabalho e melhorar a rela\u00e7\u00e3o custo-benef\u00edcio nas opera\u00e7\u00f5es de restaurantes. As empresas podem melhorar a efici\u00eancia, a lucratividade e a satisfa\u00e7\u00e3o geral do cliente otimizando o gerenciamento de estoque, a equipe e o layout da cozinha.<\/li>\n\n\n\n<li><b>Apoio \u00e0 entrada no mercado: <\/b><span class=\"s2\">Oferecemos servi\u00e7os de apoio \u00e0 entrada no mercado para empresas que pretendem entrar ou expandir-se no mercado de restaurantes chin\u00eas, incluindo estudos de viabilidade de mercado, an\u00e1lise de localiza\u00e7\u00e3o e orienta\u00e7\u00f5es de conformidade regulamentar. Nossa equipe facilita estrat\u00e9gias bem-sucedidas de entrada no mercado e expans\u00e3o, mitigando riscos e identificando oportunidades.<\/span><\/li>\n<\/ul>\n\n\n\n<p><\/p>","protected":false},"excerpt":{"rendered":"<p>A pesquisa de mercado de restaurantes chineses explora as prefer\u00eancias e expectativas dos clientes, a din\u00e2mica do mercado, as tend\u00eancias culin\u00e1rias, a cultura e as estrat\u00e9gias.<\/p>","protected":false},"author":1,"featured_media":66832,"parent":22018,"menu_order":467,"comment_status":"closed","ping_status":"closed","template":"","meta":{"footnotes":""},"class_list":["post-48141","page","type-page","status-publish","has-post-thumbnail"],"_links":{"self":[{"href":"https:\/\/www.sisinternational.com\/pt\/wp-json\/wp\/v2\/pages\/48141","targetHints":{"allow":["GET"]}}],"collection":[{"href":"https:\/\/www.sisinternational.com\/pt\/wp-json\/wp\/v2\/pages"}],"about":[{"href":"https:\/\/www.sisinternational.com\/pt\/wp-json\/wp\/v2\/types\/page"}],"author":[{"embeddable":true,"href":"https:\/\/www.sisinternational.com\/pt\/wp-json\/wp\/v2\/users\/1"}],"replies":[{"embeddable":true,"href":"https:\/\/www.sisinternational.com\/pt\/wp-json\/wp\/v2\/comments?post=48141"}],"version-history":[{"count":12,"href":"https:\/\/www.sisinternational.com\/pt\/wp-json\/wp\/v2\/pages\/48141\/revisions"}],"predecessor-version":[{"id":81180,"href":"https:\/\/www.sisinternational.com\/pt\/wp-json\/wp\/v2\/pages\/48141\/revisions\/81180"}],"up":[{"embeddable":true,"href":"https:\/\/www.sisinternational.com\/pt\/wp-json\/wp\/v2\/pages\/22018"}],"wp:featuredmedia":[{"embeddable":true,"href":"https:\/\/www.sisinternational.com\/pt\/wp-json\/wp\/v2\/media\/66832"}],"wp:attachment":[{"href":"https:\/\/www.sisinternational.com\/pt\/wp-json\/wp\/v2\/media?parent=48141"}],"curies":[{"name":"wp","href":"https:\/\/api.w.org\/{rel}","templated":true}]}}