{"id":48061,"date":"2024-05-07T14:49:59","date_gmt":"2024-05-07T18:49:59","guid":{"rendered":"https:\/\/www.sisinternational.com\/?page_id=48061"},"modified":"2026-01-27T16:34:38","modified_gmt":"2026-01-27T21:34:38","slug":"marketing-de-turismo-medico","status":"publish","type":"page","link":"https:\/\/www.sisinternational.com\/pt\/solucoes\/consultoria-em-hotelaria-e-turismo-em-viagens\/marketing-de-turismo-medico\/","title":{"rendered":"Marketing de Turismo M\u00e9dico"},"content":{"rendered":"<h1 class=\"wp-block-heading\">Marketing de Turismo M\u00e9dico<\/h1>\n\n\n\n<figure class=\"gb-block-image gb-block-image-787b739e\"><img loading=\"lazy\" decoding=\"async\" width=\"1456\" height=\"816\" class=\"gb-image gb-image-787b739e\" src=\"https:\/\/www.sisinternational.com\/wp-content\/uploads\/2025\/08\/Medical-dewvice-4.jpg\" alt=\"Pesquisa e Estrat\u00e9gia de Mercado Internacional da SIS\" title=\"Medical dewvice (4)\" srcset=\"https:\/\/www.sisinternational.com\/wp-content\/uploads\/2025\/08\/Medical-dewvice-4.jpg 1456w, https:\/\/www.sisinternational.com\/wp-content\/uploads\/2025\/08\/Medical-dewvice-4-300x168.jpg 300w, https:\/\/www.sisinternational.com\/wp-content\/uploads\/2025\/08\/Medical-dewvice-4-1024x574.jpg 1024w, https:\/\/www.sisinternational.com\/wp-content\/uploads\/2025\/08\/Medical-dewvice-4-768x430.jpg 768w, https:\/\/www.sisinternational.com\/wp-content\/uploads\/2025\/08\/Medical-dewvice-4-18x10.jpg 18w\" sizes=\"auto, (max-width: 1456px) 100vw, 1456px\"><\/figure>\n\n\n\n<p><\/p>\n\n\n\n<hr class=\"wp-block-separator has-alpha-channel-opacity is-style-dots\"\/>\n\n\n\n<p>O marketing do turismo m\u00e9dico n\u00e3o \u00e9 apenas uma palavra da moda; \u00e9 uma abordagem estrat\u00e9gica que revoluciona a forma como os prestadores de cuidados de sa\u00fade atraem pacientes em todo o mundo.<\/p>\n\n\n\n<p>Da cirurgia est\u00e9tica aos tratamentos m\u00e9dicos avan\u00e7ados, o fasc\u00ednio pelos cuidados de sa\u00fade acess\u00edveis, juntamente com instala\u00e7\u00f5es de classe mundial, transformou o turismo m\u00e9dico numa ind\u00fastria em expans\u00e3o\u2026 Mas, o que \u00e9 exactamente o marketing do turismo m\u00e9dico e porque \u00e9 que \u00e9 essencial para as empresas que operam no sector da sa\u00fade?<\/p>\n\n\n\n<h2 class=\"wp-block-heading\">O que \u00e9 marketing de turismo m\u00e9dico?<\/h2>\n\n\n\n<p>O marketing do turismo m\u00e9dico abrange os esfor\u00e7os estrat\u00e9gicos de promo\u00e7\u00e3o e comunica\u00e7\u00e3o para atrair pacientes internacionais para servi\u00e7os m\u00e9dicos em destinos estrangeiros. Envolve uma abordagem abrangente que inclui publicidade, branding, marketing digital e parcerias com ag\u00eancias de viagens e facilitadores de sa\u00fade.<\/p>\n\n\n\n<p>Estrat\u00e9gias de marketing eficazes diferenciam os prestadores de cuidados de sa\u00fade e os pa\u00edses de destino, ajudando-os a destacar-se entre as diversas op\u00e7\u00f5es. Em segundo lugar, o marketing do turismo m\u00e9dico permite aos prestadores de cuidados de sa\u00fade explorar os mercados globais e chegar aos pacientes que necessitam de acesso a tratamentos ou procedimentos espec\u00edficos nos seus pa\u00edses de origem.<\/p>\n\n\n\n<p>Al\u00e9m disso, o marketing do turismo m\u00e9dico promove a colabora\u00e7\u00e3o entre institui\u00e7\u00f5es de sa\u00fade, ag\u00eancias de viagens e outras partes interessadas, facilitando experi\u00eancias perfeitas aos pacientes e melhorando a qualidade geral dos cuidados.<\/p>\n\n\n\n<h2 class=\"wp-block-heading\">Perguntas a serem feitas antes de realizar marketing de turismo m\u00e9dico<\/h2>\n\n\n\n<p>Antes de embarcar numa campanha de marketing de turismo m\u00e9dico, as empresas devem considerar os seguintes factores:<\/p>\n\n\n\n<ul class=\"wp-block-list\">\n<li><strong>P\u00fablico-alvo:<\/strong> Quem s\u00e3o os principais dados demogr\u00e1ficos e psicogr\u00e1ficos dos pacientes internacionais que pretendemos atrair?<\/li>\n\n\n\n<li><strong>Analise competitiva:<\/strong> Quais argumentos de venda exclusivos diferenciam nossos servi\u00e7os dos concorrentes no mercado de turismo m\u00e9dico?<\/li>\n\n\n\n<li><strong>Conformidade regulat\u00f3ria:<\/strong> Existem requisitos legais ou regulamentares para a comercializa\u00e7\u00e3o de servi\u00e7os de sa\u00fade para pacientes internacionais?<\/li>\n\n\n\n<li><strong>Aloca\u00e7\u00e3o de verba:<\/strong> Quanto do or\u00e7amento deve ser alocado para esfor\u00e7os de marketing e qual \u00e9 o retorno sobre o investimento (ROI) esperado?<\/li>\n\n\n\n<li><strong>Parcerias Estrat\u00e9gicas:<\/strong> Existem oportunidades de colabora\u00e7\u00e3o com ag\u00eancias de viagens, seguradoras ou outras partes interessadas para aumentar a efic\u00e1cia das campanhas de marketing?<\/li>\n<\/ul>\n\n\n\n<h2 class=\"wp-block-heading\">Resultados esperados dos servi\u00e7os de marketing de turismo m\u00e9dico da SIS<\/h2>\n\n\n\n<figure class=\"gb-block-image gb-block-image-5439b282\"><img loading=\"lazy\" decoding=\"async\" width=\"1456\" height=\"816\" class=\"gb-image gb-image-5439b282\" src=\"https:\/\/www.sisinternational.com\/wp-content\/uploads\/2025\/08\/Medical-dewvice-2.jpg\" alt=\"Pesquisa e Estrat\u00e9gia de Mercado Internacional da SIS\" title=\"Medical dewvice (2)\" srcset=\"https:\/\/www.sisinternational.com\/wp-content\/uploads\/2025\/08\/Medical-dewvice-2.jpg 1456w, https:\/\/www.sisinternational.com\/wp-content\/uploads\/2025\/08\/Medical-dewvice-2-300x168.jpg 300w, https:\/\/www.sisinternational.com\/wp-content\/uploads\/2025\/08\/Medical-dewvice-2-1024x574.jpg 1024w, https:\/\/www.sisinternational.com\/wp-content\/uploads\/2025\/08\/Medical-dewvice-2-768x430.jpg 768w, https:\/\/www.sisinternational.com\/wp-content\/uploads\/2025\/08\/Medical-dewvice-2-18x10.jpg 18w\" sizes=\"auto, (max-width: 1456px) 100vw, 1456px\"><\/figure>\n\n\n\n<p><\/p>\n\n\n\n<p>Os servi\u00e7os abrangentes de marketing de turismo m\u00e9dico da SIS International s\u00e3o projetados para fornecer resultados tang\u00edveis aos prestadores de cuidados de sa\u00fade que procuram atrair pacientes internacionais:<\/p>\n\n\n\n<ul class=\"wp-block-list\">\n<li><strong>Aumento de consultas de pacientes:<\/strong> Our targeted marketing strategies drive engagement and <a href=\"https:\/\/www.sisinternational.com\/pt\/solucoes\/consultoria-estrategica\/tecnicas-de-geracao-de-leads\/\" title=\"Empresa de gera\u00e7\u00e3o de leads\"  data-wpil-monitor-id=\"7101\">generate qualified leads<\/a>, resulting in more patient inquiries.<\/li>\n\n\n\n<li><strong>Enhanced <a href=\"https:\/\/www.sisinternational.com\/pt\/mercado-de-publicidade-digital\/\" title=\"Marketing e Publicidade na Era Digital\"  data-wpil-monitor-id=\"7413\">Marca<\/a> Visibility:<\/strong> Aproveitando a nossa experi\u00eancia em marketing digital e pesquisa de mercado, elevamos a visibilidade e a reputa\u00e7\u00e3o dos prestadores de cuidados de sa\u00fade \u00e0 escala global.<\/li>\n\n\n\n<li><strong>ROI maximizado:<\/strong> Atrav\u00e9s de um planejamento meticuloso de campanhas e acompanhamento de desempenho, garantimos que os investimentos em marketing geram retornos m\u00e1ximos e crescimento sustent\u00e1vel.<\/li>\n\n\n\n<li><strong>Parcerias Estrat\u00e9gicas:<\/strong> Nossa extensa rede e conex\u00f5es industriais nos permitem estabelecer parcerias estrat\u00e9gicas que ampliam o alcance e o impacto dos esfor\u00e7os de marketing de turismo m\u00e9dico.<\/li>\n\n\n\n<li><strong>Melhoria continua:<\/strong> Priorizamos a tomada de decis\u00f5es baseada em dados e a otimiza\u00e7\u00e3o cont\u00ednua para adaptar estrat\u00e9gias em resposta \u00e0 evolu\u00e7\u00e3o da din\u00e2mica do mercado e \u00e0s tend\u00eancias emergentes.<\/li>\n<\/ul>\n\n\n\n<h2 class=\"wp-block-heading\">Informa\u00e7\u00f5es regionais<\/h2>\n\n\n\n<p>A popularidade do turismo m\u00e9dico varia entre diferentes regi\u00f5es, influenciada por fatores como qualidade dos cuidados de sa\u00fade, custo, acessibilidade e prefer\u00eancias culturais. Aqui est\u00e3o alguns insights sobre regi\u00f5es cr\u00edticas:<\/p>\n\n\n\n<ul class=\"wp-block-list\">\n<li><strong>\u00c1sia:<\/strong> Pa\u00edses como Tail\u00e2ndia, \u00cdndia e Singapura s\u00e3o conhecidos pelas suas instala\u00e7\u00f5es m\u00e9dicas avan\u00e7adas, profissionais de sa\u00fade qualificados e pre\u00e7os acess\u00edveis. Eles atraem um n\u00famero significativo de turistas m\u00e9dicos que buscam tratamentos que v\u00e3o desde cirurgia est\u00e9tica at\u00e9 procedimentos complexos, como cirurgia card\u00edaca e transplantes de \u00f3rg\u00e3os.<\/li>\n\n\n\n<li><strong>Europa:<\/strong> Pa\u00edses como a Turquia e a Hungria est\u00e3o a emergir como destinos proeminentes de turismo m\u00e9dico. Esses destinos oferecem servi\u00e7os de sa\u00fade de alta qualidade aliados a experi\u00eancias culturais e atra\u00e7\u00f5es hist\u00f3ricas. Turistas m\u00e9dicos de pa\u00edses vizinhos e regi\u00f5es distantes s\u00e3o atra\u00eddos para estes destinos para tratamentos especializados e retiros de bem-estar.<\/li>\n\n\n\n<li><strong>Am\u00e9rica latina:<\/strong> Pa\u00edses como o M\u00e9xico e o Brasil s\u00e3o famosos pelos turistas m\u00e9dicos que procuram servi\u00e7os de sa\u00fade acess\u00edveis, mas de alta qualidade, vindos da Am\u00e9rica do Norte. Cirurgia est\u00e9tica, procedimentos odontol\u00f3gicos e cirurgias eletivas est\u00e3o entre os tratamentos mais procurados na regi\u00e3o.<\/li>\n\n\n\n<li><strong>M\u00e9dio Oriente:<\/strong> Pa\u00edses como os Emirados \u00c1rabes Unidos e a Jord\u00e2nia est\u00e3o a atrair turistas m\u00e9dicos que procuram instala\u00e7\u00f5es de \u00faltima gera\u00e7\u00e3o e tratamentos especializados, particularmente em tratamentos de fertilidade, ortopedia e procedimentos cosm\u00e9ticos.<\/li>\n<\/ul>\n\n\n\n<h2 class=\"wp-block-heading\">P\u00fablico-alvo principal<\/h2>\n\n\n\n<p>O p\u00fablico-alvo do marketing de turismo m\u00e9dico \u00e9 composto por indiv\u00edduos que procuram servi\u00e7os de sa\u00fade no exterior por diversos motivos:<\/p>\n\n\n\n<ul class=\"wp-block-list\">\n<li><strong>Pacientes Conscientes dos Custos:<\/strong> Indiv\u00edduos que procuram alternativas acess\u00edveis a tratamentos dispendiosos nos seus pa\u00edses de origem.<\/li>\n\n\n\n<li><strong>Buscadores de qualidade:<\/strong> Pacientes que procuram cuidados m\u00e9dicos de alta qualidade, tecnologia avan\u00e7ada e conhecimentos especializados n\u00e3o dispon\u00edveis localmente.<\/li>\n\n\n\n<li><strong>Necessidades de acessibilidade:<\/strong> Pacientes que enfrentam longos tempos de espera ou acesso limitado a tratamentos espec\u00edficos nos seus pa\u00edses de origem.<\/li>\n\n\n\n<li><strong>Turistas de bem-estar:<\/strong> Indiv\u00edduos interessados em combinar tratamentos m\u00e9dicos com atividades de lazer, retiros de bem-estar ou experi\u00eancias culturais.<\/li>\n\n\n\n<li><strong>Necessidade M\u00e9dica:<\/strong> Os pacientes que necessitam de interven\u00e7\u00f5es m\u00e9dicas urgentes ou especializadas n\u00e3o est\u00e3o dispon\u00edveis ou acess\u00edveis nos seus pa\u00edses de origem.<\/li>\n<\/ul>\n\n\n\n<h2 class=\"wp-block-heading\">Quais s\u00e3o os segmentos de maior crescimento?<\/h2>\n\n\n\n<p>No dom\u00ednio do turismo m\u00e9dico, v\u00e1rios segmentos est\u00e3o a registar um crescimento significativo:<\/p>\n\n\n\n<ul class=\"wp-block-list\">\n<li><strong>Cirurgia est\u00e9tica:<\/strong> Procedimentos como aumento dos seios, lipoaspira\u00e7\u00e3o, rinoplastia e lifting facial continuam a atrair muitos turistas m\u00e9dicos em busca de melhorias est\u00e9ticas.<\/li>\n\n\n\n<li><strong>Turismo Odontol\u00f3gico:<\/strong> Procedimentos odontol\u00f3gicos, incluindo implantes, coroas e tratamentos ortod\u00f4nticos, s\u00e3o populares entre pacientes internacionais que buscam atendimento odontol\u00f3gico de alta qualidade, por\u00e9m acess\u00edvel.<\/li>\n\n\n\n<li><strong>Turismo de Fertilidade:<\/strong> Os casais que enfrentam problemas de infertilidade procuram frequentemente tecnologias de reprodu\u00e7\u00e3o assistida, como a fertiliza\u00e7\u00e3o in vitro (FIV), a doa\u00e7\u00e3o de \u00f3vulos e servi\u00e7os de barriga de aluguer em pa\u00edses que oferecem tratamentos avan\u00e7ados de fertilidade a pre\u00e7os competitivos.<\/li>\n<\/ul>\n\n\n\n<h2 class=\"wp-block-heading\">Drivers de mercado<\/h2>\n\n\n\n<p>V\u00e1rios fatores est\u00e3o impulsionando o crescimento do mercado de turismo m\u00e9dico:<\/p>\n\n\n\n<ul class=\"wp-block-list\">\n<li><strong>Poupan\u00e7a de custos:<\/strong> As diferen\u00e7as significativas de pre\u00e7os dos tratamentos m\u00e9dicos entre pa\u00edses incentivam os pacientes a procurar servi\u00e7os de sa\u00fade no estrangeiro, onde podem beneficiar de poupan\u00e7as de custos sem comprometer a qualidade.<\/li>\n\n\n\n<li><strong>Globaliza\u00e7\u00e3o e conectividade:<\/strong> A melhoria da infraestrutura de transporte, a facilidade de viajar e os avan\u00e7os na telemedicina facilitam as viagens perfeitas dos pacientes, permitindo que os indiv\u00edduos tenham acesso a servi\u00e7os de sa\u00fade al\u00e9m das fronteiras geogr\u00e1ficas.<\/li>\n\n\n\n<li><strong>Cobertura de Seguro e Assist\u00eancia:<\/strong> A crescente disponibilidade de cobertura de seguro de turismo m\u00e9dico e servi\u00e7os de assist\u00eancia proporciona aos pacientes prote\u00e7\u00e3o financeira e apoio log\u00edstico, incentivando-os a considerar op\u00e7\u00f5es de viagens m\u00e9dicas.<\/li>\n<\/ul>\n\n\n\n<h2 class=\"wp-block-heading\">Restri\u00e7\u00f5es de mercado<\/h2>\n\n\n\n<p>Apesar das oportunidades de crescimento, o mercado do turismo m\u00e9dico tamb\u00e9m enfrenta v\u00e1rios desafios:<\/p>\n\n\n\n<ul class=\"wp-block-list\">\n<li><strong>Preocupa\u00e7\u00f5es com a qualidade:<\/strong> Os pacientes podem ter reservas quanto aos padr\u00f5es de qualidade e seguran\u00e7a dos servi\u00e7os de sa\u00fade nos pa\u00edses de destino, levando \u00e0 hesita\u00e7\u00e3o ou relut\u00e2ncia em viajar para tratamentos m\u00e9dicos.<\/li>\n\n\n\n<li><strong>Quest\u00f5es \u00c9ticas e Legais:<\/strong> Os dilemas \u00e9ticos em torno de pr\u00e1ticas como barriga de aluguer, transplante de \u00f3rg\u00e3os e tratamentos experimentais suscitam preocupa\u00e7\u00f5es entre os pacientes, os prestadores de cuidados de sa\u00fade e as autoridades reguladoras, impactando a reputa\u00e7\u00e3o e a credibilidade dos destinos de turismo m\u00e9dico.<\/li>\n\n\n\n<li><strong>Barreiras culturais e lingu\u00edsticas:<\/strong> As diferen\u00e7as culturais, as barreiras lingu\u00edsticas e os desafios de comunica\u00e7\u00e3o podem impedir intera\u00e7\u00f5es eficazes entre o paciente e o prestador de cuidados de sa\u00fade e contribuir para mal-entendidos ou insatisfa\u00e7\u00e3o entre os pacientes internacionais.<\/li>\n<\/ul>\n\n\n\n<h2 class=\"wp-block-heading\">Oportunidades em marketing de turismo m\u00e9dico para empresas<\/h2>\n\n\n\n<p>Apesar dos desafios, existem diversas oportunidades para as empresas que operam no setor do turismo m\u00e9dico:<\/p>\n\n\n\n<ul class=\"wp-block-list\">\n<li><strong>Servi\u00e7os Especializados:<\/strong> Oferecer tratamentos m\u00e9dicos de nicho, planos de cuidados personalizados e experi\u00eancias adaptadas a dados demogr\u00e1ficos espec\u00edficos de pacientes pode diferenciar os prestadores de cuidados de sa\u00fade e atrair pacientes que procuram servi\u00e7os especializados.<\/li>\n\n\n\n<li><strong>Marca do destino:<\/strong> Construir uma marca de destino s\u00f3lida, destacando pontos de venda \u00fanicos, atra\u00e7\u00f5es culturais e comodidades tur\u00edsticas, pode posicionar pa\u00edses ou cidades como destinos de turismo m\u00e9dico de primeira linha, promovendo a confian\u00e7a entre os pacientes internacionais.<\/li>\n\n\n\n<li><strong>Colabora\u00e7\u00f5es de parceria:<\/strong> Parcerias estrat\u00e9gicas com companhias a\u00e9reas, hot\u00e9is, ag\u00eancias de viagens e seguradoras podem agilizar a jornada do paciente, melhorar a experi\u00eancia geral e criar servi\u00e7os de valor agregado para turistas m\u00e9dicos.<\/li>\n<\/ul>\n\n\n\n<h2 class=\"wp-block-heading\">Atratividade da Ind\u00fastria: An\u00e1lise das Cinco For\u00e7as de Porter do Mercado de Turismo M\u00e9dico<\/h2>\n\n\n\n<p>A estrutura das Cinco For\u00e7as de Porter fornece uma an\u00e1lise abrangente da din\u00e2mica competitiva e da atratividade do mercado de turismo m\u00e9dico:<\/p>\n\n\n\n<ul class=\"wp-block-list\">\n<li><strong>Amea\u00e7a de novos participantes:<\/strong> A amea\u00e7a de novos participantes no mercado do turismo m\u00e9dico \u00e9 relativamente elevada devido \u00e0s baixas barreiras \u00e0 entrada, especialmente em regi\u00f5es onde as infra-estruturas de sa\u00fade est\u00e3o a desenvolver-se rapidamente. No entanto, os intervenientes estabelecidos com forte reconhecimento de marca, redes extensas e conformidade regulamentar desfrutam de vantagens competitivas, tornando um desafio para os novos participantes ganharem quota de mercado.<\/li>\n\n\n\n<li><strong>Poder de barganha dos compradores:<\/strong> O poder de negocia\u00e7\u00e3o dos compradores, ou seja, dos turistas m\u00e9dicos, \u00e9 significativo, impulsionado por factores como a acessibilidade \u00e0 informa\u00e7\u00e3o, a transpar\u00eancia nos pre\u00e7os e a disponibilidade de op\u00e7\u00f5es alternativas. Os prestadores de cuidados de sa\u00fade devem dar prioridade \u00e0 satisfa\u00e7\u00e3o dos pacientes, \u00e0 qualidade dos cuidados e aos servi\u00e7os de valor acrescentado para reter e atrair pacientes num mercado competitivo.<\/li>\n\n\n\n<li><strong>Poder de barganha dos fornecedores:<\/strong> Os fornecedores do mercado de turismo m\u00e9dico, incluindo profissionais de sa\u00fade, fornecedores de equipamentos m\u00e9dicos e empresas farmac\u00eauticas, exercem um poder de negocia\u00e7\u00e3o moderado. Para mitigar os riscos e manter os padr\u00f5es de qualidade, os prestadores de cuidados de sa\u00fade devem estabelecer parcerias estrat\u00e9gicas, negociar condi\u00e7\u00f5es favor\u00e1veis e garantir uma cadeia de abastecimento fi\u00e1vel.<\/li>\n\n\n\n<li><strong>Amea\u00e7a de substitutos:<\/strong> A amea\u00e7a de substitutos no mercado do turismo m\u00e9dico \u00e9 influenciada pelos avan\u00e7os na infra-estrutura local de sa\u00fade, na cobertura de seguros para tratamentos dom\u00e9sticos e nas prefer\u00eancias pela medicina tradicional ou alternativa.<\/li>\n\n\n\n<li><strong>Rivalidade competitiva:<\/strong> A rivalidade competitiva no mercado de turismo m\u00e9dico \u00e9 intensa, impulsionada pela concorr\u00eancia de pre\u00e7os, qualidade do servi\u00e7o, atratividade do destino e efic\u00e1cia do marketing.<\/li>\n<\/ul>\n\n\n\n<h2 class=\"wp-block-heading\">Como os servi\u00e7os de marketing de turismo m\u00e9dico da SIS International ajudam as empresas<\/h2>\n\n\n\n<p><a href=\"https:\/\/www.sisinternational.com\/pt\/dia-de-washington-e-presidentes\/\" title=\"Marketing de f\u00e9rias no Dia do Presidente\"  data-wpil-monitor-id=\"4482\">SIS International&#8217;s comprehensive suite of medical tourism<\/a> marketing services empowers businesses to navigate the complexities of the global healthcare landscape and achieve their strategic objectives:<\/p>\n\n\n\n<ul class=\"wp-block-list\">\n<li><strong>Pesquisa e Consultoria de Mercado:<\/strong> Aproveitando nosso marketing de turismo m\u00e9dico, fornecemos insights pr\u00e1ticos, an\u00e1lises do setor e recomenda\u00e7\u00f5es estrat\u00e9gicas para ajudar as empresas a identificar oportunidades de mercado, compreender o comportamento do consumidor e tomar decis\u00f5es informadas.<\/li>\n\n\n\n<li><strong>Solu\u00e7\u00f5es de marketing digital:<\/strong> Nossas solu\u00e7\u00f5es de marketing digital abrangem otimiza\u00e7\u00e3o de mecanismos de pesquisa (SEO), publicidade paga por clique (PPC), gerenciamento de m\u00eddia social e estrat\u00e9gias de marketing de conte\u00fado adaptadas para atrair e envolver pacientes internacionais, aumentar a visibilidade da marca e gerar convers\u00f5es de pacientes.<\/li>\n\n\n\n<li><strong>Parcerias e Alian\u00e7as Estrat\u00e9gicas:<\/strong> Nossa extensa rede e conex\u00f5es industriais facilitam parcerias estrat\u00e9gicas, colabora\u00e7\u00f5es e alian\u00e7as com as principais partes interessadas, incluindo prestadores de servi\u00e7os de sa\u00fade, ag\u00eancias de viagens, companhias de seguros e autoridades governamentais, para expandir o alcance do mercado, aprimorar as ofertas de servi\u00e7os e maximizar sinergias.<\/li>\n\n\n\n<li><strong>Gest\u00e3o de Risco e Conformidade:<\/strong> Ajudamos as empresas a navegar pela conformidade regulat\u00f3ria, pelas considera\u00e7\u00f5es legais e pelos desafios de gerenciamento de riscos associados \u00e0 opera\u00e7\u00e3o em diversas jurisdi\u00e7\u00f5es, garantindo a ades\u00e3o aos padr\u00f5es do setor, \u00e0s pr\u00e1ticas \u00e9ticas e aos protocolos de seguran\u00e7a do paciente.<\/li>\n\n\n\n<li><strong>Acompanhamento e otimiza\u00e7\u00e3o de desempenho:<\/strong> Nossa abordagem baseada em dados para monitoramento, an\u00e1lise e otimiza\u00e7\u00e3o de desempenho permite que as empresas me\u00e7am a efic\u00e1cia das iniciativas de marketing, identifiquem \u00e1reas de melhoria e otimizem a aloca\u00e7\u00e3o de recursos para alcan\u00e7ar o ROI m\u00e1ximo.<\/li>\n<\/ul>\n\n\n\n<p><\/p>","protected":false},"excerpt":{"rendered":"<p>O marketing do turismo m\u00e9dico visa a promo\u00e7\u00e3o e comunica\u00e7\u00e3o de pacientes internacionais que procuram servi\u00e7os m\u00e9dicos em pa\u00edses estrangeiros.<\/p>","protected":false},"author":1,"featured_media":63847,"parent":44644,"menu_order":43,"comment_status":"closed","ping_status":"closed","template":"","meta":{"footnotes":""},"class_list":["post-48061","page","type-page","status-publish","has-post-thumbnail"],"_links":{"self":[{"href":"https:\/\/www.sisinternational.com\/pt\/wp-json\/wp\/v2\/pages\/48061","targetHints":{"allow":["GET"]}}],"collection":[{"href":"https:\/\/www.sisinternational.com\/pt\/wp-json\/wp\/v2\/pages"}],"about":[{"href":"https:\/\/www.sisinternational.com\/pt\/wp-json\/wp\/v2\/types\/page"}],"author":[{"embeddable":true,"href":"https:\/\/www.sisinternational.com\/pt\/wp-json\/wp\/v2\/users\/1"}],"replies":[{"embeddable":true,"href":"https:\/\/www.sisinternational.com\/pt\/wp-json\/wp\/v2\/comments?post=48061"}],"version-history":[{"count":10,"href":"https:\/\/www.sisinternational.com\/pt\/wp-json\/wp\/v2\/pages\/48061\/revisions"}],"predecessor-version":[{"id":81056,"href":"https:\/\/www.sisinternational.com\/pt\/wp-json\/wp\/v2\/pages\/48061\/revisions\/81056"}],"up":[{"embeddable":true,"href":"https:\/\/www.sisinternational.com\/pt\/wp-json\/wp\/v2\/pages\/44644"}],"wp:featuredmedia":[{"embeddable":true,"href":"https:\/\/www.sisinternational.com\/pt\/wp-json\/wp\/v2\/media\/63847"}],"wp:attachment":[{"href":"https:\/\/www.sisinternational.com\/pt\/wp-json\/wp\/v2\/media?parent=48061"}],"curies":[{"name":"wp","href":"https:\/\/api.w.org\/{rel}","templated":true}]}}