{"id":47887,"date":"2024-05-04T11:55:08","date_gmt":"2024-05-04T15:55:08","guid":{"rendered":"https:\/\/www.sisinternational.com\/?page_id=47887"},"modified":"2026-01-26T18:35:22","modified_gmt":"2026-01-26T23:35:22","slug":"pesquisa-de-mercado-de-acessorios-de-moda","status":"publish","type":"page","link":"https:\/\/www.sisinternational.com\/pt\/pericia\/pesquisa-de-mercado-de-acessorios-de-moda\/","title":{"rendered":"Pesquisa de mercado de acess\u00f3rios de moda"},"content":{"rendered":"<h1 class=\"wp-block-heading\">Pesquisa de mercado de acess\u00f3rios de moda<\/h1>\n\n\n\n<figure class=\"gb-block-image gb-block-image-42968ed4\"><img loading=\"lazy\" decoding=\"async\" width=\"1456\" height=\"816\" class=\"gb-image gb-image-42968ed4\" src=\"https:\/\/www.sisinternational.com\/wp-content\/uploads\/2025\/08\/fashion-accesories-2.jpg\" alt=\"Pesquisa e Estrat\u00e9gia de Mercado Internacional da SIS\" title=\"fashion accesories (2)\" srcset=\"https:\/\/www.sisinternational.com\/wp-content\/uploads\/2025\/08\/fashion-accesories-2.jpg 1456w, https:\/\/www.sisinternational.com\/wp-content\/uploads\/2025\/08\/fashion-accesories-2-300x168.jpg 300w, https:\/\/www.sisinternational.com\/wp-content\/uploads\/2025\/08\/fashion-accesories-2-1024x574.jpg 1024w, https:\/\/www.sisinternational.com\/wp-content\/uploads\/2025\/08\/fashion-accesories-2-768x430.jpg 768w, https:\/\/www.sisinternational.com\/wp-content\/uploads\/2025\/08\/fashion-accesories-2-18x10.jpg 18w\" sizes=\"auto, (max-width: 1456px) 100vw, 1456px\"><\/figure>\n\n\n\n<p><\/p>\n\n\n\n<hr class=\"wp-block-separator has-alpha-channel-opacity is-style-dots\"\/>\n\n\n\n<p>O que diferencia um mero acess\u00f3rio de uma declara\u00e7\u00e3o de moda cobi\u00e7ada? Como os designers antecipam os gostos e prefer\u00eancias em constante mudan\u00e7a dos criadores de tend\u00eancias em todo o mundo? Essas quest\u00f5es est\u00e3o no cerne da pesquisa de mercado de acess\u00f3rios de moda.<\/p>\n\n\n\n<h2 class=\"wp-block-heading\">O que \u00e9 pesquisa de mercado de acess\u00f3rios de moda?<\/h2>\n\n\n\n<p>Fashion <a href=\"https:\/\/www.sisinternational.com\/pt\/pericia\/industrias\/pesquisa-de-mercado-de-acessorios-para-panelas-e-assadeiras\/\" title=\"Pesquisa de mercado de panelas e assadeiras, panelas e acess\u00f3rios\"  data-wpil-monitor-id=\"4953\">accessories market research<\/a> studies trends, consumer behavior, competitive landscape, and market dynamics within the fashion accessories industry. It involves gathering data and insights related to various product categories, including jewelry, handbags, belts, scarves, hats, and sunglasses.<\/p>\n\n\n\n<h2 class=\"wp-block-heading\">Por que isso \u00e9 importante?<\/h2>\n\n\n\n<p>It provides valuable insights into consumer preferences, trends, and behaviors. For instance, through market research, companies can identify emerging trends, popular styles, and preferred materials, allowing them to develop products that resonate with consumers and stand out in the market.<\/p>\n\n\n\n<p><a href=\"https:\/\/www.sisinternational.com\/pt\/pericia\/industrias\/pesquisa-de-mercado-de-moda\/\" title=\"Pesquisa de mercado de moda e vestu\u00e1rio\"  data-wpil-monitor-id=\"6939\">Fashion accessories market research<\/a> enables businesses to stay ahead of the competition by keeping abreast of industry trends and developments. In today&#8217;s fast-paced fashion industry, trends come and go quickly, and businesses must proactively identify and capitalize on emerging opportunities. Market research helps companies monitor competitor activities, track industry innovations, and anticipate shifts in consumer preferences, allowing them to make informed decisions and maintain a competitive edge.<\/p>\n\n\n\n<p>Al\u00e9m disso, a pesquisa de mercado de acess\u00f3rios de moda \u00e9 fundamental para minimizar os riscos e maximizar o retorno do investimento para as empresas. Ao realizar an\u00e1lises de mercado minuciosas, as empresas podem identificar desafios potenciais, avaliar a procura do mercado e avaliar a viabilidade de lan\u00e7amentos de novos produtos ou empreendimentos comerciais. Esta abordagem proactiva ajuda a mitigar os riscos associados \u00e0s incertezas do mercado, reduzindo a probabilidade de falhas dispendiosas e garantindo a aloca\u00e7\u00e3o estrat\u00e9gica de recursos para resultados \u00f3ptimos.<\/p>\n\n\n\n<h2 class=\"wp-block-heading\">Who Benefits from This Research<\/h2>\n\n\n\n<p>Fashion Designers and <a href=\"https:\/\/www.sisinternational.com\/pt\/o-que-sao-relacoes-publicas\/\" title=\"Rela\u00e7\u00f5es P\u00fablicas e Pesquisa de Mercado\"  data-wpil-monitor-id=\"2249\">Brands utilize fashion accessories market research<\/a> to understand consumer preferences, identify emerging trends, and develop innovative products that resonate with their target audience.<\/p>\n\n\n\n<p><a href=\"https:\/\/www.sisinternational.com\/pt\/solucoes\/solucoes-de-branding-e-pesquisa-de-clientes\/pesquisa-de-mercado-de-varejo\/\" title=\"Pesquisa de mercado de varejo | Pesquisa de mercado na loja\"  data-wpil-monitor-id=\"6745\">Retailers and E-commerce Platforms leverage market research<\/a> to optimize their product assortments, pricing strategies, and marketing campaigns to attract customers and drive sales.<\/p>\n\n\n\n<p>Manufacturers and Suppliers use <a href=\"https:\/\/www.sisinternational.com\/pt\/solucoes\/pesquisa-de-mercado-industrial-2\/\" title=\"Pesquisa de mercado de manufatura\"  data-wpil-monitor-id=\"5523\">pesquisa de mercado de acess\u00f3rios de moda<\/a> to align their production processes with market demand, ensuring they can efficiently meet the needs of fashion brands and retailers.<\/p>\n\n\n\n<p>Investors and Stakeholders rely on market <a href=\"https:\/\/www.sisinternational.com\/pt\/non-profit-market-research\/\" title=\"Pesquisa de mercado sem fins lucrativos\"  data-wpil-monitor-id=\"1004\">research to evaluate fashion accessory<\/a> businesses&#8217; potential profitability and growth prospects, guiding their investment decisions.<\/p>\n\n\n\n<h2 class=\"wp-block-heading\">resultados esperados<\/h2>\n\n\n\n<p>Ao realizar pesquisas completas de mercado de acess\u00f3rios de moda na ind\u00fastria de acess\u00f3rios de moda, as empresas podem antecipar v\u00e1rios resultados que contribuem para o seu sucesso:<\/p>\n\n\n\n<ul class=\"wp-block-list\">\n<li><strong>Desenvolvimento de produto informado:<\/strong> Ao compreender as prefer\u00eancias dos consumidores e as tend\u00eancias do mercado, as empresas podem desenvolver acess\u00f3rios de moda que se alinhem com as exig\u00eancias dos clientes, criando produtos inovadores e desej\u00e1veis.<\/li>\n\n\n\n<li><strong>Estrat\u00e9gias de marketing eficazes:<\/strong> A pesquisa de mercado permite que as empresas adaptem seus esfor\u00e7os de marketing \u00e0s prefer\u00eancias e ao comportamento de seu p\u00fablico-alvo, resultando em campanhas mais impactantes que impulsionam o conhecimento da marca e as vendas.<\/li>\n\n\n\n<li><strong>Posicionamento competitivo aprimorado:<\/strong> Com insights sobre as estrat\u00e9gias dos concorrentes e a din\u00e2mica do mercado, as empresas podem identificar oportunidades para se diferenciarem e estabelecerem uma proposta de valor \u00fanica que repercuta nos consumidores.<\/li>\n\n\n\n<li><strong>Gerenciamento otimizado da cadeia de suprimentos:<\/strong> <a href=\"https:\/\/www.sisinternational.com\/pt\/white-paper-que-vem-primeiro-demanda-ou-oferta\/\" title=\"White Paper: O que vem primeiro: demanda ou oferta?\"  data-wpil-monitor-id=\"4799\">Pesquisa de mercado<\/a> helps businesses anticipate demand fluctuations and optimize their supply chain processes, ensuring efficient production, distribution, and inventory management.<\/li>\n\n\n\n<li><strong>Melhor tomada de decis\u00e3o:<\/strong> Com dados e an\u00e1lises de mercado abrangentes, os tomadores de decis\u00e3o podem tomar decis\u00f5es estrat\u00e9gicas informadas que minimizam os riscos e maximizam as oportunidades de crescimento e lucratividade.<\/li>\n<\/ul>\n\n\n\n<h2 class=\"wp-block-heading\">Growing Segments<\/h2>\n\n\n\n<figure class=\"gb-block-image gb-block-image-8ecec1c3\"><img loading=\"lazy\" decoding=\"async\" width=\"1456\" height=\"816\" class=\"gb-image gb-image-8ecec1c3\" src=\"https:\/\/www.sisinternational.com\/wp-content\/uploads\/2025\/08\/fashion-accesories-3.jpg\" alt=\"Pesquisa e Estrat\u00e9gia de Mercado Internacional da SIS\" title=\"fashion accesories (3)\" srcset=\"https:\/\/www.sisinternational.com\/wp-content\/uploads\/2025\/08\/fashion-accesories-3.jpg 1456w, https:\/\/www.sisinternational.com\/wp-content\/uploads\/2025\/08\/fashion-accesories-3-300x168.jpg 300w, https:\/\/www.sisinternational.com\/wp-content\/uploads\/2025\/08\/fashion-accesories-3-1024x574.jpg 1024w, https:\/\/www.sisinternational.com\/wp-content\/uploads\/2025\/08\/fashion-accesories-3-768x430.jpg 768w, https:\/\/www.sisinternational.com\/wp-content\/uploads\/2025\/08\/fashion-accesories-3-18x10.jpg 18w\" sizes=\"auto, (max-width: 1456px) 100vw, 1456px\"><\/figure>\n\n\n\n<p><\/p>\n\n\n\n<p>O mercado de acess\u00f3rios de moda compreende diversos segmentos, cada um vivenciando diferentes n\u00edveis de crescimento e demanda. Alguns segmentos de maior crescimento incluem:<\/p>\n\n\n\n<ul class=\"wp-block-list\">\n<li><strong>Bolsas e bolsas:<\/strong> O segmento de bolsas continua a experimentar um crescimento significativo, impulsionado pelas mudan\u00e7as nas tend\u00eancias da moda, pelo aumento da renda dispon\u00edvel do consumidor e pela popularidade das marcas de grife.<\/li>\n\n\n\n<li><strong>Joias e rel\u00f3gios:<\/strong> As joias e os rel\u00f3gios continuam a ser acess\u00f3rios de moda muito procurados, sendo a procura alimentada pela evolu\u00e7\u00e3o das prefer\u00eancias dos consumidores, pelas ocasi\u00f5es de presentear e pela ascens\u00e3o dos canais de retalho de luxo online e offline.<\/li>\n\n\n\n<li><strong>Len\u00e7os e xales:<\/strong> Len\u00e7os e xales cresceram em popularidade, impulsionados por sua versatilidade como acess\u00f3rios de moda e pela capacidade de adicionar um toque de estilo a qualquer roupa.<br><strong>Cintos e Carteiras:<\/strong> Cintos e carteiras s\u00e3o acess\u00f3rios essenciais tanto para homens como para mulheres, sendo a procura impulsionada por fatores como tend\u00eancias da moda, funcionalidade e apelo da marca.<\/li>\n\n\n\n<li><strong>Chap\u00e9us e acess\u00f3rios para cabe\u00e7a:<\/strong> Os chap\u00e9us e acess\u00f3rios para a cabe\u00e7a t\u00eam despertado um interesse renovado, especialmente entre os consumidores mais jovens que procuram expressar a sua individualidade e estilo atrav\u00e9s de designs exclusivos de acess\u00f3rios para a cabe\u00e7a.<\/li>\n<\/ul>\n\n\n\n<h2 class=\"wp-block-heading\">Oportunidades<\/h2>\n\n\n\n<p>A pesquisa de mercado na ind\u00fastria de acess\u00f3rios de moda apresenta diversas oportunidades para empresas que buscam obter vantagem competitiva e impulsionar o crescimento:<\/p>\n\n\n\n<ul class=\"wp-block-list\">\n<li><strong>Expandindo para novos mercados:<\/strong> A pesquisa de mercado fornece informa\u00e7\u00f5es valiosas sobre mercados e segmentos de consumidores inexplorados, permitindo que as empresas expandam sua presen\u00e7a geogr\u00e1fica ou demograficamente de forma estrat\u00e9gica. Essa expans\u00e3o pode levar ao aumento da participa\u00e7\u00e3o de mercado e ao crescimento da receita.<\/li>\n\n\n\n<li><strong>Melhorando a diferencia\u00e7\u00e3o do produto:<\/strong> Ao aproveitar os resultados da pesquisa de mercado, as empresas podem desenvolver propostas de valor \u00fanicas, refinar designs de produtos e posicionar a sua marca de forma distinta no mercado.<\/li>\n\n\n\n<li><strong>Otimizando estrat\u00e9gias de pre\u00e7os:<\/strong> Atrav\u00e9s de uma an\u00e1lise abrangente do mercado, as empresas podem determinar estrat\u00e9gias de pre\u00e7os ideais que equilibrem a competitividade com a rentabilidade. Ao compreender a din\u00e2mica dos pre\u00e7os e as percep\u00e7\u00f5es dos consumidores, as empresas podem definir pre\u00e7os que maximizem as receitas e, ao mesmo tempo, permane\u00e7am atraentes para os clientes.<\/li>\n<\/ul>\n\n\n\n<h2 class=\"wp-block-heading\">Desafios<\/h2>\n\n\n\n<p>Apesar dos seus in\u00fameros benef\u00edcios, a pesquisa de mercado na ind\u00fastria de acess\u00f3rios de moda tamb\u00e9m apresenta desafios que as empresas devem enfrentar de forma eficaz:<\/p>\n\n\n\n<ul class=\"wp-block-list\">\n<li><strong>Din\u00e2mica acelerada da ind\u00fastria:<\/strong> A ind\u00fastria de acess\u00f3rios de moda \u00e9 caracterizada por tend\u00eancias, prefer\u00eancias de consumo e cen\u00e1rios competitivos em r\u00e1pida mudan\u00e7a.<\/li>\n\n\n\n<li><strong>Qualidade e confiabilidade dos dados:<\/strong> A obten\u00e7\u00e3o de dados precisos e confi\u00e1veis pode ser um desafio, especialmente em mercados com diversos segmentos de consumidores e canais de distribui\u00e7\u00e3o.<\/li>\n\n\n\n<li><strong>Inteligencia competitiva:<\/strong> A coleta de insights pr\u00e1ticos sobre estrat\u00e9gias de concorrentes e tend\u00eancias de mercado requer esfor\u00e7os completos de intelig\u00eancia competitiva. Isto pode envolver a monitoriza\u00e7\u00e3o das atividades dos concorrentes, a realiza\u00e7\u00e3o de exerc\u00edcios de compras misteriosas e a an\u00e1lise do posicionamento de mercado para identificar oportunidades e amea\u00e7as de forma eficaz.<\/li>\n<\/ul>\n\n\n\n<h2 class=\"wp-block-heading\">An\u00e1lise SWOT<\/h2>\n\n\n\n<p>Uma an\u00e1lise SWOT do mercado de acess\u00f3rios de moda fornece informa\u00e7\u00f5es valiosas sobre os pontos fortes e fracos internos da ind\u00fastria, bem como oportunidades e amea\u00e7as externas:<\/p>\n\n\n\n<p><strong>For\u00e7as<\/strong><\/p>\n\n\n\n<ul class=\"wp-block-list\">\n<li><strong>Gama diversificada de produtos:<\/strong> O mercado de acess\u00f3rios de moda abrange uma ampla gama de produtos, incluindo joias, bolsas, len\u00e7os, cintos e chap\u00e9us, oferecendo amplas oportunidades de inova\u00e7\u00e3o e diferencia\u00e7\u00e3o de produtos.<\/li>\n\n\n\n<li><strong>Forte demanda do consumidor:<\/strong> Os acess\u00f3rios de moda s\u00e3o essenciais para o estilo pessoal e a autoexpress\u00e3o, impulsionando uma procura consistente em v\u00e1rios segmentos demogr\u00e1ficos e regi\u00f5es geogr\u00e1ficas.<\/li>\n\n\n\n<li><strong>Marketing de influ\u00eancia:<\/strong> A colabora\u00e7\u00e3o com influenciadores e celebridades permite que as marcas aproveitem o seu alcance e influ\u00eancia para promover acess\u00f3rios de moda, aumentando a visibilidade da marca e o envolvimento do consumidor.<\/li>\n<\/ul>\n\n\n\n<p><strong>Fraquezas<\/strong><\/p>\n\n\n\n<ul class=\"wp-block-list\">\n<li><strong>Variabilidade sazonal:<\/strong> As vendas de acess\u00f3rios de moda podem estar sujeitas a flutua\u00e7\u00f5es sazonais, com a procura influenciada por fatores como mudan\u00e7as nas tend\u00eancias da moda e \u00e9pocas festivas. Isso representa desafios para o gerenciamento de estoque e previs\u00e3o de receitas.<\/li>\n\n\n\n<li><strong>Produtos falsificados:<\/strong> O mercado de acess\u00f3rios de moda \u00e9 vulner\u00e1vel a produtos falsificados, o que pode prejudicar a reputa\u00e7\u00e3o da marca, minar a confian\u00e7a do consumidor e impactar as receitas de vendas.<\/li>\n\n\n\n<li><strong>Sensibilidade ao pre\u00e7o:<\/strong> A sensibilidade aos pre\u00e7os entre os consumidores, especialmente face \u00e0s incertezas econ\u00f3micas, pode representar desafios para as marcas que procuram manter pre\u00e7os premium e rentabilidade.<\/li>\n<\/ul>\n\n\n\n<p><strong>Oportunidades<\/strong><\/p>\n\n\n\n<ul class=\"wp-block-list\">\n<li><strong>Expans\u00e3o do com\u00e9rcio eletr\u00f4nico:<\/strong> O crescimento dos canais de retalho online apresenta oportunidades significativas para as marcas de acess\u00f3rios de moda atingirem um p\u00fablico mais amplo, melhorarem a conveni\u00eancia do cliente e impulsionarem as vendas atrav\u00e9s de plataformas de com\u00e9rcio eletr\u00f3nico.<\/li>\n\n\n\n<li><strong>Moda Sustent\u00e1vel:<\/strong> Increasing consumer awareness and demand for sustainable and ethically produced <a href=\"https:\/\/www.sisinternational.com\/pt\/solucoes\/solucoes-de-pesquisa-quantitativa-qualitativa\/demand-forecasting-best-practices\/\" title=\"Demand Forecasting Best Practices\"  data-wpil-monitor-id=\"1648\">fashion accessories<\/a> create opportunities for brands to differentiate themselves by adopting environmentally friendly practices and promoting sustainability initiatives.<\/li>\n\n\n\n<li><strong>Tend\u00eancias de personaliza\u00e7\u00e3o:<\/strong> Growing interest in personalized <a href=\"https:\/\/www.sisinternational.com\/pt\/mystery-shopping-for-tobacco-products\/\" title=\"Mystery Shopping for Tobacco Products\"  data-wpil-monitor-id=\"1277\">products and customized shopping<\/a> experiences allows brands to offer personalized fashion accessories, catering to individual tastes and preferences.<\/li>\n<\/ul>\n\n\n\n<p><strong>Amea\u00e7as<\/strong><\/p>\n\n\n\n<ul class=\"wp-block-list\">\n<li><strong>Competi\u00e7\u00e3o intensa:<\/strong> O mercado de acess\u00f3rios de moda \u00e9 altamente competitivo, com in\u00fameras marcas estabelecidas e novos participantes disputando participa\u00e7\u00e3o de mercado, intensificando a concorr\u00eancia e as press\u00f5es sobre os pre\u00e7os.<\/li>\n\n\n\n<li><strong>Incertezas econ\u00f4micas:<\/strong> As crises econ\u00f3micas, as tens\u00f5es geopol\u00edticas e as flutua\u00e7\u00f5es cambiais podem afetar o comportamento dos consumidores, reduzindo os gastos discricion\u00e1rios em acess\u00f3rios de moda e desafiando as condi\u00e7\u00f5es de mercado.<\/li>\n\n\n\n<li><strong>Avan\u00e7os tecnol\u00f3gicos r\u00e1pidos:<\/strong> As inova\u00e7\u00f5es tecnol\u00f3gicas, como a impress\u00e3o 3D e a realidade aumentada, podem perturbar os modelos tradicionais de produ\u00e7\u00e3o e retalho, representando amea\u00e7as para os operadores hist\u00f3ricos que n\u00e3o conseguem adaptar-se \u00e0 evolu\u00e7\u00e3o das prefer\u00eancias dos consumidores e \u00e0s tend\u00eancias da ind\u00fastria.<\/li>\n<\/ul>\n\n\n\n<h2 class=\"wp-block-heading\">A vantagem internacional do SIS<\/h2>\n\n\n\n<p>At SIS International, we provide comprehensive <a href=\"https:\/\/www.sisinternational.com\/pt\/solucoes\/inovacao\/pensamento-de-design\/\" title=\"Pesquisa de mercado de pensamento de design\"  data-wpil-monitor-id=\"6697\">market research and consulting services designed<\/a> to empower businesses to thrive in today&#8217;s competitive landscape.<\/p>\n\n\n\n<ul class=\"wp-block-list\">\n<li><strong>Reduzindo o risco:<\/strong> Atrav\u00e9s de an\u00e1lises meticulosas e conhecimento do setor, identificamos riscos potenciais e fornecemos insights pr\u00e1ticos para mitig\u00e1-los, garantindo que as empresas possam enfrentar os desafios com confian\u00e7a.<\/li>\n\n\n\n<li><strong>Aumentando a receita:<\/strong> Nossas solu\u00e7\u00f5es personalizadas ajudam as empresas a descobrir novas oportunidades de receita, otimizar estrat\u00e9gias de pre\u00e7os e capitalizar as tend\u00eancias dos mercados emergentes, impulsionando, em \u00faltima an\u00e1lise, o crescimento sustent\u00e1vel das receitas.<\/li>\n\n\n\n<li><strong>Economizando dinheiro:<\/strong> A identifica\u00e7\u00e3o de inefici\u00eancias e oportunidades de redu\u00e7\u00e3o de custos permite que as empresas simplifiquem as opera\u00e7\u00f5es e aloquem recursos de forma eficaz, maximizando a lucratividade e o desempenho financeiro.<\/li>\n\n\n\n<li><strong>Economizando tempo:<\/strong> Nossas metodologias de pesquisa eficientes e processos simplificados permitem que as empresas tomem decis\u00f5es informadas rapidamente, acelerando o tempo de lan\u00e7amento no mercado e aumentando a agilidade na resposta \u00e0s mudan\u00e7as na din\u00e2mica do mercado.<\/li>\n\n\n\n<li><strong>Acelerando o crescimento e a inova\u00e7\u00e3o:<\/strong> Fazemos parcerias com empresas para descobrir oportunidades de mercado inexploradas, desenvolver produtos e servi\u00e7os inovadores e promover uma cultura de melhoria cont\u00ednua, impulsionando o crescimento e a inova\u00e7\u00e3o a longo prazo.<\/li>\n\n\n\n<li><strong>Aumentando o ROI:<\/strong> Por meio de insights baseados em dados e orienta\u00e7\u00e3o estrat\u00e9gica, ajudamos as empresas a otimizar seus investimentos, melhorar a efic\u00e1cia do marketing e aumentar a satisfa\u00e7\u00e3o do cliente, proporcionando, em \u00faltima an\u00e1lise, um ROI superior.<\/li>\n<\/ul>\n\n\n\n<p><\/p>","protected":false},"excerpt":{"rendered":"<p>A pesquisa de mercado de acess\u00f3rios de moda analisa as tend\u00eancias da ind\u00fastria de acess\u00f3rios de moda, o comportamento do consumidor, a concorr\u00eancia e a din\u00e2mica do mercado.<\/p>","protected":false},"author":1,"featured_media":64621,"parent":14514,"menu_order":459,"comment_status":"closed","ping_status":"closed","template":"","meta":{"footnotes":""},"class_list":["post-47887","page","type-page","status-publish","has-post-thumbnail"],"_links":{"self":[{"href":"https:\/\/www.sisinternational.com\/pt\/wp-json\/wp\/v2\/pages\/47887","targetHints":{"allow":["GET"]}}],"collection":[{"href":"https:\/\/www.sisinternational.com\/pt\/wp-json\/wp\/v2\/pages"}],"about":[{"href":"https:\/\/www.sisinternational.com\/pt\/wp-json\/wp\/v2\/types\/page"}],"author":[{"embeddable":true,"href":"https:\/\/www.sisinternational.com\/pt\/wp-json\/wp\/v2\/users\/1"}],"replies":[{"embeddable":true,"href":"https:\/\/www.sisinternational.com\/pt\/wp-json\/wp\/v2\/comments?post=47887"}],"version-history":[{"count":18,"href":"https:\/\/www.sisinternational.com\/pt\/wp-json\/wp\/v2\/pages\/47887\/revisions"}],"predecessor-version":[{"id":80506,"href":"https:\/\/www.sisinternational.com\/pt\/wp-json\/wp\/v2\/pages\/47887\/revisions\/80506"}],"up":[{"embeddable":true,"href":"https:\/\/www.sisinternational.com\/pt\/wp-json\/wp\/v2\/pages\/14514"}],"wp:featuredmedia":[{"embeddable":true,"href":"https:\/\/www.sisinternational.com\/pt\/wp-json\/wp\/v2\/media\/64621"}],"wp:attachment":[{"href":"https:\/\/www.sisinternational.com\/pt\/wp-json\/wp\/v2\/media?parent=47887"}],"curies":[{"name":"wp","href":"https:\/\/api.w.org\/{rel}","templated":true}]}}