{"id":47839,"date":"2024-05-02T17:09:09","date_gmt":"2024-05-02T21:09:09","guid":{"rendered":"https:\/\/www.sisinternational.com\/?page_id=47839"},"modified":"2026-01-26T18:12:44","modified_gmt":"2026-01-26T23:12:44","slug":"consultoria-de-marketing-para-restaurantes-de-hoteis","status":"publish","type":"page","link":"https:\/\/www.sisinternational.com\/pt\/solucoes\/consultoria-em-hotelaria-e-turismo-em-viagens\/consultoria-de-marketing-para-restaurantes-de-hoteis\/","title":{"rendered":"Consultoria de Marketing em Restaurantes Hoteleiros"},"content":{"rendered":"<h1 class=\"wp-block-heading\">Consultoria de Marketing em Restaurantes Hoteleiros<\/h1>\n\n\n\n<figure class=\"gb-block-image gb-block-image-5464fbab\"><img loading=\"lazy\" decoding=\"async\" width=\"1456\" height=\"816\" class=\"gb-image gb-image-5464fbab\" src=\"https:\/\/www.sisinternational.com\/wp-content\/uploads\/2025\/08\/Chinese-restaurant-4.jpg\" alt=\"Pesquisa e Estrat\u00e9gia de Mercado Internacional da SIS\" title=\"Chinese restaurant (4)\" srcset=\"https:\/\/www.sisinternational.com\/wp-content\/uploads\/2025\/08\/Chinese-restaurant-4.jpg 1456w, https:\/\/www.sisinternational.com\/wp-content\/uploads\/2025\/08\/Chinese-restaurant-4-300x168.jpg 300w, https:\/\/www.sisinternational.com\/wp-content\/uploads\/2025\/08\/Chinese-restaurant-4-1024x574.jpg 1024w, https:\/\/www.sisinternational.com\/wp-content\/uploads\/2025\/08\/Chinese-restaurant-4-768x430.jpg 768w, https:\/\/www.sisinternational.com\/wp-content\/uploads\/2025\/08\/Chinese-restaurant-4-18x10.jpg 18w\" sizes=\"auto, (max-width: 1456px) 100vw, 1456px\"><\/figure>\n\n\n\n<p><\/p>\n\n\n\n<hr class=\"wp-block-separator has-alpha-channel-opacity is-style-dots\"\/>\n\n\n\n<p>Na ind\u00fastria hoteleira altamente competitiva de hoje, a consultoria de marketing de restaurantes de hot\u00e9is tornou-se um luxo e uma necessidade para os estabelecimentos que se esfor\u00e7am para se destacar e prosperar. Ent\u00e3o, como pode esta consultoria desbloquear o potencial de sucesso neste ambiente din\u00e2mico?<\/p>\n\n\n\n<h2 class=\"wp-block-heading\">Consultoria de Marketing em Restaurantes Hoteleiros<\/h2>\n\n\n\n<p>Hotel restaurant marketing consulting involves strategic planning, implementation, and analysis of marketing initiatives tailored to hotel dining establishments. Through market research, data analysis, and creative marketing strategies, <a href=\"https:\/\/www.sisinternational.com\/pt\/solucoes\/consultoria-em-hotelaria-e-turismo-em-viagens\/consultoria-de-reposicionamento-hoteleiro\/\" title=\"Consultoria de Reposicionamento Hoteleiro\"  data-wpil-monitor-id=\"2968\">hotel restaurant marketing consultants<\/a> help clients navigate the industry&#8217;s complexities and achieve their business objectives efficiently and effectively.<\/p>\n\n\n\n<h2 class=\"wp-block-heading\">Por que as empresas precisam de consultoria de marketing para restaurantes de hot\u00e9is?<\/h2>\n\n\n\n<p><a href=\"https:\/\/www.sisinternational.com\/pt\/solucoes\/consultoria-em-hotelaria-e-turismo-em-viagens\/hotel-do-futuro-consultoria\/\" title=\"Consultoria Hoteleira do Futuro\"  data-wpil-monitor-id=\"3007\">Hotel restaurant marketing consulting<\/a> brings specialized knowledge and expertise in the hospitality and food and beverage sectors. Therefore, with the help of consultants, hotel restaurants can develop comprehensive marketing plans that align with their business goals and target audience.<\/p>\n\n\n\n<p>Al\u00e9m disso, esta consultoria se concentra em entregar resultados mensur\u00e1veis. A an\u00e1lise de dados, o rastreamento dos principais indicadores de desempenho e a otimiza\u00e7\u00e3o dos esfor\u00e7os de marketing garantem que cada investimento em marketing gasto gere o ROI m\u00e1ximo para o neg\u00f3cio.<\/p>\n\n\n\n<p>However, hotel <a href=\"https:\/\/www.sisinternational.com\/pt\/solucoes\/consultoria-em-hotelaria-e-turismo-em-viagens\/consultoria-de-marketing-para-restaurantes-em-coberturas\/\" title=\"Consultoria de marketing para restaurantes na cobertura\"  data-wpil-monitor-id=\"4527\">restaurant marketing consulting<\/a> offers additional benefits to businesses looking to elevate their dining establishments, including:<\/p>\n\n\n\n<ul class=\"wp-block-list\">\n<li><strong>Posicionamento estrat\u00e9gico da marca:<\/strong> Consultants assist <a href=\"https:\/\/www.sisinternational.com\/pt\/solucoes\/consultoria-em-hotelaria-e-turismo-em-viagens\/consultoria-em-estrategia-hoteleira\/\" title=\"Consultoria em Estrat\u00e9gia Hoteleira\"  data-wpil-monitor-id=\"2911\">hotel restaurants<\/a> in developing a unique brand identity and positioning strategy that resonates with their target audience.<\/li>\n\n\n\n<li><strong>Campanhas de marketing integradas:<\/strong> A consultoria de marketing de restaurantes de hot\u00e9is pode ajudar a orientar os restaurantes de hot\u00e9is na cria\u00e7\u00e3o de campanhas de marketing coesas em v\u00e1rios canais, incluindo digital, m\u00eddia social, e-mail e publicidade tradicional.<\/li>\n\n\n\n<li><strong>Experi\u00eancia aprimorada do cliente:<\/strong> Esta consultoria se concentra em melhorar a experi\u00eancia gastron\u00f4mica geral dos h\u00f3spedes, desde a entrada no restaurante at\u00e9 a sa\u00edda.<\/li>\n\n\n\n<li><strong>Tomada de decis\u00e3o baseada em dados:<\/strong> Os consultores de marketing de restaurantes de hot\u00e9is utilizam ferramentas de an\u00e1lise de dados para monitorar o desempenho das campanhas de marketing, medir a satisfa\u00e7\u00e3o do cliente e identificar \u00e1reas de melhoria.<\/li>\n\n\n\n<li><strong>Aumento da receita e lucratividade:<\/strong> A consultoria visa impulsionar o crescimento da receita e aumentar a lucratividade do neg\u00f3cio. Ao implementar estrat\u00e9gias de marketing eficazes, atrair mais clientes e maximizar os gastos dos clientes, os restaurantes podem alcan\u00e7ar um sucesso financeiro sustent\u00e1vel.<\/li>\n<\/ul>\n\n\n\n<h2 class=\"wp-block-heading\">Perguntas a serem feitas antes de realizar consultoria de marketing em restaurantes de hot\u00e9is<\/h2>\n\n\n\n<figure class=\"gb-block-image gb-block-image-21d82e98\"><img loading=\"lazy\" decoding=\"async\" width=\"1456\" height=\"816\" class=\"gb-image gb-image-21d82e98\" src=\"https:\/\/www.sisinternational.com\/wp-content\/uploads\/2025\/08\/Chinese-restaurant-1.jpg\" alt=\"Pesquisa e Estrat\u00e9gia de Mercado Internacional da SIS\" title=\"Chinese restaurant (1)\" srcset=\"https:\/\/www.sisinternational.com\/wp-content\/uploads\/2025\/08\/Chinese-restaurant-1.jpg 1456w, https:\/\/www.sisinternational.com\/wp-content\/uploads\/2025\/08\/Chinese-restaurant-1-300x168.jpg 300w, https:\/\/www.sisinternational.com\/wp-content\/uploads\/2025\/08\/Chinese-restaurant-1-1024x574.jpg 1024w, https:\/\/www.sisinternational.com\/wp-content\/uploads\/2025\/08\/Chinese-restaurant-1-768x430.jpg 768w, https:\/\/www.sisinternational.com\/wp-content\/uploads\/2025\/08\/Chinese-restaurant-1-18x10.jpg 18w\" sizes=\"auto, (max-width: 1456px) 100vw, 1456px\"><\/figure>\n\n\n\n<p><\/p>\n\n\n\n<p>Antes de embarcar na consultoria de marketing de restaurantes de hot\u00e9is, \u00e9 essencial fazer as perguntas certas para garantir uma parceria de sucesso:<\/p>\n\n\n\n<ul class=\"wp-block-list\">\n<li><strong>Quais s\u00e3o nossos objetivos de neg\u00f3cios? <\/strong>Esclarecer as metas e objetivos gerais do restaurante do hotel \u00e9 crucial. Seu objetivo \u00e9 aumentar a receita, atrair h\u00f3spedes, melhorar a satisfa\u00e7\u00e3o do cliente ou aumentar a visibilidade da marca? A compreens\u00e3o desses objetivos orientar\u00e1 o processo de consultoria e ajudar\u00e1 a alinhar as estrat\u00e9gias com as prioridades do neg\u00f3cio.<\/li>\n\n\n\n<li><strong>Quem \u00e9 nosso p\u00fablico-alvo? <\/strong>What are the demographics, psychographics, and preferences of your ideal customers? Understanding the target audience enables <a href=\"https:\/\/www.sisinternational.com\/pt\/cobertura\/as-americas\/pesquisa-de-mercado-na-america-latina\/consultoria-de-entrada-no-mercado-brasil\/\" title=\"Consultoria de entrada no mercado no Brasil\"  data-wpil-monitor-id=\"4151\">consultants to tailor marketing<\/a> strategies that resonate with potential guests and drive engagement.<\/li>\n\n\n\n<li><strong>O que nos diferencia dos concorrentes? <\/strong>O que faz o seu restaurante se destacar dos concorrentes? Os consultores podem ajudar a articular essas propostas de vendas exclusivas e desenvolver estrat\u00e9gias para aproveit\u00e1-las de forma eficaz em campanhas de marketing.<\/li>\n\n\n\n<li><strong>Quais s\u00e3o nossos esfor\u00e7os atuais de marketing? <\/strong>Quais canais de marketing est\u00e3o sendo utilizados atualmente (por exemplo, m\u00eddia social, e-mail, impress\u00e3o)? Qu\u00e3o bem-sucedidos s\u00e3o esses esfor\u00e7os em alcan\u00e7ar e envolver o p\u00fablico-alvo? Os consultores podem realizar uma auditoria abrangente para identificar \u00e1reas de melhoria e otimiza\u00e7\u00e3o.<\/li>\n\n\n\n<li><strong>Quais s\u00e3o o nosso or\u00e7amento e recursos? <\/strong>Que recursos financeiros e capital humano podem ser alocados aos esfor\u00e7os de marketing? Os consultores podem desenvolver estrat\u00e9gias que maximizem o ROI enquanto permanecem dentro das restri\u00e7\u00f5es or\u00e7ament\u00e1rias.<\/li>\n<\/ul>\n\n\n\n<h2 class=\"wp-block-heading\">Resultados esperados da consultoria de marketing de restaurantes de hot\u00e9is da SIS<\/h2>\n\n\n\n<p>Ao fazer parceria com a SIS International para consultoria de marketing de restaurantes de hot\u00e9is, as empresas podem esperar alcan\u00e7ar v\u00e1rios resultados importantes:<\/p>\n\n\n\n<ul class=\"wp-block-list\">\n<li><strong>Maior conhecimento da marca:<\/strong> A SIS ajuda os restaurantes de hot\u00e9is a aumentar a visibilidade e o reconhecimento da sua marca entre os p\u00fablicos-alvo. Atrav\u00e9s de iniciativas estrat\u00e9gicas de marketing, incluindo publicidade digital, campanhas nas redes sociais e promo\u00e7\u00f5es direcionadas, os restaurantes podem expandir o seu alcance e atrair mais h\u00f3spedes.<\/li>\n\n\n\n<li><strong>Melhor envolvimento do cliente:<\/strong> Os consultores da SIS concentram-se na otimiza\u00e7\u00e3o de estrat\u00e9gias de envolvimento do cliente para promover intera\u00e7\u00f5es significativas com os h\u00f3spedes. Os restaurantes de hot\u00e9is podem construir relacionamentos mais fortes com os clientes e aumentar a satisfa\u00e7\u00e3o geral atrav\u00e9s da implementa\u00e7\u00e3o de campanhas de marketing personalizadas, programas de fidelidade e mecanismos de feedback dos h\u00f3spedes.<\/li>\n\n\n\n<li><strong>Maior gera\u00e7\u00e3o de receita:<\/strong> Um dos principais objetivos da consultoria de marketing de restaurantes de hot\u00e9is \u00e9 impulsionar o crescimento da receita. A SIS International desenvolve estrat\u00e9gias de marketing baseadas em dados para aumentar o tr\u00e1fego de pedestres, aumentar as reservas de mesas e maximizar os gastos dos clientes. Como resultado, os restaurantes podem experimentar melhorias tang\u00edveis nas receitas e na rentabilidade.<\/li>\n\n\n\n<li><strong>Presen\u00e7a on-line aprimorada:<\/strong> Na era digital de hoje, uma presen\u00e7a online robusta \u00e9 essencial para o sucesso dos restaurantes de hot\u00e9is. A SIS ajuda restaurantes a estabelecer e manter uma presen\u00e7a on-line impactante por meio da otimiza\u00e7\u00e3o de sites, marketing de mecanismos de busca e gerenciamento de m\u00eddias sociais. Isso garante que os restaurantes sejam facilmente descobertos e acess\u00edveis aos h\u00f3spedes em potencial.<\/li>\n\n\n\n<li><strong>Efici\u00eancia Operacional Otimizada:<\/strong> A SIS International avalia os processos operacionais e a efici\u00eancia dos restaurantes de hot\u00e9is para identificar \u00e1reas de melhoria. Ao simplificar os fluxos de trabalho, otimizar as ofertas de menu e implementar estrat\u00e9gias econ\u00f3micas, os restaurantes podem melhorar a efici\u00eancia operacional e a utiliza\u00e7\u00e3o de recursos.<\/li>\n<\/ul>\n\n\n\n<h2 class=\"wp-block-heading\">Oportunidades<\/h2>\n\n\n\n<ul class=\"wp-block-list\">\n<li><strong>Especializa\u00e7\u00e3o em Nichos de Mercado:<\/strong> As empresas de consultoria podem aproveitar as oportunidades especializando-se em nichos de mercado na ind\u00fastria de restaurantes hoteleiros. Isto poderia incluir o foco em tipos espec\u00edficos de cozinha, p\u00fablico-alvo ou regi\u00f5es geogr\u00e1ficas, permitindo que as empresas desenvolvam conhecimentos e atraiam clientes que procuram servi\u00e7os especializados.<\/li>\n\n\n\n<li><strong>Integra\u00e7\u00e3o de Tecnologia:<\/strong> Com a crescente depend\u00eancia da tecnologia na ind\u00fastria hoteleira, as empresas de consultoria t\u00eam uma oportunidade crescente de oferecer solu\u00e7\u00f5es baseadas na tecnologia. Isto pode incluir servi\u00e7os como a implementa\u00e7\u00e3o de sistemas de gest\u00e3o de relacionamento com o cliente (CRM), o desenvolvimento de aplica\u00e7\u00f5es m\u00f3veis para reservas em restaurantes ou o aproveitamento da an\u00e1lise de dados para campanhas de marketing personalizadas.<\/li>\n\n\n\n<li><strong>Expans\u00e3o para mercados emergentes:<\/strong> As the hospitality industry continues to expand globally, there are opportunities for <a href=\"https:\/\/www.sisinternational.com\/pt\/solucoes\/pesquisa-de-mercado-de-ia-e-consultoria-estrategica\/consultoria-de-marketing-de-ia\/\" title=\"Consultoria de marketing de IA\"  data-wpil-monitor-id=\"5033\">consulting firms to expand into emerging markets<\/a>. This could involve offering consulting services to <a href=\"https:\/\/www.sisinternational.com\/pt\/solucoes\/sis-crescimento-global\/consultoria-de-crescimento\/\" title=\"Consultoria de crescimento\"  data-wpil-monitor-id=\"6402\">hotel restaurants<\/a> in developing countries or regions experiencing rapid tourism growth with a growing demand for marketing expertise.<\/li>\n\n\n\n<li><strong>Parcerias e Colabora\u00e7\u00f5es:<\/strong> A colabora\u00e7\u00e3o com outras empresas do ecossistema hoteleiro, como empresas de gest\u00e3o hoteleira, fornecedores de alimentos e bebidas ou fornecedores de tecnologia, pode criar novas oportunidades para empresas de consultoria. As empresas de consultoria podem oferecer solu\u00e7\u00f5es abrangentes e acessar novas redes de clientes formando parcerias estrat\u00e9gicas.<\/li>\n\n\n\n<li><strong>Foco em Pr\u00e1ticas Sustent\u00e1veis:<\/strong> With increasing consumer awareness and concern for environmental sustainability, there is a growing demand for <a href=\"https:\/\/www.sisinternational.com\/pt\/solucoes\/solucoes-de-pesquisa-quantitativa-qualitativa\/demand-forecasting-best-practices\/\" title=\"Demand Forecasting Best Practices\"  data-wpil-monitor-id=\"1651\">consulting services that help hotel restaurants<\/a> adopt sustainable practices. Consulting firms can capitalize on this trend by offering expertise in sustainable sourcing, waste reduction, and green marketing strategies.<\/li>\n<\/ul>\n\n\n\n<h2 class=\"wp-block-heading\">Desafios<\/h2>\n\n\n\n<ul class=\"wp-block-list\">\n<li><strong>Flutua\u00e7\u00f5es sazonais de demanda:<\/strong> Os restaurantes de hot\u00e9is frequentemente enfrentam flutua\u00e7\u00f5es na demanda com base nos padr\u00f5es sazonais de viagem. As \u00e9pocas de pico registam taxas de ocupa\u00e7\u00e3o e procura de refei\u00e7\u00f5es mais elevadas, enquanto as esta\u00e7\u00f5es fora de pico podem resultar em menor tr\u00e1fego de pedestres e receitas.<\/li>\n\n\n\n<li><strong>Concorr\u00eancia de op\u00e7\u00f5es de refei\u00e7\u00f5es externas:<\/strong> Os restaurantes de hot\u00e9is enfrentam a concorr\u00eancia de restaurantes independentes, caf\u00e9s, servi\u00e7os de entrega de comida e outras op\u00e7\u00f5es gastron\u00f4micas na \u00e1rea circundante. Esta competi\u00e7\u00e3o pode impactar a fideliza\u00e7\u00e3o dos clientes e a gera\u00e7\u00e3o de receitas, especialmente se o restaurante do hotel necessitar de se diferenciar de forma eficaz.<\/li>\n\n\n\n<li><strong>Altos custos operacionais:<\/strong> Administrar um restaurante de hotel envolve custos operacionais significativos, incluindo m\u00e3o de obra, aquisi\u00e7\u00e3o de alimentos e bebidas, servi\u00e7os p\u00fablicos e manuten\u00e7\u00e3o. Gerir estes custos e manter a rentabilidade pode ser um desafio, especialmente durante per\u00edodos de baixa ocupa\u00e7\u00e3o ou de recess\u00e3o econ\u00f3mica.<\/li>\n\n\n\n<li><strong>Adaptando-se \u00e0s mudan\u00e7as nas prefer\u00eancias do consumidor:<\/strong> Os restaurantes dos hot\u00e9is devem evoluir continuamente para atender \u00e0s mudan\u00e7as nas prefer\u00eancias dos consumidores, incluindo tend\u00eancias diet\u00e9ticas, prefer\u00eancias culin\u00e1rias e prefer\u00eancias por refei\u00e7\u00f5es experienciais. A falha na adapta\u00e7\u00e3o a essas prefer\u00eancias pode resultar na diminui\u00e7\u00e3o da satisfa\u00e7\u00e3o do cliente e na perda de neg\u00f3cios.<\/li>\n\n\n\n<li><strong>Gerenciando a reputa\u00e7\u00e3o online:<\/strong> As avalia\u00e7\u00f5es online e as redes sociais desempenham um papel significativo na forma\u00e7\u00e3o da reputa\u00e7\u00e3o dos restaurantes de hot\u00e9is. Avalia\u00e7\u00f5es negativas ou rea\u00e7\u00f5es nas redes sociais podem prejudicar a reputa\u00e7\u00e3o do restaurante e dissuadir potenciais clientes, destacando a import\u00e2ncia de estrat\u00e9gias proativas de gest\u00e3o da reputa\u00e7\u00e3o.<\/li>\n<\/ul>\n\n\n\n<h2 class=\"wp-block-heading\">Como a consultoria de marketing de restaurantes de hot\u00e9is da SIS International ajuda as empresas<\/h2>\n\n\n\n<p>SIS International&#8217;s hotel restaurant marketing consulting services are designed to provide comprehensive support for hospitality businesses. Through <a href=\"https:\/\/www.sisinternational.com\/pt\/pericia\/industrias\/pesquisa-de-mercado-para-deficientes\/\" title=\"Disability Market Consulting\"  data-wpil-monitor-id=\"6801\">market research and consulting<\/a>, our experts aid businesses in reducing risk, boosting revenue, saving money and time, accelerating growth and innovation, and ultimately increasing ROI.<\/p>\n\n\n\n<ul class=\"wp-block-list\">\n<li><strong>Redu\u00e7\u00e3o de risco:<\/strong> A SIS International realiza pesquisas de mercado minuciosas para identificar potenciais riscos e desafios, permitindo que as empresas implementem eficazmente estrat\u00e9gias que mitiguem esses riscos.<\/li>\n\n\n\n<li><strong>Aumento de receita:<\/strong> Ao analisar as tend\u00eancias do mercado e as prefer\u00eancias dos consumidores, a SIS International ajuda as empresas a desenvolver estrat\u00e9gias de marketing direcionadas que atraem mais clientes e impulsionam o crescimento das receitas.<\/li>\n\n\n\n<li><strong>Poupan\u00e7a de custos:<\/strong> Permitimos que as empresas minimizem despesas desnecess\u00e1rias e maximizem a lucratividade por meio da aloca\u00e7\u00e3o eficiente de recursos e da tomada de decis\u00f5es estrat\u00e9gicas com base em insights de mercado.<\/li>\n\n\n\n<li><strong>Economia de tempo:<\/strong> Aproveitando a sua experi\u00eancia e conhecimento do setor, a SIS agiliza os processos e a tomada de decis\u00f5es, permitindo que as empresas atinjam os seus objetivos de forma mais eficiente.<\/li>\n\n\n\n<li><strong>Crescimento e Inova\u00e7\u00e3o:<\/strong> A SIS International identifica tend\u00eancias e oportunidades emergentes no mercado, capacitando as empresas a inovar e ficar \u00e0 frente dos concorrentes.<\/li>\n\n\n\n<li><strong>Aumento do ROI:<\/strong> Ao alinhar os esfor\u00e7os de marketing com os objetivos empresariais e as necessidades dos consumidores, a SIS International ajuda as empresas a otimizar o retorno do investimento.<\/li>\n<\/ul>\n\n\n\n<h2 class=\"wp-block-heading\">Sobre SIS International Hotel Restaurant Consultoria de Marketing<\/h2>\n\n\n\n<p>A consultoria de marketing de restaurantes de hot\u00e9is da SIS International \u00e9 especializada em fornecer solu\u00e7\u00f5es estrat\u00e9gicas personalizadas para empresas em todo o mundo. Nossos consultores especializados oferecem servi\u00e7os abrangentes de consultoria em entrada no mercado, expans\u00e3o de neg\u00f3cios, planejamento estrat\u00e9gico e desenvolvimento organizacional. Fazemos parcerias com os clientes, desde a an\u00e1lise de mercado at\u00e9 o suporte \u00e0 implementa\u00e7\u00e3o, para impulsionar o crescimento sustent\u00e1vel e a vantagem competitiva. Entre em contato conosco para explorar como nossa experi\u00eancia em consultoria pode capacitar seu neg\u00f3cio.<\/p>\n\n\n\n<p><\/p>\n\n\n\n<p><\/p>","protected":false},"excerpt":{"rendered":"<p>A consultoria de marketing de restaurantes de hot\u00e9is cria e analisa planos estrat\u00e9gicos de marketing adaptados a estabelecimentos de alimenta\u00e7\u00e3o hoteleira.<\/p>","protected":false},"author":1,"featured_media":64035,"parent":44644,"menu_order":27,"comment_status":"closed","ping_status":"closed","template":"","meta":{"footnotes":""},"class_list":["post-47839","page","type-page","status-publish","has-post-thumbnail"],"_links":{"self":[{"href":"https:\/\/www.sisinternational.com\/pt\/wp-json\/wp\/v2\/pages\/47839","targetHints":{"allow":["GET"]}}],"collection":[{"href":"https:\/\/www.sisinternational.com\/pt\/wp-json\/wp\/v2\/pages"}],"about":[{"href":"https:\/\/www.sisinternational.com\/pt\/wp-json\/wp\/v2\/types\/page"}],"author":[{"embeddable":true,"href":"https:\/\/www.sisinternational.com\/pt\/wp-json\/wp\/v2\/users\/1"}],"replies":[{"embeddable":true,"href":"https:\/\/www.sisinternational.com\/pt\/wp-json\/wp\/v2\/comments?post=47839"}],"version-history":[{"count":16,"href":"https:\/\/www.sisinternational.com\/pt\/wp-json\/wp\/v2\/pages\/47839\/revisions"}],"predecessor-version":[{"id":80377,"href":"https:\/\/www.sisinternational.com\/pt\/wp-json\/wp\/v2\/pages\/47839\/revisions\/80377"}],"up":[{"embeddable":true,"href":"https:\/\/www.sisinternational.com\/pt\/wp-json\/wp\/v2\/pages\/44644"}],"wp:featuredmedia":[{"embeddable":true,"href":"https:\/\/www.sisinternational.com\/pt\/wp-json\/wp\/v2\/media\/64035"}],"wp:attachment":[{"href":"https:\/\/www.sisinternational.com\/pt\/wp-json\/wp\/v2\/media?parent=47839"}],"curies":[{"name":"wp","href":"https:\/\/api.w.org\/{rel}","templated":true}]}}