{"id":47730,"date":"2024-04-20T17:12:16","date_gmt":"2024-04-20T21:12:16","guid":{"rendered":"https:\/\/www.sisinternational.com\/?page_id=47730"},"modified":"2026-01-26T17:53:19","modified_gmt":"2026-01-26T22:53:19","slug":"consultoria-sis-fintech-participou-pay-360-londres","status":"publish","type":"page","link":"https:\/\/www.sisinternational.com\/pt\/solucoes\/pesquisa-de-consultoria-em-estrategia-fintech\/consultoria-sis-fintech-participou-pay-360-londres\/","title":{"rendered":"SIS FinTech Consulting participou do Pay 360 Londres"},"content":{"rendered":"<h1 class=\"wp-block-heading\">SIS FinTech Consulting participou do Pay 360 Londres<\/h1>\n\n\n\n<figure class=\"gb-block-image gb-block-image-734a4cda\"><img loading=\"lazy\" decoding=\"async\" width=\"1456\" height=\"816\" class=\"gb-image gb-image-734a4cda\" src=\"https:\/\/www.sisinternational.com\/wp-content\/uploads\/2025\/09\/Quantitative-reseasrch-in-London-Qualitative-research-in-London-4.jpg\" alt=\"Pesquisa e Estrat\u00e9gia de Mercado Internacional da SIS\" title=\"Quantitative reseasrch in London Qualitative research in London (4)\" srcset=\"https:\/\/www.sisinternational.com\/wp-content\/uploads\/2025\/09\/Quantitative-reseasrch-in-London-Qualitative-research-in-London-4.jpg 1456w, https:\/\/www.sisinternational.com\/wp-content\/uploads\/2025\/09\/Quantitative-reseasrch-in-London-Qualitative-research-in-London-4-300x168.jpg 300w, https:\/\/www.sisinternational.com\/wp-content\/uploads\/2025\/09\/Quantitative-reseasrch-in-London-Qualitative-research-in-London-4-1024x574.jpg 1024w, https:\/\/www.sisinternational.com\/wp-content\/uploads\/2025\/09\/Quantitative-reseasrch-in-London-Qualitative-research-in-London-4-768x430.jpg 768w, https:\/\/www.sisinternational.com\/wp-content\/uploads\/2025\/09\/Quantitative-reseasrch-in-London-Qualitative-research-in-London-4-18x10.jpg 18w\" sizes=\"auto, (max-width: 1456px) 100vw, 1456px\"><\/figure>\n\n\n\n<p><\/p>\n\n\n\n<hr class=\"wp-block-separator has-alpha-channel-opacity is-style-dots\"\/>\n\n\n\n<p>O evento Pay 360 \u00e9 um encontro significativo no setor financeiro e de pagamentos, reunindo especialistas, l\u00edderes de pensamento e inovadores para discutir as \u00faltimas tend\u00eancias, desafios e oportunidades.<\/p>\n\n\n\n<p>A SIS International FinTech Consulting participou do evento Pay 360 em Londres. Como ator reconhecido na \u00e1rea, a SIS aproveitou esta oportunidade para interagir com as partes interessadas do setor, mostrar a sua experi\u00eancia e contribuir para o discurso sobre tecnologias de pagamento, comportamento do consumidor e din\u00e2mica do mercado.<\/p>\n\n\n\n<h2 class=\"wp-block-heading\">Qual a import\u00e2ncia do evento Pay360?<\/h2>\n\n\n\n<p>O evento re\u00fane especialistas, l\u00edderes de pensamento e profissionais de diversos setores do ecossistema de pagamentos. Os participantes obt\u00eam informa\u00e7\u00f5es valiosas sobre as \u00faltimas tend\u00eancias, mudan\u00e7as regulat\u00f3rias e avan\u00e7os tecnol\u00f3gicos \u2013 e essas informa\u00e7\u00f5es informam decis\u00f5es estrat\u00e9gicas e ajudam as empresas a permanecerem competitivas.<\/p>\n\n\n\n<p>Pay 360 fornece uma plataforma para networking e colabora\u00e7\u00e3o. Os participantes podem se conectar com clientes, parceiros e colegas do setor em potencial. Construir relacionamentos durante o evento pode gerar novas oportunidades de neg\u00f3cios e parcerias. Al\u00e9m disso, o Pay 360 frequentemente apresenta sess\u00f5es dedicadas a atualiza\u00e7\u00f5es de conformidade, estruturas legais e estrat\u00e9gias de mitiga\u00e7\u00e3o de riscos. Os participantes ganham clareza sobre os requisitos de conformidade e podem adaptar as suas opera\u00e7\u00f5es em conformidade.<\/p>\n\n\n\n<h2 class=\"wp-block-heading\">Main Topics of the Pay 360&nbsp;<\/h2>\n\n\n\n<figure class=\"gb-block-image gb-block-image-d9052085\"><img loading=\"lazy\" decoding=\"async\" width=\"1456\" height=\"816\" class=\"gb-image gb-image-d9052085\" src=\"https:\/\/www.sisinternational.com\/wp-content\/uploads\/2025\/08\/Fintech-6.jpg\" alt=\"Pesquisa e Estrat\u00e9gia de Mercado Internacional da SIS\" title=\"Fintech (6)\" srcset=\"https:\/\/www.sisinternational.com\/wp-content\/uploads\/2025\/08\/Fintech-6.jpg 1456w, https:\/\/www.sisinternational.com\/wp-content\/uploads\/2025\/08\/Fintech-6-300x168.jpg 300w, https:\/\/www.sisinternational.com\/wp-content\/uploads\/2025\/08\/Fintech-6-1024x574.jpg 1024w, https:\/\/www.sisinternational.com\/wp-content\/uploads\/2025\/08\/Fintech-6-768x430.jpg 768w, https:\/\/www.sisinternational.com\/wp-content\/uploads\/2025\/08\/Fintech-6-18x10.jpg 18w\" sizes=\"auto, (max-width: 1456px) 100vw, 1456px\"><\/figure>\n\n\n\n<p><\/p>\n\n\n\n<p>O evento Pay360 em 2024 cobriu uma s\u00e9rie de t\u00f3picos relacionados ao setor de pagamentos e fintech, incluindo:<\/p>\n\n\n\n<ol class=\"wp-block-list\">\n<li><strong>IA e aprendizagem profunda:<\/strong> O evento explorou como a intelig\u00eancia artificial (IA) e o aprendizado profundo impactam os processos de pagamento. Os participantes aprenderam sobre detec\u00e7\u00e3o de fraudes baseada em IA, experi\u00eancias personalizadas do cliente e an\u00e1lises preditivas.<\/li>\n\n\n\n<li><strong>Pagamentos vest\u00edveis:<\/strong> Com o surgimento dos dispositivos vest\u00edveis, o evento mergulhou nas solu\u00e7\u00f5es de pagamento vest\u00edveis. Isto incluiu discuss\u00f5es sobre a integra\u00e7\u00e3o de pagamentos em smartwatches, rastreadores de fitness e outros wearables.<\/li>\n\n\n\n<li><strong>Autentica\u00e7\u00e3o Biom\u00e9trica:<\/strong> O evento tamb\u00e9m abordou m\u00e9todos de autentica\u00e7\u00e3o biom\u00e9trica, como sensores de impress\u00e3o digital, reconhecimento facial e reconhecimento de voz para pagamentos seguros.<\/li>\n\n\n\n<li><strong>Cart\u00f5es Virtuais:<\/strong> Os cart\u00f5es virtuais est\u00e3o ganhando popularidade devido \u00e0 sua flexibilidade e recursos de seguran\u00e7a. Os participantes exploraram a emiss\u00e3o, uso e gerenciamento de cart\u00f5es virtuais.<\/li>\n\n\n\n<li><strong>Servi\u00e7os de tecnologia baseados em nuvem:<\/strong> O evento abordou solu\u00e7\u00f5es de pagamento baseadas em nuvem, escalabilidade e seguran\u00e7a de dados na nuvem.<\/li>\n\n\n\n<li><strong>Tecnologia Antifraude:<\/strong> Os participantes aprenderam sobre as mais recentes tecnologias antifraude, estrat\u00e9gias de mitiga\u00e7\u00e3o de riscos e monitoramento em tempo real\u00b2.<\/li>\n\n\n\n<li><strong>Ferramentas de relat\u00f3rios:<\/strong> Relat\u00f3rios e an\u00e1lises eficientes s\u00e3o essenciais para os provedores de pagamento. O evento abordou ferramentas de relat\u00f3rios, visualiza\u00e7\u00e3o de dados e insights acion\u00e1veis para tomadores de decis\u00e3o.<\/li>\n<\/ol>\n\n\n\n<h3 class=\"wp-block-heading\">Principais destaques<\/h3>\n\n\n\n<p>Pain\u00e9is e workshops de especialistas: A SIS participou de diversos pain\u00e9is e workshops de especialistas durante o evento. Essas sess\u00f5es abordaram temas como pagamentos digitais, seguran\u00e7a cibern\u00e9tica, conformidade regulat\u00f3ria e o impacto de tecnologias emergentes (como blockchain e IA) no ecossistema de pagamentos.<\/p>\n\n\n\n<ul class=\"wp-block-list\">\n<li><strong>Informa\u00e7\u00f5es de mercado:<\/strong> SIS shared valuable <a href=\"https:\/\/www.sisinternational.com\/pt\/cobertura\/as-americas\/pesquisa-de-mercado-no-caribe\/pesquisa-de-mercado-guadalupe\/\" title=\"Pesquisa de mercado em Guadalupe\"  data-wpil-monitor-id=\"6093\">market insights based on their extensive research<\/a> and data analytics. Attendees gained a deeper understanding of consumer preferences, market segmentation, and the evolving landscape of payment methods.<\/li>\n\n\n\n<li><strong>Solu\u00e7\u00f5es inovadoras: <\/strong><a href=\"https:\/\/www.linkedin.com\/company\/sisinternationalresearch\/posts\/?feedView=all\" target=\"_blank\" rel=\"noopener\">SIS<\/a> showcased innovative solutions designed to address industry challenges. From user experience testing to competitive intelligence, we empowered businesses to make informed decisions.<\/li>\n\n\n\n<li><strong>Oportunidades de rede:<\/strong> Representantes do SIS conectados com colegas do setor, clientes potenciais e colaboradores. Essas intera\u00e7\u00f5es fomentaram parcerias e facilitaram a troca de conhecimentos.<\/li>\n<\/ul>\n\n\n\n<h2 class=\"wp-block-heading\">How SIS International is implementing these Topics and Insights in its Services?<\/h2>\n\n\n\n<figure class=\"gb-block-image gb-block-image-28b1af36\"><img loading=\"lazy\" decoding=\"async\" width=\"1456\" height=\"816\" class=\"gb-image gb-image-28b1af36\" src=\"https:\/\/www.sisinternational.com\/wp-content\/uploads\/2025\/09\/Focus-group-4-18.jpg\" alt=\"Pesquisa e Estrat\u00e9gia de Mercado Internacional da SIS\" title=\"Focus group 4 (18)\" srcset=\"https:\/\/www.sisinternational.com\/wp-content\/uploads\/2025\/09\/Focus-group-4-18.jpg 1456w, https:\/\/www.sisinternational.com\/wp-content\/uploads\/2025\/09\/Focus-group-4-18-300x168.jpg 300w, https:\/\/www.sisinternational.com\/wp-content\/uploads\/2025\/09\/Focus-group-4-18-1024x574.jpg 1024w, https:\/\/www.sisinternational.com\/wp-content\/uploads\/2025\/09\/Focus-group-4-18-768x430.jpg 768w, https:\/\/www.sisinternational.com\/wp-content\/uploads\/2025\/09\/Focus-group-4-18-18x10.jpg 18w\" sizes=\"auto, (max-width: 1456px) 100vw, 1456px\"><\/figure>\n\n\n\n<p><\/p>\n\n\n\n<p>As a recognized global leader in strategy consulting and market intelligence, SIS International <a href=\"https:\/\/sisaisolutions.com\/application-of-ai-in-fintech\/\" target=\"_blank\" rel=\"noopener\">Consultoria em estrat\u00e9gia de FinTech<\/a> is well-positioned to offer consulting services based on the topics discussed at the Pay360 event. Here&#8217;s how we can leverage these insights for their clients:<\/p>\n\n\n\n<p><strong><a class=\"wpil_keyword_link\" href=\"https:\/\/www.sisinternational.com\/pt\/solucoes\/pesquisa-de-consultoria-em-estrategia-fintech\/\" title=\"Consultoria em estrat\u00e9gia de FinTech e pesquisa de mercado\" data-wpil-keyword-link=\"linked\" data-wpil-monitor-id=\"264\">Consultoria em estrat\u00e9gia de FinTech<\/a>:<\/strong> O SIS pode ajudar as empresas a navegar no cen\u00e1rio em r\u00e1pida evolu\u00e7\u00e3o da tecnologia financeira (FinTech). Nossos especialistas abordam quest\u00f5es cr\u00edticas como:<\/p>\n\n\n\n<ul class=\"wp-block-list\">\n<li>Quais s\u00e3o as \u00faltimas tend\u00eancias em FinTech?<\/li>\n\n\n\n<li>Que inova\u00e7\u00f5es FinTech se alinham com as necessidades espec\u00edficas dos bancos?<\/li>\n\n\n\n<li>Como as organiza\u00e7\u00f5es podem aproveitar a FinTech e a IA de forma eficaz?<\/li>\n\n\n\n<li>Que estrat\u00e9gias de investimento devem ser adotadas?<\/li>\n\n\n\n<li>Qual posi\u00e7\u00e3o competitiva seus concorrentes ocupam na FinTech?<\/li>\n<\/ul>\n\n\n\n<p><strong>Consultoria Blockchain:<\/strong> Dado o crescente interesse na tecnologia blockchain, a SIS pode fornecer estrat\u00e9gias de blockchain e solu\u00e7\u00f5es de consultoria l\u00edderes mundiais. Orientamos os clientes na implementa\u00e7\u00e3o de blockchain, casos de uso e benef\u00edcios potenciais.<\/p>\n\n\n\n<p>Al\u00e9m disso, o SIS orienta as empresas na transi\u00e7\u00e3o para sistemas baseados em blockchain enquanto otimiza os processos operacionais. Ajudamos as empresas a identificar \u00e1reas em suas opera\u00e7\u00f5es onde a tecnologia blockchain pode trazer efici\u00eancia ou economia de custos.<\/p>\n\n\n\n<p><strong>Avan\u00e7ando em inova\u00e7\u00f5es com solu\u00e7\u00f5es de IA:<\/strong> A SIS colabora com empresas de tecnologia para desenvolver e implementar produtos e servi\u00e7os baseados em IA. Nosso foco est\u00e1 na compreens\u00e3o do elemento humano por tr\u00e1s da ado\u00e7\u00e3o e transforma\u00e7\u00e3o da IA. Ao combinar pesquisas qualitativas e quantitativas, o SIS ajuda as empresas a aproveitar a IA de forma eficaz.<\/p>\n\n\n\n<p>Identificamos casos de uso e oportunidades espec\u00edficos onde a IA pode criar valor para o neg\u00f3cio. Isto poderia envolver a melhoria da efici\u00eancia operacional, a melhoria da experi\u00eancia do cliente, o desenvolvimento de novos produtos ou servi\u00e7os ou a otimiza\u00e7\u00e3o dos processos de tomada de decis\u00e3o.<\/p>\n\n\n\n<p><strong>An\u00e1lise de dados:<\/strong> SIS reports are clear and easy to digest, providing actionable insights. We analyze data more quickly than internal teams, making us an ideal partner for data science and analytics projects. Our consultants advise on the selection of appropriate AI technologies and platforms based on the organization&#8217;s needs, budget, and technical requirements. This may include machine learning frameworks, natural language processing tools, or robotic process automation software.<\/p>\n\n\n\n<p>Al\u00e9m disso, o SIS cria um roteiro para a implementa\u00e7\u00e3o faseada de iniciativas de IA, considerando fatores como aloca\u00e7\u00e3o de recursos, cronograma, gest\u00e3o de riscos e envolvimento das partes interessadas. Este roteiro normalmente descreve marcos cr\u00edticos, resultados e crit\u00e9rios de sucesso para cada etapa da jornada de ado\u00e7\u00e3o da IA.<\/p>\n\n\n\n<p><strong>Servi\u00e7os de tecnologia baseados em nuvem:<\/strong> O envolvimento da SIS International em servi\u00e7os de tecnologia baseados em nuvem para o setor de pagamentos gira em torno do aproveitamento dos benef\u00edcios da computa\u00e7\u00e3o em nuvem para aumentar a efici\u00eancia, seguran\u00e7a e escalabilidade no processamento de pagamentos e servi\u00e7os relacionados.<\/p>\n\n\n\n<p>Auxiliamos os players do setor de pagamentos no desenvolvimento e execu\u00e7\u00e3o de estrat\u00e9gias de migra\u00e7\u00e3o para a nuvem. Inclui a avalia\u00e7\u00e3o da infraestrutura existente, a identifica\u00e7\u00e3o de cargas de trabalho adequadas para migra\u00e7\u00e3o e a sele\u00e7\u00e3o de provedores de servi\u00e7os em nuvem apropriados (por exemplo, AWS, Azure, Google Cloud).<\/p>\n\n\n\n<p><strong>Tecnologia Antifraude:<\/strong> SIS conducts thorough assessments to identify vulnerabilities and evaluate the fraud risk faced by payment organizations. This involves analyzing transaction data, detecting patterns indicative of fraudulent activity, and evaluating existing fraud prevention measures. Moreover, we provide implementation support to ensure seamless integration with existing systems and processes.<\/p>\n\n\n\n<p><strong>Ferramentas de relat\u00f3rios:<\/strong> A SIS desenvolve pain\u00e9is de monitoramento de transa\u00e7\u00f5es que fornecem visibilidade em tempo real das transa\u00e7\u00f5es de pagamento. Esses pain\u00e9is permitem que os clientes rastreiem volumes de transa\u00e7\u00f5es, identifiquem anomalias e detectem prontamente atividades potencialmente fraudulentas.<\/p>\n\n\n\n<p>Reconhecendo que cada cliente tem requisitos \u00fanicos de relat\u00f3rios, oferecemos solu\u00e7\u00f5es de relat\u00f3rios personalizados, adaptadas aos objetivos de neg\u00f3cios espec\u00edficos e \u00e0s prefer\u00eancias das partes interessadas. Essas solu\u00e7\u00f5es podem ser adaptadas para acomodar diferentes formatos de dados, t\u00e9cnicas de visualiza\u00e7\u00e3o e frequ\u00eancias de relat\u00f3rios.<\/p>\n\n\n\n<h2 class=\"wp-block-heading\">Abordagem Global do SIS na Ind\u00fastria de Pagamentos<\/h2>\n\n\n\n<p>SIS International conducts market research and <a href=\"https:\/\/www.sisinternational.com\/pt\/fintech-trends-2025\/\" title=\"FinTech Trends\" data-wpil-monitor-id=\"6647\">strategy consulting to understand current trends<\/a>, dynamics, and emerging opportunities. We analyze the market size, growth projections, and critical industry landscape drivers with a customer-centric focus.<\/p>\n\n\n\n<p>Moreover, rapid technological advancements are shaping the payments landscape. That&#8217;s why SIS International informs clients about the latest developments in blockchain, artificial intelligence, and biometrics. Our experts assess the potential impact of these innovations, identify opportunities for implementation, and guide clients in leveraging technology to enhance their offerings.<\/p>\n\n\n\n<p>Likewise, given the complex regulatory environment in the payments industry, SIS International offers regulatory compliance services to help clients navigate legal requirements and mitigate compliance risks. We help businesses stay abreast of regulatory changes, conduct compliance assessments, and guide them in adapting to regulatory shifts.<\/p>\n\n\n\n<h2 class=\"wp-block-heading\">Localiza\u00e7\u00e3o de nossas instala\u00e7\u00f5es em Nova York<\/h2>\n\n\n\n<p>\n\n\n\n<iframe loading=\"lazy\" src=\"https:\/\/www.google.com\/maps\/embed?pb=!1m18!1m12!1m3!1d3022.976188376966!2d-73.99130312499956!3d40.740549471389315!2m3!1f0!2f0!3f0!3m2!1i1024!2i768!4f13.1!3m3!1m2!1s0x89c259a15798c731%3A0xd695d09bdd495f25!2s11%20E%2022nd%20St%20FL%202%2C%20New%20York%2C%20NY%2010010%2C%20USA!5e0!3m2!1sen!2spe!4v1726171763526!5m2!1sen!2spe\" width=\"600\" height=\"450\" allowfullscreen=\"allowfullscreen\" data-mce-fragment=\"1\"><\/iframe>\n\n\n\n<\/p>\n\n\n\n<h3 class=\"wp-block-heading\">11 E 22nd Street, 2\u00ba andar, Nova York, NY 10010 T: +1(212) 505-6805<\/h3>\n\n\n\n<hr class=\"wp-block-separator has-alpha-channel-opacity\"\/>\n\n\n\n<h2 class=\"wp-block-heading\"><span style=\"font-weight: 400;\">Sobre SIS Internacional<\/span><\/h2>\n\n\n\n<p><a href=\"https:\/\/www.sisinternational.com\/pt\/\"><span style=\"font-weight: 400;\">SIS Internacional<\/span><\/a><span style=\"font-weight: 400;\"> oferece pesquisa quantitativa, qualitativa e estrat\u00e9gica. Fornecemos dados, ferramentas, estrat\u00e9gias, relat\u00f3rios e insights para a tomada de decis\u00f5es. Tamb\u00e9m realizamos entrevistas, pesquisas, grupos focais e outros m\u00e9todos e abordagens de Pesquisa de Mercado.<\/span><a href=\"https:\/\/www.sisinternational.com\/pt\/sobre-a-sis-international-research\/contact-sis-international-market-research\/\"><span style=\"font-weight: 400;\"> Entre em contato conosco<\/span><\/a><span style=\"font-weight: 400;\"> para o seu pr\u00f3ximo projeto de pesquisa de mercado.<\/span><\/p>\n\n\n\n<p><\/p>","protected":false},"excerpt":{"rendered":"<p>Pay 360 London re\u00fane especialistas em pagamentos, l\u00edderes de pensamento e profissionais para compartilhar insights sobre tend\u00eancias, regulamenta\u00e7\u00f5es e tecnologia.<\/p>","protected":false},"author":1,"featured_media":65964,"parent":27462,"menu_order":90,"comment_status":"closed","ping_status":"closed","template":"","meta":{"footnotes":""},"class_list":["post-47730","page","type-page","status-publish","has-post-thumbnail"],"_links":{"self":[{"href":"https:\/\/www.sisinternational.com\/pt\/wp-json\/wp\/v2\/pages\/47730","targetHints":{"allow":["GET"]}}],"collection":[{"href":"https:\/\/www.sisinternational.com\/pt\/wp-json\/wp\/v2\/pages"}],"about":[{"href":"https:\/\/www.sisinternational.com\/pt\/wp-json\/wp\/v2\/types\/page"}],"author":[{"embeddable":true,"href":"https:\/\/www.sisinternational.com\/pt\/wp-json\/wp\/v2\/users\/1"}],"replies":[{"embeddable":true,"href":"https:\/\/www.sisinternational.com\/pt\/wp-json\/wp\/v2\/comments?post=47730"}],"version-history":[{"count":11,"href":"https:\/\/www.sisinternational.com\/pt\/wp-json\/wp\/v2\/pages\/47730\/revisions"}],"predecessor-version":[{"id":80226,"href":"https:\/\/www.sisinternational.com\/pt\/wp-json\/wp\/v2\/pages\/47730\/revisions\/80226"}],"up":[{"embeddable":true,"href":"https:\/\/www.sisinternational.com\/pt\/wp-json\/wp\/v2\/pages\/27462"}],"wp:featuredmedia":[{"embeddable":true,"href":"https:\/\/www.sisinternational.com\/pt\/wp-json\/wp\/v2\/media\/65964"}],"wp:attachment":[{"href":"https:\/\/www.sisinternational.com\/pt\/wp-json\/wp\/v2\/media?parent=47730"}],"curies":[{"name":"wp","href":"https:\/\/api.w.org\/{rel}","templated":true}]}}