{"id":47728,"date":"2024-04-20T17:17:44","date_gmt":"2024-04-20T21:17:44","guid":{"rendered":"https:\/\/www.sisinternational.com\/?page_id=47728"},"modified":"2026-01-24T18:55:08","modified_gmt":"2026-01-24T23:55:08","slug":"pesquisa-de-mercado-de-vestuario-impermeavel","status":"publish","type":"page","link":"https:\/\/www.sisinternational.com\/pt\/pericia\/pesquisa-de-mercado-de-vestuario-impermeavel\/","title":{"rendered":"Pesquisa de mercado de vestu\u00e1rio para chuva"},"content":{"rendered":"<h1 class=\"wp-block-heading\">Pesquisa de mercado de vestu\u00e1rio para chuva<\/h1>\n\n\n\n<figure class=\"gb-block-image gb-block-image-53a2688e\"><img loading=\"lazy\" decoding=\"async\" width=\"1456\" height=\"816\" class=\"gb-image gb-image-53a2688e\" src=\"https:\/\/www.sisinternational.com\/wp-content\/uploads\/2025\/08\/Rainwear-2.jpg\" alt=\"Pesquisa e Estrat\u00e9gia de Mercado Internacional da SIS\" title=\"Rainwear (2)\" srcset=\"https:\/\/www.sisinternational.com\/wp-content\/uploads\/2025\/08\/Rainwear-2.jpg 1456w, https:\/\/www.sisinternational.com\/wp-content\/uploads\/2025\/08\/Rainwear-2-300x168.jpg 300w, https:\/\/www.sisinternational.com\/wp-content\/uploads\/2025\/08\/Rainwear-2-1024x574.jpg 1024w, https:\/\/www.sisinternational.com\/wp-content\/uploads\/2025\/08\/Rainwear-2-768x430.jpg 768w, https:\/\/www.sisinternational.com\/wp-content\/uploads\/2025\/08\/Rainwear-2-18x10.jpg 18w\" sizes=\"auto, (max-width: 1456px) 100vw, 1456px\"><\/figure>\n\n\n\n<p><\/p>\n\n\n\n<hr class=\"wp-block-separator has-alpha-channel-opacity is-style-dots\"\/>\n\n\n\n<p>Rainwear market research is a valuable tool for apparel industry stakeholders to understand market dynamics, identify growth opportunities, and develop strategies for competing effectively in the rainwear market.<\/p>\n\n\n\n<h2 class=\"wp-block-heading\">O que \u00e9 pesquisa de mercado de vestu\u00e1rio para chuva?<\/h2>\n\n\n\n<p>\u00c0 medida que as altera\u00e7\u00f5es clim\u00e1ticas levam a padr\u00f5es clim\u00e1ticos mais imprevis\u00edveis, a procura por vestu\u00e1rio imperme\u00e1vel de alta qualidade est\u00e1 a aumentar. A pesquisa de mercado de vestu\u00e1rio para chuva fornece insights sobre tecnologias de tecidos, prefer\u00eancias de design e cen\u00e1rios competitivos, capacitando as empresas a desenvolver solu\u00e7\u00f5es inovadoras e elegantes para imperme\u00e1veis que atendam \u00e0s crescentes necessidades dos consumidores.<\/p>\n\n\n\n<p>Rainwear <a href=\"https:\/\/www.sisinternational.com\/pt\/pericia\/industrias\/pesquisa-de-mercado-de-moda\/\" title=\"Pesquisa de mercado de moda e vestu\u00e1rio\"  data-wpil-monitor-id=\"6938\">apparel market research<\/a> studies the global rainwear industry, focusing on market trends, consumer preferences, competitive landscape, and technological advancements. This research is essential for manufacturers, retailers, and other stakeholders in the apparel industry looking to understand market dynamics and develop strategies to meet consumer needs.<\/p>\n\n\n\n<h2 class=\"wp-block-heading\">Por que isso \u00e9 importante?<\/h2>\n\n\n\n<p>Rainwear apparel market research provides valuable insights that can help companies develop innovative products, optimize pricing strategies, and create targeted marketing campaigns that effectively reach their target audience. <\/p>\n\n\n\n<p>Al\u00e9m disso, esta pesquisa de mercado ajuda as empresas a compreender o cen\u00e1rio competitivo. As empresas podem identificar os seus pontos de venda \u00fanicos e diferenciar-se no mercado, o que \u00e9 crucial para o desenvolvimento de estrat\u00e9gias de marketing eficazes que realcem os pontos fortes dos seus produtos e atraiam clientes.<\/p>\n\n\n\n<h2 class=\"wp-block-heading\">Critical factors<\/h2>\n\n\n\n<p>Uma pesquisa eficaz de mercado de vestu\u00e1rio para chuva requer aten\u00e7\u00e3o a v\u00e1rios fatores cr\u00edticos de sucesso que contribuem para an\u00e1lises criteriosas e recomenda\u00e7\u00f5es acion\u00e1veis. Esses fatores incluem:<\/p>\n\n\n\n<ul class=\"wp-block-list\">\n<li><strong>Insights do consumidor:<\/strong> Compreender as prefer\u00eancias, comportamentos e motivadores de compra do consumidor \u00e9 essencial para uma pesquisa de mercado de vestu\u00e1rio imperme\u00e1vel bem-sucedida. As marcas devem reunir insights abrangentes dos consumidores por meio de pesquisas, grupos focais e estudos observacionais para descobrir prefer\u00eancias em rela\u00e7\u00e3o ao design, funcionalidade, prefer\u00eancias de materiais e sensibilidade aos pre\u00e7os.<\/li>\n\n\n\n<li><strong>Analise competitiva:<\/strong> A realiza\u00e7\u00e3o de uma an\u00e1lise completa dos concorrentes no mercado de vestu\u00e1rio imperme\u00e1vel fornece insights valiosos sobre ofertas de produtos, estrat\u00e9gias de pre\u00e7os, canais de distribui\u00e7\u00e3o e t\u00e1ticas de marketing. Ao comparar com os concorrentes, as marcas podem identificar lacunas no mercado, diferenciar as suas ofertas e desenvolver propostas de valor atraentes para atrair clientes.<\/li>\n\n\n\n<li><strong>Identifica\u00e7\u00e3o de tend\u00eancias:<\/strong> Staying attuned to fashion trends, technological advancements, and sustainability initiatives is critical for successful <a href=\"https:\/\/www.sisinternational.com\/pt\/agricultura-sustentavel-2\/\" title=\"Pesquisa de Mercado de Agricultura Sustent\u00e1vel\"  data-wpil-monitor-id=\"2433\">pesquisa de mercado de vestu\u00e1rio imperme\u00e1vel<\/a>. Brands must monitor trends in color palettes, fabric innovations, eco-friendly materials, and design aesthetics to align their product offerings with evolving consumer preferences and market demands.<\/li>\n\n\n\n<li><strong>Otimiza\u00e7\u00e3o da Cadeia de Suprimentos:<\/strong> A otimiza\u00e7\u00e3o da cadeia de abastecimento \u00e9 essencial para garantir a entrega oportuna de produtos de vestu\u00e1rio imperme\u00e1veis aos consumidores. As marcas devem colaborar estreitamente com fornecedores, fabricantes e parceiros log\u00edsticos para agilizar os processos de produ\u00e7\u00e3o, minimizar os prazos de entrega e melhorar a qualidade e a consist\u00eancia dos produtos.<\/li>\n\n\n\n<li><strong>Gest\u00e3o da reputa\u00e7\u00e3o da marca:<\/strong> Manter uma reputa\u00e7\u00e3o de marca positiva \u00e9 fundamental no competitivo mercado de roupas imperme\u00e1veis. As marcas devem priorizar a qualidade do produto, a excel\u00eancia no atendimento ao cliente e pr\u00e1ticas comerciais \u00e9ticas para construir confian\u00e7a e lealdade entre os consumidores. Abordar proativamente o feedback dos clientes, resolver problemas prontamente e comunicar-se de forma transparente contribuem para promover uma reputa\u00e7\u00e3o de marca forte.<\/li>\n<\/ul>\n\n\n\n<h2 class=\"wp-block-heading\">The Results You Can Expect from SIS International<\/h2>\n\n\n\n<p>Envolver a SIS International na pesquisa de mercado de vestu\u00e1rio imperme\u00e1vel produz v\u00e1rios resultados esperados, permitindo que as marcas tomem decis\u00f5es informadas e impulsionem o crescimento dos neg\u00f3cios.<\/p>\n\n\n\n<figure class=\"gb-block-image gb-block-image-142614f7\"><img loading=\"lazy\" decoding=\"async\" width=\"1456\" height=\"816\" class=\"gb-image gb-image-142614f7\" src=\"https:\/\/www.sisinternational.com\/wp-content\/uploads\/2025\/08\/Rainwear-6.jpg\" alt=\"Pesquisa e Estrat\u00e9gia de Mercado Internacional da SIS\" title=\"Rainwear 6\" srcset=\"https:\/\/www.sisinternational.com\/wp-content\/uploads\/2025\/08\/Rainwear-6.jpg 1456w, https:\/\/www.sisinternational.com\/wp-content\/uploads\/2025\/08\/Rainwear-6-300x168.jpg 300w, https:\/\/www.sisinternational.com\/wp-content\/uploads\/2025\/08\/Rainwear-6-1024x574.jpg 1024w, https:\/\/www.sisinternational.com\/wp-content\/uploads\/2025\/08\/Rainwear-6-768x430.jpg 768w, https:\/\/www.sisinternational.com\/wp-content\/uploads\/2025\/08\/Rainwear-6-18x10.jpg 18w\" sizes=\"auto, (max-width: 1456px) 100vw, 1456px\"><\/figure>\n\n\n\n<ul class=\"wp-block-list\">\n<li><strong>Insights abrangentes de mercado:<\/strong> A SIS oferece insights de mercado abrangentes sobre as prefer\u00eancias do consumidor, tend\u00eancias de mercado, cen\u00e1rio competitivo e oportunidades emergentes no mercado de vestu\u00e1rio para chuva. Atrav\u00e9s de rigorosa coleta e an\u00e1lise de dados, oferecemos aos clientes uma compreens\u00e3o profunda da din\u00e2mica do mercado e recomenda\u00e7\u00f5es pr\u00e1ticas para planejamento estrat\u00e9gico.<\/li>\n\n\n\n<li><strong>Identifica\u00e7\u00e3o de segmentos de nicho:<\/strong> A SIS International identifica segmentos de nicho no mercado de vestu\u00e1rio para chuva, permitindo que as marcas atinjam dados demogr\u00e1ficos, prefer\u00eancias e necessidades n\u00e3o atendidas espec\u00edficas dos consumidores. Ao descobrir oportunidades de nicho, as marcas podem adaptar as suas ofertas de produtos, mensagens de marketing e canais de distribui\u00e7\u00e3o para alcan\u00e7ar e interagir de forma eficaz com segmentos de consumidores de nicho.<\/li>\n\n\n\n<li><strong>Orienta\u00e7\u00e3o para desenvolvimento de produto:<\/strong> Aproveitando as percep\u00e7\u00f5es dos consumidores e as tend\u00eancias do mercado, os especialistas da SIS oferecem orienta\u00e7\u00e3o no desenvolvimento de produtos para ajudar as marcas a conceituar, projetar e lan\u00e7ar produtos inovadores de vestu\u00e1rio para a chuva. Da sele\u00e7\u00e3o de materiais \u00e0 est\u00e9tica do design, fornecemos recomenda\u00e7\u00f5es que repercutem nos consumidores-alvo e diferenciam as marcas no mercado.<\/li>\n\n\n\n<li><strong>Benchmarking competitivo:<\/strong> A SIS realiza an\u00e1lises de benchmarking competitivo para avaliar o desempenho das marcas em rela\u00e7\u00e3o aos concorrentes no mercado de vestu\u00e1rio imperme\u00e1vel. Ao avaliar ofertas de produtos, estrat\u00e9gias de pre\u00e7os, iniciativas de marketing e experi\u00eancias dos clientes, o SIS ajuda as marcas a identificar \u00e1reas de melhoria, capitalizar os pontos fortes e obter uma vantagem competitiva.<\/li>\n\n\n\n<li><strong>Estrat\u00e9gias de entrada no mercado:<\/strong> Para marcas que desejam entrar ou expandir sua presen\u00e7a no mercado de vestu\u00e1rio imperme\u00e1vel, a SIS International oferece orienta\u00e7\u00e3o estrat\u00e9gica sobre estrat\u00e9gias de entrada no mercado, incluindo posicionamento de mercado, sele\u00e7\u00e3o de canais de distribui\u00e7\u00e3o e t\u00e1ticas promocionais.<\/li>\n<\/ul>\n\n\n\n<h2 class=\"wp-block-heading\">Jogadores-chave<\/h2>\n\n\n\n<p>No cen\u00e1rio competitivo do mercado de vestu\u00e1rio imperme\u00e1vel, v\u00e1rios players importantes dominam com seus produtos inovadores, forte presen\u00e7a de marca e extensas redes de distribui\u00e7\u00e3o.<\/p>\n\n\n\n<ul class=\"wp-block-list\">\n<li><strong>A face norte:<\/strong> Reconhecida por suas roupas e equipamentos para atividades ao ar livre, a The North Face oferece uma ampla variedade de roupas imperme\u00e1veis projetadas tanto para entusiastas de atividades ao ar livre quanto para aventureiros urbanos. Com foco em desempenho, durabilidade e estilo,<\/li>\n\n\n\n<li><strong>Roupas esportivas Columbia:<\/strong> Columbia Sportswear \u00e9 uma marca l\u00edder global especializada em roupas para atividades ao ar livre, incluindo capas de chuva, cal\u00e7as de chuva e botas de chuva. Com um compromisso com a qualidade, funcionalidade e sustentabilidade, a Columbia Sportswear atende a diversas atividades ao ar livre e condi\u00e7\u00f5es clim\u00e1ticas, conquistando a confian\u00e7a de entusiastas de atividades ao ar livre em todo o mundo.<\/li>\n\n\n\n<li><strong>Patag\u00f4nia:<\/strong> A Patag\u00f4nia \u00e9 conhecida por sua abordagem ambientalmente consciente em rela\u00e7\u00e3o a roupas e equipamentos para atividades ao ar livre. A marca oferece uma sele\u00e7\u00e3o de roupas imperme\u00e1veis feitas com materiais reciclados e produzidas com pr\u00e1ticas de fabrica\u00e7\u00e3o sustent\u00e1veis. Com foco na durabilidade, desempenho e fornecimento \u00e9tico, a Patagonia atrai consumidores ambientalmente conscientes que buscam solu\u00e7\u00f5es de alta qualidade para imperme\u00e1veis.<\/li>\n<\/ul>\n\n\n\n<h2 class=\"wp-block-heading\">Oportunidades<\/h2>\n\n\n\n<p>Apesar dos desafios colocados pelas mudan\u00e7as nas prefer\u00eancias dos consumidores e na din\u00e2mica do mercado, existem diversas oportunidades para as empresas que operam no mercado de vestu\u00e1rio imperme\u00e1vel. Essas oportunidades incluem:<\/p>\n\n\n\n<ul class=\"wp-block-list\">\n<li><strong>Expans\u00e3o para segmentos de nicho:<\/strong> Businesses can capitalize on niche segments within the rainwear apparel market by targeting specific demographics, geographic regions, or consumer preferences. <\/li>\n\n\n\n<li><strong>Inova\u00e7\u00e3o em Design e Tecnologia:<\/strong> Existem muitas oportunidades para as empresas inovarem em design e tecnologia para criar roupas imperme\u00e1veis diferenciadas que atendam \u00e0s crescentes necessidades e prefer\u00eancias dos consumidores. Investir em pesquisa e desenvolvimento para desenvolver tecnologias propriet\u00e1rias, materiais sustent\u00e1veis e designs funcionais pode posicionar as empresas como l\u00edderes de mercado e atrair consumidores exigentes que procuram solu\u00e7\u00f5es inovadoras.<\/li>\n\n\n\n<li><strong>Personaliza\u00e7\u00e3o e Personaliza\u00e7\u00e3o:<\/strong> As empresas podem aproveitar estrat\u00e9gias de customiza\u00e7\u00e3o e personaliza\u00e7\u00e3o para aumentar o envolvimento e a fidelidade do cliente no mercado de vestu\u00e1rio para chuva. Oferecer op\u00e7\u00f5es personaliz\u00e1veis, como op\u00e7\u00f5es de cores, ajustes de tamanho ou bordados personalizados, permite que os consumidores criem roupas de chuva exclusivas e sob medida que reflitam seus estilos e prefer\u00eancias individuais.<\/li>\n\n\n\n<li><strong>Colabora\u00e7\u00f5es e Parcerias:<\/strong> A colabora\u00e7\u00e3o com outras marcas, designers ou influenciadores apresenta oportunidades para as empresas aumentarem a visibilidade da marca, alcan\u00e7arem novos segmentos de clientes e estimularem a procura por vestu\u00e1rio imperme\u00e1vel. Parcerias estrat\u00e9gicas com entusiastas de atividades ao ar livre, atletas ou defensores da sustentabilidade podem gerar buzz, credibilidade e afinidade de marca entre os p\u00fablicos-alvo.<\/li>\n<\/ul>\n\n\n\n<h2 class=\"wp-block-heading\">The SIS Advantage<\/h2>\n\n\n\n<p>A SIS International conduz pesquisas e an\u00e1lises de mercado aprofundadas para fornecer \u00e0s empresas insights acion\u00e1veis sobre as prefer\u00eancias do consumidor, tend\u00eancias de mercado, cen\u00e1rio competitivo e oportunidades emergentes no mercado de vestu\u00e1rio imperme\u00e1vel. Ao aproveitar uma combina\u00e7\u00e3o de metodologias de pesquisa qualitativas e quantitativas, fornecemos insights robustos baseados em dados que informam a tomada de decis\u00f5es estrat\u00e9gicas e impulsionam o crescimento dos neg\u00f3cios.<\/p>\n\n\n\n<ul class=\"wp-block-list\">\n<li><strong>Planejamento Estrat\u00e9gico e Consultoria:<\/strong> SIS offers strategic planning and consulting services to assist businesses in developing and executing effective <a href=\"https:\/\/www.sisinternational.com\/pt\/marketing-de-guerrilha\/\" title=\"O que \u00e9 Marketing de Guerrilha?\"  data-wpil-monitor-id=\"1831\">strategies for success in the rainwear apparel<\/a> market. From market entry strategies to product development roadmaps, our experts provide strategic guidance tailored to each client&#8217;s unique goals, challenges, and market dynamics.<\/li>\n\n\n\n<li><strong>Inteligencia competitiva:<\/strong> SIS International conducts competitive intelligence assessments to help businesses gain a deep understanding of their competitors&#8217; strengths, weaknesses, strategies, and market positioning. <\/li>\n\n\n\n<li><strong>Apoio \u00e0 Expans\u00e3o Internacional:<\/strong> Para empresas que procuram expandir a sua presen\u00e7a em mercados internacionais, a SIS International fornece suporte abrangente, incluindo avalia\u00e7\u00f5es de entrada no mercado, estrat\u00e9gias de localiza\u00e7\u00e3o, orienta\u00e7\u00f5es de conformidade regulamentar e identifica\u00e7\u00e3o de parceiros. Com a nossa rede global de especialistas e conhecimento do mercado local, facilitamos a expans\u00e3o internacional cont\u00ednua.<\/li>\n<\/ul>\n\n\n\n<p><\/p>","protected":false},"excerpt":{"rendered":"<p>A pesquisa de mercado de vestu\u00e1rio para chuva estuda a ind\u00fastria global de vestu\u00e1rio para chuva, com foco em tend\u00eancias, prefer\u00eancias e avan\u00e7os tecnol\u00f3gicos.<\/p>","protected":false},"author":1,"featured_media":64847,"parent":14514,"menu_order":455,"comment_status":"closed","ping_status":"closed","template":"","meta":{"footnotes":""},"class_list":["post-47728","page","type-page","status-publish","has-post-thumbnail"],"_links":{"self":[{"href":"https:\/\/www.sisinternational.com\/pt\/wp-json\/wp\/v2\/pages\/47728","targetHints":{"allow":["GET"]}}],"collection":[{"href":"https:\/\/www.sisinternational.com\/pt\/wp-json\/wp\/v2\/pages"}],"about":[{"href":"https:\/\/www.sisinternational.com\/pt\/wp-json\/wp\/v2\/types\/page"}],"author":[{"embeddable":true,"href":"https:\/\/www.sisinternational.com\/pt\/wp-json\/wp\/v2\/users\/1"}],"replies":[{"embeddable":true,"href":"https:\/\/www.sisinternational.com\/pt\/wp-json\/wp\/v2\/comments?post=47728"}],"version-history":[{"count":10,"href":"https:\/\/www.sisinternational.com\/pt\/wp-json\/wp\/v2\/pages\/47728\/revisions"}],"predecessor-version":[{"id":80504,"href":"https:\/\/www.sisinternational.com\/pt\/wp-json\/wp\/v2\/pages\/47728\/revisions\/80504"}],"up":[{"embeddable":true,"href":"https:\/\/www.sisinternational.com\/pt\/wp-json\/wp\/v2\/pages\/14514"}],"wp:featuredmedia":[{"embeddable":true,"href":"https:\/\/www.sisinternational.com\/pt\/wp-json\/wp\/v2\/media\/64847"}],"wp:attachment":[{"href":"https:\/\/www.sisinternational.com\/pt\/wp-json\/wp\/v2\/media?parent=47728"}],"curies":[{"name":"wp","href":"https:\/\/api.w.org\/{rel}","templated":true}]}}