{"id":47725,"date":"2024-04-20T17:22:10","date_gmt":"2024-04-20T21:22:10","guid":{"rendered":"https:\/\/www.sisinternational.com\/?page_id=47725"},"modified":"2026-03-12T12:42:30","modified_gmt":"2026-03-12T16:42:30","slug":"pesquisa-de-mercado-de-doencas-raras","status":"publish","type":"page","link":"https:\/\/www.sisinternational.com\/pt\/solucoes\/pesquisa-de-mercado-de-saude\/pesquisa-de-mercado-de-doencas-raras\/","title":{"rendered":"Pesquisa de mercado de doen\u00e7as raras"},"content":{"rendered":"<h1 class=\"wp-block-heading\">Pesquisa de mercado de doen\u00e7as raras<\/h1>\n\n\n\n<figure class=\"gb-block-image gb-block-image-6f485e55\"><img loading=\"lazy\" decoding=\"async\" width=\"1456\" height=\"816\" class=\"gb-image gb-image-6f485e55\" src=\"https:\/\/www.sisinternational.com\/wp-content\/uploads\/2025\/08\/Rare-disease-1.jpg\" alt=\"Pesquisa e Estrat\u00e9gia de Mercado Internacional da SIS\" title=\"Rare disease (1)\" srcset=\"https:\/\/www.sisinternational.com\/wp-content\/uploads\/2025\/08\/Rare-disease-1.jpg 1456w, https:\/\/www.sisinternational.com\/wp-content\/uploads\/2025\/08\/Rare-disease-1-300x168.jpg 300w, https:\/\/www.sisinternational.com\/wp-content\/uploads\/2025\/08\/Rare-disease-1-1024x574.jpg 1024w, https:\/\/www.sisinternational.com\/wp-content\/uploads\/2025\/08\/Rare-disease-1-768x430.jpg 768w, https:\/\/www.sisinternational.com\/wp-content\/uploads\/2025\/08\/Rare-disease-1-18x10.jpg 18w\" sizes=\"auto, (max-width: 1456px) 100vw, 1456px\"><\/figure>\n\n\n\n<p><\/p>\n\n\n\n<hr class=\"wp-block-separator has-alpha-channel-opacity is-style-dots\"\/>\n\n\n\n<p>A investiga\u00e7\u00e3o do mercado das doen\u00e7as raras ajuda as partes interessadas a identificar lacunas nos cuidados, a melhorar o acesso dos pacientes aos tratamentos e a melhorar a experi\u00eancia geral dos pacientes.<\/p>\n\n\n\n<h2 class=\"wp-block-heading\">What Is Rare disease Market research?<\/h2>\n\n\n\n<p>A pesquisa de mercado de doen\u00e7as raras oferece um mergulho profundo nas complexidades das doen\u00e7as raras, incluindo a din\u00e2mica do mercado, os cen\u00e1rios de tratamento e as jornadas dos pacientes. Ao compreender as nuances das doen\u00e7as raras, as partes interessadas podem desenvolver estrat\u00e9gias espec\u00edficas para acelerar o desenvolvimento de medicamentos, melhorar as capacidades de diagn\u00f3stico e melhorar o acesso dos pacientes a terapias que mudam a vida.<\/p>\n\n\n\n<p>Esta pesquisa de mercado centra-se na compreens\u00e3o dos desafios, necessidades e oportunidades \u00fanicos associados \u00e0s doen\u00e7as raras, que afectam uma pequena percentagem da popula\u00e7\u00e3o. \u00c9 essencial para as empresas farmac\u00eauticas, os prestadores de cuidados de sa\u00fade, os decisores pol\u00edticos e os grupos de defesa dos doentes que procuram desenvolver tratamentos, melhorar os resultados dos doentes e aumentar a sensibiliza\u00e7\u00e3o para as doen\u00e7as raras. Esta informa\u00e7\u00e3o ajuda as partes interessadas a priorizar os esfor\u00e7os de investiga\u00e7\u00e3o e desenvolvimento e a atribuir recursos de forma eficaz.<\/p>\n\n\n\n<h2 class=\"wp-block-heading\">Por que isso \u00e9 importante?<\/h2>\n\n\n\n<p><a href=\"https:\/\/www.sisinternational.com\/pt\/pericia\/industrias\/pesquisa-de-mercado-de-metais-de-terras-raras\/\" title=\"Pesquisa de mercado de metais de terras raras\"  data-wpil-monitor-id=\"5165\">Rare disease market research<\/a> is crucial for businesses and organizations focusing on rare diseases, which often have unique challenges and require specialized approaches. This research provides valuable insights into the prevalence of rare diseases, patient demographics, treatment options, and unmet needs, enabling companies to develop targeted therapies and support programs for rare disease patients.<\/p>\n\n\n\n<p>Ao estudar as experi\u00eancias de pacientes com doen\u00e7as raras, prestadores de cuidados de sa\u00fade e cuidadores, as empresas podem identificar lacunas nos cuidados e desenvolver solu\u00e7\u00f5es para melhorar os resultados dos pacientes. Isto pode incluir o desenvolvimento de novos tratamentos, o fornecimento de acesso a cuidados especializados ou a oferta de servi\u00e7os de apoio para ajudar os pacientes a gerir eficazmente a sua condi\u00e7\u00e3o.<\/p>\n\n\n\n<p>Al\u00e9m disso, a investiga\u00e7\u00e3o do mercado das doen\u00e7as raras \u00e9 essencial para aumentar a sensibiliza\u00e7\u00e3o para as doen\u00e7as raras e defender as necessidades dos pacientes. Ao partilhar os resultados da investiga\u00e7\u00e3o com os prestadores de cuidados de sa\u00fade, os decisores pol\u00edticos e o p\u00fablico, as empresas podem ajudar a aumentar a sensibiliza\u00e7\u00e3o para as doen\u00e7as raras e os desafios enfrentados pelos pacientes.<\/p>\n\n\n\n<h2 class=\"wp-block-heading\">Quem usa pesquisas de mercado de doen\u00e7as raras<\/h2>\n\n\n\n<figure class=\"gb-block-image gb-block-image-592766ce\"><img loading=\"lazy\" decoding=\"async\" width=\"1456\" height=\"816\" class=\"gb-image gb-image-592766ce\" src=\"https:\/\/www.sisinternational.com\/wp-content\/uploads\/2025\/08\/Rare-disease-3.jpg\" alt=\"Pesquisa e Estrat\u00e9gia de Mercado Internacional da SIS\" title=\"Rare disease (3)\" srcset=\"https:\/\/www.sisinternational.com\/wp-content\/uploads\/2025\/08\/Rare-disease-3.jpg 1456w, https:\/\/www.sisinternational.com\/wp-content\/uploads\/2025\/08\/Rare-disease-3-300x168.jpg 300w, https:\/\/www.sisinternational.com\/wp-content\/uploads\/2025\/08\/Rare-disease-3-1024x574.jpg 1024w, https:\/\/www.sisinternational.com\/wp-content\/uploads\/2025\/08\/Rare-disease-3-768x430.jpg 768w, https:\/\/www.sisinternational.com\/wp-content\/uploads\/2025\/08\/Rare-disease-3-18x10.jpg 18w\" sizes=\"auto, (max-width: 1456px) 100vw, 1456px\"><\/figure>\n\n\n\n<p><\/p>\n\n\n\n<p>Pharmaceutical companies rely on <a href=\"https:\/\/www.sisinternational.com\/pt\/pericia\/industrias\/pesquisa-de-mercado-farmaceutico\/\" title=\"Pesquisa de mercado farmac\u00eautico\"  data-wpil-monitor-id=\"3467\">pesquisa de mercado de doen\u00e7as raras<\/a> to identify unmet medical needs, assess market potential, and develop new therapies. Pharmaceutical companies can make strategic decisions about drug development, clinical trials, and commercialization strategies for rare disease treatments.<\/p>\n\n\n\n<p><a href=\"https:\/\/www.sisinternational.com\/pt\/criacao-de-orgaos-por-impressoras-3d\/\" title=\"Cria\u00e7\u00e3o de \u00f3rg\u00e3os e pesquisa de mercado de impressoras 3D\"  data-wpil-monitor-id=\"6890\">Healthcare providers use market research<\/a> to stay informed about the latest rare disease treatment and management advancements. Healthcare providers can improve their ability to diagnose and treat rare diseases, ultimately improving patient outcomes.<\/p>\n\n\n\n<p>Patient advocacy groups utilize <a href=\"https:\/\/www.sisinternational.com\/pt\/pericia\/industrias\/pesquisa-de-mercado-sobre-a-jornada-do-paciente\/\" title=\"Pesquisa de mercado da jornada do paciente\"  data-wpil-monitor-id=\"5384\">pesquisa de mercado de doen\u00e7as raras<\/a> to raise awareness about rare diseases, advocate for policy changes, and provide support and resources to patients and their families. By analyzing market data, advocacy groups can identify gaps in care and develop programs to address these challenges.<\/p>\n\n\n\n<p>Regulatory agencies leverage <a href=\"https:\/\/www.sisinternational.com\/pt\/pericia\/industrias\/pesquisa-de-mercado-de-seguranca-viaria\/\" title=\"Pesquisa de mercado de seguran\u00e7a rodovi\u00e1ria\"  data-wpil-monitor-id=\"4734\">market research to assess the safety<\/a> and efficacy of rare disease treatments and ensure that patients have access to safe and effective therapies. Analyzing market data enables regulatory agencies to make informed decisions about drug approvals and monitoring.<\/p>\n\n\n\n<h2 class=\"wp-block-heading\">Avalia\u00e7\u00e3o da Din\u00e2mica do Mercado:<\/h2>\n\n\n\n<p>A SIS International avalia a din\u00e2mica e as tend\u00eancias do mercado no cen\u00e1rio das doen\u00e7as raras, incluindo a preval\u00eancia das doen\u00e7as, a demografia dos pacientes e as op\u00e7\u00f5es de tratamento. Fornecemos \u00e0s partes interessadas insights sobre oportunidades de mercado, desafios e barreiras de entrada. Esta informa\u00e7\u00e3o permite que as partes interessadas tomem decis\u00f5es informadas sobre estrat\u00e9gias de investimento, prioridades de desenvolvimento de medicamentos e iniciativas de acesso ao mercado no mercado das doen\u00e7as raras.<\/p>\n\n\n\n<ul class=\"wp-block-list\">\n<li><strong>Identifica\u00e7\u00e3o das principais partes interessadas:<\/strong> O SIS identifica as principais partes interessadas no ecossistema das doen\u00e7as raras, incluindo pacientes, cuidadores, grupos de defesa, prestadores de cuidados de sa\u00fade e ag\u00eancias reguladoras. Ao envolverem-se com estas partes interessadas atrav\u00e9s de inqu\u00e9ritos, entrevistas e grupos focais, os especialistas do SIS constroem rela\u00e7\u00f5es e re\u00fanem conhecimentos sobre as suas perspectivas, prefer\u00eancias e prioridades.<\/li>\n\n\n\n<li><strong>Orienta\u00e7\u00e3o sobre estrat\u00e9gias regulat\u00f3rias e de reembolso: <\/strong>A SIS International orienta estrat\u00e9gias regulat\u00f3rias e de reembolso para terapias de doen\u00e7as raras. Ao analisar requisitos regulamentares, pol\u00edticas de reembolso e vias de acesso ao mercado, ajudamos as empresas farmac\u00eauticas a navegar no complexo cen\u00e1rio regulamentar e a garantir aprova\u00e7\u00f5es e reembolsos para os seus produtos.<\/li>\n<\/ul>\n\n\n\n<p>O mercado das doen\u00e7as raras oferece \u00e0s empresas farmac\u00eauticas oportunidades para desenvolver medicamentos \u00f3rf\u00e3os e terapias que visam necessidades m\u00e9dicas n\u00e3o satisfeitas em popula\u00e7\u00f5es com doen\u00e7as raras. Atrav\u00e9s do investimento na investiga\u00e7\u00e3o de doen\u00e7as raras, as empresas podem identificar novos alvos de medicamentos, reaproveitar terapias existentes e aproveitar incentivos regulamentares, tais como a designa\u00e7\u00e3o de medicamentos \u00f3rf\u00e3os e a exclusividade de mercado, para acelerar o desenvolvimento e a comercializa\u00e7\u00e3o de medicamentos.<\/p>\n\n\n\n<ul class=\"wp-block-list\">\n<li><strong>Expans\u00e3o das abordagens de medicina de precis\u00e3o:<\/strong> A pesquisa contribui para o avan\u00e7o de abordagens de medicina de precis\u00e3o adaptadas aos perfis individuais dos pacientes, antecedentes gen\u00e9ticos e caracter\u00edsticas das doen\u00e7as. As empresas podem aproveitar o sequenciamento gen\u00f4mico, a descoberta de biomarcadores e diagn\u00f3sticos personalizados para desenvolver terapias direcionadas e diagn\u00f3sticos complementares para doen\u00e7as raras.<\/li>\n\n\n\n<li><strong>Parcerias com grupos de defesa de pacientes:<\/strong> A colabora\u00e7\u00e3o com grupos de defesa dos doentes proporciona \u00e0s empresas oportunidades de envolvimento com comunidades de doen\u00e7as raras, de sensibiliza\u00e7\u00e3o e de resposta a necessidades n\u00e3o satisfeitas. Ao estabelecer parcerias com organiza\u00e7\u00f5es de defesa dos pacientes, as empresas podem obter informa\u00e7\u00f5es sobre as experi\u00eancias, prioridades e prefer\u00eancias dos pacientes, informando os esfor\u00e7os de investiga\u00e7\u00e3o e desenvolvimento, a conce\u00e7\u00e3o de ensaios cl\u00ednicos e os programas de apoio aos pacientes.<\/li>\n\n\n\n<li><strong>Avan\u00e7o das solu\u00e7\u00f5es digitais de sa\u00fade:<\/strong> A integra\u00e7\u00e3o de solu\u00e7\u00f5es digitais de sa\u00fade, como a telemedicina, a monitoriza\u00e7\u00e3o remota e as aplica\u00e7\u00f5es m\u00f3veis de sa\u00fade, apresenta oportunidades para melhorar o diagn\u00f3stico, a gest\u00e3o e a participa\u00e7\u00e3o dos pacientes nas doen\u00e7as raras. As empresas podem desenvolver ferramentas e plataformas digitais inovadoras que facilitem consultas remotas, monitoriza\u00e7\u00e3o de dados em tempo real e interven\u00e7\u00f5es de sa\u00fade personalizadas para pacientes com doen\u00e7as raras.<\/li>\n<\/ul>\n\n\n\n<h2 class=\"wp-block-heading\">Oportunidades<\/h2>\n\n\n\n<p>Despite the opportunities, businesses face challenges in conducting effective rare disease <a href=\"https:\/\/www.sisinternational.com\/pt\/smartphone\/\" title=\"Pesquisa de mercado de smartphones\"  data-wpil-monitor-id=\"2890\">market research and developing innovative solutions<\/a> for rare disease populations.<\/p>\n\n\n\n<ul class=\"wp-block-list\">\n<li><strong>Pequenas popula\u00e7\u00f5es de pacientes e heterogeneidade:<\/strong> As doen\u00e7as raras s\u00e3o caracterizadas por pequenas popula\u00e7\u00f5es de pacientes e heterogeneidade, tornando dif\u00edcil recrutar participantes suficientes para estudos de investiga\u00e7\u00e3o e realizar an\u00e1lises estatisticamente significativas.<\/li>\n\n\n\n<li><strong>Disponibilidade e acessibilidade limitadas de dados:<\/strong> Estas doen\u00e7as carecem frequentemente de infra-estruturas de dados abrangentes, registos e ferramentas padronizadas de recolha de dados, dificultando a capacidade dos investigadores de aceder, analisar e partilhar dados de forma eficaz. A disponibilidade e acessibilidade limitadas de dados colocam desafios aos estudos epidemiol\u00f3gicos, \u00e0 investiga\u00e7\u00e3o de hist\u00f3ria natural e \u00e0 vigil\u00e2ncia p\u00f3s-comercializa\u00e7\u00e3o de terapias para doen\u00e7as raras.<\/li>\n\n\n\n<li><strong>Obst\u00e1culos regulat\u00f3rios e de reembolso:<\/strong> As vias regulat\u00f3rias para a aprova\u00e7\u00e3o de medicamentos \u00f3rf\u00e3os s\u00e3o complexas e podem exigir evid\u00eancias cl\u00ednicas adicionais, estudos p\u00f3s-comercializa\u00e7\u00e3o e estrat\u00e9gias de mitiga\u00e7\u00e3o de riscos para demonstrar seguran\u00e7a e efic\u00e1cia. Al\u00e9m disso, as pol\u00edticas de reembolso para tratamentos de doen\u00e7as raras variam entre regi\u00f5es, pagadores e sistemas de sa\u00fade, criando incertezas em torno do acesso ao mercado, dos pre\u00e7os e das negocia\u00e7\u00f5es de reembolso para terapias de doen\u00e7as raras.<\/li>\n\n\n\n<li><strong>Altos custos de desenvolvimento e riscos financeiros:<\/strong> O desenvolvimento de medicamentos para doen\u00e7as raras acarreta custos elevados, longos prazos de desenvolvimento e riscos financeiros para as empresas. As pequenas popula\u00e7\u00f5es de pacientes, o potencial comercial limitado e as incertezas regulamentares associadas \u00e0s doen\u00e7as raras aumentam os custos de desenvolvimento e diminuem o potencial de receitas para terapias para doen\u00e7as raras.<\/li>\n<\/ul>\n\n\n\n<h2 class=\"wp-block-heading\">The SIS Advantage<\/h2>\n\n\n\n<p>SIS International offers specialized services and expertise to help businesses overcome the challenges and capitalize on the opportunities in the rare disease market research.<\/p>\n\n\n\n<ul class=\"wp-block-list\">\n<li><strong>Desenho Estrat\u00e9gico de Pesquisa:<\/strong> A SIS International colabora com clientes para conceber estudos de investiga\u00e7\u00e3o estrat\u00e9gicos adaptados \u00e0s necessidades e objectivos \u00fanicos da investiga\u00e7\u00e3o em doen\u00e7as raras. Garantimos que os projetos de pesquisa sejam abrangentes, rigorosos e alinhados com os padr\u00f5es regulat\u00f3rios e do setor. Esta abordagem estrat\u00e9gica permite que os clientes gerem evid\u00eancias robustas, identifiquem necessidades n\u00e3o satisfeitas e otimizem estrat\u00e9gias de desenvolvimento para terapias para doen\u00e7as raras.<\/li>\n\n\n\n<li><strong>Envolvimento e defesa do paciente:<\/strong> SIS engages with rare disease patient communities, advocacy groups, and key stakeholders to ensure that patient perspectives are integrated into the research process. <\/li>\n\n\n\n<li><strong>Acesso ao Mercado e Apoio \u00e0 Comercializa\u00e7\u00e3o:<\/strong> Our specialists provide market access and commercialization support to help clients navigate regulatory and reimbursement challenges in the rare disease market. <\/li>\n\n\n\n<li><strong>Mapeamento e Engajamento de Stakeholders:<\/strong> We conduct stakeholder mapping and engagement activities to identify key opinion leaders, opinion influencers, and decision-makers in the rare disease ecosystem. <\/li>\n<\/ul>\n\n\n\n<p><\/p>","protected":false},"excerpt":{"rendered":"<p>A pesquisa de mercado de doen\u00e7as raras fornece uma an\u00e1lise aprofundada de doen\u00e7as raras, din\u00e2mica de mercado, op\u00e7\u00f5es de tratamento e experi\u00eancias dos pacientes.<\/p>","protected":false},"author":1,"featured_media":64849,"parent":11294,"menu_order":456,"comment_status":"closed","ping_status":"closed","template":"","meta":{"footnotes":""},"class_list":["post-47725","page","type-page","status-publish","has-post-thumbnail"],"_links":{"self":[{"href":"https:\/\/www.sisinternational.com\/pt\/wp-json\/wp\/v2\/pages\/47725","targetHints":{"allow":["GET"]}}],"collection":[{"href":"https:\/\/www.sisinternational.com\/pt\/wp-json\/wp\/v2\/pages"}],"about":[{"href":"https:\/\/www.sisinternational.com\/pt\/wp-json\/wp\/v2\/types\/page"}],"author":[{"embeddable":true,"href":"https:\/\/www.sisinternational.com\/pt\/wp-json\/wp\/v2\/users\/1"}],"replies":[{"embeddable":true,"href":"https:\/\/www.sisinternational.com\/pt\/wp-json\/wp\/v2\/comments?post=47725"}],"version-history":[{"count":13,"href":"https:\/\/www.sisinternational.com\/pt\/wp-json\/wp\/v2\/pages\/47725\/revisions"}],"predecessor-version":[{"id":80460,"href":"https:\/\/www.sisinternational.com\/pt\/wp-json\/wp\/v2\/pages\/47725\/revisions\/80460"}],"up":[{"embeddable":true,"href":"https:\/\/www.sisinternational.com\/pt\/wp-json\/wp\/v2\/pages\/11294"}],"wp:featuredmedia":[{"embeddable":true,"href":"https:\/\/www.sisinternational.com\/pt\/wp-json\/wp\/v2\/media\/64849"}],"wp:attachment":[{"href":"https:\/\/www.sisinternational.com\/pt\/wp-json\/wp\/v2\/media?parent=47725"}],"curies":[{"name":"wp","href":"https:\/\/api.w.org\/{rel}","templated":true}]}}