{"id":47723,"date":"2024-04-20T17:19:48","date_gmt":"2024-04-20T21:19:48","guid":{"rendered":"https:\/\/www.sisinternational.com\/?page_id=47723"},"modified":"2026-01-24T17:23:45","modified_gmt":"2026-01-24T22:23:45","slug":"pesquisa-de-mercado-de-crescimento-corporativo-internacional","status":"publish","type":"page","link":"https:\/\/www.sisinternational.com\/pt\/solucoes\/pesquisa-de-mercado-de-crescimento-corporativo-internacional\/","title":{"rendered":"Pesquisa de mercado sobre crescimento corporativo internacional"},"content":{"rendered":"<h1 class=\"wp-block-heading\">Pesquisa de mercado sobre crescimento corporativo internacional<\/h1>\n\n\n\n<figure class=\"gb-block-image gb-block-image-471f9c14\"><img loading=\"lazy\" decoding=\"async\" width=\"1024\" height=\"574\" class=\"gb-image gb-image-471f9c14\" src=\"https:\/\/www.sisinternational.com\/wp-content\/uploads\/2025\/08\/Global-1-1024x574.jpg\" alt=\"Pesquisa e Estrat\u00e9gia de Mercado Internacional da SIS\" title=\"Global (1)\" srcset=\"https:\/\/www.sisinternational.com\/wp-content\/uploads\/2025\/08\/Global-1-1024x574.jpg 1024w, https:\/\/www.sisinternational.com\/wp-content\/uploads\/2025\/08\/Global-1-300x168.jpg 300w, https:\/\/www.sisinternational.com\/wp-content\/uploads\/2025\/08\/Global-1-768x430.jpg 768w, https:\/\/www.sisinternational.com\/wp-content\/uploads\/2025\/08\/Global-1-18x10.jpg 18w, https:\/\/www.sisinternational.com\/wp-content\/uploads\/2025\/08\/Global-1.jpg 1456w\" sizes=\"auto, (max-width: 1024px) 100vw, 1024px\"><\/figure>\n\n\n\n<p><\/p>\n\n\n\n<hr class=\"wp-block-separator has-alpha-channel-opacity is-style-dots\"\/>\n\n\n\n<p>A pesquisa de mercado de crescimento corporativo internacional inclui a an\u00e1lise do comportamento e das prefer\u00eancias do consumidor nos mercados-alvo. Isto envolve a recolha de dados sobre a demografia dos consumidores, h\u00e1bitos de compra e prefer\u00eancias de produtos e servi\u00e7os para adaptar as ofertas \u00e0s necessidades locais.<\/p>\n\n\n\n<p>O crescimento corporativo internacional \u00e9 um empreendimento desafiador, por\u00e9m gratificante, para empresas que buscam entrar em novos mercados. Por esta raz\u00e3o, a pesquisa de mercado de crescimento corporativo internacional oferece uma an\u00e1lise abrangente das tend\u00eancias do mercado global, cen\u00e1rios competitivos e nuances culturais, fornecendo \u00e0s empresas os insights estrat\u00e9gicos necess\u00e1rios para ter sucesso em diversos mercados internacionais.<\/p>\n\n\n\n<h2 class=\"wp-block-heading\">O que \u00e9 pesquisa de mercado de crescimento corporativo internacional?<\/h2>\n\n\n\n<p>A pesquisa de mercado de crescimento corporativo internacional ajuda as empresas a compreender e avaliar oportunidades de expans\u00e3o e crescimento nos mercados internacionais. Come\u00e7a analisando tend\u00eancias de mercado, cen\u00e1rios competitivos, ambientes regulat\u00f3rios e prefer\u00eancias dos consumidores em diferentes pa\u00edses para identificar estrat\u00e9gias de crescimento vi\u00e1veis. Essas informa\u00e7\u00f5es ajudam as empresas a priorizar os mercados que oferecem o potencial mais significativo de crescimento e lucratividade.<\/p>\n\n\n\n<h2 class=\"wp-block-heading\">Por que as empresas precisam de pesquisas de mercado de crescimento corporativo internacional?<\/h2>\n\n\n\n<p>A pesquisa de mercado de crescimento corporativo internacional \u00e9 essencial para as empresas que expandem as suas opera\u00e7\u00f5es para al\u00e9m das fronteiras nacionais. Ao analisar as tend\u00eancias do mercado global e identificar novas oportunidades, as empresas podem desenvolver planos estrat\u00e9gicos de crescimento que capitalizem o potencial dos mercados internacionais.<\/p>\n\n\n\n<p>Al\u00e9m disso, esta pesquisa de mercado ajuda as empresas a compreender as diferen\u00e7as culturais, econ\u00f3micas e regulamentares que existem nos mercados internacionais. Este conhecimento \u00e9 crucial para o desenvolvimento de estrat\u00e9gias personalizadas que mitiguem os riscos e garantam uma entrada e expans\u00e3o bem-sucedidas no mercado.<\/p>\n\n\n\n<p>Additionally, as businesses expand internationally, they need to stay ahead of competitors and adapt to changing market dynamics. International corporate growth <a href=\"https:\/\/www.sisinternational.com\/pt\/estrategias-de-sustentabilidade-corporativa-um-estudo-de-caso-da-siemens-2\/\" title=\"Estrat\u00e9gias de Sustentabilidade Corporativa: Um Estudo de Caso da Siemens\"  data-wpil-monitor-id=\"1737\">market research provides insights into competitor strategies<\/a>, market trends, and customer preferences, helping businesses stay agile and responsive in global markets.<\/p>\n\n\n\n<h2 class=\"wp-block-heading\">Quem usa pesquisa de mercado de crescimento corporativo internacional<\/h2>\n\n\n\n<figure class=\"gb-block-image gb-block-image-86f32a7a\"><img loading=\"lazy\" decoding=\"async\" width=\"1456\" height=\"816\" class=\"gb-image gb-image-86f32a7a\" src=\"https:\/\/www.sisinternational.com\/wp-content\/uploads\/2025\/08\/Global-8.jpg\" alt=\"Pesquisa e Estrat\u00e9gia de Mercado Internacional da SIS\" title=\"Global (8)\" srcset=\"https:\/\/www.sisinternational.com\/wp-content\/uploads\/2025\/08\/Global-8.jpg 1456w, https:\/\/www.sisinternational.com\/wp-content\/uploads\/2025\/08\/Global-8-300x168.jpg 300w, https:\/\/www.sisinternational.com\/wp-content\/uploads\/2025\/08\/Global-8-1024x574.jpg 1024w, https:\/\/www.sisinternational.com\/wp-content\/uploads\/2025\/08\/Global-8-768x430.jpg 768w, https:\/\/www.sisinternational.com\/wp-content\/uploads\/2025\/08\/Global-8-18x10.jpg 18w\" sizes=\"auto, (max-width: 1456px) 100vw, 1456px\"><\/figure>\n\n\n\n<p><\/p>\n\n\n\n<p>Os executivos e decisores empresariais confiam na pesquisa de mercado para identificar novos mercados, avaliar o potencial do mercado e tomar decis\u00f5es informadas sobre a expans\u00e3o internacional. Atrav\u00e9s da an\u00e1lise de dados de mercado, os executivos podem identificar oportunidades de crescimento e desenvolver estrat\u00e9gias para entrar com sucesso em novos mercados.<\/p>\n\n\n\n<p>Business development teams use <a href=\"https:\/\/www.sisinternational.com\/pt\/resiliencia-empresarial-coronavirus\/\" title=\"Pesquisa de mercado sobre resili\u00eancia empresarial na Covid\"  data-wpil-monitor-id=\"7283\">pesquisa de mercado de crescimento corporativo internacional<\/a> to identify potential partners, assess competitive landscapes, and develop market entry strategies. By understanding market dynamics, they can identify the best opportunities for growth and create partnerships that support their international expansion efforts.<\/p>\n\n\n\n<p>Investidores e institui\u00e7\u00f5es financeiras utilizam pesquisas de mercado de crescimento corporativo internacional para avaliar o potencial retorno sobre o investimento (ROI) de oportunidades de expans\u00e3o internacional. Os investidores podem avaliar os riscos e oportunidades associados ao crescimento internacional e tomar decis\u00f5es informadas sobre onde alocar capital.<\/p>\n\n\n\n<h2 class=\"wp-block-heading\">Oportunidades no mercado internacional de crescimento corporativo<\/h2>\n\n\n\n<p>O mercado internacional de crescimento corporativo oferece oportunidades abundantes para as empresas expandirem a sua presen\u00e7a global, explorarem novos mercados e impulsionarem o crescimento sustent\u00e1vel.<\/p>\n\n\n\n<ul class=\"wp-block-list\">\n<li><strong>Acesso a mercados emergentes:<\/strong> A expans\u00e3o internacional proporciona \u00e0s empresas acesso a mercados emergentes com potencial inexplorado de crescimento e rentabilidade. Os mercados na \u00c1sia, na Am\u00e9rica Latina e em \u00c1frica oferecem vastas popula\u00e7\u00f5es de consumidores e segmentos crescentes da classe m\u00e9dia, apresentando oportunidades lucrativas para as empresas introduzirem os seus produtos e servi\u00e7os.<\/li>\n\n\n\n<li><strong>Diversifica\u00e7\u00e3o dos fluxos de receitas:<\/strong> A expans\u00e3o internacional permite que as empresas diversifiquem os seus fluxos de receitas e reduzam a depend\u00eancia de um \u00fanico mercado ou regi\u00e3o geogr\u00e1fica. Ao operar em m\u00faltiplos mercados, as empresas podem mitigar os riscos associados \u00e0s flutua\u00e7\u00f5es econ\u00f3micas, \u00e0s mudan\u00e7as regulamentares e \u00e0s press\u00f5es competitivas, ao mesmo tempo que capitalizam as diversas prefer\u00eancias dos consumidores e tend\u00eancias da procura.<\/li>\n\n\n\n<li><strong>Parcerias e Colabora\u00e7\u00f5es Estrat\u00e9gicas:<\/strong> A expans\u00e3o internacional abre portas para parcerias estrat\u00e9gicas e colabora\u00e7\u00f5es com empresas, distribuidores e fornecedores locais. Os empreendimentos colaborativos facilitam a entrada no mercado, melhoram a penetra\u00e7\u00e3o no mercado e aproveitam a experi\u00eancia e as redes locais, permitindo \u00e0s empresas acelerar o crescimento e obter uma vantagem competitiva em novos mercados.<\/li>\n\n\n\n<li><strong>Acesso a Centros de Talento e Inova\u00e7\u00e3o:<\/strong> A expans\u00e3o internacional permite que as empresas explorem conjuntos globais de talentos e centros de inova\u00e7\u00e3o, promovendo a criatividade, a diversidade e a colabora\u00e7\u00e3o intercultural. Ao estabelecerem presen\u00e7a nos principais clusters tecnol\u00f3gicos e regi\u00f5es ricas em talentos, as empresas podem impulsionar a inova\u00e7\u00e3o, atrair os melhores talentos e manter-se \u00e0 frente dos concorrentes em ind\u00fastrias em r\u00e1pida evolu\u00e7\u00e3o.<\/li>\n<\/ul>\n\n\n\n<h2 class=\"wp-block-heading\">Challenges of the International Corporate Growth Market<\/h2>\n\n\n\n<p>Apesar das oportunidades promissoras, as empresas enfrentam v\u00e1rios desafios ao expandirem-se internacionalmente, que requerem um planeamento cuidadoso, previs\u00e3o estrat\u00e9gica e agilidade operacional para serem superados.<\/p>\n\n\n\n<ul class=\"wp-block-list\">\n<li><strong>Barreiras Culturais e Lingu\u00edsticas:<\/strong> As diferen\u00e7as culturais e as barreiras lingu\u00edsticas representam desafios para as empresas que operam em diversos mercados internacionais. Compreender os costumes, tradi\u00e7\u00f5es e normas de comunica\u00e7\u00e3o locais \u00e9 essencial para construir confian\u00e7a, promover relacionamentos significativos e ressoar eficazmente com os p\u00fablicos-alvo.<\/li>\n\n\n\n<li><strong>Conformidade Regulat\u00f3ria e Riscos Legais:<\/strong> Navegar pela conformidade regulat\u00f3ria e pelos riscos legais nos mercados internacionais exige que as empresas se mantenham a par das leis, regulamentos e pr\u00e1ticas comerciais locais. A conformidade com regulamenta\u00e7\u00f5es comerciais, leis tribut\u00e1rias e direitos de propriedade intelectual \u00e9 fundamental para evitar disputas legais, multas e danos \u00e0 reputa\u00e7\u00e3o em jurisdi\u00e7\u00f5es estrangeiras.<\/li>\n\n\n\n<li><strong>Complexidade log\u00edstica e da cadeia de suprimentos:<\/strong> A gest\u00e3o de opera\u00e7\u00f5es log\u00edsticas complexas e da cadeia de abastecimento al\u00e9m-fronteiras apresenta desafios log\u00edsticos, incluindo transporte, desembara\u00e7o aduaneiro e gest\u00e3o de invent\u00e1rio. As empresas devem otimizar os processos da cadeia de abastecimento, mitigar interrup\u00e7\u00f5es e garantir a entrega atempada de bens e servi\u00e7os para satisfazer as exig\u00eancias dos clientes e manter a vantagem competitiva.<\/li>\n\n\n\n<li><strong>Custos de entrada e expans\u00e3o no mercado:<\/strong> A expans\u00e3o internacional implica um investimento inicial significativo e custos operacionais cont\u00ednuos, incluindo pesquisa de mercado, estrat\u00e9gias de entrada no mercado, desenvolvimento de infra-estruturas e aquisi\u00e7\u00e3o de talentos. Gerir os custos de forma eficaz e, ao mesmo tempo, maximizar o retorno do investimento exige que as empresas desenvolvam modelos financeiros robustos, estrat\u00e9gias de mitiga\u00e7\u00e3o de riscos e planos de conting\u00eancia.<\/li>\n<\/ul>\n\n\n\n<h2 class=\"wp-block-heading\">Como os servi\u00e7os da SIS International ajudam as empresas<\/h2>\n\n\n\n<figure class=\"gb-block-image gb-block-image-e12d54c5\"><img loading=\"lazy\" decoding=\"async\" width=\"1456\" height=\"816\" class=\"gb-image gb-image-e12d54c5\" src=\"https:\/\/www.sisinternational.com\/wp-content\/uploads\/2025\/09\/Quantitative-research-1d4-3.jpg\" alt=\"Pesquisa e Estrat\u00e9gia de Mercado Internacional da SIS\" title=\"Quantitative research (1d4) (3)\" srcset=\"https:\/\/www.sisinternational.com\/wp-content\/uploads\/2025\/09\/Quantitative-research-1d4-3.jpg 1456w, https:\/\/www.sisinternational.com\/wp-content\/uploads\/2025\/09\/Quantitative-research-1d4-3-300x168.jpg 300w, https:\/\/www.sisinternational.com\/wp-content\/uploads\/2025\/09\/Quantitative-research-1d4-3-1024x574.jpg 1024w, https:\/\/www.sisinternational.com\/wp-content\/uploads\/2025\/09\/Quantitative-research-1d4-3-768x430.jpg 768w, https:\/\/www.sisinternational.com\/wp-content\/uploads\/2025\/09\/Quantitative-research-1d4-3-18x10.jpg 18w\" sizes=\"auto, (max-width: 1456px) 100vw, 1456px\"><\/figure>\n\n\n\n<p><\/p>\n\n\n\n<p>No cen\u00e1rio complexo do crescimento empresarial internacional, a SIS International oferece um conjunto abrangente de servi\u00e7os concebidos para apoiar as empresas na concretiza\u00e7\u00e3o dos seus objectivos de expans\u00e3o e na promo\u00e7\u00e3o do crescimento sustent\u00e1vel nos mercados globais.<\/p>\n\n\n\n<ul class=\"wp-block-list\">\n<li><strong>Pesquisa e an\u00e1lise estrat\u00e9gica de mercado:<\/strong> SIS conducts international corporate growth market research to provide businesses with actionable insights into international markets, including market trends, competitive landscapes, and consumer preferences. By leveraging robust data analytics and research methodologies, we enable clients to make informed decisions and develop targeted <a href=\"https:\/\/www.sisinternational.com\/pt\/desenvolvendo-bancos-de-dados-de-informacoes-internacionais-meu-artigo-de-1990\/\" title=\"Desenvolvendo bancos de dados de informa\u00e7\u00f5es internacionais: Ruth Stanat em 1990\"  data-wpil-monitor-id=\"2202\">strategies<\/a> that resonate with diverse international audiences.<\/li>\n\n\n\n<li><strong>Estrat\u00e9gias personalizadas de entrada no mercado:<\/strong> A SIS International oferece estrat\u00e9gias personalizadas de entrada no mercado, adaptadas \u00e0s necessidades e objetivos exclusivos dos clientes que buscam expans\u00e3o internacional. Seja identificando mercados-alvo, avaliando o potencial de mercado ou avaliando barreiras de entrada, a SIS colabora estreitamente com os clientes para desenvolver abordagens personalizadas que otimizam os processos de entrada no mercado e maximizam o sucesso.<\/li>\n\n\n\n<li><strong>Rede Global e Experi\u00eancia:<\/strong> Com uma rede global de profissionais e especialistas do setor, a SIS oferece aos clientes acesso a experi\u00eancia incompar\u00e1vel e conhecimento do mercado local em diversos mercados internacionais. Atrav\u00e9s de parcerias estrat\u00e9gicas e compromissos colaborativos, ajudamos os clientes a navegar pelas nuances culturais, cen\u00e1rios regulat\u00f3rios e pr\u00e1ticas comerciais para impulsionar o sucesso em iniciativas internacionais de crescimento corporativo.<\/li>\n\n\n\n<li><strong>Mitiga\u00e7\u00e3o de riscos e suporte de conformidade:<\/strong> A SIS auxilia os clientes na navega\u00e7\u00e3o pela conformidade regulat\u00f3ria, riscos legais e desafios geopol\u00edticos associados \u00e0 expans\u00e3o internacional. Ao realizar avalia\u00e7\u00f5es de risco e due diligence minuciosas, mitigamos riscos potenciais e garantimos a conformidade com as leis e regulamentos locais, salvaguardando os interesses e reputa\u00e7\u00f5es dos clientes em jurisdi\u00e7\u00f5es estrangeiras.<\/li>\n\n\n\n<li><strong>Suporte Cont\u00ednuo e Monitoramento de Desempenho:<\/strong> A SIS International fornece suporte constante e monitoramento de desempenho durante todo o ciclo de vida dos compromissos com os clientes, garantindo que as empresas recebam orienta\u00e7\u00e3o cont\u00ednua, feedback e oportunidades de otimiza\u00e7\u00e3o.<\/li>\n<\/ul>\n\n\n\n<h2 class=\"wp-block-heading\">Localiza\u00e7\u00e3o de nossas instala\u00e7\u00f5es em Nova York<\/h2>\n\n\n\n<p>\n\n\n\n<iframe loading=\"lazy\" src=\"https:\/\/www.google.com\/maps\/embed?pb=!1m18!1m12!1m3!1d3022.976188376966!2d-73.99130312499956!3d40.740549471389315!2m3!1f0!2f0!3f0!3m2!1i1024!2i768!4f13.1!3m3!1m2!1s0x89c259a15798c731%3A0xd695d09bdd495f25!2s11%20E%2022nd%20St%20FL%202%2C%20New%20York%2C%20NY%2010010%2C%20USA!5e0!3m2!1sen!2spe!4v1726171763526!5m2!1sen!2spe\" width=\"600\" height=\"450\" allowfullscreen=\"allowfullscreen\" data-mce-fragment=\"1\"><\/iframe>\n\n\n\n<\/p>\n\n\n\n<h3 class=\"wp-block-heading\">11 E 22nd Street, 2\u00ba andar, Nova York, NY 10010 T: +1(212) 505-6805<\/h3>\n\n\n\n<hr class=\"wp-block-separator has-alpha-channel-opacity\"\/>\n\n\n\n<h2 class=\"wp-block-heading\"><span style=\"font-weight: 400;\">Sobre SIS Internacional<\/span><\/h2>\n\n\n\n<p><a href=\"https:\/\/www.sisinternational.com\/pt\/\"><span style=\"font-weight: 400;\">SIS Internacional<\/span><\/a><span style=\"font-weight: 400;\"> oferece pesquisa quantitativa, qualitativa e estrat\u00e9gica. Fornecemos dados, ferramentas, estrat\u00e9gias, relat\u00f3rios e insights para a tomada de decis\u00f5es. Tamb\u00e9m realizamos entrevistas, pesquisas, grupos focais e outros m\u00e9todos e abordagens de Pesquisa de Mercado.<\/span><a href=\"https:\/\/www.sisinternational.com\/pt\/sobre-a-sis-international-research\/contact-sis-international-market-research\/\"><span style=\"font-weight: 400;\"> Entre em contato conosco<\/span><\/a><span style=\"font-weight: 400;\"> para o seu pr\u00f3ximo projeto de pesquisa de mercado.<\/span><\/p>\n\n\n\n<p><\/p>","protected":false},"excerpt":{"rendered":"<p>A pesquisa de mercado sobre crescimento corporativo internacional ajuda as empresas a entender e avaliar as oportunidades de expans\u00e3o e crescimento em todo o mundo.<\/p>","protected":false},"author":1,"featured_media":62409,"parent":14457,"menu_order":42,"comment_status":"closed","ping_status":"closed","template":"","meta":{"footnotes":""},"class_list":["post-47723","page","type-page","status-publish","has-post-thumbnail"],"_links":{"self":[{"href":"https:\/\/www.sisinternational.com\/pt\/wp-json\/wp\/v2\/pages\/47723","targetHints":{"allow":["GET"]}}],"collection":[{"href":"https:\/\/www.sisinternational.com\/pt\/wp-json\/wp\/v2\/pages"}],"about":[{"href":"https:\/\/www.sisinternational.com\/pt\/wp-json\/wp\/v2\/types\/page"}],"author":[{"embeddable":true,"href":"https:\/\/www.sisinternational.com\/pt\/wp-json\/wp\/v2\/users\/1"}],"replies":[{"embeddable":true,"href":"https:\/\/www.sisinternational.com\/pt\/wp-json\/wp\/v2\/comments?post=47723"}],"version-history":[{"count":10,"href":"https:\/\/www.sisinternational.com\/pt\/wp-json\/wp\/v2\/pages\/47723\/revisions"}],"predecessor-version":[{"id":80933,"href":"https:\/\/www.sisinternational.com\/pt\/wp-json\/wp\/v2\/pages\/47723\/revisions\/80933"}],"up":[{"embeddable":true,"href":"https:\/\/www.sisinternational.com\/pt\/wp-json\/wp\/v2\/pages\/14457"}],"wp:featuredmedia":[{"embeddable":true,"href":"https:\/\/www.sisinternational.com\/pt\/wp-json\/wp\/v2\/media\/62409"}],"wp:attachment":[{"href":"https:\/\/www.sisinternational.com\/pt\/wp-json\/wp\/v2\/media?parent=47723"}],"curies":[{"name":"wp","href":"https:\/\/api.w.org\/{rel}","templated":true}]}}