{"id":47690,"date":"2024-04-20T14:48:25","date_gmt":"2024-04-20T18:48:25","guid":{"rendered":"https:\/\/www.sisinternational.com\/?page_id=47690"},"modified":"2026-01-27T16:50:35","modified_gmt":"2026-01-27T21:50:35","slug":"pesquisa-de-mercado-de-dutos-de-agua","status":"publish","type":"page","link":"https:\/\/www.sisinternational.com\/pt\/pericia\/pesquisa-de-mercado-de-dutos-de-agua\/","title":{"rendered":"Pesquisa de mercado de dutos de \u00e1gua"},"content":{"rendered":"<h1 class=\"wp-block-heading\">Pesquisa de mercado de dutos de \u00e1gua<\/h1>\n\n\n\n<figure class=\"gb-block-image gb-block-image-046a3192\"><img loading=\"lazy\" decoding=\"async\" width=\"1456\" height=\"816\" class=\"gb-image gb-image-046a3192\" src=\"https:\/\/www.sisinternational.com\/wp-content\/uploads\/2025\/08\/Water-23.jpg\" alt=\"Pesquisa e Estrat\u00e9gia de Mercado Internacional da SIS\" title=\"Water (23)\" srcset=\"https:\/\/www.sisinternational.com\/wp-content\/uploads\/2025\/08\/Water-23.jpg 1456w, https:\/\/www.sisinternational.com\/wp-content\/uploads\/2025\/08\/Water-23-300x168.jpg 300w, https:\/\/www.sisinternational.com\/wp-content\/uploads\/2025\/08\/Water-23-1024x574.jpg 1024w, https:\/\/www.sisinternational.com\/wp-content\/uploads\/2025\/08\/Water-23-768x430.jpg 768w, https:\/\/www.sisinternational.com\/wp-content\/uploads\/2025\/08\/Water-23-18x10.jpg 18w\" sizes=\"auto, (max-width: 1456px) 100vw, 1456px\"><\/figure>\n\n\n\n<p><\/p>\n\n\n\n<hr class=\"wp-block-separator has-alpha-channel-opacity is-style-dots\"\/>\n\n\n\n<p>A procura de sistemas eficientes de distribui\u00e7\u00e3o de \u00e1gua est\u00e1 a aumentar com a crescente urbaniza\u00e7\u00e3o e o desenvolvimento de infra-estruturas \u2013 e a investiga\u00e7\u00e3o do mercado de condutas de \u00e1gua fornece uma an\u00e1lise abrangente das tend\u00eancias do mercado, dos principais intervenientes e das tecnologias emergentes, orientando as partes interessadas para solu\u00e7\u00f5es pr\u00e1ticas e sustent\u00e1veis.<\/p>\n\n\n\n<h2 class=\"wp-block-heading\">O que \u00e9 pesquisa de mercado de dutos de \u00e1gua?<\/h2>\n\n\n\n<p>A pesquisa de mercado de dutos de \u00e1gua estuda a ind\u00fastria global de dutos de \u00e1gua, incluindo tend\u00eancias de mercado, drivers de crescimento, cen\u00e1rio competitivo, ambiente regulat\u00f3rio e avan\u00e7os tecnol\u00f3gicos. Esta pesquisa \u00e9 crucial para as partes interessadas, como concession\u00e1rias de \u00e1gua, empresas de constru\u00e7\u00e3o e fabricantes envolvidos no projeto, constru\u00e7\u00e3o e manuten\u00e7\u00e3o de tubula\u00e7\u00f5es de \u00e1gua.<\/p>\n\n\n\n<p>Re\u00fane dados sobre o tamanho do mercado, as taxas de crescimento e os principais impulsionadores do crescimento, como o crescimento populacional, a urbaniza\u00e7\u00e3o e a industrializa\u00e7\u00e3o. Esta vis\u00e3o ajuda as partes interessadas a compreender o estado atual do mercado e a antecipar tend\u00eancias futuras, permitindo-lhes tomar decis\u00f5es estrat\u00e9gicas sobre investimentos e expans\u00e3o.<\/p>\n\n\n\n<h2 class=\"wp-block-heading\">Why Is Water Pipeline Market Research Important Today?<\/h2>\n\n\n\n<p>Water <a href=\"https:\/\/www.sisinternational.com\/pt\/solucoes\/pesquisa-de-mercado-de-oleodutos-e-gasodutos\/\" title=\"Pesquisa de mercado de oleodutos e gasodutos\"  data-wpil-monitor-id=\"2141\">pipeline market research<\/a> is essential for businesses operating in the water infrastructure sector to gain a competitive edge and ensure sustainable growth. By analyzing market trends and demand patterns, companies can anticipate future requirements and tailor their product offerings to effectively meet customer needs.<\/p>\n\n\n\n<p>Al\u00e9m disso, fornece informa\u00e7\u00f5es valiosas sobre requisitos regulat\u00f3rios e padr\u00f5es do setor, garantindo que as empresas permane\u00e7am em conformidade e evitem penalidades dispendiosas. Ao compreender corretamente o panorama regulamentar, as empresas podem agilizar as suas opera\u00e7\u00f5es e evitar potenciais perturba\u00e7\u00f5es, melhorando, em \u00faltima an\u00e1lise, a reputa\u00e7\u00e3o e a credibilidade da sua marca.<\/p>\n\n\n\n<p>This market <a href=\"https:\/\/www.sisinternational.com\/pt\/saude-inteligente\/\" title=\"Pesquisa de mercado de sa\u00fade inteligente\"  data-wpil-monitor-id=\"7616\">research also helps businesses identify innovative solutions<\/a> and technologies to minimize environmental impact. By investing in eco-friendly practices and technologies, companies can meet regulatory requirements, enhance their brand image, and attract environmentally conscious customers, driving long-term profitability and growth.<\/p>\n\n\n\n<h2 class=\"wp-block-heading\">Who Uses Water Pipeline Market Research?<\/h2>\n\n\n\n<figure class=\"gb-block-image gb-block-image-c2fc9ab5\"><img loading=\"lazy\" decoding=\"async\" width=\"1456\" height=\"816\" class=\"gb-image gb-image-c2fc9ab5\" src=\"https:\/\/www.sisinternational.com\/wp-content\/uploads\/2025\/08\/Water-25.jpg\" alt=\"Pesquisa e Estrat\u00e9gia de Mercado Internacional da SIS\" title=\"Water (25)\" srcset=\"https:\/\/www.sisinternational.com\/wp-content\/uploads\/2025\/08\/Water-25.jpg 1456w, https:\/\/www.sisinternational.com\/wp-content\/uploads\/2025\/08\/Water-25-300x168.jpg 300w, https:\/\/www.sisinternational.com\/wp-content\/uploads\/2025\/08\/Water-25-1024x574.jpg 1024w, https:\/\/www.sisinternational.com\/wp-content\/uploads\/2025\/08\/Water-25-768x430.jpg 768w, https:\/\/www.sisinternational.com\/wp-content\/uploads\/2025\/08\/Water-25-18x10.jpg 18w\" sizes=\"auto, (max-width: 1456px) 100vw, 1456px\"><\/figure>\n\n\n\n<p><\/p>\n\n\n\n<p><a href=\"https:\/\/www.sisinternational.com\/pt\/pericia\/industrias\/pesquisa-de-mercado-de-tecnologia-de-agua\/\" title=\"Pesquisa de mercado de tecnologia de \u00e1gua\"  data-wpil-monitor-id=\"4671\">Water utilities rely on market research<\/a> to identify infrastructure needs, assess the feasibility of new pipeline projects, and prioritize maintenance and repair activities. By analyzing market data, they can strategically decide where to invest resources to ensure a reliable water supply to their customers.<\/p>\n\n\n\n<p>Engineering and construction firms use <a href=\"https:\/\/www.sisinternational.com\/pt\/pericia\/industrias\/pesquisa-de-mercado-de-agua-engarrafada\/\" title=\"Pesquisa de mercado de \u00e1gua engarrafada\"  data-wpil-monitor-id=\"4954\">pesquisa de mercado de dutos de \u00e1gua<\/a> to identify potential projects, assess competition, and develop competitive bids for water pipeline construction projects. By understanding market dynamics, these firms can position themselves effectively to win contracts and deliver projects on time and within budget.<\/p>\n\n\n\n<p>Government agencies and regulatory bodies utilize <a href=\"https:\/\/www.sisinternational.com\/pt\/pericia\/industrias\/pesquisa-de-mercado-do-governo-federal\/\" title=\"Pesquisa de Mercado do Governo Federal\"  data-wpil-monitor-id=\"7192\">pesquisa de mercado<\/a> to assess the state of water infrastructure, identify areas for improvement, and develop policies and regulations to ensure the safety and reliability of water pipelines. By analyzing market data, these agencies can make informed decisions about infrastructure investments and regulatory requirements.<\/p>\n\n\n\n<p>Manufacturers and suppliers of <a href=\"https:\/\/www.sisinternational.com\/pt\/solucoes\/pesquisa-de-mercado-industrial-2\/\" title=\"Pesquisa de mercado de manufatura\"  data-wpil-monitor-id=\"5527\">water pipeline materials rely on market research<\/a> to understand market demand, assess competitive offerings, and develop new products. Through the analysis of market trends, manufacturers can innovate and improve their products to meet the evolving needs of the water pipeline industry.<\/p>\n\n\n\n<h2 class=\"wp-block-heading\">When to Conduct Water Pipeline Market Research<\/h2>\n\n\n\n<p>A pesquisa de mercado na ind\u00fastria de tubula\u00e7\u00f5es de \u00e1gua \u00e9 indispens\u00e1vel em v\u00e1rios est\u00e1gios de desenvolvimento de projetos, planejamento estrat\u00e9gico e processos de tomada de decis\u00e3o \u2013 e aqui est\u00e3o alguns cen\u00e1rios em que a realiza\u00e7\u00e3o de pesquisas de mercado de tubula\u00e7\u00f5es de \u00e1gua \u00e9 crucial:<\/p>\n\n\n\n<ul class=\"wp-block-list\">\n<li><strong>Estudos de Viabilidade do Projeto:<\/strong> Antes de embarcar em projetos de tubula\u00e7\u00f5es de \u00e1gua, a realiza\u00e7\u00e3o de pesquisas de mercado ajuda a avaliar a viabilidade, a viabilidade e os riscos potenciais associados \u00e0s diferentes op\u00e7\u00f5es de projeto. Esta pesquisa inclui a avalia\u00e7\u00e3o de proje\u00e7\u00f5es de demanda, requisitos regulat\u00f3rios, considera\u00e7\u00f5es ambientais e an\u00e1lises de custo-benef\u00edcio.<\/li>\n\n\n\n<li><strong>Avalia\u00e7\u00e3o de tecnologia:<\/strong> Manter-se atualizado sobre os avan\u00e7os tecnol\u00f3gicos em materiais de tubula\u00e7\u00f5es de \u00e1gua, t\u00e9cnicas de constru\u00e7\u00e3o e pr\u00e1ticas de manuten\u00e7\u00e3o \u00e9 essencial para garantir a efici\u00eancia, confiabilidade e sustentabilidade dos projetos de infraestrutura h\u00eddrica. A pesquisa de mercado de dutos de \u00e1gua ajuda a avaliar tecnologias emergentes, avaliar sua aplicabilidade e tomar decis\u00f5es de investimento informadas.<\/li>\n\n\n\n<li><strong>Entrada e Expans\u00e3o no Mercado:<\/strong> Para empresas que procuram entrar em novos mercados geogr\u00e1ficos ou expandir as suas ofertas de produtos\/servi\u00e7os no setor de condutas de \u00e1gua, a pesquisa de mercado fornece informa\u00e7\u00f5es valiosas sobre as condi\u00e7\u00f5es do mercado local, quadros regulamentares, cen\u00e1rios competitivos e prefer\u00eancias dos clientes.<\/li>\n<\/ul>\n\n\n\n<h2 class=\"wp-block-heading\">Factors to Succeed in Water Pipeline Market Research<\/h2>\n\n\n\n<p>A implementa\u00e7\u00e3o bem-sucedida de projetos de tubula\u00e7\u00f5es de \u00e1gua requer planejamento, execu\u00e7\u00e3o e gerenciamento cuidadosos para garantir desempenho ideal, longevidade e sustentabilidade ambiental. V\u00e1rios fatores cr\u00edticos de sucesso contribuem para a efic\u00e1cia das implementa\u00e7\u00f5es de tubula\u00e7\u00f5es de \u00e1gua:<\/p>\n\n\n\n<ul class=\"wp-block-list\">\n<li><strong>Design e engenharia robustos:<\/strong> Um projeto robusto e um processo de engenharia s\u00e3o cruciais para garantir a confiabilidade, efici\u00eancia e seguran\u00e7a dos sistemas de tubula\u00e7\u00e3o de \u00e1gua. Fatores como modelagem hidr\u00e1ulica, sele\u00e7\u00e3o de materiais, otimiza\u00e7\u00e3o de rotas e avalia\u00e7\u00f5es de integridade estrutural desempenham um papel cr\u00edtico na mitiga\u00e7\u00e3o de riscos e na maximiza\u00e7\u00e3o do desempenho.<\/li>\n\n\n\n<li><strong>Conformidade regulat\u00f3ria:<\/strong> A conformidade com os requisitos regulamentares e padr\u00f5es ambientais \u00e9 fundamental em projetos de tubula\u00e7\u00f5es de \u00e1gua. A ades\u00e3o aos regulamentos, licen\u00e7as e c\u00f3digos aplic\u00e1veis garante conformidade legal, prote\u00e7\u00e3o ambiental e sa\u00fade e seguran\u00e7a p\u00fablicas.<\/li>\n\n\n\n<li><strong>Envolvimento das partes interessadas:<\/strong> O envolvimento das partes interessadas, incluindo comunidades locais, ag\u00eancias governamentais, organiza\u00e7\u00f5es ambientais e comunidades ind\u00edgenas, promove a transpar\u00eancia, a colabora\u00e7\u00e3o e a constru\u00e7\u00e3o de consenso ao longo do ciclo de vida do projeto. O envolvimento eficaz das partes interessadas ajuda a resolver preocupa\u00e7\u00f5es, obter apoio e minimizar conflitos.<\/li>\n\n\n\n<li><strong>Gerenciamento de riscos:<\/strong> A gest\u00e3o proactiva dos riscos \u00e9 essencial para identificar, avaliar e mitigar os riscos associados aos projectos de condutas de \u00e1gua. Fatores de risco como desafios geot\u00e9cnicos, atrasos na constru\u00e7\u00e3o, derrapagens or\u00e7amentais e acontecimentos imprevistos exigem um planeamento cuidadoso e medidas de conting\u00eancia para minimizar perturba\u00e7\u00f5es e impactos financeiros.<\/li>\n\n\n\n<li><strong>Garantia e Controle de Qualidade:<\/strong> A implementa\u00e7\u00e3o de processos rigorosos de garantia e controle de qualidade garante que os projetos de tubula\u00e7\u00f5es de \u00e1gua atendam aos padr\u00f5es de desempenho, especifica\u00e7\u00f5es e expectativas dos clientes. Pr\u00e1ticas de gest\u00e3o de qualidade, inspe\u00e7\u00f5es, protocolos de testes e procedimentos de documenta\u00e7\u00e3o ajudam a identificar e corrigir defici\u00eancias no in\u00edcio do ciclo de vida do projeto.<\/li>\n\n\n\n<li><strong>Gerenciamento de custos do ciclo de vida:<\/strong> Financial sustainability needs to consider the lifecycle costs of water pipeline projects, including initial construction costs, operation and maintenance expenses, and replacement or rehabilitation needs. Lifecycle cost analysis helps make informed investment decisions and optimize resource allocation.<\/li>\n<\/ul>\n\n\n\n<h2 class=\"wp-block-heading\">Expected Results of SIS International&#8217;s Water Pipeline Market Research<\/h2>\n\n\n\n<p>O envolvimento em pesquisas de mercado de tubula\u00e7\u00f5es de \u00e1gua com a SIS International produz v\u00e1rios resultados positivos que capacitam empresas e partes interessadas no setor de infraestrutura h\u00eddrica:<\/p>\n\n\n\n<ul class=\"wp-block-list\">\n<li><strong>Insights abrangentes do setor:<\/strong> A experi\u00eancia em pesquisa de mercado da SIS International fornece \u00e0s empresas insights abrangentes sobre o setor de tubula\u00e7\u00f5es de \u00e1gua, incluindo tend\u00eancias de mercado, desenvolvimentos regulat\u00f3rios, inova\u00e7\u00f5es tecnol\u00f3gicas e cen\u00e1rios competitivos. Estas informa\u00e7\u00f5es permitem que as partes interessadas tomem decis\u00f5es informadas, antecipem as mudan\u00e7as do mercado e capitalizem as oportunidades emergentes.<\/li>\n\n\n\n<li><strong>Recomenda\u00e7\u00f5es Estrat\u00e9gicas:<\/strong> O SIS fornece recomenda\u00e7\u00f5es estrat\u00e9gicas baseadas em an\u00e1lises e interpreta\u00e7\u00f5es rigorosas de dados de mercado. Estas recomenda\u00e7\u00f5es orientam as empresas na defini\u00e7\u00e3o de prioridades, na atribui\u00e7\u00e3o de recursos e no desenvolvimento de estrat\u00e9gias para maximizar a quota de mercado, a rentabilidade e a sustentabilidade.<\/li>\n\n\n\n<li><strong>Estrat\u00e9gias de entrada no mercado:<\/strong> Para empresas que procuram entrar em novos mercados ou expandir a sua presen\u00e7a em mercados existentes, oferecemos estrat\u00e9gias de entrada no mercado personalizadas que mitigam riscos e otimizam oportunidades. Nossas estrat\u00e9gias abrangem avalia\u00e7\u00e3o de mercado, an\u00e1lise de concorrentes, segmenta\u00e7\u00e3o de clientes e otimiza\u00e7\u00e3o de canais de distribui\u00e7\u00e3o.<\/li>\n\n\n\n<li><strong>Benchmarking competitivo:<\/strong> A SIS International conduz an\u00e1lises de benchmarking competitivo para ajudar as empresas a avaliar seu desempenho em rela\u00e7\u00e3o aos pares do setor e \u00e0s melhores pr\u00e1ticas. Permite que as organiza\u00e7\u00f5es identifiquem pontos fortes, fracos e \u00e1reas de melhoria, promovendo uma vantagem competitiva no mercado.<\/li>\n\n\n\n<li><strong>Orienta\u00e7\u00e3o de Conformidade Regulat\u00f3ria:<\/strong> Com experi\u00eancia em assuntos regulat\u00f3rios, o SIS oferece orienta\u00e7\u00e3o sobre como navegar em cen\u00e1rios regulat\u00f3rios complexos e garantir a conformidade com as leis, padr\u00f5es e requisitos de licenciamento aplic\u00e1veis. Esta orienta\u00e7\u00e3o ajuda as empresas a superar obst\u00e1culos regulat\u00f3rios, minimizar riscos jur\u00eddicos e manter a confian\u00e7a do p\u00fablico.<\/li>\n\n\n\n<li><strong>Avalia\u00e7\u00e3o de tecnologia:<\/strong> A SIS International avalia tecnologias e inova\u00e7\u00f5es emergentes no setor de tubula\u00e7\u00f5es de \u00e1gua, fornecendo \u00e0s empresas insights sobre os mais recentes avan\u00e7os em materiais, m\u00e9todos de constru\u00e7\u00e3o e pr\u00e1ticas operacionais. Esta avalia\u00e7\u00e3o permite que as organiza\u00e7\u00f5es adotem tecnologias de ponta que melhoram a efici\u00eancia, a confiabilidade e a sustentabilidade.<\/li>\n<\/ul>\n\n\n\n<h2 class=\"wp-block-heading\">Key Players in the Water Pipeline Industry<\/h2>\n\n\n\n<p>Several key players dominate the water pipeline market. These prominent players shape the market dynamics and drive innovation in water infrastructure development, offering a wide range of products, services, and solutions to meet the industry&#8217;s diverse needs.<\/p>\n\n\n\n<ul class=\"wp-block-list\">\n<li><strong>Mueller Water Products, Inc.:<\/strong> A Mueller Water Products \u00e9 uma fabricante e distribuidora l\u00edder de produtos de infraestrutura h\u00eddrica, incluindo v\u00e1lvulas, hidrantes, tubos e conex\u00f5es. As solu\u00e7\u00f5es inovadoras da empresa s\u00e3o amplamente utilizadas em aplica\u00e7\u00f5es de distribui\u00e7\u00e3o, transmiss\u00e3o e tratamento de \u00e1gua.<\/li>\n\n\n\n<li><strong>JM \u00c1guia:<\/strong> A JM Eagle \u00e9 a maior fabricante de tubos pl\u00e1sticos da Am\u00e9rica do Norte, oferecendo um portf\u00f3lio abrangente de tubos de cloreto de polivinila (PVC) e polietileno de alta densidade (HDPE) para sistemas de distribui\u00e7\u00e3o, transmiss\u00e3o e irriga\u00e7\u00e3o de \u00e1gua.<\/li>\n\n\n\n<li><strong>Sistemas de tubula\u00e7\u00e3o Georg Fischer:<\/strong> A Georg Fischer Piping Systems \u00e9 especializada na produ\u00e7\u00e3o de sistemas de tubula\u00e7\u00e3o para aplica\u00e7\u00f5es industriais e municipais, incluindo tratamento, distribui\u00e7\u00e3o e drenagem de \u00e1gua. Os produtos inovadores da empresa s\u00e3o conhecidos pela qualidade, efici\u00eancia e sustentabilidade.<\/li>\n\n\n\n<li><strong>Xylem Inc.:<\/strong> \u00e9 uma empresa global de tecnologia h\u00eddrica que fornece diversas solu\u00e7\u00f5es de transporte, tratamento e an\u00e1lise de \u00e1gua. Os produtos da empresa incluem bombas, v\u00e1lvulas, medidores e sistemas de monitoramento projetados para melhorar a efici\u00eancia, qualidade e resili\u00eancia da \u00e1gua.<\/li>\n<\/ul>\n\n\n\n<h2 class=\"wp-block-heading\">Oportunidades<\/h2>\n\n\n\n<p>O mercado de condutas de \u00e1gua apresenta in\u00fameras oportunidades para as empresas inovarem, crescerem e contribu\u00edrem para o desenvolvimento sustent\u00e1vel da infra-estrutura h\u00eddrica. Algumas das principais oportunidades no mercado de dutos de \u00e1gua incluem:<\/p>\n\n\n\n<ul class=\"wp-block-list\">\n<li><strong>Solu\u00e7\u00f5es para escassez de \u00e1gua:<\/strong> Enfrentar os desafios da escassez de \u00e1gua atrav\u00e9s da reutiliza\u00e7\u00e3o da \u00e1gua, da dessaliniza\u00e7\u00e3o e de iniciativas de efici\u00eancia h\u00eddrica cria oportunidades para empresas que oferecem solu\u00e7\u00f5es alternativas de abastecimento de \u00e1gua e tecnologias inovadoras de condutas. Pr\u00e1ticas inteligentes de gest\u00e3o da \u00e1gua, tais como sistemas de detec\u00e7\u00e3o de fugas, medidas de conserva\u00e7\u00e3o da \u00e1gua e estrat\u00e9gias de gest\u00e3o da procura, impulsionam a procura de infra-estruturas avan\u00e7adas de condutas.<\/li>\n\n\n\n<li><strong>Urbaniza\u00e7\u00e3o e crescimento populacional:<\/strong> A r\u00e1pida urbaniza\u00e7\u00e3o e o crescimento populacional nas economias emergentes exigem a expans\u00e3o e a moderniza\u00e7\u00e3o das infra-estruturas h\u00eddricas para satisfazer a crescente procura de servi\u00e7os de \u00e1gua pot\u00e1vel e de saneamento. As empresas em projetos de desenvolvimento urbano, imobili\u00e1rio e de infraestrutura beneficiam-se de oportunidades de fornecimento de materiais para tubula\u00e7\u00f5es, servi\u00e7os de constru\u00e7\u00e3o e solu\u00e7\u00f5es integradas de gest\u00e3o de \u00e1gua.<\/li>\n\n\n\n<li><strong>Sustentabilidade ambiental:<\/strong> A crescente \u00eanfase na sustentabilidade ecol\u00f3gica e na resili\u00eancia clim\u00e1tica em projectos de infra-estruturas h\u00eddricas cria oportunidades para empresas que oferecem materiais de condutas ecol\u00f3gicos, solu\u00e7\u00f5es de infra-estruturas verdes e t\u00e9cnicas de constru\u00e7\u00e3o de baixo impacto. Sistemas de drenagem sustent\u00e1veis, telhados verdes e sistemas de capta\u00e7\u00e3o de \u00e1guas pluviais integram-se \u00e0s redes de dutos para gerenciar o escoamento de \u00e1guas pluviais e melhorar a qualidade da \u00e1gua.<\/li>\n\n\n\n<li><strong>Transforma\u00e7\u00e3o Digital:<\/strong> A ado\u00e7\u00e3o de tecnologias digitais, como sensores IoT, an\u00e1lise de dados e plataformas baseadas em nuvem, revoluciona o gerenciamento de tubula\u00e7\u00f5es de \u00e1gua, permitindo monitoramento em tempo real, manuten\u00e7\u00e3o preditiva e otimiza\u00e7\u00e3o de ativos. As empresas especializadas em solu\u00e7\u00f5es digitais, desenvolvimento de software e an\u00e1lise de dados aproveitam as oportunidades para oferecer tecnologias e servi\u00e7os inovadores de gerenciamento de pipeline.<\/li>\n<\/ul>\n\n\n\n<h2 class=\"wp-block-heading\">Desafios<\/h2>\n\n\n\n<p>A SIS International oferece servi\u00e7os personalizados para apoiar empresas que operam no mercado de condutas de \u00e1gua, abordando desafios fundamentais e maximizando oportunidades de sucesso. Veja como os servi\u00e7os da SIS International podem beneficiar as empresas do setor de tubula\u00e7\u00f5es de \u00e1gua:<\/p>\n\n\n\n<ul class=\"wp-block-list\">\n<li><strong>Pesquisa e an\u00e1lise de mercado:<\/strong> A SIS International conduz pesquisas e an\u00e1lises de mercado abrangentes para fornecer \u00e0s empresas insights sobre tend\u00eancias de mercado, prefer\u00eancias dos clientes, estrat\u00e9gias de concorrentes e din\u00e2mica regulat\u00f3ria no mercado de dutos de \u00e1gua. Esta pesquisa permite que as empresas identifiquem oportunidades de crescimento, avaliem a demanda do mercado e tomem decis\u00f5es estrat\u00e9gicas informadas.<\/li>\n\n\n\n<li><strong>Consultoria Estrat\u00e9gica:<\/strong> Oferecemos servi\u00e7os de consultoria estrat\u00e9gica para ajudar as empresas a desenvolver estrat\u00e9gias de entrada no mercado, expandir sua presen\u00e7a geogr\u00e1fica e otimizar suas ofertas de produtos\/servi\u00e7os no mercado de tubula\u00e7\u00f5es de \u00e1gua. Nossa equipe de especialistas do setor orienta o posicionamento de mercado, a diferencia\u00e7\u00e3o competitiva e o desenvolvimento de propostas de valor para impulsionar o crescimento dos neg\u00f3cios.<\/li>\n\n\n\n<li><strong>Suporte \u00e0 conformidade regulat\u00f3ria:<\/strong> O SIS auxilia as empresas na navega\u00e7\u00e3o por estruturas regulat\u00f3rias complexas e requisitos de conformidade no mercado de tubula\u00e7\u00f5es de \u00e1gua. Nossos especialistas orientam processos de licenciamento, avalia\u00e7\u00f5es ambientais e obriga\u00e7\u00f5es de conformidade para garantir que as empresas atendam aos padr\u00f5es regulat\u00f3rios e mitiguem riscos legais.<\/li>\n\n\n\n<li><strong>Desenvolvimento de Parcerias:<\/strong> A SIS International facilita o desenvolvimento de parcerias e oportunidades de colabora\u00e7\u00e3o para empresas que procuram entrar em novos mercados ou expandir a sua rede no sector das condutas de \u00e1gua. Atrav\u00e9s da nossa extensa rede global e conex\u00f5es industriais, ajudamos as empresas a identificar potenciais parceiros, negociar acordos e estabelecer alian\u00e7as estrat\u00e9gicas para acelerar o crescimento e a penetra\u00e7\u00e3o no mercado.<\/li>\n\n\n\n<li><strong>Treinamento e capacita\u00e7\u00e3o:<\/strong> O SIS oferece programas de forma\u00e7\u00e3o e capacita\u00e7\u00e3o para equipar as empresas com o conhecimento e as compet\u00eancias necess\u00e1rias para terem sucesso no mercado de condutas de \u00e1gua. Nossos workshops de treinamento abrangem conformidade regulat\u00f3ria, gerenciamento de projetos, envolvimento das partes interessadas e inova\u00e7\u00e3o tecnol\u00f3gica para capacitar as empresas a enfrentar desafios e capitalizar oportunidades de forma eficaz.<\/li>\n<\/ul>\n\n\n\n<h2 class=\"wp-block-heading\">Sobre SIS Internacional<\/h2>\n\n\n\n<p><a href=\"https:\/\/www.sisinternational.com\/pt\/\">SIS Internacional<\/a> oferece pesquisa quantitativa, qualitativa e estrat\u00e9gica. Fornecemos dados, ferramentas, estrat\u00e9gias, relat\u00f3rios e insights para a tomada de decis\u00f5es. Tamb\u00e9m realizamos entrevistas, pesquisas, grupos focais e outros m\u00e9todos e abordagens de Pesquisa de Mercado.<a href=\"https:\/\/www.sisinternational.com\/pt\/sobre-a-sis-international-research\/contact-sis-international-market-research\/\"> Entre em contato conosco<\/a> para o seu pr\u00f3ximo projeto de pesquisa de mercado.<\/p>\n\n\n\n<p><\/p>","protected":false},"excerpt":{"rendered":"<p>A pesquisa de mercado de dutos de \u00e1gua estuda a ind\u00fastria em todo o mundo, abrangendo tend\u00eancias, concorr\u00eancia, crescimento, regulamenta\u00e7\u00f5es e avan\u00e7os tecnol\u00f3gicos.<\/p>","protected":false},"author":1,"featured_media":63546,"parent":14514,"menu_order":453,"comment_status":"closed","ping_status":"closed","template":"","meta":{"footnotes":""},"class_list":["post-47690","page","type-page","status-publish","has-post-thumbnail"],"_links":{"self":[{"href":"https:\/\/www.sisinternational.com\/pt\/wp-json\/wp\/v2\/pages\/47690","targetHints":{"allow":["GET"]}}],"collection":[{"href":"https:\/\/www.sisinternational.com\/pt\/wp-json\/wp\/v2\/pages"}],"about":[{"href":"https:\/\/www.sisinternational.com\/pt\/wp-json\/wp\/v2\/types\/page"}],"author":[{"embeddable":true,"href":"https:\/\/www.sisinternational.com\/pt\/wp-json\/wp\/v2\/users\/1"}],"replies":[{"embeddable":true,"href":"https:\/\/www.sisinternational.com\/pt\/wp-json\/wp\/v2\/comments?post=47690"}],"version-history":[{"count":15,"href":"https:\/\/www.sisinternational.com\/pt\/wp-json\/wp\/v2\/pages\/47690\/revisions"}],"predecessor-version":[{"id":81239,"href":"https:\/\/www.sisinternational.com\/pt\/wp-json\/wp\/v2\/pages\/47690\/revisions\/81239"}],"up":[{"embeddable":true,"href":"https:\/\/www.sisinternational.com\/pt\/wp-json\/wp\/v2\/pages\/14514"}],"wp:featuredmedia":[{"embeddable":true,"href":"https:\/\/www.sisinternational.com\/pt\/wp-json\/wp\/v2\/media\/63546"}],"wp:attachment":[{"href":"https:\/\/www.sisinternational.com\/pt\/wp-json\/wp\/v2\/media?parent=47690"}],"curies":[{"name":"wp","href":"https:\/\/api.w.org\/{rel}","templated":true}]}}