{"id":47686,"date":"2024-04-20T14:55:10","date_gmt":"2024-04-20T18:55:10","guid":{"rendered":"https:\/\/www.sisinternational.com\/?page_id=47686"},"modified":"2026-01-27T15:22:27","modified_gmt":"2026-01-27T20:22:27","slug":"pesquisa-de-mercado-de-equipamentos-de-bancada","status":"publish","type":"page","link":"https:\/\/www.sisinternational.com\/pt\/pericia\/pesquisa-de-mercado-de-equipamentos-de-bancada\/","title":{"rendered":"Pesquisa de mercado de equipamentos de bancada"},"content":{"rendered":"<h1 class=\"wp-block-heading\">Pesquisa de mercado de equipamentos de bancada<\/h1>\n\n\n\n<figure class=\"gb-block-image gb-block-image-958b621e\"><img loading=\"lazy\" decoding=\"async\" width=\"1456\" height=\"816\" class=\"gb-image gb-image-958b621e\" src=\"https:\/\/www.sisinternational.com\/wp-content\/uploads\/2025\/10\/Countertop-2.jpg\" alt=\"Pesquisa e Estrat\u00e9gia de Mercado Internacional da SIS\" title=\"Countertop (2)\" srcset=\"https:\/\/www.sisinternational.com\/wp-content\/uploads\/2025\/10\/Countertop-2.jpg 1456w, https:\/\/www.sisinternational.com\/wp-content\/uploads\/2025\/10\/Countertop-2-300x168.jpg 300w, https:\/\/www.sisinternational.com\/wp-content\/uploads\/2025\/10\/Countertop-2-1024x574.jpg 1024w, https:\/\/www.sisinternational.com\/wp-content\/uploads\/2025\/10\/Countertop-2-768x430.jpg 768w, https:\/\/www.sisinternational.com\/wp-content\/uploads\/2025\/10\/Countertop-2-18x10.jpg 18w\" sizes=\"auto, (max-width: 1456px) 100vw, 1456px\"><\/figure>\n\n\n\n<hr class=\"wp-block-separator has-alpha-channel-opacity is-style-dots\"\/>\n\n\n\n<p><\/p>\n\n\n\n<p>A pesquisa de mercado de equipamentos de bancada ajuda as empresas a compreender a din\u00e2mica do mercado, identificar oportunidades de crescimento e desenvolver estrat\u00e9gias para competir de forma eficaz no mercado.<\/p>\n\n\n\n<p>Voc\u00ea est\u00e1 procurando capitalizar a crescente demanda por equipamentos de bancada no setor de food service? A pesquisa de mercado de equipamentos de bancada fornece insights cruciais sobre tend\u00eancias de mercado, prefer\u00eancias do consumidor e estrat\u00e9gias competitivas, oferecendo um roteiro para as empresas navegarem neste cen\u00e1rio din\u00e2mico.<\/p>\n\n\n\n<h2 class=\"wp-block-heading\">O que \u00e9 pesquisa de mercado de equipamentos de bancada?<\/h2>\n\n\n\n<p>Countertop <a href=\"https:\/\/www.sisinternational.com\/pt\/pericia\/industrias\/o-que-e-equipamento-de-perfuracao-e-extracao\/\" title=\"Pesquisa de mercado de equipamentos de perfura\u00e7\u00e3o e extra\u00e7\u00e3o\"  data-wpil-monitor-id=\"3157\">equipment market research<\/a> helps businesses understand the market landscape, trends, and opportunities for countertop equipment used in commercial kitchens, food service establishments, and other settings. This research is essential for manufacturers, distributors, and other stakeholders in the foodservice industry looking to develop or expand their countertop equipment offerings.<\/p>\n\n\n\n<p>Re\u00fane dados sobre a dimens\u00e3o do mercado, as taxas de crescimento e os principais impulsionadores do crescimento, tais como as altera\u00e7\u00f5es nas prefer\u00eancias dos consumidores e os desenvolvimentos regulamentares \u2013 e esta informa\u00e7\u00e3o ajuda as partes interessadas a compreender o estado atual do mercado e a antecipar tend\u00eancias futuras.<\/p>\n\n\n\n<h2 class=\"wp-block-heading\">Por que as empresas precisam de pesquisa de mercado de equipamentos de bancada?<\/h2>\n\n\n\n<p>A pesquisa de mercado de equipamentos de bancada ajuda as empresas a compreender as tend\u00eancias do mercado, as prefer\u00eancias dos clientes e as ofertas dos concorrentes. Pode fornecer informa\u00e7\u00f5es valiosas sobre a procura do mercado, estrat\u00e9gias de pre\u00e7os e tecnologias emergentes, permitindo \u00e0s empresas desenvolver estrat\u00e9gias competitivas e maximizar a rentabilidade.<\/p>\n\n\n\n<p>Al\u00e9m disso, a pesquisa de mercado de equipamentos de bancada fornece \u00e0s empresas insights sobre os requisitos regulat\u00f3rios e os padr\u00f5es do setor. Tamb\u00e9m ajuda as empresas a identificar tend\u00eancias e tecnologias emergentes, permitindo-lhes desenvolver produtos e servi\u00e7os inovadores que atendam \u00e0s necessidades dos clientes.<\/p>\n\n\n\n<h2 class=\"wp-block-heading\">Quem usa pesquisa de mercado de equipamentos de bancada<\/h2>\n\n\n\n<p>Os fabricantes de equipamentos de bancada contam com pesquisas de mercado para identificar as necessidades do mercado, desenvolver novos produtos e melhorar os existentes. Ao analisar as tend\u00eancias do mercado e as prefer\u00eancias dos clientes, os fabricantes podem tomar decis\u00f5es estrat\u00e9gicas sobre design, recursos e pre\u00e7os dos produtos.<\/p>\n\n\n\n<p>Retailers and distributors use <a href=\"https:\/\/www.sisinternational.com\/pt\/mercado-de-varejo-asiatico\/\" title=\"Pesquisa de mercado de varejo asi\u00e1tico\"  data-wpil-monitor-id=\"2676\">pesquisa de mercado de equipamentos de bancada<\/a> to assess demand for countertop equipment, identify popular brands and models, and optimize their inventory management strategies. By understanding market dynamics, retailers and distributors can make informed decisions about product selection, pricing, and promotion.<\/p>\n\n\n\n<p>Os operadores de servi\u00e7os de alimenta\u00e7\u00e3o utilizam pesquisas de mercado para avaliar diferentes op\u00e7\u00f5es de equipamentos de bancada, compreender as tend\u00eancias do setor e tomar decis\u00f5es de compra alinhadas \u00e0s suas necessidades de neg\u00f3cios. Com dados de mercado, eles podem escolher equipamentos que melhorem a efici\u00eancia, reduzam custos e melhorem a experi\u00eancia do cliente.<\/p>\n\n\n\n<p>Industry associations and trade organizations rely on <a href=\"https:\/\/www.sisinternational.com\/pt\/compreender-o-regime-de-comercio-de-emissoes-da-ue-um-relatorio-sis\/\" title=\"Pesquisa de mercado de com\u00e9rcio de emiss\u00f5es\"  data-wpil-monitor-id=\"1729\">pesquisa de mercado de equipamentos de bancada<\/a> to provide valuable insights to their members and stakeholders. Through <a href=\"https:\/\/www.sisinternational.com\/pt\/universidade-taylor\/\" title=\"Estudo de pesquisa de mercado de curr\u00edculo universit\u00e1rio\"  data-wpil-monitor-id=\"7256\">market research studies<\/a>, these organizations can identify industry trends, highlight best practices, and advocate for policies that support the growth of the countertop equipment market.<\/p>\n\n\n\n<h2 class=\"wp-block-heading\">Quando realizar pesquisas de mercado de equipamentos de bancada<\/h2>\n\n\n\n<figure class=\"gb-block-image gb-block-image-dc035c6d\"><img loading=\"lazy\" decoding=\"async\" width=\"1456\" height=\"816\" class=\"gb-image gb-image-dc035c6d\" src=\"https:\/\/www.sisinternational.com\/wp-content\/uploads\/2025\/10\/Countertop-4.jpg\" alt=\"Pesquisa e Estrat\u00e9gia de Mercado Internacional da SIS\" title=\"Countertop (4)\" srcset=\"https:\/\/www.sisinternational.com\/wp-content\/uploads\/2025\/10\/Countertop-4.jpg 1456w, https:\/\/www.sisinternational.com\/wp-content\/uploads\/2025\/10\/Countertop-4-300x168.jpg 300w, https:\/\/www.sisinternational.com\/wp-content\/uploads\/2025\/10\/Countertop-4-1024x574.jpg 1024w, https:\/\/www.sisinternational.com\/wp-content\/uploads\/2025\/10\/Countertop-4-768x430.jpg 768w, https:\/\/www.sisinternational.com\/wp-content\/uploads\/2025\/10\/Countertop-4-18x10.jpg 18w\" sizes=\"auto, (max-width: 1456px) 100vw, 1456px\"><\/figure>\n\n\n\n<p><\/p>\n\n\n\n<p>A pesquisa de mercado de equipamentos de bancada deve ser conduzida estrategicamente para informar a tomada de decis\u00f5es e impulsionar o crescimento dos neg\u00f3cios. Aqui est\u00e3o alguns cen\u00e1rios cr\u00edticos em que as empresas devem considerar a realiza\u00e7\u00e3o de pesquisas de mercado:<\/p>\n\n\n\n<ul class=\"wp-block-list\">\n<li><strong>Entrada ou Expans\u00e3o no Mercado:<\/strong> Antes de entrar num novo mercado ou expandir para novas regi\u00f5es geogr\u00e1ficas, as empresas devem realizar pesquisas de mercado minuciosas para avaliar a procura do mercado, a concorr\u00eancia, os requisitos regulamentares e as prefer\u00eancias dos consumidores. Compreender as necessidades e prefer\u00eancias do mercado-alvo \u00e9 essencial para desenvolver estrat\u00e9gias eficazes de entrada no mercado e posicionar produtos\/servi\u00e7os de forma competitiva.<\/li>\n\n\n\n<li><strong>Desenvolvimento de Produto:<\/strong> Ao desenvolver novos produtos de equipamentos de bancada ou lan\u00e7ar extens\u00f5es de produtos, as empresas devem realizar pesquisas de mercado para validar conceitos, avaliar a demanda do mercado, identificar caracter\u00edsticas do produto que repercutam nos clientes-alvo e avaliar poss\u00edveis estrat\u00e9gias de pre\u00e7os.<\/li>\n\n\n\n<li><strong>Analise competitiva:<\/strong> As empresas devem realizar regularmente an\u00e1lises competitivas para monitorar as atividades dos concorrentes, acompanhar as tend\u00eancias do mercado e identificar amea\u00e7as e oportunidades emergentes. Ao comparar com os concorrentes, as empresas podem avaliar o seu posicionamento no mercado, estrat\u00e9gias de pre\u00e7os, ofertas de produtos e t\u00e1ticas promocionais, permitindo-lhes refinar a sua abordagem e manter uma vantagem competitiva.<\/li>\n\n\n\n<li><strong>Planejamento estrat\u00e9gico:<\/strong> A pesquisa de mercado \u00e9 crucial para informar o planejamento estrat\u00e9gico e os processos de tomada de decis\u00e3o das organiza\u00e7\u00f5es. Ao analisar as tend\u00eancias do mercado, o comportamento do consumidor e a din\u00e2mica do setor, as empresas podem identificar oportunidades de crescimento, avaliar os riscos do mercado e desenvolver iniciativas estrat\u00e9gicas para capitalizar as tend\u00eancias emergentes ou mitigar amea\u00e7as potenciais.<\/li>\n<\/ul>\n\n\n\n<h2 class=\"wp-block-heading\">Resultados esperados da pesquisa de mercado de equipamentos de bancada da SIS International<\/h2>\n\n\n\n<p>When businesses engage SIS International for <a href=\"https:\/\/www.sisinternational.com\/pt\/resiliencia-empresarial-coronavirus\/\" title=\"Pesquisa de mercado sobre resili\u00eancia empresarial na Covid\"  data-wpil-monitor-id=\"7291\">pesquisa de mercado de equipamentos de bancada<\/a> services, they can expect to achieve the following outcomes:<\/p>\n\n\n\n<ul class=\"wp-block-list\">\n<li><strong>Insights abrangentes de mercado:<\/strong> A SIS conduz pesquisas completas de mercado de equipamentos de bancada para fornecer \u00e0s empresas insights abrangentes sobre o mercado de equipamentos de bancada. Fornecemos relat\u00f3rios detalhados sobre o tamanho do mercado, tend\u00eancias de crescimento, principais impulsionadores, desafios e oportunidades emergentes.<\/li>\n\n\n\n<li><strong>Inteligencia competitiva:<\/strong> Conduzimos uma an\u00e1lise competitiva para avaliar o cen\u00e1rio competitivo na ind\u00fastria de equipamentos de bancada. Os clientes obt\u00eam insights sobre estrat\u00e9gias de concorrentes, ofertas de produtos, t\u00e1ticas de pre\u00e7os, canais de distribui\u00e7\u00e3o e posicionamento de mercado.<\/li>\n\n\n\n<li><strong>Compreens\u00e3o do cliente:<\/strong> Os consultores da SIS International utilizam m\u00e9todos de pesquisa qualitativos e quantitativos para ajudar as empresas a obter uma compreens\u00e3o mais profunda das prefer\u00eancias, necessidades e comportamento de compra dos clientes. Os clientes recebem insights sobre dados demogr\u00e1ficos, crit\u00e9rios de compra, percep\u00e7\u00f5es da marca e n\u00edveis de satisfa\u00e7\u00e3o.<\/li>\n\n\n\n<li><strong>Orienta\u00e7\u00e3o para desenvolvimento de produto:<\/strong> O SIS auxilia as empresas na identifica\u00e7\u00e3o de oportunidades de desenvolvimento ou aprimoramento de produtos com base nas necessidades do mercado e nas prefer\u00eancias dos clientes. Nossos clientes recebem recomenda\u00e7\u00f5es sobre recursos de produtos, melhorias de design e estrat\u00e9gias de pre\u00e7os para atender \u00e0s crescentes demandas do mercado.<\/li>\n\n\n\n<li><strong>Estrat\u00e9gias de entrada no mercado:<\/strong> SIS International provides market entry <a href=\"https:\/\/www.sisinternational.com\/pt\/desenvolvimento-da-cidade-de-hartford-connecticut\/\" title=\"Pesquisa de mercado em Hartford, Connecticut\"  data-wpil-monitor-id=\"7317\">strategies based on thorough market research<\/a> and analysis for businesses looking to enter new markets or expand their geographic footprint.<\/li>\n\n\n\n<li><strong>Mitiga\u00e7\u00e3o de riscos:<\/strong> A SIS International ajuda as empresas a identificar e mitigar os riscos associados \u00e0 entrada no mercado, ao desenvolvimento de produtos e aos desafios competitivos. Os clientes recebem insights sobre poss\u00edveis barreiras de mercado, obst\u00e1culos regulat\u00f3rios e amea\u00e7as da concorr\u00eancia, permitindo o gerenciamento proativo de riscos.<\/li>\n\n\n\n<li><strong>Parcerias de longo prazo:<\/strong> A SIS International se esfor\u00e7a para construir parcerias de longo prazo com os clientes, fornecendo servi\u00e7os de pesquisa de alta qualidade, insights acion\u00e1veis e atendimento ao cliente excepcional. Fornecemos suporte, colabora\u00e7\u00e3o e experi\u00eancia cont\u00ednuos para impulsionar o crescimento sustentado e o sucesso no mercado de equipamentos de bancada.<\/li>\n<\/ul>\n\n\n\n<h2 class=\"wp-block-heading\">Tecnologias e ferramentas aproveitadas na pesquisa de mercado de equipamentos de bancada<\/h2>\n\n\n\n<p>Ao conduzir pesquisas abrangentes de mercado de equipamentos de bancada, a SIS International utiliza v\u00e1rias tecnologias e ferramentas avan\u00e7adas para coletar, analisar e interpretar dados de forma eficaz. Essas tecnologias e ferramentas incluem:<\/p>\n\n\n\n<ul class=\"wp-block-list\">\n<li><strong>Plataformas de an\u00e1lise de dados:<\/strong> A SIS International emprega plataformas sofisticadas de an\u00e1lise de dados para analisar grandes volumes de dados de mercado, incluindo n\u00fameros de vendas, dados demogr\u00e1ficos do consumidor e intelig\u00eancia competitiva. Essas plataformas utilizam algoritmos avan\u00e7ados e t\u00e9cnicas de aprendizado de m\u00e1quina para descobrir insights e tend\u00eancias significativas no mercado de equipamentos de bancada.<\/li>\n\n\n\n<li><strong>Pesquisas on-line:<\/strong> As pesquisas online s\u00e3o uma ferramenta valiosa para coletar dados quantitativos de um p\u00fablico grande e diversificado de operadores de servi\u00e7os de alimenta\u00e7\u00e3o, chefs e profissionais do setor. A SIS International utiliza plataformas de pesquisa on-line como a Qualtrics para projetar, distribuir e analisar pesquisas adaptadas a objetivos de pesquisa espec\u00edficos, coletando insights sobre prefer\u00eancias de mercado, comportamento de compra e percep\u00e7\u00e3o da marca.<\/li>\n\n\n\n<li><strong>Grupos de foco:<\/strong> Os grupos focais permitem aprofundar as atitudes, prefer\u00eancias e percep\u00e7\u00f5es do consumidor em rela\u00e7\u00e3o aos equipamentos de bancada. A SIS International conduz sess\u00f5es de grupos focais com as principais partes interessadas, incluindo propriet\u00e1rios de restaurantes, chefs e gerentes de cozinha, para coletar feedback qualitativo sobre recursos, funcionalidade e usabilidade do produto.<\/li>\n\n\n\n<li><strong>Entrevistas aprofundadas:<\/strong> Entrevistas aprofundadas permitem que a SIS International obtenha insights mais profundos de especialistas do setor, l\u00edderes inovadores e principais tomadores de decis\u00e3o no mercado de equipamentos de bancada. Atrav\u00e9s de entrevistas estruturadas, a SIS International explora tend\u00eancias emergentes, desafios de mercado e oportunidades de inova\u00e7\u00e3o, informando a tomada de decis\u00f5es estrat\u00e9gicas dos clientes.<\/li>\n\n\n\n<li><strong>Ferramentas de an\u00e1lise da concorr\u00eancia:<\/strong> A SIS International utiliza ferramentas de an\u00e1lise de concorrentes para avaliar os pontos fortes, fracos e estrat\u00e9gias dos principais participantes no mercado de equipamentos de bancada. Essas ferramentas re\u00fanem dados sobre ofertas de produtos, pre\u00e7os, canais de distribui\u00e7\u00e3o e iniciativas de marketing dos concorrentes, permitindo que os clientes comparem seu desempenho e identifiquem \u00e1reas de diferencia\u00e7\u00e3o.<\/li>\n<\/ul>\n\n\n\n<h2 class=\"wp-block-heading\">Oportunidades<\/h2>\n\n\n\n<p>No cen\u00e1rio din\u00e2mico do mercado de equipamentos de bancada, existem diversas oportunidades para as empresas capitalizarem as tend\u00eancias emergentes, as prefer\u00eancias dos consumidores e os desenvolvimentos da ind\u00fastria. Essas oportunidades incluem:<\/p>\n\n\n\n<ul class=\"wp-block-list\">\n<li><strong>Demanda por equipamentos com efici\u00eancia energ\u00e9tica:<\/strong> Com um foco crescente na sustentabilidade e na efici\u00eancia energ\u00e9tica nas opera\u00e7\u00f5es de servi\u00e7os alimentares, h\u00e1 uma procura crescente por equipamentos de bancada que ofere\u00e7am funcionalidades de poupan\u00e7a de energia e designs ecol\u00f3gicos. As empresas que desenvolvem e comercializam equipamentos energeticamente eficientes poder\u00e3o obter uma vantagem competitiva e atrair consumidores e empresas ambientalmente conscientes.<\/li>\n\n\n\n<li><strong>Recursos inovadores do produto:<\/strong> As empresas t\u00eam uma oportunidade significativa de se diferenciarem atrav\u00e9s da introdu\u00e7\u00e3o de recursos e funcionalidades inovadoras em produtos. Isso inclui avan\u00e7os em tecnologias de cozimento, como cozimento por indu\u00e7\u00e3o, controle preciso de temperatura e recursos multifuncionais, que aumentam a efici\u00eancia, versatilidade e qualidade dos alimentos.<\/li>\n\n\n\n<li><strong>Foco na sa\u00fade e bem-estar:<\/strong> \u00c0 medida que os consumidores priorizam cada vez mais a sa\u00fade e o bem-estar nas suas escolhas gastron\u00f3micas, uma procura crescente por equipamentos de bancada permite m\u00e9todos de cozinha e op\u00e7\u00f5es de menu mais saud\u00e1veis. As empresas que desenvolvem equipamentos com recursos como cozimento com baixo teor de gordura, fritura sem \u00f3leo e recursos de controle de por\u00e7\u00f5es podem aproveitar essa tend\u00eancia e atrair consumidores preocupados com a sa\u00fade, incluindo aqueles que seguem dietas especiais ou restri\u00e7\u00f5es alimentares.<\/li>\n\n\n\n<li><strong>Expans\u00e3o para novos mercados:<\/strong> O mercado de equipamentos de bancada oferece oportunidades de expans\u00e3o para novos mercados geogr\u00e1ficos e segmentos industriais. Isto inclui visar mercados emergentes com setores de servi\u00e7os alimentares em crescimento, como a \u00c1sia-Pac\u00edfico e a Am\u00e9rica Latina, e segmentos de nicho como food trucks, lojas de conveni\u00eancia e micro cozinhas.<\/li>\n\n\n\n<li><strong>Integra\u00e7\u00e3o de tecnologia inteligente:<\/strong> Integrating smart technology, IoT (<a href=\"https:\/\/www.sisinternational.com\/pt\/solucoes\/consultoria-sis-blockchain\/blockchain-internet-das-coisas\/\" title=\"Blockchain e a Internet das Coisas\"  data-wpil-monitor-id=\"6339\">Internet das Coisas<\/a>), and connectivity features into countertop equipment presents opportunities for businesses to enhance functionality, efficiency, and user experience. Smart equipment can enable remote monitoring and control, predictive maintenance, and data-driven insights, empowering businesses to optimize operations, minimize downtime, and maximize productivity.<\/li>\n<\/ul>\n\n\n\n<p>Como os servi\u00e7os da SIS International ajudam as empresasA SIS International oferece pesquisas de mercado e servi\u00e7os de consultoria estrat\u00e9gica adaptados \u00e0s necessidades das empresas que operam no mercado de equipamentos de bancada. Esses servi\u00e7os fornecem insights valiosos, orienta\u00e7\u00e3o estrat\u00e9gica e recomenda\u00e7\u00f5es pr\u00e1ticas para ajudar as empresas a superar desafios e capitalizar oportunidades.<\/p>\n\n\n\n<ul class=\"wp-block-list\">\n<li><strong>Pesquisa e an\u00e1lise de mercado:<\/strong> A SIS conduz pesquisas e an\u00e1lises de mercado abrangentes para ajudar as empresas a compreender profundamente a din\u00e2mica, as tend\u00eancias e o cen\u00e1rio competitivo do mercado. A SIS International fornece insights sobre as prefer\u00eancias dos clientes, tend\u00eancias do setor e oportunidades emergentes por meio de metodologias de pesquisa qualitativas e quantitativas, incluindo pesquisas, entrevistas, grupos focais e an\u00e1lise de dados.<\/li>\n\n\n\n<li><strong>Consultoria de Conformidade Regulat\u00f3ria:<\/strong> A SIS International fornece servi\u00e7os de consultoria de conformidade regulat\u00f3ria para ajudar as empresas a lidar com requisitos e padr\u00f5es regulat\u00f3rios complexos no mercado de equipamentos de bancada. Ajudamos as empresas a compreender e cumprir regulamentos, certifica\u00e7\u00f5es e padr\u00f5es relevantes, mitigando assim os riscos regulat\u00f3rios e garantindo o acesso ao mercado.<\/li>\n\n\n\n<li><strong>Otimiza\u00e7\u00e3o da Cadeia de Suprimentos:<\/strong> A SIS oferece servi\u00e7os de otimiza\u00e7\u00e3o da cadeia de abastecimento para ajudar as empresas a melhorar a efici\u00eancia, resili\u00eancia e agilidade das suas cadeias de abastecimento. Atrav\u00e9s do mapeamento da cadeia de abastecimento, avalia\u00e7\u00e3o de riscos, avalia\u00e7\u00e3o de fornecedores e estrat\u00e9gias de otimiza\u00e7\u00e3o, ajudamos as empresas a identificar oportunidades para agilizar as opera\u00e7\u00f5es, reduzir custos e mitigar os riscos da cadeia de abastecimento.<\/li>\n\n\n\n<li><strong>Desenvolvimento e inova\u00e7\u00e3o de produtos:<\/strong> A SIS International apoia empresas no desenvolvimento e inova\u00e7\u00e3o de produtos, fornecendo insights sobre as necessidades dos clientes, tend\u00eancias de mercado e avan\u00e7os tecnol\u00f3gicos. Atrav\u00e9s de testes de conceito, testes de produtos e workshops de inova\u00e7\u00e3o, ajudamos as empresas a idealizar, desenvolver e lan\u00e7ar solu\u00e7\u00f5es inovadoras de equipamentos de bancada que atendam \u00e0s demandas do mercado e se diferenciem dos concorrentes.<\/li>\n\n\n\n<li><strong>Estrat\u00e9gia de entrada no mercado:<\/strong> A SIS auxilia as empresas no desenvolvimento de estrat\u00e9gias de entrada no mercado para novos mercados geogr\u00e1ficos, segmentos industriais e segmentos de clientes. Atrav\u00e9s de estudos de viabilidade de mercado, dimensionamento de mercado, an\u00e1lise competitiva e planejamento de entrada no mercado, nossos especialistas ajudam as empresas a identificar mercados-alvo, avaliar o potencial de mercado e desenvolver estrat\u00e9gias para penetrar e expandir sua presen\u00e7a no mercado de equipamentos de bancada.<\/li>\n<\/ul>","protected":false},"excerpt":{"rendered":"<p>A pesquisa de mercado de equipamentos de bancada analisa os mercados de equipamentos de bancada usados em cozinhas comerciais e estabelecimentos de servi\u00e7os de alimenta\u00e7\u00e3o.<\/p>","protected":false},"author":1,"featured_media":70877,"parent":14514,"menu_order":454,"comment_status":"closed","ping_status":"closed","template":"","meta":{"footnotes":""},"class_list":["post-47686","page","type-page","status-publish","has-post-thumbnail"],"_links":{"self":[{"href":"https:\/\/www.sisinternational.com\/pt\/wp-json\/wp\/v2\/pages\/47686","targetHints":{"allow":["GET"]}}],"collection":[{"href":"https:\/\/www.sisinternational.com\/pt\/wp-json\/wp\/v2\/pages"}],"about":[{"href":"https:\/\/www.sisinternational.com\/pt\/wp-json\/wp\/v2\/types\/page"}],"author":[{"embeddable":true,"href":"https:\/\/www.sisinternational.com\/pt\/wp-json\/wp\/v2\/users\/1"}],"replies":[{"embeddable":true,"href":"https:\/\/www.sisinternational.com\/pt\/wp-json\/wp\/v2\/comments?post=47686"}],"version-history":[{"count":14,"href":"https:\/\/www.sisinternational.com\/pt\/wp-json\/wp\/v2\/pages\/47686\/revisions"}],"predecessor-version":[{"id":80964,"href":"https:\/\/www.sisinternational.com\/pt\/wp-json\/wp\/v2\/pages\/47686\/revisions\/80964"}],"up":[{"embeddable":true,"href":"https:\/\/www.sisinternational.com\/pt\/wp-json\/wp\/v2\/pages\/14514"}],"wp:featuredmedia":[{"embeddable":true,"href":"https:\/\/www.sisinternational.com\/pt\/wp-json\/wp\/v2\/media\/70877"}],"wp:attachment":[{"href":"https:\/\/www.sisinternational.com\/pt\/wp-json\/wp\/v2\/media?parent=47686"}],"curies":[{"name":"wp","href":"https:\/\/api.w.org\/{rel}","templated":true}]}}