{"id":47681,"date":"2024-04-19T00:04:53","date_gmt":"2024-04-19T04:04:53","guid":{"rendered":"https:\/\/www.sisinternational.com\/?page_id=47681"},"modified":"2026-01-26T18:57:30","modified_gmt":"2026-01-26T23:57:30","slug":"pesquisa-de-mercado-de-helicopteros","status":"publish","type":"page","link":"https:\/\/www.sisinternational.com\/pt\/pericia\/pesquisa-de-mercado-de-helicopteros\/","title":{"rendered":"Pesquisa de mercado de helic\u00f3pteros"},"content":{"rendered":"<h1 class=\"wp-block-heading\">Pesquisa de mercado de helic\u00f3pteros<\/h1>\n\n\n\n<figure class=\"gb-block-image gb-block-image-016b2cfc\"><img loading=\"lazy\" decoding=\"async\" width=\"1456\" height=\"816\" class=\"gb-image gb-image-016b2cfc\" src=\"https:\/\/www.sisinternational.com\/wp-content\/uploads\/2025\/08\/Helicopter-4.jpg\" alt=\"Pesquisa e Estrat\u00e9gia de Mercado Internacional da SIS\" title=\"Helicopter (4)\" srcset=\"https:\/\/www.sisinternational.com\/wp-content\/uploads\/2025\/08\/Helicopter-4.jpg 1456w, https:\/\/www.sisinternational.com\/wp-content\/uploads\/2025\/08\/Helicopter-4-300x168.jpg 300w, https:\/\/www.sisinternational.com\/wp-content\/uploads\/2025\/08\/Helicopter-4-1024x574.jpg 1024w, https:\/\/www.sisinternational.com\/wp-content\/uploads\/2025\/08\/Helicopter-4-768x430.jpg 768w, https:\/\/www.sisinternational.com\/wp-content\/uploads\/2025\/08\/Helicopter-4-18x10.jpg 18w\" sizes=\"auto, (max-width: 1456px) 100vw, 1456px\"><\/figure>\n\n\n\n<p><\/p>\n\n\n\n<hr class=\"wp-block-separator has-alpha-channel-opacity is-style-dots\"\/>\n\n\n\n<p>A pesquisa de mercado de helic\u00f3pteros \u00e9 uma fonte ben\u00e9fica de informa\u00e7\u00f5es para as partes interessadas do setor. Ajuda-os a compreender a din\u00e2mica do mercado, a identificar oportunidades e amea\u00e7as e a tomar decis\u00f5es informadas que impulsionam o crescimento e a inova\u00e7\u00e3o dos neg\u00f3cios.<\/p>\n\n\n\n<h2 class=\"wp-block-heading\">What Is Helicopter Market Research? Why Is It Important?<\/h2>\n\n\n\n<p>A pesquisa de mercado de helic\u00f3pteros estuda a ind\u00fastria global de helic\u00f3pteros, incluindo tend\u00eancias de mercado, cen\u00e1rio competitivo, ambiente regulat\u00f3rio e avan\u00e7os tecnol\u00f3gicos. Esta pesquisa \u00e9 essencial para fabricantes de helic\u00f3pteros, operadores e outras partes interessadas do setor que buscam compreender a din\u00e2mica do mercado e tomar decis\u00f5es informadas.<\/p>\n\n\n\n<p>It is essential for businesses operating in or entering the aviation industry. With helicopter market research, businesses can gain valuable insights into market demand, pricing strategies, and emerging technologies, enabling them to develop competitive strategies and maximize profitability.<\/p>\n\n\n\n<p>Furthermore, this market <a href=\"https:\/\/www.sisinternational.com\/pt\/pericia\/industrias\/pesquisa-de-mercado-de-seguranca-viaria\/\" title=\"Pesquisa de mercado de seguran\u00e7a rodovi\u00e1ria\"  data-wpil-monitor-id=\"4748\">pesquisar<\/a> gives businesses insights into regulatory requirements and safety standards. This proactive approach to regulatory compliance minimizes risks and enhances businesses&#8217; reputation as responsible and reliable helicopter providers. Moreover, helicopter market research helps businesses identify emerging trends and technologies, enabling them to develop innovative products and services that meet customer needs.<\/p>\n\n\n\n<h2 class=\"wp-block-heading\">Quem usa pesquisa de mercado de helic\u00f3pteros<\/h2>\n\n\n\n<p>Os fabricantes de helic\u00f3pteros dependem de pesquisas de mercado para identificar oportunidades, desenvolver novos produtos e refinar os modelos existentes para atender \u00e0s necessidades dos clientes. Os fabricantes podem decidir estrategicamente seus portf\u00f3lios de produtos e processos de produ\u00e7\u00e3o analisando as tend\u00eancias do mercado e as prefer\u00eancias dos clientes.<\/p>\n\n\n\n<p>Airlines and <a href=\"https:\/\/www.sisinternational.com\/pt\/biocombustiveis-na-industria-aerea\/\" title=\"Pesquisa de mercado de sustentabilidade em companhias a\u00e9reas\"  data-wpil-monitor-id=\"6846\">helicopter operators use this market research<\/a> to assess demand for helicopter services, identify routes or services with growth potential, and optimize their fleet management strategies. By understanding market dynamics, operators can make informed decisions about fleet expansion, route planning, and service offerings.<\/p>\n\n\n\n<p>Government agencies and military organizations utilize <a href=\"https:\/\/www.sisinternational.com\/pt\/pericia\/industrias\/pesquisa-de-mercado-do-governo-federal\/\" title=\"Pesquisa de Mercado do Governo Federal\"  data-wpil-monitor-id=\"5766\">pesquisa de mercado de helic\u00f3pteros<\/a> to assess the capabilities of different helicopter models, evaluate potential suppliers, and make procurement decisions. It helps these organizations acquire helicopters that meet their operational requirements and budget constraints.<\/p>\n\n\n\n<p>As institui\u00e7\u00f5es financeiras e os investidores utilizam pesquisas de mercado de helic\u00f3pteros para avaliar a sa\u00fade financeira dos fabricantes e operadores de helic\u00f3pteros, identificar oportunidades de investimento e avaliar os riscos associados ao investimento na ind\u00fastria de helic\u00f3pteros. A pesquisa de mercado ajuda essas partes interessadas a tomar decis\u00f5es informadas sobre financiamento, aquisi\u00e7\u00f5es e desinvestimentos.<\/p>\n\n\n\n<p>Os fornecedores de manuten\u00e7\u00e3o, repara\u00e7\u00e3o e revis\u00e3o (MRO) dependem de pesquisas de mercado para compreender a procura do mercado pelos seus servi\u00e7os, identificar potenciais clientes e desenvolver estrat\u00e9gias de pre\u00e7os competitivas. Os provedores de MRO podem otimizar suas ofertas de servi\u00e7os e expandir sua base de clientes analisando as tend\u00eancias do mercado.<\/p>\n\n\n\n<h2 class=\"wp-block-heading\">Jogadores-chave<\/h2>\n\n\n\n<p>O mercado de helic\u00f3pteros \u00e9 caracterizado por v\u00e1rios players importantes que contribuem significativamente para moldar a din\u00e2mica da ind\u00fastria. Aqui est\u00e3o alguns dos principais jogadores:<\/p>\n\n\n\n<ul class=\"wp-block-list\">\n<li><strong>Helic\u00f3pteros Airbus:<\/strong> A Airbus Helicopters, uma divis\u00e3o do Grupo Airbus, \u00e9 um dos principais fabricantes de helic\u00f3pteros do mundo. Conhecida pela sua diversificada gama de helic\u00f3pteros atendendo a diversos segmentos, inclusive civil e militar,<\/li>\n\n\n\n<li><strong>Helic\u00f3ptero Bell:<\/strong> A Bell Helicopter \u00e9 um player proeminente no mercado de helic\u00f3pteros, conhecido por suas solu\u00e7\u00f5es inovadoras de helic\u00f3pteros.<\/li>\n\n\n\n<li><strong>Corpora\u00e7\u00e3o de Aeronaves Sikorsky:<\/strong> A Sikorsky Aircraft Corporation, uma subsidi\u00e1ria da Lockheed Martin Corporation, \u00e9 um importante player no mercado global de helic\u00f3pteros, reconhecida por seu legado de inova\u00e7\u00e3o e excel\u00eancia em engenharia.<\/li>\n<\/ul>\n\n\n\n<h2 class=\"wp-block-heading\">Benefits of Hiring SIS for Helicopter Market Research<\/h2>\n\n\n\n<figure class=\"gb-block-image gb-block-image-2cb42030\"><img loading=\"lazy\" decoding=\"async\" width=\"1456\" height=\"816\" class=\"gb-image gb-image-2cb42030\" src=\"https:\/\/www.sisinternational.com\/wp-content\/uploads\/2025\/08\/Helicopter-6.jpg\" alt=\"Pesquisa e Estrat\u00e9gia de Mercado Internacional da SIS\" title=\"Helicopter (6)\" srcset=\"https:\/\/www.sisinternational.com\/wp-content\/uploads\/2025\/08\/Helicopter-6.jpg 1456w, https:\/\/www.sisinternational.com\/wp-content\/uploads\/2025\/08\/Helicopter-6-300x168.jpg 300w, https:\/\/www.sisinternational.com\/wp-content\/uploads\/2025\/08\/Helicopter-6-1024x574.jpg 1024w, https:\/\/www.sisinternational.com\/wp-content\/uploads\/2025\/08\/Helicopter-6-768x430.jpg 768w, https:\/\/www.sisinternational.com\/wp-content\/uploads\/2025\/08\/Helicopter-6-18x10.jpg 18w\" sizes=\"auto, (max-width: 1456px) 100vw, 1456px\"><\/figure>\n\n\n\n<p><\/p>\n\n\n\n<p>Os servi\u00e7os de pesquisa de mercado de helic\u00f3pteros da SIS International fornecem insights pr\u00e1ticos e recomenda\u00e7\u00f5es estrat\u00e9gicas adaptadas para atender \u00e0s necessidades espec\u00edficas das empresas que operam na ind\u00fastria da avia\u00e7\u00e3o. Aqui est\u00e3o os resultados esperados:<\/p>\n\n\n\n<ul class=\"wp-block-list\">\n<li><strong>An\u00e1lise aprofundada do mercado:<\/strong> SIS International provides comprehensive market analysis reports that offer insights into key market trends, growth drivers, challenges, and opportunities shaping the helicopter industry. Our <a href=\"https:\/\/www.sisinternational.com\/pt\/a-industria-aeronautica-global\/\" title=\"Pesquisa de mercado de avia\u00e7\u00e3o\"  data-wpil-monitor-id=\"1769\">research encompasses market<\/a> size and segmentation, competitive landscapes, regulatory environments, and emerging technologies, enabling businesses to make informed strategic decisions and capitalize on market opportunities.<\/li>\n\n\n\n<li><strong>Percep\u00e7\u00f5es dos clientes:<\/strong> Our research uncovers valuable customer insights by analyzing <a href=\"https:\/\/www.sisinternational.com\/pt\/pericia\/industrias\/pesquisa-de-mercado-de-intencao-do-comprador\/\" title=\"Pesquisa de mercado de inten\u00e7\u00e3o do comprador\"  data-wpil-monitor-id=\"7170\">helicopter<\/a> buyers&#8217; and operators&#8217; purchasing behaviors, preferences, and pain points. <\/li>\n\n\n\n<li><strong>Inteligencia competitiva:<\/strong> A SIS International conduz uma an\u00e1lise completa de intelig\u00eancia competitiva para identificar estrat\u00e9gias, pontos fortes, pontos fracos e posicionamento de mercado dos concorrentes na ind\u00fastria de helic\u00f3pteros. Nossa pesquisa equipa as empresas com insights pr\u00e1ticos sobre estrat\u00e9gias de pre\u00e7os dos concorrentes, inova\u00e7\u00f5es de produtos, canais de distribui\u00e7\u00e3o e t\u00e1ticas de marketing, permitindo-lhes diferenciar-se, antecipar amea\u00e7as competitivas e obter uma vantagem competitiva no mercado.<\/li>\n\n\n\n<li><strong>Estrat\u00e9gias de entrada no mercado:<\/strong> SIS International offers customized market entry strategies backed by data-driven insights and analysis for businesses seeking to enter new markets or expand existing operations. Our <a href=\"https:\/\/www.sisinternational.com\/pt\/publicidade-na-tv-e-impressa-da-lugar-a-videos-virais-e-midias-sociais-emergentes\/\" title=\"Pesquisa de mercado de v\u00eddeo viral\"  data-wpil-monitor-id=\"1815\">researchers help companies identify market<\/a> entry barriers, assess market demand, evaluate regulatory requirements, and develop tailored market entry strategies to minimize risks and maximize opportunities for success in new markets.<\/li>\n\n\n\n<li><strong>Insights de tecnologia e inova\u00e7\u00e3o:<\/strong> O SIS acompanha os avan\u00e7os e inova\u00e7\u00f5es tecnol\u00f3gicas que moldam a ind\u00fastria de helic\u00f3pteros, fornecendo \u00e0s empresas insights sobre tecnologias emergentes, como sistemas de propuls\u00e3o el\u00e9trica, capacidades de voo aut\u00f4nomo e avi\u00f4nicos avan\u00e7ados.<\/li>\n<\/ul>\n\n\n\n<h2 class=\"wp-block-heading\">Oportunidades<\/h2>\n\n\n\n<p>No cen\u00e1rio din\u00e2mico do mercado de helic\u00f3pteros, existem diversas oportunidades para as empresas capitalizarem as tend\u00eancias emergentes, os avan\u00e7os tecnol\u00f3gicos e a evolu\u00e7\u00e3o das necessidades dos clientes. Aqui est\u00e3o algumas oportunidades importantes:<\/p>\n\n\n\n<ul class=\"wp-block-list\">\n<li><strong>Mobilidade A\u00e9rea Urbana (UAM):<\/strong> A ascens\u00e3o da mobilidade a\u00e9rea urbana apresenta oportunidades de neg\u00f3cios significativas no mercado de helic\u00f3pteros. \u00c0 medida que as cidades enfrentam desafios de congestionamento e transporte, os helic\u00f3pteros e as aeronaves de descolagem e aterragem vertical (VTOL) oferecem uma solu\u00e7\u00e3o vi\u00e1vel para o transporte urbano, ligando os centros das cidades aos sub\u00farbios, aeroportos e outros destinos.<\/li>\n\n\n\n<li><strong>Log\u00edstica Aerotransportada e Servi\u00e7os de Emerg\u00eancia:<\/strong> Os helic\u00f3pteros s\u00e3o cruciais na log\u00edstica a\u00e9rea, servi\u00e7os m\u00e9dicos de emerg\u00eancia (EMS), busca e salvamento (SAR) e opera\u00e7\u00f5es de combate a inc\u00eandios. As empresas podem capitalizar a procura de servi\u00e7os de helic\u00f3ptero nestes setores, oferecendo solu\u00e7\u00f5es especializadas adaptadas aos requisitos espec\u00edficos da miss\u00e3o.<\/li>\n\n\n\n<li><strong>Turismo e Transporte VIP:<\/strong> Os helic\u00f3pteros oferecem flexibilidade e conveni\u00eancia incompar\u00e1veis para turismo e transporte VIP, proporcionando voos panor\u00e2micos, servi\u00e7os fretados de luxo e experi\u00eancias de viagem exclusivas para clientes exigentes. As empresas podem atender \u00e0 crescente demanda por passeios de helic\u00f3ptero, passeios a\u00e9reos e servi\u00e7os de transporte VIP em destinos tur\u00edsticos populares, centros urbanos e resorts de luxo.<\/li>\n\n\n\n<li><strong>Integra\u00e7\u00e3o de Sistemas A\u00e9reos N\u00e3o Tripulados (UAS):<\/strong> Integrating unmanned aerial systems (UAS) or drones into helicopter operations presents new business opportunities in the aviation industry. Businesses can explore the development of hybrid manned-unmanned platforms, autonomous aerial vehicles, and <a href=\"https:\/\/www.sisinternational.com\/pt\/pericia\/industrias\/pesquisa-de-mercado-de-drones\/\" title=\"Pesquisa de mercado de drones\"  data-wpil-monitor-id=\"5978\">drone delivery solutions to address diverse market<\/a> needs, including surveillance, reconnaissance, cargo transport, and aerial photography.<\/li>\n<\/ul>\n\n\n\n<h2 class=\"wp-block-heading\">The SIS Advantage<\/h2>\n\n\n\n<p>SIS offers comprehensive helicopter <a href=\"https:\/\/www.sisinternational.com\/pt\/solucoes\/inovacao\/pensamento-de-design\/\" title=\"Pesquisa de mercado de pensamento de design\"  data-wpil-monitor-id=\"6699\">market research services designed<\/a> to assist businesses in navigating the complexities of the rotorcraft industry and achieving their strategic objectives. Here&#8217;s how our tailored research solutions can benefit businesses:<\/p>\n\n\n\n<ul class=\"wp-block-list\">\n<li><strong>An\u00e1lise aprofundada do mercado:<\/strong> Nossa pesquisa de mercado de helic\u00f3pteros oferece \u00e0s empresas insights aprofundados sobre as tend\u00eancias, a din\u00e2mica e o cen\u00e1rio competitivo do mercado. Ajudamos as empresas a identificar oportunidades de crescimento, avaliar amea\u00e7as competitivas e tomar decis\u00f5es estrat\u00e9gicas informadas com base no tamanho do mercado, nos motores de crescimento, nos principais participantes e nas tend\u00eancias emergentes.<\/li>\n\n\n\n<li><strong>Apoio ao Planejamento Estrat\u00e9gico:<\/strong> Nossos servi\u00e7os de pesquisa de mercado apoiam as empresas no planejamento estrat\u00e9gico e nos processos de tomada de decis\u00e3o. Ao fornecer intelig\u00eancia de mercado oportuna e precisa, capacitamos as empresas a identificar lacunas de mercado, avaliar estrat\u00e9gias de entrada no mercado e desenvolver planos de neg\u00f3cios robustos para capitalizar oportunidades e mitigar riscos de forma eficaz.<\/li>\n\n\n\n<li><strong>Avalia\u00e7\u00e3o de Tecnologia e Inova\u00e7\u00e3o:<\/strong> Realizamos avalia\u00e7\u00f5es de tecnologia e inova\u00e7\u00e3o para ajudar as empresas a se manterem atualizadas sobre os mais recentes avan\u00e7os na tecnologia de helic\u00f3pteros. Auxiliamos as empresas na avalia\u00e7\u00e3o de tecnologias emergentes, como sistemas de propuls\u00e3o el\u00e9trica, capacidades de voo aut\u00f4nomo e materiais avan\u00e7ados, identificando oportunidades de inova\u00e7\u00e3o, avaliando riscos tecnol\u00f3gicos e impulsionando iniciativas de inova\u00e7\u00e3o para manter uma vantagem competitiva no mercado.<\/li>\n\n\n\n<li><strong>An\u00e1lise Regulat\u00f3ria e de Conformidade:<\/strong> Nossa pesquisa de mercado de helic\u00f3pteros inclui an\u00e1lises regulat\u00f3rias e de conformidade para ajudar as empresas a navegar no complexo cen\u00e1rio regulat\u00f3rio que rege as opera\u00e7\u00f5es de helic\u00f3pteros. Ao monitorizar as altera\u00e7\u00f5es regulamentares, avaliar os requisitos de conformidade e fornecer orienta\u00e7\u00e3o regulamentar, ajudamos as empresas a garantir a conformidade regulamentar, a mitigar os riscos legais e a manter a integridade operacional.<\/li>\n\n\n\n<li><strong>Avalia\u00e7\u00e3o e Gest\u00e3o de Riscos:<\/strong> Conduzimos estudos de avalia\u00e7\u00e3o e gest\u00e3o de riscos para ajudar as empresas a identificar e mitigar os riscos associados \u00e0s opera\u00e7\u00f5es de helic\u00f3pteros. Ao avaliar riscos operacionais, incertezas de mercado e amea\u00e7as externas, permitimos que as empresas desenvolvam estrat\u00e9gias de mitiga\u00e7\u00e3o de riscos, planos de conting\u00eancia e estruturas de resili\u00eancia para salvaguardar as suas opera\u00e7\u00f5es e investimentos no mercado de helic\u00f3pteros.<\/li>\n<\/ul>\n\n\n\n<p><\/p>","protected":false},"excerpt":{"rendered":"<p>A pesquisa de mercado de helic\u00f3pteros estuda a ind\u00fastria mundial de helic\u00f3pteros, analisando tend\u00eancias, concorr\u00eancia, regulamenta\u00e7\u00f5es e avan\u00e7os tecnol\u00f3gicos.<\/p>","protected":false},"author":1,"featured_media":63565,"parent":14514,"menu_order":451,"comment_status":"closed","ping_status":"closed","template":"","meta":{"footnotes":""},"class_list":["post-47681","page","type-page","status-publish","has-post-thumbnail"],"_links":{"self":[{"href":"https:\/\/www.sisinternational.com\/pt\/wp-json\/wp\/v2\/pages\/47681","targetHints":{"allow":["GET"]}}],"collection":[{"href":"https:\/\/www.sisinternational.com\/pt\/wp-json\/wp\/v2\/pages"}],"about":[{"href":"https:\/\/www.sisinternational.com\/pt\/wp-json\/wp\/v2\/types\/page"}],"author":[{"embeddable":true,"href":"https:\/\/www.sisinternational.com\/pt\/wp-json\/wp\/v2\/users\/1"}],"replies":[{"embeddable":true,"href":"https:\/\/www.sisinternational.com\/pt\/wp-json\/wp\/v2\/comments?post=47681"}],"version-history":[{"count":14,"href":"https:\/\/www.sisinternational.com\/pt\/wp-json\/wp\/v2\/pages\/47681\/revisions"}],"predecessor-version":[{"id":80734,"href":"https:\/\/www.sisinternational.com\/pt\/wp-json\/wp\/v2\/pages\/47681\/revisions\/80734"}],"up":[{"embeddable":true,"href":"https:\/\/www.sisinternational.com\/pt\/wp-json\/wp\/v2\/pages\/14514"}],"wp:featuredmedia":[{"embeddable":true,"href":"https:\/\/www.sisinternational.com\/pt\/wp-json\/wp\/v2\/media\/63565"}],"wp:attachment":[{"href":"https:\/\/www.sisinternational.com\/pt\/wp-json\/wp\/v2\/media?parent=47681"}],"curies":[{"name":"wp","href":"https:\/\/api.w.org\/{rel}","templated":true}]}}