{"id":47641,"date":"2024-04-18T23:02:21","date_gmt":"2024-04-19T03:02:21","guid":{"rendered":"https:\/\/www.sisinternational.com\/?page_id=47641"},"modified":"2025-10-09T02:04:37","modified_gmt":"2025-10-09T06:04:37","slug":"consultoria-de-ia-como-servico","status":"publish","type":"page","link":"https:\/\/www.sisinternational.com\/pt\/solucoes\/pesquisa-de-mercado-de-ia-e-consultoria-estrategica\/consultoria-de-ia-como-servico\/","title":{"rendered":"Consultoria de IA como servi\u00e7o"},"content":{"rendered":"<h1 class=\"wp-block-heading\">Consultoria de IA como servi\u00e7o<\/h1>\n\n\n\n<figure class=\"gb-block-image gb-block-image-821ddc4c\"><img loading=\"lazy\" decoding=\"async\" width=\"1456\" height=\"816\" class=\"gb-image gb-image-821ddc4c\" src=\"https:\/\/www.sisinternational.com\/wp-content\/uploads\/2025\/08\/AI-12.jpg\" alt=\"Pesquisa e Estrat\u00e9gia de Mercado Internacional da SIS\" title=\"AI (12)\" srcset=\"https:\/\/www.sisinternational.com\/wp-content\/uploads\/2025\/08\/AI-12.jpg 1456w, https:\/\/www.sisinternational.com\/wp-content\/uploads\/2025\/08\/AI-12-300x168.jpg 300w, https:\/\/www.sisinternational.com\/wp-content\/uploads\/2025\/08\/AI-12-1024x574.jpg 1024w, https:\/\/www.sisinternational.com\/wp-content\/uploads\/2025\/08\/AI-12-768x430.jpg 768w, https:\/\/www.sisinternational.com\/wp-content\/uploads\/2025\/08\/AI-12-18x10.jpg 18w\" sizes=\"auto, (max-width: 1456px) 100vw, 1456px\"><\/figure>\n\n\n\n<h1 class=\"wp-block-heading p1\"><\/h1>\n\n\n\n<h3 class=\"wp-block-heading p1\">A consultoria de IA como servi\u00e7o (AIaaS) \u00e9 um servi\u00e7o poderoso para empresas que buscam aproveitar o poder da IA para impulsionar a inova\u00e7\u00e3o e o crescimento. Al\u00e9m de fornecer acesso a tecnologias e conhecimentos de IA, a consultoria AIaaS ajuda as empresas a desenvolver solu\u00e7\u00f5es de IA que proporcionam valor comercial tang\u00edvel e vantagem competitiva.<\/h3>\n\n\n\n<p class=\"p1\">Are you ready to revolutionize your business with AI but need help figuring out where to start? AI-as-a-service consulting emerges as a beacon of innovation, offering companies access to cutting-edge artificial intelligence technologies without the complexities of in-house development.&nbsp;<\/p>\n\n\n\n<h2 class=\"wp-block-heading\">O que \u00e9 consultoria de IA como servi\u00e7o?<\/h2>\n\n\n\n<p>AIaaS <a href=\"https:\/\/www.sisinternational.com\/pt\/solucoes\/consultoria-em-hotelaria-e-turismo-em-viagens\/consultoria-em-tecnologia-para-hoteis-inteligentes\/\" title=\"Consultoria em tecnologia para hot\u00e9is inteligentes\"  data-wpil-monitor-id=\"10397\">consulting provides access to AI technologies<\/a> and expertise on a subscription or pay-as-you-go basis. This type of consulting helps companies leverage AI capabilities without the need for large upfront investments in infrastructure or hiring specialized AI talent.<\/p>\n\n\n\n<p>It helps businesses identify opportunities to use AI to improve their operations, products, or services. So, consultants work closely with clients to understand their business challenges and objectives, and then develop AI solutions that address these needs. This could include using machine learning algorithms to analyze data, <a href=\"https:\/\/www.sisinternational.com\/pt\/solucoes\/pesquisa-de-mercado-de-ia-e-consultoria-estrategica\/processamento-de-linguagem-natural-pesquisa-de-mercado-de-ia\/\" title=\"Pesquisa de mercado de IA de processamento de linguagem natural\"  data-wpil-monitor-id=\"10378\">natural language processing<\/a> to automate customer interactions, or computer vision to improve visual recognition tasks.<\/p>\n\n\n\n<p>Com a consultoria de IA como servi\u00e7o, as empresas podem obter insights sobre aplica\u00e7\u00f5es espec\u00edficas de IA que se alinham com seus objetivos, permitindo-lhes tomar decis\u00f5es informadas sobre a implementa\u00e7\u00e3o. Al\u00e9m disso, \u00e0 medida que a IA continua a revolucionar as ind\u00fastrias, manter-se competitivo exige que as empresas se mantenham \u00e0 frente da curva. A consultoria de IA como servi\u00e7o oferece \u00e0s empresas o conhecimento e a experi\u00eancia necess\u00e1rios para adotar solu\u00e7\u00f5es de IA que lhes proporcionem uma vantagem competitiva.<\/p>\n\n\n\n<h2 class=\"wp-block-heading\">Who Uses This Kind&nbsp; of Consulting<\/h2>\n\n\n\n<figure class=\"gb-block-image gb-block-image-e62a1c01\"><img loading=\"lazy\" decoding=\"async\" width=\"1456\" height=\"816\" class=\"gb-image gb-image-e62a1c01\" src=\"https:\/\/www.sisinternational.com\/wp-content\/uploads\/2025\/08\/AI-2-1.jpg\" alt=\"Pesquisa e Estrat\u00e9gia de Mercado Internacional da SIS\" title=\"AI 2 (1)\" srcset=\"https:\/\/www.sisinternational.com\/wp-content\/uploads\/2025\/08\/AI-2-1.jpg 1456w, https:\/\/www.sisinternational.com\/wp-content\/uploads\/2025\/08\/AI-2-1-300x168.jpg 300w, https:\/\/www.sisinternational.com\/wp-content\/uploads\/2025\/08\/AI-2-1-1024x574.jpg 1024w, https:\/\/www.sisinternational.com\/wp-content\/uploads\/2025\/08\/AI-2-1-768x430.jpg 768w, https:\/\/www.sisinternational.com\/wp-content\/uploads\/2025\/08\/AI-2-1-18x10.jpg 18w\" sizes=\"auto, (max-width: 1456px) 100vw, 1456px\"><\/figure>\n\n\n\n<p><\/p>\n\n\n\n<p><strong>IT and technology departments<\/strong> within these businesses use these consulting services to understand the technical requirements of AI implementation, evaluate different AI technologies, and develop a roadmap for successful AI integration.<\/p>\n\n\n\n<p><strong>Data scientists and AI <\/strong><a href=\"https:\/\/www.sisinternational.com\/pt\/solucoes\/pesquisa-de-consultoria-em-estrategia-fintech\/engenharia-de-vendas-consultoria-em-servicos-financeiros\/\" title=\"Consultoria em servi\u00e7os financeiros de engenharia de vendas\"  data-wpil-monitor-id=\"10384\">engineers are key users of consulting services<\/a>, as they work closely with AI consultants to develop and deploy AI solutions.<\/p>\n\n\n\n<p><strong>Executives and decision-makers<\/strong> rely on AI-as-a-Service consulting to understand AI&#8217;s potential impact on their business operations, identify opportunities for AI adoption, and develop strategies for successful AI implementation.<\/p>\n\n\n\n<p><strong>Startups e pequenos neg\u00f3cios<\/strong> often lack the resources and expertise to develop AI solutions internally, making them prime users of AI consulting services.<\/p>\n\n\n\n<h2 class=\"wp-block-heading\">Challenges when Conducting AI-as-a-Service Consulting<\/h2>\n\n\n\n<p>Navegar pelas complexidades da consultoria de IA como servi\u00e7o requer aten\u00e7\u00e3o cuidadosa a v\u00e1rios fatores cr\u00edticos de sucesso, cada um contribuindo para a efic\u00e1cia geral e o resultado do envolvimento:<\/p>\n\n\n\n<ul class=\"wp-block-list\">\n<li><strong>Objetivos de neg\u00f3cios claros:<\/strong> Estabelecer objetivos de neg\u00f3cios claros e alcan\u00e7\u00e1veis \u00e9 fundamental para o sucesso de um compromisso de consultoria de IA como servi\u00e7o. Sem uma compreens\u00e3o precisa do que a organiza\u00e7\u00e3o pretende alcan\u00e7ar atrav\u00e9s da integra\u00e7\u00e3o da IA, alinhar as solu\u00e7\u00f5es de IA com os objetivos estrat\u00e9gicos e medir eficazmente o seu impacto torna-se um desafio.<\/li>\n\n\n\n<li><strong>Estrat\u00e9gia robusta de dados:<\/strong> Uma estrat\u00e9gia de dados robusta constitui a base de implementa\u00e7\u00f5es de IA bem-sucedidas. Isto inclui garantir a qualidade, acessibilidade e relev\u00e2ncia dos dados e implementar pr\u00e1ticas robustas de governan\u00e7a de dados para manter a integridade e conformidade dos dados.<\/li>\n\n\n\n<li><strong>Experi\u00eancia de dom\u00ednio:<\/strong> \u00c9 essencial colaborar com consultores de IA como servi\u00e7o com experi\u00eancia em dom\u00ednios relevantes para o setor e o contexto de neg\u00f3cios da organiza\u00e7\u00e3o. Os especialistas do dom\u00ednio podem fornecer informa\u00e7\u00f5es valiosas sobre desafios espec\u00edficos do setor, requisitos regulat\u00f3rios e pr\u00e1ticas recomendadas, permitindo solu\u00e7\u00f5es de IA mais direcionadas e eficazes.<\/li>\n\n\n\n<li><strong>Gerenciamento \u00c1gil de Projetos:<\/strong> A ado\u00e7\u00e3o de metodologias \u00e1geis de gerenciamento de projetos permite que as organiza\u00e7\u00f5es se adaptem rapidamente \u00e0s mudan\u00e7as nos requisitos, priorizem iniciativas com base no valor do neg\u00f3cio e forne\u00e7am solu\u00e7\u00f5es de IA de forma iterativa para atender \u00e0s necessidades e ao feedback em evolu\u00e7\u00e3o.<\/li>\n\n\n\n<li><strong>Avalia\u00e7\u00e3o e Otimiza\u00e7\u00e3o Cont\u00ednua:<\/strong> Continuous evaluation and optimization of AI models and solutions are essential to ensure their ongoing relevance, effectiveness, and alignment with evolving <a href=\"https:\/\/www.sisinternational.com\/pt\/publicacoes\/pesquisa-de-mercado-de-negocios-escalaveis-7-maneiras-de-construir-um-negocio-escalavel\/\" title=\"Pesquisa de mercado de neg\u00f3cios escal\u00e1veis: 7 maneiras de construir um neg\u00f3cio escal\u00e1vel\"  data-wpil-monitor-id=\"10389\">business objectives and market<\/a> dynamics.<\/li>\n<\/ul>\n\n\n\n<h2 class=\"wp-block-heading\">The benefits of working with SIS International<\/h2>\n\n\n\n<figure class=\"gb-block-image gb-block-image-063f531b\"><img loading=\"lazy\" decoding=\"async\" width=\"1456\" height=\"816\" class=\"gb-image gb-image-063f531b\" src=\"https:\/\/www.sisinternational.com\/wp-content\/uploads\/2025\/08\/AI-10.jpg\" alt=\"Pesquisa e Estrat\u00e9gia de Mercado Internacional da SIS\" title=\"AI (10)\" srcset=\"https:\/\/www.sisinternational.com\/wp-content\/uploads\/2025\/08\/AI-10.jpg 1456w, https:\/\/www.sisinternational.com\/wp-content\/uploads\/2025\/08\/AI-10-300x168.jpg 300w, https:\/\/www.sisinternational.com\/wp-content\/uploads\/2025\/08\/AI-10-1024x574.jpg 1024w, https:\/\/www.sisinternational.com\/wp-content\/uploads\/2025\/08\/AI-10-768x430.jpg 768w, https:\/\/www.sisinternational.com\/wp-content\/uploads\/2025\/08\/AI-10-18x10.jpg 18w\" sizes=\"auto, (max-width: 1456px) 100vw, 1456px\"><\/figure>\n\n\n\n<h2 class=\"wp-block-heading\"><figure><span style=\"font-family: inherit; font-style: inherit; background-color: rgb(255, 255, 255);\">\u00a0<\/span><\/figure><\/h2>\n\n\n\n<p>A SIS oferece solu\u00e7\u00f5es personalizadas para atender \u00e0s necessidades e desafios exclusivos das empresas em v\u00e1rios setores. Ao se envolverem com a SIS International, as organiza\u00e7\u00f5es podem esperar alcan\u00e7ar v\u00e1rios resultados importantes:<\/p>\n\n\n\n<ul class=\"wp-block-list\">\n<li><strong>Efici\u00eancia operacional aprimorada:<\/strong> SIS International&#8217;s expertise in developing custom AI algorithms and predictive analytics models enables organizations to optimize resource allocation, minimize waste, and improve productivity.<\/li>\n\n\n\n<li><strong>Tomada de decis\u00e3o baseada em dados:<\/strong> A SIS International capacita as organiza\u00e7\u00f5es a aproveitar o poder dos dados para a tomada de decis\u00f5es informadas atrav\u00e9s de an\u00e1lises avan\u00e7adas e insights preditivos. As tecnologias de IA ajudam as empresas a obter uma visibilidade mais profunda das tend\u00eancias do mercado, dos comportamentos dos clientes e da din\u00e2mica competitiva, permitindo-lhes tomar decis\u00f5es estrat\u00e9gicas com confian\u00e7a e agilidade.<\/li>\n\n\n\n<li><strong>Mitiga\u00e7\u00e3o de riscos e conformidade:<\/strong> SIS International helps organizations mitigate risks and ensure compliance with regulatory requirements through AI-powered risk assessment, fraud detection, and compliance monitoring solutions.<\/li>\n\n\n\n<li><strong>Inova\u00e7\u00e3o e vantagem competitiva:<\/strong> By partnering with SIS International, organizations gain access to cutting-edge AI technologies and expertise, enabling them to innovate faster, stay ahead of competitors, and seize new market opportunities.<\/li>\n\n\n\n<li><strong>Impacto mensur\u00e1vel nos neg\u00f3cios:<\/strong> A SIS est\u00e1 comprometida em fornecer resultados comerciais tang\u00edveis e ROI mensur\u00e1vel para seus clientes. Atrav\u00e9s de rigoroso acompanhamento, monitoramento e avalia\u00e7\u00e3o de desempenho, garantimos que as solu\u00e7\u00f5es de IA estejam alinhadas com os objetivos de neg\u00f3cios e forne\u00e7am valor quantific\u00e1vel em economia de custos, crescimento de receita e excel\u00eancia operacional.<\/li>\n<\/ul>\n\n\n\n<h2 class=\"wp-block-heading\">Technologies Used in AI-as-a-Service Consulting<\/h2>\n\n\n\n<p>Na consultoria de IA como servi\u00e7o, muitas tecnologias e ferramentas de ponta capacitam as organiza\u00e7\u00f5es a aproveitar os recursos de IA de forma eficaz. Aqui est\u00e3o algumas tecnologias e ferramentas importantes utilizadas na ind\u00fastria:<\/p>\n\n\n\n<p><strong>Estruturas de aprendizado de m\u00e1quina:<\/strong> Estruturas de aprendizado de m\u00e1quina, como TensorFlow ou PyTorch, fornecem a base para o desenvolvimento e implanta\u00e7\u00e3o de modelos de IA. Essas estruturas oferecem bibliotecas e APIs para a constru\u00e7\u00e3o de algoritmos de aprendizado de m\u00e1quina, desde aprendizado supervisionado e n\u00e3o supervisionado at\u00e9 aprendizado por refor\u00e7o.<\/p>\n\n\n\n<p><strong>Ferramentas de visualiza\u00e7\u00e3o de dados:<\/strong> Data visualization tools such as Tableau and Power BI enable organizations to explore and communicate insights derived from AI models effectively. By <a href=\"https:\/\/www.sisinternational.com\/pt\/pericia\/industrias\/consultoria-em-visualizacao-de-dados\/\" title=\"Consultoria em Visualiza\u00e7\u00e3o de Dados\"  data-wpil-monitor-id=\"10394\">visualizing complex data<\/a> sets in intuitive formats, these tools facilitate decision-making and enhance data-driven storytelling.<\/p>\n\n\n\n<p><strong>APIs de IA como servi\u00e7o:<\/strong> As APIs de IA como servi\u00e7o oferecem recursos de IA pr\u00e9-constru\u00eddos que podem ser facilmente integrados a aplicativos e fluxos de trabalho existentes. APIs como Google Cloud Vision API e Microsoft Azure Cognitive Services fornecem funcionalidades como reconhecimento de imagem, convers\u00e3o de fala em texto e tradu\u00e7\u00e3o de idiomas, acelerando a ado\u00e7\u00e3o e a inova\u00e7\u00e3o da IA.<\/p>\n\n\n\n<h2 class=\"wp-block-heading\">Oportunidades de consultoria de IA como servi\u00e7o<\/h2>\n\n\n\n<figure class=\"wp-block-image\"><img decoding=\"async\" src=\"https:\/\/www.sisinternational.com\/wp-content\/uploads\/2019\/11\/Artificial-Intelligence-Market-Research.jpg\" alt=\"Pesquisa de mercado de intelig\u00eancia artificial\" class=\"wp-image-33887\"\/><\/figure>\n\n\n\n<p><\/p>\n\n\n\n<p>A ado\u00e7\u00e3o da consultoria de IA como servi\u00e7o apresenta in\u00fameras oportunidades para empresas de todos os setores inovarem, otimizarem opera\u00e7\u00f5es e obterem vantagem competitiva. Algumas oportunidades importantes incluem:<\/p>\n\n\n\n<ul class=\"wp-block-list\">\n<li><strong>Maior efici\u00eancia e produtividade:<\/strong> AI-driven automation and optimization solutions streamline processes, reduce manual effort, and improve operational efficiency. Through the automation of repetitive tasks, analyzing complex data sets, and optimizing resource allocation, businesses can enhance productivity, minimize costs, and focus on value-added activities.<\/li>\n\n\n\n<li><strong>Mitiga\u00e7\u00e3o de riscos e conformidade:<\/strong> A consultoria de IA como servi\u00e7o oferece \u00e0s empresas recursos avan\u00e7ados de avalia\u00e7\u00e3o de risco, detec\u00e7\u00e3o de fraude e monitoramento de conformidade. Ao aproveitar tecnologias de IA, como aprendizagem autom\u00e1tica e dete\u00e7\u00e3o de anomalias, as organiza\u00e7\u00f5es podem identificar riscos potenciais, detetar atividades fraudulentas e garantir a conformidade com os requisitos regulamentares, salvaguardando a sua reputa\u00e7\u00e3o e integridade financeira.<\/li>\n\n\n\n<li><strong>Inova\u00e7\u00e3o e Diferencia\u00e7\u00e3o:<\/strong> AI enables businesses to innovate faster, experiment with new ideas, and <a href=\"https:\/\/www.sisinternational.com\/pt\/solucoes\/solucoes-de-branding-e-pesquisa-de-clientes\/pesquisa-de-mercado-de-diferenciacao-de-marca\/\" title=\"Pesquisa de mercado de diferencia\u00e7\u00e3o de marca\"  data-wpil-monitor-id=\"10396\">differentiate themselves in the market<\/a>. With this consulting, organizations can explore novel AI applications, develop custom solutions, and stay ahead of competitors by delivering unique <a href=\"https:\/\/www.sisinternational.com\/pt\/what-is-a-value-proposition-canvas-the-game-changing-framework-that-prevents-product-failures\/\" title=\"What Is a Value Proposition Canvas? &#091;The Game-Changing Framework That Prevents Product Failures&#093;\"  data-wpil-monitor-id=\"10386\">value propositions and innovative products<\/a> and services.<\/li>\n<\/ul>\n\n\n\n<h2 class=\"wp-block-heading\"><strong>Como a consultoria de IA como servi\u00e7o da SIS International ajuda as empresas&nbsp;<\/strong><\/h2>\n\n\n\n<p>A SIS International oferece solu\u00e7\u00f5es abrangentes de IA como servi\u00e7o projetadas para enfrentar os desafios das empresas na ado\u00e7\u00e3o e aproveitamento eficaz de tecnologias de IA. Veja como as solu\u00e7\u00f5es da SIS International ajudam as empresas a superar os principais desafios:<\/p>\n\n\n\n<ul class=\"wp-block-list\">\n<li><strong>Garantia de qualidade de dados:<\/strong> <a href=\"https:\/\/www.linkedin.com\/company\/sisinternationalresearch\/\" target=\"_blank\" rel=\"noopener\">SIS<\/a> provides data quality assurance services to ensure the accuracy, completeness, and reliability of data used for AI model training. Through data cleansing, normalization, and validation techniques, we help businesses improve data quality and accessibility, enhancing the effectiveness of AI solutions.<\/li>\n\n\n\n<li><strong>Aumento de talentos:<\/strong> SIS augments businesses&#8217; talent pool with skilled AI experts and data scientists with domain expertise and experience developing and deploying AI solutions. When you partner with SIS International, you can access on-demand AI talent and expertise, overcoming the talent gap and accelerating AI adoption.<\/li>\n\n\n\n<li><strong>Seguran\u00e7a e Conformidade:<\/strong> A SIS International implementa medidas de seguran\u00e7a robustas e estruturas de conformidade para proteger os dados confidenciais das empresas e mitigar os riscos de seguran\u00e7a associados \u00e0 implanta\u00e7\u00e3o de IA. Atrav\u00e9s de criptografia, controles de acesso e auditorias regulares de seguran\u00e7a, a SIS International ajuda as empresas a se protegerem contra viola\u00e7\u00f5es de dados e amea\u00e7as cibern\u00e9ticas.<\/li>\n\n\n\n<li><strong>Estrat\u00e9gias de mitiga\u00e7\u00e3o de preconceito:<\/strong> SIS International employs bias mitigation strategies and fairness-aware algorithms to address algorithmic bias and fairness issues in AI models. We help businesses ensure equitable outcomes and mitigate risks related to discrimination and bias.<\/li>\n<\/ul>\n\n\n\n<div class=\"is-root-container is-desktop-preview is-layout-flow wp-block-post-content block-editor-block-list__layout\" spellcheck=\"false\">\n<div id=\"block-8365776f-985b-4c8b-a275-40df748019a6\" class=\"block-editor-block-list__block wp-block is-selected wp-block-freeform\" tabindex=\"0\" role=\"document\" aria-label=\"Block: Classic\" data-block=\"8365776f-985b-4c8b-a275-40df748019a6\" data-type=\"core\/freeform\" data-title=\"Classic\">\n<div id=\"editor-8365776f-985b-4c8b-a275-40df748019a6\" class=\"wp-block-freeform block-library-rich-text__tinymce mce-content-body html5-captions mce-edit-focus\" contenteditable=\"true\">\n<h2>Localiza\u00e7\u00e3o de nossas instala\u00e7\u00f5es em Nova York<\/h2>\n<p><iframe loading=\"lazy\" src=\"https:\/\/www.google.com\/maps\/embed?pb=!1m18!1m12!1m3!1d3022.976188376966!2d-73.99130312499956!3d40.740549471389315!2m3!1f0!2f0!3f0!3m2!1i1024!2i768!4f13.1!3m3!1m2!1s0x89c259a15798c731%3A0xd695d09bdd495f25!2s11%20E%2022nd%20St%20FL%202%2C%20New%20York%2C%20NY%2010010%2C%20USA!5e0!3m2!1sen!2spe!4v1726171763526!5m2!1sen!2spe\" width=\"600\" height=\"450\" allowfullscreen=\"allowfullscreen\" data-mce-fragment=\"1\"><\/iframe><\/p>\n<h3 class=\"wp-block-heading\">11 E 22nd Street, 2\u00ba andar, Nova York, NY 10010 T: +1(212) 505-6805<\/h3>\n<hr>\n<h2><span style=\"font-weight: 400;\">Sobre SIS Internacional<\/span><\/h2>\n<p><a href=\"https:\/\/www.sisinternational.com\/pt\/\"><span style=\"font-weight: 400;\">SIS Internacional<\/span><\/a><span style=\"font-weight: 400;\">&nbsp;offers Quantitative, Qualitative, and Strategy Research. We provide data, tools, strategies, reports, and insights for decision-making. We also conduct interviews, surveys, focus groups, and other <a href=\"https:\/\/www.sisinternational.com\/pt\/quantitative-market-research-methods-and-techniques\/\" title=\"Quantitative Market Research Methods and Techniques\" data-wpil-monitor-id=\"10373\">Market Research methods<\/a> and approaches.<\/span><a href=\"https:\/\/www.sisinternational.com\/pt\/sobre-a-sis-international-research\/contact-sis-international-market-research\/\"><span style=\"font-weight: 400;\">&nbsp;Entre em contato conosco<\/span><\/a><span style=\"font-weight: 400;\">&nbsp;para o seu pr\u00f3ximo projeto de pesquisa de mercado.<\/span><\/p>\n<hr><\/div>\n<\/div>\n<\/div>\n\n\n\n<div data-grammarly-part=\"highlights\">\n<div>\n<div>\n<div>\n<div class=\"Jupcl lUmQf inSdx GpjRg\" data-key=\"1000295-3|0-0\" data-grammarly-part=\"highlight\" data-highlight-format=\"enclosing\" data-highlight-color-name=\"blue\">&nbsp;<\/div>\n<\/div>\n<\/div>\n<\/div>\n<\/div>\n\n\n\n<p><\/p>","protected":false},"excerpt":{"rendered":"<p>A consultoria AIaaS oferece \u00e0s empresas acesso a tecnologias e conhecimentos de IA por meio de assinatura ou pagamento conforme o uso.<\/p>","protected":false},"author":1,"featured_media":62604,"parent":44406,"menu_order":79,"comment_status":"closed","ping_status":"closed","template":"","meta":{"footnotes":""},"class_list":["post-47641","page","type-page","status-publish","has-post-thumbnail"],"_links":{"self":[{"href":"https:\/\/www.sisinternational.com\/pt\/wp-json\/wp\/v2\/pages\/47641","targetHints":{"allow":["GET"]}}],"collection":[{"href":"https:\/\/www.sisinternational.com\/pt\/wp-json\/wp\/v2\/pages"}],"about":[{"href":"https:\/\/www.sisinternational.com\/pt\/wp-json\/wp\/v2\/types\/page"}],"author":[{"embeddable":true,"href":"https:\/\/www.sisinternational.com\/pt\/wp-json\/wp\/v2\/users\/1"}],"replies":[{"embeddable":true,"href":"https:\/\/www.sisinternational.com\/pt\/wp-json\/wp\/v2\/comments?post=47641"}],"version-history":[{"count":12,"href":"https:\/\/www.sisinternational.com\/pt\/wp-json\/wp\/v2\/pages\/47641\/revisions"}],"predecessor-version":[{"id":81713,"href":"https:\/\/www.sisinternational.com\/pt\/wp-json\/wp\/v2\/pages\/47641\/revisions\/81713"}],"up":[{"embeddable":true,"href":"https:\/\/www.sisinternational.com\/pt\/wp-json\/wp\/v2\/pages\/44406"}],"wp:featuredmedia":[{"embeddable":true,"href":"https:\/\/www.sisinternational.com\/pt\/wp-json\/wp\/v2\/media\/62604"}],"wp:attachment":[{"href":"https:\/\/www.sisinternational.com\/pt\/wp-json\/wp\/v2\/media?parent=47641"}],"curies":[{"name":"wp","href":"https:\/\/api.w.org\/{rel}","templated":true}]}}