{"id":47637,"date":"2024-04-18T23:09:26","date_gmt":"2024-04-19T03:09:26","guid":{"rendered":"https:\/\/www.sisinternational.com\/?page_id=47637"},"modified":"2026-01-26T18:45:43","modified_gmt":"2026-01-26T23:45:43","slug":"pesquisa-de-mercado-de-conversao-de-vendas","status":"publish","type":"page","link":"https:\/\/www.sisinternational.com\/pt\/solucoes\/pesquisa-de-mercado-de-conversao-de-vendas\/","title":{"rendered":"Pesquisa de mercado de convers\u00e3o de vendas"},"content":{"rendered":"<h1 class=\"wp-block-heading\">Pesquisa de mercado de convers\u00e3o de vendas<\/h1>\n\n\n\n<figure class=\"gb-block-image gb-block-image-702717a5\"><img loading=\"lazy\" decoding=\"async\" width=\"1456\" height=\"816\" class=\"gb-image gb-image-702717a5\" src=\"https:\/\/www.sisinternational.com\/wp-content\/uploads\/2025\/08\/Retail-8.jpg\" alt=\"Pesquisa e Estrat\u00e9gia de Mercado Internacional da SIS\" title=\"Retail (8)\" srcset=\"https:\/\/www.sisinternational.com\/wp-content\/uploads\/2025\/08\/Retail-8.jpg 1456w, https:\/\/www.sisinternational.com\/wp-content\/uploads\/2025\/08\/Retail-8-300x168.jpg 300w, https:\/\/www.sisinternational.com\/wp-content\/uploads\/2025\/08\/Retail-8-1024x574.jpg 1024w, https:\/\/www.sisinternational.com\/wp-content\/uploads\/2025\/08\/Retail-8-768x430.jpg 768w, https:\/\/www.sisinternational.com\/wp-content\/uploads\/2025\/08\/Retail-8-18x10.jpg 18w\" sizes=\"auto, (max-width: 1456px) 100vw, 1456px\"><\/figure>\n\n\n\n<p><\/p>\n\n\n\n<hr class=\"wp-block-separator has-alpha-channel-opacity is-style-dots\"\/>\n\n\n\n<p>A pesquisa de mercado de convers\u00e3o de vendas ajuda as empresas a avaliar seu desempenho em rela\u00e7\u00e3o aos padr\u00f5es da ind\u00fastria e aos concorrentes. Ao comparar as taxas de convers\u00e3o e os processos de vendas com os dos concorrentes, as empresas podem identificar \u00e1reas onde ficam para tr\u00e1s e implementar estrat\u00e9gias para melhorar a sua posi\u00e7\u00e3o competitiva.<\/p>\n\n\n\n<p>Have you ever wondered what separates high-performing sales strategies from the rest? Enter <a href=\"https:\/\/www.sisinternational.com\/pt\/pericia\/industrias\/pesquisa-de-mercado-no-ponto-de-venda\/\" title=\"Pesquisa de mercado de ponto de venda\"  data-wpil-monitor-id=\"4903\">pesquisa de mercado de convers\u00e3o de vendas<\/a>, the secret weapon of successful businesses aiming to optimize their sales processes. This strategic approach goes beyond traditional sales tactics, focusing on understanding consumer behavior, identifying pain points, and fine-tuning strategies to convert leads into loyal customers effectively.<\/p>\n\n\n\n<h2 class=\"wp-block-heading\">O que \u00e9 pesquisa de mercado de convers\u00e3o de vendas?<\/h2>\n\n\n\n<p>Sales conversion market <a href=\"https:\/\/www.sisinternational.com\/pt\/pericia\/industrias\/pesquisa-de-mercado-de-intencao-do-comprador\/\" title=\"Pesquisa de mercado de inten\u00e7\u00e3o do comprador\"  data-wpil-monitor-id=\"6262\">pesquisar<\/a> aims to understand the factors that influence the conversion of potential customers into actual buyers. This type of research helps businesses identify barriers to conversion, optimize their sales processes, and improve their overall sales performance. It includes analyzing factors such as pricing, product selection, website usability, and customer services.<\/p>\n\n\n\n<h2 class=\"wp-block-heading\">Por que as empresas precisam de pesquisas de mercado para convers\u00e3o de vendas?<\/h2>\n\n\n\n<p>As empresas podem identificar \u00e1reas de melhoria e implementar estrat\u00e9gias direcionadas para aumentar as taxas de convers\u00e3o, analisando o comportamento, as prefer\u00eancias e os padr\u00f5es de compra do cliente. Compreender os fatores que influenciam as decis\u00f5es de compra permite que as empresas adaptem suas mensagens, pre\u00e7os e ofertas de produtos para melhor atender \u00e0s necessidades e expectativas dos clientes, levando a taxas de convers\u00e3o mais altas e aumento de vendas.<\/p>\n\n\n\n<p>By continuously monitoring and analyzing customer behavior, preferences, and market trends, companies can stay ahead of the competition and position themselves for long-term success. From identifying new sales opportunities to optimizing existing processes, <a href=\"https:\/\/www.sisinternational.com\/pt\/pesquisa-de-mercado-de-vinho\/\" title=\"Pesquisa de mercado de vinho: somando os lucros das vendas nacionais de vinho\"  data-wpil-monitor-id=\"2494\">pesquisa de mercado de convers\u00e3o de vendas<\/a> is a powerful tool that can drive growth and profitability for businesses of all sizes. However, it presents many other benefits for businesses, including:<\/p>\n\n\n\n<ul class=\"wp-block-list\">\n<li><strong>Melhor desempenho de vendas:<\/strong> Ele aumenta o desempenho das vendas e impulsiona o crescimento da receita. Ao compreender os fatores que influenciam as decis\u00f5es de compra e o comportamento do consumidor, as empresas podem adaptar a sua abordagem de vendas para repercutir no seu p\u00fablico-alvo, aumentando, em \u00faltima an\u00e1lise, as taxas de convers\u00e3o e impulsionando mais vendas.<br><strong>Maior satisfa\u00e7\u00e3o do cliente:<\/strong> Essa pesquisa de mercado permite que as empresas entendam melhor as necessidades, prefer\u00eancias e pontos problem\u00e1ticos dos clientes ao longo da jornada de compra.<\/li>\n\n\n\n<li><strong>Estrat\u00e9gias de vendas otimizadas:<\/strong> As empresas podem otimizar suas estrat\u00e9gias de vendas para obter efic\u00e1cia m\u00e1xima com insights pr\u00e1ticos de pesquisas de mercado.<\/li>\n\n\n\n<li><strong>Vantagem competitiva:<\/strong> Esta pesquisa de mercado proporciona \u00e0s empresas uma compreens\u00e3o mais profunda dos pontos fortes e fracos dos seus concorrentes, permitindo-lhes identificar oportunidades de diferencia\u00e7\u00e3o e capitalizar as lacunas do mercado.<\/li>\n\n\n\n<li><strong>Crescimento e Sustentabilidade a Longo Prazo:<\/strong> As empresas podem alcan\u00e7ar crescimento e sustentabilidade a longo prazo monitorizando e adaptando-se continuamente \u00e0s mudan\u00e7as no comportamento do consumidor e na din\u00e2mica do mercado.<\/li>\n<\/ul>\n\n\n\n<h2 class=\"wp-block-heading\">Quem usa pesquisa de mercado de convers\u00e3o de vendas<\/h2>\n\n\n\n<figure class=\"gb-block-image gb-block-image-af696455\"><img loading=\"lazy\" decoding=\"async\" width=\"1456\" height=\"816\" class=\"gb-image gb-image-af696455\" src=\"https:\/\/www.sisinternational.com\/wp-content\/uploads\/2025\/09\/Focus-group-26.jpg\" alt=\"Pesquisa e Estrat\u00e9gia de Mercado Internacional da SIS\" title=\"Focus group (26)\" srcset=\"https:\/\/www.sisinternational.com\/wp-content\/uploads\/2025\/09\/Focus-group-26.jpg 1456w, https:\/\/www.sisinternational.com\/wp-content\/uploads\/2025\/09\/Focus-group-26-300x168.jpg 300w, https:\/\/www.sisinternational.com\/wp-content\/uploads\/2025\/09\/Focus-group-26-1024x574.jpg 1024w, https:\/\/www.sisinternational.com\/wp-content\/uploads\/2025\/09\/Focus-group-26-768x430.jpg 768w, https:\/\/www.sisinternational.com\/wp-content\/uploads\/2025\/09\/Focus-group-26-18x10.jpg 18w\" sizes=\"auto, (max-width: 1456px) 100vw, 1456px\"><\/figure>\n\n\n\n<p><\/p>\n\n\n\n<p>Empresas de diversos setores aproveitam a pesquisa de mercado para obter insights sobre os processos de tomada de decis\u00e3o dos clientes, refinar seus funis de vendas e aprimorar as intera\u00e7\u00f5es com os clientes para gerar convers\u00f5es.<\/p>\n\n\n\n<p>Sales and marketing teams are primary users of <a href=\"https:\/\/www.sisinternational.com\/pt\/pericia\/industrias\/pesquisa-de-mercado-de-delicatessen\/\" title=\"Pesquisa de mercado de delicatessen\"  data-wpil-monitor-id=\"4608\">sales conversion research<\/a>, utilizing it to identify key touchpoints in the sales process, understand customer objections, and tailor their messaging and strategies to improve conversion rates.<\/p>\n\n\n\n<p>As equipes de desenvolvimento de produtos contam com pesquisas para coletar feedback sobre produtos e servi\u00e7os existentes, identificar \u00e1reas de melhoria e desenvolver novas ofertas que se alinhem melhor com as necessidades e prefer\u00eancias dos clientes.<\/p>\n\n\n\n<p>As equipes de suporte e servi\u00e7o ao cliente usam pesquisas de mercado para identificar pontos problem\u00e1ticos e obje\u00e7\u00f5es comuns dos clientes, permitindo-lhes fornecer um suporte mais direcionado e eficaz.<\/p>\n\n\n\n<p>Os profissionais de marketing digital utilizam essa pesquisa de mercado para otimizar suas campanhas de marketing digital, incluindo publicidade paga, marketing por e-mail e marketing em m\u00eddia social.<\/p>\n\n\n\n<p><a href=\"https:\/\/www.sisinternational.com\/pt\/pericia\/industrias\/pesquisa-de-mercado-de-comercio-eletronico\/\" title=\"Pesquisa de mercado de com\u00e9rcio eletr\u00f4nico\"  data-wpil-monitor-id=\"6783\">E-commerce platforms leverage sales conversion market research<\/a> to optimize their online shopping experience, including website design, product listings, and checkout process.<\/p>\n\n\n\n<h2 class=\"wp-block-heading\">Quando realizar pesquisas de mercado de convers\u00e3o de vendas<\/h2>\n\n\n\n<p>Determinar o momento ideal para conduzir pesquisas de mercado de convers\u00e3o de vendas \u00e9 essencial para maximizar sua efic\u00e1cia e impacto no desempenho de vendas. Ao planejar estrategicamente iniciativas de pesquisa em est\u00e1gios-chave do processo de vendas, as empresas podem obter insights acion\u00e1veis, identificar oportunidades de melhoria e gerar melhores resultados.<\/p>\n\n\n\n<ul class=\"wp-block-list\">\n<li><strong>Pr\u00e9-lan\u00e7amento ou introdu\u00e7\u00e3o do produto:<\/strong> A realiza\u00e7\u00e3o de pesquisas de mercado antes de lan\u00e7ar um novo produto ou servi\u00e7o permite que as empresas avaliem a demanda do mercado, identifiquem poss\u00edveis barreiras \u00e0 convers\u00e3o e ajustem suas estrat\u00e9gias de vendas.<\/li>\n\n\n\n<li><strong>Avalia\u00e7\u00e3o p\u00f3s-lan\u00e7amento:<\/strong> Ap\u00f3s a introdu\u00e7\u00e3o de um produto ou servi\u00e7o, a pesquisa de mercado cont\u00ednua \u00e9 crucial para avaliar o seu desempenho e identificar \u00e1reas de melhoria.<\/li>\n\n\n\n<li><strong>Campanhas sazonais ou promocionais:<\/strong> A pesquisa de mercado de convers\u00e3o de vendas \u00e9 particularmente valiosa durante campanhas sazonais ou promocionais, como eventos de vendas de fim de ano ou ofertas por tempo limitado.<\/li>\n\n\n\n<li><strong>Benchmarking competitivo:<\/strong> Comparar as m\u00e9tricas de convers\u00e3o de vendas com as dos concorrentes fornece insights valiosos de benchmarking e identifica \u00e1reas de melhoria.<\/li>\n\n\n\n<li><strong>Monitoramento e Adapta\u00e7\u00e3o Cont\u00ednuos:<\/strong> A pesquisa de mercado deve ser um processo cont\u00ednuo, com as empresas monitorando continuamente o desempenho das vendas, o feedback dos clientes e as tend\u00eancias do mercado.<\/li>\n<\/ul>\n\n\n\n<h2 class=\"wp-block-heading\">Resultados esperados da pesquisa de mercado de convers\u00e3o de vendas da SIS International<\/h2>\n\n\n\n<p>A parceria com a SIS International para pesquisas de mercado de convers\u00e3o de vendas promete uma s\u00e9rie de resultados impactantes que podem gerar melhorias significativas no desempenho de vendas e no sucesso geral dos neg\u00f3cios. Ao aproveitar a experi\u00eancia e os recursos da SIS International, as empresas podem esperar resultados tang\u00edveis que se traduzem em aumento de receitas, maior satisfa\u00e7\u00e3o do cliente e crescimento sustentado.<\/p>\n\n\n\n<ul class=\"wp-block-list\">\n<li><strong>Aumento das taxas de convers\u00e3o:<\/strong> One of the primary expected results from SIS International&#8217;s <a href=\"https:\/\/www.sisinternational.com\/pt\/pericia\/pesquisa-personalizada-primaria-2\/\" title=\"Pesquisa de mercado prim\u00e1rio\"  data-wpil-monitor-id=\"7010\">pesquisa de mercado de convers\u00e3o de vendas<\/a> is an increase in conversion rates across various sales channels. By identifying barriers to conversion, optimizing sales processes, and refining messaging and positioning strategies, businesses can expect to see a measurable improvement in their ability to convert leads into customers, ultimately driving revenue growth and profitability.<\/li>\n\n\n\n<li><strong>Melhor compreens\u00e3o do cliente:<\/strong> As iniciativas de pesquisa da SIS International proporcionam \u00e0s empresas uma compreens\u00e3o mais profunda do seu p\u00fablico-alvo, incluindo as suas prefer\u00eancias, motiva\u00e7\u00f5es e pontos problem\u00e1ticos. Ao obter insights sobre o comportamento do consumidor e os processos de tomada de decis\u00e3o, as empresas podem adaptar suas estrat\u00e9gias de vendas para atender melhor \u00e0s necessidades dos clientes, melhorar a satisfa\u00e7\u00e3o do cliente e construir relacionamentos mais fortes com sua clientela.<\/li>\n\n\n\n<li><strong>Estrat\u00e9gias e t\u00e1ticas de vendas aprimoradas:<\/strong> Atrav\u00e9s de an\u00e1lises rigorosas de dados de convers\u00e3o de vendas e tend\u00eancias de mercado, a SIS International ajuda as empresas a identificar oportunidades de otimiza\u00e7\u00e3o e melhoria nas suas estrat\u00e9gias e t\u00e1ticas de vendas. Quer se trate de refinar o posicionamento do produto, ajustar estrat\u00e9gias de pre\u00e7os ou melhorar as mensagens de vendas, as empresas podem esperar implementar iniciativas estrat\u00e9gicas que gerem melhores resultados e superem os concorrentes do mercado.<\/li>\n\n\n\n<li><strong>Competitividade aprimorada:<\/strong> As empresas podem obter uma vantagem competitiva em seus respectivos setores aproveitando os insights obtidos na pesquisa de mercado de convers\u00e3o de vendas da SIS International. Ao manterem-se \u00e0 frente das tend\u00eancias do mercado, compreenderem as prefer\u00eancias dos consumidores e adaptarem as estrat\u00e9gias de vendas em conformidade, as empresas podem posicionar-se como l\u00edderes da ind\u00fastria e conquistar uma maior quota de mercado, impulsionando o crescimento sustent\u00e1vel e o sucesso.<\/li>\n<\/ul>\n\n\n\n<h2 class=\"wp-block-heading\">Oportunidades<\/h2>\n\n\n\n<p>Explorar as oportunidades da pesquisa de mercado de convers\u00e3o de vendas revela uma infinidade de caminhos para as empresas otimizarem suas estrat\u00e9gias de vendas, aumentarem a satisfa\u00e7\u00e3o do cliente e impulsionarem o crescimento da receita, incluindo:<\/p>\n\n\n\n<ul class=\"wp-block-list\">\n<li><strong>Experi\u00eancias personalizadas do cliente:<\/strong> Aproveitar essa pesquisa de mercado permite que as empresas ofere\u00e7am experi\u00eancias personalizadas aos clientes que repercutam em seu p\u00fablico-alvo e gerem taxas de convers\u00e3o mais altas. Ao compreender as prefer\u00eancias individuais dos clientes, os padr\u00f5es de comportamento e os h\u00e1bitos de compra, as empresas podem adaptar a sua abordagem de vendas para fornecer mensagens, ofertas e solu\u00e7\u00f5es relevantes que atendam \u00e0s necessidades e prefer\u00eancias exclusivas de cada cliente.<\/li>\n\n\n\n<li><strong>Melhoria Cont\u00ednua e Inova\u00e7\u00e3o:<\/strong> O envolvimento na an\u00e1lise de mercado de convers\u00e3o de vendas promove uma cultura de melhoria e inova\u00e7\u00e3o constante nas organiza\u00e7\u00f5es. Ao monitorar regularmente o desempenho das vendas, analisar o feedback dos clientes e comparar as melhores pr\u00e1ticas do setor, as empresas podem identificar oportunidades de inova\u00e7\u00e3o, experimenta\u00e7\u00e3o e diferencia\u00e7\u00e3o, impulsionando melhorias cont\u00ednuas na efic\u00e1cia das vendas e na competitividade do mercado.<\/li>\n\n\n\n<li><strong>Oportunidades estrat\u00e9gicas de crescimento:<\/strong> A pesquisa de mercado revela oportunidades estrat\u00e9gicas de crescimento que permitem \u00e0s empresas expandir o seu alcance de mercado, entrar em novos segmentos de mercado e capitalizar as tend\u00eancias emergentes. As empresas podem desenvolver estrat\u00e9gias e iniciativas de vendas direcionadas que impulsionem o crescimento, a rentabilidade e o sucesso a longo prazo, identificando segmentos de clientes inexplorados, nichos de mercado ou necessidades mal atendidas.<\/li>\n<\/ul>\n\n\n\n<h2 class=\"wp-block-heading\">Como a pesquisa de mercado de convers\u00e3o de vendas da SIS International ajuda as empresas<\/h2>\n\n\n\n<p>Os servi\u00e7os de pesquisa de mercado de convers\u00e3o de vendas da SIS International fornecem \u00e0s empresas insights abrangentes, orienta\u00e7\u00e3o estrat\u00e9gica e recomenda\u00e7\u00f5es pr\u00e1ticas para otimizar suas estrat\u00e9gias de vendas, impulsionar o crescimento da receita e alcan\u00e7ar maior sucesso no mercado. Ao aproveitar a nossa experi\u00eancia, recursos e metodologias comprovadas, as empresas podem desbloquear todo o potencial dos seus esfor\u00e7os de vendas e capitalizar as oportunidades de crescimento.<\/p>\n\n\n\n<p><strong>Abordagem Hol\u00edstica da Pesquisa:<\/strong> SIS takes a holistic approach to <a href=\"https:\/\/www.sisinternational.com\/pt\/cobertura\/as-americas\/pesquisa-de-mercado-canada\/pesquisa-de-mercado-nova-escocia-canada\/\" title=\"Pesquisa de mercado na Nova Esc\u00f3cia\"  data-wpil-monitor-id=\"4623\">sales<\/a> conversion market research, integrating qualitative and quantitative methodologies to provide a comprehensive understanding of consumer behavior, market dynamics, and sales performance. Combining primary research, secondary data analysis, and industry expertise, we deliver insights that drive informed decision-making and strategic planning.<\/p>\n\n\n\n<p><strong>Solu\u00e7\u00f5es personalizadas:<\/strong> A SIS International entende que cada neg\u00f3cio tem desafios, objetivos e din\u00e2micas de mercado \u00fanicos. Como tal, a SIS International oferece solu\u00e7\u00f5es de investiga\u00e7\u00e3o personalizadas, adaptadas \u00e0s necessidades e objetivos espec\u00edficos de cada cliente.<\/p>\n\n\n\n<p><strong>Experi\u00eancia e insights do setor:<\/strong> Com anos de experi\u00eancia e conhecimento em v\u00e1rios setores, a SIS traz insights valiosos do setor e melhores pr\u00e1ticas para todos os projetos de pesquisa. Mantendo-se atualizados sobre as tend\u00eancias do mercado, as tecnologias emergentes e a din\u00e2mica competitiva, nossos especialistas fornecem aos clientes orienta\u00e7\u00e3o estrat\u00e9gica e recomenda\u00e7\u00f5es que impulsionam a inova\u00e7\u00e3o, a diferencia\u00e7\u00e3o e a vantagem competitiva no mercado.<\/p>\n\n\n\n<p><strong>Parceria Colaborativa:<\/strong> A SIS International valoriza a colabora\u00e7\u00e3o e a parceria com os clientes, trabalhando em estreita colabora\u00e7\u00e3o com as partes interessadas para compreender os seus objetivos, desafios e prioridades. Atrav\u00e9s de comunica\u00e7\u00e3o aberta, atualiza\u00e7\u00f5es regulares e resolu\u00e7\u00e3o colaborativa de problemas, o SIS garante o alinhamento entre os resultados da investiga\u00e7\u00e3o e os objetivos empresariais, promovendo uma parceria mutuamente ben\u00e9fica que impulsiona o sucesso e o crescimento a longo prazo.<\/p>\n\n\n<h2>Localiza\u00e7\u00e3o de nossas instala\u00e7\u00f5es em Nova York<\/h2>\n<p><!-- \/wp:post-content --> <!-- wp:html --> <iframe loading=\"lazy\" src=\"https:\/\/www.google.com\/maps\/embed?pb=!1m18!1m12!1m3!1d3022.976188376966!2d-73.99130312499956!3d40.740549471389315!2m3!1f0!2f0!3f0!3m2!1i1024!2i768!4f13.1!3m3!1m2!1s0x89c259a15798c731%3A0xd695d09bdd495f25!2s11%20E%2022nd%20St%20FL%202%2C%20New%20York%2C%20NY%2010010%2C%20USA!5e0!3m2!1sen!2spe!4v1726171763526!5m2!1sen!2spe\" width=\"600\" height=\"450\" allowfullscreen=\"allowfullscreen\" data-mce-fragment=\"1\"><\/iframe> <!-- \/wp:html --> <!-- wp:paragraph --><\/p>\n<h3 class=\"wp-block-heading\">11 E 22nd Street, andar 2, Nova York, NY 10010 T: +1(212) 505-6805<\/h3>\n<hr \/>\n<h2><span style=\"font-weight: 400;\">Sobre SIS Internacional<\/span><\/h2>\n<p><a href=\"https:\/\/www.sisinternational.com\/pt\/\"><span style=\"font-weight: 400;\">SIS Internacional<\/span><\/a><span style=\"font-weight: 400;\"> oferece pesquisa quantitativa, qualitativa e estrat\u00e9gica. Fornecemos dados, ferramentas, estrat\u00e9gias, relat\u00f3rios e insights para a tomada de decis\u00f5es. Tamb\u00e9m realizamos entrevistas, pesquisas, grupos focais e outros m\u00e9todos e abordagens de Pesquisa de Mercado.<\/span><a href=\"https:\/\/www.sisinternational.com\/pt\/sobre-a-sis-international-research\/contact-sis-international-market-research\/\"><span style=\"font-weight: 400;\"> Entre em contato conosco<\/span><\/a><span style=\"font-weight: 400;\"> para o seu pr\u00f3ximo projeto de pesquisa de mercado.<\/span><\/p>\n<\/p>","protected":false},"excerpt":{"rendered":"<p>A pesquisa de mercado sobre convers\u00e3o de vendas tem como objetivo entender os fatores que influenciam a convers\u00e3o de clientes potenciais em compradores reais.<\/p>","protected":false},"author":1,"featured_media":62510,"parent":14457,"menu_order":39,"comment_status":"closed","ping_status":"closed","template":"","meta":{"footnotes":""},"class_list":["post-47637","page","type-page","status-publish","has-post-thumbnail"],"_links":{"self":[{"href":"https:\/\/www.sisinternational.com\/pt\/wp-json\/wp\/v2\/pages\/47637","targetHints":{"allow":["GET"]}}],"collection":[{"href":"https:\/\/www.sisinternational.com\/pt\/wp-json\/wp\/v2\/pages"}],"about":[{"href":"https:\/\/www.sisinternational.com\/pt\/wp-json\/wp\/v2\/types\/page"}],"author":[{"embeddable":true,"href":"https:\/\/www.sisinternational.com\/pt\/wp-json\/wp\/v2\/users\/1"}],"replies":[{"embeddable":true,"href":"https:\/\/www.sisinternational.com\/pt\/wp-json\/wp\/v2\/comments?post=47637"}],"version-history":[{"count":13,"href":"https:\/\/www.sisinternational.com\/pt\/wp-json\/wp\/v2\/pages\/47637\/revisions"}],"predecessor-version":[{"id":80578,"href":"https:\/\/www.sisinternational.com\/pt\/wp-json\/wp\/v2\/pages\/47637\/revisions\/80578"}],"up":[{"embeddable":true,"href":"https:\/\/www.sisinternational.com\/pt\/wp-json\/wp\/v2\/pages\/14457"}],"wp:featuredmedia":[{"embeddable":true,"href":"https:\/\/www.sisinternational.com\/pt\/wp-json\/wp\/v2\/media\/62510"}],"wp:attachment":[{"href":"https:\/\/www.sisinternational.com\/pt\/wp-json\/wp\/v2\/media?parent=47637"}],"curies":[{"name":"wp","href":"https:\/\/api.w.org\/{rel}","templated":true}]}}