{"id":47551,"date":"2024-04-15T17:44:45","date_gmt":"2024-04-15T21:44:45","guid":{"rendered":"https:\/\/www.sisinternational.com\/?page_id=47551"},"modified":"2026-03-25T00:48:41","modified_gmt":"2026-03-25T04:48:41","slug":"b2b2c-market-research","status":"publish","type":"page","link":"https:\/\/www.sisinternational.com\/pt\/solutions\/b2b-market-research\/b2b2c-market-research\/","title":{"rendered":"Pesquisa de mercado B2B2C"},"content":{"rendered":"<h1 class=\"wp-block-heading\">Pesquisa de mercado B2B2C<\/h1>\n\n\n\n<figure class=\"gb-block-image gb-block-image-8585a4f8\"><img loading=\"lazy\" decoding=\"async\" width=\"1456\" height=\"816\" class=\"gb-image gb-image-8585a4f8\" src=\"https:\/\/www.sisinternational.com\/wp-content\/uploads\/2025\/08\/B2Bjpg-6.jpg\" alt=\"SIS International Market Research &amp; Strategy\" title=\"B2Bjpg (6)\" srcset=\"https:\/\/www.sisinternational.com\/wp-content\/uploads\/2025\/08\/B2Bjpg-6.jpg 1456w, https:\/\/www.sisinternational.com\/wp-content\/uploads\/2025\/08\/B2Bjpg-6-300x168.jpg 300w, https:\/\/www.sisinternational.com\/wp-content\/uploads\/2025\/08\/B2Bjpg-6-1024x574.jpg 1024w, https:\/\/www.sisinternational.com\/wp-content\/uploads\/2025\/08\/B2Bjpg-6-768x430.jpg 768w, https:\/\/www.sisinternational.com\/wp-content\/uploads\/2025\/08\/B2Bjpg-6-18x10.jpg 18w\" sizes=\"auto, (max-width: 1456px) 100vw, 1456px\"><\/figure>\n\n\n\n<hr class=\"wp-block-separator has-alpha-channel-opacity is-style-dots\"\/>\n\n\n\n<p>\u00c0 medida que as ind\u00fastrias confundem os limites entre os modelos tradicionais B2B e B2C, a investiga\u00e7\u00e3o abrangente torna-se imperativa para as partes interessadas em toda a cadeia de valor.<\/p>\n\n\n\n<p>No cen\u00e1rio atual de neg\u00f3cios em r\u00e1pida evolu\u00e7\u00e3o, a pesquisa de mercado B2B2C ganhou for\u00e7a significativa... Mas, o que isso implica exatamente e por que \u00e9 crucial que as empresas se aprofundem neste dom\u00ednio?<\/p>\n\n\n\n<h2 class=\"wp-block-heading\">O que \u00e9 pesquisa de mercado B2B2C?<\/h2>\n\n\n\n<p>A pesquisa de mercado B2B2C analisa a din\u00e2mica das transa\u00e7\u00f5es entre empresas e consumidores. Envolve compreender as rela\u00e7\u00f5es e intera\u00e7\u00f5es entre empresas que fornecem bens ou servi\u00e7os aos consumidores finais atrav\u00e9s de canais intermedi\u00e1rios. Este tipo de investiga\u00e7\u00e3o vai al\u00e9m dos modelos tradicionais B2B ou B2C, centrando-se na interconectividade e colabora\u00e7\u00e3o entre os m\u00faltiplos intervenientes na cadeia de valor.<\/p>\n\n\n\n<h2 class=\"wp-block-heading\">Por que as empresas precisam de pesquisas de mercado B2B2C?<\/h2>\n\n\n\n<p>A pesquisa de mercado B2B2C permite que as empresas entendam melhor seus mercados-alvo, identifiquem novos fluxos de receita e estabele\u00e7am parcerias estrat\u00e9gicas que impulsionem o crescimento. As empresas podem descobrir oportunidades inexploradas, mitigar riscos e otimizar as suas estrat\u00e9gias de entrada no mercado, analisando toda a cadeia de valor e a jornada do cliente. Al\u00e9m disso, a pesquisa B2B2C capacita as empresas a oferecer experi\u00eancias integradas e personalizadas que repercutem nos consumidores finais, ao mesmo tempo que atendem \u00e0s necessidades de seus parceiros B2B.<\/p>\n\n\n\n<p>Em qualquer caso, apresenta diversas vantagens para as empresas, incluindo:<\/p>\n\n\n\n<ul class=\"wp-block-list\">\n<li><strong>Insights hol\u00edsticos:<\/strong> Ao examinar toda a cadeia de valor, as empresas obt\u00eam conhecimentos abrangentes sobre a din\u00e2mica do mercado, os comportamentos dos consumidores e os cen\u00e1rios competitivos, permitindo-lhes tomar decis\u00f5es mais informadas.<\/li>\n\n\n\n<li><strong>Parcerias Estrat\u00e9gicas:<\/strong> A pesquisa de mercado B2B2C ajuda as empresas a identificar potenciais parceiros e colaboradores dentro do ecossistema, promovendo alian\u00e7as estrat\u00e9gicas que impulsionam o crescimento m\u00fatuo e a inova\u00e7\u00e3o.<\/li>\n\n\n\n<li><strong>Experi\u00eancia aprimorada do cliente:<\/strong> Understanding the end-to-end customer journey allows businesses to deliver personalized and seamless experiences that resonate with <a href=\"https:\/\/www.sisinternational.com\/pt\/customer-satisfaction-analysis\/\" title=\"8 maneiras de aumentar a satisfa\u00e7\u00e3o do cliente no varejo\"  data-wpil-monitor-id=\"10366\">consumers<\/a>, fostering loyalty and advocacy.<\/li>\n\n\n\n<li><strong>Oportunidades de inova\u00e7\u00e3o:<\/strong> Ao descobrir necessidades n\u00e3o satisfeitas e tend\u00eancias emergentes, as empresas podem identificar oportunidades de inova\u00e7\u00e3o e diferencia\u00e7\u00e3o, mantendo-se \u00e0 frente da curva num mercado em r\u00e1pida evolu\u00e7\u00e3o.<\/li>\n\n\n\n<li><strong>Mitiga\u00e7\u00e3o de riscos:<\/strong> A pesquisa de mercado B2B2C permite que as empresas antecipem riscos e desafios potenciais dentro do ecossistema, permitindo-lhes mitigar proativamente os riscos e adaptar as suas estrat\u00e9gias.<\/li>\n<\/ul>\n\n\n\n<h2 class=\"wp-block-heading\">Quem usa pesquisa de mercado B2B2C?<\/h2>\n\n\n\n<p>Os fabricantes utilizam pesquisas de mercado B2B2C para compreender a demanda do mercado, otimizar processos de produ\u00e7\u00e3o e estabelecer parcerias com distribuidores e varejistas. Distribuidores e varejistas tamb\u00e9m aproveitam os insights B2B2C para otimizar seus sortimentos de produtos, estrat\u00e9gias de pre\u00e7os e redes de canais de distribui\u00e7\u00e3o para atender \u00e0s crescentes necessidades dos consumidores finais.<\/p>\n\n\n\n<p>Moreover, Service Providers use B2B2C market research to tailor their offerings to meet the specific needs of businesses and end consumers alike. Similarly, Investors and Stakeholders rely on B2B2C insights to <a href=\"https:\/\/www.sisinternational.com\/pt\/coverage\/market-research-asia\/asia-market-opportunities-assessments\/\" title=\"Avalia\u00e7\u00f5es de oportunidades de mercado na \u00c1sia\"  data-wpil-monitor-id=\"10368\">assess market opportunities<\/a>, evaluate the viability of business models, and make informed investment decisions.<\/p>\n\n\n\n<h2 class=\"wp-block-heading\">Fatores cr\u00edticos de sucesso<\/h2>\n\n\n\n<p>Before diving into the critical success factors, it&#8217;s essential to understand that a <a href=\"https:\/\/www.sisinternational.com\/pt\/key-success-factors-in-automotive-market-research\/\" title=\"Principais fatores de sucesso na pesquisa de mercado automotivo\"  data-wpil-monitor-id=\"10381\">successful B2B2C approach relies on several key<\/a> factors. Here are some critical success factors for implementing a successful B2B2C strategy:<\/p>\n\n\n\n<ul class=\"wp-block-list\">\n<li><strong>Alinhamento da proposta de valor:<\/strong> \u00c9 crucial garantir que a proposta de valor oferecida tanto aos parceiros B2B como aos consumidores finais esteja alinhada com as suas respetivas necessidades e expectativas. Este alinhamento aumenta a atratividade da oferta e promove a confian\u00e7a e a lealdade entre todos os stakeholders.<\/li>\n\n\n\n<li><strong>Integra\u00e7\u00e3o perfeita:<\/strong> A integra\u00e7\u00e3o eficaz entre os componentes B2B e B2C do modelo de neg\u00f3cios \u00e9 essencial. Isso inclui canais de comunica\u00e7\u00e3o cont\u00ednuos, processos de troca de dados tranquilos e marcas e mensagens coesas em todos os pontos de contato.<\/li>\n\n\n\n<li><strong>Foco na experi\u00eancia do cliente:<\/strong> \u00c9 fundamental priorizar uma experi\u00eancia excepcional do cliente. Desde o envolvimento inicial com parceiros B2B at\u00e9 a intera\u00e7\u00e3o final com os consumidores finais, cada ponto de contato deve ser otimizado para oferecer conveni\u00eancia, confiabilidade e satisfa\u00e7\u00e3o.<\/li>\n\n\n\n<li><strong>Escalabilidade e flexibilidade:<\/strong> The B2B2C model should be designed with scalability and flexibility in mind to accommodate <a href=\"https:\/\/www.sisinternational.com\/pt\/global-beverage-market\/\" title=\"Global Beverage Market: Market Dynamics, Growth Projections &amp; Consumer Insights\"  data-wpil-monitor-id=\"10370\">growth and adapt to evolving market dynamics<\/a>. This includes scalable infrastructure, agile processes, and adaptable product\/service offerings.<\/li>\n\n\n\n<li><strong>Tomada de decis\u00e3o baseada em dados:<\/strong> Aproveitar a an\u00e1lise de dados e insights para impulsionar os processos de tomada de decis\u00e3o \u00e9 essencial para otimizar o desempenho e identificar oportunidades de melhoria. Isso envolve coletar, analisar e agir de acordo com dados relevantes de canais B2B e B2C.<\/li>\n<\/ul>\n\n\n\n<h2 class=\"wp-block-heading\">Drivers e tend\u00eancias de mercado<\/h2>\n\n\n\n<figure class=\"gb-block-image gb-block-image-48487a41\"><img loading=\"lazy\" decoding=\"async\" width=\"1456\" height=\"816\" class=\"gb-image gb-image-48487a41\" src=\"https:\/\/www.sisinternational.com\/wp-content\/uploads\/2025\/08\/B2Bjpg-2.jpg\" alt=\"SIS International Market Research &amp; Strategy\" title=\"B2Bjpg (2)\" srcset=\"https:\/\/www.sisinternational.com\/wp-content\/uploads\/2025\/08\/B2Bjpg-2.jpg 1456w, https:\/\/www.sisinternational.com\/wp-content\/uploads\/2025\/08\/B2Bjpg-2-300x168.jpg 300w, https:\/\/www.sisinternational.com\/wp-content\/uploads\/2025\/08\/B2Bjpg-2-1024x574.jpg 1024w, https:\/\/www.sisinternational.com\/wp-content\/uploads\/2025\/08\/B2Bjpg-2-768x430.jpg 768w, https:\/\/www.sisinternational.com\/wp-content\/uploads\/2025\/08\/B2Bjpg-2-18x10.jpg 18w\" sizes=\"auto, (max-width: 1456px) 100vw, 1456px\"><\/figure>\n\n\n\n<p><\/p>\n\n\n\n<p>Na pesquisa de mercado B2B2C, compreender os impulsionadores e tend\u00eancias predominantes \u00e9 crucial para se manter competitivo e relevante. Alguns dos principais impulsionadores e tend\u00eancias neste espa\u00e7o incluem:<\/p>\n\n\n\n<ul class=\"wp-block-list\">\n<li><strong>Transforma\u00e7\u00e3o Digital:<\/strong> A crescente digitaliza\u00e7\u00e3o dos processos de neg\u00f3cios e das intera\u00e7\u00f5es com os consumidores impulsiona a ado\u00e7\u00e3o de modelos B2B2C. As empresas aproveitam plataformas e tecnologias digitais para agilizar as transa\u00e7\u00f5es, aprimorar as experi\u00eancias dos clientes e melhorar a efici\u00eancia.<\/li>\n\n\n\n<li><strong>Personaliza\u00e7\u00e3o:<\/strong> \u00c0 medida que os consumidores procuram produtos e servi\u00e7os mais personalizados, as empresas B2B2C concentram-se na personaliza\u00e7\u00e3o e em experi\u00eancias personalizadas. Esta tend\u00eancia \u00e9 alimentada por avan\u00e7os na an\u00e1lise de dados, IA e aprendizagem autom\u00e1tica, que permitem \u00e0s empresas fornecer ofertas direcionadas com base em prefer\u00eancias e comportamentos individuais.<\/li>\n\n\n\n<li><strong>Crescimento do com\u00e9rcio eletr\u00f4nico:<\/strong> A prolifera\u00e7\u00e3o de plataformas de com\u00e9rcio eletr\u00f3nico e mercados online est\u00e1 a remodelar a din\u00e2mica B2B2C. As empresas est\u00e3o a capitalizar a conveni\u00eancia e a acessibilidade dos canais online para chegar diretamente aos parceiros B2B e aos consumidores finais, ignorando os canais de distribui\u00e7\u00e3o tradicionais.<\/li>\n<\/ul>\n\n\n\n<h2 class=\"wp-block-heading\">Segmentos l\u00edderes<\/h2>\n\n\n\n<p>No mercado B2B2C, segmentos espec\u00edficos emergem como l\u00edderes devido \u00e0s suas caracter\u00edsticas \u00fanicas e potencial de crescimento. Alguns segmentos l\u00edderes incluem:<\/p>\n\n\n\n<ul class=\"wp-block-list\">\n<li><strong>Tecnologia:<\/strong> As ind\u00fastrias impulsionadas pela tecnologia, como software como servi\u00e7o (SaaS), plataformas digitais e telecomunica\u00e7\u00f5es, est\u00e3o na vanguarda da inova\u00e7\u00e3o B2B2C. Esses segmentos aproveitam solu\u00e7\u00f5es digitais para facilitar intera\u00e7\u00f5es perfeitas entre empresas e consumidores finais.<\/li>\n\n\n\n<li><strong>Assist\u00eancia m\u00e9dica:<\/strong> O sector da sa\u00fade est\u00e1 a testemunhar uma maior adop\u00e7\u00e3o de modelos B2B2C, particularmente em telemedicina, monitoriza\u00e7\u00e3o remota de pacientes e distribui\u00e7\u00e3o farmac\u00eautica. Este segmento prioriza o atendimento centrado no paciente e aproveita a tecnologia para melhorar o acesso e a conveni\u00eancia.<\/li>\n\n\n\n<li><strong>Bens de consumo:<\/strong> As empresas de bens de consumo est\u00e3o a explorar estrat\u00e9gias B2B2C para estabelecer rela\u00e7\u00f5es mais pr\u00f3ximas com retalhistas e consumidores finais. De alimentos e bebidas a moda e beleza, esses segmentos aproveitam plataformas de com\u00e9rcio eletr\u00f4nico e canais diretos ao consumidor para impulsionar vendas e engajamento.<\/li>\n<\/ul>\n\n\n\n<h2 class=\"wp-block-heading\">Resultados esperados dos servi\u00e7os de pesquisa de mercado B2B2C da SIS<\/h2>\n\n\n\n<p>A SIS International oferece servi\u00e7os abrangentes de pesquisa de mercado B2B2C, adaptados \u00e0s necessidades e objetivos exclusivos das empresas. Alguns resultados esperados de nossos servi\u00e7os incluem:<\/p>\n\n\n\n<ul class=\"wp-block-list\">\n<li><strong>Insightful <\/strong><a href=\"https:\/\/www.sisinternational.com\/pt\/tv-and-print-advertising-give-way-to-viral-videos-and-emerging-social-media\/\" title=\"Pesquisa de mercado de v\u00eddeo viral\"  data-wpil-monitor-id=\"1821\">Market Analysis: Our research<\/a> provides in-depth insights into market dynamics, trends, and competitive landscape, enabling businesses to make informed strategic decisions and capitalize on emerging opportunities.<\/li>\n\n\n\n<li><strong>Segmenta\u00e7\u00e3o de clientes:<\/strong> Atrav\u00e9s de an\u00e1lises de segmenta\u00e7\u00e3o sofisticadas, ajudamos as empresas a identificar e compreender os seus parceiros B2B e consumidores finais. Essa segmenta\u00e7\u00e3o permite marketing personalizado e ofertas de produtos\/servi\u00e7os adaptados a necessidades e prefer\u00eancias espec\u00edficas.<\/li>\n\n\n\n<li><strong>Inteligencia competitiva:<\/strong> <a href=\"https:\/\/www.sisinternational.com\/pt\/solutions\/branding-and-customer-research-solutions\/product-testing-market-research\/sis-internationals-food-taste-testing\/\" title=\"O que torna a SIS International Research a TOP empresa de pesquisa de mercado para testes de sabor de alimentos na cidade de Nova York\"  data-wpil-monitor-id=\"10371\">SIS International conducts thorough competitive intelligence research<\/a> to assess competitor strategies, strengths, and weaknesses. This knowledge empowers businesses to differentiate themselves in the market and gain a competitive edge.<\/li>\n\n\n\n<li><strong>Recomenda\u00e7\u00f5es Estrat\u00e9gicas:<\/strong> Based on our research findings, we deliver <a href=\"https:\/\/www.sisinternational.com\/pt\/b2b\/\" title=\"Cost-Effective and Actionable Insights to Drive Your Next Strategic Move\"  data-wpil-monitor-id=\"10377\">actionable recommendations and strategic insights<\/a> to help businesses optimize their B2B2C strategies, enhance customer experiences, and drive growth and profitability.<\/li>\n<\/ul>\n\n\n\n<h2 class=\"wp-block-heading\">Oportunidades em B2B2C para empresas<\/h2>\n\n\n\n<p>O mercado B2B2C apresenta in\u00fameras oportunidades para as empresas inovarem, expandirem o seu alcance e impulsionarem o crescimento. Algumas oportunidades importantes incluem:<\/p>\n\n\n\n<ul class=\"wp-block-list\">\n<li><strong>Integra\u00e7\u00e3o vertical:<\/strong> As empresas podem capitalizar a integra\u00e7\u00e3o vertical expandindo a sua cadeia de valor para abranger os segmentos B2B e B2C. As empresas podem otimizar a efici\u00eancia, reduzir custos e melhorar as experi\u00eancias dos clientes controlando toda a cadeia de abastecimento e canais de distribui\u00e7\u00e3o.<\/li>\n\n\n\n<li><strong>Colabora\u00e7\u00f5es de parceria:<\/strong> A colabora\u00e7\u00e3o com parceiros estrat\u00e9gicos, como fornecedores, distribuidores e neg\u00f3cios complementares, permite \u00e0s empresas aceder a novos mercados, partilhar recursos e desbloquear sinergias. Ao formar alian\u00e7as estrat\u00e9gicas, as empresas podem melhorar a sua proposta de valor e alcan\u00e7ar um p\u00fablico mais amplo de parceiros B2B e consumidores finais.<\/li>\n\n\n\n<li><strong>Foco no cliente:<\/strong> Priorizar a centraliza\u00e7\u00e3o no cliente permite que as empresas ofere\u00e7am experi\u00eancias personalizadas e atendam \u00e0s crescentes necessidades e prefer\u00eancias de parceiros B2B e consumidores finais.<\/li>\n<\/ul>\n\n\n\n<h2 class=\"wp-block-heading\">Como as solu\u00e7\u00f5es da SIS International ajudam as empresas<\/h2>\n\n\n\n<ul class=\"wp-block-list\">\n<li><strong>Pesquisa de mercado personalizada:<\/strong> SIS International offers tailored <a href=\"https:\/\/www.sisinternational.com\/pt\/smart-mobility-market-research\/\" title=\"Pesquisa de mercado de mobilidade inteligente\"  data-wpil-monitor-id=\"6862\">market research solutions<\/a> designed to meet the specific needs of businesses operating in the B2B2C space. Through comprehensive data collection and analysis, our team helps clients gain deep insights into market dynamics, customer behavior, and competitive landscapes.<\/li>\n\n\n\n<li><strong>Insights e recomenda\u00e7\u00f5es estrat\u00e9gicas:<\/strong> Com uma equipe de analistas e consultores experientes, o SIS oferece insights estrat\u00e9gicos e recomenda\u00e7\u00f5es pr\u00e1ticas para orientar as empresas na tomada de decis\u00f5es informadas. Ao aproveitar a intelig\u00eancia de mercado e a experi\u00eancia no setor, ajudamos os clientes a identificar oportunidades de crescimento, mitigar riscos e otimizar seu posicionamento no mercado.<\/li>\n\n\n\n<li><strong>Alcance global e experi\u00eancia local:<\/strong> Operating in key markets worldwide, SIS International provides clients access to a <a href=\"https:\/\/www.sisinternational.com\/pt\/low-cost-carriers-in-the-aviation-industry\/\" title=\"Pesquisa de mercado de companhias a\u00e9reas de baixo custo\"  data-wpil-monitor-id=\"10364\">global network of research<\/a> professionals and local experts. This enables businesses to gain insights into diverse markets, cultural nuances, and regulatory environments, facilitating successful <a href=\"https:\/\/www.sisinternational.com\/pt\/b2b-market-entry-strategies\/\" title=\"Estrat\u00e9gias de entrada no mercado B2B\"  data-wpil-monitor-id=\"10375\">market entry and expansion strategies<\/a>.<\/li>\n\n\n\n<li><strong>Suporte e colabora\u00e7\u00e3o cont\u00ednuos:<\/strong> A SIS International oferece apoio e colabora\u00e7\u00e3o cont\u00ednuos durante todo o processo de pesquisa, desde o in\u00edcio do projeto at\u00e9 a implementa\u00e7\u00e3o. Ao promover a comunica\u00e7\u00e3o aberta e a colabora\u00e7\u00e3o com os clientes, o SIS garante que os objetivos da investiga\u00e7\u00e3o sejam cumpridos de forma eficaz e que as iniciativas estrat\u00e9gicas sejam executadas com sucesso.<\/li>\n<\/ul>\n\n\n\n<p><\/p>","protected":false},"excerpt":{"rendered":"<p>A pesquisa de mercado B2B2C estuda as intera\u00e7\u00f5es entre empresas que fornecem bens ou servi\u00e7os a consumidores finais por meio de canais intermedi\u00e1rios.<\/p>","protected":false},"author":1,"featured_media":62384,"parent":11292,"menu_order":38,"comment_status":"closed","ping_status":"closed","template":"","meta":{"footnotes":""},"class_list":["post-47551","page","type-page","status-publish","has-post-thumbnail"],"_links":{"self":[{"href":"https:\/\/www.sisinternational.com\/pt\/wp-json\/wp\/v2\/pages\/47551","targetHints":{"allow":["GET"]}}],"collection":[{"href":"https:\/\/www.sisinternational.com\/pt\/wp-json\/wp\/v2\/pages"}],"about":[{"href":"https:\/\/www.sisinternational.com\/pt\/wp-json\/wp\/v2\/types\/page"}],"author":[{"embeddable":true,"href":"https:\/\/www.sisinternational.com\/pt\/wp-json\/wp\/v2\/users\/1"}],"replies":[{"embeddable":true,"href":"https:\/\/www.sisinternational.com\/pt\/wp-json\/wp\/v2\/comments?post=47551"}],"version-history":[{"count":10,"href":"https:\/\/www.sisinternational.com\/pt\/wp-json\/wp\/v2\/pages\/47551\/revisions"}],"predecessor-version":[{"id":81710,"href":"https:\/\/www.sisinternational.com\/pt\/wp-json\/wp\/v2\/pages\/47551\/revisions\/81710"}],"up":[{"embeddable":true,"href":"https:\/\/www.sisinternational.com\/pt\/wp-json\/wp\/v2\/pages\/11292"}],"wp:featuredmedia":[{"embeddable":true,"href":"https:\/\/www.sisinternational.com\/pt\/wp-json\/wp\/v2\/media\/62384"}],"wp:attachment":[{"href":"https:\/\/www.sisinternational.com\/pt\/wp-json\/wp\/v2\/media?parent=47551"}],"curies":[{"name":"wp","href":"https:\/\/api.w.org\/{rel}","templated":true}]}}