{"id":47532,"date":"2024-04-15T15:21:21","date_gmt":"2024-04-15T19:21:21","guid":{"rendered":"https:\/\/www.sisinternational.com\/?page_id=47532"},"modified":"2026-01-26T18:57:31","modified_gmt":"2026-01-26T23:57:31","slug":"pesquisa-de-mercado-de-vacuo","status":"publish","type":"page","link":"https:\/\/www.sisinternational.com\/pt\/pericia\/pesquisa-de-mercado-de-vacuo\/","title":{"rendered":"Pesquisa de mercado de v\u00e1cuo"},"content":{"rendered":"<h1 class=\"wp-block-heading\">Pesquisa de mercado de v\u00e1cuo<\/h1>\n\n\n\n<figure class=\"gb-block-image gb-block-image-01a9fb9f\"><img loading=\"lazy\" decoding=\"async\" width=\"1456\" height=\"816\" class=\"gb-image gb-image-01a9fb9f\" src=\"https:\/\/www.sisinternational.com\/wp-content\/uploads\/2025\/08\/Vacuum-3.jpg\" alt=\"Pesquisa e Estrat\u00e9gia de Mercado Internacional da SIS\" title=\"Vacuum (3)\" srcset=\"https:\/\/www.sisinternational.com\/wp-content\/uploads\/2025\/08\/Vacuum-3.jpg 1456w, https:\/\/www.sisinternational.com\/wp-content\/uploads\/2025\/08\/Vacuum-3-300x168.jpg 300w, https:\/\/www.sisinternational.com\/wp-content\/uploads\/2025\/08\/Vacuum-3-1024x574.jpg 1024w, https:\/\/www.sisinternational.com\/wp-content\/uploads\/2025\/08\/Vacuum-3-768x430.jpg 768w, https:\/\/www.sisinternational.com\/wp-content\/uploads\/2025\/08\/Vacuum-3-18x10.jpg 18w\" sizes=\"auto, (max-width: 1456px) 100vw, 1456px\"><\/figure>\n\n\n\n<hr class=\"wp-block-separator has-alpha-channel-opacity is-style-dots\"\/>\n\n\n\n<p>\u00c0 medida que cresce a procura por solu\u00e7\u00f5es de limpeza eficientes e sustent\u00e1veis, aproveitar a investiga\u00e7\u00e3o de mercado do v\u00e1cuo torna-se essencial para as partes interessadas que pretendem satisfazer as exig\u00eancias do mercado, obter vantagem competitiva e contribuir para um futuro mais limpo e saud\u00e1vel.<\/p>\n\n\n\n<p>Compreender o que impulsiona a evolu\u00e7\u00e3o das tecnologias de v\u00e1cuo em resposta \u00e0s mudan\u00e7as nas prefer\u00eancias dos consumidores e \u00e0s exig\u00eancias da ind\u00fastria \u00e9 crucial \u2013 e ao aproveitar os conhecimentos do mercado, as partes interessadas podem manter-se \u00e0 frente da curva e utilizar a investiga\u00e7\u00e3o do mercado de v\u00e1cuo como um roteiro pr\u00e1tico para a inova\u00e7\u00e3o e adapta\u00e7\u00e3o num mundo em r\u00e1pida mudan\u00e7a. paisagem.<\/p>\n\n\n\n<h2 class=\"wp-block-heading\">What Is Vacuum market research?<\/h2>\n\n\n\n<p>A pesquisa de mercado de v\u00e1cuo examina tend\u00eancias de mercado, prefer\u00eancias do consumidor, inova\u00e7\u00f5es tecnol\u00f3gicas, estruturas regulat\u00f3rias e din\u00e2mica competitiva dentro da ind\u00fastria. Ao realizar pesquisas abrangentes, as empresas obt\u00eam insights valiosos sobre o cen\u00e1rio em evolu\u00e7\u00e3o do mercado de v\u00e1cuo, permitindo-lhes tomar decis\u00f5es informadas em rela\u00e7\u00e3o ao desenvolvimento de produtos, estrat\u00e9gias de marketing e iniciativas de expans\u00e3o de mercado.<\/p>\n\n\n\n<h2 class=\"wp-block-heading\">Por que isso \u00e9 importante?<\/h2>\n\n\n\n<p>Vacuum <a href=\"https:\/\/www.sisinternational.com\/pt\/pericia\/industrias\/pesquisa-de-mercado-de-aprendizagem-profunda\/\" title=\"Pesquisa de mercado de aprendizagem profunda\"  data-wpil-monitor-id=\"6115\">market research gives businesses a deep<\/a> understanding of market dynamics, including consumer behavior, purchasing patterns, and preferences. <\/p>\n\n\n\n<p><a href=\"https:\/\/www.sisinternational.com\/pt\/publicidade-na-tv-e-impressa-da-lugar-a-videos-virais-e-midias-sociais-emergentes\/\" title=\"Pesquisa de mercado de v\u00eddeo viral\"  data-wpil-monitor-id=\"1826\">Research also helps businesses identify market<\/a> gaps and innovation opportunities. Whether developing more efficient cleaning technologies, enhancing user experience, or creating eco-friendly vacuum solutions, market research guides product development efforts, ensuring that new offerings align with customer needs and preferences.<\/p>\n\n\n\n<p>Through competitive analysis, businesses can identify key players, assess their strengths and weaknesses, and uncover opportunities for differentiation and market positioning. Vacuum market research offers numerous benefits to businesses aiming to thrive in the competitive landscape:<\/p>\n\n\n\n<ul class=\"wp-block-list\">\n<li><strong>Tomada de decis\u00e3o informada:<\/strong> A pesquisa de mercado a v\u00e1cuo permite que as empresas tomem decis\u00f5es informadas sobre o desenvolvimento de produtos, estrat\u00e9gias de marketing e aloca\u00e7\u00e3o de recursos, fornecendo insights pr\u00e1ticos sobre as prefer\u00eancias do consumidor, tend\u00eancias de mercado e din\u00e2mica competitiva.<\/li>\n\n\n\n<li><strong>Redu\u00e7\u00e3o de custos:<\/strong> A realiza\u00e7\u00e3o de pesquisas ajuda as empresas a evitar erros dispendiosos, identificando riscos e oportunidades potenciais desde o in\u00edcio. Ao compreender a procura do mercado e as necessidades dos consumidores, as empresas podem alocar recursos de forma mais eficiente, reduzindo o desperd\u00edcio e maximizando o ROI.<\/li>\n\n\n\n<li><strong>Vantagem competitiva:<\/strong> Com uma intelig\u00eancia de mercado abrangente, as empresas podem obter uma vantagem competitiva sobre os rivais, oferecendo produtos inovadores, visando segmentos de nicho de mercado e proporcionando experi\u00eancias superiores aos clientes.<\/li>\n\n\n\n<li><strong>Efic\u00e1cia de marketing aprimorada:<\/strong> A pesquisa de mercado permite que as empresas adaptem seus esfor\u00e7os de marketing de forma eficaz para repercutir no p\u00fablico-alvo. As empresas podem desenvolver campanhas de marketing direcionadas que geram maiores taxas de engajamento e convers\u00e3o, compreendendo as prefer\u00eancias do consumidor, os pontos fracos e os motivadores de compra.<\/li>\n\n\n\n<li><strong>Adaptabilidade e Agilidade:<\/strong> In today&#8217;s rapidly evolving business landscape, adaptability is key to success. Vacuum <a href=\"https:\/\/www.sisinternational.com\/pt\/solucoes\/inovacao\/pesquisa-de-mercado-agil\/\" title=\"Pesquisa de mercado \u00e1gil\"  data-wpil-monitor-id=\"6114\">market research empowers businesses to stay agile<\/a> by anticipating market shifts, adapting their strategies accordingly, and seizing emerging opportunities.<\/li>\n\n\n\n<li><strong>Satisfa\u00e7\u00e3o do cliente:<\/strong> As empresas podem aumentar a satisfa\u00e7\u00e3o e a fidelidade do cliente alinhando suas ofertas com as necessidades e prefer\u00eancias do cliente. A pesquisa de mercado ajuda as empresas a identificar \u00e1reas de melhoria, refinar suas ofertas de produtos e entregar valor superior aos clientes.<\/li>\n<\/ul>\n\n\n\n<h2 class=\"wp-block-heading\">Who Uses Vacuum market research?<\/h2>\n\n\n\n<p>Vacuum market research is essential for manufacturers looking to understand market demand, identify emerging trends, and innovate their product offerings. <\/p>\n\n\n\n<p>Os varejistas usam pesquisas de mercado a v\u00e1cuo para otimizar a variedade de produtos, estrat\u00e9gias de pre\u00e7os e atividades promocionais. Com uma compreens\u00e3o profunda da din\u00e2mica do mercado e do comportamento do consumidor, os retalhistas podem direccionar eficazmente os seus esfor\u00e7os de marketing, optimizar a gest\u00e3o de invent\u00e1rio e aumentar a satisfa\u00e7\u00e3o do cliente.<\/p>\n\n\n\n<p>Os investidores utilizam pesquisas de mercado de v\u00e1cuo para avaliar a atratividade das oportunidades de investimento na ind\u00fastria de v\u00e1cuo. Os investidores podem tomar decis\u00f5es informadas sobre onde alocar capital e maximizar os retornos, analisando tend\u00eancias de mercado, cen\u00e1rios competitivos e perspectivas de crescimento.<\/p>\n\n\n\n<h2 class=\"wp-block-heading\">Drivers de mercado<\/h2>\n\n\n\n<figure class=\"gb-block-image gb-block-image-f1edef31\"><img loading=\"lazy\" decoding=\"async\" width=\"1456\" height=\"816\" class=\"gb-image gb-image-f1edef31\" src=\"https:\/\/www.sisinternational.com\/wp-content\/uploads\/2025\/08\/Vacuum-2.jpg\" alt=\"Pesquisa e Estrat\u00e9gia de Mercado Internacional da SIS\" title=\"Vacuum (2)\" srcset=\"https:\/\/www.sisinternational.com\/wp-content\/uploads\/2025\/08\/Vacuum-2.jpg 1456w, https:\/\/www.sisinternational.com\/wp-content\/uploads\/2025\/08\/Vacuum-2-300x168.jpg 300w, https:\/\/www.sisinternational.com\/wp-content\/uploads\/2025\/08\/Vacuum-2-1024x574.jpg 1024w, https:\/\/www.sisinternational.com\/wp-content\/uploads\/2025\/08\/Vacuum-2-768x430.jpg 768w, https:\/\/www.sisinternational.com\/wp-content\/uploads\/2025\/08\/Vacuum-2-18x10.jpg 18w\" sizes=\"auto, (max-width: 1456px) 100vw, 1456px\"><\/figure>\n\n\n\n<p><\/p>\n\n\n\n<p>V\u00e1rios fatores e tend\u00eancias importantes influenciam a ind\u00fastria do v\u00e1cuo, moldando a din\u00e2mica do mercado e impulsionando a inova\u00e7\u00e3o. Compreender esses fatores \u00e9 crucial para que as empresas identifiquem oportunidades e enfrentem os desafios de forma eficaz.<\/p>\n\n\n\n<ul class=\"wp-block-list\">\n<li><strong>Avan\u00e7os tecnol\u00f3gicos:<\/strong> Avan\u00e7os cont\u00ednuos na tecnologia de v\u00e1cuo, incluindo melhor poder de suc\u00e7\u00e3o, sistemas de filtragem e recursos inteligentes, est\u00e3o impulsionando o crescimento do mercado.<\/li>\n\n\n\n<li><strong>Conscientiza\u00e7\u00e3o crescente sobre a qualidade do ar interno:<\/strong> The increasing awareness of indoor air quality and its impact on health has driven demand for high-performance vacuum cleaners with advanced filtration systems.<\/li>\n\n\n\n<li><strong>Mudan\u00e7a em dire\u00e7\u00e3o a solu\u00e7\u00f5es sustent\u00e1veis:<\/strong> H\u00e1 uma tend\u00eancia crescente para aspiradores ecol\u00f3gicos e energeticamente eficientes, \u00e0 medida que os consumidores priorizam a sustentabilidade e a responsabilidade ambiental.<\/li>\n\n\n\n<li><strong>Ascens\u00e3o da integra\u00e7\u00e3o de casa inteligente:<\/strong> A integra\u00e7\u00e3o de aspiradores de p\u00f3 com ecossistemas dom\u00e9sticos inteligentes e assistentes controlados por voz est\u00e1 ganhando for\u00e7a. Aspiradores inteligentes com conectividade Wi-Fi e comandos de voz oferecem maior comodidade e automa\u00e7\u00e3o, atraindo consumidores experientes em tecnologia que buscam solu\u00e7\u00f5es dom\u00e9sticas interconectadas.<\/li>\n\n\n\n<li><strong>Expans\u00e3o do mercado em economias emergentes:<\/strong> A ind\u00fastria do v\u00e1cuo est\u00e1 a testemunhar um crescimento significativo nas economias emergentes, impulsionado pelo aumento dos rendimentos dispon\u00edveis, pela urbaniza\u00e7\u00e3o e pelas mudan\u00e7as no estilo de vida.<\/li>\n<\/ul>\n\n\n\n<h2 class=\"wp-block-heading\">The Benefits of Working with SIS<\/h2>\n\n\n\n<p>A SIS International oferece servi\u00e7os de consultoria abrangentes, adaptados \u00e0s necessidades e desafios espec\u00edficos das empresas que operam no mercado de v\u00e1cuo. Ao aproveitar a sua experi\u00eancia no setor, capacidades de pesquisa de mercado e insights estrat\u00e9gicos, a SIS pretende fornecer resultados tang\u00edveis e impulsionar o crescimento dos neg\u00f3cios para os seus clientes. Aqui est\u00e3o alguns resultados esperados dos servi\u00e7os de consultoria da SIS International no mercado de v\u00e1cuo:<\/p>\n\n\n\n<ul class=\"wp-block-list\">\n<li><strong>Insights e an\u00e1lises de mercado:<\/strong> We conduct in-depth market research and analysis to provide clients with valuable insights into market trends, consumer behavior, the competitive landscape, and emerging opportunities within the vacuum industry. <\/li>\n\n\n\n<li><strong>Planejamento Estrat\u00e9gico e Posicionamento:<\/strong> Nossa equipe auxilia os clientes no desenvolvimento de planos estrat\u00e9gicos e estrat\u00e9gias de posicionamento para aumentar sua vantagem competitiva e fortalecer sua presen\u00e7a no mercado. Seja entrando em novos segmentos de mercado, expandindo para novas regi\u00f5es geogr\u00e1ficas ou diversificando a oferta de produtos.<\/li>\n\n\n\n<li><strong>Desenvolvimento e inova\u00e7\u00e3o de produtos:<\/strong> A SIS International colabora com os clientes para impulsionar iniciativas de desenvolvimento e inova\u00e7\u00e3o de produtos que atendam \u00e0s crescentes necessidades e prefer\u00eancias dos consumidores. Ajudamos os clientes a identificar oportunidades de melhorias de produtos, lan\u00e7amentos de novos produtos e estrat\u00e9gias de diferencia\u00e7\u00e3o para se manterem \u00e0 frente da concorr\u00eancia.<\/li>\n\n\n\n<li><strong>Intelig\u00eancia Competitiva e Benchmarking:<\/strong> SIS conducts competitive intelligence and benchmarking analyses to help clients benchmark their performance against industry peers, identify competitive threats, and capitalize on competitive advantages. <\/li>\n\n\n\n<li><strong>Segmenta\u00e7\u00e3o e direcionamento de mercado:<\/strong> A SIS International auxilia os clientes na identifica\u00e7\u00e3o e segmenta\u00e7\u00e3o dos principais segmentos de mercado com estrat\u00e9gias e mensagens de marketing personalizadas. Nossos especialistas ajudam os clientes a refinar seu p\u00fablico-alvo, otimizar campanhas de marketing e alocar recursos de maneira mais eficaz para impulsionar a aquisi\u00e7\u00e3o e reten\u00e7\u00e3o de clientes.<\/li>\n\n\n\n<li><strong>Amea\u00e7a de novos participantes:<\/strong> O mercado de v\u00e1cuo apresenta uma amea\u00e7a moderada de novos participantes. Embora as barreiras \u00e0 entrada, como o reconhecimento da marca, os canais de distribui\u00e7\u00e3o e as economias de escala, possam dissuadir novos intervenientes, os avan\u00e7os na tecnologia e nos processos de fabrico podem reduzir essas barreiras. Al\u00e9m disso, nichos de mercado ou segmentos dentro da ind\u00fastria do v\u00e1cuo podem atrair novos participantes que procurem capitalizar as necessidades especializadas dos consumidores.<\/li>\n\n\n\n<li><strong>Poder de barganha dos fornecedores:<\/strong> Os fornecedores no mercado de v\u00e1cuo possuem poder de negocia\u00e7\u00e3o moderado a alto. Alguns fabricantes podem fornecer componentes e materiais importantes usados na fabrica\u00e7\u00e3o de v\u00e1cuo, como motores, filtros e pl\u00e1sticos. Como resultado, os fornecedores podem exercer influ\u00eancia sobre pre\u00e7os, qualidade e prazos de entrega.<\/li>\n\n\n\n<li><strong>Poder de barganha dos compradores:<\/strong> <a href=\"https:\/\/www.sisinternational.com\/pt\/pericia\/industrias\/pesquisa-de-mercado-de-intencao-do-comprador\/\" title=\"Pesquisa de mercado de inten\u00e7\u00e3o do comprador\"  data-wpil-monitor-id=\"7174\">Buyers in the vacuum market<\/a> have moderate bargaining power. While individual consumers may have limited bargaining power due to the availability of substitutes and price competition among brands, bulk buyers such as retailers and distributors may negotiate favorable terms and discounts based on order volumes.<\/li>\n\n\n\n<li><strong>Amea\u00e7a de substitutos:<\/strong> A amea\u00e7a de substitutos no mercado de v\u00e1cuo \u00e9 moderada. Solu\u00e7\u00f5es alternativas de limpeza, como vassouras, esfreg\u00f5es e aspiradores rob\u00f3ticos, amea\u00e7am os aspiradores tradicionais. No entanto, a conveni\u00eancia, a efici\u00eancia e o desempenho oferecidos pelos aspiradores de p\u00f3, especialmente em aplica\u00e7\u00f5es especializadas, como limpeza de carpetes ou remo\u00e7\u00e3o de pelos de animais de estima\u00e7\u00e3o, atenuam a amea\u00e7a de substitutos.<\/li>\n\n\n\n<li><strong>Intensidade da rivalidade competitiva:<\/strong> A rivalidade competitiva no mercado de v\u00e1cuo \u00e9 alta. Numerosas marcas estabelecidas e emergentes competem por participa\u00e7\u00e3o de mercado atrav\u00e9s da diferencia\u00e7\u00e3o de produtos, estrat\u00e9gias de pre\u00e7os e campanhas de marketing. A concorr\u00eancia intensa impulsiona a inova\u00e7\u00e3o e o desenvolvimento de produtos, mas tamb\u00e9m pressiona as margens de lucro.<\/li>\n<\/ul>\n\n\n\n<p><\/p>","protected":false},"excerpt":{"rendered":"<p>A pesquisa de mercado de v\u00e1cuo analisa as tend\u00eancias e a concorr\u00eancia do setor, incluindo prefer\u00eancias do consumidor, tecnologia e regulamenta\u00e7\u00f5es.<\/p>","protected":false},"author":1,"featured_media":63614,"parent":14514,"menu_order":446,"comment_status":"closed","ping_status":"closed","template":"","meta":{"footnotes":""},"class_list":["post-47532","page","type-page","status-publish","has-post-thumbnail"],"_links":{"self":[{"href":"https:\/\/www.sisinternational.com\/pt\/wp-json\/wp\/v2\/pages\/47532","targetHints":{"allow":["GET"]}}],"collection":[{"href":"https:\/\/www.sisinternational.com\/pt\/wp-json\/wp\/v2\/pages"}],"about":[{"href":"https:\/\/www.sisinternational.com\/pt\/wp-json\/wp\/v2\/types\/page"}],"author":[{"embeddable":true,"href":"https:\/\/www.sisinternational.com\/pt\/wp-json\/wp\/v2\/users\/1"}],"replies":[{"embeddable":true,"href":"https:\/\/www.sisinternational.com\/pt\/wp-json\/wp\/v2\/comments?post=47532"}],"version-history":[{"count":10,"href":"https:\/\/www.sisinternational.com\/pt\/wp-json\/wp\/v2\/pages\/47532\/revisions"}],"predecessor-version":[{"id":80737,"href":"https:\/\/www.sisinternational.com\/pt\/wp-json\/wp\/v2\/pages\/47532\/revisions\/80737"}],"up":[{"embeddable":true,"href":"https:\/\/www.sisinternational.com\/pt\/wp-json\/wp\/v2\/pages\/14514"}],"wp:featuredmedia":[{"embeddable":true,"href":"https:\/\/www.sisinternational.com\/pt\/wp-json\/wp\/v2\/media\/63614"}],"wp:attachment":[{"href":"https:\/\/www.sisinternational.com\/pt\/wp-json\/wp\/v2\/media?parent=47532"}],"curies":[{"name":"wp","href":"https:\/\/api.w.org\/{rel}","templated":true}]}}