{"id":47523,"date":"2024-04-15T15:08:36","date_gmt":"2024-04-15T19:08:36","guid":{"rendered":"https:\/\/www.sisinternational.com\/?page_id=47523"},"modified":"2026-01-26T17:06:15","modified_gmt":"2026-01-26T22:06:15","slug":"consultoria-de-pagamentos-na-asia","status":"publish","type":"page","link":"https:\/\/www.sisinternational.com\/pt\/cobertura\/pesquisa-de-mercado-asia\/consultoria-de-pagamentos-na-asia\/","title":{"rendered":"Consultoria de pagamentos na \u00c1sia"},"content":{"rendered":"<h1 class=\"wp-block-heading\">Consultoria de pagamentos na \u00c1sia<\/h1>\n\n\n\n<figure class=\"gb-block-image gb-block-image-46320632\"><img loading=\"lazy\" decoding=\"async\" width=\"1456\" height=\"816\" class=\"gb-image gb-image-46320632\" src=\"https:\/\/www.sisinternational.com\/wp-content\/uploads\/2025\/08\/Multicultural-Advertising-Services-for-a-Famous-Peer-to-Peer-Payments-Technology-Company.jpg\" alt=\"Pesquisa e Estrat\u00e9gia de Mercado Internacional da SIS\" title=\"Servi\u00e7os de publicidade multicultural para uma famosa empresa de tecnologia de pagamentos peer-to-peer\" srcset=\"https:\/\/www.sisinternational.com\/wp-content\/uploads\/2025\/08\/Multicultural-Advertising-Services-for-a-Famous-Peer-to-Peer-Payments-Technology-Company.jpg 1456w, https:\/\/www.sisinternational.com\/wp-content\/uploads\/2025\/08\/Multicultural-Advertising-Services-for-a-Famous-Peer-to-Peer-Payments-Technology-Company-300x168.jpg 300w, https:\/\/www.sisinternational.com\/wp-content\/uploads\/2025\/08\/Multicultural-Advertising-Services-for-a-Famous-Peer-to-Peer-Payments-Technology-Company-1024x574.jpg 1024w, https:\/\/www.sisinternational.com\/wp-content\/uploads\/2025\/08\/Multicultural-Advertising-Services-for-a-Famous-Peer-to-Peer-Payments-Technology-Company-768x430.jpg 768w, https:\/\/www.sisinternational.com\/wp-content\/uploads\/2025\/08\/Multicultural-Advertising-Services-for-a-Famous-Peer-to-Peer-Payments-Technology-Company-18x10.jpg 18w\" sizes=\"auto, (max-width: 1456px) 100vw, 1456px\"><\/figure>\n\n\n\n<hr class=\"wp-block-separator has-alpha-channel-opacity is-style-dots\"\/>\n\n\n\n<h3 class=\"wp-block-heading\">With the right guidance, companies can navigate the diverse financial landscape, align their offerings with consumer needs, and capitalize on emerging payment technologies that are reshaping the industry.<\/h3>\n\n\n\n<p>Com profundo conhecimento em mercados locais, cen\u00e1rios regulat\u00f3rios e avan\u00e7os tecnol\u00f3gicos, nossa consultoria de pagamentos na \u00c1sia capacita as organiza\u00e7\u00f5es a otimizar estrat\u00e9gias de pagamento, aprimorar as experi\u00eancias dos clientes e desbloquear todo o potencial do cen\u00e1rio de pagamentos din\u00e2mico e em r\u00e1pida evolu\u00e7\u00e3o da \u00c1sia.<\/p>\n\n\n\n<h2 class=\"wp-block-heading\">What Is Asia Payments Consulting?<\/h2>\n\n\n\n<p>Asia Payments Consulting helps businesses understand and adapt to the evolving payments landscape in Asia. It includes insights into digital payment systems, consumer preferences, and regulatory environments across different countries in the region.<\/p>\n\n\n\n<h2 class=\"wp-block-heading\">Why Is Asia Payments Consulting Important Today?<\/h2>\n\n\n\n<p><a href=\"https:\/\/www.sisinternational.com\/pt\/cobertura\/pesquisa-de-mercado-asia\/consultoria-de-comercio-eletronico-na-asia\/\" title=\"Consultoria de com\u00e9rcio eletr\u00f4nico na \u00c1sia\"  data-wpil-monitor-id=\"3912\">Asia payments consulting<\/a> stands at the forefront of this transformative landscape, offering strategic guidance and tailored solutions to businesses navigating the complexities of payment ecosystems across the region.<\/p>\n\n\n\n<p>Desde pagamentos m\u00f3veis e tecnologia blockchain at\u00e9 intelig\u00eancia artificial e biometria, manter-se competitivo exige abra\u00e7ar e aproveitar esses avan\u00e7os. As empresas de consultoria de pagamentos da \u00c1sia fornecem insights sobre tend\u00eancias e tecnologias emergentes, ajudando as empresas a se manterem \u00e0 frente da curva e a capitalizarem novas oportunidades.<\/p>\n\n\n\n<p>Furthermore, Asia payments consulting firms offer localized expertise and market insights, enabling businesses to tailor their strategies to specific markets and effectively penetrate new territories. This consulting specializes in identifying inefficiencies, implementing best practices, and leveraging technology to improve operational performance. By optimizing payment processes, businesses can reduce costs, minimize errors, and enhance scalability.<\/p>\n\n\n\n<p>No entanto, traz muitos outros benef\u00edcios, incluindo:<\/p>\n\n\n\n<ul class=\"wp-block-list\">\n<li><strong>Orienta\u00e7\u00e3o Estrat\u00e9gica:<\/strong> A consultoria de pagamentos na \u00c1sia fornece orienta\u00e7\u00e3o estrat\u00e9gica adaptada \u00e0s necessidades e objetivos exclusivos de cada cliente.<\/li>\n\n\n\n<li><strong>Conformidade regulat\u00f3ria:<\/strong> Essa consultoria ajuda os clientes a cumprir as regulamenta\u00e7\u00f5es relevantes, garantindo que operem dentro da lei e evitem penalidades dispendiosas.<\/li>\n\n\n\n<li><strong>Integra\u00e7\u00e3o tecnol\u00f3gica:<\/strong> Consulting helps businesses stay ahead by guiding the adoption and integration of cutting-edge technologies that drive innovation and enhance customer experiences.<\/li>\n\n\n\n<li><strong>Efici\u00eancia operacional:<\/strong> A otimiza\u00e7\u00e3o dos processos de pagamento e o aumento da efici\u00eancia operacional s\u00e3o prioridades cr\u00edticas para as empresas que procuram uma vantagem competitiva. As empresas de consultoria de pagamentos da \u00c1sia identificam inefici\u00eancias, simplificam fluxos de trabalho e implementam pr\u00e1ticas recomendadas para melhorar o desempenho operacional e gerar economia de custos.<\/li>\n<\/ul>\n\n\n\n<h2 class=\"wp-block-heading\">Who Uses Our Asia Payments Consulting Services<\/h2>\n\n\n\n<p>Financial Institutions rely on this consulting to navigate regulatory requirements, optimize operational processes, and capitalize on emerging trends and technologies in the payment industry. Fintech Startups also turn to <a href=\"https:\/\/www.sisinternational.com\/pt\/solucoes\/pesquisa-de-consultoria-em-estrategia-fintech\/consultoria-go-to-market-de-fintech\/\" title=\"Consultoria FinTech Go-To-Market\"  data-wpil-monitor-id=\"5877\">Asia payments consulting<\/a> for strategic guidance on market entry strategies, product development, and technology adoption. These firms help fintech startups navigate regulatory hurdles, forge strategic partnerships, and gain a competitive edge in the rapidly evolving landscape.<\/p>\n\n\n\n<p>Al\u00e9m disso, as empresas de com\u00e9rcio eletr\u00f4nico exigem conhecimento especializado para aprimorar suas capacidades de pagamento, melhorar a experi\u00eancia do cliente e impulsionar as taxas de convers\u00e3o. As empresas de consultoria de pagamentos da \u00c1sia fornecem informa\u00e7\u00f5es sobre tend\u00eancias de pagamento, estrat\u00e9gias de preven\u00e7\u00e3o de fraudes e solu\u00e7\u00f5es de pagamento transfronteiri\u00e7as adaptadas ao setor de com\u00e9rcio eletr\u00f4nico.<\/p>\n\n\n\n<p>Al\u00e9m disso, varejistas e comerciantes aproveitam a consultoria de pagamentos da \u00c1sia para otimizar seus processos de pagamento, reduzir custos de transa\u00e7\u00e3o e aumentar a satisfa\u00e7\u00e3o do cliente. Essas empresas ajudam os varejistas a implementar solu\u00e7\u00f5es de pagamento omnicanal, programas de fidelidade e op\u00e7\u00f5es de pagamento m\u00f3vel para se manterem competitivos na era digital.<\/p>\n\n\n\n<h2 class=\"wp-block-heading\">Expected Results of Our Asia Payments Consulting Services<\/h2>\n\n\n\n<p>Os servi\u00e7os de consultoria de pagamentos da SIS International na \u00c1sia proporcionam uma s\u00e9rie de resultados esperados \u00e0s empresas da regi\u00e3o. Aqui est\u00e1 uma an\u00e1lise mais detalhada dos principais fatores:<\/p>\n\n\n\n<ul class=\"wp-block-list\">\n<li><strong>Conformidade regulat\u00f3ria aprimorada:<\/strong> A experi\u00eancia da SIS International em navegar no complexo cen\u00e1rio regulat\u00f3rio da \u00c1sia garante que os clientes permane\u00e7am em conformidade com as regulamenta\u00e7\u00f5es relevantes, minimizando o risco de multas e penalidades, ao mesmo tempo que promove a confian\u00e7a e a credibilidade junto aos reguladores.<\/li>\n\n\n\n<li><strong>Melhor penetra\u00e7\u00e3o no mercado:<\/strong> Ao fornecer insights de mercado acion\u00e1veis e orienta\u00e7\u00e3o estrat\u00e9gica, o SIS capacita os clientes a penetrar em novos mercados de forma eficaz, identificar oportunidades de crescimento e obter vantagem competitiva sobre os rivais.<\/li>\n\n\n\n<li><strong>Maior efici\u00eancia operacional:<\/strong> Por meio da otimiza\u00e7\u00e3o de processos e da integra\u00e7\u00e3o tecnol\u00f3gica, ajudamos os clientes a agilizar suas opera\u00e7\u00f5es de pagamento, reduzir custos e aumentar a efici\u00eancia geral, melhorando a lucratividade e a escalabilidade.<\/li>\n\n\n\n<li><strong>Melhores experi\u00eancias do cliente:<\/strong> O foco da SIS International em melhorar as experi\u00eancias dos clientes garante que os clientes ofere\u00e7am experi\u00eancias de pagamento perfeitas e sem atritos que impulsionam a satisfa\u00e7\u00e3o, a fidelidade e a reten\u00e7\u00e3o do cliente.<\/li>\n\n\n\n<li><strong>Solu\u00e7\u00f5es inovadoras:<\/strong> Aproveitando tecnologias de ponta e melhores pr\u00e1ticas, a SIS International desenvolve solu\u00e7\u00f5es de pagamento inovadoras que atendem \u00e0s necessidades e prefer\u00eancias em evolu\u00e7\u00e3o dos consumidores, posicionando os clientes como l\u00edderes no cen\u00e1rio de pagamentos em r\u00e1pida mudan\u00e7a.<\/li>\n<\/ul>\n\n\n\n<h2 class=\"wp-block-heading\">Oportunidades<\/h2>\n\n\n\n<figure class=\"wp-block-image\"><img decoding=\"async\" src=\"https:\/\/www.sisinternational.com\/wp-content\/uploads\/2018\/11\/Payment-Technology-Market-Research.jpg\" alt=\"Pesquisa e Estrat\u00e9gia de Mercado Internacional da SIS\" class=\"wp-image-28331\"><\/figure>\n\n\n\n<p><\/p>\n\n\n\n<p>O cen\u00e1rio de consultoria em pagamentos da \u00c1sia apresenta muitas oportunidades para empresas que buscam prosperar no mercado din\u00e2mico da regi\u00e3o. Alguns dos principais fatores que impulsionam essas oportunidades incluem:<\/p>\n\n\n\n<ul class=\"wp-block-list\">\n<li><strong>Expans\u00e3o do mercado de com\u00e9rcio eletr\u00f4nico:<\/strong> O crescente mercado de com\u00e9rcio eletr\u00f3nico na \u00c1sia apresenta oportunidades significativas para as empresas melhorarem as suas capacidades de pagamento e capturarem uma maior percentagem de transa\u00e7\u00f5es online.<\/li>\n\n\n\n<li><strong>Expans\u00e3o transfronteiri\u00e7a:<\/strong> As businesses globalize, there is a growing demand for <a href=\"https:\/\/www.sisinternational.com\/pt\/solucoes\/pesquisa-de-consultoria-em-estrategia-fintech\/consultoria-em-cofre-de-pagamentos\/\" title=\"Consultoria em cofre de pagamentos\"  data-wpil-monitor-id=\"4804\">consulting services that support cross-border payment<\/a> operations and expansion into new markets.<\/li>\n\n\n\n<li><strong>Experi\u00eancia aprimorada do cliente:<\/strong> Num mercado cada vez mais competitivo, as empresas melhoram as experi\u00eancias dos clientes para impulsionar a fidelidade e a reten\u00e7\u00e3o.<\/li>\n<\/ul>\n\n\n\n<h2 class=\"wp-block-heading\">Desafios<\/h2>\n\n\n\n<p>Embora a ind\u00fastria asi\u00e1tica de consultoria de pagamentos ofere\u00e7a in\u00fameras oportunidades de neg\u00f3cios, tamb\u00e9m apresenta desafios que devem ser enfrentados de forma eficaz. Alguns desafios principais incluem:<\/p>\n\n\n\n<ul class=\"wp-block-list\">\n<li><strong>Complexidade Regulat\u00f3ria:<\/strong> O panorama regulat\u00f3rio da \u00c1sia \u00e9 altamente fragmentado, com as regulamenta\u00e7\u00f5es de cada pa\u00eds regendo o setor de pagamentos. Navegar neste ambiente regulat\u00f3rio complexo pode ser um desafio para as empresas que operam em m\u00faltiplas jurisdi\u00e7\u00f5es.<\/li>\n\n\n\n<li><strong>Preocupa\u00e7\u00f5es com seguran\u00e7a:<\/strong> Com a crescente preval\u00eancia de amea\u00e7as cibern\u00e9ticas e viola\u00e7\u00f5es de dados, a seguran\u00e7a \u00e9 uma preocupa\u00e7\u00e3o significativa para as empresas que operam no setor de pagamentos. Garantir a seguran\u00e7a e integridade das transa\u00e7\u00f5es de pagamento requer medidas robustas de seguran\u00e7a cibern\u00e9tica, conformidade com os padr\u00f5es do setor, como PCI DSS, e monitoramento e avalia\u00e7\u00e3o de risco cont\u00ednuos.<\/li>\n\n\n\n<li><strong>Fragmenta\u00e7\u00e3o do Mercado:<\/strong> <a href=\"https:\/\/www.sisinternational.com\/pt\/a-voz-dos-consumidores-indianos\/\" title=\"A voz dos consumidores indianos\"  data-wpil-monitor-id=\"2438\">Asia&#8217;s<\/a> diverse markets present unique challenges for businesses seeking to expand their regional payment operations regarding consumer preferences, cultural norms, and infrastructure development, which can complicate market entry and localization efforts.<\/li>\n<\/ul>\n\n\n\n<h2 class=\"wp-block-heading\">An\u00e1lise SWOT<\/h2>\n\n\n\n<figure class=\"wp-block-image\"><img decoding=\"async\" src=\"https:\/\/www.sisinternational.com\/wp-content\/uploads\/2019\/03\/China-Payment-Tech-Market-Research-FinTech.jpg\" alt=\"Pesquisa de mercado de tecnologia de pagamento na China FinTech\" class=\"wp-image-31110\"\/><\/figure>\n\n\n\n<p><\/p>\n\n\n\n<p>Uma an\u00e1lise SWOT fornece uma vis\u00e3o abrangente dos pontos fortes, fracos, oportunidades e amea\u00e7as de um setor no setor de consultoria de pagamentos da \u00c1sia:<\/p>\n\n\n\n<h3 class=\"wp-block-heading\"><strong>For\u00e7as<\/strong><\/h3>\n\n\n\n<ul class=\"wp-block-list\">\n<li><strong>Demanda crescente:<\/strong> A regi\u00e3o \u00c1sia-Pac\u00edfico est\u00e1 a registar um r\u00e1pido crescimento econ\u00f3mico, impulsionando o aumento da procura de servi\u00e7os de consultoria em v\u00e1rios setores, incluindo pagamentos.<\/li>\n\n\n\n<li><strong>Inova\u00e7\u00e3o tecnol\u00f3gica:<\/strong> A regi\u00e3o \u00e9 um foco de inova\u00e7\u00e3o tecnol\u00f3gica, oferecendo oportunidades para empresas de consultoria em pagamentos aproveitarem tecnologias de ponta para impulsionar a inova\u00e7\u00e3o e a efici\u00eancia.<\/li>\n\n\n\n<li><strong>Localiza\u00e7\u00e3o estrat\u00e9gica:<\/strong> A \u00c1sia \u00e9 um centro de opera\u00e7\u00f5es comerciais globais, proporcionando \u00e0s empresas de consultoria acesso a uma ampla gama de clientes e mercados.<\/li>\n<\/ul>\n\n\n\n<h3 class=\"wp-block-heading\"><strong>Fraquezas<\/strong><\/h3>\n\n\n\n<ul class=\"wp-block-list\">\n<li><strong>Complexidade Regulat\u00f3ria:<\/strong> O ambiente regulamentar fragmentado na \u00c1sia coloca desafios \u00e0s empresas de consultoria de pagamentos, exigindo recursos e conhecimentos significativos para garantir a conformidade em m\u00faltiplas jurisdi\u00e7\u00f5es.<\/li>\n\n\n\n<li><strong>Competi\u00e7\u00e3o intensa:<\/strong> A ind\u00fastria de consultoria de pagamentos na \u00c1sia \u00e9 altamente competitiva, com v\u00e1rios players disputando participa\u00e7\u00e3o de mercado. Diferenciar-se em um mercado t\u00e3o concorrido pode ser um desafio.<\/li>\n\n\n\n<li><strong>Aquisi\u00e7\u00e3o de talento:<\/strong> Adquirir e reter os melhores talentos com a experi\u00eancia necess\u00e1ria em pagamentos e tecnologia pode ser um desafio para as empresas de consultoria na \u00c1sia, especialmente num contexto de crescente concorr\u00eancia por profissionais qualificados.<\/li>\n<\/ul>\n\n\n\n<h3 class=\"wp-block-heading\"><strong>Oportunidades<\/strong><\/h3>\n\n\n\n<ul class=\"wp-block-list\">\n<li><strong>Transforma\u00e7\u00e3o Digital:<\/strong> A transforma\u00e7\u00e3o digital das empresas e economias na \u00c1sia apresenta oportunidades significativas para as empresas de consultoria de pagamentos ajudarem os clientes na ado\u00e7\u00e3o de solu\u00e7\u00f5es de pagamento digital e no refor\u00e7o das suas capacidades digitais.<\/li>\n\n\n\n<li><strong>Crescimento do com\u00e9rcio eletr\u00f4nico:<\/strong> The booming e-commerce market in <a href=\"https:\/\/www.sisinternational.com\/pt\/solucoes\/sis-crescimento-global\/consultoria-de-crescimento\/\" title=\"Consultoria de crescimento\"  data-wpil-monitor-id=\"6401\">Asia offers opportunities for payments consulting<\/a> firms to provide specialized services to online retailers, including payment gateway integration, fraud prevention, and cross-border payment solutions.<\/li>\n\n\n\n<li><strong>Mercados emergentes:<\/strong> O r\u00e1pido crescimento dos mercados asi\u00e1ticos emergentes, como a \u00cdndia, a Indon\u00e9sia e o Vietname, apresenta oportunidades inexploradas para as empresas de consultoria de pagamentos expandirem a sua base de clientes e estabelecerem uma presen\u00e7a em novos mercados.<\/li>\n<\/ul>\n\n\n\n<h3 class=\"wp-block-heading\"><strong>Amea\u00e7as<\/strong><\/h3>\n\n\n\n<ul class=\"wp-block-list\">\n<li><strong>Riscos Regulat\u00f3rios:<\/strong> As altera\u00e7\u00f5es nos regulamentos ou nos requisitos de conformidade podem representar riscos para as empresas de consultoria de pagamentos, exigindo-lhes que se adaptem rapidamente para garantir a conformidade cont\u00ednua e minimizar potenciais perturba\u00e7\u00f5es nas suas opera\u00e7\u00f5es.<\/li>\n\n\n\n<li><strong>Amea\u00e7as \u00e0 seguran\u00e7a cibern\u00e9tica:<\/strong> A crescente preval\u00eancia de amea\u00e7as cibern\u00e9ticas e viola\u00e7\u00f5es de dados representa riscos para as empresas de consultoria de pagamentos e para os seus clientes, destacando a import\u00e2ncia de medidas robustas de seguran\u00e7a cibern\u00e9tica e pr\u00e1ticas de gest\u00e3o de risco.<\/li>\n\n\n\n<li><strong>Tecnologias disruptivas:<\/strong> Tecnologias disruptivas, como a blockchain e a criptomoeda, t\u00eam o potencial de remodelar o cen\u00e1rio dos pagamentos na \u00c1sia, apresentando oportunidades e amea\u00e7as aos m\u00e9todos de pagamento tradicionais e \u00e0s empresas de consultoria que operam no setor.<\/li>\n<\/ul>\n\n\n\n<h2 class=\"wp-block-heading\">How SIS International Asia Payments Consulting Helps Businesses<\/h2>\n\n\n\n<p>Os servi\u00e7os de consultoria de pagamentos da SIS International na \u00c1sia s\u00e3o projetados para enfrentar os desafios e oportunidades \u00fanicos enfrentados pelas empresas que operam no cen\u00e1rio din\u00e2mico de pagamentos da regi\u00e3o. Veja como o SIS pode ajudar as empresas:<\/p>\n\n\n\n<ul class=\"wp-block-list\">\n<li><strong>Assessoria Estrat\u00e9gica:<\/strong> <a href=\"https:\/\/medium.com\/@sisinternational\/sis-international-c17160da8fac\" target=\"_blank\" rel=\"noopener\"><span style=\"font-weight: 400;\">SIS<\/span><\/a> provides strategic advisory services tailored to each client&#8217;s needs and objectives. We help businesses develop and execute effective strategies to drive growth, innovation, and competitive advantage in the Asia-Pacific payment market by drawing on deep industry expertise and market insights.<\/li>\n\n\n\n<li><strong>Conformidade regulat\u00f3ria:<\/strong> Com um conhecimento profundo do cen\u00e1rio regulat\u00f3rio da \u00c1sia, a SIS International ajuda as empresas a lidar com requisitos regulamentares complexos e a garantir a conformidade com as leis e normas relevantes. Desde avalia\u00e7\u00f5es regulat\u00f3rias at\u00e9 auditorias de conformidade e estrat\u00e9gias de gest\u00e3o de risco, a SIS International auxilia os clientes na mitiga\u00e7\u00e3o de riscos regulat\u00f3rios e na manuten\u00e7\u00e3o da confian\u00e7a e credibilidade junto aos reguladores.<\/li>\n\n\n\n<li><strong>Integra\u00e7\u00e3o tecnol\u00f3gica:<\/strong> O SIS ajuda as empresas a aproveitar tecnologias de ponta para aprimorar as capacidades de pagamento e impulsionar a inova\u00e7\u00e3o. Seja implementando solu\u00e7\u00f5es de pagamento m\u00f3vel, adotando a tecnologia blockchain ou aprimorando medidas de seguran\u00e7a cibern\u00e9tica, nossa equipe fornece orienta\u00e7\u00e3o e suporte especializado para ajudar os clientes a se manterem \u00e0 frente da curva.<\/li>\n\n\n\n<li><strong>Intelig\u00eancia de mercado:<\/strong> A SIS International oferece informa\u00e7\u00f5es e insights de mercado valiosos para ajudar as empresas a tomar decis\u00f5es informadas e capitalizar as oportunidades emergentes no mercado de pagamentos da \u00c1sia-Pac\u00edfico. Da an\u00e1lise do comportamento do consumidor ao benchmarking da concorr\u00eancia e \u00e0 previs\u00e3o de tend\u00eancias, a SIS equipa os clientes com o conhecimento e as ferramentas de que necessitam para terem sucesso num cen\u00e1rio em r\u00e1pida evolu\u00e7\u00e3o.<\/li>\n\n\n\n<li><strong>Otimiza\u00e7\u00e3o Operacional:<\/strong>&nbsp;<a href=\"https:\/\/www.linkedin.com\/company\/sisinternationalresearch\/\" target=\"_blank\" rel=\"noopener\"><span style=\"font-weight: 400;\">SIS Internacional<\/span><\/a> assists businesses in optimizing their payment processes and enhancing operational efficiency. We help clients reduce costs, minimize errors, and improve performance by identifying inefficiencies, streamlining workflows, and implementing best practices.<\/li>\n<\/ul>\n\n\n\n<h2 class=\"wp-block-heading\">Sobre a SIS International Asia Payments Consulting<\/h2>\n\n\n\n<p>SIS International Asia Payments Consulting specializes in providing tailored strategic solutions to businesses worldwide. Our expert consultants offer comprehensive advisory services in market entry, business expansion, strategic planning, and organizational development. We partner with clients, from market analysis to implementation support, to drive sustainable growth and competitive advantage. <a href=\"https:\/\/www.sisinternational.com\/pt\/sobre-a-sis-international-research\/contact-sis-international-market-research\/\"><span style=\"font-weight: 400;\">Entre em contato conosco<\/span><\/a> to explore how our consulting expertise can empower your business.<\/p>\n\n\n\n<p><\/p>","protected":false},"excerpt":{"rendered":"<p>As empresas de consultoria de pagamentos da \u00c1sia fornecem insights sobre tend\u00eancias e tecnologias emergentes para ajudar as empresas a se manterem \u00e0 frente do jogo.<\/p>","protected":false},"author":1,"featured_media":64890,"parent":14508,"menu_order":95,"comment_status":"closed","ping_status":"closed","template":"","meta":{"footnotes":""},"class_list":["post-47523","page","type-page","status-publish","has-post-thumbnail"],"_links":{"self":[{"href":"https:\/\/www.sisinternational.com\/pt\/wp-json\/wp\/v2\/pages\/47523","targetHints":{"allow":["GET"]}}],"collection":[{"href":"https:\/\/www.sisinternational.com\/pt\/wp-json\/wp\/v2\/pages"}],"about":[{"href":"https:\/\/www.sisinternational.com\/pt\/wp-json\/wp\/v2\/types\/page"}],"author":[{"embeddable":true,"href":"https:\/\/www.sisinternational.com\/pt\/wp-json\/wp\/v2\/users\/1"}],"replies":[{"embeddable":true,"href":"https:\/\/www.sisinternational.com\/pt\/wp-json\/wp\/v2\/comments?post=47523"}],"version-history":[{"count":16,"href":"https:\/\/www.sisinternational.com\/pt\/wp-json\/wp\/v2\/pages\/47523\/revisions"}],"predecessor-version":[{"id":79984,"href":"https:\/\/www.sisinternational.com\/pt\/wp-json\/wp\/v2\/pages\/47523\/revisions\/79984"}],"up":[{"embeddable":true,"href":"https:\/\/www.sisinternational.com\/pt\/wp-json\/wp\/v2\/pages\/14508"}],"wp:featuredmedia":[{"embeddable":true,"href":"https:\/\/www.sisinternational.com\/pt\/wp-json\/wp\/v2\/media\/64890"}],"wp:attachment":[{"href":"https:\/\/www.sisinternational.com\/pt\/wp-json\/wp\/v2\/media?parent=47523"}],"curies":[{"name":"wp","href":"https:\/\/api.w.org\/{rel}","templated":true}]}}