{"id":47332,"date":"2024-04-10T19:41:31","date_gmt":"2024-04-10T23:41:31","guid":{"rendered":"https:\/\/www.sisinternational.com\/?page_id=47332"},"modified":"2026-01-25T18:06:37","modified_gmt":"2026-01-25T23:06:37","slug":"pesquisa-de-mercado-de-petcoque","status":"publish","type":"page","link":"https:\/\/www.sisinternational.com\/pt\/pericia\/pesquisa-de-mercado-de-petcoque\/","title":{"rendered":"Pesquisa de mercado Petcoke"},"content":{"rendered":"<h1 class=\"wp-block-heading\">Pesquisa de mercado Petcoke<\/h1>\n\n\n\n<figure class=\"gb-block-image gb-block-image-45c41b6c\"><img loading=\"lazy\" decoding=\"async\" width=\"1456\" height=\"816\" class=\"gb-image gb-image-45c41b6c\" src=\"https:\/\/www.sisinternational.com\/wp-content\/uploads\/2025\/08\/Petcoke-4.jpg\" alt=\"Pesquisa e Estrat\u00e9gia de Mercado Internacional da SIS\" title=\"Petcoke (4)\" srcset=\"https:\/\/www.sisinternational.com\/wp-content\/uploads\/2025\/08\/Petcoke-4.jpg 1456w, https:\/\/www.sisinternational.com\/wp-content\/uploads\/2025\/08\/Petcoke-4-300x168.jpg 300w, https:\/\/www.sisinternational.com\/wp-content\/uploads\/2025\/08\/Petcoke-4-1024x574.jpg 1024w, https:\/\/www.sisinternational.com\/wp-content\/uploads\/2025\/08\/Petcoke-4-768x430.jpg 768w, https:\/\/www.sisinternational.com\/wp-content\/uploads\/2025\/08\/Petcoke-4-18x10.jpg 18w\" sizes=\"auto, (max-width: 1456px) 100vw, 1456px\"><\/figure>\n\n\n\n<hr class=\"wp-block-separator has-alpha-channel-opacity is-style-dots\"\/>\n\n\n\n<p>Ao examinar a din\u00e2mica de oferta e demanda, tend\u00eancias de mercado e cen\u00e1rios competitivos, a pesquisa de mercado de petcoke permite que as partes interessadas tomem decis\u00f5es informadas sobre estrat\u00e9gias de investimento, otimiza\u00e7\u00e3o operacional e gest\u00e3o de risco no mercado de petcoke.<\/p>\n\n\n\n<h2 class=\"wp-block-heading\">What is Petcoke market research?<\/h2>\n\n\n\n<p>A pesquisa de mercado de Petcoke envolve a an\u00e1lise abrangente de tend\u00eancias, din\u00e2micas e fatores que influenciam a produ\u00e7\u00e3o, consumo e com\u00e9rcio de coque de petr\u00f3leo (petcoke). Petcoke, subproduto do processo de refino, \u00e9 um s\u00f3lido carbon\u00e1ceo derivado da destila\u00e7\u00e3o do petr\u00f3leo bruto.<\/p>\n\n\n\n<p>Ele fornece \u00e0s partes interessadas insights acion\u00e1veis para navegar de forma eficaz pelas complexidades do setor. Ele esclarece v\u00e1rios aspectos da ind\u00fastria do coque de petr\u00f3leo, incluindo suas aplica\u00e7\u00f5es em diversos setores, como fabrica\u00e7\u00e3o de cimento, gera\u00e7\u00e3o de energia, produ\u00e7\u00e3o de alum\u00ednio e siderurgia.<\/p>\n\n\n\n<h2 class=\"wp-block-heading\">Por que isso \u00e9 importante?<\/h2>\n\n\n\n<p>A pesquisa de mercado da Petcoke fornece \u00e0s empresas insights sobre tend\u00eancias de mercado, din\u00e2mica de oferta e demanda e flutua\u00e7\u00f5es de pre\u00e7os. Reconhecer e compreender a din\u00e2mica do mercado permite \u00e0s empresas adaptar as suas estrat\u00e9gias em conformidade, otimizar os n\u00edveis de produ\u00e7\u00e3o e capitalizar as oportunidades emergentes.<\/p>\n\n\n\n<p>Al\u00e9m disso, esta pesquisa de mercado ajuda as empresas a manterem-se informadas sobre mudan\u00e7as regulamentares, requisitos de conformidade e potenciais impactos nas opera\u00e7\u00f5es. Ao se manterem \u00e0 frente dos desenvolvimentos regulat\u00f3rios, as empresas podem mitigar os riscos de conformidade e evitar penalidades dispendiosas.<\/p>\n\n\n\n<p>Da mesma forma, a pesquisa de mercado revela oportunidades de crescimento na ind\u00fastria, como mercados emergentes, avan\u00e7os tecnol\u00f3gicos e inova\u00e7\u00f5es de produtos. Ao identificar oportunidades de crescimento, as empresas podem diversificar os seus fluxos de receitas, expandir-se para novos mercados e manter-se \u00e0 frente das tend\u00eancias do setor. No entanto, tem muitos outros benef\u00edcios para os neg\u00f3cios, incluindo:<\/p>\n\n\n\n<ul class=\"wp-block-list\">\n<li><strong>Insights sobre tend\u00eancias de mercado:<\/strong> Ao realizar esta pesquisa de mercado, as empresas obt\u00eam informa\u00e7\u00f5es valiosas sobre as tend\u00eancias do mercado, incluindo flutua\u00e7\u00f5es da procura, movimentos de pre\u00e7os e padr\u00f5es de consumo emergentes.<\/li>\n\n\n\n<li><strong>Mitiga\u00e7\u00e3o de riscos:<\/strong> A pesquisa de mercado ajuda as empresas a identificar e avaliar os riscos de produ\u00e7\u00e3o, transporte e consumo de petcoke.<\/li>\n\n\n\n<li><strong>Inteligencia competitiva:<\/strong> A pesquisa de mercado da Petcoke fornece \u00e0s empresas intelig\u00eancia competitiva, permitindo-lhes analisar as atividades dos concorrentes, o posicionamento de mercado e as ofertas de produtos.<\/li>\n\n\n\n<li><strong>Tomada de decis\u00e3o otimizada:<\/strong> Com insights baseados em dados de pesquisas de mercado de petcoke, as empresas podem tomar decis\u00f5es informadas sobre n\u00edveis de produ\u00e7\u00e3o, estrat\u00e9gias de pre\u00e7os e prioridades de investimento.<\/li>\n\n\n\n<li><strong>Planejamento estrat\u00e9gico:<\/strong> A pesquisa de mercado \u00e9 a base para o planejamento estrat\u00e9gico e o desenvolvimento de neg\u00f3cios a longo prazo.<\/li>\n<\/ul>\n\n\n\n<h2 class=\"wp-block-heading\">Who Uses Petcoke market research<\/h2>\n\n\n\n<p>As refinarias de petr\u00f3leo s\u00e3o os principais produtores de coque de petr\u00f3leo, o que os torna usu\u00e1rios cr\u00edticos da pesquisa de mercado de coque de petr\u00f3leo. Eles contam com pesquisas de mercado para otimizar processos de produ\u00e7\u00e3o, avaliar tend\u00eancias de demanda e tomar decis\u00f5es informadas sobre a utiliza\u00e7\u00e3o de petcoke e estrat\u00e9gias de pre\u00e7os.<\/p>\n\n\n\n<ul class=\"wp-block-list\">\n<li>Os fabricantes de cimento s\u00e3o consumidores significativos de coque de petr\u00f3leo, utilizando-o como fonte de combust\u00edvel em fornos de cimento. A pesquisa de mercado do Petcoke ajuda os fabricantes de cimento a compreender a din\u00e2mica de pre\u00e7os, a disponibilidade de fornecimento e as restri\u00e7\u00f5es regulat\u00f3rias que afetam o uso do petcoke. Isto permite-lhes tomar decis\u00f5es estrat\u00e9gicas relativamente \u00e0 aquisi\u00e7\u00e3o de combust\u00edvel e \u00e0 gest\u00e3o de custos.<\/li>\n\n\n\n<li>Power Generation Companies utilize petcoke as a fuel source in coal-fired power plants, particularly in regions where petcoke is abundant and cost-effective. Petcoke <a href=\"https:\/\/www.sisinternational.com\/pt\/solucoes\/pesquisa-de-mercado-de-ia-e-consultoria-estrategica\/pesquisa-de-mercado-generativa-de-ia\/\" title=\"Pesquisa de mercado de IA generativa\"  data-wpil-monitor-id=\"2036\">market research assists power generation<\/a> companies in evaluating the feasibility of petcoke utilization, assessing environmental impacts, and complying with emissions regulations.<\/li>\n\n\n\n<li>Os produtores de alum\u00ednio utilizam o petcoque como fonte de carbono e agente redutor no processo de fundi\u00e7\u00e3o. Esta pesquisa de mercado ajuda os produtores de alum\u00ednio a monitorizar os pre\u00e7os, a disponibilidade e os padr\u00f5es de qualidade do petcoke, permitindo-lhes otimizar os seus processos de produ\u00e7\u00e3o e gerir os custos de forma eficaz.<\/li>\n\n\n\n<li>Os fabricantes de a\u00e7o contam com o coque de petr\u00f3leo como fonte de combust\u00edvel em altos-fornos e fornos el\u00e9tricos a arco, o que contribui para a redu\u00e7\u00e3o do min\u00e9rio de ferro. A an\u00e1lise de mercado auxilia os fabricantes de a\u00e7o na compreens\u00e3o das tend\u00eancias do mercado, op\u00e7\u00f5es de fornecimento e requisitos regulat\u00f3rios relacionados ao uso de petcoke, facilitando a tomada de decis\u00f5es estrat\u00e9gicas e o planejamento operacional.<\/li>\n<\/ul>\n\n\n\n<h2 class=\"wp-block-heading\">The Benefits SIS Brings to Your Company<\/h2>\n\n\n\n<figure class=\"gb-block-image gb-block-image-b2229b0f\"><img loading=\"lazy\" decoding=\"async\" width=\"1456\" height=\"816\" class=\"gb-image gb-image-b2229b0f\" src=\"https:\/\/www.sisinternational.com\/wp-content\/uploads\/2025\/08\/Petcoke-3.jpg\" alt=\"Pesquisa e Estrat\u00e9gia de Mercado Internacional da SIS\" title=\"Petcoke (3)\" srcset=\"https:\/\/www.sisinternational.com\/wp-content\/uploads\/2025\/08\/Petcoke-3.jpg 1456w, https:\/\/www.sisinternational.com\/wp-content\/uploads\/2025\/08\/Petcoke-3-300x168.jpg 300w, https:\/\/www.sisinternational.com\/wp-content\/uploads\/2025\/08\/Petcoke-3-1024x574.jpg 1024w, https:\/\/www.sisinternational.com\/wp-content\/uploads\/2025\/08\/Petcoke-3-768x430.jpg 768w, https:\/\/www.sisinternational.com\/wp-content\/uploads\/2025\/08\/Petcoke-3-18x10.jpg 18w\" sizes=\"auto, (max-width: 1456px) 100vw, 1456px\"><\/figure>\n\n\n\n<p><\/p>\n\n\n\n<p>Os servi\u00e7os de pesquisa de mercado de petcoke da SIS International oferecem aos clientes insights abrangentes e recomenda\u00e7\u00f5es pr\u00e1ticas. Aqui est\u00e3o os resultados esperados do envolvimento da SIS International:<\/p>\n\n\n\n<ul class=\"wp-block-list\">\n<li><strong>An\u00e1lise aprofundada do mercado:<\/strong> A SIS International conduz an\u00e1lises de mercado completas, proporcionando aos clientes uma compreens\u00e3o profunda da din\u00e2mica de oferta e demanda de petcoke, tend\u00eancias de pre\u00e7os e cen\u00e1rios regulat\u00f3rios. Ao analisar os impulsionadores, restri\u00e7\u00f5es e oportunidades do mercado, a SIS International fornece insights que informam a tomada de decis\u00f5es estrat\u00e9gicas e impulsionam o crescimento dos neg\u00f3cios.<\/li>\n\n\n\n<li><strong>Inteligencia competitiva:<\/strong> A pesquisa da SIS International inclui intelig\u00eancia competitiva, permitindo que os clientes obtenham insights sobre atividades concorrentes, posicionamento de mercado e estrat\u00e9gias de pre\u00e7os. Ao comparar com os concorrentes e identificar lacunas de mercado, os clientes podem desenvolver ofertas diferenciadas, aumentar a sua vantagem competitiva e conquistar quota de mercado de forma eficaz.<\/li>\n\n\n\n<li><strong>Orienta\u00e7\u00e3o de Conformidade Regulat\u00f3ria:<\/strong> Com experi\u00eancia em cen\u00e1rios regulat\u00f3rios e padr\u00f5es ambientais, a SIS fornece aos clientes orienta\u00e7\u00e3o sobre conformidade regulat\u00f3ria, garantindo a ades\u00e3o aos regulamentos e padr\u00f5es aplic\u00e1veis. Ao permanecerem atualizados sobre os desenvolvimentos regulat\u00f3rios e os requisitos de conformidade, os clientes podem mitigar os riscos regulat\u00f3rios, evitar penalidades dispendiosas e manter uma reputa\u00e7\u00e3o favor\u00e1vel no setor.<\/li>\n\n\n\n<li><a href=\"https:\/\/www.sisinternational.com\/pt\/publicidade-na-tv-e-impressa-da-lugar-a-videos-virais-e-midias-sociais-emergentes\/\" title=\"Pesquisa de mercado de v\u00eddeo viral\"  data-wpil-monitor-id=\"1833\">Market Expansion Opportunities: SIS International&#8217;s research<\/a> identifies market expansion opportunities, enabling clients to assess market demand, evaluate entry barriers, and develop market entry strategies. By identifying untapped markets, assessing competitive landscapes, and understanding consumer preferences, clients can expand their presence in new markets, diversify revenue streams, and drive business growth.<\/li>\n<\/ul>\n\n\n\n<h2 class=\"wp-block-heading\">key Players<\/h2>\n\n\n\n<p>V\u00e1rias empresas desempenham pap\u00e9is significativos no mercado de petcoke, incluindo:<\/p>\n\n\n\n<ul class=\"wp-block-list\">\n<li><strong>ExxonMobil:<\/strong> A ExxonMobil \u00e9 uma das maiores empresas de refino de petr\u00f3leo do mundo, com presen\u00e7a substancial na produ\u00e7\u00e3o de coque de petr\u00f3leo. As refinarias da empresa produzem coque de petr\u00f3leo como subproduto do processo de refino, que \u00e9 ent\u00e3o utilizado para diversas aplica\u00e7\u00f5es industriais.<\/li>\n\n\n\n<li><strong>Ar\u00e1bia Saudita:<\/strong> A Saudi Aramco, a empresa petrol\u00edfera nacional da Ar\u00e1bia Saudita, opera algumas das maiores refinarias do mundo, produzindo quantidades significativas de coque de petr\u00f3leo. A empresa desempenha um papel crucial no mercado global de petcoke, fornecendo petcoke para diversas ind\u00fastrias em todo o mundo.<\/li>\n\n\n\n<li><strong>Corpora\u00e7\u00e3o Petrol\u00edfera Indiana Limitada (IOCL):<\/strong> A IOCL \u00e9 a maior empresa de refino e comercializa\u00e7\u00e3o de petr\u00f3leo da \u00cdndia, com ampla capacidade de produ\u00e7\u00e3o de coque de petr\u00f3leo. As refinarias da empresa produzem coque de petr\u00f3leo para ind\u00fastrias nacionais, incluindo fabrica\u00e7\u00e3o de cimento, gera\u00e7\u00e3o de energia e produ\u00e7\u00e3o de alum\u00ednio.<\/li>\n<\/ul>\n\n\n\n<h2 class=\"wp-block-heading\">Oportunidades<\/h2>\n\n\n\n<p>As empresas que operam no mercado de petcoke podem aproveitar diversas oportunidades para impulsionar o crescimento e a inova\u00e7\u00e3o. Algumas oportunidades importantes incluem:<\/p>\n\n\n\n<ul class=\"wp-block-list\">\n<li><strong>Expans\u00e3o para mercados emergentes:<\/strong> Os mercados emergentes apresentam oportunidades de crescimento significativas para produtores e consumidores de coque de petr\u00f3leo. A r\u00e1pida industrializa\u00e7\u00e3o, urbaniza\u00e7\u00e3o e desenvolvimento de infra-estruturas na \u00c1sia-Pac\u00edfico, na Am\u00e9rica Latina e em \u00c1frica impulsionam a procura de coque de petr\u00f3leo no fabrico de cimento, na gera\u00e7\u00e3o de energia e na produ\u00e7\u00e3o de a\u00e7o.<\/li>\n\n\n\n<li><strong>Diversifica\u00e7\u00e3o de ofertas de produtos:<\/strong> Os produtores de Petcoke podem explorar oportunidades para diversificar as suas ofertas e expandir para produtos de valor acrescentado. Por exemplo, os produtores de coque de petr\u00f3leo podem investir em tecnologias de gaseifica\u00e7\u00e3o de coque de petr\u00f3leo para produzir hidrog\u00e9nio e outros subprodutos valiosos para utiliza\u00e7\u00e3o na produ\u00e7\u00e3o qu\u00edmica, refina\u00e7\u00e3o e outras ind\u00fastrias.<\/li>\n\n\n\n<li><strong>Investimento em Tecnologias Limpas:<\/strong> As preocupa\u00e7\u00f5es crescentes com a qualidade do ar, as emiss\u00f5es de carbono e a sustentabilidade ambiental impulsionam a procura de alternativas mais limpas e sustent\u00e1veis aos combust\u00edveis f\u00f3sseis, como o coque de petr\u00f3leo. As empresas podem capitalizar esta tend\u00eancia investindo em tecnologias limpas, como captura e armazenamento de carbono (CCS), energias renov\u00e1veis e solu\u00e7\u00f5es de efici\u00eancia energ\u00e9tica.<\/li>\n\n\n\n<li><strong>Parcerias e Colabora\u00e7\u00f5es Estrat\u00e9gicas:<\/strong> A colabora\u00e7\u00e3o e as parcerias oferecem oportunidades \u00e0s empresas para alavancar for\u00e7as, conhecimentos e recursos complementares para impulsionar a inova\u00e7\u00e3o e o crescimento no mercado de petcoke. Por exemplo, os produtores de coque de petr\u00f3leo podem colaborar com empresas de tecnologia, institui\u00e7\u00f5es de investiga\u00e7\u00e3o e ag\u00eancias governamentais para desenvolver solu\u00e7\u00f5es inovadoras para a utiliza\u00e7\u00e3o de coque de petr\u00f3leo, redu\u00e7\u00e3o de emiss\u00f5es e gest\u00e3o ambiental.<\/li>\n\n\n\n<li><strong>Diferencia\u00e7\u00e3o de mercado e branding:<\/strong> A diferencia\u00e7\u00e3o e a marca desempenham um papel crucial na promo\u00e7\u00e3o do sucesso do mercado e da vantagem competitiva no mercado de petcoke. As empresas podem diferenciar seus produtos concentrando-se na qualidade, consist\u00eancia e desempenho ambiental.<\/li>\n<\/ul>\n\n\n\n<h2 class=\"wp-block-heading\">The SIS Advantage<\/h2>\n\n\n\n<p>Os servi\u00e7os de pesquisa de mercado de petcoke da SIS International fornecem \u00e0s empresas os insights e a orienta\u00e7\u00e3o estrat\u00e9gica necess\u00e1ria para navegar de forma eficaz pelas complexidades do mercado de petcoke. Veja como a experi\u00eancia da SIS International pode beneficiar as empresas:<\/p>\n\n\n\n<ul class=\"wp-block-list\">\n<li><strong>An\u00e1lise abrangente de mercado:<\/strong> A SIS International conduz an\u00e1lises abrangentes de mercado, aproveitando m\u00e9todos de pesquisa quantitativos e qualitativos para coletar dados sobre a din\u00e2mica de oferta e demanda de petcoke, tend\u00eancias de pre\u00e7os, cen\u00e1rios regulat\u00f3rios e din\u00e2mica competitiva.<\/li>\n\n\n\n<li><strong>Solu\u00e7\u00f5es de pesquisa personalizadas:<\/strong> SIS International offers customized research solutions tailored to clients&#8217; needs and objectives. We design research methodologies that align with clients&#8217; goals and deliver actionable insights to address their unique challenges and opportunities in the <a href=\"https:\/\/www.sisinternational.com\/pt\/pericia\/industrias\/pesquisa-de-mercado-de-delicatessen\/\" title=\"Pesquisa de mercado de delicatessen\"  data-wpil-monitor-id=\"4612\">petcoke<\/a> market.<\/li>\n\n\n\n<li><strong>Experi\u00eancia e conhecimento do setor:<\/strong> SIS&#8217;s team of experienced researchers and industry experts possess deep knowledge and expertise in the <a href=\"https:\/\/www.sisinternational.com\/pt\/cobertura\/as-americas\/pesquisa-de-mercado-canada\/pesquisa-de-mercado-nova-escocia-canada\/\" title=\"Pesquisa de mercado na Nova Esc\u00f3cia\"  data-wpil-monitor-id=\"4626\">petcoke<\/a> market. With a thorough understanding of market trends, regulatory requirements, and technological advancements, SIS International delivers insights and strategic recommendations that enable businesses to stay ahead of the curve and capitalize on emerging opportunities in the petcoke market.<\/li>\n\n\n\n<li><strong>Recomenda\u00e7\u00f5es estrat\u00e9gicas e insights acion\u00e1veis:<\/strong> Com base nos resultados da pesquisa, o SIS fornece aos clientes recomenda\u00e7\u00f5es estrat\u00e9gicas e insights pr\u00e1ticos adaptados aos seus objetivos de neg\u00f3cios e \u00e0 din\u00e2mica do mercado. Quer os clientes procurem otimizar os processos de produ\u00e7\u00e3o, diversificar as ofertas de produtos ou expandir-se para novos mercados, a SIS International oferece orienta\u00e7\u00f5es e recomenda\u00e7\u00f5es pr\u00e1ticas para ajudar as empresas a atingir os seus objetivos e impulsionar o crescimento sustent\u00e1vel no mercado de coque de petr\u00f3leo.<\/li>\n<\/ul>","protected":false},"excerpt":{"rendered":"<p>A an\u00e1lise da pesquisa de mercado da Petcoke envolve o estudo das tend\u00eancias e fatores de produ\u00e7\u00e3o, consumo e com\u00e9rcio.<\/p>","protected":false},"author":1,"featured_media":64316,"parent":14514,"menu_order":440,"comment_status":"closed","ping_status":"closed","template":"","meta":{"footnotes":""},"class_list":["post-47332","page","type-page","status-publish","has-post-thumbnail"],"_links":{"self":[{"href":"https:\/\/www.sisinternational.com\/pt\/wp-json\/wp\/v2\/pages\/47332","targetHints":{"allow":["GET"]}}],"collection":[{"href":"https:\/\/www.sisinternational.com\/pt\/wp-json\/wp\/v2\/pages"}],"about":[{"href":"https:\/\/www.sisinternational.com\/pt\/wp-json\/wp\/v2\/types\/page"}],"author":[{"embeddable":true,"href":"https:\/\/www.sisinternational.com\/pt\/wp-json\/wp\/v2\/users\/1"}],"replies":[{"embeddable":true,"href":"https:\/\/www.sisinternational.com\/pt\/wp-json\/wp\/v2\/comments?post=47332"}],"version-history":[{"count":12,"href":"https:\/\/www.sisinternational.com\/pt\/wp-json\/wp\/v2\/pages\/47332\/revisions"}],"predecessor-version":[{"id":78618,"href":"https:\/\/www.sisinternational.com\/pt\/wp-json\/wp\/v2\/pages\/47332\/revisions\/78618"}],"up":[{"embeddable":true,"href":"https:\/\/www.sisinternational.com\/pt\/wp-json\/wp\/v2\/pages\/14514"}],"wp:featuredmedia":[{"embeddable":true,"href":"https:\/\/www.sisinternational.com\/pt\/wp-json\/wp\/v2\/media\/64316"}],"wp:attachment":[{"href":"https:\/\/www.sisinternational.com\/pt\/wp-json\/wp\/v2\/media?parent=47332"}],"curies":[{"name":"wp","href":"https:\/\/api.w.org\/{rel}","templated":true}]}}